{"id":8608,"date":"2025-12-18T13:23:16","date_gmt":"2025-12-18T10:23:16","guid":{"rendered":"https:\/\/scientiarum.fi\/?page_id=8608"},"modified":"2025-12-18T13:25:29","modified_gmt":"2025-12-18T10:25:29","slug":"nya-ledamoter-2024-pdf-2","status":"publish","type":"page","link":"https:\/\/scientiarum.fi\/fi\/nya-ledamoter-2024-pdf-2\/","title":{"rendered":"Nya ledam\u00f6ter 2025 (pdf)"},"content":{"rendered":"<p>[et_pb_section fb_built=&#8221;1&#8243; _builder_version=&#8221;4.21.0&#8243; _module_preset=&#8221;default&#8221; global_colors_info=&#8221;{}&#8221;][et_pb_row column_structure=&#8221;1_5,3_5,1_5&#8243; _builder_version=&#8221;4.21.0&#8243; _module_preset=&#8221;default&#8221; custom_margin=&#8221;0px||0px||false|false&#8221; custom_padding=&#8221;0px||0px||false|false&#8221; hover_enabled=&#8221;0&#8243; global_colors_info=&#8221;{}&#8221; sticky_enabled=&#8221;0&#8243;][et_pb_column type=&#8221;1_5&#8243; _builder_version=&#8221;4.21.0&#8243; _module_preset=&#8221;default&#8221; global_colors_info=&#8221;{}&#8221;][\/et_pb_column][et_pb_column type=&#8221;3_5&#8243; _builder_version=&#8221;4.21.0&#8243; _module_preset=&#8221;default&#8221; global_colors_info=&#8221;{}&#8221;][et_pb_text _builder_version=&#8221;4.27.4&#8243; _module_preset=&#8221;31e4f8ce-d788-40e5-acff-8104c0e10745&#8243; header_3_font=&#8221;Source Sans Pro|600|||||||&#8221; header_3_font_size=&#8221;26px&#8221; hover_enabled=&#8221;0&#8243; text_font_size_tablet=&#8221;&#8221; text_font_size_phone=&#8221;&#8221; text_font_size_last_edited=&#8221;on|desktop&#8221; header_3_font_size_tablet=&#8221;22px&#8221; header_3_font_size_phone=&#8221;18px&#8221; header_3_font_size_last_edited=&#8221;on|desktop&#8221; global_colors_info=&#8221;{}&#8221; sticky_enabled=&#8221;0&#8243;]<\/p>\n<h2>Pressmeddelande 16.12.2025<\/h2>\n<p>\u00c5tta nya ledam\u00f6ter har valts in i Finska Vetenskaps-Societeten. De invalda personerna representerar framst\u00e5ende expertis inom sina respektive vetenskapliga omr\u00e5den och kommer att bidra till att ytterligare st\u00e4rka den vetenskapliga excellensen i Finland och internationellt.<\/p>\n<p>Finska Vetenskaps-Societeten \u00e4r Finlands \u00e4ldsta vetenskapsakademi och har sedan 1838 samlat landets vetenskapliga elit.<\/p>\n<p>Vid sitt m\u00f6te den 15.12.2025 kallade Finska Vetenskaps-Societeten f\u00f6ljande personer till ledam\u00f6ter:<\/p>\n<p>Professor Susanna Fagerholm, Helsingfors universitet<br \/>Professor Tuomas Heikkil\u00e4, Helsingfors universitet<br \/>Professor Mikko Karttunen, \u00d6stra Finlands universitet <br \/>Professor, forskningsdirekt\u00f6r Johan Lundin, FIMM \u2013 Institute for Molecular Medicine Finland<br \/>Professor Suvi Saarikallio, Jyv\u00e4skyl\u00e4 universitet<br \/>Professor Olli Vapalahti, Helsingfors universitet<br \/>Professor Patric \u00d6sterg\u00e5rd, Aalto-universitetet<\/p>\n<p>Till utl\u00e4ndsk ledamot kallades:<br \/>Professor Sebastian Hasenstab-Riedel, Freie Universit\u00e4t Berlin<\/p>\n<p>Till\u00e4ggsuppgifter ges av Finska Vetenskaps-Societetens st\u00e4ndige sekreterare professor Mats Gyllenberg, tel. +358 50 433 2920.<\/p>\n<h2>Lehdist\u00f6tiedote 16.12.2025<\/h2>\n<p>Suomen Tiedeseura on valinnut kahdeksan uutta j\u00e4sent\u00e4. Valitut edustavat merkitt\u00e4v\u00e4\u00e4 asiantuntemusta omilla tieteenaloillaan ja vahvistavat osaltaan tieteellist\u00e4 huippuosaamista sek\u00e4 Suomessa ett\u00e4 kansainv\u00e4lisesti.<\/p>\n<p>Suomen Tiedeseura on Suomen vanhin tiedeakatemia, joka on vuodesta 1838 l\u00e4htien koonnut yhteen maan tieteellisen yhteis\u00f6n johtavia edustajia.<\/p>\n<p>Kokouksessaan 15.12.2025 Suomen Tiedeseura kutsui j\u00e4senikseen seuraavat henkil\u00f6t:<\/p>\n<p>Professori Susanna Fagerholm, Helsingin yliopisto<br \/>Professori Tuomas Heikkil\u00e4, Helsingin yliopisto<br \/>Professori Mikko Karttunen, It\u00e4-Suomen yliopisto<br \/>Professori, tutkimusjohtaja Johan Lundin, FIMM \u2013 Institute for Molecular Medicine Finland<br \/>Professori Suvi Saarikallio, Jyv\u00e4skyl\u00e4n yliopisto<br \/>Professori Olli Vapalahti, Helsingin yliopisto<br \/>Professori Patric \u00d6sterg\u00e5rd, Aalto-yliopisto<\/p>\n<p>Ulkomaiseksi j\u00e4seneksi kutsuttiin:<br \/>Professori Sebastian Hasenstab-Riedel, Freie Universit\u00e4t Berlin<\/p>\n<p>Lis\u00e4tietoja antaa Suomen Tiedeseuran pysyv\u00e4 sihteeri, professori Mats Gyllenberg, puh. +358 50 433 2920.<\/p>\n<h2>Press Release 16.12.2025<\/h2>\n<p>The Finnish Society of Sciences and Letters has elected eight new members. These individuals bring distinguished expertise in their respective fields and will further strengthen scientific excellence both in Finland and internationally.<\/p>\n<p>The Finnish Society of Sciences and Letters is Finland\u2019s oldest academy of sciences. Since 1838, it has brought together the leading representatives of the Finnish scientific community.<\/p>\n<p>The following scientists were elected as members of the Finnish Society of Sciences and Letters on 15 December 2025:<\/p>\n<p>Professor Susanna Fagerholm, University of Helsinki<br \/>Professor Tuomas Heikkil\u00e4, University of Helsinki<br \/>Professor Mikko Karttunen, University of Eastern Finland<br \/>Professor, Research Director Johan Lundin, FIMM \u2013 Institute for Molecular Medicine Finland<br \/>Professor Suvi Saarikallio, University of Jyv\u00e4skyl\u00e4<br \/>Professor Olli Vapalahti, University of Helsinki<br \/>Professor Patric \u00d6sterg\u00e5rd, Aalto University<\/p>\n<p>The following scientist was elected as a foreign member:<br \/>Professor Sebastian Hasenstab-Riedel, Freie Universit\u00e4t Berlin<\/p>\n<p>For more information, please contact the Permanent Secretary of the Finnish Society of Sciences and Letters, Professor Mats Gyllenberg, tel. +358 50 433 2920.<\/p>\n<p>[\/et_pb_text][\/et_pb_column][et_pb_column type=&#8221;1_5&#8243; _builder_version=&#8221;4.21.0&#8243; _module_preset=&#8221;default&#8221; global_colors_info=&#8221;{}&#8221;][\/et_pb_column][\/et_pb_row][\/et_pb_section]<\/p>\n","protected":false},"excerpt":{"rendered":"<p>Pressmeddelande 16.12.2025 \u00c5tta nya ledam\u00f6ter har valts in i Finska Vetenskaps-Societeten. De invalda personerna representerar framst\u00e5ende expertis inom sina respektive vetenskapliga omr\u00e5den och kommer att bidra till att ytterligare st\u00e4rka den vetenskapliga excellensen i Finland och internationellt. Finska Vetenskaps-Societeten \u00e4r Finlands \u00e4ldsta vetenskapsakademi och har sedan 1838 samlat landets vetenskapliga elit. Vid sitt m\u00f6te den [&hellip;]<\/p>\n","protected":false},"author":3,"featured_media":0,"parent":0,"menu_order":0,"comment_status":"closed","ping_status":"closed","template":"","meta":{"_acf_changed":false,"_et_pb_use_builder":"on","_et_pb_old_content":"","_et_gb_content_width":"","footnotes":""},"class_list":["post-8608","page","type-page","status-publish","hentry"],"acf":[],"yoast_head":"<!-- This site is optimized with the Yoast SEO plugin v27.3 - https:\/\/yoast.com\/product\/yoast-seo-wordpress\/ -->\n<title>Nya ledam\u00f6ter 2025 (pdf) - Suomen Tiedeseura<\/title>\n<meta name=\"robots\" content=\"index, follow, max-snippet:-1, max-image-preview:large, max-video-preview:-1\" \/>\n<link rel=\"canonical\" href=\"https:\/\/scientiarum.fi\/nya-ledamoter-2024-pdf-2\/\" \/>\n<meta property=\"og:locale\" content=\"fi_FI\" \/>\n<meta property=\"og:type\" content=\"article\" \/>\n<meta property=\"og:title\" content=\"Nya ledam\u00f6ter 2025 (pdf) - Suomen Tiedeseura\" \/>\n<meta property=\"og:description\" content=\"Pressmeddelande 16.12.2025 \u00c5tta nya ledam\u00f6ter har valts in i Finska Vetenskaps-Societeten. De invalda personerna representerar framst\u00e5ende expertis inom sina respektive vetenskapliga omr\u00e5den och kommer att bidra till att ytterligare st\u00e4rka den vetenskapliga excellensen i Finland och internationellt. Finska Vetenskaps-Societeten \u00e4r Finlands \u00e4ldsta vetenskapsakademi och har sedan 1838 samlat landets vetenskapliga elit. Vid sitt m\u00f6te den [&hellip;]\" \/>\n<meta property=\"og:url\" content=\"https:\/\/scientiarum.fi\/nya-ledamoter-2024-pdf-2\/\" \/>\n<meta property=\"og:site_name\" content=\"Suomen Tiedeseura\" \/>\n<meta property=\"article:publisher\" content=\"https:\/\/www.facebook.com\/societas.scientiarum\" \/>\n<meta property=\"article:modified_time\" content=\"2025-12-18T10:25:29+00:00\" \/>\n<meta name=\"twitter:card\" content=\"summary_large_image\" \/>\n<meta name=\"twitter:site\" content=\"@tiedeseura\" \/>\n<meta name=\"twitter:label1\" content=\"Arvioitu lukuaika\" \/>\n\t<meta name=\"twitter:data1\" content=\"2 minuuttia\" \/>\n<script type=\"application\/ld+json\" class=\"yoast-schema-graph\">{\"@context\":\"https:\\\/\\\/schema.org\",\"@graph\":[{\"@type\":\"WebPage\",\"@id\":\"https:\\\/\\\/scientiarum.fi\\\/nya-ledamoter-2024-pdf-2\\\/\",\"url\":\"https:\\\/\\\/scientiarum.fi\\\/nya-ledamoter-2024-pdf-2\\\/\",\"name\":\"Nya ledam\u00f6ter 2025 (pdf) - Suomen Tiedeseura\",\"isPartOf\":{\"@id\":\"https:\\\/\\\/scientiarum.fi\\\/#website\"},\"datePublished\":\"2025-12-18T10:23:16+00:00\",\"dateModified\":\"2025-12-18T10:25:29+00:00\",\"breadcrumb\":{\"@id\":\"https:\\\/\\\/scientiarum.fi\\\/nya-ledamoter-2024-pdf-2\\\/#breadcrumb\"},\"inLanguage\":\"fi\",\"potentialAction\":[{\"@type\":\"ReadAction\",\"target\":[\"https:\\\/\\\/scientiarum.fi\\\/nya-ledamoter-2024-pdf-2\\\/\"]}]},{\"@type\":\"BreadcrumbList\",\"@id\":\"https:\\\/\\\/scientiarum.fi\\\/nya-ledamoter-2024-pdf-2\\\/#breadcrumb\",\"itemListElement\":[{\"@type\":\"ListItem\",\"position\":1,\"name\":\"Home\",\"item\":\"https:\\\/\\\/scientiarum.fi\\\/\"},{\"@type\":\"ListItem\",\"position\":2,\"name\":\"Nya ledam\u00f6ter 2025 (pdf)\"}]},{\"@type\":\"WebSite\",\"@id\":\"https:\\\/\\\/scientiarum.fi\\\/#website\",\"url\":\"https:\\\/\\\/scientiarum.fi\\\/\",\"name\":\"Finska Vetenskaps-Societeten\",\"description\":\"\",\"publisher\":{\"@id\":\"https:\\\/\\\/scientiarum.fi\\\/#organization\"},\"potentialAction\":[{\"@type\":\"SearchAction\",\"target\":{\"@type\":\"EntryPoint\",\"urlTemplate\":\"https:\\\/\\\/scientiarum.fi\\\/?s={search_term_string}\"},\"query-input\":{\"@type\":\"PropertyValueSpecification\",\"valueRequired\":true,\"valueName\":\"search_term_string\"}}],\"inLanguage\":\"fi\"},{\"@type\":\"Organization\",\"@id\":\"https:\\\/\\\/scientiarum.fi\\\/#organization\",\"name\":\"Finska Vetenskaps-Societeten\",\"url\":\"https:\\\/\\\/scientiarum.fi\\\/\",\"logo\":{\"@type\":\"ImageObject\",\"inLanguage\":\"fi\",\"@id\":\"https:\\\/\\\/scientiarum.fi\\\/#\\\/schema\\\/logo\\\/image\\\/\",\"url\":\"\",\"contentUrl\":\"\",\"caption\":\"Finska Vetenskaps-Societeten\"},\"image\":{\"@id\":\"https:\\\/\\\/scientiarum.fi\\\/#\\\/schema\\\/logo\\\/image\\\/\"},\"sameAs\":[\"https:\\\/\\\/www.facebook.com\\\/societas.scientiarum\",\"https:\\\/\\\/x.com\\\/tiedeseura\",\"https:\\\/\\\/www.linkedin.com\\\/company\\\/finska-vetenskaps-societeten-the-finnish-society-of-sciences-and-letters\\\/\"]}]}<\/script>\n<!-- \/ Yoast SEO plugin. -->","yoast_head_json":{"title":"Nya ledam\u00f6ter 2025 (pdf) - Suomen Tiedeseura","robots":{"index":"index","follow":"follow","max-snippet":"max-snippet:-1","max-image-preview":"max-image-preview:large","max-video-preview":"max-video-preview:-1"},"canonical":"https:\/\/scientiarum.fi\/nya-ledamoter-2024-pdf-2\/","og_locale":"fi_FI","og_type":"article","og_title":"Nya ledam\u00f6ter 2025 (pdf) - Suomen Tiedeseura","og_description":"Pressmeddelande 16.12.2025 \u00c5tta nya ledam\u00f6ter har valts in i Finska Vetenskaps-Societeten. De invalda personerna representerar framst\u00e5ende expertis inom sina respektive vetenskapliga omr\u00e5den och kommer att bidra till att ytterligare st\u00e4rka den vetenskapliga excellensen i Finland och internationellt. Finska Vetenskaps-Societeten \u00e4r Finlands \u00e4ldsta vetenskapsakademi och har sedan 1838 samlat landets vetenskapliga elit. Vid sitt m\u00f6te den [&hellip;]","og_url":"https:\/\/scientiarum.fi\/nya-ledamoter-2024-pdf-2\/","og_site_name":"Suomen Tiedeseura","article_publisher":"https:\/\/www.facebook.com\/societas.scientiarum","article_modified_time":"2025-12-18T10:25:29+00:00","twitter_card":"summary_large_image","twitter_site":"@tiedeseura","twitter_misc":{"Arvioitu lukuaika":"2 minuuttia"},"schema":{"@context":"https:\/\/schema.org","@graph":[{"@type":"WebPage","@id":"https:\/\/scientiarum.fi\/nya-ledamoter-2024-pdf-2\/","url":"https:\/\/scientiarum.fi\/nya-ledamoter-2024-pdf-2\/","name":"Nya ledam\u00f6ter 2025 (pdf) - Suomen Tiedeseura","isPartOf":{"@id":"https:\/\/scientiarum.fi\/#website"},"datePublished":"2025-12-18T10:23:16+00:00","dateModified":"2025-12-18T10:25:29+00:00","breadcrumb":{"@id":"https:\/\/scientiarum.fi\/nya-ledamoter-2024-pdf-2\/#breadcrumb"},"inLanguage":"fi","potentialAction":[{"@type":"ReadAction","target":["https:\/\/scientiarum.fi\/nya-ledamoter-2024-pdf-2\/"]}]},{"@type":"BreadcrumbList","@id":"https:\/\/scientiarum.fi\/nya-ledamoter-2024-pdf-2\/#breadcrumb","itemListElement":[{"@type":"ListItem","position":1,"name":"Home","item":"https:\/\/scientiarum.fi\/"},{"@type":"ListItem","position":2,"name":"Nya ledam\u00f6ter 2025 (pdf)"}]},{"@type":"WebSite","@id":"https:\/\/scientiarum.fi\/#website","url":"https:\/\/scientiarum.fi\/","name":"Finska Vetenskaps-Societeten","description":"","publisher":{"@id":"https:\/\/scientiarum.fi\/#organization"},"potentialAction":[{"@type":"SearchAction","target":{"@type":"EntryPoint","urlTemplate":"https:\/\/scientiarum.fi\/?s={search_term_string}"},"query-input":{"@type":"PropertyValueSpecification","valueRequired":true,"valueName":"search_term_string"}}],"inLanguage":"fi"},{"@type":"Organization","@id":"https:\/\/scientiarum.fi\/#organization","name":"Finska Vetenskaps-Societeten","url":"https:\/\/scientiarum.fi\/","logo":{"@type":"ImageObject","inLanguage":"fi","@id":"https:\/\/scientiarum.fi\/#\/schema\/logo\/image\/","url":"","contentUrl":"","caption":"Finska Vetenskaps-Societeten"},"image":{"@id":"https:\/\/scientiarum.fi\/#\/schema\/logo\/image\/"},"sameAs":["https:\/\/www.facebook.com\/societas.scientiarum","https:\/\/x.com\/tiedeseura","https:\/\/www.linkedin.com\/company\/finska-vetenskaps-societeten-the-finnish-society-of-sciences-and-letters\/"]}]}},"_links":{"self":[{"href":"https:\/\/scientiarum.fi\/fi\/wp-json\/wp\/v2\/pages\/8608","targetHints":{"allow":["GET"]}}],"collection":[{"href":"https:\/\/scientiarum.fi\/fi\/wp-json\/wp\/v2\/pages"}],"about":[{"href":"https:\/\/scientiarum.fi\/fi\/wp-json\/wp\/v2\/types\/page"}],"author":[{"embeddable":true,"href":"https:\/\/scientiarum.fi\/fi\/wp-json\/wp\/v2\/users\/3"}],"replies":[{"embeddable":true,"href":"https:\/\/scientiarum.fi\/fi\/wp-json\/wp\/v2\/comments?post=8608"}],"version-history":[{"count":2,"href":"https:\/\/scientiarum.fi\/fi\/wp-json\/wp\/v2\/pages\/8608\/revisions"}],"predecessor-version":[{"id":8611,"href":"https:\/\/scientiarum.fi\/fi\/wp-json\/wp\/v2\/pages\/8608\/revisions\/8611"}],"wp:attachment":[{"href":"https:\/\/scientiarum.fi\/fi\/wp-json\/wp\/v2\/media?parent=8608"}],"curies":[{"name":"wp","href":"https:\/\/api.w.org\/{rel}","templated":true}]}}