{"id":8297,"date":"2025-11-14T01:25:41","date_gmt":"2025-11-13T22:25:41","guid":{"rendered":"https:\/\/scientiarum.fi\/magnus-ehrnroothin-palkinto-parhaasta-edellisena-vuonna-suomalaisessa-yliopistossa-hyvaksytysta-matematiikan-fysiikan-seka-kemian-vaitoskirjasta\/"},"modified":"2026-04-20T14:28:33","modified_gmt":"2026-04-20T11:28:33","slug":"magnus-ehrnroothin-palkinto-parhaasta-edellisena-vuonna-suomalaisessa-yliopistossa-hyvaksytysta-matematiikan-fysiikan-seka-kemian-vaitoskirjasta","status":"publish","type":"page","link":"https:\/\/scientiarum.fi\/fi\/magnus-ehrnroothin-palkinto-parhaasta-edellisena-vuonna-suomalaisessa-yliopistossa-hyvaksytysta-matematiikan-fysiikan-seka-kemian-vaitoskirjasta\/","title":{"rendered":"Magnus Ehrnroothin palkinto parhaasta edellisen\u00e4 vuonna suomalaisessa yliopistossa hyv\u00e4ksytyst\u00e4 matematiikan, fysiikan sek\u00e4 kemian v\u00e4it\u00f6skirjasta"},"content":{"rendered":"<p>[et_pb_section fb_built=&#8221;1&#8243; _builder_version=&#8221;4.27.4&#8243; _module_preset=&#8221;default&#8221; global_colors_info=&#8221;{}&#8221;][et_pb_row _builder_version=&#8221;4.21.0&#8243; _module_preset=&#8221;default&#8221; custom_margin=&#8221;0px||0px||false|false&#8221; custom_padding=&#8221;0px||0px||false|false&#8221; global_colors_info=&#8221;{}&#8221;][et_pb_column type=&#8221;4_4&#8243; _builder_version=&#8221;4.21.0&#8243; _module_preset=&#8221;default&#8221; global_colors_info=&#8221;{}&#8221;][et_pb_image src=&#8221;https:\/\/scientiarum.fi\/wp-content\/uploads\/2023\/06\/banner-small.jpg&#8221; title_text=&#8221;banner-small&#8221; _builder_version=&#8221;4.21.0&#8243; _module_preset=&#8221;default&#8221; global_colors_info=&#8221;{}&#8221;][\/et_pb_image][\/et_pb_column][\/et_pb_row][et_pb_row _builder_version=&#8221;4.27.4&#8243; _module_preset=&#8221;default&#8221; custom_margin=&#8221;50px||0px||false|false&#8221; custom_padding=&#8221;0px||0px||false|false&#8221; global_colors_info=&#8221;{}&#8221;][et_pb_column type=&#8221;4_4&#8243; _builder_version=&#8221;4.21.0&#8243; _module_preset=&#8221;default&#8221; global_colors_info=&#8221;{}&#8221;][et_pb_text _builder_version=&#8221;4.27.4&#8243; _module_preset=&#8221;default&#8221; global_colors_info=&#8221;{}&#8221;]<\/p>\n<h1 style=\"text-align: center;\">Magnus Ehrnroothin palkinto<\/h1>\n<p><\/p>\n<h6 style=\"text-align: center;\"><strong>parhaasta edellisen\u00e4 vuonna suomalaisessa yliopistossa hyv\u00e4ksytyst\u00e4 matematiikan, fysiikan sek\u00e4 kemian v\u00e4it\u00f6skirjasta<\/strong><\/h6>\n<p>[\/et_pb_text][\/et_pb_column][\/et_pb_row][et_pb_row column_structure=&#8221;1_3,1_3,1_3&#8243; _builder_version=&#8221;4.27.3&#8243; _module_preset=&#8221;default&#8221; global_colors_info=&#8221;{}&#8221;][et_pb_column type=&#8221;1_3&#8243; _builder_version=&#8221;4.27.3&#8243; _module_preset=&#8221;default&#8221; global_colors_info=&#8221;{}&#8221;][\/et_pb_column][et_pb_column type=&#8221;1_3&#8243; _builder_version=&#8221;4.27.3&#8243; _module_preset=&#8221;default&#8221; global_colors_info=&#8221;{}&#8221;][et_pb_text _builder_version=&#8221;4.27.3&#8243; _module_preset=&#8221;default&#8221; global_colors_info=&#8221;{}&#8221;]<\/p>\n<div>2025 Heikkil\u00e4 Susanna, matematiikka<br \/>2025 Vuorinen Laura, fysiikka<br \/>2025 Langerreiter Daniel, kemia<br \/>2026 Vuoksenmaa Aleksis, matematiikka<br \/>2026 Arjas Kristian, fysiikka<br \/>2026 Larnimaa Santeri, kemia<\/div>\n<p>[\/et_pb_text][\/et_pb_column][et_pb_column type=&#8221;1_3&#8243; _builder_version=&#8221;4.27.3&#8243; _module_preset=&#8221;default&#8221; global_colors_info=&#8221;{}&#8221;][\/et_pb_column][\/et_pb_row][\/et_pb_section]<\/p>\n","protected":false},"excerpt":{"rendered":"<p>Magnus Ehrnroothin palkintoparhaasta edellisen\u00e4 vuonna suomalaisessa yliopistossa hyv\u00e4ksytyst\u00e4 matematiikan, fysiikan sek\u00e4 kemian v\u00e4it\u00f6skirjasta2025 Heikkil\u00e4 Susanna, matematiikka2025 Vuorinen Laura, fysiikka2025 Langerreiter Daniel, kemia2026 Vuoksenmaa Aleksis, matematiikka2026 Arjas Kristian, fysiikka2026 Larnimaa Santeri, kemia<\/p>\n","protected":false},"author":2,"featured_media":0,"parent":0,"menu_order":0,"comment_status":"closed","ping_status":"closed","template":"","meta":{"_acf_changed":false,"_et_pb_use_builder":"on","_et_pb_old_content":"","_et_gb_content_width":"","footnotes":""},"class_list":["post-8297","page","type-page","status-publish","hentry"],"acf":[],"yoast_head":"<!-- This site is optimized with the Yoast SEO plugin v27.5 - https:\/\/yoast.com\/product\/yoast-seo-wordpress\/ -->\n<title>Magnus Ehrnroothin palkinto parhaasta edellisen\u00e4 vuonna suomalaisessa yliopistossa hyv\u00e4ksytyst\u00e4 matematiikan, fysiikan sek\u00e4 kemian v\u00e4it\u00f6skirjasta - Suomen Tiedeseura<\/title>\n<meta name=\"robots\" content=\"index, follow, max-snippet:-1, max-image-preview:large, max-video-preview:-1\" \/>\n<link rel=\"canonical\" href=\"https:\/\/scientiarum.fi\/fi\/magnus-ehrnroothin-palkinto-parhaasta-edellisena-vuonna-suomalaisessa-yliopistossa-hyvaksytysta-matematiikan-fysiikan-seka-kemian-vaitoskirjasta\/\" \/>\n<meta property=\"og:locale\" content=\"fi_FI\" \/>\n<meta property=\"og:type\" content=\"article\" \/>\n<meta property=\"og:title\" content=\"Magnus Ehrnroothin palkinto parhaasta edellisen\u00e4 vuonna suomalaisessa yliopistossa hyv\u00e4ksytyst\u00e4 matematiikan, fysiikan sek\u00e4 kemian v\u00e4it\u00f6skirjasta - Suomen Tiedeseura\" \/>\n<meta property=\"og:description\" content=\"Magnus Ehrnroothin palkintoparhaasta edellisen\u00e4 vuonna suomalaisessa yliopistossa hyv\u00e4ksytyst\u00e4 matematiikan, fysiikan sek\u00e4 kemian v\u00e4it\u00f6skirjasta2025 Heikkil\u00e4 Susanna, matematiikka2025 Vuorinen Laura, fysiikka2025 Langerreiter Daniel, kemia2026 Vuoksenmaa Aleksis, matematiikka2026 Arjas Kristian, fysiikka2026 Larnimaa Santeri, kemia\" \/>\n<meta property=\"og:url\" content=\"https:\/\/scientiarum.fi\/fi\/magnus-ehrnroothin-palkinto-parhaasta-edellisena-vuonna-suomalaisessa-yliopistossa-hyvaksytysta-matematiikan-fysiikan-seka-kemian-vaitoskirjasta\/\" \/>\n<meta property=\"og:site_name\" content=\"Suomen Tiedeseura\" \/>\n<meta property=\"article:publisher\" content=\"https:\/\/www.facebook.com\/societas.scientiarum\" \/>\n<meta property=\"article:modified_time\" content=\"2026-04-20T11:28:33+00:00\" \/>\n<meta name=\"twitter:card\" content=\"summary_large_image\" \/>\n<meta name=\"twitter:site\" content=\"@tiedeseura\" \/>\n<meta name=\"twitter:label1\" content=\"Arvioitu lukuaika\" \/>\n\t<meta name=\"twitter:data1\" content=\"1 minuutti\" \/>\n<script type=\"application\/ld+json\" class=\"yoast-schema-graph\">{\"@context\":\"https:\\\/\\\/schema.org\",\"@graph\":[{\"@type\":\"WebPage\",\"@id\":\"https:\\\/\\\/scientiarum.fi\\\/fi\\\/magnus-ehrnroothin-palkinto-parhaasta-edellisena-vuonna-suomalaisessa-yliopistossa-hyvaksytysta-matematiikan-fysiikan-seka-kemian-vaitoskirjasta\\\/\",\"url\":\"https:\\\/\\\/scientiarum.fi\\\/fi\\\/magnus-ehrnroothin-palkinto-parhaasta-edellisena-vuonna-suomalaisessa-yliopistossa-hyvaksytysta-matematiikan-fysiikan-seka-kemian-vaitoskirjasta\\\/\",\"name\":\"Magnus Ehrnroothin palkinto parhaasta edellisen\u00e4 vuonna suomalaisessa yliopistossa hyv\u00e4ksytyst\u00e4 matematiikan, fysiikan sek\u00e4 kemian v\u00e4it\u00f6skirjasta - Suomen Tiedeseura\",\"isPartOf\":{\"@id\":\"https:\\\/\\\/scientiarum.fi\\\/#website\"},\"datePublished\":\"2025-11-13T22:25:41+00:00\",\"dateModified\":\"2026-04-20T11:28:33+00:00\",\"breadcrumb\":{\"@id\":\"https:\\\/\\\/scientiarum.fi\\\/fi\\\/magnus-ehrnroothin-palkinto-parhaasta-edellisena-vuonna-suomalaisessa-yliopistossa-hyvaksytysta-matematiikan-fysiikan-seka-kemian-vaitoskirjasta\\\/#breadcrumb\"},\"inLanguage\":\"fi\",\"potentialAction\":[{\"@type\":\"ReadAction\",\"target\":[\"https:\\\/\\\/scientiarum.fi\\\/fi\\\/magnus-ehrnroothin-palkinto-parhaasta-edellisena-vuonna-suomalaisessa-yliopistossa-hyvaksytysta-matematiikan-fysiikan-seka-kemian-vaitoskirjasta\\\/\"]}]},{\"@type\":\"BreadcrumbList\",\"@id\":\"https:\\\/\\\/scientiarum.fi\\\/fi\\\/magnus-ehrnroothin-palkinto-parhaasta-edellisena-vuonna-suomalaisessa-yliopistossa-hyvaksytysta-matematiikan-fysiikan-seka-kemian-vaitoskirjasta\\\/#breadcrumb\",\"itemListElement\":[{\"@type\":\"ListItem\",\"position\":1,\"name\":\"Home\",\"item\":\"https:\\\/\\\/scientiarum.fi\\\/\"},{\"@type\":\"ListItem\",\"position\":2,\"name\":\"Magnus Ehrnroothin palkinto parhaasta edellisen\u00e4 vuonna suomalaisessa yliopistossa hyv\u00e4ksytyst\u00e4 matematiikan, fysiikan sek\u00e4 kemian v\u00e4it\u00f6skirjasta\"}]},{\"@type\":\"WebSite\",\"@id\":\"https:\\\/\\\/scientiarum.fi\\\/#website\",\"url\":\"https:\\\/\\\/scientiarum.fi\\\/\",\"name\":\"Finska Vetenskaps-Societeten\",\"description\":\"\",\"publisher\":{\"@id\":\"https:\\\/\\\/scientiarum.fi\\\/#organization\"},\"potentialAction\":[{\"@type\":\"SearchAction\",\"target\":{\"@type\":\"EntryPoint\",\"urlTemplate\":\"https:\\\/\\\/scientiarum.fi\\\/?s={search_term_string}\"},\"query-input\":{\"@type\":\"PropertyValueSpecification\",\"valueRequired\":true,\"valueName\":\"search_term_string\"}}],\"inLanguage\":\"fi\"},{\"@type\":\"Organization\",\"@id\":\"https:\\\/\\\/scientiarum.fi\\\/#organization\",\"name\":\"Finska Vetenskaps-Societeten\",\"url\":\"https:\\\/\\\/scientiarum.fi\\\/\",\"logo\":{\"@type\":\"ImageObject\",\"inLanguage\":\"fi\",\"@id\":\"https:\\\/\\\/scientiarum.fi\\\/#\\\/schema\\\/logo\\\/image\\\/\",\"url\":\"\",\"contentUrl\":\"\",\"caption\":\"Finska Vetenskaps-Societeten\"},\"image\":{\"@id\":\"https:\\\/\\\/scientiarum.fi\\\/#\\\/schema\\\/logo\\\/image\\\/\"},\"sameAs\":[\"https:\\\/\\\/www.facebook.com\\\/societas.scientiarum\",\"https:\\\/\\\/x.com\\\/tiedeseura\",\"https:\\\/\\\/www.linkedin.com\\\/company\\\/finska-vetenskaps-societeten-the-finnish-society-of-sciences-and-letters\\\/\"]}]}<\/script>\n<!-- \/ Yoast SEO plugin. -->","yoast_head_json":{"title":"Magnus Ehrnroothin palkinto parhaasta edellisen\u00e4 vuonna suomalaisessa yliopistossa hyv\u00e4ksytyst\u00e4 matematiikan, fysiikan sek\u00e4 kemian v\u00e4it\u00f6skirjasta - Suomen Tiedeseura","robots":{"index":"index","follow":"follow","max-snippet":"max-snippet:-1","max-image-preview":"max-image-preview:large","max-video-preview":"max-video-preview:-1"},"canonical":"https:\/\/scientiarum.fi\/fi\/magnus-ehrnroothin-palkinto-parhaasta-edellisena-vuonna-suomalaisessa-yliopistossa-hyvaksytysta-matematiikan-fysiikan-seka-kemian-vaitoskirjasta\/","og_locale":"fi_FI","og_type":"article","og_title":"Magnus Ehrnroothin palkinto parhaasta edellisen\u00e4 vuonna suomalaisessa yliopistossa hyv\u00e4ksytyst\u00e4 matematiikan, fysiikan sek\u00e4 kemian v\u00e4it\u00f6skirjasta - Suomen Tiedeseura","og_description":"Magnus Ehrnroothin palkintoparhaasta edellisen\u00e4 vuonna suomalaisessa yliopistossa hyv\u00e4ksytyst\u00e4 matematiikan, fysiikan sek\u00e4 kemian v\u00e4it\u00f6skirjasta2025 Heikkil\u00e4 Susanna, matematiikka2025 Vuorinen Laura, fysiikka2025 Langerreiter Daniel, kemia2026 Vuoksenmaa Aleksis, matematiikka2026 Arjas Kristian, fysiikka2026 Larnimaa Santeri, kemia","og_url":"https:\/\/scientiarum.fi\/fi\/magnus-ehrnroothin-palkinto-parhaasta-edellisena-vuonna-suomalaisessa-yliopistossa-hyvaksytysta-matematiikan-fysiikan-seka-kemian-vaitoskirjasta\/","og_site_name":"Suomen Tiedeseura","article_publisher":"https:\/\/www.facebook.com\/societas.scientiarum","article_modified_time":"2026-04-20T11:28:33+00:00","twitter_card":"summary_large_image","twitter_site":"@tiedeseura","twitter_misc":{"Arvioitu lukuaika":"1 minuutti"},"schema":{"@context":"https:\/\/schema.org","@graph":[{"@type":"WebPage","@id":"https:\/\/scientiarum.fi\/fi\/magnus-ehrnroothin-palkinto-parhaasta-edellisena-vuonna-suomalaisessa-yliopistossa-hyvaksytysta-matematiikan-fysiikan-seka-kemian-vaitoskirjasta\/","url":"https:\/\/scientiarum.fi\/fi\/magnus-ehrnroothin-palkinto-parhaasta-edellisena-vuonna-suomalaisessa-yliopistossa-hyvaksytysta-matematiikan-fysiikan-seka-kemian-vaitoskirjasta\/","name":"Magnus Ehrnroothin palkinto parhaasta edellisen\u00e4 vuonna suomalaisessa yliopistossa hyv\u00e4ksytyst\u00e4 matematiikan, fysiikan sek\u00e4 kemian v\u00e4it\u00f6skirjasta - Suomen Tiedeseura","isPartOf":{"@id":"https:\/\/scientiarum.fi\/#website"},"datePublished":"2025-11-13T22:25:41+00:00","dateModified":"2026-04-20T11:28:33+00:00","breadcrumb":{"@id":"https:\/\/scientiarum.fi\/fi\/magnus-ehrnroothin-palkinto-parhaasta-edellisena-vuonna-suomalaisessa-yliopistossa-hyvaksytysta-matematiikan-fysiikan-seka-kemian-vaitoskirjasta\/#breadcrumb"},"inLanguage":"fi","potentialAction":[{"@type":"ReadAction","target":["https:\/\/scientiarum.fi\/fi\/magnus-ehrnroothin-palkinto-parhaasta-edellisena-vuonna-suomalaisessa-yliopistossa-hyvaksytysta-matematiikan-fysiikan-seka-kemian-vaitoskirjasta\/"]}]},{"@type":"BreadcrumbList","@id":"https:\/\/scientiarum.fi\/fi\/magnus-ehrnroothin-palkinto-parhaasta-edellisena-vuonna-suomalaisessa-yliopistossa-hyvaksytysta-matematiikan-fysiikan-seka-kemian-vaitoskirjasta\/#breadcrumb","itemListElement":[{"@type":"ListItem","position":1,"name":"Home","item":"https:\/\/scientiarum.fi\/"},{"@type":"ListItem","position":2,"name":"Magnus Ehrnroothin palkinto parhaasta edellisen\u00e4 vuonna suomalaisessa yliopistossa hyv\u00e4ksytyst\u00e4 matematiikan, fysiikan sek\u00e4 kemian v\u00e4it\u00f6skirjasta"}]},{"@type":"WebSite","@id":"https:\/\/scientiarum.fi\/#website","url":"https:\/\/scientiarum.fi\/","name":"Finska Vetenskaps-Societeten","description":"","publisher":{"@id":"https:\/\/scientiarum.fi\/#organization"},"potentialAction":[{"@type":"SearchAction","target":{"@type":"EntryPoint","urlTemplate":"https:\/\/scientiarum.fi\/?s={search_term_string}"},"query-input":{"@type":"PropertyValueSpecification","valueRequired":true,"valueName":"search_term_string"}}],"inLanguage":"fi"},{"@type":"Organization","@id":"https:\/\/scientiarum.fi\/#organization","name":"Finska Vetenskaps-Societeten","url":"https:\/\/scientiarum.fi\/","logo":{"@type":"ImageObject","inLanguage":"fi","@id":"https:\/\/scientiarum.fi\/#\/schema\/logo\/image\/","url":"","contentUrl":"","caption":"Finska Vetenskaps-Societeten"},"image":{"@id":"https:\/\/scientiarum.fi\/#\/schema\/logo\/image\/"},"sameAs":["https:\/\/www.facebook.com\/societas.scientiarum","https:\/\/x.com\/tiedeseura","https:\/\/www.linkedin.com\/company\/finska-vetenskaps-societeten-the-finnish-society-of-sciences-and-letters\/"]}]}},"_links":{"self":[{"href":"https:\/\/scientiarum.fi\/fi\/wp-json\/wp\/v2\/pages\/8297","targetHints":{"allow":["GET"]}}],"collection":[{"href":"https:\/\/scientiarum.fi\/fi\/wp-json\/wp\/v2\/pages"}],"about":[{"href":"https:\/\/scientiarum.fi\/fi\/wp-json\/wp\/v2\/types\/page"}],"author":[{"embeddable":true,"href":"https:\/\/scientiarum.fi\/fi\/wp-json\/wp\/v2\/users\/2"}],"replies":[{"embeddable":true,"href":"https:\/\/scientiarum.fi\/fi\/wp-json\/wp\/v2\/comments?post=8297"}],"version-history":[{"count":3,"href":"https:\/\/scientiarum.fi\/fi\/wp-json\/wp\/v2\/pages\/8297\/revisions"}],"predecessor-version":[{"id":9174,"href":"https:\/\/scientiarum.fi\/fi\/wp-json\/wp\/v2\/pages\/8297\/revisions\/9174"}],"wp:attachment":[{"href":"https:\/\/scientiarum.fi\/fi\/wp-json\/wp\/v2\/media?parent=8297"}],"curies":[{"name":"wp","href":"https:\/\/api.w.org\/{rel}","templated":true}]}}