{"id":7744,"date":"2024-11-28T15:45:15","date_gmt":"2024-11-28T12:45:15","guid":{"rendered":"https:\/\/scientiarum.fi\/resestipendier-for-ledamoter\/"},"modified":"2025-12-05T16:11:25","modified_gmt":"2025-12-05T13:11:25","slug":"resestipendier-for-ledamoter","status":"publish","type":"page","link":"https:\/\/scientiarum.fi\/fi\/resestipendier-for-ledamoter\/","title":{"rendered":"Matka-avustukset j\u00e4senille"},"content":{"rendered":"<p>[et_pb_section fb_built=&#8221;1&#8243; admin_label=&#8221;section&#8221; _builder_version=&#8221;4.16&#8243; global_colors_info=&#8221;{}&#8221;][et_pb_row admin_label=&#8221;row&#8221; _builder_version=&#8221;4.16&#8243; background_size=&#8221;initial&#8221; background_position=&#8221;top_left&#8221; background_repeat=&#8221;repeat&#8221; global_colors_info=&#8221;{}&#8221;][et_pb_column type=&#8221;4_4&#8243; _builder_version=&#8221;4.16&#8243; custom_padding=&#8221;|||&#8221; global_colors_info=&#8221;{}&#8221; custom_padding__hover=&#8221;|||&#8221;][et_pb_text admin_label=&#8221;Text&#8221; _builder_version=&#8221;4.27.3&#8243; background_size=&#8221;initial&#8221; background_position=&#8221;top_left&#8221; background_repeat=&#8221;repeat&#8221; global_colors_info=&#8221;{}&#8221;]<\/p>\n<p><span><\/span><\/p>\n<p><span><\/span><\/p>\n<p><span><\/span><\/p>\n<p data-start=\"34\" data-end=\"645\">Suomen Tiedeseuran j\u00e4senet voivat hakea matka-apurahoja konferenssimatkoihin ja lyhyisiin tutkimusvierailuihin jatkuvasti ymp\u00e4ri vuoden. Matka-apurahaa voidaan my\u00f6nt\u00e4\u00e4 matkalippuihin, majoitukseen, konferenssimaksuihin sek\u00e4 p\u00e4iv\u00e4rahoihin valtion matkustuss\u00e4\u00e4nn\u00f6n mukaisesti. Vapaamuotoinen hakemus l\u00e4hetet\u00e4\u00e4n s\u00e4hk\u00f6isen hakuj\u00e4rjestelm\u00e4n kautta hyviss\u00e4 ajoin ennen matkaa. Kirjaudu sis\u00e4\u00e4n henkil\u00f6kohtaisella hakijaprofiilillasi (\u00e4l\u00e4 organisaatioprofiililla). Jos sinulla ei ole sellaista, luo se ensin. Lis\u00e4ksi tarvitset hakukoodin, joka on l\u00e4hetetty j\u00e4senille ja jonka voi tarvittaessa saada my\u00f6s kansliasta.<\/p>\n<p data-start=\"647\" data-end=\"864\">Suomen Tiedeseuran hallitus k\u00e4sittelee hakemukset seuraavassa kokouksessaan, joka pidet\u00e4\u00e4n kuukauden kolmantena maanantaina lukuun ottamatta huhtikuuta, kes\u00e4kuuta ja hein\u00e4kuuta. Apurahoja ei my\u00f6nnet\u00e4 takautuvasti.<\/p>\n<p data-start=\"866\" data-end=\"1040\">Kokouksen j\u00e4lkeen p\u00e4\u00e4t\u00f6s l\u00e4hetet\u00e4\u00e4n sinulle s\u00e4hk\u00f6postitse. Jotta matka-apuraha voidaan maksaa, sinun tulee kirjautua hakijaprofiiliisi ja t\u00e4ytt\u00e4\u00e4 avustuksen maksatuspyynt\u00f6.<\/p>\n<p data-start=\"1042\" data-end=\"1232\">Selvitys apurahan k\u00e4yt\u00f6st\u00e4 tulee toimittaa viimeist\u00e4\u00e4n kolme kuukautta hakemuksessa ilmoitetun p\u00e4\u00e4ttymisp\u00e4iv\u00e4n j\u00e4lkeen saman hakijaprofiilin kautta. Selvitys voi olla vapaamuotoinen.<\/p>\n<p data-start=\"1234\" data-end=\"1519\" data-is-last-node=\"\" data-is-only-node=\"\">Jos j\u00e4sen hakee apurahaa tai tutkimusrahoitusta tammikuun yleisen hakukauden aikana, h\u00e4nen tulee sis\u00e4llytt\u00e4\u00e4 kaikki matkakulut kyseiseen hakemukseen eik\u00e4 hakea erillist\u00e4 matka-apurahaa. Pidempi\u00e4 tutkimusvierailuja koskevat apurahat tulee aina hakea tammikuun yleisen hakukauden aikana.<\/p>\n<p data-start=\"1234\" data-end=\"1519\" data-is-last-node=\"\" data-is-only-node=\"\"><strong><a href=\"https:\/\/scientiarum.rimbert.fi\/\" target=\"_blank\" rel=\"noopener\">Linkki hakemusj\u00e4rjestelm\u00e4\u00e4n<\/a><a href=\"https:\/\/scientiarum.rimbert.fi\/\" target=\"_blank\" rel=\"noopener\"><\/a><\/strong><\/p>\n<p><span><\/span><\/p>\n<p><span><\/span><\/p>\n<p><span><\/span><\/p>\n<p>&nbsp;<\/p>\n<p>[\/et_pb_text][\/et_pb_column][\/et_pb_row][\/et_pb_section]<\/p>\n","protected":false},"excerpt":{"rendered":"<p>Suomen Tiedeseuran j\u00e4senet voivat hakea matka-apurahoja konferenssimatkoihin ja lyhyisiin tutkimusvierailuihin jatkuvasti ymp\u00e4ri vuoden. Matka-apurahaa voidaan my\u00f6nt\u00e4\u00e4 matkalippuihin, majoitukseen, konferenssimaksuihin sek\u00e4 p\u00e4iv\u00e4rahoihin valtion matkustuss\u00e4\u00e4nn\u00f6n mukaisesti. Vapaamuotoinen hakemus l\u00e4hetet\u00e4\u00e4n s\u00e4hk\u00f6isen hakuj\u00e4rjestelm\u00e4n kautta hyviss\u00e4 ajoin ennen matkaa. Kirjaudu sis\u00e4\u00e4n henkil\u00f6kohtaisella hakijaprofiilillasi (\u00e4l\u00e4 organisaatioprofiililla). Jos sinulla ei ole sellaista, luo se ensin. Lis\u00e4ksi tarvitset hakukoodin, joka on l\u00e4hetetty j\u00e4senille [&hellip;]<\/p>\n","protected":false},"author":4,"featured_media":0,"parent":0,"menu_order":0,"comment_status":"closed","ping_status":"closed","template":"","meta":{"_acf_changed":false,"_et_pb_use_builder":"on","_et_pb_old_content":"","_et_gb_content_width":"","footnotes":""},"class_list":["post-7744","page","type-page","status-publish","hentry"],"acf":[],"yoast_head":"<!-- This site is optimized with the Yoast SEO plugin v27.4 - https:\/\/yoast.com\/product\/yoast-seo-wordpress\/ -->\n<title>Matka-avustukset j\u00e4senille - Suomen Tiedeseura<\/title>\n<meta name=\"robots\" content=\"index, follow, max-snippet:-1, max-image-preview:large, max-video-preview:-1\" \/>\n<link rel=\"canonical\" href=\"https:\/\/scientiarum.fi\/fi\/resestipendier-for-ledamoter\/\" \/>\n<meta property=\"og:locale\" content=\"fi_FI\" \/>\n<meta property=\"og:type\" content=\"article\" \/>\n<meta property=\"og:title\" content=\"Matka-avustukset j\u00e4senille - Suomen Tiedeseura\" \/>\n<meta property=\"og:description\" content=\"Suomen Tiedeseuran j\u00e4senet voivat hakea matka-apurahoja konferenssimatkoihin ja lyhyisiin tutkimusvierailuihin jatkuvasti ymp\u00e4ri vuoden. Matka-apurahaa voidaan my\u00f6nt\u00e4\u00e4 matkalippuihin, majoitukseen, konferenssimaksuihin sek\u00e4 p\u00e4iv\u00e4rahoihin valtion matkustuss\u00e4\u00e4nn\u00f6n mukaisesti. Vapaamuotoinen hakemus l\u00e4hetet\u00e4\u00e4n s\u00e4hk\u00f6isen hakuj\u00e4rjestelm\u00e4n kautta hyviss\u00e4 ajoin ennen matkaa. Kirjaudu sis\u00e4\u00e4n henkil\u00f6kohtaisella hakijaprofiilillasi (\u00e4l\u00e4 organisaatioprofiililla). Jos sinulla ei ole sellaista, luo se ensin. Lis\u00e4ksi tarvitset hakukoodin, joka on l\u00e4hetetty j\u00e4senille [&hellip;]\" \/>\n<meta property=\"og:url\" content=\"https:\/\/scientiarum.fi\/fi\/resestipendier-for-ledamoter\/\" \/>\n<meta property=\"og:site_name\" content=\"Suomen Tiedeseura\" \/>\n<meta property=\"article:publisher\" content=\"https:\/\/www.facebook.com\/societas.scientiarum\" \/>\n<meta property=\"article:modified_time\" content=\"2025-12-05T13:11:25+00:00\" \/>\n<meta name=\"twitter:card\" content=\"summary_large_image\" \/>\n<meta name=\"twitter:site\" content=\"@tiedeseura\" \/>\n<meta name=\"twitter:label1\" content=\"Arvioitu lukuaika\" \/>\n\t<meta name=\"twitter:data1\" content=\"1 minuutti\" \/>\n<script type=\"application\/ld+json\" class=\"yoast-schema-graph\">{\"@context\":\"https:\\\/\\\/schema.org\",\"@graph\":[{\"@type\":\"WebPage\",\"@id\":\"https:\\\/\\\/scientiarum.fi\\\/fi\\\/resestipendier-for-ledamoter\\\/\",\"url\":\"https:\\\/\\\/scientiarum.fi\\\/fi\\\/resestipendier-for-ledamoter\\\/\",\"name\":\"Matka-avustukset j\u00e4senille - Suomen Tiedeseura\",\"isPartOf\":{\"@id\":\"https:\\\/\\\/scientiarum.fi\\\/#website\"},\"datePublished\":\"2024-11-28T12:45:15+00:00\",\"dateModified\":\"2025-12-05T13:11:25+00:00\",\"breadcrumb\":{\"@id\":\"https:\\\/\\\/scientiarum.fi\\\/fi\\\/resestipendier-for-ledamoter\\\/#breadcrumb\"},\"inLanguage\":\"fi\",\"potentialAction\":[{\"@type\":\"ReadAction\",\"target\":[\"https:\\\/\\\/scientiarum.fi\\\/fi\\\/resestipendier-for-ledamoter\\\/\"]}]},{\"@type\":\"BreadcrumbList\",\"@id\":\"https:\\\/\\\/scientiarum.fi\\\/fi\\\/resestipendier-for-ledamoter\\\/#breadcrumb\",\"itemListElement\":[{\"@type\":\"ListItem\",\"position\":1,\"name\":\"Home\",\"item\":\"https:\\\/\\\/scientiarum.fi\\\/\"},{\"@type\":\"ListItem\",\"position\":2,\"name\":\"Matka-avustukset j\u00e4senille\"}]},{\"@type\":\"WebSite\",\"@id\":\"https:\\\/\\\/scientiarum.fi\\\/#website\",\"url\":\"https:\\\/\\\/scientiarum.fi\\\/\",\"name\":\"Finska Vetenskaps-Societeten\",\"description\":\"\",\"publisher\":{\"@id\":\"https:\\\/\\\/scientiarum.fi\\\/#organization\"},\"potentialAction\":[{\"@type\":\"SearchAction\",\"target\":{\"@type\":\"EntryPoint\",\"urlTemplate\":\"https:\\\/\\\/scientiarum.fi\\\/?s={search_term_string}\"},\"query-input\":{\"@type\":\"PropertyValueSpecification\",\"valueRequired\":true,\"valueName\":\"search_term_string\"}}],\"inLanguage\":\"fi\"},{\"@type\":\"Organization\",\"@id\":\"https:\\\/\\\/scientiarum.fi\\\/#organization\",\"name\":\"Finska Vetenskaps-Societeten\",\"url\":\"https:\\\/\\\/scientiarum.fi\\\/\",\"logo\":{\"@type\":\"ImageObject\",\"inLanguage\":\"fi\",\"@id\":\"https:\\\/\\\/scientiarum.fi\\\/#\\\/schema\\\/logo\\\/image\\\/\",\"url\":\"\",\"contentUrl\":\"\",\"caption\":\"Finska Vetenskaps-Societeten\"},\"image\":{\"@id\":\"https:\\\/\\\/scientiarum.fi\\\/#\\\/schema\\\/logo\\\/image\\\/\"},\"sameAs\":[\"https:\\\/\\\/www.facebook.com\\\/societas.scientiarum\",\"https:\\\/\\\/x.com\\\/tiedeseura\",\"https:\\\/\\\/www.linkedin.com\\\/company\\\/finska-vetenskaps-societeten-the-finnish-society-of-sciences-and-letters\\\/\"]}]}<\/script>\n<!-- \/ Yoast SEO plugin. -->","yoast_head_json":{"title":"Matka-avustukset j\u00e4senille - Suomen Tiedeseura","robots":{"index":"index","follow":"follow","max-snippet":"max-snippet:-1","max-image-preview":"max-image-preview:large","max-video-preview":"max-video-preview:-1"},"canonical":"https:\/\/scientiarum.fi\/fi\/resestipendier-for-ledamoter\/","og_locale":"fi_FI","og_type":"article","og_title":"Matka-avustukset j\u00e4senille - Suomen Tiedeseura","og_description":"Suomen Tiedeseuran j\u00e4senet voivat hakea matka-apurahoja konferenssimatkoihin ja lyhyisiin tutkimusvierailuihin jatkuvasti ymp\u00e4ri vuoden. Matka-apurahaa voidaan my\u00f6nt\u00e4\u00e4 matkalippuihin, majoitukseen, konferenssimaksuihin sek\u00e4 p\u00e4iv\u00e4rahoihin valtion matkustuss\u00e4\u00e4nn\u00f6n mukaisesti. Vapaamuotoinen hakemus l\u00e4hetet\u00e4\u00e4n s\u00e4hk\u00f6isen hakuj\u00e4rjestelm\u00e4n kautta hyviss\u00e4 ajoin ennen matkaa. Kirjaudu sis\u00e4\u00e4n henkil\u00f6kohtaisella hakijaprofiilillasi (\u00e4l\u00e4 organisaatioprofiililla). Jos sinulla ei ole sellaista, luo se ensin. Lis\u00e4ksi tarvitset hakukoodin, joka on l\u00e4hetetty j\u00e4senille [&hellip;]","og_url":"https:\/\/scientiarum.fi\/fi\/resestipendier-for-ledamoter\/","og_site_name":"Suomen Tiedeseura","article_publisher":"https:\/\/www.facebook.com\/societas.scientiarum","article_modified_time":"2025-12-05T13:11:25+00:00","twitter_card":"summary_large_image","twitter_site":"@tiedeseura","twitter_misc":{"Arvioitu lukuaika":"1 minuutti"},"schema":{"@context":"https:\/\/schema.org","@graph":[{"@type":"WebPage","@id":"https:\/\/scientiarum.fi\/fi\/resestipendier-for-ledamoter\/","url":"https:\/\/scientiarum.fi\/fi\/resestipendier-for-ledamoter\/","name":"Matka-avustukset j\u00e4senille - Suomen Tiedeseura","isPartOf":{"@id":"https:\/\/scientiarum.fi\/#website"},"datePublished":"2024-11-28T12:45:15+00:00","dateModified":"2025-12-05T13:11:25+00:00","breadcrumb":{"@id":"https:\/\/scientiarum.fi\/fi\/resestipendier-for-ledamoter\/#breadcrumb"},"inLanguage":"fi","potentialAction":[{"@type":"ReadAction","target":["https:\/\/scientiarum.fi\/fi\/resestipendier-for-ledamoter\/"]}]},{"@type":"BreadcrumbList","@id":"https:\/\/scientiarum.fi\/fi\/resestipendier-for-ledamoter\/#breadcrumb","itemListElement":[{"@type":"ListItem","position":1,"name":"Home","item":"https:\/\/scientiarum.fi\/"},{"@type":"ListItem","position":2,"name":"Matka-avustukset j\u00e4senille"}]},{"@type":"WebSite","@id":"https:\/\/scientiarum.fi\/#website","url":"https:\/\/scientiarum.fi\/","name":"Finska Vetenskaps-Societeten","description":"","publisher":{"@id":"https:\/\/scientiarum.fi\/#organization"},"potentialAction":[{"@type":"SearchAction","target":{"@type":"EntryPoint","urlTemplate":"https:\/\/scientiarum.fi\/?s={search_term_string}"},"query-input":{"@type":"PropertyValueSpecification","valueRequired":true,"valueName":"search_term_string"}}],"inLanguage":"fi"},{"@type":"Organization","@id":"https:\/\/scientiarum.fi\/#organization","name":"Finska Vetenskaps-Societeten","url":"https:\/\/scientiarum.fi\/","logo":{"@type":"ImageObject","inLanguage":"fi","@id":"https:\/\/scientiarum.fi\/#\/schema\/logo\/image\/","url":"","contentUrl":"","caption":"Finska Vetenskaps-Societeten"},"image":{"@id":"https:\/\/scientiarum.fi\/#\/schema\/logo\/image\/"},"sameAs":["https:\/\/www.facebook.com\/societas.scientiarum","https:\/\/x.com\/tiedeseura","https:\/\/www.linkedin.com\/company\/finska-vetenskaps-societeten-the-finnish-society-of-sciences-and-letters\/"]}]}},"_links":{"self":[{"href":"https:\/\/scientiarum.fi\/fi\/wp-json\/wp\/v2\/pages\/7744","targetHints":{"allow":["GET"]}}],"collection":[{"href":"https:\/\/scientiarum.fi\/fi\/wp-json\/wp\/v2\/pages"}],"about":[{"href":"https:\/\/scientiarum.fi\/fi\/wp-json\/wp\/v2\/types\/page"}],"author":[{"embeddable":true,"href":"https:\/\/scientiarum.fi\/fi\/wp-json\/wp\/v2\/users\/4"}],"replies":[{"embeddable":true,"href":"https:\/\/scientiarum.fi\/fi\/wp-json\/wp\/v2\/comments?post=7744"}],"version-history":[{"count":13,"href":"https:\/\/scientiarum.fi\/fi\/wp-json\/wp\/v2\/pages\/7744\/revisions"}],"predecessor-version":[{"id":8442,"href":"https:\/\/scientiarum.fi\/fi\/wp-json\/wp\/v2\/pages\/7744\/revisions\/8442"}],"wp:attachment":[{"href":"https:\/\/scientiarum.fi\/fi\/wp-json\/wp\/v2\/media?parent=7744"}],"curies":[{"name":"wp","href":"https:\/\/api.w.org\/{rel}","templated":true}]}}