{"id":7453,"date":"2023-06-19T10:54:01","date_gmt":"2023-06-19T07:54:01","guid":{"rendered":"https:\/\/scientiarum.fi\/opettajapalkinnot\/"},"modified":"2025-05-21T15:19:00","modified_gmt":"2025-05-21T12:19:00","slug":"opettajapalkinnot","status":"publish","type":"page","link":"https:\/\/scientiarum.fi\/fi\/opettajapalkinnot\/","title":{"rendered":"Opettajapalkinnot"},"content":{"rendered":"<p>[et_pb_section fb_built=&#8221;1&#8243; _builder_version=&#8221;4.21.0&#8243; _module_preset=&#8221;default&#8221; global_colors_info=&#8221;{}&#8221;][et_pb_row _builder_version=&#8221;4.21.0&#8243; _module_preset=&#8221;default&#8221; custom_margin=&#8221;0px||0px||false|false&#8221; custom_padding=&#8221;0px||0px||false|false&#8221; global_colors_info=&#8221;{}&#8221;][et_pb_column type=&#8221;4_4&#8243; _builder_version=&#8221;4.21.0&#8243; _module_preset=&#8221;default&#8221; global_colors_info=&#8221;{}&#8221;][et_pb_image src=&#8221;https:\/\/scientiarum.fi\/wp-content\/uploads\/2023\/06\/banner-small.jpg&#8221; title_text=&#8221;banner-small&#8221; _builder_version=&#8221;4.21.0&#8243; _module_preset=&#8221;default&#8221; global_colors_info=&#8221;{}&#8221;][\/et_pb_image][\/et_pb_column][\/et_pb_row][et_pb_row _builder_version=&#8221;4.27.3&#8243; _module_preset=&#8221;default&#8221; module_alignment=&#8221;center&#8221; custom_margin=&#8221;30px||0px||false|false&#8221; custom_padding=&#8221;0px||0px||false|false&#8221; global_colors_info=&#8221;{}&#8221;][et_pb_column type=&#8221;4_4&#8243; _builder_version=&#8221;4.27.3&#8243; _module_preset=&#8221;default&#8221; custom_padding=&#8221;0px||0px||false|false&#8221; global_colors_info=&#8221;{}&#8221;][et_pb_text module_class=&#8221;defwp&#8221; _builder_version=&#8221;4.27.3&#8243; _module_preset=&#8221;1b686adf-681b-484a-9fee-595f92a65ad5&#8243; text_orientation=&#8221;center&#8221; custom_margin=&#8221;0px||0px||false|false&#8221; custom_padding=&#8221;0px||0px||false|false&#8221; text_font_size_tablet=&#8221;&#8221; text_font_size_phone=&#8221;&#8221; text_font_size_last_edited=&#8221;on|desktop&#8221; global_colors_info=&#8221;{}&#8221;]<\/p>\n<h1>Opettajapalkinnot<\/h1>\n<p>[\/et_pb_text][\/et_pb_column][\/et_pb_row][et_pb_row column_structure=&#8221;1_5,3_5,1_5&#8243; _builder_version=&#8221;4.27.3&#8243; _module_preset=&#8221;default&#8221; custom_margin=&#8221;0px||0px||false|false&#8221; custom_padding=&#8221;0px||0px||false|false&#8221; global_colors_info=&#8221;{}&#8221;][et_pb_column type=&#8221;1_5&#8243; _builder_version=&#8221;4.21.0&#8243; _module_preset=&#8221;default&#8221; global_colors_info=&#8221;{}&#8221;][\/et_pb_column][et_pb_column type=&#8221;3_5&#8243; _builder_version=&#8221;4.21.0&#8243; _module_preset=&#8221;default&#8221; global_colors_info=&#8221;{}&#8221;][et_pb_text _builder_version=&#8221;4.27.3&#8243; _module_preset=&#8221;default&#8221; hover_enabled=&#8221;0&#8243; global_colors_info=&#8221;{}&#8221; sticky_enabled=&#8221;0&#8243;]<\/p>\n<p>1998 Manninen Turo, Oulun kaupungin Madetojan musiikkilukion historian ja yhteiskuntaopin vanhempi lehtori<br \/>1999 \u00d6hman Anneli, \u00e4ldre lektor i matematik, fysik och kemi vid Svenska samskolan i Tammerfors<br \/>2000 Sourander Ulf, lektor i historia och samh\u00e4llsl\u00e4ra vid Topeliusgymnasiet i Nykarleby<br \/>2000 Kervinen Matti, Tapiolan lukion matematiikan ja fysiikan vanhempi lehtori<br \/>2001 Krook-Bj\u00f6rkl\u00f6f, Marianne \u00e4ldre lektor i biologi, kemi och geografi vid N\u00e4rpes gymnasium<br \/>2001 M\u00e4kinen Kirsti, Helsingin Suomalaisen Yhteiskoulun \u00e4idinkielen lehtori<br \/>2002 Till Inga-Lill, \u00e4ldre lektorn i engelska och franska vid Gymnasiet i Petalax<br \/>2002 Auvinen Oili, Kankaanp\u00e4\u00e4n lyseon vanhempi lehtori<br \/>2003 Br\u00e4nnb\u00e4ck \u00c5ke, lektor i fysik och kemi vid Gymnasiet Svenska Normallyceum i Helsingfors<br \/>2003 L\u00e4hteenm\u00e4ki Marja-Leena, Laihian lukion ruotsin kielen lehtori<br \/>2004 Granlund Siv, lektor i modersm\u00e5let vid N\u00e4rpes gymnasium<br \/>2004 Iho Irma, Martinlaakson lukion fysiikan lehtori<br \/>2005 Stam Monica, lektor i matematik vid Gymnasiet i Petalax<br \/>2005 Arola Pauli, Helsingin yliopiston Viikin Normaalikoulun historian ja yhteiskuntaopin lehtori<br \/>2006 Nukari Anneli, Ressun lukion biologian ja maantieteen lehtori<br \/>2006 Salenius Helena, lektor i religion och psykologi vid Br\u00e4nd\u00f6 gymnasium<br \/>2007 Waxlax Jonas, lektor i fysik vid Gymnasiet L\u00e4rkan i Helsingfors<br \/>2007 Ravi Hannele, Joensuun Lyseon historian ja yhteiskuntaopin lehtori<br \/>2008 Lindholm Sture, \u00e4ldre lektor i historia och samh\u00e4llsl\u00e4ra vid Eken\u00e4s gymnasium<br \/>2008 Sirni\u00f6 Jarmo, Oulun Kastellin lukion matemaattisten aineiden lehtori<br \/>2009 Abbor Birgitta, lektor i biologi och geografi vid Kronoby gymnasium<br \/>2009 Ontero Anne, Oulun Suomalaisen Yhteiskoulun lukion englannin kielen lehtori<br \/>2010 Till Jan-Erik, lektor i historia vid Karis-Billn\u00e4s gymnasium<br \/>2010 R\u00f6nk\u00e4 Antti, Oulun Lyseon lukion biologian ja maantieteen lehtori<br \/>2011 Rydell Tom, Lektor i matematik och fysik vid \u00c5lands gymnasium<br \/>2011 Meskus Kristiina, Kastellin lukion ruotsinopettaja<br \/>2012 Komsi Maria, lektor i finska vid N\u00e4rpes gymnasium<br \/>2012 Paso Risto, Oulun lyseon fysiikanopettaja<br \/>2013 Niiranen Camilla, lektor i matematik och kemi vid Lovisa gymnasium<br \/>2013 Putus-Hilasvuori Titta, Pohjois-Tapiolan lukion historian ja yhteiskuntaopin lehtori<br \/>2014 Eriksson Roger, lektor i religion och psykologi vid Peders\u00f6re gymnasium<br \/>2014 Heino Hannele, Lahden yhteiskoulun lukion biologian, maantieteen ja astronomian lehtori<br \/>2015 Eklund Bertil, lektor i fysik-matematik vid N\u00e4rpes gymnasium<br \/>2015 Venemies Kati, Helsingin Kallion lukion englannin kielen lehtori<br \/>2016 Savinainen Antti, Kuopion lyseom matematiikan lehtori<br \/>2016 Cas\u00e9n Anders, lektor i samh\u00e4llsl\u00e4ra vid \u00c5lands lyceum<br \/>2017 Bj\u00f6rkas Kerstin, lektor i naturvetenskaper vid gymnasiet i Petalax<br \/>2017 Repo Heidi, Helsingin Suomalaisen Yhteiskoulun lukion ja peruskoulun ruotsinkielen lehtori<br \/>2018 Fagerholm Mats, lektor i historia och samh\u00e4llsl\u00e4ra vid Pargas svenska gymnasium<br \/>2018 M\u00e4ki Jaana, Tampereen Tammerkosken lukion englanninkielen lehtori<br \/>2018 Tauriainen Katja, Turun suomalaisen yhteiskoulun lukion luonnontieteiden lehtori<br \/>2019 Salenius Jan-Anders, lektor i matematik vid Br\u00e4nd\u00f6 gymnasium i Helsingfors<br \/>2019 Heiskanen Paavo, Kuopion lyseon lukion matematiikan lehtori<br \/>2019 Juntunen Marjaana, Viitasaaren lukion historian ja yhteiskuntaopin lehtori<br \/>2020 Ingelin Tanja, lektor i historia, samh\u00e4llsl\u00e4ra och religion vid Kyrksl\u00e4tts gymnasium<br \/>2020 Mattsson Mia, lektor i historia och samh\u00e4llsl\u00e4ra vid Jakobstads gymnasium<br \/>2020 Saarinen Minna, Tampereen klassillinen lukion fysiikan lehtori<br \/>2021 P\u00f6rn Irene, lektor i matematik vid Korsholms gymnasium<br \/>2021 Koivunen Timo, Oulun lukion maantieteen lehtori<br \/>2021 Lukkarinen Leena, M\u00e4kel\u00e4rinteen lukion espanjan kielen opettaja<br \/>2022 Lindholm Anna-Stina, lektor i modersm\u00e5l, filosofi och livs\u00e5sk\u00e5dning vid gymnasiet L\u00e4rkan i Helsingfors<br \/>2022 Perkkalainen Paula, Kaurialan lukion kemian lehtori<br \/>2022 Vuorela Laura, Helsingin Medialukion historian ja yhteiskuntaopin lehtori<br \/>2023 Rikberg Jon, lektor i geografi vid Mattlidens gymnasium i Esbo<br \/>2023 Kupila Hellevi, Oulun normaalikoulun lukion matematiikan lehtori<br \/>2023 Rosl\u00f6f Pirkko, Myn\u00e4m\u00e4en lukion ruotsin kielen lehtori<br \/>2024 H\u00f6gback Cecilia, lektor i samh\u00e4llskunskap och historia vid \u00c5lands lyceum<br \/>2024 O&#8217;Connor Peppi, Linnankosken lukion psykologian, filosofian, el\u00e4m\u00e4nkatsomustiedon ja uskonnon opettaja<br \/>2024 Riihij\u00e4rvi Maarit, Pyh\u00e4j\u00e4rven lukion pitk\u00e4n matematiikan ja fysiikan opettaja<br \/>2025 Holmberg Axel, lektor i biologi och geografi vid Hang\u00f6 gymnasium<br \/>2025 Hellsten Lauri, matematiikan ja fysiikan opettaja Espoon yhteislyseossa<br \/>2025 Kaijansinkko Lea, musiikinopettaja Lappeenrannan lukion Lyseossa<\/p>\n<p>[\/et_pb_text][\/et_pb_column][et_pb_column type=&#8221;1_5&#8243; _builder_version=&#8221;4.21.0&#8243; _module_preset=&#8221;default&#8221; global_colors_info=&#8221;{}&#8221;][\/et_pb_column][\/et_pb_row][\/et_pb_section]<\/p>\n","protected":false},"excerpt":{"rendered":"<p>Opettajapalkinnot1998 Manninen Turo, Oulun kaupungin Madetojan musiikkilukion historian ja yhteiskuntaopin vanhempi lehtori1999 \u00d6hman Anneli, \u00e4ldre lektor i matematik, fysik och kemi vid Svenska samskolan i Tammerfors2000 Sourander Ulf, lektor i historia och samh\u00e4llsl\u00e4ra vid Topeliusgymnasiet i Nykarleby2000 Kervinen Matti, Tapiolan lukion matematiikan ja fysiikan vanhempi lehtori2001 Krook-Bj\u00f6rkl\u00f6f, Marianne \u00e4ldre lektor i biologi, kemi och geografi [&hellip;]<\/p>\n","protected":false},"author":2,"featured_media":0,"parent":0,"menu_order":0,"comment_status":"closed","ping_status":"closed","template":"","meta":{"_acf_changed":false,"_et_pb_use_builder":"on","_et_pb_old_content":"","_et_gb_content_width":"","footnotes":""},"class_list":["post-7453","page","type-page","status-publish","hentry"],"acf":[],"yoast_head":"<!-- This site is optimized with the Yoast SEO plugin v27.3 - https:\/\/yoast.com\/product\/yoast-seo-wordpress\/ -->\n<title>Opettajapalkinnot - Suomen Tiedeseura<\/title>\n<meta name=\"robots\" content=\"index, follow, max-snippet:-1, max-image-preview:large, max-video-preview:-1\" \/>\n<link rel=\"canonical\" href=\"https:\/\/scientiarum.fi\/lararpris-1998\/\" \/>\n<meta property=\"og:locale\" content=\"fi_FI\" \/>\n<meta property=\"og:type\" content=\"article\" \/>\n<meta property=\"og:title\" content=\"Opettajapalkinnot - Suomen Tiedeseura\" \/>\n<meta property=\"og:description\" content=\"Opettajapalkinnot1998 Manninen Turo, Oulun kaupungin Madetojan musiikkilukion historian ja yhteiskuntaopin vanhempi lehtori1999 \u00d6hman Anneli, \u00e4ldre lektor i matematik, fysik och kemi vid Svenska samskolan i Tammerfors2000 Sourander Ulf, lektor i historia och samh\u00e4llsl\u00e4ra vid Topeliusgymnasiet i Nykarleby2000 Kervinen Matti, Tapiolan lukion matematiikan ja fysiikan vanhempi lehtori2001 Krook-Bj\u00f6rkl\u00f6f, Marianne \u00e4ldre lektor i biologi, kemi och geografi [&hellip;]\" \/>\n<meta property=\"og:url\" content=\"https:\/\/scientiarum.fi\/lararpris-1998\/\" \/>\n<meta property=\"og:site_name\" content=\"Suomen Tiedeseura\" \/>\n<meta property=\"article:publisher\" content=\"https:\/\/www.facebook.com\/societas.scientiarum\" \/>\n<meta property=\"article:modified_time\" content=\"2025-05-21T12:19:00+00:00\" \/>\n<meta name=\"twitter:card\" content=\"summary_large_image\" \/>\n<meta name=\"twitter:site\" content=\"@tiedeseura\" \/>\n<meta name=\"twitter:label1\" content=\"Arvioitu lukuaika\" \/>\n\t<meta name=\"twitter:data1\" content=\"4 minuuttia\" \/>\n<script type=\"application\/ld+json\" class=\"yoast-schema-graph\">{\"@context\":\"https:\\\/\\\/schema.org\",\"@graph\":[{\"@type\":\"WebPage\",\"@id\":\"https:\\\/\\\/scientiarum.fi\\\/lararpris-1998\\\/\",\"url\":\"https:\\\/\\\/scientiarum.fi\\\/lararpris-1998\\\/\",\"name\":\"Opettajapalkinnot - Suomen Tiedeseura\",\"isPartOf\":{\"@id\":\"https:\\\/\\\/scientiarum.fi\\\/#website\"},\"datePublished\":\"2023-06-19T07:54:01+00:00\",\"dateModified\":\"2025-05-21T12:19:00+00:00\",\"breadcrumb\":{\"@id\":\"https:\\\/\\\/scientiarum.fi\\\/lararpris-1998\\\/#breadcrumb\"},\"inLanguage\":\"fi\",\"potentialAction\":[{\"@type\":\"ReadAction\",\"target\":[\"https:\\\/\\\/scientiarum.fi\\\/lararpris-1998\\\/\"]}]},{\"@type\":\"BreadcrumbList\",\"@id\":\"https:\\\/\\\/scientiarum.fi\\\/lararpris-1998\\\/#breadcrumb\",\"itemListElement\":[{\"@type\":\"ListItem\",\"position\":1,\"name\":\"Home\",\"item\":\"https:\\\/\\\/scientiarum.fi\\\/\"},{\"@type\":\"ListItem\",\"position\":2,\"name\":\"Opettajapalkinnot\"}]},{\"@type\":\"WebSite\",\"@id\":\"https:\\\/\\\/scientiarum.fi\\\/#website\",\"url\":\"https:\\\/\\\/scientiarum.fi\\\/\",\"name\":\"Finska Vetenskaps-Societeten\",\"description\":\"\",\"publisher\":{\"@id\":\"https:\\\/\\\/scientiarum.fi\\\/#organization\"},\"potentialAction\":[{\"@type\":\"SearchAction\",\"target\":{\"@type\":\"EntryPoint\",\"urlTemplate\":\"https:\\\/\\\/scientiarum.fi\\\/?s={search_term_string}\"},\"query-input\":{\"@type\":\"PropertyValueSpecification\",\"valueRequired\":true,\"valueName\":\"search_term_string\"}}],\"inLanguage\":\"fi\"},{\"@type\":\"Organization\",\"@id\":\"https:\\\/\\\/scientiarum.fi\\\/#organization\",\"name\":\"Finska Vetenskaps-Societeten\",\"url\":\"https:\\\/\\\/scientiarum.fi\\\/\",\"logo\":{\"@type\":\"ImageObject\",\"inLanguage\":\"fi\",\"@id\":\"https:\\\/\\\/scientiarum.fi\\\/#\\\/schema\\\/logo\\\/image\\\/\",\"url\":\"\",\"contentUrl\":\"\",\"caption\":\"Finska Vetenskaps-Societeten\"},\"image\":{\"@id\":\"https:\\\/\\\/scientiarum.fi\\\/#\\\/schema\\\/logo\\\/image\\\/\"},\"sameAs\":[\"https:\\\/\\\/www.facebook.com\\\/societas.scientiarum\",\"https:\\\/\\\/x.com\\\/tiedeseura\",\"https:\\\/\\\/www.linkedin.com\\\/company\\\/finska-vetenskaps-societeten-the-finnish-society-of-sciences-and-letters\\\/\"]}]}<\/script>\n<!-- \/ Yoast SEO plugin. -->","yoast_head_json":{"title":"Opettajapalkinnot - Suomen Tiedeseura","robots":{"index":"index","follow":"follow","max-snippet":"max-snippet:-1","max-image-preview":"max-image-preview:large","max-video-preview":"max-video-preview:-1"},"canonical":"https:\/\/scientiarum.fi\/lararpris-1998\/","og_locale":"fi_FI","og_type":"article","og_title":"Opettajapalkinnot - Suomen Tiedeseura","og_description":"Opettajapalkinnot1998 Manninen Turo, Oulun kaupungin Madetojan musiikkilukion historian ja yhteiskuntaopin vanhempi lehtori1999 \u00d6hman Anneli, \u00e4ldre lektor i matematik, fysik och kemi vid Svenska samskolan i Tammerfors2000 Sourander Ulf, lektor i historia och samh\u00e4llsl\u00e4ra vid Topeliusgymnasiet i Nykarleby2000 Kervinen Matti, Tapiolan lukion matematiikan ja fysiikan vanhempi lehtori2001 Krook-Bj\u00f6rkl\u00f6f, Marianne \u00e4ldre lektor i biologi, kemi och geografi [&hellip;]","og_url":"https:\/\/scientiarum.fi\/lararpris-1998\/","og_site_name":"Suomen Tiedeseura","article_publisher":"https:\/\/www.facebook.com\/societas.scientiarum","article_modified_time":"2025-05-21T12:19:00+00:00","twitter_card":"summary_large_image","twitter_site":"@tiedeseura","twitter_misc":{"Arvioitu lukuaika":"4 minuuttia"},"schema":{"@context":"https:\/\/schema.org","@graph":[{"@type":"WebPage","@id":"https:\/\/scientiarum.fi\/lararpris-1998\/","url":"https:\/\/scientiarum.fi\/lararpris-1998\/","name":"Opettajapalkinnot - Suomen Tiedeseura","isPartOf":{"@id":"https:\/\/scientiarum.fi\/#website"},"datePublished":"2023-06-19T07:54:01+00:00","dateModified":"2025-05-21T12:19:00+00:00","breadcrumb":{"@id":"https:\/\/scientiarum.fi\/lararpris-1998\/#breadcrumb"},"inLanguage":"fi","potentialAction":[{"@type":"ReadAction","target":["https:\/\/scientiarum.fi\/lararpris-1998\/"]}]},{"@type":"BreadcrumbList","@id":"https:\/\/scientiarum.fi\/lararpris-1998\/#breadcrumb","itemListElement":[{"@type":"ListItem","position":1,"name":"Home","item":"https:\/\/scientiarum.fi\/"},{"@type":"ListItem","position":2,"name":"Opettajapalkinnot"}]},{"@type":"WebSite","@id":"https:\/\/scientiarum.fi\/#website","url":"https:\/\/scientiarum.fi\/","name":"Finska Vetenskaps-Societeten","description":"","publisher":{"@id":"https:\/\/scientiarum.fi\/#organization"},"potentialAction":[{"@type":"SearchAction","target":{"@type":"EntryPoint","urlTemplate":"https:\/\/scientiarum.fi\/?s={search_term_string}"},"query-input":{"@type":"PropertyValueSpecification","valueRequired":true,"valueName":"search_term_string"}}],"inLanguage":"fi"},{"@type":"Organization","@id":"https:\/\/scientiarum.fi\/#organization","name":"Finska Vetenskaps-Societeten","url":"https:\/\/scientiarum.fi\/","logo":{"@type":"ImageObject","inLanguage":"fi","@id":"https:\/\/scientiarum.fi\/#\/schema\/logo\/image\/","url":"","contentUrl":"","caption":"Finska Vetenskaps-Societeten"},"image":{"@id":"https:\/\/scientiarum.fi\/#\/schema\/logo\/image\/"},"sameAs":["https:\/\/www.facebook.com\/societas.scientiarum","https:\/\/x.com\/tiedeseura","https:\/\/www.linkedin.com\/company\/finska-vetenskaps-societeten-the-finnish-society-of-sciences-and-letters\/"]}]}},"_links":{"self":[{"href":"https:\/\/scientiarum.fi\/fi\/wp-json\/wp\/v2\/pages\/7453","targetHints":{"allow":["GET"]}}],"collection":[{"href":"https:\/\/scientiarum.fi\/fi\/wp-json\/wp\/v2\/pages"}],"about":[{"href":"https:\/\/scientiarum.fi\/fi\/wp-json\/wp\/v2\/types\/page"}],"author":[{"embeddable":true,"href":"https:\/\/scientiarum.fi\/fi\/wp-json\/wp\/v2\/users\/2"}],"replies":[{"embeddable":true,"href":"https:\/\/scientiarum.fi\/fi\/wp-json\/wp\/v2\/comments?post=7453"}],"version-history":[{"count":5,"href":"https:\/\/scientiarum.fi\/fi\/wp-json\/wp\/v2\/pages\/7453\/revisions"}],"predecessor-version":[{"id":7458,"href":"https:\/\/scientiarum.fi\/fi\/wp-json\/wp\/v2\/pages\/7453\/revisions\/7458"}],"wp:attachment":[{"href":"https:\/\/scientiarum.fi\/fi\/wp-json\/wp\/v2\/media?parent=7453"}],"curies":[{"name":"wp","href":"https:\/\/api.w.org\/{rel}","templated":true}]}}