{"id":7345,"date":"2023-06-19T10:51:44","date_gmt":"2023-06-19T07:51:44","guid":{"rendered":"https:\/\/scientiarum.fi\/magnus-ehrnroothin-palkinto\/"},"modified":"2025-05-21T14:50:30","modified_gmt":"2025-05-21T11:50:30","slug":"magnus-ehrnroothin-palkinto","status":"publish","type":"page","link":"https:\/\/scientiarum.fi\/fi\/magnus-ehrnroothin-palkinto\/","title":{"rendered":"Magnus Ehrnroothin palkinto"},"content":{"rendered":"<p>[et_pb_section fb_built=&#8221;1&#8243; _builder_version=&#8221;4.21.0&#8243; _module_preset=&#8221;default&#8221; global_colors_info=&#8221;{}&#8221;][et_pb_row _builder_version=&#8221;4.21.0&#8243; _module_preset=&#8221;default&#8221; custom_margin=&#8221;0px||0px||false|false&#8221; custom_padding=&#8221;0px||0px||false|false&#8221; global_colors_info=&#8221;{}&#8221;][et_pb_column type=&#8221;4_4&#8243; _builder_version=&#8221;4.21.0&#8243; _module_preset=&#8221;default&#8221; global_colors_info=&#8221;{}&#8221;][et_pb_image src=&#8221;https:\/\/scientiarum.fi\/wp-content\/uploads\/2023\/06\/banner-small.jpg&#8221; title_text=&#8221;banner-small&#8221; _builder_version=&#8221;4.21.0&#8243; _module_preset=&#8221;default&#8221; global_colors_info=&#8221;{}&#8221;][\/et_pb_image][\/et_pb_column][\/et_pb_row][et_pb_row _builder_version=&#8221;4.21.0&#8243; _module_preset=&#8221;default&#8221; custom_margin=&#8221;50px||0px||false|false&#8221; custom_padding=&#8221;0px||0px||false|false&#8221; global_colors_info=&#8221;{}&#8221;][et_pb_column type=&#8221;4_4&#8243; _builder_version=&#8221;4.21.0&#8243; _module_preset=&#8221;default&#8221; global_colors_info=&#8221;{}&#8221;][et_pb_text module_class=&#8221;defwp&#8221; _builder_version=&#8221;4.27.3&#8243; _module_preset=&#8221;1b686adf-681b-484a-9fee-595f92a65ad5&#8243; text_orientation=&#8221;center&#8221; global_colors_info=&#8221;{}&#8221;]<\/p>\n<h1>Magnus Ehrnroothin palkinto<\/h1>\n<p>[\/et_pb_text][\/et_pb_column][\/et_pb_row][et_pb_row column_structure=&#8221;1_3,1_3,1_3&#8243; _builder_version=&#8221;4.27.3&#8243; _module_preset=&#8221;default&#8221; global_colors_info=&#8221;{}&#8221;][et_pb_column type=&#8221;1_3&#8243; _builder_version=&#8221;4.27.3&#8243; _module_preset=&#8221;default&#8221; global_colors_info=&#8221;{}&#8221;][\/et_pb_column][et_pb_column type=&#8221;1_3&#8243; _builder_version=&#8221;4.27.3&#8243; _module_preset=&#8221;default&#8221; global_colors_info=&#8221;{}&#8221;][et_pb_text _builder_version=&#8221;4.27.3&#8243; _module_preset=&#8221;default&#8221; hover_enabled=&#8221;0&#8243; global_colors_info=&#8221;{}&#8221; sticky_enabled=&#8221;0&#8243;]<\/p>\n<div>\n<div><span>1986 Lehto Olli, matematiikka<\/span><\/div>\n<div><span>1989 Nieminen Risto, fysiikka<\/span><\/div>\n<div><span>1990 Lounasmaa Mauri, kemia<\/span><\/div>\n<div><span>1991 Salomaa Arto, matematiikka<\/span><\/div>\n<div><span>1992 Hautoj\u00e4rvi Pekka, fysiikka<\/span><\/div>\n<div><span>1993 T\u00f6rm\u00e4l\u00e4 Pentti, kemia<\/span><\/div>\n<div><span>1994 Rickman Seppo, matematiikka<\/span><\/div>\n<div><span>1995 Manninen Matti, fysiikka<\/span><\/div>\n<div><span>1996 Pakkanen Tapani, kemia<\/span><\/div>\n<div><span>1997 Illman S\u00f6ren, matematiikka<\/span><\/div>\n<div><span>1998 Enqvist Kari, fysiikka<\/span><\/div>\n<div><span>1999 Stenius Per, kemia<\/span><\/div>\n<div><span>2000 Mattila Pertti, matematiikka<\/span><\/div>\n<div><span>2001 Suominen Kalle-Antti, fysiikka<\/span><\/div>\n<div><span>2002 Leskel\u00e4 Markku, kemia<\/span><\/div>\n<div><span>2003 Astala Kari, matematiikka<\/span><\/div>\n<div><span>2004 Saarinen Kimmo, fysiikka<\/span><\/div>\n<div><span>2005 Rissanen Kari , kemia<\/span><\/div>\n<div><span>2006 P\u00e4iv\u00e4rinta Lassi, matematiikka<\/span><\/div>\n<div><span>2007 Nordlund Kai, fysiikka<\/span><\/div>\n<div><span>2008 Riekkola Marja-Liisa, kemia<\/span><\/div>\n<div><span>2009 Kupiainen Antti, matematiikka<\/span><\/div>\n<div><span>2010 Vehkam\u00e4ki Hanna, fysiikka<\/span><\/div>\n<div><span>2011 Salmi Tapio, kemia<\/span><\/div>\n<div><span>2012 Koskela Pekka, matematiikka<\/span><\/div>\n<div><span>2013 Vattulainen Ilpo, fysiikka<\/span><\/div>\n<div><span>2014 Slotte Peter, kemia<\/span><\/div>\n<div><span>2015 Nyberg Kaisa, matematiikka<\/span><\/div>\n<div><span>2016 Kainulainen Kimmo, fysiikka<\/span><\/div>\n<div><span>2017 Johansson Peter, suurstipendi (tutkimusm\u00e4\u00e4r\u00e4raha)<\/span><\/div>\n<div><span>2018 Saksman Eero, matematiikka<\/span><\/div>\n<div><span>2019 T\u00f6rm\u00e4 P\u00e4ivi, fysiikka<\/span><\/div>\n<div><span>2020 Ritala Mikko, kemia<\/span><\/div>\n<div><span>2021 Kari Jarkko, matematiikka<\/span><\/div>\n<div><span>2022 Vuorinen Aleksi, fysiikka<\/span><\/div>\n<div><span>2023 Kostiainen Mauri, kemia<\/span><\/div>\n<div><span>2024 V\u00e4\u00e4n\u00e4nen Jouko, matematiikka<\/span><\/div>\n<div><span>2025 Pekola Jukka, fysiikka<\/span><\/div>\n<\/div>\n<p>[\/et_pb_text][\/et_pb_column][et_pb_column type=&#8221;1_3&#8243; _builder_version=&#8221;4.27.3&#8243; _module_preset=&#8221;default&#8221; global_colors_info=&#8221;{}&#8221;][\/et_pb_column][\/et_pb_row][\/et_pb_section]<\/p>\n","protected":false},"excerpt":{"rendered":"<p>Magnus Ehrnroothin palkinto 1986 Lehto Olli, matematiikka 1989 Nieminen Risto, fysiikka 1990 Lounasmaa Mauri, kemia 1991 Salomaa Arto, matematiikka 1992 Hautoj\u00e4rvi Pekka, fysiikka 1993 T\u00f6rm\u00e4l\u00e4 Pentti, kemia 1994 Rickman Seppo, matematiikka 1995 Manninen Matti, fysiikka 1996 Pakkanen Tapani, kemia 1997 Illman S\u00f6ren, matematiikka 1998 Enqvist Kari, fysiikka 1999 Stenius Per, kemia 2000 Mattila Pertti, matematiikka [&hellip;]<\/p>\n","protected":false},"author":2,"featured_media":0,"parent":0,"menu_order":0,"comment_status":"closed","ping_status":"closed","template":"","meta":{"_acf_changed":false,"_et_pb_use_builder":"on","_et_pb_old_content":"","_et_gb_content_width":"","footnotes":""},"class_list":["post-7345","page","type-page","status-publish","hentry"],"acf":[],"yoast_head":"<!-- This site is optimized with the Yoast SEO plugin v27.3 - https:\/\/yoast.com\/product\/yoast-seo-wordpress\/ -->\n<title>Magnus Ehrnroothin palkinto - Suomen Tiedeseura<\/title>\n<meta name=\"robots\" content=\"index, follow, max-snippet:-1, max-image-preview:large, max-video-preview:-1\" \/>\n<link rel=\"canonical\" href=\"https:\/\/scientiarum.fi\/fi\/magnus-ehrnroothin-palkinto\/\" \/>\n<meta property=\"og:locale\" content=\"fi_FI\" \/>\n<meta property=\"og:type\" content=\"article\" \/>\n<meta property=\"og:title\" content=\"Magnus Ehrnroothin palkinto - Suomen Tiedeseura\" \/>\n<meta property=\"og:description\" content=\"Magnus Ehrnroothin palkinto 1986 Lehto Olli, matematiikka 1989 Nieminen Risto, fysiikka 1990 Lounasmaa Mauri, kemia 1991 Salomaa Arto, matematiikka 1992 Hautoj\u00e4rvi Pekka, fysiikka 1993 T\u00f6rm\u00e4l\u00e4 Pentti, kemia 1994 Rickman Seppo, matematiikka 1995 Manninen Matti, fysiikka 1996 Pakkanen Tapani, kemia 1997 Illman S\u00f6ren, matematiikka 1998 Enqvist Kari, fysiikka 1999 Stenius Per, kemia 2000 Mattila Pertti, matematiikka [&hellip;]\" \/>\n<meta property=\"og:url\" content=\"https:\/\/scientiarum.fi\/fi\/magnus-ehrnroothin-palkinto\/\" \/>\n<meta property=\"og:site_name\" content=\"Suomen Tiedeseura\" \/>\n<meta property=\"article:publisher\" content=\"https:\/\/www.facebook.com\/societas.scientiarum\" \/>\n<meta property=\"article:modified_time\" content=\"2025-05-21T11:50:30+00:00\" \/>\n<meta name=\"twitter:card\" content=\"summary_large_image\" \/>\n<meta name=\"twitter:site\" content=\"@tiedeseura\" \/>\n<meta name=\"twitter:label1\" content=\"Arvioitu lukuaika\" \/>\n\t<meta name=\"twitter:data1\" content=\"2 minuuttia\" \/>\n<script type=\"application\/ld+json\" class=\"yoast-schema-graph\">{\"@context\":\"https:\\\/\\\/schema.org\",\"@graph\":[{\"@type\":\"WebPage\",\"@id\":\"https:\\\/\\\/scientiarum.fi\\\/fi\\\/magnus-ehrnroothin-palkinto\\\/\",\"url\":\"https:\\\/\\\/scientiarum.fi\\\/fi\\\/magnus-ehrnroothin-palkinto\\\/\",\"name\":\"Magnus Ehrnroothin palkinto - Suomen Tiedeseura\",\"isPartOf\":{\"@id\":\"https:\\\/\\\/scientiarum.fi\\\/#website\"},\"datePublished\":\"2023-06-19T07:51:44+00:00\",\"dateModified\":\"2025-05-21T11:50:30+00:00\",\"breadcrumb\":{\"@id\":\"https:\\\/\\\/scientiarum.fi\\\/fi\\\/magnus-ehrnroothin-palkinto\\\/#breadcrumb\"},\"inLanguage\":\"fi\",\"potentialAction\":[{\"@type\":\"ReadAction\",\"target\":[\"https:\\\/\\\/scientiarum.fi\\\/fi\\\/magnus-ehrnroothin-palkinto\\\/\"]}]},{\"@type\":\"BreadcrumbList\",\"@id\":\"https:\\\/\\\/scientiarum.fi\\\/fi\\\/magnus-ehrnroothin-palkinto\\\/#breadcrumb\",\"itemListElement\":[{\"@type\":\"ListItem\",\"position\":1,\"name\":\"Home\",\"item\":\"https:\\\/\\\/scientiarum.fi\\\/\"},{\"@type\":\"ListItem\",\"position\":2,\"name\":\"Magnus Ehrnroothin palkinto\"}]},{\"@type\":\"WebSite\",\"@id\":\"https:\\\/\\\/scientiarum.fi\\\/#website\",\"url\":\"https:\\\/\\\/scientiarum.fi\\\/\",\"name\":\"Finska Vetenskaps-Societeten\",\"description\":\"\",\"publisher\":{\"@id\":\"https:\\\/\\\/scientiarum.fi\\\/#organization\"},\"potentialAction\":[{\"@type\":\"SearchAction\",\"target\":{\"@type\":\"EntryPoint\",\"urlTemplate\":\"https:\\\/\\\/scientiarum.fi\\\/?s={search_term_string}\"},\"query-input\":{\"@type\":\"PropertyValueSpecification\",\"valueRequired\":true,\"valueName\":\"search_term_string\"}}],\"inLanguage\":\"fi\"},{\"@type\":\"Organization\",\"@id\":\"https:\\\/\\\/scientiarum.fi\\\/#organization\",\"name\":\"Finska Vetenskaps-Societeten\",\"url\":\"https:\\\/\\\/scientiarum.fi\\\/\",\"logo\":{\"@type\":\"ImageObject\",\"inLanguage\":\"fi\",\"@id\":\"https:\\\/\\\/scientiarum.fi\\\/#\\\/schema\\\/logo\\\/image\\\/\",\"url\":\"\",\"contentUrl\":\"\",\"caption\":\"Finska Vetenskaps-Societeten\"},\"image\":{\"@id\":\"https:\\\/\\\/scientiarum.fi\\\/#\\\/schema\\\/logo\\\/image\\\/\"},\"sameAs\":[\"https:\\\/\\\/www.facebook.com\\\/societas.scientiarum\",\"https:\\\/\\\/x.com\\\/tiedeseura\",\"https:\\\/\\\/www.linkedin.com\\\/company\\\/finska-vetenskaps-societeten-the-finnish-society-of-sciences-and-letters\\\/\"]}]}<\/script>\n<!-- \/ Yoast SEO plugin. -->","yoast_head_json":{"title":"Magnus Ehrnroothin palkinto - Suomen Tiedeseura","robots":{"index":"index","follow":"follow","max-snippet":"max-snippet:-1","max-image-preview":"max-image-preview:large","max-video-preview":"max-video-preview:-1"},"canonical":"https:\/\/scientiarum.fi\/fi\/magnus-ehrnroothin-palkinto\/","og_locale":"fi_FI","og_type":"article","og_title":"Magnus Ehrnroothin palkinto - Suomen Tiedeseura","og_description":"Magnus Ehrnroothin palkinto 1986 Lehto Olli, matematiikka 1989 Nieminen Risto, fysiikka 1990 Lounasmaa Mauri, kemia 1991 Salomaa Arto, matematiikka 1992 Hautoj\u00e4rvi Pekka, fysiikka 1993 T\u00f6rm\u00e4l\u00e4 Pentti, kemia 1994 Rickman Seppo, matematiikka 1995 Manninen Matti, fysiikka 1996 Pakkanen Tapani, kemia 1997 Illman S\u00f6ren, matematiikka 1998 Enqvist Kari, fysiikka 1999 Stenius Per, kemia 2000 Mattila Pertti, matematiikka [&hellip;]","og_url":"https:\/\/scientiarum.fi\/fi\/magnus-ehrnroothin-palkinto\/","og_site_name":"Suomen Tiedeseura","article_publisher":"https:\/\/www.facebook.com\/societas.scientiarum","article_modified_time":"2025-05-21T11:50:30+00:00","twitter_card":"summary_large_image","twitter_site":"@tiedeseura","twitter_misc":{"Arvioitu lukuaika":"2 minuuttia"},"schema":{"@context":"https:\/\/schema.org","@graph":[{"@type":"WebPage","@id":"https:\/\/scientiarum.fi\/fi\/magnus-ehrnroothin-palkinto\/","url":"https:\/\/scientiarum.fi\/fi\/magnus-ehrnroothin-palkinto\/","name":"Magnus Ehrnroothin palkinto - Suomen Tiedeseura","isPartOf":{"@id":"https:\/\/scientiarum.fi\/#website"},"datePublished":"2023-06-19T07:51:44+00:00","dateModified":"2025-05-21T11:50:30+00:00","breadcrumb":{"@id":"https:\/\/scientiarum.fi\/fi\/magnus-ehrnroothin-palkinto\/#breadcrumb"},"inLanguage":"fi","potentialAction":[{"@type":"ReadAction","target":["https:\/\/scientiarum.fi\/fi\/magnus-ehrnroothin-palkinto\/"]}]},{"@type":"BreadcrumbList","@id":"https:\/\/scientiarum.fi\/fi\/magnus-ehrnroothin-palkinto\/#breadcrumb","itemListElement":[{"@type":"ListItem","position":1,"name":"Home","item":"https:\/\/scientiarum.fi\/"},{"@type":"ListItem","position":2,"name":"Magnus Ehrnroothin palkinto"}]},{"@type":"WebSite","@id":"https:\/\/scientiarum.fi\/#website","url":"https:\/\/scientiarum.fi\/","name":"Finska Vetenskaps-Societeten","description":"","publisher":{"@id":"https:\/\/scientiarum.fi\/#organization"},"potentialAction":[{"@type":"SearchAction","target":{"@type":"EntryPoint","urlTemplate":"https:\/\/scientiarum.fi\/?s={search_term_string}"},"query-input":{"@type":"PropertyValueSpecification","valueRequired":true,"valueName":"search_term_string"}}],"inLanguage":"fi"},{"@type":"Organization","@id":"https:\/\/scientiarum.fi\/#organization","name":"Finska Vetenskaps-Societeten","url":"https:\/\/scientiarum.fi\/","logo":{"@type":"ImageObject","inLanguage":"fi","@id":"https:\/\/scientiarum.fi\/#\/schema\/logo\/image\/","url":"","contentUrl":"","caption":"Finska Vetenskaps-Societeten"},"image":{"@id":"https:\/\/scientiarum.fi\/#\/schema\/logo\/image\/"},"sameAs":["https:\/\/www.facebook.com\/societas.scientiarum","https:\/\/x.com\/tiedeseura","https:\/\/www.linkedin.com\/company\/finska-vetenskaps-societeten-the-finnish-society-of-sciences-and-letters\/"]}]}},"_links":{"self":[{"href":"https:\/\/scientiarum.fi\/fi\/wp-json\/wp\/v2\/pages\/7345","targetHints":{"allow":["GET"]}}],"collection":[{"href":"https:\/\/scientiarum.fi\/fi\/wp-json\/wp\/v2\/pages"}],"about":[{"href":"https:\/\/scientiarum.fi\/fi\/wp-json\/wp\/v2\/types\/page"}],"author":[{"embeddable":true,"href":"https:\/\/scientiarum.fi\/fi\/wp-json\/wp\/v2\/users\/2"}],"replies":[{"embeddable":true,"href":"https:\/\/scientiarum.fi\/fi\/wp-json\/wp\/v2\/comments?post=7345"}],"version-history":[{"count":5,"href":"https:\/\/scientiarum.fi\/fi\/wp-json\/wp\/v2\/pages\/7345\/revisions"}],"predecessor-version":[{"id":7448,"href":"https:\/\/scientiarum.fi\/fi\/wp-json\/wp\/v2\/pages\/7345\/revisions\/7448"}],"wp:attachment":[{"href":"https:\/\/scientiarum.fi\/fi\/wp-json\/wp\/v2\/media?parent=7345"}],"curies":[{"name":"wp","href":"https:\/\/api.w.org\/{rel}","templated":true}]}}