{"id":7318,"date":"2023-06-19T10:41:25","date_gmt":"2023-06-19T07:41:25","guid":{"rendered":"https:\/\/scientiarum.fi\/suomen-tiedeseuran-suuri-palkinto-professori-e-j-nystromin-palkinto\/"},"modified":"2025-05-21T14:04:02","modified_gmt":"2025-05-21T11:04:02","slug":"suomen-tiedeseuran-suuri-palkinto-professori-e-j-nystromin-palkinto","status":"publish","type":"page","link":"https:\/\/scientiarum.fi\/fi\/suomen-tiedeseuran-suuri-palkinto-professori-e-j-nystromin-palkinto\/","title":{"rendered":"Suomen Tiedeseuran suuri palkinto \u2013 Professori E.J. Nystr\u00f6min palkinto"},"content":{"rendered":"<p>[et_pb_section fb_built=&#8221;1&#8243; _builder_version=&#8221;4.21.0&#8243; _module_preset=&#8221;default&#8221; global_colors_info=&#8221;{}&#8221;][et_pb_row _builder_version=&#8221;4.21.0&#8243; _module_preset=&#8221;default&#8221; custom_margin=&#8221;0px||0px||false|false&#8221; custom_padding=&#8221;0px||0px||false|false&#8221; global_colors_info=&#8221;{}&#8221;][et_pb_column type=&#8221;4_4&#8243; _builder_version=&#8221;4.21.0&#8243; _module_preset=&#8221;default&#8221; global_colors_info=&#8221;{}&#8221;][et_pb_image src=&#8221;https:\/\/scientiarum.fi\/wp-content\/uploads\/2023\/06\/banner-small.jpg&#8221; title_text=&#8221;banner-small&#8221; _builder_version=&#8221;4.21.0&#8243; _module_preset=&#8221;default&#8221; global_colors_info=&#8221;{}&#8221;][\/et_pb_image][\/et_pb_column][\/et_pb_row][et_pb_row _builder_version=&#8221;4.21.0&#8243; _module_preset=&#8221;default&#8221; custom_margin=&#8221;50px||0px||false|false&#8221; custom_padding=&#8221;0px||0px||false|false&#8221; global_colors_info=&#8221;{}&#8221;][et_pb_column type=&#8221;4_4&#8243; _builder_version=&#8221;4.21.0&#8243; _module_preset=&#8221;default&#8221; global_colors_info=&#8221;{}&#8221;][et_pb_text _builder_version=&#8221;4.27.3&#8243; _module_preset=&#8221;default&#8221; text_orientation=&#8221;center&#8221; global_colors_info=&#8221;{}&#8221;]<\/p>\n<h1>Suomen Tiedeseuran suuri palkinto \u2013 <br \/>Professori E.J. Nystr\u00f6min palkinto<\/h1>\n<p>[\/et_pb_text][\/et_pb_column][\/et_pb_row][et_pb_row column_structure=&#8221;1_3,1_3,1_3&#8243; _builder_version=&#8221;4.27.3&#8243; _module_preset=&#8221;default&#8221; custom_margin=&#8221;0px||0px||false|false&#8221; custom_padding=&#8221;0px||0px||true|false&#8221; global_colors_info=&#8221;{}&#8221;][et_pb_column type=&#8221;1_3&#8243; _builder_version=&#8221;4.27.3&#8243; _module_preset=&#8221;default&#8221; custom_padding=&#8221;0px||0px||false|false&#8221; global_colors_info=&#8221;{}&#8221;][\/et_pb_column][et_pb_column type=&#8221;1_3&#8243; _builder_version=&#8221;4.27.3&#8243; _module_preset=&#8221;default&#8221; custom_padding=&#8221;0px||0px||false|false&#8221; global_colors_info=&#8221;{}&#8221;][et_pb_text _builder_version=&#8221;4.27.3&#8243; _module_preset=&#8221;default&#8221; module_alignment=&#8221;center&#8221; min_height=&#8221;2233px&#8221; custom_margin=&#8221;||||false|false&#8221; hover_enabled=&#8221;0&#8243; text_font_size_tablet=&#8221;&#8221; text_font_size_phone=&#8221;&#8221; text_font_size_last_edited=&#8221;on|desktop&#8221; module_alignment_tablet=&#8221;center&#8221; module_alignment_phone=&#8221;center&#8221; module_alignment_last_edited=&#8221;on|phone&#8221; global_colors_info=&#8221;{}&#8221; sticky_enabled=&#8221;0&#8243;]<\/p>\n<p>1962 Lehto Olli<br \/>1962 Virtanen K.I.<br \/>1963 Kalela Olavi<br \/>1964 Pirinen Kauko<br \/>1964 \u00c5str\u00f6m Sven-Erik<br \/>1965 Ringbom Anders<br \/>1966 Toivonen Sulo<br \/>1967 Allardt Erik<br \/>1968 Enkvist T.<br \/>1969 Gyllenberg Helge<br \/>1970 von Wright G.H.<br \/>1971 Lindman Sven<br \/>1972 Spring Erik<br \/>1973 Langenski\u00f6ld Anders<br \/>1974 Tavaststjerna Erik<br \/>1975 Taxell Lars-Erik<br \/>1976 Elfving Gustav<br \/>1977 Palmgren Pontus<br \/>1978 Zilliacus Henrik<br \/>1979 Fougstedt Gunnar<br \/>1980 Stubb T.<br \/>1981 de la Chapelle Albert<br \/>1982 Pettersson Lars<br \/>1983 Westermarck Nils<br \/>1984 Blomberg H.<br \/>1985 Jalas Jaakko<br \/>1986 Enkvist N. E.<br \/>1987 Palkintoa ei jaettu<br \/>1988 Donner Joakim<br \/>1988 Kurt\u00e9n Bj\u00f6rn<br \/>1988 Hintikka Jaakko<br \/>1988 Anckar Dag<br \/>1989 von Wright Johan<br \/>1990 Lindberg J.J.<br \/>1991 von Haartman Lars<br \/>1992 Ringbom Sixten<br \/>1993 Ter\u00e4svirta Timo<br \/>1994 Riska Dan-Olof<br \/>1995 Wikstr\u00f6m M\u00e5rten<br \/>1996 Karlsson Fred<br \/>1997 Carlsson Christer<br \/>1998 Pyykk\u00f6 Pekka<br \/>1999 Lamberg Bror-Axel<br \/>2000 Klinge Matti<br \/>2000 Ylikangas Heikki<br \/>2001 Bj\u00f6rne Lars<br \/>2002 Hoyer Paul<br \/>2003 Andersson Leif C.<br \/>2004 Wrede Johan<br \/>2005 Riska Elianne<br \/>2006 Valtonen Mauri<br \/>2007 Hanski Ilkka<br \/>2008 Hakulinen Auli<br \/>2009 Karvonen Lauri<br \/>2010 Staffans Olof<br \/>2011 Thesleff Irma<br \/>2012 Palkintoa ei jaettu<br \/>2013 Sundholm Dage<br \/>2013 Vaheri Antti<br \/>2013 L\u00f6nnqvist Bo<br \/>2013 Gr\u00f6nroos Christian<br \/>2014 Janhunen Juha<br \/>2015 Holm Gunilla<br \/>2016 Eerola Paula<br \/>2017 Fortelius Mikael<br \/>2018 Tarasti Eero<br \/>2019 Koskenniemi Martti<br \/>2020 Lassas Matti<br \/>2021 Pihlajaniemi Taina<br \/>2022 Saarikivi Janne<br \/>2023 Salmela-Aho Katariina<br \/>2024 Rosenholm Jessica<br \/>2025 Andersson Leif B.<\/p>\n<p>[\/et_pb_text][\/et_pb_column][et_pb_column type=&#8221;1_3&#8243; _builder_version=&#8221;4.27.3&#8243; _module_preset=&#8221;default&#8221; custom_padding=&#8221;0px||0px||false|false&#8221; global_colors_info=&#8221;{}&#8221;][\/et_pb_column][\/et_pb_row][\/et_pb_section]<\/p>\n","protected":false},"excerpt":{"rendered":"<p>Suomen Tiedeseuran suuri palkinto \u2013 Professori E.J. Nystr\u00f6min palkinto1962 Lehto Olli1962 Virtanen K.I.1963 Kalela Olavi1964 Pirinen Kauko1964 \u00c5str\u00f6m Sven-Erik1965 Ringbom Anders1966 Toivonen Sulo1967 Allardt Erik1968 Enkvist T.1969 Gyllenberg Helge1970 von Wright G.H.1971 Lindman Sven1972 Spring Erik1973 Langenski\u00f6ld Anders1974 Tavaststjerna Erik1975 Taxell Lars-Erik1976 Elfving Gustav1977 Palmgren Pontus1978 Zilliacus Henrik1979 Fougstedt Gunnar1980 Stubb T.1981 de la Chapelle [&hellip;]<\/p>\n","protected":false},"author":2,"featured_media":0,"parent":0,"menu_order":0,"comment_status":"closed","ping_status":"closed","template":"","meta":{"_acf_changed":false,"_et_pb_use_builder":"on","_et_pb_old_content":"","_et_gb_content_width":"","footnotes":""},"class_list":["post-7318","page","type-page","status-publish","hentry"],"acf":[],"yoast_head":"<!-- This site is optimized with the Yoast SEO plugin v27.3 - https:\/\/yoast.com\/product\/yoast-seo-wordpress\/ -->\n<title>Suomen Tiedeseuran suuri palkinto \u2013 Professori E.J. Nystr\u00f6min palkinto - Suomen Tiedeseura<\/title>\n<meta name=\"robots\" content=\"index, follow, max-snippet:-1, max-image-preview:large, max-video-preview:-1\" \/>\n<link rel=\"canonical\" href=\"https:\/\/scientiarum.fi\/fi\/suomen-tiedeseuran-suuri-palkinto-professori-e-j-nystromin-palkinto\/\" \/>\n<meta property=\"og:locale\" content=\"fi_FI\" \/>\n<meta property=\"og:type\" content=\"article\" \/>\n<meta property=\"og:title\" content=\"Suomen Tiedeseuran suuri palkinto \u2013 Professori E.J. Nystr\u00f6min palkinto - Suomen Tiedeseura\" \/>\n<meta property=\"og:description\" content=\"Suomen Tiedeseuran suuri palkinto \u2013 Professori E.J. Nystr\u00f6min palkinto1962 Lehto Olli1962 Virtanen K.I.1963 Kalela Olavi1964 Pirinen Kauko1964 \u00c5str\u00f6m Sven-Erik1965 Ringbom Anders1966 Toivonen Sulo1967 Allardt Erik1968 Enkvist T.1969 Gyllenberg Helge1970 von Wright G.H.1971 Lindman Sven1972 Spring Erik1973 Langenski\u00f6ld Anders1974 Tavaststjerna Erik1975 Taxell Lars-Erik1976 Elfving Gustav1977 Palmgren Pontus1978 Zilliacus Henrik1979 Fougstedt Gunnar1980 Stubb T.1981 de la Chapelle [&hellip;]\" \/>\n<meta property=\"og:url\" content=\"https:\/\/scientiarum.fi\/fi\/suomen-tiedeseuran-suuri-palkinto-professori-e-j-nystromin-palkinto\/\" \/>\n<meta property=\"og:site_name\" content=\"Suomen Tiedeseura\" \/>\n<meta property=\"article:publisher\" content=\"https:\/\/www.facebook.com\/societas.scientiarum\" \/>\n<meta property=\"article:modified_time\" content=\"2025-05-21T11:04:02+00:00\" \/>\n<meta name=\"twitter:card\" content=\"summary_large_image\" \/>\n<meta name=\"twitter:site\" content=\"@tiedeseura\" \/>\n<meta name=\"twitter:label1\" content=\"Arvioitu lukuaika\" \/>\n\t<meta name=\"twitter:data1\" content=\"2 minuuttia\" \/>\n<script type=\"application\/ld+json\" class=\"yoast-schema-graph\">{\"@context\":\"https:\\\/\\\/schema.org\",\"@graph\":[{\"@type\":\"WebPage\",\"@id\":\"https:\\\/\\\/scientiarum.fi\\\/fi\\\/suomen-tiedeseuran-suuri-palkinto-professori-e-j-nystromin-palkinto\\\/\",\"url\":\"https:\\\/\\\/scientiarum.fi\\\/fi\\\/suomen-tiedeseuran-suuri-palkinto-professori-e-j-nystromin-palkinto\\\/\",\"name\":\"Suomen Tiedeseuran suuri palkinto \u2013 Professori E.J. Nystr\u00f6min palkinto - Suomen Tiedeseura\",\"isPartOf\":{\"@id\":\"https:\\\/\\\/scientiarum.fi\\\/#website\"},\"datePublished\":\"2023-06-19T07:41:25+00:00\",\"dateModified\":\"2025-05-21T11:04:02+00:00\",\"breadcrumb\":{\"@id\":\"https:\\\/\\\/scientiarum.fi\\\/fi\\\/suomen-tiedeseuran-suuri-palkinto-professori-e-j-nystromin-palkinto\\\/#breadcrumb\"},\"inLanguage\":\"fi\",\"potentialAction\":[{\"@type\":\"ReadAction\",\"target\":[\"https:\\\/\\\/scientiarum.fi\\\/fi\\\/suomen-tiedeseuran-suuri-palkinto-professori-e-j-nystromin-palkinto\\\/\"]}]},{\"@type\":\"BreadcrumbList\",\"@id\":\"https:\\\/\\\/scientiarum.fi\\\/fi\\\/suomen-tiedeseuran-suuri-palkinto-professori-e-j-nystromin-palkinto\\\/#breadcrumb\",\"itemListElement\":[{\"@type\":\"ListItem\",\"position\":1,\"name\":\"Home\",\"item\":\"https:\\\/\\\/scientiarum.fi\\\/\"},{\"@type\":\"ListItem\",\"position\":2,\"name\":\"Suomen Tiedeseuran suuri palkinto \u2013 Professori E.J. Nystr\u00f6min palkinto\"}]},{\"@type\":\"WebSite\",\"@id\":\"https:\\\/\\\/scientiarum.fi\\\/#website\",\"url\":\"https:\\\/\\\/scientiarum.fi\\\/\",\"name\":\"Finska Vetenskaps-Societeten\",\"description\":\"\",\"publisher\":{\"@id\":\"https:\\\/\\\/scientiarum.fi\\\/#organization\"},\"potentialAction\":[{\"@type\":\"SearchAction\",\"target\":{\"@type\":\"EntryPoint\",\"urlTemplate\":\"https:\\\/\\\/scientiarum.fi\\\/?s={search_term_string}\"},\"query-input\":{\"@type\":\"PropertyValueSpecification\",\"valueRequired\":true,\"valueName\":\"search_term_string\"}}],\"inLanguage\":\"fi\"},{\"@type\":\"Organization\",\"@id\":\"https:\\\/\\\/scientiarum.fi\\\/#organization\",\"name\":\"Finska Vetenskaps-Societeten\",\"url\":\"https:\\\/\\\/scientiarum.fi\\\/\",\"logo\":{\"@type\":\"ImageObject\",\"inLanguage\":\"fi\",\"@id\":\"https:\\\/\\\/scientiarum.fi\\\/#\\\/schema\\\/logo\\\/image\\\/\",\"url\":\"\",\"contentUrl\":\"\",\"caption\":\"Finska Vetenskaps-Societeten\"},\"image\":{\"@id\":\"https:\\\/\\\/scientiarum.fi\\\/#\\\/schema\\\/logo\\\/image\\\/\"},\"sameAs\":[\"https:\\\/\\\/www.facebook.com\\\/societas.scientiarum\",\"https:\\\/\\\/x.com\\\/tiedeseura\",\"https:\\\/\\\/www.linkedin.com\\\/company\\\/finska-vetenskaps-societeten-the-finnish-society-of-sciences-and-letters\\\/\"]}]}<\/script>\n<!-- \/ Yoast SEO plugin. -->","yoast_head_json":{"title":"Suomen Tiedeseuran suuri palkinto \u2013 Professori E.J. Nystr\u00f6min palkinto - Suomen Tiedeseura","robots":{"index":"index","follow":"follow","max-snippet":"max-snippet:-1","max-image-preview":"max-image-preview:large","max-video-preview":"max-video-preview:-1"},"canonical":"https:\/\/scientiarum.fi\/fi\/suomen-tiedeseuran-suuri-palkinto-professori-e-j-nystromin-palkinto\/","og_locale":"fi_FI","og_type":"article","og_title":"Suomen Tiedeseuran suuri palkinto \u2013 Professori E.J. Nystr\u00f6min palkinto - Suomen Tiedeseura","og_description":"Suomen Tiedeseuran suuri palkinto \u2013 Professori E.J. Nystr\u00f6min palkinto1962 Lehto Olli1962 Virtanen K.I.1963 Kalela Olavi1964 Pirinen Kauko1964 \u00c5str\u00f6m Sven-Erik1965 Ringbom Anders1966 Toivonen Sulo1967 Allardt Erik1968 Enkvist T.1969 Gyllenberg Helge1970 von Wright G.H.1971 Lindman Sven1972 Spring Erik1973 Langenski\u00f6ld Anders1974 Tavaststjerna Erik1975 Taxell Lars-Erik1976 Elfving Gustav1977 Palmgren Pontus1978 Zilliacus Henrik1979 Fougstedt Gunnar1980 Stubb T.1981 de la Chapelle [&hellip;]","og_url":"https:\/\/scientiarum.fi\/fi\/suomen-tiedeseuran-suuri-palkinto-professori-e-j-nystromin-palkinto\/","og_site_name":"Suomen Tiedeseura","article_publisher":"https:\/\/www.facebook.com\/societas.scientiarum","article_modified_time":"2025-05-21T11:04:02+00:00","twitter_card":"summary_large_image","twitter_site":"@tiedeseura","twitter_misc":{"Arvioitu lukuaika":"2 minuuttia"},"schema":{"@context":"https:\/\/schema.org","@graph":[{"@type":"WebPage","@id":"https:\/\/scientiarum.fi\/fi\/suomen-tiedeseuran-suuri-palkinto-professori-e-j-nystromin-palkinto\/","url":"https:\/\/scientiarum.fi\/fi\/suomen-tiedeseuran-suuri-palkinto-professori-e-j-nystromin-palkinto\/","name":"Suomen Tiedeseuran suuri palkinto \u2013 Professori E.J. Nystr\u00f6min palkinto - Suomen Tiedeseura","isPartOf":{"@id":"https:\/\/scientiarum.fi\/#website"},"datePublished":"2023-06-19T07:41:25+00:00","dateModified":"2025-05-21T11:04:02+00:00","breadcrumb":{"@id":"https:\/\/scientiarum.fi\/fi\/suomen-tiedeseuran-suuri-palkinto-professori-e-j-nystromin-palkinto\/#breadcrumb"},"inLanguage":"fi","potentialAction":[{"@type":"ReadAction","target":["https:\/\/scientiarum.fi\/fi\/suomen-tiedeseuran-suuri-palkinto-professori-e-j-nystromin-palkinto\/"]}]},{"@type":"BreadcrumbList","@id":"https:\/\/scientiarum.fi\/fi\/suomen-tiedeseuran-suuri-palkinto-professori-e-j-nystromin-palkinto\/#breadcrumb","itemListElement":[{"@type":"ListItem","position":1,"name":"Home","item":"https:\/\/scientiarum.fi\/"},{"@type":"ListItem","position":2,"name":"Suomen Tiedeseuran suuri palkinto \u2013 Professori E.J. Nystr\u00f6min palkinto"}]},{"@type":"WebSite","@id":"https:\/\/scientiarum.fi\/#website","url":"https:\/\/scientiarum.fi\/","name":"Finska Vetenskaps-Societeten","description":"","publisher":{"@id":"https:\/\/scientiarum.fi\/#organization"},"potentialAction":[{"@type":"SearchAction","target":{"@type":"EntryPoint","urlTemplate":"https:\/\/scientiarum.fi\/?s={search_term_string}"},"query-input":{"@type":"PropertyValueSpecification","valueRequired":true,"valueName":"search_term_string"}}],"inLanguage":"fi"},{"@type":"Organization","@id":"https:\/\/scientiarum.fi\/#organization","name":"Finska Vetenskaps-Societeten","url":"https:\/\/scientiarum.fi\/","logo":{"@type":"ImageObject","inLanguage":"fi","@id":"https:\/\/scientiarum.fi\/#\/schema\/logo\/image\/","url":"","contentUrl":"","caption":"Finska Vetenskaps-Societeten"},"image":{"@id":"https:\/\/scientiarum.fi\/#\/schema\/logo\/image\/"},"sameAs":["https:\/\/www.facebook.com\/societas.scientiarum","https:\/\/x.com\/tiedeseura","https:\/\/www.linkedin.com\/company\/finska-vetenskaps-societeten-the-finnish-society-of-sciences-and-letters\/"]}]}},"_links":{"self":[{"href":"https:\/\/scientiarum.fi\/fi\/wp-json\/wp\/v2\/pages\/7318","targetHints":{"allow":["GET"]}}],"collection":[{"href":"https:\/\/scientiarum.fi\/fi\/wp-json\/wp\/v2\/pages"}],"about":[{"href":"https:\/\/scientiarum.fi\/fi\/wp-json\/wp\/v2\/types\/page"}],"author":[{"embeddable":true,"href":"https:\/\/scientiarum.fi\/fi\/wp-json\/wp\/v2\/users\/2"}],"replies":[{"embeddable":true,"href":"https:\/\/scientiarum.fi\/fi\/wp-json\/wp\/v2\/comments?post=7318"}],"version-history":[{"count":5,"href":"https:\/\/scientiarum.fi\/fi\/wp-json\/wp\/v2\/pages\/7318\/revisions"}],"predecessor-version":[{"id":7433,"href":"https:\/\/scientiarum.fi\/fi\/wp-json\/wp\/v2\/pages\/7318\/revisions\/7433"}],"wp:attachment":[{"href":"https:\/\/scientiarum.fi\/fi\/wp-json\/wp\/v2\/media?parent=7318"}],"curies":[{"name":"wp","href":"https:\/\/api.w.org\/{rel}","templated":true}]}}