{"id":7310,"date":"2023-06-19T10:45:57","date_gmt":"2023-06-19T07:45:57","guid":{"rendered":"https:\/\/scientiarum.fi\/professori-theodor-homenin-palkinto\/"},"modified":"2026-02-23T10:24:00","modified_gmt":"2026-02-23T07:24:00","slug":"professori-theodor-homenin-palkinto","status":"publish","type":"page","link":"https:\/\/scientiarum.fi\/fi\/professori-theodor-homenin-palkinto\/","title":{"rendered":"Professori Theodor Hom\u00e9nin palkinto"},"content":{"rendered":"<p>[et_pb_section fb_built=&#8221;1&#8243; _builder_version=&#8221;4.21.0&#8243; _module_preset=&#8221;default&#8221; global_colors_info=&#8221;{}&#8221;][et_pb_row _builder_version=&#8221;4.21.0&#8243; _module_preset=&#8221;default&#8221; custom_margin=&#8221;0px||0px||false|false&#8221; custom_padding=&#8221;0px||0px||false|false&#8221; global_colors_info=&#8221;{}&#8221;][et_pb_column type=&#8221;4_4&#8243; _builder_version=&#8221;4.21.0&#8243; _module_preset=&#8221;default&#8221; global_colors_info=&#8221;{}&#8221;][et_pb_image src=&#8221;https:\/\/scientiarum.fi\/wp-content\/uploads\/2023\/06\/banner-small.jpg&#8221; title_text=&#8221;banner-small&#8221; _builder_version=&#8221;4.21.0&#8243; _module_preset=&#8221;default&#8221; global_colors_info=&#8221;{}&#8221;][\/et_pb_image][\/et_pb_column][\/et_pb_row][et_pb_row _builder_version=&#8221;4.27.3&#8243; _module_preset=&#8221;default&#8221; custom_margin=&#8221;||||false|false&#8221; custom_padding=&#8221;||0px||false|false&#8221; global_colors_info=&#8221;{}&#8221;][et_pb_column type=&#8221;4_4&#8243; _builder_version=&#8221;4.27.3&#8243; _module_preset=&#8221;default&#8221; global_colors_info=&#8221;{}&#8221;][et_pb_text module_class=&#8221;defwp&#8221; _builder_version=&#8221;4.27.3&#8243; _module_preset=&#8221;1b686adf-681b-484a-9fee-595f92a65ad5&#8243; text_orientation=&#8221;center&#8221; text_font_size_tablet=&#8221;&#8221; text_font_size_phone=&#8221;&#8221; text_font_size_last_edited=&#8221;on|desktop&#8221; header_font_size_tablet=&#8221;&#8221; header_font_size_phone=&#8221;&#8221; header_font_size_last_edited=&#8221;on|tablet&#8221; global_colors_info=&#8221;{}&#8221;]<\/p>\n<h1>Professori Theodor Hom\u00e9nin palkinto<\/h1>\n<p>[\/et_pb_text][\/et_pb_column][\/et_pb_row][et_pb_row column_structure=&#8221;1_3,1_3,1_3&#8243; _builder_version=&#8221;4.27.3&#8243; _module_preset=&#8221;default&#8221; custom_margin=&#8221;0px||0px||false|false&#8221; custom_padding=&#8221;0px||0px||false|false&#8221; global_colors_info=&#8221;{}&#8221;][et_pb_column type=&#8221;1_3&#8243; _builder_version=&#8221;4.21.0&#8243; _module_preset=&#8221;default&#8221; global_colors_info=&#8221;{}&#8221;][\/et_pb_column][et_pb_column type=&#8221;1_3&#8243; _builder_version=&#8221;4.21.0&#8243; _module_preset=&#8221;default&#8221; global_colors_info=&#8221;{}&#8221;][et_pb_text module_class=&#8221;defwp&#8221; _builder_version=&#8221;4.27.4&#8243; _module_preset=&#8221;1b686adf-681b-484a-9fee-595f92a65ad5&#8243; hover_enabled=&#8221;0&#8243; text_font_size_tablet=&#8221;&#8221; text_font_size_phone=&#8221;&#8221; text_font_size_last_edited=&#8221;on|desktop&#8221; header_font_size_tablet=&#8221;&#8221; header_font_size_phone=&#8221;&#8221; header_font_size_last_edited=&#8221;on|tablet&#8221; global_colors_info=&#8221;{}&#8221; custom_padding=&#8221;||0px|||&#8221; sticky_enabled=&#8221;0&#8243;]<\/p>\n<p>1963 Simons Lennart, fysiikka<br \/>1966 Rommi Pirkko, is\u00e4nmaan historia<br \/>1969 Lounasmaa Olli, fysiikka<br \/>1972 Paavolainen Jaakko, is\u00e4nmaan historia<br \/>1975 Holopainen Eero, fysiikka<br \/>1978 Suvanto Seppo, is\u00e4nmaan historia<br \/>1981 Kantele Juhani, fysiikka<br \/>1984 Vahtola Jouko, is\u00e4nmaan historia<br \/>1987 Stenholm Stig, fysiikka<br \/>1990 Stenius Henrik, is\u00e4nmaan historia<br \/>1993 Krusius Matti, fysiikka<br \/>1996 Jussila Osmo, is\u00e4nmaan historia<br \/>1999 Kajantie Keijo, fysiikka<br \/>2002 Tarkiainen Kari, is\u00e4nmaan historia<br \/>2004 Ruuskanen Vesa, fysiikka<br \/>2005 Engman Max, is\u00e4nmaan historia<br \/>2006 \u00c4yst\u00f6 Juha, fysiikka<br \/>2007 Tuominiemi Jorma, fysiikka<br \/>2007 Lilius Henrik, is\u00e4nmaan historia<br \/>2008 Paalanen Mikko, fysiikka<br \/>2009 Kuisma Markku, is\u00e4nmaan historia<br \/>2010 Koskinen Hannu, fysiikka<br \/>2011 Villstrand Nils Erik, is\u00e4nmaan historia<br \/>2012 Roos Matts, fysiikka<br \/>2013 Hietala Marjatta, is\u00e4nmaan historia<br \/>2014 Nordlund Kaj, fysiikka<br \/>2015 Kolbe Laura, is\u00e4nmaan historia<br \/>2016 Pekola Jukka, fysiikka<br \/>2017 Riikonen Hannu, is\u00e4nmaan historia<br \/>2018 H\u00e4kkinen Hannu, fysiikka<br \/>2018 Salmi Hannu, is\u00e4nmaan historia<br \/>2019 Aksela Helena, fysiikka<br \/>2020 Vainio-Korhonen Kirsi, is\u00e4nmaan historia<br \/>2021 Vesala Timo, fysiikka<br \/>2021 Meinander Henrik, is\u00e4nmaan historia<br \/>2022 Sillanp\u00e4\u00e4 Mika, fysiikka<br \/>2022 Karonen Petri, is\u00e4nmaan historia<br \/>2023 \u00d6sterbacka Ronald, fysiikka<br \/>2024 Varpio Yrj\u00f6, is\u00e4nmaan historia<br \/>2025 T\u00f6rm\u00e4 P\u00e4ivi, fysiikka<\/p>\n<p>[\/et_pb_text][\/et_pb_column][et_pb_column type=&#8221;1_3&#8243; _builder_version=&#8221;4.21.0&#8243; _module_preset=&#8221;default&#8221; global_colors_info=&#8221;{}&#8221;][\/et_pb_column][\/et_pb_row][\/et_pb_section]<\/p>\n","protected":false},"excerpt":{"rendered":"<p>Professori Theodor Hom\u00e9nin palkinto1963 Simons Lennart, fysiikka1966 Rommi Pirkko, is\u00e4nmaan historia1969 Lounasmaa Olli, fysiikka1972 Paavolainen Jaakko, is\u00e4nmaan historia1975 Holopainen Eero, fysiikka1978 Suvanto Seppo, is\u00e4nmaan historia1981 Kantele Juhani, fysiikka1984 Vahtola Jouko, is\u00e4nmaan historia1987 Stenholm Stig, fysiikka1990 Stenius Henrik, is\u00e4nmaan historia1993 Krusius Matti, fysiikka1996 Jussila Osmo, is\u00e4nmaan historia1999 Kajantie Keijo, fysiikka2002 Tarkiainen Kari, is\u00e4nmaan historia2004 Ruuskanen Vesa, [&hellip;]<\/p>\n","protected":false},"author":2,"featured_media":0,"parent":0,"menu_order":0,"comment_status":"closed","ping_status":"closed","template":"","meta":{"_acf_changed":false,"_et_pb_use_builder":"on","_et_pb_old_content":"","_et_gb_content_width":"","footnotes":""},"class_list":["post-7310","page","type-page","status-publish","hentry"],"acf":[],"yoast_head":"<!-- This site is optimized with the Yoast SEO plugin v27.3 - https:\/\/yoast.com\/product\/yoast-seo-wordpress\/ -->\n<title>Professori Theodor Hom\u00e9nin palkinto - Suomen Tiedeseura<\/title>\n<meta name=\"robots\" content=\"index, follow, max-snippet:-1, max-image-preview:large, max-video-preview:-1\" \/>\n<link rel=\"canonical\" href=\"https:\/\/scientiarum.fi\/fi\/professori-theodor-homenin-palkinto\/\" \/>\n<meta property=\"og:locale\" content=\"fi_FI\" \/>\n<meta property=\"og:type\" content=\"article\" \/>\n<meta property=\"og:title\" content=\"Professori Theodor Hom\u00e9nin palkinto - Suomen Tiedeseura\" \/>\n<meta property=\"og:description\" content=\"Professori Theodor Hom\u00e9nin palkinto1963 Simons Lennart, fysiikka1966 Rommi Pirkko, is\u00e4nmaan historia1969 Lounasmaa Olli, fysiikka1972 Paavolainen Jaakko, is\u00e4nmaan historia1975 Holopainen Eero, fysiikka1978 Suvanto Seppo, is\u00e4nmaan historia1981 Kantele Juhani, fysiikka1984 Vahtola Jouko, is\u00e4nmaan historia1987 Stenholm Stig, fysiikka1990 Stenius Henrik, is\u00e4nmaan historia1993 Krusius Matti, fysiikka1996 Jussila Osmo, is\u00e4nmaan historia1999 Kajantie Keijo, fysiikka2002 Tarkiainen Kari, is\u00e4nmaan historia2004 Ruuskanen Vesa, [&hellip;]\" \/>\n<meta property=\"og:url\" content=\"https:\/\/scientiarum.fi\/fi\/professori-theodor-homenin-palkinto\/\" \/>\n<meta property=\"og:site_name\" content=\"Suomen Tiedeseura\" \/>\n<meta property=\"article:publisher\" content=\"https:\/\/www.facebook.com\/societas.scientiarum\" \/>\n<meta property=\"article:modified_time\" content=\"2026-02-23T07:24:00+00:00\" \/>\n<meta name=\"twitter:card\" content=\"summary_large_image\" \/>\n<meta name=\"twitter:site\" content=\"@tiedeseura\" \/>\n<meta name=\"twitter:label1\" content=\"Arvioitu lukuaika\" \/>\n\t<meta name=\"twitter:data1\" content=\"2 minuuttia\" \/>\n<script type=\"application\/ld+json\" class=\"yoast-schema-graph\">{\"@context\":\"https:\\\/\\\/schema.org\",\"@graph\":[{\"@type\":\"WebPage\",\"@id\":\"https:\\\/\\\/scientiarum.fi\\\/fi\\\/professori-theodor-homenin-palkinto\\\/\",\"url\":\"https:\\\/\\\/scientiarum.fi\\\/fi\\\/professori-theodor-homenin-palkinto\\\/\",\"name\":\"Professori Theodor Hom\u00e9nin palkinto - Suomen Tiedeseura\",\"isPartOf\":{\"@id\":\"https:\\\/\\\/scientiarum.fi\\\/#website\"},\"datePublished\":\"2023-06-19T07:45:57+00:00\",\"dateModified\":\"2026-02-23T07:24:00+00:00\",\"breadcrumb\":{\"@id\":\"https:\\\/\\\/scientiarum.fi\\\/fi\\\/professori-theodor-homenin-palkinto\\\/#breadcrumb\"},\"inLanguage\":\"fi\",\"potentialAction\":[{\"@type\":\"ReadAction\",\"target\":[\"https:\\\/\\\/scientiarum.fi\\\/fi\\\/professori-theodor-homenin-palkinto\\\/\"]}]},{\"@type\":\"BreadcrumbList\",\"@id\":\"https:\\\/\\\/scientiarum.fi\\\/fi\\\/professori-theodor-homenin-palkinto\\\/#breadcrumb\",\"itemListElement\":[{\"@type\":\"ListItem\",\"position\":1,\"name\":\"Home\",\"item\":\"https:\\\/\\\/scientiarum.fi\\\/\"},{\"@type\":\"ListItem\",\"position\":2,\"name\":\"Professori Theodor Hom\u00e9nin palkinto\"}]},{\"@type\":\"WebSite\",\"@id\":\"https:\\\/\\\/scientiarum.fi\\\/#website\",\"url\":\"https:\\\/\\\/scientiarum.fi\\\/\",\"name\":\"Finska Vetenskaps-Societeten\",\"description\":\"\",\"publisher\":{\"@id\":\"https:\\\/\\\/scientiarum.fi\\\/#organization\"},\"potentialAction\":[{\"@type\":\"SearchAction\",\"target\":{\"@type\":\"EntryPoint\",\"urlTemplate\":\"https:\\\/\\\/scientiarum.fi\\\/?s={search_term_string}\"},\"query-input\":{\"@type\":\"PropertyValueSpecification\",\"valueRequired\":true,\"valueName\":\"search_term_string\"}}],\"inLanguage\":\"fi\"},{\"@type\":\"Organization\",\"@id\":\"https:\\\/\\\/scientiarum.fi\\\/#organization\",\"name\":\"Finska Vetenskaps-Societeten\",\"url\":\"https:\\\/\\\/scientiarum.fi\\\/\",\"logo\":{\"@type\":\"ImageObject\",\"inLanguage\":\"fi\",\"@id\":\"https:\\\/\\\/scientiarum.fi\\\/#\\\/schema\\\/logo\\\/image\\\/\",\"url\":\"\",\"contentUrl\":\"\",\"caption\":\"Finska Vetenskaps-Societeten\"},\"image\":{\"@id\":\"https:\\\/\\\/scientiarum.fi\\\/#\\\/schema\\\/logo\\\/image\\\/\"},\"sameAs\":[\"https:\\\/\\\/www.facebook.com\\\/societas.scientiarum\",\"https:\\\/\\\/x.com\\\/tiedeseura\",\"https:\\\/\\\/www.linkedin.com\\\/company\\\/finska-vetenskaps-societeten-the-finnish-society-of-sciences-and-letters\\\/\"]}]}<\/script>\n<!-- \/ Yoast SEO plugin. -->","yoast_head_json":{"title":"Professori Theodor Hom\u00e9nin palkinto - Suomen Tiedeseura","robots":{"index":"index","follow":"follow","max-snippet":"max-snippet:-1","max-image-preview":"max-image-preview:large","max-video-preview":"max-video-preview:-1"},"canonical":"https:\/\/scientiarum.fi\/fi\/professori-theodor-homenin-palkinto\/","og_locale":"fi_FI","og_type":"article","og_title":"Professori Theodor Hom\u00e9nin palkinto - Suomen Tiedeseura","og_description":"Professori Theodor Hom\u00e9nin palkinto1963 Simons Lennart, fysiikka1966 Rommi Pirkko, is\u00e4nmaan historia1969 Lounasmaa Olli, fysiikka1972 Paavolainen Jaakko, is\u00e4nmaan historia1975 Holopainen Eero, fysiikka1978 Suvanto Seppo, is\u00e4nmaan historia1981 Kantele Juhani, fysiikka1984 Vahtola Jouko, is\u00e4nmaan historia1987 Stenholm Stig, fysiikka1990 Stenius Henrik, is\u00e4nmaan historia1993 Krusius Matti, fysiikka1996 Jussila Osmo, is\u00e4nmaan historia1999 Kajantie Keijo, fysiikka2002 Tarkiainen Kari, is\u00e4nmaan historia2004 Ruuskanen Vesa, [&hellip;]","og_url":"https:\/\/scientiarum.fi\/fi\/professori-theodor-homenin-palkinto\/","og_site_name":"Suomen Tiedeseura","article_publisher":"https:\/\/www.facebook.com\/societas.scientiarum","article_modified_time":"2026-02-23T07:24:00+00:00","twitter_card":"summary_large_image","twitter_site":"@tiedeseura","twitter_misc":{"Arvioitu lukuaika":"2 minuuttia"},"schema":{"@context":"https:\/\/schema.org","@graph":[{"@type":"WebPage","@id":"https:\/\/scientiarum.fi\/fi\/professori-theodor-homenin-palkinto\/","url":"https:\/\/scientiarum.fi\/fi\/professori-theodor-homenin-palkinto\/","name":"Professori Theodor Hom\u00e9nin palkinto - Suomen Tiedeseura","isPartOf":{"@id":"https:\/\/scientiarum.fi\/#website"},"datePublished":"2023-06-19T07:45:57+00:00","dateModified":"2026-02-23T07:24:00+00:00","breadcrumb":{"@id":"https:\/\/scientiarum.fi\/fi\/professori-theodor-homenin-palkinto\/#breadcrumb"},"inLanguage":"fi","potentialAction":[{"@type":"ReadAction","target":["https:\/\/scientiarum.fi\/fi\/professori-theodor-homenin-palkinto\/"]}]},{"@type":"BreadcrumbList","@id":"https:\/\/scientiarum.fi\/fi\/professori-theodor-homenin-palkinto\/#breadcrumb","itemListElement":[{"@type":"ListItem","position":1,"name":"Home","item":"https:\/\/scientiarum.fi\/"},{"@type":"ListItem","position":2,"name":"Professori Theodor Hom\u00e9nin palkinto"}]},{"@type":"WebSite","@id":"https:\/\/scientiarum.fi\/#website","url":"https:\/\/scientiarum.fi\/","name":"Finska Vetenskaps-Societeten","description":"","publisher":{"@id":"https:\/\/scientiarum.fi\/#organization"},"potentialAction":[{"@type":"SearchAction","target":{"@type":"EntryPoint","urlTemplate":"https:\/\/scientiarum.fi\/?s={search_term_string}"},"query-input":{"@type":"PropertyValueSpecification","valueRequired":true,"valueName":"search_term_string"}}],"inLanguage":"fi"},{"@type":"Organization","@id":"https:\/\/scientiarum.fi\/#organization","name":"Finska Vetenskaps-Societeten","url":"https:\/\/scientiarum.fi\/","logo":{"@type":"ImageObject","inLanguage":"fi","@id":"https:\/\/scientiarum.fi\/#\/schema\/logo\/image\/","url":"","contentUrl":"","caption":"Finska Vetenskaps-Societeten"},"image":{"@id":"https:\/\/scientiarum.fi\/#\/schema\/logo\/image\/"},"sameAs":["https:\/\/www.facebook.com\/societas.scientiarum","https:\/\/x.com\/tiedeseura","https:\/\/www.linkedin.com\/company\/finska-vetenskaps-societeten-the-finnish-society-of-sciences-and-letters\/"]}]}},"_links":{"self":[{"href":"https:\/\/scientiarum.fi\/fi\/wp-json\/wp\/v2\/pages\/7310","targetHints":{"allow":["GET"]}}],"collection":[{"href":"https:\/\/scientiarum.fi\/fi\/wp-json\/wp\/v2\/pages"}],"about":[{"href":"https:\/\/scientiarum.fi\/fi\/wp-json\/wp\/v2\/types\/page"}],"author":[{"embeddable":true,"href":"https:\/\/scientiarum.fi\/fi\/wp-json\/wp\/v2\/users\/2"}],"replies":[{"embeddable":true,"href":"https:\/\/scientiarum.fi\/fi\/wp-json\/wp\/v2\/comments?post=7310"}],"version-history":[{"count":4,"href":"https:\/\/scientiarum.fi\/fi\/wp-json\/wp\/v2\/pages\/7310\/revisions"}],"predecessor-version":[{"id":8960,"href":"https:\/\/scientiarum.fi\/fi\/wp-json\/wp\/v2\/pages\/7310\/revisions\/8960"}],"wp:attachment":[{"href":"https:\/\/scientiarum.fi\/fi\/wp-json\/wp\/v2\/media?parent=7310"}],"curies":[{"name":"wp","href":"https:\/\/api.w.org\/{rel}","templated":true}]}}