{"id":6575,"date":"2025-01-03T11:53:27","date_gmt":"2025-01-03T08:53:27","guid":{"rendered":"https:\/\/scientiarum.fi\/?page_id=6575"},"modified":"2026-02-07T01:00:12","modified_gmt":"2026-02-06T22:00:12","slug":"opettajapalkinto","status":"publish","type":"page","link":"https:\/\/scientiarum.fi\/fi\/opettajapalkinto\/","title":{"rendered":"Ehdota opettajaa"},"content":{"rendered":"\n<p>Vuoden 2026 opettajapalkinnot my\u00f6nnet\u00e4\u00e4n seuraavien aineiden opettajille suomenkielisiss\u00e4 lukioissa:<\/p>\n\n\n\n<ul class=\"wp-block-list\">\n<li>Matematiikka tai luonnontieteelliset aineet (fysiikka, kemia, biologia, maantiede)<\/li>\n\n\n\n<li>Humanistiset ja yhteiskuntatieteelliset aineet (kielet, filosofia, psykologia, uskonto, el\u00e4m\u00e4nkatsomustieto, musiikki, kuvataide, liikunta, historia ja yhteiskuntatieto)<\/li>\n<\/ul>\n\n\n\n<p>Ehdotuksen tulee sis\u00e4lt\u00e4\u00e4 ainakin seuraavat tiedot: <strong>Ehdottajan nimi, ehdotetun henkil\u00f6n nimi ja opetettava aine, koulun ja ehdotetun henkil\u00f6n yhteystiedot<\/strong>, sek\u00e4 vapaamuotoinen<strong> noin sivun mittainen perustelu<\/strong> mink\u00e4 takia t\u00e4m\u00e4 opettaja ansaitsee palkinnon.<\/p>\n\n\n\n<p>Ehdotusaika on mennyt umpeen 6.2.2026<\/p>\n","protected":false},"excerpt":{"rendered":"<p>Vuoden 2026 opettajapalkinnot my\u00f6nnet\u00e4\u00e4n seuraavien aineiden opettajille suomenkielisiss\u00e4 lukioissa: Ehdotuksen tulee sis\u00e4lt\u00e4\u00e4 ainakin seuraavat tiedot: Ehdottajan nimi, ehdotetun henkil\u00f6n nimi ja opetettava aine, koulun ja ehdotetun henkil\u00f6n yhteystiedot, sek\u00e4 vapaamuotoinen noin sivun mittainen perustelu mink\u00e4 takia t\u00e4m\u00e4 opettaja ansaitsee palkinnon. Ehdotusaika on mennyt umpeen 6.2.2026<\/p>\n","protected":false},"author":2,"featured_media":0,"parent":0,"menu_order":0,"comment_status":"closed","ping_status":"closed","template":"","meta":{"_acf_changed":false,"_et_pb_use_builder":"off","_et_pb_old_content":"","_et_gb_content_width":"","footnotes":""},"class_list":["post-6575","page","type-page","status-publish","hentry"],"acf":[],"yoast_head":"<!-- This site is optimized with the Yoast SEO plugin v27.3 - https:\/\/yoast.com\/product\/yoast-seo-wordpress\/ -->\n<title>Ehdota opettajaa - Suomen Tiedeseura<\/title>\n<meta name=\"robots\" content=\"index, follow, max-snippet:-1, max-image-preview:large, max-video-preview:-1\" \/>\n<link rel=\"canonical\" href=\"https:\/\/scientiarum.fi\/fi\/opettajapalkinto\/\" \/>\n<meta property=\"og:locale\" content=\"fi_FI\" \/>\n<meta property=\"og:type\" content=\"article\" \/>\n<meta property=\"og:title\" content=\"Ehdota opettajaa - Suomen Tiedeseura\" \/>\n<meta property=\"og:description\" content=\"Vuoden 2026 opettajapalkinnot my\u00f6nnet\u00e4\u00e4n seuraavien aineiden opettajille suomenkielisiss\u00e4 lukioissa: Ehdotuksen tulee sis\u00e4lt\u00e4\u00e4 ainakin seuraavat tiedot: Ehdottajan nimi, ehdotetun henkil\u00f6n nimi ja opetettava aine, koulun ja ehdotetun henkil\u00f6n yhteystiedot, sek\u00e4 vapaamuotoinen noin sivun mittainen perustelu mink\u00e4 takia t\u00e4m\u00e4 opettaja ansaitsee palkinnon. Ehdotusaika on mennyt umpeen 6.2.2026\" \/>\n<meta property=\"og:url\" content=\"https:\/\/scientiarum.fi\/fi\/opettajapalkinto\/\" \/>\n<meta property=\"og:site_name\" content=\"Suomen Tiedeseura\" \/>\n<meta property=\"article:publisher\" content=\"https:\/\/www.facebook.com\/societas.scientiarum\" \/>\n<meta property=\"article:modified_time\" content=\"2026-02-06T22:00:12+00:00\" \/>\n<meta name=\"twitter:card\" content=\"summary_large_image\" \/>\n<meta name=\"twitter:site\" content=\"@tiedeseura\" \/>\n<meta name=\"twitter:label1\" content=\"Arvioitu lukuaika\" \/>\n\t<meta name=\"twitter:data1\" content=\"1 minuutti\" \/>\n<script type=\"application\/ld+json\" class=\"yoast-schema-graph\">{\"@context\":\"https:\\\/\\\/schema.org\",\"@graph\":[{\"@type\":\"WebPage\",\"@id\":\"https:\\\/\\\/scientiarum.fi\\\/fi\\\/opettajapalkinto\\\/\",\"url\":\"https:\\\/\\\/scientiarum.fi\\\/fi\\\/opettajapalkinto\\\/\",\"name\":\"Ehdota opettajaa - Suomen Tiedeseura\",\"isPartOf\":{\"@id\":\"https:\\\/\\\/scientiarum.fi\\\/#website\"},\"datePublished\":\"2025-01-03T08:53:27+00:00\",\"dateModified\":\"2026-02-06T22:00:12+00:00\",\"breadcrumb\":{\"@id\":\"https:\\\/\\\/scientiarum.fi\\\/fi\\\/opettajapalkinto\\\/#breadcrumb\"},\"inLanguage\":\"fi\",\"potentialAction\":[{\"@type\":\"ReadAction\",\"target\":[\"https:\\\/\\\/scientiarum.fi\\\/fi\\\/opettajapalkinto\\\/\"]}]},{\"@type\":\"BreadcrumbList\",\"@id\":\"https:\\\/\\\/scientiarum.fi\\\/fi\\\/opettajapalkinto\\\/#breadcrumb\",\"itemListElement\":[{\"@type\":\"ListItem\",\"position\":1,\"name\":\"Home\",\"item\":\"https:\\\/\\\/scientiarum.fi\\\/\"},{\"@type\":\"ListItem\",\"position\":2,\"name\":\"Ehdota opettajaa\"}]},{\"@type\":\"WebSite\",\"@id\":\"https:\\\/\\\/scientiarum.fi\\\/#website\",\"url\":\"https:\\\/\\\/scientiarum.fi\\\/\",\"name\":\"Finska Vetenskaps-Societeten\",\"description\":\"\",\"publisher\":{\"@id\":\"https:\\\/\\\/scientiarum.fi\\\/#organization\"},\"potentialAction\":[{\"@type\":\"SearchAction\",\"target\":{\"@type\":\"EntryPoint\",\"urlTemplate\":\"https:\\\/\\\/scientiarum.fi\\\/?s={search_term_string}\"},\"query-input\":{\"@type\":\"PropertyValueSpecification\",\"valueRequired\":true,\"valueName\":\"search_term_string\"}}],\"inLanguage\":\"fi\"},{\"@type\":\"Organization\",\"@id\":\"https:\\\/\\\/scientiarum.fi\\\/#organization\",\"name\":\"Finska Vetenskaps-Societeten\",\"url\":\"https:\\\/\\\/scientiarum.fi\\\/\",\"logo\":{\"@type\":\"ImageObject\",\"inLanguage\":\"fi\",\"@id\":\"https:\\\/\\\/scientiarum.fi\\\/#\\\/schema\\\/logo\\\/image\\\/\",\"url\":\"\",\"contentUrl\":\"\",\"caption\":\"Finska Vetenskaps-Societeten\"},\"image\":{\"@id\":\"https:\\\/\\\/scientiarum.fi\\\/#\\\/schema\\\/logo\\\/image\\\/\"},\"sameAs\":[\"https:\\\/\\\/www.facebook.com\\\/societas.scientiarum\",\"https:\\\/\\\/x.com\\\/tiedeseura\",\"https:\\\/\\\/www.linkedin.com\\\/company\\\/finska-vetenskaps-societeten-the-finnish-society-of-sciences-and-letters\\\/\"]}]}<\/script>\n<!-- \/ Yoast SEO plugin. -->","yoast_head_json":{"title":"Ehdota opettajaa - Suomen Tiedeseura","robots":{"index":"index","follow":"follow","max-snippet":"max-snippet:-1","max-image-preview":"max-image-preview:large","max-video-preview":"max-video-preview:-1"},"canonical":"https:\/\/scientiarum.fi\/fi\/opettajapalkinto\/","og_locale":"fi_FI","og_type":"article","og_title":"Ehdota opettajaa - Suomen Tiedeseura","og_description":"Vuoden 2026 opettajapalkinnot my\u00f6nnet\u00e4\u00e4n seuraavien aineiden opettajille suomenkielisiss\u00e4 lukioissa: Ehdotuksen tulee sis\u00e4lt\u00e4\u00e4 ainakin seuraavat tiedot: Ehdottajan nimi, ehdotetun henkil\u00f6n nimi ja opetettava aine, koulun ja ehdotetun henkil\u00f6n yhteystiedot, sek\u00e4 vapaamuotoinen noin sivun mittainen perustelu mink\u00e4 takia t\u00e4m\u00e4 opettaja ansaitsee palkinnon. Ehdotusaika on mennyt umpeen 6.2.2026","og_url":"https:\/\/scientiarum.fi\/fi\/opettajapalkinto\/","og_site_name":"Suomen Tiedeseura","article_publisher":"https:\/\/www.facebook.com\/societas.scientiarum","article_modified_time":"2026-02-06T22:00:12+00:00","twitter_card":"summary_large_image","twitter_site":"@tiedeseura","twitter_misc":{"Arvioitu lukuaika":"1 minuutti"},"schema":{"@context":"https:\/\/schema.org","@graph":[{"@type":"WebPage","@id":"https:\/\/scientiarum.fi\/fi\/opettajapalkinto\/","url":"https:\/\/scientiarum.fi\/fi\/opettajapalkinto\/","name":"Ehdota opettajaa - Suomen Tiedeseura","isPartOf":{"@id":"https:\/\/scientiarum.fi\/#website"},"datePublished":"2025-01-03T08:53:27+00:00","dateModified":"2026-02-06T22:00:12+00:00","breadcrumb":{"@id":"https:\/\/scientiarum.fi\/fi\/opettajapalkinto\/#breadcrumb"},"inLanguage":"fi","potentialAction":[{"@type":"ReadAction","target":["https:\/\/scientiarum.fi\/fi\/opettajapalkinto\/"]}]},{"@type":"BreadcrumbList","@id":"https:\/\/scientiarum.fi\/fi\/opettajapalkinto\/#breadcrumb","itemListElement":[{"@type":"ListItem","position":1,"name":"Home","item":"https:\/\/scientiarum.fi\/"},{"@type":"ListItem","position":2,"name":"Ehdota opettajaa"}]},{"@type":"WebSite","@id":"https:\/\/scientiarum.fi\/#website","url":"https:\/\/scientiarum.fi\/","name":"Finska Vetenskaps-Societeten","description":"","publisher":{"@id":"https:\/\/scientiarum.fi\/#organization"},"potentialAction":[{"@type":"SearchAction","target":{"@type":"EntryPoint","urlTemplate":"https:\/\/scientiarum.fi\/?s={search_term_string}"},"query-input":{"@type":"PropertyValueSpecification","valueRequired":true,"valueName":"search_term_string"}}],"inLanguage":"fi"},{"@type":"Organization","@id":"https:\/\/scientiarum.fi\/#organization","name":"Finska Vetenskaps-Societeten","url":"https:\/\/scientiarum.fi\/","logo":{"@type":"ImageObject","inLanguage":"fi","@id":"https:\/\/scientiarum.fi\/#\/schema\/logo\/image\/","url":"","contentUrl":"","caption":"Finska Vetenskaps-Societeten"},"image":{"@id":"https:\/\/scientiarum.fi\/#\/schema\/logo\/image\/"},"sameAs":["https:\/\/www.facebook.com\/societas.scientiarum","https:\/\/x.com\/tiedeseura","https:\/\/www.linkedin.com\/company\/finska-vetenskaps-societeten-the-finnish-society-of-sciences-and-letters\/"]}]}},"_links":{"self":[{"href":"https:\/\/scientiarum.fi\/fi\/wp-json\/wp\/v2\/pages\/6575","targetHints":{"allow":["GET"]}}],"collection":[{"href":"https:\/\/scientiarum.fi\/fi\/wp-json\/wp\/v2\/pages"}],"about":[{"href":"https:\/\/scientiarum.fi\/fi\/wp-json\/wp\/v2\/types\/page"}],"author":[{"embeddable":true,"href":"https:\/\/scientiarum.fi\/fi\/wp-json\/wp\/v2\/users\/2"}],"replies":[{"embeddable":true,"href":"https:\/\/scientiarum.fi\/fi\/wp-json\/wp\/v2\/comments?post=6575"}],"version-history":[{"count":7,"href":"https:\/\/scientiarum.fi\/fi\/wp-json\/wp\/v2\/pages\/6575\/revisions"}],"predecessor-version":[{"id":8921,"href":"https:\/\/scientiarum.fi\/fi\/wp-json\/wp\/v2\/pages\/6575\/revisions\/8921"}],"wp:attachment":[{"href":"https:\/\/scientiarum.fi\/fi\/wp-json\/wp\/v2\/media?parent=6575"}],"curies":[{"name":"wp","href":"https:\/\/api.w.org\/{rel}","templated":true}]}}