{"id":6288,"date":"2024-11-29T10:37:24","date_gmt":"2024-11-29T07:37:24","guid":{"rendered":"https:\/\/scientiarum.fi\/?page_id=6288"},"modified":"2025-08-15T11:03:57","modified_gmt":"2025-08-15T08:03:57","slug":"matka-apurahoja-jasenille","status":"publish","type":"page","link":"https:\/\/scientiarum.fi\/fi\/matka-apurahoja-jasenille\/","title":{"rendered":"J\u00e4senten matka-apurahat"},"content":{"rendered":"[et_pb_section fb_built=&#8221;1&#8243; admin_label=&#8221;section&#8221; _builder_version=&#8221;4.16&#8243; global_colors_info=&#8221;{}&#8221;][et_pb_row admin_label=&#8221;row&#8221; _builder_version=&#8221;4.16&#8243; background_size=&#8221;initial&#8221; background_position=&#8221;top_left&#8221; background_repeat=&#8221;repeat&#8221; global_colors_info=&#8221;{}&#8221;][et_pb_column type=&#8221;4_4&#8243; _builder_version=&#8221;4.16&#8243; custom_padding=&#8221;|||&#8221; global_colors_info=&#8221;{}&#8221; custom_padding__hover=&#8221;|||&#8221;][et_pb_text admin_label=&#8221;Text&#8221; _builder_version=&#8221;4.27.3&#8243; background_size=&#8221;initial&#8221; background_position=&#8221;top_left&#8221; background_repeat=&#8221;repeat&#8221; hover_enabled=&#8221;0&#8243; global_colors_info=&#8221;{}&#8221; sticky_enabled=&#8221;0&#8243;]<p><span>Tiedeseuran j\u00e4senet voivat hakea matka-apurahoja jatkuvasti ymp\u00e4ri vuoden. Vapaamuotoinen hakemus toimitetaan <a href=\"https:\/\/scientiarum.rimbert.fi\/\">s\u00e4hk\u00f6isess\u00e4 j\u00e4rjestelm\u00e4ss\u00e4<\/a> hyviss\u00e4 ajoin ennen matkaa. Kirjaudu henkil\u00f6kohtaiseen profiiliin (ei instituutioprofiiliin). Jos sinulla ei ole profiilia, luo se ensin. Ellei sinulla ole hakemuskoodia tallessa, pyyd\u00e4 se Tiedeseuran toimistosta.\u00a0<\/span><\/p>\n<p><span>Hallitus k\u00e4sittelee hakemukset seuraavassa kokouksessaan, joka pidet\u00e4\u00e4n kuukauden kolmantena maanantaina (paitsi huhti-, kes\u00e4- ja hein\u00e4kuussa). Apurahoja ei my\u00f6nnet\u00e4 takautuvasti.<\/span><\/p>\n<p><span>P\u00e4\u00e4t\u00f6ksest\u00e4 ilmoitetaan s\u00e4hk\u00f6postitse. Jotta apuraha voidaan maksaa, tulee kirjautua profiiliin ja t\u00e4ytt\u00e4\u00e4 maksatuspyynt\u00f6.<\/span><\/p>\n<p><span>Loppuraportti toimitetaan viimeist\u00e4\u00e4n kolmen kuukauden kuluttua hakemuksessa ilmoitetusta p\u00e4\u00e4ttymisp\u00e4iv\u00e4st\u00e4 profiilin kautta. Raportti voi olla vapaamuotoinen. <\/span><\/p>\n<p><\/p>[\/et_pb_text][\/et_pb_column][\/et_pb_row][\/et_pb_section]<!-- \/wp:post-content -->","protected":false},"excerpt":{"rendered":"<p>Tiedeseuran j\u00e4senet voivat hakea matka-apurahoja jatkuvasti ymp\u00e4ri vuoden. Vapaamuotoinen hakemus toimitetaan s\u00e4hk\u00f6isess\u00e4 j\u00e4rjestelm\u00e4ss\u00e4 hyviss\u00e4 ajoin ennen matkaa. Kirjaudu henkil\u00f6kohtaiseen profiiliin (ei instituutioprofiiliin). Jos sinulla ei ole profiilia, luo se ensin. Ellei sinulla ole hakemuskoodia tallessa, pyyd\u00e4 se Tiedeseuran toimistosta.\u00a0 Hallitus k\u00e4sittelee hakemukset seuraavassa kokouksessaan, joka pidet\u00e4\u00e4n kuukauden kolmantena maanantaina (paitsi huhti-, kes\u00e4- ja hein\u00e4kuussa). Apurahoja [&hellip;]<\/p>\n","protected":false},"author":4,"featured_media":0,"parent":0,"menu_order":0,"comment_status":"closed","ping_status":"closed","template":"","meta":{"_acf_changed":false,"_et_pb_use_builder":"on","_et_pb_old_content":"<!-- wp:paragraph -->\n<p>Suomen Tiedeseuran j\u00e4senet voivat hakea matka-apurahoja <strong>ymp\u00e4ri vuoden<\/strong> ilman m\u00e4\u00e4r\u00e4aikaa<\/p>\n<!-- \/wp:paragraph -->\n\n<!-- wp:paragraph -->\n<p><strong>Vapaamuotoinen hakemus<\/strong>, joka sis\u00e4lt\u00e4\u00e4 budjetin taulukkomuodossa, l\u00e4hetet\u00e4\u00e4n s\u00e4hk\u00f6postitse toimistoon <strong><a href=\"mailto:societas@scientiarum.fi\">societas@scientiarum.fi<\/a><\/strong> &nbsp;hyviss\u00e4 ajoin ennen matkaa. <strong>Apurahoja ei my\u00f6nnet\u00e4 takautuvasti.<\/strong><\/p>\n<!-- \/wp:paragraph -->\n\n<!-- wp:paragraph -->\n<p>Suomen Tiedeseuran hallitus ottaa kantaa hakemukseen seuraavassa kokouksessaan (kuukauden kolmas maanantai lukukausien aikana).<\/p>\n<!-- \/wp:paragraph -->\n\n<!-- wp:paragraph -->\n<p>Kokouksen j\u00e4lkeen p\u00e4\u00e4t\u00f6s l\u00e4hetet\u00e4\u00e4n hakijalle s\u00e4hk\u00f6postitse. Apuraha maksetaan matkan j\u00e4lkeen matkaraporttia ja kuitteja vastaan. Tositteet l\u00e4hetet\u00e4\u00e4n s\u00e4hk\u00f6postitse toimistoon. Raportti voi olla vapaamuotoinen, mutta sen tulee sis\u00e4lt\u00e4\u00e4 taulukkomuodossa oleva erittely apurahan k\u00e4yt\u00f6st\u00e4. Pyynn\u00f6st\u00e4 voidaan my\u00f6nt\u00e4\u00e4 matkaennakkoa.<\/p>\n<!-- \/wp:paragraph -->","_et_gb_content_width":"1080","footnotes":""},"class_list":["post-6288","page","type-page","status-publish","hentry"],"acf":[],"yoast_head":"<!-- This site is optimized with the Yoast SEO plugin v27.3 - https:\/\/yoast.com\/product\/yoast-seo-wordpress\/ -->\n<title>J\u00e4senten matka-apurahat - Suomen Tiedeseura<\/title>\n<meta name=\"robots\" content=\"index, follow, max-snippet:-1, max-image-preview:large, max-video-preview:-1\" \/>\n<link rel=\"canonical\" href=\"https:\/\/scientiarum.fi\/fi\/matka-apurahoja-jasenille\/\" \/>\n<meta property=\"og:locale\" content=\"fi_FI\" \/>\n<meta property=\"og:type\" content=\"article\" \/>\n<meta property=\"og:title\" content=\"J\u00e4senten matka-apurahat - Suomen Tiedeseura\" \/>\n<meta property=\"og:description\" content=\"Tiedeseuran j\u00e4senet voivat hakea matka-apurahoja jatkuvasti ymp\u00e4ri vuoden. Vapaamuotoinen hakemus toimitetaan s\u00e4hk\u00f6isess\u00e4 j\u00e4rjestelm\u00e4ss\u00e4 hyviss\u00e4 ajoin ennen matkaa. Kirjaudu henkil\u00f6kohtaiseen profiiliin (ei instituutioprofiiliin). Jos sinulla ei ole profiilia, luo se ensin. Ellei sinulla ole hakemuskoodia tallessa, pyyd\u00e4 se Tiedeseuran toimistosta.\u00a0 Hallitus k\u00e4sittelee hakemukset seuraavassa kokouksessaan, joka pidet\u00e4\u00e4n kuukauden kolmantena maanantaina (paitsi huhti-, kes\u00e4- ja hein\u00e4kuussa). Apurahoja [&hellip;]\" \/>\n<meta property=\"og:url\" content=\"https:\/\/scientiarum.fi\/fi\/matka-apurahoja-jasenille\/\" \/>\n<meta property=\"og:site_name\" content=\"Suomen Tiedeseura\" \/>\n<meta property=\"article:publisher\" content=\"https:\/\/www.facebook.com\/societas.scientiarum\" \/>\n<meta property=\"article:modified_time\" content=\"2025-08-15T08:03:57+00:00\" \/>\n<meta name=\"twitter:card\" content=\"summary_large_image\" \/>\n<meta name=\"twitter:site\" content=\"@tiedeseura\" \/>\n<meta name=\"twitter:label1\" content=\"Arvioitu lukuaika\" \/>\n\t<meta name=\"twitter:data1\" content=\"1 minuutti\" \/>\n<script type=\"application\/ld+json\" class=\"yoast-schema-graph\">{\"@context\":\"https:\\\/\\\/schema.org\",\"@graph\":[{\"@type\":\"WebPage\",\"@id\":\"https:\\\/\\\/scientiarum.fi\\\/fi\\\/matka-apurahoja-jasenille\\\/\",\"url\":\"https:\\\/\\\/scientiarum.fi\\\/fi\\\/matka-apurahoja-jasenille\\\/\",\"name\":\"J\u00e4senten matka-apurahat - Suomen Tiedeseura\",\"isPartOf\":{\"@id\":\"https:\\\/\\\/scientiarum.fi\\\/#website\"},\"datePublished\":\"2024-11-29T07:37:24+00:00\",\"dateModified\":\"2025-08-15T08:03:57+00:00\",\"breadcrumb\":{\"@id\":\"https:\\\/\\\/scientiarum.fi\\\/fi\\\/matka-apurahoja-jasenille\\\/#breadcrumb\"},\"inLanguage\":\"fi\",\"potentialAction\":[{\"@type\":\"ReadAction\",\"target\":[\"https:\\\/\\\/scientiarum.fi\\\/fi\\\/matka-apurahoja-jasenille\\\/\"]}]},{\"@type\":\"BreadcrumbList\",\"@id\":\"https:\\\/\\\/scientiarum.fi\\\/fi\\\/matka-apurahoja-jasenille\\\/#breadcrumb\",\"itemListElement\":[{\"@type\":\"ListItem\",\"position\":1,\"name\":\"Home\",\"item\":\"https:\\\/\\\/scientiarum.fi\\\/\"},{\"@type\":\"ListItem\",\"position\":2,\"name\":\"J\u00e4senten matka-apurahat\"}]},{\"@type\":\"WebSite\",\"@id\":\"https:\\\/\\\/scientiarum.fi\\\/#website\",\"url\":\"https:\\\/\\\/scientiarum.fi\\\/\",\"name\":\"Finska Vetenskaps-Societeten\",\"description\":\"\",\"publisher\":{\"@id\":\"https:\\\/\\\/scientiarum.fi\\\/#organization\"},\"potentialAction\":[{\"@type\":\"SearchAction\",\"target\":{\"@type\":\"EntryPoint\",\"urlTemplate\":\"https:\\\/\\\/scientiarum.fi\\\/?s={search_term_string}\"},\"query-input\":{\"@type\":\"PropertyValueSpecification\",\"valueRequired\":true,\"valueName\":\"search_term_string\"}}],\"inLanguage\":\"fi\"},{\"@type\":\"Organization\",\"@id\":\"https:\\\/\\\/scientiarum.fi\\\/#organization\",\"name\":\"Finska Vetenskaps-Societeten\",\"url\":\"https:\\\/\\\/scientiarum.fi\\\/\",\"logo\":{\"@type\":\"ImageObject\",\"inLanguage\":\"fi\",\"@id\":\"https:\\\/\\\/scientiarum.fi\\\/#\\\/schema\\\/logo\\\/image\\\/\",\"url\":\"\",\"contentUrl\":\"\",\"caption\":\"Finska Vetenskaps-Societeten\"},\"image\":{\"@id\":\"https:\\\/\\\/scientiarum.fi\\\/#\\\/schema\\\/logo\\\/image\\\/\"},\"sameAs\":[\"https:\\\/\\\/www.facebook.com\\\/societas.scientiarum\",\"https:\\\/\\\/x.com\\\/tiedeseura\",\"https:\\\/\\\/www.linkedin.com\\\/company\\\/finska-vetenskaps-societeten-the-finnish-society-of-sciences-and-letters\\\/\"]}]}<\/script>\n<!-- \/ Yoast SEO plugin. -->","yoast_head_json":{"title":"J\u00e4senten matka-apurahat - Suomen Tiedeseura","robots":{"index":"index","follow":"follow","max-snippet":"max-snippet:-1","max-image-preview":"max-image-preview:large","max-video-preview":"max-video-preview:-1"},"canonical":"https:\/\/scientiarum.fi\/fi\/matka-apurahoja-jasenille\/","og_locale":"fi_FI","og_type":"article","og_title":"J\u00e4senten matka-apurahat - Suomen Tiedeseura","og_description":"Tiedeseuran j\u00e4senet voivat hakea matka-apurahoja jatkuvasti ymp\u00e4ri vuoden. Vapaamuotoinen hakemus toimitetaan s\u00e4hk\u00f6isess\u00e4 j\u00e4rjestelm\u00e4ss\u00e4 hyviss\u00e4 ajoin ennen matkaa. Kirjaudu henkil\u00f6kohtaiseen profiiliin (ei instituutioprofiiliin). Jos sinulla ei ole profiilia, luo se ensin. Ellei sinulla ole hakemuskoodia tallessa, pyyd\u00e4 se Tiedeseuran toimistosta.\u00a0 Hallitus k\u00e4sittelee hakemukset seuraavassa kokouksessaan, joka pidet\u00e4\u00e4n kuukauden kolmantena maanantaina (paitsi huhti-, kes\u00e4- ja hein\u00e4kuussa). Apurahoja [&hellip;]","og_url":"https:\/\/scientiarum.fi\/fi\/matka-apurahoja-jasenille\/","og_site_name":"Suomen Tiedeseura","article_publisher":"https:\/\/www.facebook.com\/societas.scientiarum","article_modified_time":"2025-08-15T08:03:57+00:00","twitter_card":"summary_large_image","twitter_site":"@tiedeseura","twitter_misc":{"Arvioitu lukuaika":"1 minuutti"},"schema":{"@context":"https:\/\/schema.org","@graph":[{"@type":"WebPage","@id":"https:\/\/scientiarum.fi\/fi\/matka-apurahoja-jasenille\/","url":"https:\/\/scientiarum.fi\/fi\/matka-apurahoja-jasenille\/","name":"J\u00e4senten matka-apurahat - Suomen Tiedeseura","isPartOf":{"@id":"https:\/\/scientiarum.fi\/#website"},"datePublished":"2024-11-29T07:37:24+00:00","dateModified":"2025-08-15T08:03:57+00:00","breadcrumb":{"@id":"https:\/\/scientiarum.fi\/fi\/matka-apurahoja-jasenille\/#breadcrumb"},"inLanguage":"fi","potentialAction":[{"@type":"ReadAction","target":["https:\/\/scientiarum.fi\/fi\/matka-apurahoja-jasenille\/"]}]},{"@type":"BreadcrumbList","@id":"https:\/\/scientiarum.fi\/fi\/matka-apurahoja-jasenille\/#breadcrumb","itemListElement":[{"@type":"ListItem","position":1,"name":"Home","item":"https:\/\/scientiarum.fi\/"},{"@type":"ListItem","position":2,"name":"J\u00e4senten matka-apurahat"}]},{"@type":"WebSite","@id":"https:\/\/scientiarum.fi\/#website","url":"https:\/\/scientiarum.fi\/","name":"Finska Vetenskaps-Societeten","description":"","publisher":{"@id":"https:\/\/scientiarum.fi\/#organization"},"potentialAction":[{"@type":"SearchAction","target":{"@type":"EntryPoint","urlTemplate":"https:\/\/scientiarum.fi\/?s={search_term_string}"},"query-input":{"@type":"PropertyValueSpecification","valueRequired":true,"valueName":"search_term_string"}}],"inLanguage":"fi"},{"@type":"Organization","@id":"https:\/\/scientiarum.fi\/#organization","name":"Finska Vetenskaps-Societeten","url":"https:\/\/scientiarum.fi\/","logo":{"@type":"ImageObject","inLanguage":"fi","@id":"https:\/\/scientiarum.fi\/#\/schema\/logo\/image\/","url":"","contentUrl":"","caption":"Finska Vetenskaps-Societeten"},"image":{"@id":"https:\/\/scientiarum.fi\/#\/schema\/logo\/image\/"},"sameAs":["https:\/\/www.facebook.com\/societas.scientiarum","https:\/\/x.com\/tiedeseura","https:\/\/www.linkedin.com\/company\/finska-vetenskaps-societeten-the-finnish-society-of-sciences-and-letters\/"]}]}},"_links":{"self":[{"href":"https:\/\/scientiarum.fi\/fi\/wp-json\/wp\/v2\/pages\/6288","targetHints":{"allow":["GET"]}}],"collection":[{"href":"https:\/\/scientiarum.fi\/fi\/wp-json\/wp\/v2\/pages"}],"about":[{"href":"https:\/\/scientiarum.fi\/fi\/wp-json\/wp\/v2\/types\/page"}],"author":[{"embeddable":true,"href":"https:\/\/scientiarum.fi\/fi\/wp-json\/wp\/v2\/users\/4"}],"replies":[{"embeddable":true,"href":"https:\/\/scientiarum.fi\/fi\/wp-json\/wp\/v2\/comments?post=6288"}],"version-history":[{"count":6,"href":"https:\/\/scientiarum.fi\/fi\/wp-json\/wp\/v2\/pages\/6288\/revisions"}],"predecessor-version":[{"id":7716,"href":"https:\/\/scientiarum.fi\/fi\/wp-json\/wp\/v2\/pages\/6288\/revisions\/7716"}],"wp:attachment":[{"href":"https:\/\/scientiarum.fi\/fi\/wp-json\/wp\/v2\/media?parent=6288"}],"curies":[{"name":"wp","href":"https:\/\/api.w.org\/{rel}","templated":true}]}}