{"id":5658,"date":"2024-08-23T07:11:02","date_gmt":"2024-08-23T04:11:02","guid":{"rendered":"https:\/\/scientiarum.fi\/tietoa-meista\/tietosuojaseloste\/"},"modified":"2025-06-16T13:59:39","modified_gmt":"2025-06-16T10:59:39","slug":"tietosuojaseloste","status":"publish","type":"page","link":"https:\/\/scientiarum.fi\/fi\/tietoa-meista\/tietosuojaseloste\/","title":{"rendered":"Tietosuojaseloste"},"content":{"rendered":"<p>[et_pb_section fb_built=&#8221;1&#8243; _builder_version=&#8221;4.27.0&#8243; _module_preset=&#8221;default&#8221; global_colors_info=&#8221;{}&#8221;][et_pb_row _builder_version=&#8221;4.27.0&#8243; _module_preset=&#8221;default&#8221; global_colors_info=&#8221;{}&#8221;][et_pb_column type=&#8221;4_4&#8243; _builder_version=&#8221;4.27.0&#8243; _module_preset=&#8221;default&#8221; global_colors_info=&#8221;{}&#8221;][et_pb_text _builder_version=&#8221;4.27.3&#8243; _module_preset=&#8221;default&#8221; hover_enabled=&#8221;0&#8243; global_colors_info=&#8221;{}&#8221; sticky_enabled=&#8221;0&#8243;]<\/p>\n<h2 style=\"text-align: center;\">Tietosuojaseloste<\/h2>\n<p><a href=\"https:\/\/scientiarum.fi\/wp-content\/uploads\/2024\/08\/Tietosuojaseloste-jasenrekisteri.pdf\">\u00a0\u00a0Tietosuojaseloste: Suomen Tiedeseuran j\u00e4senrekisteri<\/a><a href=\"https:\/\/scientiarum.fi\/wp-content\/uploads\/2024\/08\/Registerbeskrivning-medlemsregister.pdf\"><br \/><\/a><\/p>\n<p style=\"text-align: left;\"><a href=\"https:\/\/scientiarum.fi\/wp-content\/uploads\/2024\/08\/Registerbeskrivning-stipendieregister.pdf\" target=\"_blank\" rel=\"noopener\"><\/a><a href=\"https:\/\/scientiarum.rimbert.fi\/instruction\/registry\/\">Tietosuojaseloste: Suomen Tiedeseuran apurahojen hakemusj\u00e4rjestelm\u00e4 ja k\u00e4sittelyj\u00e4rjestelm\u00e4<\/a><\/p>\n<p style=\"text-align: left;\"><a href=\"https:\/\/scientiarum.fi\/wp-content\/uploads\/2024\/12\/Tietosuojaseloste-jasenehdotukset.pdf\"><span lang=\"FI\">Tietosuojaseloste: Suomen Tiedeseuran j\u00e4rjestelm\u00e4 uusien j\u00e4senten valintaan<\/span><\/a><\/p>\n<p>[\/et_pb_text][\/et_pb_column][\/et_pb_row][\/et_pb_section]<\/p>\n","protected":false},"excerpt":{"rendered":"<p>Tietosuojaseloste \u00a0\u00a0Tietosuojaseloste: Suomen Tiedeseuran j\u00e4senrekisteri Tietosuojaseloste: Suomen Tiedeseuran apurahojen hakemusj\u00e4rjestelm\u00e4 ja k\u00e4sittelyj\u00e4rjestelm\u00e4 Tietosuojaseloste: Suomen Tiedeseuran j\u00e4rjestelm\u00e4 uusien j\u00e4senten valintaan<\/p>\n","protected":false},"author":2,"featured_media":0,"parent":1266,"menu_order":0,"comment_status":"closed","ping_status":"closed","template":"","meta":{"_acf_changed":false,"_et_pb_use_builder":"on","_et_pb_old_content":"","_et_gb_content_width":"","footnotes":""},"class_list":["post-5658","page","type-page","status-publish","hentry"],"acf":[],"yoast_head":"<!-- This site is optimized with the Yoast SEO plugin v27.4 - https:\/\/yoast.com\/product\/yoast-seo-wordpress\/ -->\n<title>Tietosuojaseloste - Suomen Tiedeseura<\/title>\n<meta name=\"robots\" content=\"index, follow, max-snippet:-1, max-image-preview:large, max-video-preview:-1\" \/>\n<link rel=\"canonical\" href=\"https:\/\/scientiarum.fi\/fi\/tietoa-meista\/tietosuojaseloste\/\" \/>\n<meta property=\"og:locale\" content=\"fi_FI\" \/>\n<meta property=\"og:type\" content=\"article\" \/>\n<meta property=\"og:title\" content=\"Tietosuojaseloste - Suomen Tiedeseura\" \/>\n<meta property=\"og:description\" content=\"Tietosuojaseloste \u00a0\u00a0Tietosuojaseloste: Suomen Tiedeseuran j\u00e4senrekisteri Tietosuojaseloste: Suomen Tiedeseuran apurahojen hakemusj\u00e4rjestelm\u00e4 ja k\u00e4sittelyj\u00e4rjestelm\u00e4 Tietosuojaseloste: Suomen Tiedeseuran j\u00e4rjestelm\u00e4 uusien j\u00e4senten valintaan\" \/>\n<meta property=\"og:url\" content=\"https:\/\/scientiarum.fi\/fi\/tietoa-meista\/tietosuojaseloste\/\" \/>\n<meta property=\"og:site_name\" content=\"Suomen Tiedeseura\" \/>\n<meta property=\"article:publisher\" content=\"https:\/\/www.facebook.com\/societas.scientiarum\" \/>\n<meta property=\"article:modified_time\" content=\"2025-06-16T10:59:39+00:00\" \/>\n<meta name=\"twitter:card\" content=\"summary_large_image\" \/>\n<meta name=\"twitter:site\" content=\"@tiedeseura\" \/>\n<script type=\"application\/ld+json\" class=\"yoast-schema-graph\">{\"@context\":\"https:\\\/\\\/schema.org\",\"@graph\":[{\"@type\":\"WebPage\",\"@id\":\"https:\\\/\\\/scientiarum.fi\\\/fi\\\/tietoa-meista\\\/tietosuojaseloste\\\/\",\"url\":\"https:\\\/\\\/scientiarum.fi\\\/fi\\\/tietoa-meista\\\/tietosuojaseloste\\\/\",\"name\":\"Tietosuojaseloste - Suomen Tiedeseura\",\"isPartOf\":{\"@id\":\"https:\\\/\\\/scientiarum.fi\\\/#website\"},\"datePublished\":\"2024-08-23T04:11:02+00:00\",\"dateModified\":\"2025-06-16T10:59:39+00:00\",\"breadcrumb\":{\"@id\":\"https:\\\/\\\/scientiarum.fi\\\/fi\\\/tietoa-meista\\\/tietosuojaseloste\\\/#breadcrumb\"},\"inLanguage\":\"fi\",\"potentialAction\":[{\"@type\":\"ReadAction\",\"target\":[\"https:\\\/\\\/scientiarum.fi\\\/fi\\\/tietoa-meista\\\/tietosuojaseloste\\\/\"]}]},{\"@type\":\"BreadcrumbList\",\"@id\":\"https:\\\/\\\/scientiarum.fi\\\/fi\\\/tietoa-meista\\\/tietosuojaseloste\\\/#breadcrumb\",\"itemListElement\":[{\"@type\":\"ListItem\",\"position\":1,\"name\":\"Home\",\"item\":\"https:\\\/\\\/scientiarum.fi\\\/\"},{\"@type\":\"ListItem\",\"position\":2,\"name\":\"Tietoa meist\u00e4\",\"item\":\"https:\\\/\\\/scientiarum.fi\\\/fi\\\/tietoa-meista\\\/\"},{\"@type\":\"ListItem\",\"position\":3,\"name\":\"Tietosuojaseloste\"}]},{\"@type\":\"WebSite\",\"@id\":\"https:\\\/\\\/scientiarum.fi\\\/#website\",\"url\":\"https:\\\/\\\/scientiarum.fi\\\/\",\"name\":\"Finska Vetenskaps-Societeten\",\"description\":\"\",\"publisher\":{\"@id\":\"https:\\\/\\\/scientiarum.fi\\\/#organization\"},\"potentialAction\":[{\"@type\":\"SearchAction\",\"target\":{\"@type\":\"EntryPoint\",\"urlTemplate\":\"https:\\\/\\\/scientiarum.fi\\\/?s={search_term_string}\"},\"query-input\":{\"@type\":\"PropertyValueSpecification\",\"valueRequired\":true,\"valueName\":\"search_term_string\"}}],\"inLanguage\":\"fi\"},{\"@type\":\"Organization\",\"@id\":\"https:\\\/\\\/scientiarum.fi\\\/#organization\",\"name\":\"Finska Vetenskaps-Societeten\",\"url\":\"https:\\\/\\\/scientiarum.fi\\\/\",\"logo\":{\"@type\":\"ImageObject\",\"inLanguage\":\"fi\",\"@id\":\"https:\\\/\\\/scientiarum.fi\\\/#\\\/schema\\\/logo\\\/image\\\/\",\"url\":\"\",\"contentUrl\":\"\",\"caption\":\"Finska Vetenskaps-Societeten\"},\"image\":{\"@id\":\"https:\\\/\\\/scientiarum.fi\\\/#\\\/schema\\\/logo\\\/image\\\/\"},\"sameAs\":[\"https:\\\/\\\/www.facebook.com\\\/societas.scientiarum\",\"https:\\\/\\\/x.com\\\/tiedeseura\",\"https:\\\/\\\/www.linkedin.com\\\/company\\\/finska-vetenskaps-societeten-the-finnish-society-of-sciences-and-letters\\\/\"]}]}<\/script>\n<!-- \/ Yoast SEO plugin. -->","yoast_head_json":{"title":"Tietosuojaseloste - Suomen Tiedeseura","robots":{"index":"index","follow":"follow","max-snippet":"max-snippet:-1","max-image-preview":"max-image-preview:large","max-video-preview":"max-video-preview:-1"},"canonical":"https:\/\/scientiarum.fi\/fi\/tietoa-meista\/tietosuojaseloste\/","og_locale":"fi_FI","og_type":"article","og_title":"Tietosuojaseloste - Suomen Tiedeseura","og_description":"Tietosuojaseloste \u00a0\u00a0Tietosuojaseloste: Suomen Tiedeseuran j\u00e4senrekisteri Tietosuojaseloste: Suomen Tiedeseuran apurahojen hakemusj\u00e4rjestelm\u00e4 ja k\u00e4sittelyj\u00e4rjestelm\u00e4 Tietosuojaseloste: Suomen Tiedeseuran j\u00e4rjestelm\u00e4 uusien j\u00e4senten valintaan","og_url":"https:\/\/scientiarum.fi\/fi\/tietoa-meista\/tietosuojaseloste\/","og_site_name":"Suomen Tiedeseura","article_publisher":"https:\/\/www.facebook.com\/societas.scientiarum","article_modified_time":"2025-06-16T10:59:39+00:00","twitter_card":"summary_large_image","twitter_site":"@tiedeseura","schema":{"@context":"https:\/\/schema.org","@graph":[{"@type":"WebPage","@id":"https:\/\/scientiarum.fi\/fi\/tietoa-meista\/tietosuojaseloste\/","url":"https:\/\/scientiarum.fi\/fi\/tietoa-meista\/tietosuojaseloste\/","name":"Tietosuojaseloste - Suomen Tiedeseura","isPartOf":{"@id":"https:\/\/scientiarum.fi\/#website"},"datePublished":"2024-08-23T04:11:02+00:00","dateModified":"2025-06-16T10:59:39+00:00","breadcrumb":{"@id":"https:\/\/scientiarum.fi\/fi\/tietoa-meista\/tietosuojaseloste\/#breadcrumb"},"inLanguage":"fi","potentialAction":[{"@type":"ReadAction","target":["https:\/\/scientiarum.fi\/fi\/tietoa-meista\/tietosuojaseloste\/"]}]},{"@type":"BreadcrumbList","@id":"https:\/\/scientiarum.fi\/fi\/tietoa-meista\/tietosuojaseloste\/#breadcrumb","itemListElement":[{"@type":"ListItem","position":1,"name":"Home","item":"https:\/\/scientiarum.fi\/"},{"@type":"ListItem","position":2,"name":"Tietoa meist\u00e4","item":"https:\/\/scientiarum.fi\/fi\/tietoa-meista\/"},{"@type":"ListItem","position":3,"name":"Tietosuojaseloste"}]},{"@type":"WebSite","@id":"https:\/\/scientiarum.fi\/#website","url":"https:\/\/scientiarum.fi\/","name":"Finska Vetenskaps-Societeten","description":"","publisher":{"@id":"https:\/\/scientiarum.fi\/#organization"},"potentialAction":[{"@type":"SearchAction","target":{"@type":"EntryPoint","urlTemplate":"https:\/\/scientiarum.fi\/?s={search_term_string}"},"query-input":{"@type":"PropertyValueSpecification","valueRequired":true,"valueName":"search_term_string"}}],"inLanguage":"fi"},{"@type":"Organization","@id":"https:\/\/scientiarum.fi\/#organization","name":"Finska Vetenskaps-Societeten","url":"https:\/\/scientiarum.fi\/","logo":{"@type":"ImageObject","inLanguage":"fi","@id":"https:\/\/scientiarum.fi\/#\/schema\/logo\/image\/","url":"","contentUrl":"","caption":"Finska Vetenskaps-Societeten"},"image":{"@id":"https:\/\/scientiarum.fi\/#\/schema\/logo\/image\/"},"sameAs":["https:\/\/www.facebook.com\/societas.scientiarum","https:\/\/x.com\/tiedeseura","https:\/\/www.linkedin.com\/company\/finska-vetenskaps-societeten-the-finnish-society-of-sciences-and-letters\/"]}]}},"_links":{"self":[{"href":"https:\/\/scientiarum.fi\/fi\/wp-json\/wp\/v2\/pages\/5658","targetHints":{"allow":["GET"]}}],"collection":[{"href":"https:\/\/scientiarum.fi\/fi\/wp-json\/wp\/v2\/pages"}],"about":[{"href":"https:\/\/scientiarum.fi\/fi\/wp-json\/wp\/v2\/types\/page"}],"author":[{"embeddable":true,"href":"https:\/\/scientiarum.fi\/fi\/wp-json\/wp\/v2\/users\/2"}],"replies":[{"embeddable":true,"href":"https:\/\/scientiarum.fi\/fi\/wp-json\/wp\/v2\/comments?post=5658"}],"version-history":[{"count":9,"href":"https:\/\/scientiarum.fi\/fi\/wp-json\/wp\/v2\/pages\/5658\/revisions"}],"predecessor-version":[{"id":7546,"href":"https:\/\/scientiarum.fi\/fi\/wp-json\/wp\/v2\/pages\/5658\/revisions\/7546"}],"up":[{"embeddable":true,"href":"https:\/\/scientiarum.fi\/fi\/wp-json\/wp\/v2\/pages\/1266"}],"wp:attachment":[{"href":"https:\/\/scientiarum.fi\/fi\/wp-json\/wp\/v2\/media?parent=5658"}],"curies":[{"name":"wp","href":"https:\/\/api.w.org\/{rel}","templated":true}]}}