{"id":4252,"date":"2024-03-19T10:44:29","date_gmt":"2024-03-19T08:44:29","guid":{"rendered":"https:\/\/scientiarum.fi\/?page_id=4252"},"modified":"2025-03-17T12:59:52","modified_gmt":"2025-03-17T09:59:52","slug":"beviljade-stipendier-2024-pdf","status":"publish","type":"page","link":"https:\/\/scientiarum.fi\/fi\/beviljade-stipendier-2024-pdf\/","title":{"rendered":"Beviljade stipendier 2024 (pdf)"},"content":{"rendered":"<p>[et_pb_section fb_built=&#8221;1&#8243; _builder_version=&#8221;4.21.0&#8243; _module_preset=&#8221;default&#8221; global_colors_info=&#8221;{}&#8221;][et_pb_row _builder_version=&#8221;4.21.0&#8243; _module_preset=&#8221;default&#8221; custom_margin=&#8221;0px||0px||false|false&#8221; custom_padding=&#8221;0px||0px||false|false&#8221; global_colors_info=&#8221;{}&#8221;][et_pb_column type=&#8221;4_4&#8243; _builder_version=&#8221;4.21.0&#8243; _module_preset=&#8221;default&#8221; global_colors_info=&#8221;{}&#8221;][et_pb_text _builder_version=&#8221;4.27.0&#8243; _module_preset=&#8221;8c033052-d206-480a-8281-e4ae30e208b2&#8243; header_3_font_size_tablet=&#8221;22px&#8221; header_3_font_size_phone=&#8221;18px&#8221; header_3_font_size_last_edited=&#8221;on|desktop&#8221; global_colors_info=&#8221;{}&#8221;]<\/p>\n<h1 style=\"text-align: center;\"><strong>F<\/strong>INSKA VETENSKAPS-SOCIETETEN \u2013 SUOMEN TIEDESEURA \u2013 THE FINNISH SOCIETY OF SCIENCES AND LETTERS<\/h1>\n<h2 style=\"text-align: center;\">Stipendier 2024 \u2013 Apurahat 2024 \u2013 Grants awarded 2024<\/h2>\n<h3>Matematisk-fysiska sektionen &#8211; Matemaattis-fysikaalinen osasto &#8211; Section of Mathematics and Physics &#8211;\u00a0 11 kpl st, 68.000 \u20ac<\/h3>\n<table id=\"tablepress-37\" class=\"tablepress tablepress-id-37\">\n<caption style=\"caption-side: bottom; text-align: left; border: none; background: none; margin: 0; padding: 0;\"><\/caption>\n<tbody class=\"row-hover\">\n<tr class=\"row-1 odd\">\n<td class=\"column-1\">PhD <strong>Jean-Pierre Dognon<\/strong><br \/>This is a project of scientific research collaboration between myself and Professor Pekka Pyykk\u00f6. The purpose of the planned two one-week visits in 2024 is to finish our contribution to a new value of Q(Bi), and to continue the work on new chemical species.<\/td>\n<td class=\"column-2\">2.700<\/td>\n<\/tr>\n<tr class=\"row-2 even\">\n<td class=\"column-1\">FD <strong>Peter Johansson<\/strong><br \/>Resolving the dynamical formation of the first black holes<\/td>\n<td class=\"column-2\">19.850<\/td>\n<\/tr>\n<tr class=\"row-3 odd\">\n<td class=\"column-1\">TkD <strong>Juha Vaara<\/strong><br \/>Spinhyperpolarisaatioprosessien kvantti- ja kemiallinen dynamiikka (EUROMAR24-konferenssiosallistuminen)<\/td>\n<td class=\"column-2\">2.050<\/td>\n<\/tr>\n<tr class=\"row-4 even\">\n<td class=\"column-1\">Dr. rer. nat.<strong>Henning Kirschenmann<\/strong><br \/>Midsummer school in QCD 2024 &#8211; support for external lecturers of a two-week international postgraduate training course<\/td>\n<td class=\"column-2\">7.200<\/td>\n<\/tr>\n<tr class=\"row-5 odd\">\n<td class=\"column-1\">PhD <strong>Jonathan Lasham<\/strong><br \/>Visit to the European Bioenergetics Conference (EBEC) 2024<\/td>\n<td class=\"column-2\">1.900<\/td>\n<\/tr>\n<tr class=\"row-6 even\">\n<td class=\"column-1\">FT <strong>Susi Lehtola<\/strong><br \/>Uudelleenk\u00e4ytett\u00e4v\u00e4t tieteelliset ohjelmistokirjastot<\/td>\n<td class=\"column-2\">2.000<\/td>\n<\/tr>\n<tr class=\"row-7 odd\">\n<td class=\"column-1\">FT <strong>Nanna Myllys<\/strong><br \/>Osallistuminen Euroopan aerosolikonferenssiin (EAC)<\/td>\n<td class=\"column-2\">1.500<\/td>\n<\/tr>\n<tr class=\"row-8 even\">\n<td class=\"column-1\">TkD <strong>Tapio Salmi<\/strong><br \/>Konferens ISCRE28 Reseunderst\u00f6d till f\u00f6redragsh\u00e5llare<\/td>\n<td class=\"column-2\">2.000<\/td>\n<\/tr>\n<tr class=\"row-9 odd\">\n<td class=\"column-1\">FD, TkD <strong>Johan St\u00e9n<\/strong><br \/>F\u00f6r f\u00f6rfattande och redigering av boken Les Lumi\u00e8res en Finlande, Travaux et jours de dix-sept savants finlandais<\/td>\n<td class=\"column-2\">5.000<\/td>\n<\/tr>\n<tr class=\"row-10 even\">\n<td class=\"column-1\">FD <strong>Susanne Wiedmer<\/strong><br \/>Kromatografi och biosensing f\u00f6r unders\u00f6kning av v\u00e4xelverkningar mellan antimykotika och bioimiterande membraner<\/td>\n<td class=\"column-2\">20.000<\/td>\n<\/tr>\n<tr class=\"row-11 odd\">\n<td class=\"column-1\">FD <strong>Ronald \u00d6sterbacka<\/strong><br \/>Deltagande i konferensen SPIE Optics and Photonics 2024, med inbjudet f\u00f6redrag i symposiet \u201dOP14: Organic and Hybrid Sensors and Bioelectronics XVII\u201d<\/td>\n<td class=\"column-2\">3.800<\/td>\n<\/tr>\n<\/tbody>\n<\/table>\n<p>&nbsp;<\/p>\n<h3>Biovetenskapliga sektionen &#8211; Biotieteellinen osasto &#8211; Section of Biosciences &#8211; 16 kpl st, <strong>298.225<\/strong>\u20ac<\/h3>\n<table id=\"tablepress-38\" class=\"tablepress tablepress-id-38\">\n<caption style=\"caption-side: bottom; text-align: left; border: none; background: none; margin: 0; padding: 0;\"><\/caption>\n<tbody class=\"row-hover\">\n<tr class=\"row-1 odd\">\n<td class=\"column-1\">PhD <strong>Sarah Butcher<\/strong><br \/>Mechanisms of Mitochondrial Protein Insertion.<\/td>\n<td class=\"column-2\">20.000<\/td>\n<\/tr>\n<tr class=\"row-2 even\">\n<td class=\"column-1\">MKD <strong>Vineta Fellman<\/strong><br \/>Samband mellan mitokondriell dysfunktion, \u00e5ldrande och cancer: MYC-driven instabilitet i genomet och senescens vid nedsatt komplex III funktion i andningskedjan<\/td>\n<td class=\"column-2\">25.000<\/td>\n<\/tr>\n<tr class=\"row-3 odd\">\n<td class=\"column-1\">PhD <strong>Silvia Gramolelli<\/strong><br \/>PIK3CA mutations and Epstein-Barr virus in gastric organoids. Bridging the gap between molecular mechanisms and targeted therapies for EBV-associated gastric cancer<\/td>\n<td class=\"column-2\">25.000<\/td>\n<\/tr>\n<tr class=\"row-4 even\">\n<td class=\"column-1\">FT <strong>Maija-Kreetta Koskinen<\/strong><br \/>Matka-apuraha kurssille: Summer School on Monitoring and manipulating the affective state: new perspectives on neurotechnologies and AI tools.<\/td>\n<td class=\"column-2\">1.100<\/td>\n<\/tr>\n<tr class=\"row-5 odd\">\n<td class=\"column-1\">MKD <strong>Dan Lindholm<\/strong><br \/>Selektiv nervcellsdegeneration och ER stress reglering som terapim\u00e5l<\/td>\n<td class=\"column-2\">25.000<\/td>\n<\/tr>\n<tr class=\"row-6 even\">\n<td class=\"column-1\">FT <strong>Hannes Lohi<\/strong><br \/>Koirien ja ihmisten syd\u00e4nper\u00e4isten \u00e4kkikuolemien molekyylietiologia<\/td>\n<td class=\"column-2\">20.000<\/td>\n<\/tr>\n<tr class=\"row-7 odd\">\n<td class=\"column-1\">PhD <strong>Parthiban Marimuthu<\/strong><br \/>Exchange research visit to &#8221;Investigate the preferential binding of different phosphatidylinositol-bisphosphates towards lipid binding mediated allostery in orphan GPR17 receptor&#8221; at the Laboratoire de Biologie et Mod\u00e9lisation de la Cellule (LBMC), Lyon, France.<\/td>\n<td class=\"column-2\">11.125<\/td>\n<\/tr>\n<tr class=\"row-8 even\">\n<td class=\"column-1\">MD, PhD <strong>Seppo Meri<\/strong><br \/>Pathophysiology of C3 glomerulopathy (C3G)<\/td>\n<td class=\"column-2\">25.000<\/td>\n<\/tr>\n<tr class=\"row-9 odd\">\n<td class=\"column-1\">MD <strong>Antti M\u00e4kitie<\/strong><br \/>Kurkunp\u00e4\u00e4nsiirto \u2013 moniammatillisen toimintaprotokollan suunnittelun arviointi ja tutkimuksellisen taustan rakentaminen<\/td>\n<td class=\"column-2\">15.000<\/td>\n<\/tr>\n<tr class=\"row-10 even\">\n<td class=\"column-1\">FT <strong>Vesa Olkkonen<\/strong><br \/>Rasva- ja endoteelisolujen v\u00e4lisen kommunikaation h\u00e4iri\u00f6t lihavassa valkoisessa rasvakudoksessa<\/td>\n<td class=\"column-2\">20.000<\/td>\n<\/tr>\n<tr class=\"row-11 odd\">\n<td class=\"column-1\">FL <strong>Joanna Pylv\u00e4n\u00e4inen<\/strong><br \/>Image analysis toolbox for understanding cancer cell migration<br \/>Kuva-analyysity\u00f6kalupakki sy\u00f6p\u00e4solujen liikkeiden tutkimiseen<\/td>\n<td class=\"column-2\">6.000<\/td>\n<\/tr>\n<tr class=\"row-12 even\">\n<td class=\"column-1\">LKT <strong>Antti Sajantila<\/strong><br \/>Ancient pathogen genomics \u2013 Unveiling medically relevant viruses in ancient mummies and skeletal remains<\/td>\n<td class=\"column-2\">25.000<\/td>\n<\/tr>\n<tr class=\"row-13 odd\">\n<td class=\"column-1\">FD <strong>Per Saris<\/strong><br \/>Fagomen i terrestriala milj\u00f6er \u2013 utbredning, diversitet och betydelse<\/td>\n<td class=\"column-2\">20.000<\/td>\n<\/tr>\n<tr class=\"row-14 even\">\n<td class=\"column-1\">FD <strong>Anna T\u00f6rnroos-Remes<\/strong><br \/>Initiating long-term, year-round coastal carbon sequestration process studies on \u00c5land Islands<\/td>\n<td class=\"column-2\">20.000<\/td>\n<\/tr>\n<tr class=\"row-15 odd\">\n<td class=\"column-1\">FT <strong>Markku Varjosalo<\/strong><br \/>Geenifuusiot ihmisen sy\u00f6v\u00e4ss\u00e4<br \/>(Molecular Mechanisms and Pathobiology of Oncogenic Gene Fusions)<\/td>\n<td class=\"column-2\">20.000<\/td>\n<\/tr>\n<tr class=\"row-16 even\">\n<td class=\"column-1\">PhD <strong>Henna-Kaisa Wigren<\/strong><br \/>Microglia in the Sleeping Brain<\/td>\n<td class=\"column-2\">20.000<\/td>\n<\/tr>\n<\/tbody>\n<\/table>\n<p>&nbsp;<\/p>\n<h3>Humanistiska sektionen &#8211; Humanistinen osasto &#8211; Section of Humanities &#8211; 15 kpl st, <strong>141.316 <\/strong> \u20ac<\/h3>\n<table id=\"tablepress-39\" class=\"tablepress tablepress-id-39\">\n<caption style=\"caption-side: bottom; text-align: left; border: none; background: none; margin: 0; padding: 0;\"><\/caption>\n<tbody class=\"row-hover\">\n<tr class=\"row-1 odd\">\n<td class=\"column-1\">FD <strong>Henrik Asplund<\/strong><br \/>Datering och analys av arkeologiskt material inom projektet Sten\u00e5lderns pionj\u00e4rer i \u00c5bolands sk\u00e4rg\u00e5rd<\/td>\n<td class=\"column-2\">5.082<\/td>\n<\/tr>\n<tr class=\"row-2 even\">\n<td class=\"column-1\">FT <strong>Matti O. Hannikainen<\/strong><br \/>Valta, kunta ja kansalainen \u2013 kunnat suomalaisessa yhteyiskunnassa 1830\u20132020<\/td>\n<td class=\"column-2\">21.900<\/td>\n<\/tr>\n<tr class=\"row-3 odd\">\n<td class=\"column-1\">FD, TD <strong>Ruth Illman<\/strong><br \/>F\u00e4ltarbete inom forskningsprojektet &#8221;Exploring the Contested Constructions of Sense of Safety in Religious Spaces&#8221;<\/td>\n<td class=\"column-2\">3.000<\/td>\n<\/tr>\n<tr class=\"row-4 even\">\n<td class=\"column-1\">FM <strong>Robin Isomaa<\/strong><br \/>YouTube Atheists: A Discourse-Analytic Study of Atheist Identity and Community Online<\/td>\n<td class=\"column-2\">12.000<\/td>\n<\/tr>\n<tr class=\"row-5 odd\">\n<td class=\"column-1\">FD <strong>Jan-Ivar Lind\u00e9n<\/strong><br \/>Avlutning av redan inlett editionsprojekt: Aristoteles Metafysik.<\/td>\n<td class=\"column-2\">24.000<\/td>\n<\/tr>\n<tr class=\"row-6 even\">\n<td class=\"column-1\">FT <strong>Kai Mikkonen<\/strong><br \/>Application for Grant fHaen matka-apurahaa konferenssiesitelm\u00e4\u00e4n sek\u00e4 osallistumiseen johtokunnan j\u00e4senen\u00e4 kansainv\u00e4lisen tutkijaverkoston johtokunnan tapaamisiin.<\/td>\n<td class=\"column-2\">1.150<\/td>\n<\/tr>\n<tr class=\"row-7 odd\">\n<td class=\"column-1\">FM <strong>Aura Nikkil\u00e4<\/strong><br \/>Todentuntuisia kohtaamisia: Intermediaaliset elementit siirtolaisuutta kuvaavissa sarjakuvissa (v\u00e4it\u00f6skirjatutkimus)<\/td>\n<td class=\"column-2\">13.176<\/td>\n<\/tr>\n<tr class=\"row-8 even\">\n<td class=\"column-1\">FT <strong>Jussi Pakkasvirta<\/strong><br \/>Vierailu, luennot ja konferenssi.<\/td>\n<td class=\"column-2\">2.800<\/td>\n<\/tr>\n<tr class=\"row-9 odd\">\n<td class=\"column-1\">PsM <strong>Eeva Pihlaja<\/strong><br \/>Esteettinen kokemus psykoanalyyttisessa teoriassa. Artikkeliv\u00e4it\u00f6skirja, joka tutkii esteettisen kokemuksen k\u00e4sitett\u00e4 erityisesti nykyaikaisessa psykoanalyyttisessa ajattelussa.<\/td>\n<td class=\"column-2\">12.000<\/td>\n<\/tr>\n<tr class=\"row-10 even\">\n<td class=\"column-1\">FT <strong>Sami Pihlstr\u00f6m<\/strong><br \/>Osallistuminen filosofian maailmankongressiin Roomassa 1.-8.8.2024<\/td>\n<td class=\"column-2\">2.308<\/td>\n<\/tr>\n<tr class=\"row-11 odd\">\n<td class=\"column-1\">FM <strong>Meeli Roose<\/strong><br \/>Ihmisen historian monitieteiseen tutkimukseen suunnatun paikkatietoinfrastruktuurin ja maantieteellisten menetelmien kehitt\u00e4minen (v\u00e4it\u00f6skirja)<\/td>\n<td class=\"column-2\">28.100<\/td>\n<\/tr>\n<tr class=\"row-12 even\">\n<td class=\"column-1\">PhD <strong>Ranjana Saha<\/strong><br \/>Mothers, Mothercraft &amp; Materialities: Urban India and Transnational Histories of \u2018Scientific\u2019 Motherhood<\/td>\n<td class=\"column-2\">5.000<\/td>\n<\/tr>\n<tr class=\"row-13 odd\">\n<td class=\"column-1\">FD <strong>Eva Margareta Steinby<\/strong><br \/>Bolli doliari romani dell&#8217;Italia centro-occidentale, digitalisk publikation<\/td>\n<td class=\"column-2\">3.000<\/td>\n<\/tr>\n<tr class=\"row-14 even\">\n<td class=\"column-1\">FD <strong>Holger Weiss<\/strong><br \/>Kompaniets tidevarv: akt\u00f6rer, n\u00e4tverk och fl\u00f6den mellan \u00d6stersj\u00f6n och V\u00e4stindien, ca 1780-1810; forskning inom kollektivt bokprojekt<\/td>\n<td class=\"column-2\">5.300<\/td>\n<\/tr>\n<tr class=\"row-15 odd\">\n<td class=\"column-1\">FD <strong>Oscar Winberg<\/strong><br \/>forskningsresa till Vanderbilt University som del av projektet &#8221;Breaking the News: How Congress Remade Television News&#8221;<\/td>\n<td class=\"column-2\">2.500<\/td>\n<\/tr>\n<\/tbody>\n<\/table>\n<p>&nbsp;<\/p>\n<h3>Samh\u00e4llsvetenskapliga sektionen &#8211; Yhteiskuntatieteellinen osasto &#8211; Section of Social Sciences &#8211;\u00a0 9 kpl st, <strong>40.947 <\/strong> \u20ac<\/h3>\n<table id=\"tablepress-40\" class=\"tablepress tablepress-id-40\">\n<caption style=\"caption-side: bottom; text-align: left; border: none; background: none; margin: 0; padding: 0;\"><\/caption>\n<tbody class=\"row-hover\">\n<tr class=\"row-1 odd\">\n<td class=\"column-1\">ED <strong>Mikael Collan<\/strong><br \/>Deltagande p\u00e5 XXVII Annual International Conference on Real Options i Bologna<\/td>\n<td class=\"column-2\">2.150<\/td>\n<\/tr>\n<tr class=\"row-2 even\">\n<td class=\"column-1\">PD <strong>Laura Katarina Ekholm<\/strong><br \/>Rese- och vistelsepengar f\u00f6r arkivarbete i G\u00f6teborg och Bor\u00e5s, samt presentation av materialet i Annual conference of Skandinavian economic history p\u00e5 BI Norwegian Business School, Oslo.<\/td>\n<td class=\"column-2\">2.170<\/td>\n<\/tr>\n<tr class=\"row-3 odd\">\n<td class=\"column-1\">PhD <strong>Jeremy Gould<\/strong><br \/>Circles and cycles of rural women&#8217;s lives in 19th century Maine<\/td>\n<td class=\"column-2\">6.450<\/td>\n<\/tr>\n<tr class=\"row-4 even\">\n<td class=\"column-1\">PhD <strong>Theresia Harrer<\/strong><br \/>Can sustainable investing be transformative? Exploring antecedents, pathways, and consequences<\/td>\n<td class=\"column-2\">1.885<\/td>\n<\/tr>\n<tr class=\"row-5 odd\">\n<td class=\"column-1\">FD <strong>Gunilla Holm<\/strong><br \/>Deltagande i konferensen American Educational Research Association med tv\u00e5 presentationer och forskarbes\u00f6k till Teachers College\/Columbia University och Bank Street College<\/td>\n<td class=\"column-2\">5.437<\/td>\n<\/tr>\n<tr class=\"row-6 even\">\n<td class=\"column-1\">FT <strong>Anni Huhtala<\/strong><br \/>Ilmastopolitiikan suhdanteet ja talouskasvu<\/td>\n<td class=\"column-2\">5.400<\/td>\n<\/tr>\n<tr class=\"row-7 odd\">\n<td class=\"column-1\">ED <strong>Edvard Johansson<\/strong><br \/>Hur inverkar spr\u00e5kpolitik p\u00e5 n\u00e4ringslivets konkurrenskraft? En empirisk analys med svenskan i Finland som exempel.<\/td>\n<td class=\"column-2\">5.000<\/td>\n<\/tr>\n<tr class=\"row-8 even\">\n<td class=\"column-1\">Dr. Soc.Sci <strong>Oleksandra Nenko<\/strong><br \/>Displaced Ukrainian Artists in Finland: Resilience of Artistic Identities<br \/>and Policies of Care<\/td>\n<td class=\"column-2\">11.200<\/td>\n<\/tr>\n<tr class=\"row-9 odd\">\n<td class=\"column-1\">PD <strong>Timo Ter\u00e4svirta<\/strong><br \/>Resa till 31st Symposium of the Society for Nonlinear Dynamics &amp; Econometrics,<br \/>March 21 &amp; 22, 2024, University of Padova<\/td>\n<td class=\"column-2\">1.255<\/td>\n<\/tr>\n<\/tbody>\n<\/table>\n<p>&nbsp;<\/p>\n<h3>Sohlbergs fond &#8211; Sohlbergin rahasto &#8211;\u00a0 Sohlberg fund &#8211; 3 kpl st, <strong>22.772 <\/strong> \u20ac<\/h3>\n<table id=\"tablepress-41\" class=\"tablepress tablepress-id-41\">\n<caption style=\"caption-side: bottom; text-align: left; border: none; background: none; margin: 0; padding: 0;\"><\/caption>\n<tbody class=\"row-hover\">\n<tr class=\"row-1 odd\">\n<td class=\"column-1\">FT <strong>Heidi Mod<\/strong><br \/>Pohjoisten ekosysteemien muutos: ilmastonmuutoksen k\u00e4ynnist\u00e4m\u00e4t ketjureaktiot<\/td>\n<td class=\"column-2\">13.513<\/td>\n<\/tr>\n<tr class=\"row-2 even\">\n<td class=\"column-1\">PhD <strong>Evgenia Salin<\/strong><br \/>Evolution of the Precambrian crust in southeastern Sweden<\/td>\n<td class=\"column-2\">7.686<\/td>\n<\/tr>\n<tr class=\"row-3 odd\">\n<td class=\"column-1\">FM <strong>Sonja Silvennoinen<\/strong><br \/>It\u00e4meren rannikon happipitoisuuden muutokset analogiana tuleville ymp\u00e4rist\u00f6olosuhteille l\u00e4mpenev\u00e4ss\u00e4 ilmastossa \u2013 ymp\u00e4rist\u00f6magneettinen tutkimus.<\/td>\n<td class=\"column-2\">1.573<\/td>\n<\/tr>\n<\/tbody>\n<\/table>\n<p>&nbsp;<\/p>\n<h3>Yhteens\u00e4 &#8211; Totalt 54 kpl st, 571 260 \u20ac<\/h3>\n<p>[\/et_pb_text][\/et_pb_column][\/et_pb_row][\/et_pb_section]<\/p>\n","protected":false},"excerpt":{"rendered":"<p>FINSKA VETENSKAPS-SOCIETETEN \u2013 SUOMEN TIEDESEURA \u2013 THE FINNISH SOCIETY OF SCIENCES AND LETTERS Stipendier 2024 \u2013 Apurahat 2024 \u2013 Grants awarded 2024 Matematisk-fysiska sektionen &#8211; Matemaattis-fysikaalinen osasto &#8211; Section of Mathematics and Physics &#8211;\u00a0 11 kpl st, 68.000 \u20ac PhD Jean-Pierre DognonThis is a project of scientific research collaboration between myself and Professor Pekka Pyykk\u00f6. [&hellip;]<\/p>\n","protected":false},"author":2,"featured_media":0,"parent":0,"menu_order":0,"comment_status":"closed","ping_status":"closed","template":"","meta":{"_acf_changed":false,"_et_pb_use_builder":"on","_et_pb_old_content":"","_et_gb_content_width":"","footnotes":""},"class_list":["post-4252","page","type-page","status-publish","hentry"],"acf":[],"yoast_head":"<!-- This site is optimized with the Yoast SEO plugin v27.3 - https:\/\/yoast.com\/product\/yoast-seo-wordpress\/ -->\n<title>Beviljade stipendier 2024 (pdf) - Suomen Tiedeseura<\/title>\n<meta name=\"robots\" content=\"index, follow, max-snippet:-1, max-image-preview:large, max-video-preview:-1\" \/>\n<link rel=\"canonical\" href=\"https:\/\/scientiarum.fi\/beviljade-stipendier-2024-pdf\/\" \/>\n<meta property=\"og:locale\" content=\"fi_FI\" \/>\n<meta property=\"og:type\" content=\"article\" \/>\n<meta property=\"og:title\" content=\"Beviljade stipendier 2024 (pdf) - Suomen Tiedeseura\" \/>\n<meta property=\"og:description\" content=\"FINSKA VETENSKAPS-SOCIETETEN \u2013 SUOMEN TIEDESEURA \u2013 THE FINNISH SOCIETY OF SCIENCES AND LETTERS Stipendier 2024 \u2013 Apurahat 2024 \u2013 Grants awarded 2024 Matematisk-fysiska sektionen - Matemaattis-fysikaalinen osasto - Section of Mathematics and Physics -\u00a0 11 kpl st, 68.000 \u20ac PhD Jean-Pierre DognonThis is a project of scientific research collaboration between myself and Professor Pekka Pyykk\u00f6. [&hellip;]\" \/>\n<meta property=\"og:url\" content=\"https:\/\/scientiarum.fi\/beviljade-stipendier-2024-pdf\/\" \/>\n<meta property=\"og:site_name\" content=\"Suomen Tiedeseura\" \/>\n<meta property=\"article:publisher\" content=\"https:\/\/www.facebook.com\/societas.scientiarum\" \/>\n<meta property=\"article:modified_time\" content=\"2025-03-17T09:59:52+00:00\" \/>\n<meta name=\"twitter:card\" content=\"summary_large_image\" \/>\n<meta name=\"twitter:site\" content=\"@tiedeseura\" \/>\n<meta name=\"twitter:label1\" content=\"Arvioitu lukuaika\" \/>\n\t<meta name=\"twitter:data1\" content=\"5 minuuttia\" \/>\n<script type=\"application\/ld+json\" class=\"yoast-schema-graph\">{\"@context\":\"https:\\\/\\\/schema.org\",\"@graph\":[{\"@type\":\"WebPage\",\"@id\":\"https:\\\/\\\/scientiarum.fi\\\/beviljade-stipendier-2024-pdf\\\/\",\"url\":\"https:\\\/\\\/scientiarum.fi\\\/beviljade-stipendier-2024-pdf\\\/\",\"name\":\"Beviljade stipendier 2024 (pdf) - Suomen Tiedeseura\",\"isPartOf\":{\"@id\":\"https:\\\/\\\/scientiarum.fi\\\/#website\"},\"datePublished\":\"2024-03-19T08:44:29+00:00\",\"dateModified\":\"2025-03-17T09:59:52+00:00\",\"breadcrumb\":{\"@id\":\"https:\\\/\\\/scientiarum.fi\\\/beviljade-stipendier-2024-pdf\\\/#breadcrumb\"},\"inLanguage\":\"fi\",\"potentialAction\":[{\"@type\":\"ReadAction\",\"target\":[\"https:\\\/\\\/scientiarum.fi\\\/beviljade-stipendier-2024-pdf\\\/\"]}]},{\"@type\":\"BreadcrumbList\",\"@id\":\"https:\\\/\\\/scientiarum.fi\\\/beviljade-stipendier-2024-pdf\\\/#breadcrumb\",\"itemListElement\":[{\"@type\":\"ListItem\",\"position\":1,\"name\":\"Home\",\"item\":\"https:\\\/\\\/scientiarum.fi\\\/\"},{\"@type\":\"ListItem\",\"position\":2,\"name\":\"Beviljade stipendier 2024 (pdf)\"}]},{\"@type\":\"WebSite\",\"@id\":\"https:\\\/\\\/scientiarum.fi\\\/#website\",\"url\":\"https:\\\/\\\/scientiarum.fi\\\/\",\"name\":\"Finska Vetenskaps-Societeten\",\"description\":\"\",\"publisher\":{\"@id\":\"https:\\\/\\\/scientiarum.fi\\\/#organization\"},\"potentialAction\":[{\"@type\":\"SearchAction\",\"target\":{\"@type\":\"EntryPoint\",\"urlTemplate\":\"https:\\\/\\\/scientiarum.fi\\\/?s={search_term_string}\"},\"query-input\":{\"@type\":\"PropertyValueSpecification\",\"valueRequired\":true,\"valueName\":\"search_term_string\"}}],\"inLanguage\":\"fi\"},{\"@type\":\"Organization\",\"@id\":\"https:\\\/\\\/scientiarum.fi\\\/#organization\",\"name\":\"Finska Vetenskaps-Societeten\",\"url\":\"https:\\\/\\\/scientiarum.fi\\\/\",\"logo\":{\"@type\":\"ImageObject\",\"inLanguage\":\"fi\",\"@id\":\"https:\\\/\\\/scientiarum.fi\\\/#\\\/schema\\\/logo\\\/image\\\/\",\"url\":\"\",\"contentUrl\":\"\",\"caption\":\"Finska Vetenskaps-Societeten\"},\"image\":{\"@id\":\"https:\\\/\\\/scientiarum.fi\\\/#\\\/schema\\\/logo\\\/image\\\/\"},\"sameAs\":[\"https:\\\/\\\/www.facebook.com\\\/societas.scientiarum\",\"https:\\\/\\\/x.com\\\/tiedeseura\",\"https:\\\/\\\/www.linkedin.com\\\/company\\\/finska-vetenskaps-societeten-the-finnish-society-of-sciences-and-letters\\\/\"]}]}<\/script>\n<!-- \/ Yoast SEO plugin. -->","yoast_head_json":{"title":"Beviljade stipendier 2024 (pdf) - Suomen Tiedeseura","robots":{"index":"index","follow":"follow","max-snippet":"max-snippet:-1","max-image-preview":"max-image-preview:large","max-video-preview":"max-video-preview:-1"},"canonical":"https:\/\/scientiarum.fi\/beviljade-stipendier-2024-pdf\/","og_locale":"fi_FI","og_type":"article","og_title":"Beviljade stipendier 2024 (pdf) - Suomen Tiedeseura","og_description":"FINSKA VETENSKAPS-SOCIETETEN \u2013 SUOMEN TIEDESEURA \u2013 THE FINNISH SOCIETY OF SCIENCES AND LETTERS Stipendier 2024 \u2013 Apurahat 2024 \u2013 Grants awarded 2024 Matematisk-fysiska sektionen - Matemaattis-fysikaalinen osasto - Section of Mathematics and Physics -\u00a0 11 kpl st, 68.000 \u20ac PhD Jean-Pierre DognonThis is a project of scientific research collaboration between myself and Professor Pekka Pyykk\u00f6. [&hellip;]","og_url":"https:\/\/scientiarum.fi\/beviljade-stipendier-2024-pdf\/","og_site_name":"Suomen Tiedeseura","article_publisher":"https:\/\/www.facebook.com\/societas.scientiarum","article_modified_time":"2025-03-17T09:59:52+00:00","twitter_card":"summary_large_image","twitter_site":"@tiedeseura","twitter_misc":{"Arvioitu lukuaika":"5 minuuttia"},"schema":{"@context":"https:\/\/schema.org","@graph":[{"@type":"WebPage","@id":"https:\/\/scientiarum.fi\/beviljade-stipendier-2024-pdf\/","url":"https:\/\/scientiarum.fi\/beviljade-stipendier-2024-pdf\/","name":"Beviljade stipendier 2024 (pdf) - Suomen Tiedeseura","isPartOf":{"@id":"https:\/\/scientiarum.fi\/#website"},"datePublished":"2024-03-19T08:44:29+00:00","dateModified":"2025-03-17T09:59:52+00:00","breadcrumb":{"@id":"https:\/\/scientiarum.fi\/beviljade-stipendier-2024-pdf\/#breadcrumb"},"inLanguage":"fi","potentialAction":[{"@type":"ReadAction","target":["https:\/\/scientiarum.fi\/beviljade-stipendier-2024-pdf\/"]}]},{"@type":"BreadcrumbList","@id":"https:\/\/scientiarum.fi\/beviljade-stipendier-2024-pdf\/#breadcrumb","itemListElement":[{"@type":"ListItem","position":1,"name":"Home","item":"https:\/\/scientiarum.fi\/"},{"@type":"ListItem","position":2,"name":"Beviljade stipendier 2024 (pdf)"}]},{"@type":"WebSite","@id":"https:\/\/scientiarum.fi\/#website","url":"https:\/\/scientiarum.fi\/","name":"Finska Vetenskaps-Societeten","description":"","publisher":{"@id":"https:\/\/scientiarum.fi\/#organization"},"potentialAction":[{"@type":"SearchAction","target":{"@type":"EntryPoint","urlTemplate":"https:\/\/scientiarum.fi\/?s={search_term_string}"},"query-input":{"@type":"PropertyValueSpecification","valueRequired":true,"valueName":"search_term_string"}}],"inLanguage":"fi"},{"@type":"Organization","@id":"https:\/\/scientiarum.fi\/#organization","name":"Finska Vetenskaps-Societeten","url":"https:\/\/scientiarum.fi\/","logo":{"@type":"ImageObject","inLanguage":"fi","@id":"https:\/\/scientiarum.fi\/#\/schema\/logo\/image\/","url":"","contentUrl":"","caption":"Finska Vetenskaps-Societeten"},"image":{"@id":"https:\/\/scientiarum.fi\/#\/schema\/logo\/image\/"},"sameAs":["https:\/\/www.facebook.com\/societas.scientiarum","https:\/\/x.com\/tiedeseura","https:\/\/www.linkedin.com\/company\/finska-vetenskaps-societeten-the-finnish-society-of-sciences-and-letters\/"]}]}},"_links":{"self":[{"href":"https:\/\/scientiarum.fi\/fi\/wp-json\/wp\/v2\/pages\/4252","targetHints":{"allow":["GET"]}}],"collection":[{"href":"https:\/\/scientiarum.fi\/fi\/wp-json\/wp\/v2\/pages"}],"about":[{"href":"https:\/\/scientiarum.fi\/fi\/wp-json\/wp\/v2\/types\/page"}],"author":[{"embeddable":true,"href":"https:\/\/scientiarum.fi\/fi\/wp-json\/wp\/v2\/users\/2"}],"replies":[{"embeddable":true,"href":"https:\/\/scientiarum.fi\/fi\/wp-json\/wp\/v2\/comments?post=4252"}],"version-history":[{"count":11,"href":"https:\/\/scientiarum.fi\/fi\/wp-json\/wp\/v2\/pages\/4252\/revisions"}],"predecessor-version":[{"id":7124,"href":"https:\/\/scientiarum.fi\/fi\/wp-json\/wp\/v2\/pages\/4252\/revisions\/7124"}],"wp:attachment":[{"href":"https:\/\/scientiarum.fi\/fi\/wp-json\/wp\/v2\/media?parent=4252"}],"curies":[{"name":"wp","href":"https:\/\/api.w.org\/{rel}","templated":true}]}}