{"id":3330,"date":"2023-11-09T06:58:43","date_gmt":"2023-11-09T06:58:43","guid":{"rendered":"https:\/\/scientiarum.fi\/?page_id=3330"},"modified":"2025-03-04T17:02:17","modified_gmt":"2025-03-04T14:02:17","slug":"commentationes-scientiarum-socialium-2","status":"publish","type":"page","link":"https:\/\/scientiarum.fi\/fi\/publikationer\/commentationes-scientiarum-socialium-2\/","title":{"rendered":"\u00d6vriga publikationer"},"content":{"rendered":"<p>[et_pb_section fb_built=&#8221;1&#8243; _builder_version=&#8221;4.21.0&#8243; _module_preset=&#8221;default&#8221; global_colors_info=&#8221;{}&#8221;][et_pb_row _builder_version=&#8221;4.21.0&#8243; _module_preset=&#8221;default&#8221; custom_margin=&#8221;0px||0px||false|false&#8221; custom_padding=&#8221;0px||0px||false|false&#8221; global_colors_info=&#8221;{}&#8221;][et_pb_column type=&#8221;4_4&#8243; _builder_version=&#8221;4.21.0&#8243; _module_preset=&#8221;default&#8221; global_colors_info=&#8221;{}&#8221;][et_pb_image src=&#8221;https:\/\/scientiarum.fi\/wp-content\/uploads\/2023\/06\/publikationer-ban.jpg&#8221; title_text=&#8221;publikationer-ban&#8221; _builder_version=&#8221;4.21.0&#8243; _module_preset=&#8221;default&#8221; global_colors_info=&#8221;{}&#8221;][\/et_pb_image][\/et_pb_column][\/et_pb_row][et_pb_row column_structure=&#8221;1_5,3_5,1_5&#8243; _builder_version=&#8221;4.21.0&#8243; _module_preset=&#8221;default&#8221; custom_margin=&#8221;50px||0px||false|false&#8221; custom_padding=&#8221;0px||0px||false|false&#8221; global_colors_info=&#8221;{}&#8221;][et_pb_column type=&#8221;1_5&#8243; _builder_version=&#8221;4.21.0&#8243; _module_preset=&#8221;default&#8221; global_colors_info=&#8221;{}&#8221;][\/et_pb_column][et_pb_column type=&#8221;3_5&#8243; _builder_version=&#8221;4.21.0&#8243; _module_preset=&#8221;default&#8221; global_colors_info=&#8221;{}&#8221;][et_pb_text module_class=&#8221;defwp&#8221; _builder_version=&#8221;4.27.3&#8243; _module_preset=&#8221;1b686adf-681b-484a-9fee-595f92a65ad5&#8243; hover_enabled=&#8221;0&#8243; global_colors_info=&#8221;{}&#8221; sticky_enabled=&#8221;0&#8243;]<\/p>\n<h1>\u00d6vriga publikationer<\/h1>\n<p><span>Societetens publikationer \u00e4r tillg\u00e4ngliga under\u00a0<\/span><a href=\"https:\/\/creativecommons.org\/licenses\/by-nc-nd\/4.0\/deed.sv\">Creative Commons Erk\u00e4nnande-Icke-Kommersiell-IngaBearbetningar 4.0 Internationell-licensen<\/a><span>.<\/span><\/p>\n<p>(pdf) <a class=\"pdflink\" href=\"https:\/\/scientiarum.fi\/wp-content\/uploads\/2023\/11\/Ovriga-publikationer-8.11.2023.pdf\" target=\"_blank\" rel=\"noopener\">Publikationsf\u00f6rteckning<\/a><\/p>\n<p>(pdf) <a href=\"https:\/\/edition.fi\/societasscientiarum\/catalog\/view\/666\/778\/3141-1\">Selected papers of Carl G. Gahmberg (with commentaries)<\/a><\/p>\n<p>[\/et_pb_text][\/et_pb_column][et_pb_column type=&#8221;1_5&#8243; _builder_version=&#8221;4.21.0&#8243; _module_preset=&#8221;default&#8221; global_colors_info=&#8221;{}&#8221;][\/et_pb_column][\/et_pb_row][\/et_pb_section]<\/p>\n","protected":false},"excerpt":{"rendered":"<p>\u00d6vriga publikationer Societetens publikationer \u00e4r tillg\u00e4ngliga under\u00a0Creative Commons Erk\u00e4nnande-Icke-Kommersiell-IngaBearbetningar 4.0 Internationell-licensen. (pdf) Publikationsf\u00f6rteckning (pdf) Selected papers of Carl G. Gahmberg (with commentaries)<\/p>\n","protected":false},"author":2,"featured_media":0,"parent":28,"menu_order":0,"comment_status":"closed","ping_status":"closed","template":"","meta":{"_acf_changed":false,"_et_pb_use_builder":"on","_et_pb_old_content":"[et_pb_section fb_built=\"1\" _builder_version=\"4.21.0\" _module_preset=\"default\" global_colors_info=\"{}\"][et_pb_row _builder_version=\"4.21.0\" _module_preset=\"default\" custom_margin=\"0px||0px||false|false\" custom_padding=\"0px||0px||false|false\" global_colors_info=\"{}\"][et_pb_column type=\"4_4\" _builder_version=\"4.21.0\" _module_preset=\"default\" global_colors_info=\"{}\"][et_pb_image src=\"https:\/\/scientiarum.fi\/wp-content\/uploads\/2023\/06\/publikationer-ban.jpg\" title_text=\"publikationer-ban\" _builder_version=\"4.21.0\" _module_preset=\"default\" global_colors_info=\"{}\"][\/et_pb_image][\/et_pb_column][\/et_pb_row][et_pb_row column_structure=\"1_5,3_5,1_5\" _builder_version=\"4.21.0\" _module_preset=\"default\" custom_margin=\"50px||0px||false|false\" custom_padding=\"0px||0px||false|false\" global_colors_info=\"{}\"][et_pb_column type=\"1_5\" _builder_version=\"4.21.0\" _module_preset=\"default\" global_colors_info=\"{}\"][\/et_pb_column][et_pb_column type=\"3_5\" _builder_version=\"4.21.0\" _module_preset=\"default\" global_colors_info=\"{}\"][et_pb_text module_class=\"defwp\" _builder_version=\"4.22.1\" _module_preset=\"4e383309-b084-4f1a-86bb-b39ea5e11bb7\" hover_enabled=\"0\" global_colors_info=\"{}\" sticky_enabled=\"0\"]\n<h1>Commentationes Scientiarum Socialium<\/h1>\nRedakt\u00f6r Jan Sundberg, <a href=\"mailto:jan.sundberg@helsinki.fi\" target=\"_blank\" rel=\"noopener\">jan.sundberg@helsinki.fi<\/a>\n\n(pdf)<a href=\"https:\/\/scientiarum.fi\/wp-content\/uploads\/2023\/11\/Commentationes-Scientiarum-Socialium-8.11.2023.pdf\"> Publikationsf\u00f6rteckning<\/a>\n\n(pdf) <a href=\"https:\/\/edition.fi\/societasscientiarum\/catalog\/view\/754\/761\/2997-1\">CSS 82 | Bo L\u00f6nnqvist | Stimmen von Banater Schwaben: Narratologische Studien zur deutschen Minderheit im rum\u00e4nischen Banat in den 1990er Jahren. 2023. 356 s.<\/a>\n\n(pdf) <a href=\"https:\/\/edition.fi\/societasscientiarum\/catalog\/book\/172\" target=\"_blank\" rel=\"noopener\">CSS 81 | Kristiina Silvan | Legacies of the Komsomol. Afterlife of the Leninist Communist Youth League and Contemporary State \u2013 Affiliated Youth Activism in Post-Soviet Russia and Belarus. 2022. 115 s.<\/a>\n\n<a href=\"https:\/\/www.youtube.com\/watch?v=7UYj08R9mWw\" target=\"_blank\" rel=\"noopener\">Kristiina Silvan diskuterar sin bok \u201dLegacies of the Komsomol. Afterlife of the Leninist Communist Youth League and Contemporary State \u2013 Affiliated Youth Activism in Post-Soviet Russia and Belarus\u201d tillsammans med Veera Laine<\/a>\n\n(pdf) <a href=\"https:\/\/edition.fi\/societasscientiarum\/catalog\/view\/130\/74\/254-1\" target=\"_blank\" rel=\"noopener\">CSS 80 | Veera Laine | Nationalism as an Argument in Contemporary Russia. Four perspectives on language in action. 2021. 117 s.<\/a>\n\n<a href=\"https:\/\/www.youtube.com\/watch?v=7UYj08R9mWw\" target=\"_blank\" rel=\"noopener\">Veera Laine diskuterar sin bok \u201dNationalism as an argument in contemporary Russia. Four perspectives on language in action\u201d tillsammans med Kristiina Silvan.<\/a>\n\n(pdf) <a href=\"https:\/\/scientiarum.fi\/wp-content\/uploads\/2023\/06\/Savonen-vaitos-B5-final-web.pdf\">CSS 79 | Tuomas Savonen |<\/a>\n<a href=\"https:\/\/scientiarum.fi\/wp-content\/uploads\/2023\/06\/Savonen-vaitos-B5-final-web.pdf\">MINNESOTA, MOSCOW, MANHATTAN. Gus Hall\u2019s Life and Political Line Until the Late 1960s. 2020. 503 s.<\/a>\n\n[\/et_pb_text][\/et_pb_column][et_pb_column type=\"1_5\" _builder_version=\"4.21.0\" _module_preset=\"default\" global_colors_info=\"{}\"][\/et_pb_column][\/et_pb_row][\/et_pb_section]","_et_gb_content_width":"","footnotes":""},"class_list":["post-3330","page","type-page","status-publish","hentry"],"acf":[],"yoast_head":"<!-- This site is optimized with the Yoast SEO plugin v27.3 - https:\/\/yoast.com\/product\/yoast-seo-wordpress\/ -->\n<title>\u00d6vriga publikationer - Suomen Tiedeseura<\/title>\n<meta name=\"robots\" content=\"index, follow, max-snippet:-1, max-image-preview:large, max-video-preview:-1\" \/>\n<link rel=\"canonical\" href=\"https:\/\/scientiarum.fi\/publikationer\/commentationes-scientiarum-socialium-2\/\" \/>\n<meta property=\"og:locale\" content=\"fi_FI\" \/>\n<meta property=\"og:type\" content=\"article\" \/>\n<meta property=\"og:title\" content=\"\u00d6vriga publikationer - Suomen Tiedeseura\" \/>\n<meta property=\"og:description\" content=\"\u00d6vriga publikationer Societetens publikationer \u00e4r tillg\u00e4ngliga under\u00a0Creative Commons Erk\u00e4nnande-Icke-Kommersiell-IngaBearbetningar 4.0 Internationell-licensen. (pdf) Publikationsf\u00f6rteckning (pdf) Selected papers of Carl G. Gahmberg (with commentaries)\" \/>\n<meta property=\"og:url\" content=\"https:\/\/scientiarum.fi\/publikationer\/commentationes-scientiarum-socialium-2\/\" \/>\n<meta property=\"og:site_name\" content=\"Suomen Tiedeseura\" \/>\n<meta property=\"article:publisher\" content=\"https:\/\/www.facebook.com\/societas.scientiarum\" \/>\n<meta property=\"article:modified_time\" content=\"2025-03-04T14:02:17+00:00\" \/>\n<meta name=\"twitter:card\" content=\"summary_large_image\" \/>\n<meta name=\"twitter:site\" content=\"@tiedeseura\" \/>\n<meta name=\"twitter:label1\" content=\"Arvioitu lukuaika\" \/>\n\t<meta name=\"twitter:data1\" content=\"1 minuutti\" \/>\n<script type=\"application\/ld+json\" class=\"yoast-schema-graph\">{\"@context\":\"https:\\\/\\\/schema.org\",\"@graph\":[{\"@type\":\"WebPage\",\"@id\":\"https:\\\/\\\/scientiarum.fi\\\/publikationer\\\/commentationes-scientiarum-socialium-2\\\/\",\"url\":\"https:\\\/\\\/scientiarum.fi\\\/publikationer\\\/commentationes-scientiarum-socialium-2\\\/\",\"name\":\"\u00d6vriga publikationer - Suomen Tiedeseura\",\"isPartOf\":{\"@id\":\"https:\\\/\\\/scientiarum.fi\\\/#website\"},\"datePublished\":\"2023-11-09T06:58:43+00:00\",\"dateModified\":\"2025-03-04T14:02:17+00:00\",\"breadcrumb\":{\"@id\":\"https:\\\/\\\/scientiarum.fi\\\/publikationer\\\/commentationes-scientiarum-socialium-2\\\/#breadcrumb\"},\"inLanguage\":\"fi\",\"potentialAction\":[{\"@type\":\"ReadAction\",\"target\":[\"https:\\\/\\\/scientiarum.fi\\\/publikationer\\\/commentationes-scientiarum-socialium-2\\\/\"]}]},{\"@type\":\"BreadcrumbList\",\"@id\":\"https:\\\/\\\/scientiarum.fi\\\/publikationer\\\/commentationes-scientiarum-socialium-2\\\/#breadcrumb\",\"itemListElement\":[{\"@type\":\"ListItem\",\"position\":1,\"name\":\"Home\",\"item\":\"https:\\\/\\\/scientiarum.fi\\\/\"},{\"@type\":\"ListItem\",\"position\":2,\"name\":\"Publikationer\",\"item\":\"https:\\\/\\\/scientiarum.fi\\\/publikationer\\\/\"},{\"@type\":\"ListItem\",\"position\":3,\"name\":\"\u00d6vriga publikationer\"}]},{\"@type\":\"WebSite\",\"@id\":\"https:\\\/\\\/scientiarum.fi\\\/#website\",\"url\":\"https:\\\/\\\/scientiarum.fi\\\/\",\"name\":\"Finska Vetenskaps-Societeten\",\"description\":\"\",\"publisher\":{\"@id\":\"https:\\\/\\\/scientiarum.fi\\\/#organization\"},\"potentialAction\":[{\"@type\":\"SearchAction\",\"target\":{\"@type\":\"EntryPoint\",\"urlTemplate\":\"https:\\\/\\\/scientiarum.fi\\\/?s={search_term_string}\"},\"query-input\":{\"@type\":\"PropertyValueSpecification\",\"valueRequired\":true,\"valueName\":\"search_term_string\"}}],\"inLanguage\":\"fi\"},{\"@type\":\"Organization\",\"@id\":\"https:\\\/\\\/scientiarum.fi\\\/#organization\",\"name\":\"Finska Vetenskaps-Societeten\",\"url\":\"https:\\\/\\\/scientiarum.fi\\\/\",\"logo\":{\"@type\":\"ImageObject\",\"inLanguage\":\"fi\",\"@id\":\"https:\\\/\\\/scientiarum.fi\\\/#\\\/schema\\\/logo\\\/image\\\/\",\"url\":\"\",\"contentUrl\":\"\",\"caption\":\"Finska Vetenskaps-Societeten\"},\"image\":{\"@id\":\"https:\\\/\\\/scientiarum.fi\\\/#\\\/schema\\\/logo\\\/image\\\/\"},\"sameAs\":[\"https:\\\/\\\/www.facebook.com\\\/societas.scientiarum\",\"https:\\\/\\\/x.com\\\/tiedeseura\",\"https:\\\/\\\/www.linkedin.com\\\/company\\\/finska-vetenskaps-societeten-the-finnish-society-of-sciences-and-letters\\\/\"]}]}<\/script>\n<!-- \/ Yoast SEO plugin. -->","yoast_head_json":{"title":"\u00d6vriga publikationer - Suomen Tiedeseura","robots":{"index":"index","follow":"follow","max-snippet":"max-snippet:-1","max-image-preview":"max-image-preview:large","max-video-preview":"max-video-preview:-1"},"canonical":"https:\/\/scientiarum.fi\/publikationer\/commentationes-scientiarum-socialium-2\/","og_locale":"fi_FI","og_type":"article","og_title":"\u00d6vriga publikationer - Suomen Tiedeseura","og_description":"\u00d6vriga publikationer Societetens publikationer \u00e4r tillg\u00e4ngliga under\u00a0Creative Commons Erk\u00e4nnande-Icke-Kommersiell-IngaBearbetningar 4.0 Internationell-licensen. (pdf) Publikationsf\u00f6rteckning (pdf) Selected papers of Carl G. Gahmberg (with commentaries)","og_url":"https:\/\/scientiarum.fi\/publikationer\/commentationes-scientiarum-socialium-2\/","og_site_name":"Suomen Tiedeseura","article_publisher":"https:\/\/www.facebook.com\/societas.scientiarum","article_modified_time":"2025-03-04T14:02:17+00:00","twitter_card":"summary_large_image","twitter_site":"@tiedeseura","twitter_misc":{"Arvioitu lukuaika":"1 minuutti"},"schema":{"@context":"https:\/\/schema.org","@graph":[{"@type":"WebPage","@id":"https:\/\/scientiarum.fi\/publikationer\/commentationes-scientiarum-socialium-2\/","url":"https:\/\/scientiarum.fi\/publikationer\/commentationes-scientiarum-socialium-2\/","name":"\u00d6vriga publikationer - Suomen Tiedeseura","isPartOf":{"@id":"https:\/\/scientiarum.fi\/#website"},"datePublished":"2023-11-09T06:58:43+00:00","dateModified":"2025-03-04T14:02:17+00:00","breadcrumb":{"@id":"https:\/\/scientiarum.fi\/publikationer\/commentationes-scientiarum-socialium-2\/#breadcrumb"},"inLanguage":"fi","potentialAction":[{"@type":"ReadAction","target":["https:\/\/scientiarum.fi\/publikationer\/commentationes-scientiarum-socialium-2\/"]}]},{"@type":"BreadcrumbList","@id":"https:\/\/scientiarum.fi\/publikationer\/commentationes-scientiarum-socialium-2\/#breadcrumb","itemListElement":[{"@type":"ListItem","position":1,"name":"Home","item":"https:\/\/scientiarum.fi\/"},{"@type":"ListItem","position":2,"name":"Publikationer","item":"https:\/\/scientiarum.fi\/publikationer\/"},{"@type":"ListItem","position":3,"name":"\u00d6vriga publikationer"}]},{"@type":"WebSite","@id":"https:\/\/scientiarum.fi\/#website","url":"https:\/\/scientiarum.fi\/","name":"Finska Vetenskaps-Societeten","description":"","publisher":{"@id":"https:\/\/scientiarum.fi\/#organization"},"potentialAction":[{"@type":"SearchAction","target":{"@type":"EntryPoint","urlTemplate":"https:\/\/scientiarum.fi\/?s={search_term_string}"},"query-input":{"@type":"PropertyValueSpecification","valueRequired":true,"valueName":"search_term_string"}}],"inLanguage":"fi"},{"@type":"Organization","@id":"https:\/\/scientiarum.fi\/#organization","name":"Finska Vetenskaps-Societeten","url":"https:\/\/scientiarum.fi\/","logo":{"@type":"ImageObject","inLanguage":"fi","@id":"https:\/\/scientiarum.fi\/#\/schema\/logo\/image\/","url":"","contentUrl":"","caption":"Finska Vetenskaps-Societeten"},"image":{"@id":"https:\/\/scientiarum.fi\/#\/schema\/logo\/image\/"},"sameAs":["https:\/\/www.facebook.com\/societas.scientiarum","https:\/\/x.com\/tiedeseura","https:\/\/www.linkedin.com\/company\/finska-vetenskaps-societeten-the-finnish-society-of-sciences-and-letters\/"]}]}},"_links":{"self":[{"href":"https:\/\/scientiarum.fi\/fi\/wp-json\/wp\/v2\/pages\/3330","targetHints":{"allow":["GET"]}}],"collection":[{"href":"https:\/\/scientiarum.fi\/fi\/wp-json\/wp\/v2\/pages"}],"about":[{"href":"https:\/\/scientiarum.fi\/fi\/wp-json\/wp\/v2\/types\/page"}],"author":[{"embeddable":true,"href":"https:\/\/scientiarum.fi\/fi\/wp-json\/wp\/v2\/users\/2"}],"replies":[{"embeddable":true,"href":"https:\/\/scientiarum.fi\/fi\/wp-json\/wp\/v2\/comments?post=3330"}],"version-history":[{"count":7,"href":"https:\/\/scientiarum.fi\/fi\/wp-json\/wp\/v2\/pages\/3330\/revisions"}],"predecessor-version":[{"id":7108,"href":"https:\/\/scientiarum.fi\/fi\/wp-json\/wp\/v2\/pages\/3330\/revisions\/7108"}],"up":[{"embeddable":true,"href":"https:\/\/scientiarum.fi\/fi\/wp-json\/wp\/v2\/pages\/28"}],"wp:attachment":[{"href":"https:\/\/scientiarum.fi\/fi\/wp-json\/wp\/v2\/media?parent=3330"}],"curies":[{"name":"wp","href":"https:\/\/api.w.org\/{rel}","templated":true}]}}