{"id":3123,"date":"2023-05-15T14:22:36","date_gmt":"2023-05-15T11:22:36","guid":{"rendered":"https:\/\/scientiarum.fi\/apurahat-ja-palkinnot\/palkinto\/"},"modified":"2025-12-08T12:48:41","modified_gmt":"2025-12-08T09:48:41","slug":"palkinto","status":"publish","type":"page","link":"https:\/\/scientiarum.fi\/fi\/apurahat-ja-palkinnot\/palkinto\/","title":{"rendered":"Palkinnot"},"content":{"rendered":"<p>[et_pb_section fb_built=&#8221;1&#8243; _builder_version=&#8221;4.21.0&#8243; _module_preset=&#8221;default&#8221; global_colors_info=&#8221;{}&#8221;][et_pb_row _builder_version=&#8221;4.21.0&#8243; _module_preset=&#8221;default&#8221; custom_margin=&#8221;0px||0px||false|false&#8221; custom_padding=&#8221;0px||0px||false|false&#8221; global_colors_info=&#8221;{}&#8221;][et_pb_column type=&#8221;4_4&#8243; _builder_version=&#8221;4.21.0&#8243; _module_preset=&#8221;default&#8221; global_colors_info=&#8221;{}&#8221;][et_pb_image src=&#8221;https:\/\/scientiarum.fi\/wp-content\/uploads\/2023\/06\/stipendier-pris-1.jpg&#8221; title_text=&#8221;stipendier-pris-1&#8243; _builder_version=&#8221;4.21.0&#8243; _module_preset=&#8221;default&#8221; global_colors_info=&#8221;{}&#8221;][\/et_pb_image][\/et_pb_column][\/et_pb_row][et_pb_row column_structure=&#8221;1_5,3_5,1_5&#8243; _builder_version=&#8221;4.21.0&#8243; _module_preset=&#8221;default&#8221; custom_margin=&#8221;50px||0px||false|false&#8221; custom_padding=&#8221;0px||0px||false|false&#8221; global_colors_info=&#8221;{}&#8221;][et_pb_column type=&#8221;1_5&#8243; _builder_version=&#8221;4.21.0&#8243; _module_preset=&#8221;default&#8221; global_colors_info=&#8221;{}&#8221;][\/et_pb_column][et_pb_column type=&#8221;3_5&#8243; _builder_version=&#8221;4.21.0&#8243; _module_preset=&#8221;default&#8221; global_colors_info=&#8221;{}&#8221;][et_pb_text module_class=&#8221;defwp&#8221; _builder_version=&#8221;4.27.4&#8243; _module_preset=&#8221;4e383309-b084-4f1a-86bb-b39ea5e11bb7&#8243; hover_enabled=&#8221;0&#8243; global_colors_info=&#8221;{}&#8221; sticky_enabled=&#8221;0&#8243;]<\/p>\n<h1>Tiede-ja opettajapalkinnot<\/h1>\n<p>Suomen Tiedeseura jakaa huomattavan m\u00e4\u00e4r\u00e4n palkintoja omista varoistaan ja nimitt\u00e4\u00e4 my\u00f6s Magnus Ehrnroothin s\u00e4\u00e4ti\u00f6n palkintojen palkintotoimikunnat.<\/p>\n<p>Suomen Tiedeseuran suuri palkinto \u2013 Professori E.J. Nystr\u00f6min palkinto \u2013 my\u00f6nnet\u00e4\u00e4n merkitt\u00e4vist\u00e4 tieteellisist\u00e4 ansioista. Palkinto my\u00f6nnet\u00e4\u00e4n vuorotellen Tiedeseuran nelj\u00e4n osaston tieteenalojen harjoittajalle. Palkintosumma on 50 000 \u20ac. <a href=\"https:\/\/scientiarum.fi\/fi\/suomen-tiedeseuran-suuri-palkinto-professori-e-j-nystromin-palkinto\">Luettelo aiemmista palkinnonsaajista.<\/a><\/p>\n<p>Professori Theodor Hom\u00e9nin palkinto my\u00f6nnet\u00e4\u00e4n vuorovuosin fysiikan ja is\u00e4nmaan historian tutkijoille. Palkintosumma on 20 000 \u20ac <a href=\"https:\/\/scientiarum.fi\/fi\/professori-theodor-homenin-palkinto\/\">Luettelo aiemmista palkinnonsaajista.<\/a><\/p>\n<p>Valtioneuvos Lorenz Lindel\u00f6fin palkinto my\u00f6nnet\u00e4\u00e4n joka kolmas vuosi matematiikan tieteellisist\u00e4 ansioista. Palkintosumma on 10 000 \u20ac <a href=\"https:\/\/scientiarum.fi\/fi\/valtioneuvos-lorenz-lindelofin-matematiikan-palkinto\/\">Luettelo aiemmista palkinnonsaajista.<\/a><\/p>\n<p>FT Mikael Bj\u00f6rnbergin muistorahaston palkinto my\u00f6nnet\u00e4\u00e4n teoreettisen fysiikan ja siihen liittyvien alojen ansioituneille tutkijoille. Palkintosumma on 10 000 \u20ac <a href=\"https:\/\/scientiarum.fi\/fi\/ft-mikael-bjornbergin-muistorahaston-palkinto\/\">Luettelo aiemmista palkinnonsaajista.<\/a><\/p>\n<p>Magnus Ehrnroothin palkinto my\u00f6nnet\u00e4\u00e4n vuorotellen matematiikan, fysiikan ja kemian erityisen etev\u00e4lle tutkijalle. Palkintosumma on 20 000 \u20ac. <a href=\"https:\/\/scientiarum.fi\/fi\/magnus-ehrnroothin-palkinto\/\">Luettelo aiemmista palkinnonsaajista.<\/a><\/p>\n<p>Suomen Tiedeseura jakaa vuosittain kolme Magnus Ehrnroothin v\u00e4it\u00f6skirjapalkintoa: parhaasta edellisen\u00e4 vuonna suomalaisessa yliopistossa hyv\u00e4ksytyst\u00e4 matematiikan, fysiikan sek\u00e4 kemian v\u00e4it\u00f6skirjasta. Kunkin palkinnon arvo on 5 000 \u20ac. <a href=\"https:\/\/scientiarum.fi\/fi\/magnus-ehrnroothin-palkinto-parhaasta-edellisena-vuonna-suomalaisessa-yliopistossa-hyvaksytysta-matematiikan-fysiikan-seka-kemian-vaitoskirjasta\/\">Luettelo aiemmista palkinnonsaajista.<\/a><\/p>\n<p>Opettajapalkinnot my\u00f6nnet\u00e4\u00e4n eteville humanististen, yhteiskuntatieteellisten sek\u00e4 luonnontieteellisten aineiden lukio-opettajille. T\u00e4rke\u00e4n\u00e4 perusteluna palkinnon my\u00f6nt\u00e4misess\u00e4 on, ett\u00e4 palkinnonsaajan oppilaat ovat hakeutuneet alan akateemisiin opintoihin. Kunkin palkinnon arvo on 5 000 \u20ac. T\u00e4m\u00e4n lis\u00e4ksi palkitun opettajan koulu saa 2 000 \u20ac opettajan aineen kehitt\u00e4miseen. <a href=\"https:\/\/scientiarum.fi\/lararpris-1998\/\">Luettelo aiemmista palkinnonsaajista.<\/a><\/p>\n<p>Tiedeseuran pronssi- ja hopeamitalit ovat Alexander Baharevin suunnittelemia. Ne my\u00f6nnet\u00e4\u00e4n erityisen ansiokkaasta Tiedeseuran hyv\u00e4ksi tehdyst\u00e4 ty\u00f6st\u00e4.<\/p>\n<p>&nbsp;<\/p>\n<p>[\/et_pb_text][\/et_pb_column][et_pb_column type=&#8221;1_5&#8243; _builder_version=&#8221;4.21.0&#8243; _module_preset=&#8221;default&#8221; global_colors_info=&#8221;{}&#8221;][\/et_pb_column][\/et_pb_row][\/et_pb_section]<\/p>\n","protected":false},"excerpt":{"rendered":"<p>Tiede-ja opettajapalkinnot Suomen Tiedeseura jakaa huomattavan m\u00e4\u00e4r\u00e4n palkintoja omista varoistaan ja nimitt\u00e4\u00e4 my\u00f6s Magnus Ehrnroothin s\u00e4\u00e4ti\u00f6n palkintojen palkintotoimikunnat. Suomen Tiedeseuran suuri palkinto \u2013 Professori E.J. Nystr\u00f6min palkinto \u2013 my\u00f6nnet\u00e4\u00e4n merkitt\u00e4vist\u00e4 tieteellisist\u00e4 ansioista. Palkinto my\u00f6nnet\u00e4\u00e4n vuorotellen Tiedeseuran nelj\u00e4n osaston tieteenalojen harjoittajalle. Palkintosumma on 50 000 \u20ac. Luettelo aiemmista palkinnonsaajista. Professori Theodor Hom\u00e9nin palkinto my\u00f6nnet\u00e4\u00e4n vuorovuosin fysiikan [&hellip;]<\/p>\n","protected":false},"author":2,"featured_media":0,"parent":1323,"menu_order":0,"comment_status":"closed","ping_status":"closed","template":"","meta":{"_acf_changed":false,"_et_pb_use_builder":"on","_et_pb_old_content":"","_et_gb_content_width":"","footnotes":""},"class_list":["post-3123","page","type-page","status-publish","hentry"],"acf":[],"yoast_head":"<!-- This site is optimized with the Yoast SEO plugin v27.3 - https:\/\/yoast.com\/product\/yoast-seo-wordpress\/ -->\n<title>Palkinnot - Suomen Tiedeseura<\/title>\n<meta name=\"robots\" content=\"index, follow, max-snippet:-1, max-image-preview:large, max-video-preview:-1\" \/>\n<link rel=\"canonical\" href=\"https:\/\/scientiarum.fi\/fi\/apurahat-ja-palkinnot\/palkinto\/\" \/>\n<meta property=\"og:locale\" content=\"fi_FI\" \/>\n<meta property=\"og:type\" content=\"article\" \/>\n<meta property=\"og:title\" content=\"Palkinnot - Suomen Tiedeseura\" \/>\n<meta property=\"og:description\" content=\"Tiede-ja opettajapalkinnot Suomen Tiedeseura jakaa huomattavan m\u00e4\u00e4r\u00e4n palkintoja omista varoistaan ja nimitt\u00e4\u00e4 my\u00f6s Magnus Ehrnroothin s\u00e4\u00e4ti\u00f6n palkintojen palkintotoimikunnat. Suomen Tiedeseuran suuri palkinto \u2013 Professori E.J. Nystr\u00f6min palkinto \u2013 my\u00f6nnet\u00e4\u00e4n merkitt\u00e4vist\u00e4 tieteellisist\u00e4 ansioista. Palkinto my\u00f6nnet\u00e4\u00e4n vuorotellen Tiedeseuran nelj\u00e4n osaston tieteenalojen harjoittajalle. Palkintosumma on 50 000 \u20ac. Luettelo aiemmista palkinnonsaajista. Professori Theodor Hom\u00e9nin palkinto my\u00f6nnet\u00e4\u00e4n vuorovuosin fysiikan [&hellip;]\" \/>\n<meta property=\"og:url\" content=\"https:\/\/scientiarum.fi\/fi\/apurahat-ja-palkinnot\/palkinto\/\" \/>\n<meta property=\"og:site_name\" content=\"Suomen Tiedeseura\" \/>\n<meta property=\"article:publisher\" content=\"https:\/\/www.facebook.com\/societas.scientiarum\" \/>\n<meta property=\"article:modified_time\" content=\"2025-12-08T09:48:41+00:00\" \/>\n<meta name=\"twitter:card\" content=\"summary_large_image\" \/>\n<meta name=\"twitter:site\" content=\"@tiedeseura\" \/>\n<meta name=\"twitter:label1\" content=\"Arvioitu lukuaika\" \/>\n\t<meta name=\"twitter:data1\" content=\"2 minuuttia\" \/>\n<script type=\"application\/ld+json\" class=\"yoast-schema-graph\">{\"@context\":\"https:\\\/\\\/schema.org\",\"@graph\":[{\"@type\":\"WebPage\",\"@id\":\"https:\\\/\\\/scientiarum.fi\\\/fi\\\/apurahat-ja-palkinnot\\\/palkinto\\\/\",\"url\":\"https:\\\/\\\/scientiarum.fi\\\/fi\\\/apurahat-ja-palkinnot\\\/palkinto\\\/\",\"name\":\"Palkinnot - Suomen Tiedeseura\",\"isPartOf\":{\"@id\":\"https:\\\/\\\/scientiarum.fi\\\/#website\"},\"datePublished\":\"2023-05-15T11:22:36+00:00\",\"dateModified\":\"2025-12-08T09:48:41+00:00\",\"breadcrumb\":{\"@id\":\"https:\\\/\\\/scientiarum.fi\\\/fi\\\/apurahat-ja-palkinnot\\\/palkinto\\\/#breadcrumb\"},\"inLanguage\":\"fi\",\"potentialAction\":[{\"@type\":\"ReadAction\",\"target\":[\"https:\\\/\\\/scientiarum.fi\\\/fi\\\/apurahat-ja-palkinnot\\\/palkinto\\\/\"]}]},{\"@type\":\"BreadcrumbList\",\"@id\":\"https:\\\/\\\/scientiarum.fi\\\/fi\\\/apurahat-ja-palkinnot\\\/palkinto\\\/#breadcrumb\",\"itemListElement\":[{\"@type\":\"ListItem\",\"position\":1,\"name\":\"Home\",\"item\":\"https:\\\/\\\/scientiarum.fi\\\/\"},{\"@type\":\"ListItem\",\"position\":2,\"name\":\"Apurahat ja palkinnot\",\"item\":\"https:\\\/\\\/scientiarum.fi\\\/fi\\\/apurahat-ja-palkinnot\\\/\"},{\"@type\":\"ListItem\",\"position\":3,\"name\":\"Palkinnot\"}]},{\"@type\":\"WebSite\",\"@id\":\"https:\\\/\\\/scientiarum.fi\\\/#website\",\"url\":\"https:\\\/\\\/scientiarum.fi\\\/\",\"name\":\"Finska Vetenskaps-Societeten\",\"description\":\"\",\"publisher\":{\"@id\":\"https:\\\/\\\/scientiarum.fi\\\/#organization\"},\"potentialAction\":[{\"@type\":\"SearchAction\",\"target\":{\"@type\":\"EntryPoint\",\"urlTemplate\":\"https:\\\/\\\/scientiarum.fi\\\/?s={search_term_string}\"},\"query-input\":{\"@type\":\"PropertyValueSpecification\",\"valueRequired\":true,\"valueName\":\"search_term_string\"}}],\"inLanguage\":\"fi\"},{\"@type\":\"Organization\",\"@id\":\"https:\\\/\\\/scientiarum.fi\\\/#organization\",\"name\":\"Finska Vetenskaps-Societeten\",\"url\":\"https:\\\/\\\/scientiarum.fi\\\/\",\"logo\":{\"@type\":\"ImageObject\",\"inLanguage\":\"fi\",\"@id\":\"https:\\\/\\\/scientiarum.fi\\\/#\\\/schema\\\/logo\\\/image\\\/\",\"url\":\"\",\"contentUrl\":\"\",\"caption\":\"Finska Vetenskaps-Societeten\"},\"image\":{\"@id\":\"https:\\\/\\\/scientiarum.fi\\\/#\\\/schema\\\/logo\\\/image\\\/\"},\"sameAs\":[\"https:\\\/\\\/www.facebook.com\\\/societas.scientiarum\",\"https:\\\/\\\/x.com\\\/tiedeseura\",\"https:\\\/\\\/www.linkedin.com\\\/company\\\/finska-vetenskaps-societeten-the-finnish-society-of-sciences-and-letters\\\/\"]}]}<\/script>\n<!-- \/ Yoast SEO plugin. -->","yoast_head_json":{"title":"Palkinnot - Suomen Tiedeseura","robots":{"index":"index","follow":"follow","max-snippet":"max-snippet:-1","max-image-preview":"max-image-preview:large","max-video-preview":"max-video-preview:-1"},"canonical":"https:\/\/scientiarum.fi\/fi\/apurahat-ja-palkinnot\/palkinto\/","og_locale":"fi_FI","og_type":"article","og_title":"Palkinnot - Suomen Tiedeseura","og_description":"Tiede-ja opettajapalkinnot Suomen Tiedeseura jakaa huomattavan m\u00e4\u00e4r\u00e4n palkintoja omista varoistaan ja nimitt\u00e4\u00e4 my\u00f6s Magnus Ehrnroothin s\u00e4\u00e4ti\u00f6n palkintojen palkintotoimikunnat. Suomen Tiedeseuran suuri palkinto \u2013 Professori E.J. Nystr\u00f6min palkinto \u2013 my\u00f6nnet\u00e4\u00e4n merkitt\u00e4vist\u00e4 tieteellisist\u00e4 ansioista. Palkinto my\u00f6nnet\u00e4\u00e4n vuorotellen Tiedeseuran nelj\u00e4n osaston tieteenalojen harjoittajalle. Palkintosumma on 50 000 \u20ac. Luettelo aiemmista palkinnonsaajista. Professori Theodor Hom\u00e9nin palkinto my\u00f6nnet\u00e4\u00e4n vuorovuosin fysiikan [&hellip;]","og_url":"https:\/\/scientiarum.fi\/fi\/apurahat-ja-palkinnot\/palkinto\/","og_site_name":"Suomen Tiedeseura","article_publisher":"https:\/\/www.facebook.com\/societas.scientiarum","article_modified_time":"2025-12-08T09:48:41+00:00","twitter_card":"summary_large_image","twitter_site":"@tiedeseura","twitter_misc":{"Arvioitu lukuaika":"2 minuuttia"},"schema":{"@context":"https:\/\/schema.org","@graph":[{"@type":"WebPage","@id":"https:\/\/scientiarum.fi\/fi\/apurahat-ja-palkinnot\/palkinto\/","url":"https:\/\/scientiarum.fi\/fi\/apurahat-ja-palkinnot\/palkinto\/","name":"Palkinnot - Suomen Tiedeseura","isPartOf":{"@id":"https:\/\/scientiarum.fi\/#website"},"datePublished":"2023-05-15T11:22:36+00:00","dateModified":"2025-12-08T09:48:41+00:00","breadcrumb":{"@id":"https:\/\/scientiarum.fi\/fi\/apurahat-ja-palkinnot\/palkinto\/#breadcrumb"},"inLanguage":"fi","potentialAction":[{"@type":"ReadAction","target":["https:\/\/scientiarum.fi\/fi\/apurahat-ja-palkinnot\/palkinto\/"]}]},{"@type":"BreadcrumbList","@id":"https:\/\/scientiarum.fi\/fi\/apurahat-ja-palkinnot\/palkinto\/#breadcrumb","itemListElement":[{"@type":"ListItem","position":1,"name":"Home","item":"https:\/\/scientiarum.fi\/"},{"@type":"ListItem","position":2,"name":"Apurahat ja palkinnot","item":"https:\/\/scientiarum.fi\/fi\/apurahat-ja-palkinnot\/"},{"@type":"ListItem","position":3,"name":"Palkinnot"}]},{"@type":"WebSite","@id":"https:\/\/scientiarum.fi\/#website","url":"https:\/\/scientiarum.fi\/","name":"Finska Vetenskaps-Societeten","description":"","publisher":{"@id":"https:\/\/scientiarum.fi\/#organization"},"potentialAction":[{"@type":"SearchAction","target":{"@type":"EntryPoint","urlTemplate":"https:\/\/scientiarum.fi\/?s={search_term_string}"},"query-input":{"@type":"PropertyValueSpecification","valueRequired":true,"valueName":"search_term_string"}}],"inLanguage":"fi"},{"@type":"Organization","@id":"https:\/\/scientiarum.fi\/#organization","name":"Finska Vetenskaps-Societeten","url":"https:\/\/scientiarum.fi\/","logo":{"@type":"ImageObject","inLanguage":"fi","@id":"https:\/\/scientiarum.fi\/#\/schema\/logo\/image\/","url":"","contentUrl":"","caption":"Finska Vetenskaps-Societeten"},"image":{"@id":"https:\/\/scientiarum.fi\/#\/schema\/logo\/image\/"},"sameAs":["https:\/\/www.facebook.com\/societas.scientiarum","https:\/\/x.com\/tiedeseura","https:\/\/www.linkedin.com\/company\/finska-vetenskaps-societeten-the-finnish-society-of-sciences-and-letters\/"]}]}},"_links":{"self":[{"href":"https:\/\/scientiarum.fi\/fi\/wp-json\/wp\/v2\/pages\/3123","targetHints":{"allow":["GET"]}}],"collection":[{"href":"https:\/\/scientiarum.fi\/fi\/wp-json\/wp\/v2\/pages"}],"about":[{"href":"https:\/\/scientiarum.fi\/fi\/wp-json\/wp\/v2\/types\/page"}],"author":[{"embeddable":true,"href":"https:\/\/scientiarum.fi\/fi\/wp-json\/wp\/v2\/users\/2"}],"replies":[{"embeddable":true,"href":"https:\/\/scientiarum.fi\/fi\/wp-json\/wp\/v2\/comments?post=3123"}],"version-history":[{"count":16,"href":"https:\/\/scientiarum.fi\/fi\/wp-json\/wp\/v2\/pages\/3123\/revisions"}],"predecessor-version":[{"id":8491,"href":"https:\/\/scientiarum.fi\/fi\/wp-json\/wp\/v2\/pages\/3123\/revisions\/8491"}],"up":[{"embeddable":true,"href":"https:\/\/scientiarum.fi\/fi\/wp-json\/wp\/v2\/pages\/1323"}],"wp:attachment":[{"href":"https:\/\/scientiarum.fi\/fi\/wp-json\/wp\/v2\/media?parent=3123"}],"curies":[{"name":"wp","href":"https:\/\/api.w.org\/{rel}","templated":true}]}}