{"id":3117,"date":"2023-05-15T14:21:59","date_gmt":"2023-05-15T11:21:59","guid":{"rendered":"https:\/\/scientiarum.fi\/apurahat-ja-palkinnot\/tutkimusapurahat\/"},"modified":"2026-03-17T14:40:36","modified_gmt":"2026-03-17T11:40:36","slug":"tutkimusapurahat","status":"publish","type":"page","link":"https:\/\/scientiarum.fi\/fi\/apurahat-ja-palkinnot\/tutkimusapurahat\/","title":{"rendered":"Tutkimusapurahat"},"content":{"rendered":"<p>[et_pb_section fb_built=&#8221;1&#8243; _builder_version=&#8221;4.21.0&#8243; _module_preset=&#8221;default&#8221; global_colors_info=&#8221;{}&#8221;][et_pb_row _builder_version=&#8221;4.21.0&#8243; _module_preset=&#8221;default&#8221; custom_margin=&#8221;0px||0px||false|false&#8221; custom_padding=&#8221;0px||0px||false|false&#8221; global_colors_info=&#8221;{}&#8221;][et_pb_column type=&#8221;4_4&#8243; _builder_version=&#8221;4.21.0&#8243; _module_preset=&#8221;default&#8221; global_colors_info=&#8221;{}&#8221;][et_pb_image src=&#8221;https:\/\/scientiarum.fi\/wp-content\/uploads\/2023\/06\/stipendier-pris-1.jpg&#8221; title_text=&#8221;stipendier-pris-1&#8243; _builder_version=&#8221;4.27.3&#8243; _module_preset=&#8221;default&#8221; caption_text=&#8221;Entinen puheenjohtaja Jukka Meurman ja palkinnonsaaja Katja Tauriainen.&#8221; enable_caption_text=&#8221;on&#8221; image_details_padding=&#8221;10px|10px|10px|10px|true|true&#8221; image_caption_font=&#8221;|600|||||||&#8221; image_caption_color=&#8221;#000000&#8243; image_caption_size=&#8221;16px&#8221; image_caption_lineheight=&#8221;1em&#8221; image_caption_alignment=&#8221;center&#8221; global_colors_info=&#8221;{}&#8221;][\/et_pb_image][\/et_pb_column][\/et_pb_row][et_pb_row _builder_version=&#8221;4.21.0&#8243; _module_preset=&#8221;default&#8221; custom_margin=&#8221;50px||0px||false|false&#8221; custom_padding=&#8221;0px||0px||false|false&#8221; global_colors_info=&#8221;{}&#8221;][et_pb_column type=&#8221;4_4&#8243; _builder_version=&#8221;4.21.0&#8243; _module_preset=&#8221;default&#8221; global_colors_info=&#8221;{}&#8221;][et_pb_text module_class=&#8221;defwp&#8221; _builder_version=&#8221;4.27.4&#8243; _module_preset=&#8221;4e383309-b084-4f1a-86bb-b39ea5e11bb7&#8243; custom_padding=&#8221;45px|||||&#8221; global_colors_info=&#8221;{}&#8221;]<\/p>\n<h1>Tutkimusrahoitus<\/h1>\n<p><a href=\"https:\/\/scientiarum.rimbert.fi\" target=\"_blank\" rel=\"noopener\"><strong>Linkki hakemusj\u00e4rjestelm\u00e4\u00e4n<\/strong><\/a><\/p>\n<p><span>Suomen Tiedeseura on vuosien varrella vastaanottanut merkitt\u00e4vi\u00e4 lahjoituksia. Lahjoitusten tuoton turvin jaamme vuosittain huomattavan m\u00e4\u00e4r\u00e4n apu- ja m\u00e4\u00e4r\u00e4rahoja tieteelliseen tutkimukseen. Suomen Tiedeseura toimii yhteisty\u00f6ss\u00e4 Magnus Ehrnroothin s\u00e4\u00e4ti\u00f6n kanssa ja vastaa s\u00e4\u00e4ti\u00f6lle osoitettujen hakemusten tieteellisest\u00e4 arvioinnista.<\/span><\/p>\n<p><span>Tutkimusrahoituksen hakuaika on vuosittain 1.\u201331. tammikuuta. Hakemus t\u00e4ytet\u00e4\u00e4n s\u00e4hk\u00f6isesti t\u00e4m\u00e4n <a href=\"https:\/\/scientiarum.rimbert.fi\/\">linkin<\/a> kautta. Hakuaika p\u00e4\u00e4ttyy 31. tammikuuta klo 23.59.<\/span><\/p>\n<p><span>Tutkimusrahoitusta voi hakea joko henkil\u00f6kohtaisina apurahoina, jotka maksetaan hakijan pankkitilille, tai tutkimusm\u00e4\u00e4r\u00e4rahoina, joita hallinnoi yliopisto tai tutkimuslaitos. S\u00e4hk\u00f6iseen hakuj\u00e4rjestelm\u00e4\u00e4n kirjauduttaessa luodaan hakijaprofiili joko yksityishenkil\u00f6n\u00e4 tai organisaationa.<\/span><\/p>\n<p><span>Suomen Tiedeseuran tutkimusrahoitusta voi hakea kaikilla tieteenaloilla lukuun ottamatta matematiikkaa, fysiikkaa, t\u00e4htitiedett\u00e4 ja kemiaa, mukaan lukien l\u00e4\u00e4ketieteellinen kemia. N\u00e4iden alojen hakemukset osoitetaan <a href=\"https:\/\/magnusehrnroothinsaatio.fi\/\">Magnus Ehrnroothin s\u00e4\u00e4ti\u00f6lle<\/a>, jonka hakuaika on my\u00f6s 1.\u201331.1. Hakemuslomakkeella ilmoitetaan mink\u00e4 osaston alaisuuteen hakemus liittyy; biotieteellisen, humanistisen tai yhteiskuntatieteellisen osaston tai Sohlbergin valtuuskunnan alaisuuteen.<\/span><\/p>\n<p><span>Sohlbergin valtuuskunta k\u00e4sittelee hakemuksia geotieteelliseen ja luonnonmaantieteelliseen tutkimusty\u00f6h\u00f6n sek\u00e4 n\u00e4ihin liittyv\u00e4\u00e4n ymp\u00e4rist\u00f6tieteiden\u00a0 tutkimukseen.\u00a0 My\u00f6s matkoihin ja kentt\u00e4ty\u00f6h\u00f6n voidaan hakea rahoitusta.<\/span><\/p>\n<p><span>P\u00e4\u00e4t\u00f6kset my\u00f6nnett\u00e4v\u00e4st\u00e4 tutkimusrahoituksesta julkaistaan t\u00e4ll\u00e4 verkkosivustolla maaliskuun loppuun menness\u00e4. Hakemukset, joita ei mainita, eiv\u00e4t ole saaneet rahoitusta. Rahoituksen saajille ilmoitetaan asiasta my\u00f6s s\u00e4hk\u00f6postitse. Jotta rahoitus voidaan maksaa, hakijan tulee kirjautua hakijaprofiiliinsa ja t\u00e4ytt\u00e4\u00e4 maksatuspyynt\u00f6lomake.<br \/><\/span><\/p>\n<h3>Suositussitoumus<\/h3>\n<p><span>Tutkimusrahoitusta voidaan my\u00f6nt\u00e4\u00e4 Suomen Tiedeseuran j\u00e4senille tai muille tutkijoille. Jos hakija ei ole j\u00e4sen, h\u00e4nen tulee nimet\u00e4 j\u00e4sen, joka toimii vastuullisena takaajana hakemukselle ja sen toteuttamiselle. Kun hakemus on l\u00e4hetetty, j\u00e4sen saa s\u00e4hk\u00f6postitse linkin suositussitoumuslomakkeeseen, joka tulee t\u00e4ytt\u00e4\u00e4 7 p\u00e4iv\u00e4n kuluessa.<\/span><\/p>\n<h3>Selvitys tutkimusrahoituksen k\u00e4yt\u00f6st\u00e4<\/h3>\n<p><span>Apurahan saajan tulee toimittaa selvitys rahoituksen k\u00e4yt\u00f6st\u00e4 viimeist\u00e4\u00e4n kolmen kuukauden kuluttua hakemuksessa ilmoitetusta p\u00e4\u00e4ttymisp\u00e4iv\u00e4st\u00e4. Selvityksen tarkastavat p\u00e4\u00e4sihteeri ja rahastonhoitaja ja sen hyv\u00e4ksyy hallitus.<\/span><\/p>\n<p><span>Jos rahoituksen saaja ei ole Suomen Tiedeseuran j\u00e4sen, tarvitaan lis\u00e4ksi vahvistus hakemuksen ja hankkeen vastuulliselta takaajalta. Kun selvitys on toimitettu, takaajalle l\u00e4hetet\u00e4\u00e4n s\u00e4hk\u00f6postitse linkki lausuntolomakkeeseen, joka tulee t\u00e4ytt\u00e4\u00e4 7 p\u00e4iv\u00e4n kuluessa.<\/span><\/p>\n<p>&nbsp;<\/p>\n<h2>Muut Suomen Tiedeseuran hallinnoima tutkimusrahoitus<\/h2>\n<p><a href=\"https:\/\/stenbacksstiftelse.fi\/\">Ruth ja Nils-Erik Stenb\u00e4ckin s\u00e4\u00e4ti\u00f6<\/a> my\u00f6nt\u00e4\u00e4 vuosittain apurahoja nuorille suomalaisille ja ruotsalaisille matematiikan, fysiikan tai kemian tutkijoille. My\u00f6nt\u00f6edotus tehd\u00e4\u00e4n yhteisty\u00f6n\u00e4 Tiedeseuran ja Ruotsin Kungliga Vetenskapsakademienin v\u00e4lill\u00e4.<\/p>\n<p><a href=\"https:\/\/www.magnusehrnroothinsaatio.fi\/?noredirect=fi_FI\" target=\"_blank\" rel=\"noopener\">Magnus Ehrnroothin s\u00e4\u00e4ti\u00f6<\/a> jakaa apurahoja ja tutkimusm\u00e4\u00e4r\u00e4rahoja matematiikan, fysiikan ja kemian mukaanlukien l\u00e4\u00e4ketieteellisen kemian tutkimukseen. My\u00f6nt\u00f6ehdotuksen tekee Tiedeseuran hallitus tai sen nime\u00e4m\u00e4 lautakunta. <a href=\"https:\/\/scientiarum.fi\/fi\/magnus-ehrnroothin-saation-apurahastrategia-pdf\/\">Magnus Ehrnroothin s\u00e4\u00e4tion apurahastrategia.<\/a><\/p>\n<p>&nbsp;<\/p>\n<h3>My\u00f6nnetty tutkimusrahoitus<\/h3>\n<p><a href=\"https:\/\/scientiarum.fi\/fi\/beviljade-stipendier-2025-pdf\/\"><\/a><a href=\"https:\/\/scientiarum.fi\/fi\/beviljade-forskningsbidrag-2026-pdf\/\">My\u00f6nnetty tutkimusrahoitus 2026<\/a><\/p>\n<p><a href=\"https:\/\/scientiarum.fi\/fi\/beviljade-stipendier-2025-pdf\/\">My\u00f6nnetty tutkimusrahoitus 2025<\/a><\/p>\n<p><a href=\"https:\/\/scientiarum.fi\/fi\/beviljade-stipendier-2025-pdf\/\">My\u00f6nnetty tutkimusrahoitus<\/a><a href=\"https:\/\/scientiarum.fi\/fi\/beviljade-stipendier-2024-pdf\/\"> 2024<\/a><\/p>\n<p><a href=\"https:\/\/scientiarum.fi\/fi\/beviljade-stipendier-2025-pdf\/\">My\u00f6nnetty tutkimusrahoitus<\/a><a href=\"https:\/\/scientiarum.fi\/fi\/beviljade-stipendier-2023-pdf\/\"> 2023<\/a><\/p>\n<p><a href=\"https:\/\/scientiarum.fi\/fi\/beviljade-stipendier-2025-pdf\/\">My\u00f6nnetty tutkimusrahoitus<\/a><a href=\"https:\/\/scientiarum.fi\/fi\/beviljade-stipendier-2022-pdf\/\"> 2022<\/a><\/p>\n<p><a href=\"https:\/\/scientiarum.fi\/fi\/beviljade-stipendier-2025-pdf\/\">My\u00f6nnetty tutkimusrahoitus<\/a><a href=\"https:\/\/scientiarum.fi\/fi\/beviljade-stipendier-2021-pdf\/\"> 2021<\/a><\/p>\n<p><a href=\"https:\/\/scientiarum.fi\/fi\/beviljade-stipendier-2020-pdf\/\">M<\/a><a href=\"https:\/\/scientiarum.fi\/fi\/beviljade-stipendier-2025-pdf\/\">y\u00f6nnetty tutkimusrahoitus<\/a><a href=\"https:\/\/scientiarum.fi\/fi\/beviljade-stipendier-2020-pdf\/\"> 2020<\/a><\/p>\n<p>[\/et_pb_text][\/et_pb_column][\/et_pb_row][\/et_pb_section]<\/p>\n","protected":false},"excerpt":{"rendered":"<p>Tutkimusrahoitus Linkki hakemusj\u00e4rjestelm\u00e4\u00e4n Suomen Tiedeseura on vuosien varrella vastaanottanut merkitt\u00e4vi\u00e4 lahjoituksia. Lahjoitusten tuoton turvin jaamme vuosittain huomattavan m\u00e4\u00e4r\u00e4n apu- ja m\u00e4\u00e4r\u00e4rahoja tieteelliseen tutkimukseen. Suomen Tiedeseura toimii yhteisty\u00f6ss\u00e4 Magnus Ehrnroothin s\u00e4\u00e4ti\u00f6n kanssa ja vastaa s\u00e4\u00e4ti\u00f6lle osoitettujen hakemusten tieteellisest\u00e4 arvioinnista. Tutkimusrahoituksen hakuaika on vuosittain 1.\u201331. tammikuuta. Hakemus t\u00e4ytet\u00e4\u00e4n s\u00e4hk\u00f6isesti t\u00e4m\u00e4n linkin kautta. Hakuaika p\u00e4\u00e4ttyy 31. tammikuuta klo [&hellip;]<\/p>\n","protected":false},"author":2,"featured_media":0,"parent":1323,"menu_order":0,"comment_status":"closed","ping_status":"closed","template":"","meta":{"_acf_changed":false,"_et_pb_use_builder":"on","_et_pb_old_content":"","_et_gb_content_width":"","footnotes":""},"class_list":["post-3117","page","type-page","status-publish","hentry"],"acf":[],"yoast_head":"<!-- This site is optimized with the Yoast SEO plugin v27.3 - https:\/\/yoast.com\/product\/yoast-seo-wordpress\/ -->\n<title>Tutkimusapurahat - Suomen Tiedeseura<\/title>\n<meta name=\"robots\" content=\"index, follow, max-snippet:-1, max-image-preview:large, max-video-preview:-1\" \/>\n<link rel=\"canonical\" href=\"https:\/\/scientiarum.fi\/stipendier-pris\/forskningsunderstod\/\" \/>\n<meta property=\"og:locale\" content=\"fi_FI\" \/>\n<meta property=\"og:type\" content=\"article\" \/>\n<meta property=\"og:title\" content=\"Tutkimusapurahat - Suomen Tiedeseura\" \/>\n<meta property=\"og:description\" content=\"Tutkimusrahoitus Linkki hakemusj\u00e4rjestelm\u00e4\u00e4n Suomen Tiedeseura on vuosien varrella vastaanottanut merkitt\u00e4vi\u00e4 lahjoituksia. Lahjoitusten tuoton turvin jaamme vuosittain huomattavan m\u00e4\u00e4r\u00e4n apu- ja m\u00e4\u00e4r\u00e4rahoja tieteelliseen tutkimukseen. Suomen Tiedeseura toimii yhteisty\u00f6ss\u00e4 Magnus Ehrnroothin s\u00e4\u00e4ti\u00f6n kanssa ja vastaa s\u00e4\u00e4ti\u00f6lle osoitettujen hakemusten tieteellisest\u00e4 arvioinnista. Tutkimusrahoituksen hakuaika on vuosittain 1.\u201331. tammikuuta. Hakemus t\u00e4ytet\u00e4\u00e4n s\u00e4hk\u00f6isesti t\u00e4m\u00e4n linkin kautta. Hakuaika p\u00e4\u00e4ttyy 31. tammikuuta klo [&hellip;]\" \/>\n<meta property=\"og:url\" content=\"https:\/\/scientiarum.fi\/stipendier-pris\/forskningsunderstod\/\" \/>\n<meta property=\"og:site_name\" content=\"Suomen Tiedeseura\" \/>\n<meta property=\"article:publisher\" content=\"https:\/\/www.facebook.com\/societas.scientiarum\" \/>\n<meta property=\"article:modified_time\" content=\"2026-03-17T11:40:36+00:00\" \/>\n<meta name=\"twitter:card\" content=\"summary_large_image\" \/>\n<meta name=\"twitter:site\" content=\"@tiedeseura\" \/>\n<meta name=\"twitter:label1\" content=\"Arvioitu lukuaika\" \/>\n\t<meta name=\"twitter:data1\" content=\"3 minuuttia\" \/>\n<script type=\"application\/ld+json\" class=\"yoast-schema-graph\">{\"@context\":\"https:\\\/\\\/schema.org\",\"@graph\":[{\"@type\":\"WebPage\",\"@id\":\"https:\\\/\\\/scientiarum.fi\\\/stipendier-pris\\\/forskningsunderstod\\\/\",\"url\":\"https:\\\/\\\/scientiarum.fi\\\/stipendier-pris\\\/forskningsunderstod\\\/\",\"name\":\"Tutkimusapurahat - Suomen Tiedeseura\",\"isPartOf\":{\"@id\":\"https:\\\/\\\/scientiarum.fi\\\/#website\"},\"datePublished\":\"2023-05-15T11:21:59+00:00\",\"dateModified\":\"2026-03-17T11:40:36+00:00\",\"breadcrumb\":{\"@id\":\"https:\\\/\\\/scientiarum.fi\\\/stipendier-pris\\\/forskningsunderstod\\\/#breadcrumb\"},\"inLanguage\":\"fi\",\"potentialAction\":[{\"@type\":\"ReadAction\",\"target\":[\"https:\\\/\\\/scientiarum.fi\\\/stipendier-pris\\\/forskningsunderstod\\\/\"]}]},{\"@type\":\"BreadcrumbList\",\"@id\":\"https:\\\/\\\/scientiarum.fi\\\/stipendier-pris\\\/forskningsunderstod\\\/#breadcrumb\",\"itemListElement\":[{\"@type\":\"ListItem\",\"position\":1,\"name\":\"Home\",\"item\":\"https:\\\/\\\/scientiarum.fi\\\/\"},{\"@type\":\"ListItem\",\"position\":2,\"name\":\"Apurahat ja palkinnot\",\"item\":\"https:\\\/\\\/scientiarum.fi\\\/fi\\\/apurahat-ja-palkinnot\\\/\"},{\"@type\":\"ListItem\",\"position\":3,\"name\":\"Tutkimusapurahat\"}]},{\"@type\":\"WebSite\",\"@id\":\"https:\\\/\\\/scientiarum.fi\\\/#website\",\"url\":\"https:\\\/\\\/scientiarum.fi\\\/\",\"name\":\"Finska Vetenskaps-Societeten\",\"description\":\"\",\"publisher\":{\"@id\":\"https:\\\/\\\/scientiarum.fi\\\/#organization\"},\"potentialAction\":[{\"@type\":\"SearchAction\",\"target\":{\"@type\":\"EntryPoint\",\"urlTemplate\":\"https:\\\/\\\/scientiarum.fi\\\/?s={search_term_string}\"},\"query-input\":{\"@type\":\"PropertyValueSpecification\",\"valueRequired\":true,\"valueName\":\"search_term_string\"}}],\"inLanguage\":\"fi\"},{\"@type\":\"Organization\",\"@id\":\"https:\\\/\\\/scientiarum.fi\\\/#organization\",\"name\":\"Finska Vetenskaps-Societeten\",\"url\":\"https:\\\/\\\/scientiarum.fi\\\/\",\"logo\":{\"@type\":\"ImageObject\",\"inLanguage\":\"fi\",\"@id\":\"https:\\\/\\\/scientiarum.fi\\\/#\\\/schema\\\/logo\\\/image\\\/\",\"url\":\"\",\"contentUrl\":\"\",\"caption\":\"Finska Vetenskaps-Societeten\"},\"image\":{\"@id\":\"https:\\\/\\\/scientiarum.fi\\\/#\\\/schema\\\/logo\\\/image\\\/\"},\"sameAs\":[\"https:\\\/\\\/www.facebook.com\\\/societas.scientiarum\",\"https:\\\/\\\/x.com\\\/tiedeseura\",\"https:\\\/\\\/www.linkedin.com\\\/company\\\/finska-vetenskaps-societeten-the-finnish-society-of-sciences-and-letters\\\/\"]}]}<\/script>\n<!-- \/ Yoast SEO plugin. -->","yoast_head_json":{"title":"Tutkimusapurahat - Suomen Tiedeseura","robots":{"index":"index","follow":"follow","max-snippet":"max-snippet:-1","max-image-preview":"max-image-preview:large","max-video-preview":"max-video-preview:-1"},"canonical":"https:\/\/scientiarum.fi\/stipendier-pris\/forskningsunderstod\/","og_locale":"fi_FI","og_type":"article","og_title":"Tutkimusapurahat - Suomen Tiedeseura","og_description":"Tutkimusrahoitus Linkki hakemusj\u00e4rjestelm\u00e4\u00e4n Suomen Tiedeseura on vuosien varrella vastaanottanut merkitt\u00e4vi\u00e4 lahjoituksia. Lahjoitusten tuoton turvin jaamme vuosittain huomattavan m\u00e4\u00e4r\u00e4n apu- ja m\u00e4\u00e4r\u00e4rahoja tieteelliseen tutkimukseen. Suomen Tiedeseura toimii yhteisty\u00f6ss\u00e4 Magnus Ehrnroothin s\u00e4\u00e4ti\u00f6n kanssa ja vastaa s\u00e4\u00e4ti\u00f6lle osoitettujen hakemusten tieteellisest\u00e4 arvioinnista. Tutkimusrahoituksen hakuaika on vuosittain 1.\u201331. tammikuuta. Hakemus t\u00e4ytet\u00e4\u00e4n s\u00e4hk\u00f6isesti t\u00e4m\u00e4n linkin kautta. Hakuaika p\u00e4\u00e4ttyy 31. tammikuuta klo [&hellip;]","og_url":"https:\/\/scientiarum.fi\/stipendier-pris\/forskningsunderstod\/","og_site_name":"Suomen Tiedeseura","article_publisher":"https:\/\/www.facebook.com\/societas.scientiarum","article_modified_time":"2026-03-17T11:40:36+00:00","twitter_card":"summary_large_image","twitter_site":"@tiedeseura","twitter_misc":{"Arvioitu lukuaika":"3 minuuttia"},"schema":{"@context":"https:\/\/schema.org","@graph":[{"@type":"WebPage","@id":"https:\/\/scientiarum.fi\/stipendier-pris\/forskningsunderstod\/","url":"https:\/\/scientiarum.fi\/stipendier-pris\/forskningsunderstod\/","name":"Tutkimusapurahat - Suomen Tiedeseura","isPartOf":{"@id":"https:\/\/scientiarum.fi\/#website"},"datePublished":"2023-05-15T11:21:59+00:00","dateModified":"2026-03-17T11:40:36+00:00","breadcrumb":{"@id":"https:\/\/scientiarum.fi\/stipendier-pris\/forskningsunderstod\/#breadcrumb"},"inLanguage":"fi","potentialAction":[{"@type":"ReadAction","target":["https:\/\/scientiarum.fi\/stipendier-pris\/forskningsunderstod\/"]}]},{"@type":"BreadcrumbList","@id":"https:\/\/scientiarum.fi\/stipendier-pris\/forskningsunderstod\/#breadcrumb","itemListElement":[{"@type":"ListItem","position":1,"name":"Home","item":"https:\/\/scientiarum.fi\/"},{"@type":"ListItem","position":2,"name":"Apurahat ja palkinnot","item":"https:\/\/scientiarum.fi\/fi\/apurahat-ja-palkinnot\/"},{"@type":"ListItem","position":3,"name":"Tutkimusapurahat"}]},{"@type":"WebSite","@id":"https:\/\/scientiarum.fi\/#website","url":"https:\/\/scientiarum.fi\/","name":"Finska Vetenskaps-Societeten","description":"","publisher":{"@id":"https:\/\/scientiarum.fi\/#organization"},"potentialAction":[{"@type":"SearchAction","target":{"@type":"EntryPoint","urlTemplate":"https:\/\/scientiarum.fi\/?s={search_term_string}"},"query-input":{"@type":"PropertyValueSpecification","valueRequired":true,"valueName":"search_term_string"}}],"inLanguage":"fi"},{"@type":"Organization","@id":"https:\/\/scientiarum.fi\/#organization","name":"Finska Vetenskaps-Societeten","url":"https:\/\/scientiarum.fi\/","logo":{"@type":"ImageObject","inLanguage":"fi","@id":"https:\/\/scientiarum.fi\/#\/schema\/logo\/image\/","url":"","contentUrl":"","caption":"Finska Vetenskaps-Societeten"},"image":{"@id":"https:\/\/scientiarum.fi\/#\/schema\/logo\/image\/"},"sameAs":["https:\/\/www.facebook.com\/societas.scientiarum","https:\/\/x.com\/tiedeseura","https:\/\/www.linkedin.com\/company\/finska-vetenskaps-societeten-the-finnish-society-of-sciences-and-letters\/"]}]}},"_links":{"self":[{"href":"https:\/\/scientiarum.fi\/fi\/wp-json\/wp\/v2\/pages\/3117","targetHints":{"allow":["GET"]}}],"collection":[{"href":"https:\/\/scientiarum.fi\/fi\/wp-json\/wp\/v2\/pages"}],"about":[{"href":"https:\/\/scientiarum.fi\/fi\/wp-json\/wp\/v2\/types\/page"}],"author":[{"embeddable":true,"href":"https:\/\/scientiarum.fi\/fi\/wp-json\/wp\/v2\/users\/2"}],"replies":[{"embeddable":true,"href":"https:\/\/scientiarum.fi\/fi\/wp-json\/wp\/v2\/comments?post=3117"}],"version-history":[{"count":43,"href":"https:\/\/scientiarum.fi\/fi\/wp-json\/wp\/v2\/pages\/3117\/revisions"}],"predecessor-version":[{"id":9056,"href":"https:\/\/scientiarum.fi\/fi\/wp-json\/wp\/v2\/pages\/3117\/revisions\/9056"}],"up":[{"embeddable":true,"href":"https:\/\/scientiarum.fi\/fi\/wp-json\/wp\/v2\/pages\/1323"}],"wp:attachment":[{"href":"https:\/\/scientiarum.fi\/fi\/wp-json\/wp\/v2\/media?parent=3117"}],"curies":[{"name":"wp","href":"https:\/\/api.w.org\/{rel}","templated":true}]}}