{"id":2404,"date":"2023-05-15T14:14:40","date_gmt":"2023-05-15T11:14:40","guid":{"rendered":"https:\/\/scientiarum.fi\/tietoa-meista\/styrelsen\/"},"modified":"2025-08-28T16:51:06","modified_gmt":"2025-08-28T13:51:06","slug":"hallitus","status":"publish","type":"page","link":"https:\/\/scientiarum.fi\/fi\/tietoa-meista\/hallitus\/","title":{"rendered":"Hallitus"},"content":{"rendered":"<p>[et_pb_section fb_built=&#8221;1&#8243; _builder_version=&#8221;4.21.0&#8243; _module_preset=&#8221;default&#8221; global_colors_info=&#8221;{}&#8221;][et_pb_row _builder_version=&#8221;4.21.0&#8243; _module_preset=&#8221;default&#8221; custom_margin=&#8221;0px||0px||false|false&#8221; custom_padding=&#8221;0px||0px||false|false&#8221; global_colors_info=&#8221;{}&#8221;][et_pb_column type=&#8221;4_4&#8243; _builder_version=&#8221;4.21.0&#8243; _module_preset=&#8221;default&#8221; global_colors_info=&#8221;{}&#8221;][et_pb_image src=&#8221;https:\/\/scientiarum.fi\/wp-content\/uploads\/2025\/08\/Styrelsen-2025-1-scaled.jpg&#8221; title_text=&#8221;Styrelsen 2025&#8243; _builder_version=&#8221;4.27.3&#8243; _module_preset=&#8221;default&#8221; hover_enabled=&#8221;0&#8243; global_colors_info=&#8221;{}&#8221; sticky_enabled=&#8221;0&#8243;][\/et_pb_image][\/et_pb_column][\/et_pb_row][et_pb_row column_structure=&#8221;1_5,3_5,1_5&#8243; _builder_version=&#8221;4.21.0&#8243; _module_preset=&#8221;default&#8221; custom_margin=&#8221;50px||0px||false|false&#8221; custom_padding=&#8221;0px||0px||false|false&#8221; global_colors_info=&#8221;{}&#8221;][et_pb_column type=&#8221;1_5&#8243; _builder_version=&#8221;4.21.0&#8243; _module_preset=&#8221;default&#8221; global_colors_info=&#8221;{}&#8221;][\/et_pb_column][et_pb_column type=&#8221;3_5&#8243; _builder_version=&#8221;4.21.0&#8243; _module_preset=&#8221;default&#8221; global_colors_info=&#8221;{}&#8221;][et_pb_text module_class=&#8221;defwp&#8221; _builder_version=&#8221;4.27.0&#8243; _module_preset=&#8221;1b686adf-681b-484a-9fee-595f92a65ad5&#8243; global_colors_info=&#8221;{}&#8221;]<\/p>\n<h1>Hallitus<\/h1>\n<p>Suomen Tiedeseuran asioista vastaa Tiedeseuran hallitus. Hallituksen j\u00e4seni\u00e4 ovat seuran puheenjohtaja, varapuheenjohtaja, pysyv\u00e4 sihteeri, varainhoitaja, osastojen edustajat varaj\u00e4senineen sek\u00e4 yhdeks\u00e4s j\u00e4sen.<\/p>\n<p>Toistaiseksi valitut pysyv\u00e4 sihteeri ja varainhoitaja valvovat p\u00e4\u00e4t\u00f6sten toteutumista ja taloutta. Heit\u00e4 avustaa Tiedeseuran toimistosihteeri. Taloushallintoa varten on hoitokunta.<\/p>\n<p>Kauaskantoiset asiat ratkaistaan hallituksen esittelyst\u00e4 Tiedeseuran j\u00e4senten kuukausikokouksissa.<\/p>\n<h2>Hallituksen kokoonpano 29.4.2025 \u2013 29.4.2026<\/h2>\n<p>(varaj\u00e4senet suluissa)<\/p>\n<p><strong>Puheenjohtaja:<\/strong> Jan Sundberg<br \/><strong>Varapuheenjohtaja:<\/strong> Pauline von Bonsdorff<br \/><strong>Pysyv\u00e4 sihteeri:<\/strong> Mats Gyllenberg<br \/><strong>Varainhoitaja:<\/strong> Niklas Bruun<br \/><strong>Matemaattis-fysikaalinen osasto:<\/strong> Susanne Wiedmer (Peter Johansson)<br \/><strong>Biotieteellinen osasto:<\/strong> Erik Bonsdorff (Pertti Panula)<br \/><strong>Humanistinen osasto:<\/strong> Charlotta Wolff (Jussi Pakkasvirta)<br \/><strong>Yhteiskuntatieteellinen osasto:<\/strong> John Sumelius (Mikael Collan)<br \/><strong>Yhdeks\u00e4s j\u00e4sen:<\/strong> Eija Kalso<\/p>\n<p>[\/et_pb_text][\/et_pb_column][et_pb_column type=&#8221;1_5&#8243; _builder_version=&#8221;4.21.0&#8243; _module_preset=&#8221;default&#8221; global_colors_info=&#8221;{}&#8221;][\/et_pb_column][\/et_pb_row][\/et_pb_section]<\/p>\n","protected":false},"excerpt":{"rendered":"<p>Hallitus Suomen Tiedeseuran asioista vastaa Tiedeseuran hallitus. Hallituksen j\u00e4seni\u00e4 ovat seuran puheenjohtaja, varapuheenjohtaja, pysyv\u00e4 sihteeri, varainhoitaja, osastojen edustajat varaj\u00e4senineen sek\u00e4 yhdeks\u00e4s j\u00e4sen. Toistaiseksi valitut pysyv\u00e4 sihteeri ja varainhoitaja valvovat p\u00e4\u00e4t\u00f6sten toteutumista ja taloutta. Heit\u00e4 avustaa Tiedeseuran toimistosihteeri. Taloushallintoa varten on hoitokunta. Kauaskantoiset asiat ratkaistaan hallituksen esittelyst\u00e4 Tiedeseuran j\u00e4senten kuukausikokouksissa. Hallituksen kokoonpano 29.4.2025 \u2013 29.4.2026 (varaj\u00e4senet [&hellip;]<\/p>\n","protected":false},"author":2,"featured_media":0,"parent":1266,"menu_order":0,"comment_status":"closed","ping_status":"closed","template":"","meta":{"_acf_changed":false,"_et_pb_use_builder":"on","_et_pb_old_content":"","_et_gb_content_width":"","footnotes":""},"class_list":["post-2404","page","type-page","status-publish","hentry"],"acf":[],"yoast_head":"<!-- This site is optimized with the Yoast SEO plugin v27.4 - https:\/\/yoast.com\/product\/yoast-seo-wordpress\/ -->\n<title>Hallitus - Suomen Tiedeseura<\/title>\n<meta name=\"robots\" content=\"index, follow, max-snippet:-1, max-image-preview:large, max-video-preview:-1\" \/>\n<link rel=\"canonical\" href=\"https:\/\/scientiarum.fi\/fi\/tietoa-meista\/hallitus\/\" \/>\n<meta property=\"og:locale\" content=\"fi_FI\" \/>\n<meta property=\"og:type\" content=\"article\" \/>\n<meta property=\"og:title\" content=\"Hallitus - Suomen Tiedeseura\" \/>\n<meta property=\"og:description\" content=\"Hallitus Suomen Tiedeseuran asioista vastaa Tiedeseuran hallitus. Hallituksen j\u00e4seni\u00e4 ovat seuran puheenjohtaja, varapuheenjohtaja, pysyv\u00e4 sihteeri, varainhoitaja, osastojen edustajat varaj\u00e4senineen sek\u00e4 yhdeks\u00e4s j\u00e4sen. Toistaiseksi valitut pysyv\u00e4 sihteeri ja varainhoitaja valvovat p\u00e4\u00e4t\u00f6sten toteutumista ja taloutta. Heit\u00e4 avustaa Tiedeseuran toimistosihteeri. Taloushallintoa varten on hoitokunta. Kauaskantoiset asiat ratkaistaan hallituksen esittelyst\u00e4 Tiedeseuran j\u00e4senten kuukausikokouksissa. Hallituksen kokoonpano 29.4.2025 \u2013 29.4.2026 (varaj\u00e4senet [&hellip;]\" \/>\n<meta property=\"og:url\" content=\"https:\/\/scientiarum.fi\/fi\/tietoa-meista\/hallitus\/\" \/>\n<meta property=\"og:site_name\" content=\"Suomen Tiedeseura\" \/>\n<meta property=\"article:publisher\" content=\"https:\/\/www.facebook.com\/societas.scientiarum\" \/>\n<meta property=\"article:modified_time\" content=\"2025-08-28T13:51:06+00:00\" \/>\n<meta name=\"twitter:card\" content=\"summary_large_image\" \/>\n<meta name=\"twitter:site\" content=\"@tiedeseura\" \/>\n<meta name=\"twitter:label1\" content=\"Arvioitu lukuaika\" \/>\n\t<meta name=\"twitter:data1\" content=\"1 minuutti\" \/>\n<script type=\"application\/ld+json\" class=\"yoast-schema-graph\">{\"@context\":\"https:\\\/\\\/schema.org\",\"@graph\":[{\"@type\":\"WebPage\",\"@id\":\"https:\\\/\\\/scientiarum.fi\\\/fi\\\/tietoa-meista\\\/hallitus\\\/\",\"url\":\"https:\\\/\\\/scientiarum.fi\\\/fi\\\/tietoa-meista\\\/hallitus\\\/\",\"name\":\"Hallitus - Suomen Tiedeseura\",\"isPartOf\":{\"@id\":\"https:\\\/\\\/scientiarum.fi\\\/#website\"},\"datePublished\":\"2023-05-15T11:14:40+00:00\",\"dateModified\":\"2025-08-28T13:51:06+00:00\",\"breadcrumb\":{\"@id\":\"https:\\\/\\\/scientiarum.fi\\\/fi\\\/tietoa-meista\\\/hallitus\\\/#breadcrumb\"},\"inLanguage\":\"fi\",\"potentialAction\":[{\"@type\":\"ReadAction\",\"target\":[\"https:\\\/\\\/scientiarum.fi\\\/fi\\\/tietoa-meista\\\/hallitus\\\/\"]}]},{\"@type\":\"BreadcrumbList\",\"@id\":\"https:\\\/\\\/scientiarum.fi\\\/fi\\\/tietoa-meista\\\/hallitus\\\/#breadcrumb\",\"itemListElement\":[{\"@type\":\"ListItem\",\"position\":1,\"name\":\"Home\",\"item\":\"https:\\\/\\\/scientiarum.fi\\\/\"},{\"@type\":\"ListItem\",\"position\":2,\"name\":\"Tietoa meist\u00e4\",\"item\":\"https:\\\/\\\/scientiarum.fi\\\/fi\\\/tietoa-meista\\\/\"},{\"@type\":\"ListItem\",\"position\":3,\"name\":\"Hallitus\"}]},{\"@type\":\"WebSite\",\"@id\":\"https:\\\/\\\/scientiarum.fi\\\/#website\",\"url\":\"https:\\\/\\\/scientiarum.fi\\\/\",\"name\":\"Finska Vetenskaps-Societeten\",\"description\":\"\",\"publisher\":{\"@id\":\"https:\\\/\\\/scientiarum.fi\\\/#organization\"},\"potentialAction\":[{\"@type\":\"SearchAction\",\"target\":{\"@type\":\"EntryPoint\",\"urlTemplate\":\"https:\\\/\\\/scientiarum.fi\\\/?s={search_term_string}\"},\"query-input\":{\"@type\":\"PropertyValueSpecification\",\"valueRequired\":true,\"valueName\":\"search_term_string\"}}],\"inLanguage\":\"fi\"},{\"@type\":\"Organization\",\"@id\":\"https:\\\/\\\/scientiarum.fi\\\/#organization\",\"name\":\"Finska Vetenskaps-Societeten\",\"url\":\"https:\\\/\\\/scientiarum.fi\\\/\",\"logo\":{\"@type\":\"ImageObject\",\"inLanguage\":\"fi\",\"@id\":\"https:\\\/\\\/scientiarum.fi\\\/#\\\/schema\\\/logo\\\/image\\\/\",\"url\":\"\",\"contentUrl\":\"\",\"caption\":\"Finska Vetenskaps-Societeten\"},\"image\":{\"@id\":\"https:\\\/\\\/scientiarum.fi\\\/#\\\/schema\\\/logo\\\/image\\\/\"},\"sameAs\":[\"https:\\\/\\\/www.facebook.com\\\/societas.scientiarum\",\"https:\\\/\\\/x.com\\\/tiedeseura\",\"https:\\\/\\\/www.linkedin.com\\\/company\\\/finska-vetenskaps-societeten-the-finnish-society-of-sciences-and-letters\\\/\"]}]}<\/script>\n<!-- \/ Yoast SEO plugin. -->","yoast_head_json":{"title":"Hallitus - Suomen Tiedeseura","robots":{"index":"index","follow":"follow","max-snippet":"max-snippet:-1","max-image-preview":"max-image-preview:large","max-video-preview":"max-video-preview:-1"},"canonical":"https:\/\/scientiarum.fi\/fi\/tietoa-meista\/hallitus\/","og_locale":"fi_FI","og_type":"article","og_title":"Hallitus - Suomen Tiedeseura","og_description":"Hallitus Suomen Tiedeseuran asioista vastaa Tiedeseuran hallitus. Hallituksen j\u00e4seni\u00e4 ovat seuran puheenjohtaja, varapuheenjohtaja, pysyv\u00e4 sihteeri, varainhoitaja, osastojen edustajat varaj\u00e4senineen sek\u00e4 yhdeks\u00e4s j\u00e4sen. Toistaiseksi valitut pysyv\u00e4 sihteeri ja varainhoitaja valvovat p\u00e4\u00e4t\u00f6sten toteutumista ja taloutta. Heit\u00e4 avustaa Tiedeseuran toimistosihteeri. Taloushallintoa varten on hoitokunta. Kauaskantoiset asiat ratkaistaan hallituksen esittelyst\u00e4 Tiedeseuran j\u00e4senten kuukausikokouksissa. Hallituksen kokoonpano 29.4.2025 \u2013 29.4.2026 (varaj\u00e4senet [&hellip;]","og_url":"https:\/\/scientiarum.fi\/fi\/tietoa-meista\/hallitus\/","og_site_name":"Suomen Tiedeseura","article_publisher":"https:\/\/www.facebook.com\/societas.scientiarum","article_modified_time":"2025-08-28T13:51:06+00:00","twitter_card":"summary_large_image","twitter_site":"@tiedeseura","twitter_misc":{"Arvioitu lukuaika":"1 minuutti"},"schema":{"@context":"https:\/\/schema.org","@graph":[{"@type":"WebPage","@id":"https:\/\/scientiarum.fi\/fi\/tietoa-meista\/hallitus\/","url":"https:\/\/scientiarum.fi\/fi\/tietoa-meista\/hallitus\/","name":"Hallitus - Suomen Tiedeseura","isPartOf":{"@id":"https:\/\/scientiarum.fi\/#website"},"datePublished":"2023-05-15T11:14:40+00:00","dateModified":"2025-08-28T13:51:06+00:00","breadcrumb":{"@id":"https:\/\/scientiarum.fi\/fi\/tietoa-meista\/hallitus\/#breadcrumb"},"inLanguage":"fi","potentialAction":[{"@type":"ReadAction","target":["https:\/\/scientiarum.fi\/fi\/tietoa-meista\/hallitus\/"]}]},{"@type":"BreadcrumbList","@id":"https:\/\/scientiarum.fi\/fi\/tietoa-meista\/hallitus\/#breadcrumb","itemListElement":[{"@type":"ListItem","position":1,"name":"Home","item":"https:\/\/scientiarum.fi\/"},{"@type":"ListItem","position":2,"name":"Tietoa meist\u00e4","item":"https:\/\/scientiarum.fi\/fi\/tietoa-meista\/"},{"@type":"ListItem","position":3,"name":"Hallitus"}]},{"@type":"WebSite","@id":"https:\/\/scientiarum.fi\/#website","url":"https:\/\/scientiarum.fi\/","name":"Finska Vetenskaps-Societeten","description":"","publisher":{"@id":"https:\/\/scientiarum.fi\/#organization"},"potentialAction":[{"@type":"SearchAction","target":{"@type":"EntryPoint","urlTemplate":"https:\/\/scientiarum.fi\/?s={search_term_string}"},"query-input":{"@type":"PropertyValueSpecification","valueRequired":true,"valueName":"search_term_string"}}],"inLanguage":"fi"},{"@type":"Organization","@id":"https:\/\/scientiarum.fi\/#organization","name":"Finska Vetenskaps-Societeten","url":"https:\/\/scientiarum.fi\/","logo":{"@type":"ImageObject","inLanguage":"fi","@id":"https:\/\/scientiarum.fi\/#\/schema\/logo\/image\/","url":"","contentUrl":"","caption":"Finska Vetenskaps-Societeten"},"image":{"@id":"https:\/\/scientiarum.fi\/#\/schema\/logo\/image\/"},"sameAs":["https:\/\/www.facebook.com\/societas.scientiarum","https:\/\/x.com\/tiedeseura","https:\/\/www.linkedin.com\/company\/finska-vetenskaps-societeten-the-finnish-society-of-sciences-and-letters\/"]}]}},"_links":{"self":[{"href":"https:\/\/scientiarum.fi\/fi\/wp-json\/wp\/v2\/pages\/2404","targetHints":{"allow":["GET"]}}],"collection":[{"href":"https:\/\/scientiarum.fi\/fi\/wp-json\/wp\/v2\/pages"}],"about":[{"href":"https:\/\/scientiarum.fi\/fi\/wp-json\/wp\/v2\/types\/page"}],"author":[{"embeddable":true,"href":"https:\/\/scientiarum.fi\/fi\/wp-json\/wp\/v2\/users\/2"}],"replies":[{"embeddable":true,"href":"https:\/\/scientiarum.fi\/fi\/wp-json\/wp\/v2\/comments?post=2404"}],"version-history":[{"count":20,"href":"https:\/\/scientiarum.fi\/fi\/wp-json\/wp\/v2\/pages\/2404\/revisions"}],"predecessor-version":[{"id":7841,"href":"https:\/\/scientiarum.fi\/fi\/wp-json\/wp\/v2\/pages\/2404\/revisions\/7841"}],"up":[{"embeddable":true,"href":"https:\/\/scientiarum.fi\/fi\/wp-json\/wp\/v2\/pages\/1266"}],"wp:attachment":[{"href":"https:\/\/scientiarum.fi\/fi\/wp-json\/wp\/v2\/media?parent=2404"}],"curies":[{"name":"wp","href":"https:\/\/api.w.org\/{rel}","templated":true}]}}