{"id":2320,"date":"2023-09-13T20:03:17","date_gmt":"2023-09-13T17:03:17","guid":{"rendered":"https:\/\/scientiarum.fi\/jasenet\/kunniajasenia\/"},"modified":"2023-11-02T13:41:20","modified_gmt":"2023-11-02T13:41:20","slug":"kunniajasenia","status":"publish","type":"page","link":"https:\/\/scientiarum.fi\/fi\/jasenet\/kunniajasenia\/","title":{"rendered":"Kunniaj\u00e4senet"},"content":{"rendered":"<p>[et_pb_section fb_built=&#8221;1&#8243; _builder_version=&#8221;4.21.0&#8243; _module_preset=&#8221;default&#8221; global_colors_info=&#8221;{}&#8221;][et_pb_row _builder_version=&#8221;4.21.0&#8243; _module_preset=&#8221;default&#8221; custom_margin=&#8221;0px||0px||false|false&#8221; custom_padding=&#8221;0px||0px||false|false&#8221; global_colors_info=&#8221;{}&#8221;][et_pb_column type=&#8221;4_4&#8243; _builder_version=&#8221;4.21.0&#8243; _module_preset=&#8221;default&#8221; global_colors_info=&#8221;{}&#8221;][et_pb_image src=&#8221;https:\/\/scientiarum.fi\/wp-content\/uploads\/2023\/06\/ledamoter-ban.jpg&#8221; title_text=&#8221;ledamoter-ban&#8221; _builder_version=&#8221;4.21.0&#8243; _module_preset=&#8221;default&#8221; global_colors_info=&#8221;{}&#8221;][\/et_pb_image][\/et_pb_column][\/et_pb_row][et_pb_row _builder_version=&#8221;4.21.0&#8243; _module_preset=&#8221;default&#8221; custom_margin=&#8221;||||false|false&#8221; custom_padding=&#8221;||||false|false&#8221; global_colors_info=&#8221;{}&#8221;][et_pb_column type=&#8221;4_4&#8243; _builder_version=&#8221;4.21.0&#8243; _module_preset=&#8221;default&#8221; global_colors_info=&#8221;{}&#8221;][\/et_pb_column][\/et_pb_row][et_pb_row column_structure=&#8221;1_3,2_3&#8243; _builder_version=&#8221;4.21.0&#8243; _module_preset=&#8221;default&#8221; custom_margin=&#8221;0px||||false|false&#8221; custom_padding=&#8221;0px||0px||false|false&#8221; global_colors_info=&#8221;{}&#8221;][et_pb_column type=&#8221;1_3&#8243; _builder_version=&#8221;4.21.0&#8243; _module_preset=&#8221;default&#8221; global_colors_info=&#8221;{}&#8221;][et_pb_image src=&#8221;https:\/\/scientiarum.fi\/wp-content\/uploads\/2023\/06\/diploma2.jpg&#8221; title_text=&#8221;diploma2&#8243; show_in_lightbox=&#8221;on&#8221; _builder_version=&#8221;4.21.0&#8243; _module_preset=&#8221;default&#8221; global_colors_info=&#8221;{}&#8221;][\/et_pb_image][\/et_pb_column][et_pb_column type=&#8221;2_3&#8243; _builder_version=&#8221;4.21.0&#8243; _module_preset=&#8221;default&#8221; global_colors_info=&#8221;{}&#8221;][et_pb_text _builder_version=&#8221;4.21.0&#8243; _module_preset=&#8221;default&#8221; header_font=&#8221;|300|on||||||&#8221; global_colors_info=&#8221;{}&#8221;]<\/p>\n<h2>Kunniaj\u00e4seni\u00e4<\/h2>\n<h3>Stig Str\u00f6mholm 1988<\/h3>\n<p>oikeust. toht., akateemikko (Suomen Akatemia), Uppsalan yliopiston siviilioikeuden ja kansainv\u00e4lisen yksityisoikeuden professori emer., Tiedeseuran ulkomainen j\u00e4sen vuodesta 1981.<\/p>\n<h3>Bengt Holmstr\u00f6m 2016<\/h3>\n<p>fil. toht., Massachusetts Institute of Technologyn taloustieteen professori, Ruotsin keskuspankin taloustieteen palkinto Alfred Nobelin muistoksi vuonna 2016, Tiedeseuran ulkomainen j\u00e4sen vuodesta 1992.<\/p>\n<h3>Carl G. Gahmberg 2018<\/h3>\n<p>l\u00e4\u00e4ket. ja kir. toht., Helsingin yliopiston biokemian professori emer., Tiedeseuran entinen pysyv\u00e4 sihteeri, Tiedeseuran varsinainen j\u00e4sen vuodesta 1983.<\/p>\n<h3>Dan-Olof Riska 2020<\/h3>\n<p>tekn. toht, Helsingin yliopiston fysiikan professori emer., Tiedeseuran entinen puheenjohtaja ja rahastonhoitaja, Tiedeseuran varsinainen j\u00e4sen vuodesta 1981.<\/p>\n<h3>Eva Margareta Steinby 2020<\/h3>\n<p>fil. toht., Oxfordin yliopiston roomalaisen arkeologian professori emer., Tiedeseuran varsinainen j\u00e4sen vuodesta 1983.<\/p>\n<p>&nbsp;<\/p>\n<p>[\/et_pb_text][\/et_pb_column][\/et_pb_row][\/et_pb_section]<\/p>\n","protected":false},"excerpt":{"rendered":"<p>Kunniaj\u00e4seni\u00e4 Stig Str\u00f6mholm 1988 oikeust. toht., akateemikko (Suomen Akatemia), Uppsalan yliopiston siviilioikeuden ja kansainv\u00e4lisen yksityisoikeuden professori emer., Tiedeseuran ulkomainen j\u00e4sen vuodesta 1981. Bengt Holmstr\u00f6m 2016 fil. toht., Massachusetts Institute of Technologyn taloustieteen professori, Ruotsin keskuspankin taloustieteen palkinto Alfred Nobelin muistoksi vuonna 2016, Tiedeseuran ulkomainen j\u00e4sen vuodesta 1992. Carl G. Gahmberg 2018 l\u00e4\u00e4ket. ja kir. toht., [&hellip;]<\/p>\n","protected":false},"author":2,"featured_media":0,"parent":1317,"menu_order":0,"comment_status":"closed","ping_status":"closed","template":"","meta":{"_acf_changed":false,"_et_pb_use_builder":"on","_et_pb_old_content":"","_et_gb_content_width":"","footnotes":""},"class_list":["post-2320","page","type-page","status-publish","hentry"],"acf":[],"yoast_head":"<!-- This site is optimized with the Yoast SEO plugin v27.3 - https:\/\/yoast.com\/product\/yoast-seo-wordpress\/ -->\n<title>Kunniaj\u00e4senet - Suomen Tiedeseura<\/title>\n<meta name=\"robots\" content=\"index, follow, max-snippet:-1, max-image-preview:large, max-video-preview:-1\" \/>\n<link rel=\"canonical\" href=\"https:\/\/scientiarum.fi\/statistik\/ledamoter\/\" \/>\n<meta property=\"og:locale\" content=\"fi_FI\" \/>\n<meta property=\"og:type\" content=\"article\" \/>\n<meta property=\"og:title\" content=\"Kunniaj\u00e4senet - Suomen Tiedeseura\" \/>\n<meta property=\"og:description\" content=\"Kunniaj\u00e4seni\u00e4 Stig Str\u00f6mholm 1988 oikeust. toht., akateemikko (Suomen Akatemia), Uppsalan yliopiston siviilioikeuden ja kansainv\u00e4lisen yksityisoikeuden professori emer., Tiedeseuran ulkomainen j\u00e4sen vuodesta 1981. Bengt Holmstr\u00f6m 2016 fil. toht., Massachusetts Institute of Technologyn taloustieteen professori, Ruotsin keskuspankin taloustieteen palkinto Alfred Nobelin muistoksi vuonna 2016, Tiedeseuran ulkomainen j\u00e4sen vuodesta 1992. Carl G. Gahmberg 2018 l\u00e4\u00e4ket. ja kir. toht., [&hellip;]\" \/>\n<meta property=\"og:url\" content=\"https:\/\/scientiarum.fi\/statistik\/ledamoter\/\" \/>\n<meta property=\"og:site_name\" content=\"Suomen Tiedeseura\" \/>\n<meta property=\"article:publisher\" content=\"https:\/\/www.facebook.com\/societas.scientiarum\" \/>\n<meta property=\"article:modified_time\" content=\"2023-11-02T13:41:20+00:00\" \/>\n<meta name=\"twitter:card\" content=\"summary_large_image\" \/>\n<meta name=\"twitter:site\" content=\"@tiedeseura\" \/>\n<meta name=\"twitter:label1\" content=\"Arvioitu lukuaika\" \/>\n\t<meta name=\"twitter:data1\" content=\"2 minuuttia\" \/>\n<script type=\"application\/ld+json\" class=\"yoast-schema-graph\">{\"@context\":\"https:\\\/\\\/schema.org\",\"@graph\":[{\"@type\":\"WebPage\",\"@id\":\"https:\\\/\\\/scientiarum.fi\\\/statistik\\\/ledamoter\\\/\",\"url\":\"https:\\\/\\\/scientiarum.fi\\\/statistik\\\/ledamoter\\\/\",\"name\":\"Kunniaj\u00e4senet - Suomen Tiedeseura\",\"isPartOf\":{\"@id\":\"https:\\\/\\\/scientiarum.fi\\\/#website\"},\"datePublished\":\"2023-09-13T17:03:17+00:00\",\"dateModified\":\"2023-11-02T13:41:20+00:00\",\"breadcrumb\":{\"@id\":\"https:\\\/\\\/scientiarum.fi\\\/statistik\\\/ledamoter\\\/#breadcrumb\"},\"inLanguage\":\"fi\",\"potentialAction\":[{\"@type\":\"ReadAction\",\"target\":[\"https:\\\/\\\/scientiarum.fi\\\/statistik\\\/ledamoter\\\/\"]}]},{\"@type\":\"BreadcrumbList\",\"@id\":\"https:\\\/\\\/scientiarum.fi\\\/statistik\\\/ledamoter\\\/#breadcrumb\",\"itemListElement\":[{\"@type\":\"ListItem\",\"position\":1,\"name\":\"Home\",\"item\":\"https:\\\/\\\/scientiarum.fi\\\/\"},{\"@type\":\"ListItem\",\"position\":2,\"name\":\"Tilastot\",\"item\":\"https:\\\/\\\/scientiarum.fi\\\/statistik\\\/\"},{\"@type\":\"ListItem\",\"position\":3,\"name\":\"Kunniaj\u00e4senet\"}]},{\"@type\":\"WebSite\",\"@id\":\"https:\\\/\\\/scientiarum.fi\\\/#website\",\"url\":\"https:\\\/\\\/scientiarum.fi\\\/\",\"name\":\"Finska Vetenskaps-Societeten\",\"description\":\"\",\"publisher\":{\"@id\":\"https:\\\/\\\/scientiarum.fi\\\/#organization\"},\"potentialAction\":[{\"@type\":\"SearchAction\",\"target\":{\"@type\":\"EntryPoint\",\"urlTemplate\":\"https:\\\/\\\/scientiarum.fi\\\/?s={search_term_string}\"},\"query-input\":{\"@type\":\"PropertyValueSpecification\",\"valueRequired\":true,\"valueName\":\"search_term_string\"}}],\"inLanguage\":\"fi\"},{\"@type\":\"Organization\",\"@id\":\"https:\\\/\\\/scientiarum.fi\\\/#organization\",\"name\":\"Finska Vetenskaps-Societeten\",\"url\":\"https:\\\/\\\/scientiarum.fi\\\/\",\"logo\":{\"@type\":\"ImageObject\",\"inLanguage\":\"fi\",\"@id\":\"https:\\\/\\\/scientiarum.fi\\\/#\\\/schema\\\/logo\\\/image\\\/\",\"url\":\"\",\"contentUrl\":\"\",\"caption\":\"Finska Vetenskaps-Societeten\"},\"image\":{\"@id\":\"https:\\\/\\\/scientiarum.fi\\\/#\\\/schema\\\/logo\\\/image\\\/\"},\"sameAs\":[\"https:\\\/\\\/www.facebook.com\\\/societas.scientiarum\",\"https:\\\/\\\/x.com\\\/tiedeseura\",\"https:\\\/\\\/www.linkedin.com\\\/company\\\/finska-vetenskaps-societeten-the-finnish-society-of-sciences-and-letters\\\/\"]}]}<\/script>\n<!-- \/ Yoast SEO plugin. -->","yoast_head_json":{"title":"Kunniaj\u00e4senet - Suomen Tiedeseura","robots":{"index":"index","follow":"follow","max-snippet":"max-snippet:-1","max-image-preview":"max-image-preview:large","max-video-preview":"max-video-preview:-1"},"canonical":"https:\/\/scientiarum.fi\/statistik\/ledamoter\/","og_locale":"fi_FI","og_type":"article","og_title":"Kunniaj\u00e4senet - Suomen Tiedeseura","og_description":"Kunniaj\u00e4seni\u00e4 Stig Str\u00f6mholm 1988 oikeust. toht., akateemikko (Suomen Akatemia), Uppsalan yliopiston siviilioikeuden ja kansainv\u00e4lisen yksityisoikeuden professori emer., Tiedeseuran ulkomainen j\u00e4sen vuodesta 1981. Bengt Holmstr\u00f6m 2016 fil. toht., Massachusetts Institute of Technologyn taloustieteen professori, Ruotsin keskuspankin taloustieteen palkinto Alfred Nobelin muistoksi vuonna 2016, Tiedeseuran ulkomainen j\u00e4sen vuodesta 1992. Carl G. Gahmberg 2018 l\u00e4\u00e4ket. ja kir. toht., [&hellip;]","og_url":"https:\/\/scientiarum.fi\/statistik\/ledamoter\/","og_site_name":"Suomen Tiedeseura","article_publisher":"https:\/\/www.facebook.com\/societas.scientiarum","article_modified_time":"2023-11-02T13:41:20+00:00","twitter_card":"summary_large_image","twitter_site":"@tiedeseura","twitter_misc":{"Arvioitu lukuaika":"2 minuuttia"},"schema":{"@context":"https:\/\/schema.org","@graph":[{"@type":"WebPage","@id":"https:\/\/scientiarum.fi\/statistik\/ledamoter\/","url":"https:\/\/scientiarum.fi\/statistik\/ledamoter\/","name":"Kunniaj\u00e4senet - Suomen Tiedeseura","isPartOf":{"@id":"https:\/\/scientiarum.fi\/#website"},"datePublished":"2023-09-13T17:03:17+00:00","dateModified":"2023-11-02T13:41:20+00:00","breadcrumb":{"@id":"https:\/\/scientiarum.fi\/statistik\/ledamoter\/#breadcrumb"},"inLanguage":"fi","potentialAction":[{"@type":"ReadAction","target":["https:\/\/scientiarum.fi\/statistik\/ledamoter\/"]}]},{"@type":"BreadcrumbList","@id":"https:\/\/scientiarum.fi\/statistik\/ledamoter\/#breadcrumb","itemListElement":[{"@type":"ListItem","position":1,"name":"Home","item":"https:\/\/scientiarum.fi\/"},{"@type":"ListItem","position":2,"name":"Tilastot","item":"https:\/\/scientiarum.fi\/statistik\/"},{"@type":"ListItem","position":3,"name":"Kunniaj\u00e4senet"}]},{"@type":"WebSite","@id":"https:\/\/scientiarum.fi\/#website","url":"https:\/\/scientiarum.fi\/","name":"Finska Vetenskaps-Societeten","description":"","publisher":{"@id":"https:\/\/scientiarum.fi\/#organization"},"potentialAction":[{"@type":"SearchAction","target":{"@type":"EntryPoint","urlTemplate":"https:\/\/scientiarum.fi\/?s={search_term_string}"},"query-input":{"@type":"PropertyValueSpecification","valueRequired":true,"valueName":"search_term_string"}}],"inLanguage":"fi"},{"@type":"Organization","@id":"https:\/\/scientiarum.fi\/#organization","name":"Finska Vetenskaps-Societeten","url":"https:\/\/scientiarum.fi\/","logo":{"@type":"ImageObject","inLanguage":"fi","@id":"https:\/\/scientiarum.fi\/#\/schema\/logo\/image\/","url":"","contentUrl":"","caption":"Finska Vetenskaps-Societeten"},"image":{"@id":"https:\/\/scientiarum.fi\/#\/schema\/logo\/image\/"},"sameAs":["https:\/\/www.facebook.com\/societas.scientiarum","https:\/\/x.com\/tiedeseura","https:\/\/www.linkedin.com\/company\/finska-vetenskaps-societeten-the-finnish-society-of-sciences-and-letters\/"]}]}},"_links":{"self":[{"href":"https:\/\/scientiarum.fi\/fi\/wp-json\/wp\/v2\/pages\/2320","targetHints":{"allow":["GET"]}}],"collection":[{"href":"https:\/\/scientiarum.fi\/fi\/wp-json\/wp\/v2\/pages"}],"about":[{"href":"https:\/\/scientiarum.fi\/fi\/wp-json\/wp\/v2\/types\/page"}],"author":[{"embeddable":true,"href":"https:\/\/scientiarum.fi\/fi\/wp-json\/wp\/v2\/users\/2"}],"replies":[{"embeddable":true,"href":"https:\/\/scientiarum.fi\/fi\/wp-json\/wp\/v2\/comments?post=2320"}],"version-history":[{"count":5,"href":"https:\/\/scientiarum.fi\/fi\/wp-json\/wp\/v2\/pages\/2320\/revisions"}],"predecessor-version":[{"id":2849,"href":"https:\/\/scientiarum.fi\/fi\/wp-json\/wp\/v2\/pages\/2320\/revisions\/2849"}],"up":[{"embeddable":true,"href":"https:\/\/scientiarum.fi\/fi\/wp-json\/wp\/v2\/pages\/1317"}],"wp:attachment":[{"href":"https:\/\/scientiarum.fi\/fi\/wp-json\/wp\/v2\/media?parent=2320"}],"curies":[{"name":"wp","href":"https:\/\/api.w.org\/{rel}","templated":true}]}}