{"id":1745,"date":"2023-07-05T11:08:11","date_gmt":"2023-07-05T11:08:11","guid":{"rendered":"https:\/\/scientiarum.fi\/?page_id=1745"},"modified":"2024-08-01T15:57:58","modified_gmt":"2024-08-01T12:57:58","slug":"strategi-for-utdelning-av-magnus-ehrnrooths-stiftelses-stipendier-pdf","status":"publish","type":"page","link":"https:\/\/scientiarum.fi\/fi\/strategi-for-utdelning-av-magnus-ehrnrooths-stiftelses-stipendier-pdf\/","title":{"rendered":"Strategi for utdelning av Magnus Ehrnrooths stiftelses stipendier (pdf)"},"content":{"rendered":"<p>[et_pb_section fb_built=&#8221;1&#8243; _builder_version=&#8221;4.21.0&#8243; _module_preset=&#8221;default&#8221; global_colors_info=&#8221;{}&#8221;][et_pb_row column_structure=&#8221;1_5,3_5,1_5&#8243; _builder_version=&#8221;4.21.0&#8243; _module_preset=&#8221;default&#8221; custom_margin=&#8221;0px||0px||false|false&#8221; custom_padding=&#8221;0px||0px||false|false&#8221; global_colors_info=&#8221;{}&#8221;][et_pb_column type=&#8221;1_5&#8243; _builder_version=&#8221;4.21.0&#8243; _module_preset=&#8221;default&#8221; global_colors_info=&#8221;{}&#8221;][\/et_pb_column][et_pb_column type=&#8221;3_5&#8243; _builder_version=&#8221;4.21.0&#8243; _module_preset=&#8221;default&#8221; global_colors_info=&#8221;{}&#8221;][et_pb_text _builder_version=&#8221;4.27.0&#8243; _module_preset=&#8221;efc8075e-6c96-4cf1-8559-ae3cc0568210&#8243; header_font=&#8221;Source Serif Pro||||||||&#8221; header_2_font=&#8221;Source Serif Pro|&#8211;et_global_heading_font_weight|on||||||&#8221; header_3_font=&#8221;Source Serif Pro|600|||||||&#8221; header_3_font_size=&#8221;26px&#8221; hover_enabled=&#8221;0&#8243; header_3_font_size_tablet=&#8221;22px&#8221; header_3_font_size_phone=&#8221;18px&#8221; header_3_font_size_last_edited=&#8221;on|desktop&#8221; global_colors_info=&#8221;{}&#8221; sticky_enabled=&#8221;0&#8243;]<\/p>\n<h2>Strategi f\u00f6r utdelning av Magnus Ehrnrooths stiftelses stipendier<\/h2>\n<p><strong>ALLM\u00c4NNA PRINCIPER<\/strong><\/p>\n<p>Stiftelsens \u00e4ndam\u00e5l \u00e4r fastst\u00e4llt i stadgarna enligt f\u00f6ljande:<\/p>\n<p>\u201dStiftelsens \u00e4ndam\u00e5l \u00e4r att fr\u00e4mja och underst\u00f6da rent vetenskaplig grundforskning som syftar till f\u00f6rdjupande och \u00f6kande av vetandet inom matematiken, astronomin, fysiken och kemin inklusive den medicinska kemin. Stiftelsen f\u00f6rverkligar sitt \u00e4ndam\u00e5l genom att utge underst\u00f6d och stipendier till ledam\u00f6ter av Finska Vetenskaps-Societeten r.f. f\u00f6r personlig forskning eller till av dem ledda forskningsgrupper eller institutioner eller och till utom societeten st\u00e5ende forskare [&#8230;]. Stiftelsen kan ocks\u00e5 idka annan laglig verksamhet som fr\u00e4mjar och st\u00f6djer stiftelsens \u00e4ndam\u00e5l.\u201d<\/p>\n<p>\u201dStyrelsen f\u00f6r Finska Vetenskaps-Societeten r.f. eller en av denne utsedd n\u00e4mnd bed\u00f6mer de \u00e5rligen inkomna ans\u00f6kningarna, tillst\u00e4ller stiftelsens styrelse sitt f\u00f6rslag till utdelning, emottar rapporteringarna \u00f6ver anv\u00e4ndningen av beviljade underst\u00f6d samt redog\u00f6r kontinuerligt till stiftelsens styrelse \u00f6ver erh\u00e5llna rapporteringar.\u201d<\/p>\n<p>Stiftelsen st\u00f6der vetenskaplig grundforskning inom omr\u00e5dena matematik, astronomi, fysik, kemi inklusive medicinsk kemi. St\u00f6d riktas prim\u00e4rt direkt till forskare i form av stipendier. Modern vetenskaplig forskning utf\u00f6rs oftast i samarbete mellan flera forskare och d\u00e4rf\u00f6r kan underst\u00f6d ocks\u00e5 ges till st\u00f6rre forskningsenheter och projekt inom de av stiftelsen underst\u00f6dda vetenskapsgrenarna f\u00f6r att m\u00f6jligast effektivt v\u00e4rna om f\u00f6ruts\u00e4ttningarna f\u00f6r vetenskaplig grundforskning.<\/p>\n<p>Stiftelsen delar ocks\u00e5 ut pris till v\u00e4lf\u00f6rtj\u00e4nta forskare inom de vetenskapsomr\u00e5den som den st\u00f6der.<\/p>\n<p>Stiftelsen underst\u00f6der i fr\u00e4msta hand finl\u00e4ndska forskare eller forskare verksamma vid finl\u00e4ndska universitet eller forskningsinstitut.<\/p>\n<p>Finansieringen av projekt styrs av ans\u00f6kningarnas kvalitet.<\/p>\n<p>Stiftelsen v\u00e4rnar om vetenskaplig frihet genom att st\u00f6da vetenskapsgrenarnas interna f\u00f6rnyelse, och s\u00e4tter d\u00e4rf\u00f6r inte inneh\u00e5llsm\u00e4ssiga krav p\u00e5 de projekt som finansieras.<\/p>\n<p><strong>STIPENDIEUTDELNING<\/strong><\/p>\n<p>Stiftelsens utdelning faller i tre kategorier enligt f\u00f6ljande:<\/p>\n<p>I) Ordinarie \u00e5rlig utdelning<br \/>II) Stipendier ur Walter och Lisi Wahls fond (stipendier)<br \/>III) Strategiska satsningar (stipendier, donationer eller \u00f6vrig verksamhet)<\/p>\n<p><strong>ORDINARIE \u00c5RLIG UTDELNING<\/strong><\/p>\n<p>Stiftelsens styrelse fastst\u00e4ller \u00e5rligen den summa som kan delas ut i stipendier och pris. Finska Vetenskaps-Societeten har ansvaret f\u00f6r den vetenskapliga bed\u00f6mningen av de inkomna ans\u00f6kningarna och tillst\u00e4ller stiftelsens styrelse sitt f\u00f6rslag till utdelning. P\u00e5 basen av detta f\u00f6rslag fattar stiftelsens styrelse beslut om utdelningen.<\/p>\n<p>F\u00f6rdelningen av stipendier mellan de av stiftelsen underst\u00f6dda vetenskapsgrenarna baserar sig p\u00e5 ans\u00f6kningarnas kvalitet. Vid bed\u00f6mningen av kvaliteten l\u00e4ggs vikt dels vid mottagandet och genomslagskraften av den s\u00f6kandes tidigare resultat, dels vid innovativiteten och nyhetsv\u00e4rdet av den f\u00f6reslagna forskningen. Forskningsmilj\u00f6n, den s\u00f6kandes samarbetsn\u00e4tverk och internationella mobilitet bidrar ocks\u00e5 till forskningens kvalitetet. Underst\u00f6d till postdoktoral forskning ges endast till forskare med uppenbar potential att framg\u00e5ngsrikt kunna forts\u00e4tta sin vetenskapliga karri\u00e4r.<\/p>\n<p>Bland de olika underst\u00f6dsformerna prioriteras personliga arbetsstipendier. Doktorander och postdoktorala forskare b\u00f6r i regel beviljas underst\u00f6d f\u00f6r hela den tid som beh\u00f6vs f\u00f6r att slutf\u00f6ra arbetet. Doktorander kan s\u00e5ledes beviljas underst\u00f6d f\u00f6r upp till fyra \u00e5r och forskardoktorer f\u00f6r tv\u00e5 eller tre \u00e5r. Om det \u00e4r \u00e4ndam\u00e5lsenligt kan ocks\u00e5 stipendier f\u00f6r kortare tid beviljas. Exempel p\u00e5 stipendium f\u00f6r kortare tid \u00e4r f\u00f6r slutf\u00f6rande av doktorsavhandling och \u00f6verg\u00e5ngsst\u00f6d mellan doktorsavhandlingen och postdoc-perioden eller f\u00f6r unga forskare som \u00e5terv\u00e4nder fr\u00e5n utlandet. Mottagare av fler\u00e5rig finansiering b\u00f6r \u00e5rligen rapportera hur projektet framskridit.<\/p>\n<p>Det \u00e4r \u00e4ven m\u00f6jligt att dela ut stipendier f\u00f6r forskning p\u00e5 deltid.<\/p>\n<p>Resestipendier beviljas i huvudsak f\u00f6r l\u00e4ngre vistelser vid utl\u00e4ndska universitet eller forskningsinstitut. Konferensresor prioriteras inte.<\/p>\n<p>Stiftelsen delar \u00e5rligen ut ett st\u00f6rre pris till en framst\u00e5ende forskare. Omr\u00e5det f\u00f6r priset alternerar mellan matematik, fysik och astronomi samt kemi inklusive medicinsk kemi.<\/p>\n<p><strong>WALTER OCH LISI WAHLS FOND<\/strong><\/p>\n<p>Ur Walter och Lisi Wahls Fond beviljas prim\u00e4rt stipendier f\u00f6r apparaturanskaffningar.<\/p>\n<p>Den vetenskapliga bed\u00f6mningen av ans\u00f6kningar och beslutsfattandet f\u00f6ljer samma regler som den ordinarie \u00e5rliga utdelningen.<\/p>\n<p>\u00c5rligen utdelas 0\u20132 stipendier. Ifall utdelningen uteblir n\u00e5got \u00e5r kan en st\u00f6rre utdelning ske under f\u00f6ljande \u00e5r.<\/p>\n<p><strong>STRATEGISKA SATSNINGAR<\/strong><\/p>\n<p>Stiftelsen kan g\u00f6ra st\u00f6rre strategiska satsningar ut\u00f6ver den ordinarie utdelningen.<\/p>\n<p>Exempel p\u00e5 s\u00e5dana strategiska satsningar \u00e4r donationer till kapitalisering av universitet, speciella satsningar p\u00e5 n\u00e5got av de vetenskapsgrenar som stiftelsen underst\u00f6der samt gemensamma satsningar med de \u00f6vriga Ehrnrooth-stiftelserna.<\/p>\n<p>\u00c4ven st\u00f6rre projektfinansiering f\u00f6r flaggskeppsprojekt och spetsforskning med speciell vikt p\u00e5 internationell verksamhet och multidisciplin\u00e4r forskning kan komma i fr\u00e5ga.<\/p>\n<p>De strategiska satsningarna m\u00e5ste ha anknytning till de av stiftelsen underst\u00f6dda vetenskapsgrenarna.<\/p>\n<p>F\u00f6rslag till strategiska satsningar ges av stiftelsens styrelse eller Finska Vetenskaps-Societeten, som \u00e4ven ansvarar f\u00f6r den vetenskapliga evalueringen av f\u00f6rslagen.<\/p>\n<p>Denna strategi \u00e4r godk\u00e4nd av Finska Vetenskaps-Societetens styrelse den 23 augusti 2021 och av Magnus Ehrnrooths stiftelses styrelse den 25 augusti 2021.<\/p>\n<p>[\/et_pb_text][\/et_pb_column][et_pb_column type=&#8221;1_5&#8243; _builder_version=&#8221;4.21.0&#8243; _module_preset=&#8221;default&#8221; global_colors_info=&#8221;{}&#8221;][\/et_pb_column][\/et_pb_row][\/et_pb_section]<\/p>\n","protected":false},"excerpt":{"rendered":"<p>Strategi f\u00f6r utdelning av Magnus Ehrnrooths stiftelses stipendier ALLM\u00c4NNA PRINCIPER Stiftelsens \u00e4ndam\u00e5l \u00e4r fastst\u00e4llt i stadgarna enligt f\u00f6ljande: \u201dStiftelsens \u00e4ndam\u00e5l \u00e4r att fr\u00e4mja och underst\u00f6da rent vetenskaplig grundforskning som syftar till f\u00f6rdjupande och \u00f6kande av vetandet inom matematiken, astronomin, fysiken och kemin inklusive den medicinska kemin. Stiftelsen f\u00f6rverkligar sitt \u00e4ndam\u00e5l genom att utge underst\u00f6d och [&hellip;]<\/p>\n","protected":false},"author":2,"featured_media":0,"parent":0,"menu_order":0,"comment_status":"closed","ping_status":"closed","template":"","meta":{"_acf_changed":false,"_et_pb_use_builder":"on","_et_pb_old_content":"<!-- wp:divi\/placeholder \/-->","_et_gb_content_width":"","footnotes":""},"class_list":["post-1745","page","type-page","status-publish","hentry"],"acf":[],"yoast_head":"<!-- This site is optimized with the Yoast SEO plugin v27.3 - https:\/\/yoast.com\/product\/yoast-seo-wordpress\/ -->\n<title>Strategi for utdelning av Magnus Ehrnrooths stiftelses stipendier (pdf) - Suomen Tiedeseura<\/title>\n<meta name=\"robots\" content=\"index, follow, max-snippet:-1, max-image-preview:large, max-video-preview:-1\" \/>\n<link rel=\"canonical\" href=\"https:\/\/scientiarum.fi\/strategi-for-utdelning-av-magnus-ehrnrooths-stiftelses-stipendier-pdf\/\" \/>\n<meta property=\"og:locale\" content=\"fi_FI\" \/>\n<meta property=\"og:type\" content=\"article\" \/>\n<meta property=\"og:title\" content=\"Strategi for utdelning av Magnus Ehrnrooths stiftelses stipendier (pdf) - Suomen Tiedeseura\" \/>\n<meta property=\"og:description\" content=\"Strategi f\u00f6r utdelning av Magnus Ehrnrooths stiftelses stipendier ALLM\u00c4NNA PRINCIPER Stiftelsens \u00e4ndam\u00e5l \u00e4r fastst\u00e4llt i stadgarna enligt f\u00f6ljande: \u201dStiftelsens \u00e4ndam\u00e5l \u00e4r att fr\u00e4mja och underst\u00f6da rent vetenskaplig grundforskning som syftar till f\u00f6rdjupande och \u00f6kande av vetandet inom matematiken, astronomin, fysiken och kemin inklusive den medicinska kemin. Stiftelsen f\u00f6rverkligar sitt \u00e4ndam\u00e5l genom att utge underst\u00f6d och [&hellip;]\" \/>\n<meta property=\"og:url\" content=\"https:\/\/scientiarum.fi\/strategi-for-utdelning-av-magnus-ehrnrooths-stiftelses-stipendier-pdf\/\" \/>\n<meta property=\"og:site_name\" content=\"Suomen Tiedeseura\" \/>\n<meta property=\"article:publisher\" content=\"https:\/\/www.facebook.com\/societas.scientiarum\" \/>\n<meta property=\"article:modified_time\" content=\"2024-08-01T12:57:58+00:00\" \/>\n<meta name=\"twitter:card\" content=\"summary_large_image\" \/>\n<meta name=\"twitter:site\" content=\"@tiedeseura\" \/>\n<meta name=\"twitter:label1\" content=\"Arvioitu lukuaika\" \/>\n\t<meta name=\"twitter:data1\" content=\"5 minuuttia\" \/>\n<script type=\"application\/ld+json\" class=\"yoast-schema-graph\">{\"@context\":\"https:\\\/\\\/schema.org\",\"@graph\":[{\"@type\":\"WebPage\",\"@id\":\"https:\\\/\\\/scientiarum.fi\\\/strategi-for-utdelning-av-magnus-ehrnrooths-stiftelses-stipendier-pdf\\\/\",\"url\":\"https:\\\/\\\/scientiarum.fi\\\/strategi-for-utdelning-av-magnus-ehrnrooths-stiftelses-stipendier-pdf\\\/\",\"name\":\"Strategi for utdelning av Magnus Ehrnrooths stiftelses stipendier (pdf) - Suomen Tiedeseura\",\"isPartOf\":{\"@id\":\"https:\\\/\\\/scientiarum.fi\\\/#website\"},\"datePublished\":\"2023-07-05T11:08:11+00:00\",\"dateModified\":\"2024-08-01T12:57:58+00:00\",\"breadcrumb\":{\"@id\":\"https:\\\/\\\/scientiarum.fi\\\/strategi-for-utdelning-av-magnus-ehrnrooths-stiftelses-stipendier-pdf\\\/#breadcrumb\"},\"inLanguage\":\"fi\",\"potentialAction\":[{\"@type\":\"ReadAction\",\"target\":[\"https:\\\/\\\/scientiarum.fi\\\/strategi-for-utdelning-av-magnus-ehrnrooths-stiftelses-stipendier-pdf\\\/\"]}]},{\"@type\":\"BreadcrumbList\",\"@id\":\"https:\\\/\\\/scientiarum.fi\\\/strategi-for-utdelning-av-magnus-ehrnrooths-stiftelses-stipendier-pdf\\\/#breadcrumb\",\"itemListElement\":[{\"@type\":\"ListItem\",\"position\":1,\"name\":\"Home\",\"item\":\"https:\\\/\\\/scientiarum.fi\\\/\"},{\"@type\":\"ListItem\",\"position\":2,\"name\":\"Strategi for utdelning av Magnus Ehrnrooths stiftelses stipendier (pdf)\"}]},{\"@type\":\"WebSite\",\"@id\":\"https:\\\/\\\/scientiarum.fi\\\/#website\",\"url\":\"https:\\\/\\\/scientiarum.fi\\\/\",\"name\":\"Finska Vetenskaps-Societeten\",\"description\":\"\",\"publisher\":{\"@id\":\"https:\\\/\\\/scientiarum.fi\\\/#organization\"},\"potentialAction\":[{\"@type\":\"SearchAction\",\"target\":{\"@type\":\"EntryPoint\",\"urlTemplate\":\"https:\\\/\\\/scientiarum.fi\\\/?s={search_term_string}\"},\"query-input\":{\"@type\":\"PropertyValueSpecification\",\"valueRequired\":true,\"valueName\":\"search_term_string\"}}],\"inLanguage\":\"fi\"},{\"@type\":\"Organization\",\"@id\":\"https:\\\/\\\/scientiarum.fi\\\/#organization\",\"name\":\"Finska Vetenskaps-Societeten\",\"url\":\"https:\\\/\\\/scientiarum.fi\\\/\",\"logo\":{\"@type\":\"ImageObject\",\"inLanguage\":\"fi\",\"@id\":\"https:\\\/\\\/scientiarum.fi\\\/#\\\/schema\\\/logo\\\/image\\\/\",\"url\":\"\",\"contentUrl\":\"\",\"caption\":\"Finska Vetenskaps-Societeten\"},\"image\":{\"@id\":\"https:\\\/\\\/scientiarum.fi\\\/#\\\/schema\\\/logo\\\/image\\\/\"},\"sameAs\":[\"https:\\\/\\\/www.facebook.com\\\/societas.scientiarum\",\"https:\\\/\\\/x.com\\\/tiedeseura\",\"https:\\\/\\\/www.linkedin.com\\\/company\\\/finska-vetenskaps-societeten-the-finnish-society-of-sciences-and-letters\\\/\"]}]}<\/script>\n<!-- \/ Yoast SEO plugin. -->","yoast_head_json":{"title":"Strategi for utdelning av Magnus Ehrnrooths stiftelses stipendier (pdf) - Suomen Tiedeseura","robots":{"index":"index","follow":"follow","max-snippet":"max-snippet:-1","max-image-preview":"max-image-preview:large","max-video-preview":"max-video-preview:-1"},"canonical":"https:\/\/scientiarum.fi\/strategi-for-utdelning-av-magnus-ehrnrooths-stiftelses-stipendier-pdf\/","og_locale":"fi_FI","og_type":"article","og_title":"Strategi for utdelning av Magnus Ehrnrooths stiftelses stipendier (pdf) - Suomen Tiedeseura","og_description":"Strategi f\u00f6r utdelning av Magnus Ehrnrooths stiftelses stipendier ALLM\u00c4NNA PRINCIPER Stiftelsens \u00e4ndam\u00e5l \u00e4r fastst\u00e4llt i stadgarna enligt f\u00f6ljande: \u201dStiftelsens \u00e4ndam\u00e5l \u00e4r att fr\u00e4mja och underst\u00f6da rent vetenskaplig grundforskning som syftar till f\u00f6rdjupande och \u00f6kande av vetandet inom matematiken, astronomin, fysiken och kemin inklusive den medicinska kemin. Stiftelsen f\u00f6rverkligar sitt \u00e4ndam\u00e5l genom att utge underst\u00f6d och [&hellip;]","og_url":"https:\/\/scientiarum.fi\/strategi-for-utdelning-av-magnus-ehrnrooths-stiftelses-stipendier-pdf\/","og_site_name":"Suomen Tiedeseura","article_publisher":"https:\/\/www.facebook.com\/societas.scientiarum","article_modified_time":"2024-08-01T12:57:58+00:00","twitter_card":"summary_large_image","twitter_site":"@tiedeseura","twitter_misc":{"Arvioitu lukuaika":"5 minuuttia"},"schema":{"@context":"https:\/\/schema.org","@graph":[{"@type":"WebPage","@id":"https:\/\/scientiarum.fi\/strategi-for-utdelning-av-magnus-ehrnrooths-stiftelses-stipendier-pdf\/","url":"https:\/\/scientiarum.fi\/strategi-for-utdelning-av-magnus-ehrnrooths-stiftelses-stipendier-pdf\/","name":"Strategi for utdelning av Magnus Ehrnrooths stiftelses stipendier (pdf) - Suomen Tiedeseura","isPartOf":{"@id":"https:\/\/scientiarum.fi\/#website"},"datePublished":"2023-07-05T11:08:11+00:00","dateModified":"2024-08-01T12:57:58+00:00","breadcrumb":{"@id":"https:\/\/scientiarum.fi\/strategi-for-utdelning-av-magnus-ehrnrooths-stiftelses-stipendier-pdf\/#breadcrumb"},"inLanguage":"fi","potentialAction":[{"@type":"ReadAction","target":["https:\/\/scientiarum.fi\/strategi-for-utdelning-av-magnus-ehrnrooths-stiftelses-stipendier-pdf\/"]}]},{"@type":"BreadcrumbList","@id":"https:\/\/scientiarum.fi\/strategi-for-utdelning-av-magnus-ehrnrooths-stiftelses-stipendier-pdf\/#breadcrumb","itemListElement":[{"@type":"ListItem","position":1,"name":"Home","item":"https:\/\/scientiarum.fi\/"},{"@type":"ListItem","position":2,"name":"Strategi for utdelning av Magnus Ehrnrooths stiftelses stipendier (pdf)"}]},{"@type":"WebSite","@id":"https:\/\/scientiarum.fi\/#website","url":"https:\/\/scientiarum.fi\/","name":"Finska Vetenskaps-Societeten","description":"","publisher":{"@id":"https:\/\/scientiarum.fi\/#organization"},"potentialAction":[{"@type":"SearchAction","target":{"@type":"EntryPoint","urlTemplate":"https:\/\/scientiarum.fi\/?s={search_term_string}"},"query-input":{"@type":"PropertyValueSpecification","valueRequired":true,"valueName":"search_term_string"}}],"inLanguage":"fi"},{"@type":"Organization","@id":"https:\/\/scientiarum.fi\/#organization","name":"Finska Vetenskaps-Societeten","url":"https:\/\/scientiarum.fi\/","logo":{"@type":"ImageObject","inLanguage":"fi","@id":"https:\/\/scientiarum.fi\/#\/schema\/logo\/image\/","url":"","contentUrl":"","caption":"Finska Vetenskaps-Societeten"},"image":{"@id":"https:\/\/scientiarum.fi\/#\/schema\/logo\/image\/"},"sameAs":["https:\/\/www.facebook.com\/societas.scientiarum","https:\/\/x.com\/tiedeseura","https:\/\/www.linkedin.com\/company\/finska-vetenskaps-societeten-the-finnish-society-of-sciences-and-letters\/"]}]}},"_links":{"self":[{"href":"https:\/\/scientiarum.fi\/fi\/wp-json\/wp\/v2\/pages\/1745","targetHints":{"allow":["GET"]}}],"collection":[{"href":"https:\/\/scientiarum.fi\/fi\/wp-json\/wp\/v2\/pages"}],"about":[{"href":"https:\/\/scientiarum.fi\/fi\/wp-json\/wp\/v2\/types\/page"}],"author":[{"embeddable":true,"href":"https:\/\/scientiarum.fi\/fi\/wp-json\/wp\/v2\/users\/2"}],"replies":[{"embeddable":true,"href":"https:\/\/scientiarum.fi\/fi\/wp-json\/wp\/v2\/comments?post=1745"}],"version-history":[{"count":5,"href":"https:\/\/scientiarum.fi\/fi\/wp-json\/wp\/v2\/pages\/1745\/revisions"}],"predecessor-version":[{"id":5464,"href":"https:\/\/scientiarum.fi\/fi\/wp-json\/wp\/v2\/pages\/1745\/revisions\/5464"}],"wp:attachment":[{"href":"https:\/\/scientiarum.fi\/fi\/wp-json\/wp\/v2\/media?parent=1745"}],"curies":[{"name":"wp","href":"https:\/\/api.w.org\/{rel}","templated":true}]}}