{"id":1716,"date":"2023-07-05T09:39:38","date_gmt":"2023-07-05T09:39:38","guid":{"rendered":"https:\/\/scientiarum.fi\/?page_id=1716"},"modified":"2024-08-01T14:27:00","modified_gmt":"2024-08-01T11:27:00","slug":"riktlinjer-for-finska-vetenskaps-societetens-stipendier-pdf","status":"publish","type":"page","link":"https:\/\/scientiarum.fi\/fi\/riktlinjer-for-finska-vetenskaps-societetens-stipendier-pdf\/","title":{"rendered":"Riktlinjer f\u00f6r Finska Vetenskaps-Societetens stipendier (pdf)"},"content":{"rendered":"<p>[et_pb_section fb_built=&#8221;1&#8243; _builder_version=&#8221;4.21.0&#8243; _module_preset=&#8221;default&#8221; global_colors_info=&#8221;{}&#8221;][et_pb_row column_structure=&#8221;1_5,3_5,1_5&#8243; _builder_version=&#8221;4.21.0&#8243; _module_preset=&#8221;default&#8221; custom_margin=&#8221;0px||0px||false|false&#8221; custom_padding=&#8221;0px||0px||false|false&#8221; global_colors_info=&#8221;{}&#8221;][et_pb_column type=&#8221;1_5&#8243; _builder_version=&#8221;4.21.0&#8243; _module_preset=&#8221;default&#8221; global_colors_info=&#8221;{}&#8221;][\/et_pb_column][et_pb_column type=&#8221;3_5&#8243; _builder_version=&#8221;4.21.0&#8243; _module_preset=&#8221;default&#8221; global_colors_info=&#8221;{}&#8221;][et_pb_text _builder_version=&#8221;4.27.0&#8243; _module_preset=&#8221;d52f8269-26d2-4332-adbf-d3ef118817e6&#8243; header_font=&#8221;Source Serif Pro||||||||&#8221; hover_enabled=&#8221;0&#8243; header_font_size_last_edited=&#8221;on|desktop&#8221; header_3_font_size_last_edited=&#8221;on|desktop&#8221; global_colors_info=&#8221;{}&#8221; sticky_enabled=&#8221;0&#8243;]<\/p>\n<h1>Riktlinjer f\u00f6r Finska Vetenskaps-Societetens stipendier<\/h1>\n<p><strong>Godk\u00e4nda p\u00e5 Societetens m\u00f6te den 21 december 2020<\/strong><\/p>\n<p>Finska Vetenskaps-Societeten ledigansl\u00e5r \u00e5rligen i b\u00f6rjan av januari stipendier att s\u00f6kas f\u00f6r forskning och forskningsrelaterade \u00e4ndam\u00e5l. Stipendieans\u00f6kan inl\u00e4mnas elektroniskt via Vetenskaps-Societetens hemsida i enlighet med d\u00e4r givna anvisningar och ans\u00f6kningstiden utg\u00e5r den 31 januari.<\/p>\n<p>Stipendier kan beviljas till:<\/p>\n<p>1) Doktorander f\u00f6r slutf\u00f6rande av avhandlingsarbetet. Stipendiet beviljas som ett personligt skattefritt underst\u00f6d f\u00f6r heltidsforskning.<\/p>\n<p>2) Forskare eller forskargrupp f\u00f6r vetenskapliga projekt. Anslaget kan ocks\u00e5 anv\u00e4ndas t.ex. f\u00f6r avl\u00f6nande av hj\u00e4lparbetskraft, utf\u00f6rande av f\u00e4ltarbete eller insamlande av empiriskt material. Stipendiet \u00e4r skattepliktig inkomst av f\u00f6rv\u00e4rvsarbete till den del det anv\u00e4nds f\u00f6r l\u00f6nekostnader. Penningtrafiken b\u00f6r i allm\u00e4nhet handhas av ett universitet eller en motsvarande institution. Stipendier som uppg\u00e5r till 10.000 euro eller mera inbetalas alltid till en s\u00e5dan institution. Finska Vetenskaps-Societeten kan av s\u00e4rskilda sk\u00e4l finansiera forskningsprojekt direkt.<\/p>\n<p>3) Resestipendier f\u00f6r angivna forsknings- eller konferensresor.<\/p>\n<p>Stipendier kan beviljas till Vetenskaps-Societetens ledam\u00f6ter eller annan forskare. D\u00e5 icke medlem s\u00f6ker stipendium b\u00f6r ans\u00f6kan st\u00f6das av en ledamot som verkar som medansvarig garant f\u00f6r ans\u00f6kan och dess genomf\u00f6rande. Detta inneb\u00e4r att ledamoten inte endast b\u00f6r st\u00f6da ans\u00f6kan genom att skriftligen bifalla den, utan \u00e4ven f\u00f6lja med projektet och godk\u00e4nna projektredovisningen. Ans\u00f6kan som saknar garant beaktas inte.<\/p>\n<p>Ledam\u00f6ter har f\u00f6rtursr\u00e4tt till resestipendier framom icke-medlemmar. Vid finansiering av forskare eller forskargrupper ska det avg\u00f6rande kriteriet f\u00f6r projektbeviljning vara vetenskaplig kvalitet och relevans, d\u00e5 likv\u00e4rdiga projekt konkurrerar om finansiering skall ans\u00f6kan fr\u00e5n ledam\u00f6ter prioriteras.<\/p>\n<p>Resestipendier kan \u00e4ven beviljas under \u00e5ret p\u00e5 ans\u00f6kan av ledamot. Stipendieans\u00f6kningarna behandlas av stipendien\u00e4mnderna, som tills\u00e4tts sektionsvis. Dessutom finns en s\u00e4rskild n\u00e4mnd f\u00f6r den Sohlbergska delegationen. Stipendien\u00e4mnderna uppg\u00f6r f\u00f6rslag ang\u00e5ende beviljningarnas storlek och tid.<\/p>\n<p>Styrelsen besluter om f\u00f6rdelning av stipendierna i enlighet med fastslagen budget utg\u00e5ende fr\u00e5n stipendien\u00e4mndernas f\u00f6rslag. Resestipendier som s\u00f6kts under \u00e5ret behandlas inte av n\u00e5gon stipendien\u00e4mnd utan styrelsen fattar beslut direkt.<\/p>\n<p>Den som mottagit stipendium skall inl\u00e4mna en redog\u00f6relse \u00f6ver anv\u00e4ndning av stipendiemedlen snarast m\u00f6jligt efter avslutat arbete, eller minst en g\u00e5ng \u00e5rligen senast den 31 maj. Redog\u00f6relsen granskas av st\u00e4ndige sekreteraren och skattm\u00e4staren och godk\u00e4nns av styrelsen.<\/p>\n<p>[\/et_pb_text][\/et_pb_column][et_pb_column type=&#8221;1_5&#8243; _builder_version=&#8221;4.21.0&#8243; _module_preset=&#8221;default&#8221; global_colors_info=&#8221;{}&#8221;][\/et_pb_column][\/et_pb_row][\/et_pb_section]<\/p>\n","protected":false},"excerpt":{"rendered":"<p>Riktlinjer f\u00f6r Finska Vetenskaps-Societetens stipendier Godk\u00e4nda p\u00e5 Societetens m\u00f6te den 21 december 2020 Finska Vetenskaps-Societeten ledigansl\u00e5r \u00e5rligen i b\u00f6rjan av januari stipendier att s\u00f6kas f\u00f6r forskning och forskningsrelaterade \u00e4ndam\u00e5l. Stipendieans\u00f6kan inl\u00e4mnas elektroniskt via Vetenskaps-Societetens hemsida i enlighet med d\u00e4r givna anvisningar och ans\u00f6kningstiden utg\u00e5r den 31 januari. Stipendier kan beviljas till: 1) Doktorander f\u00f6r slutf\u00f6rande [&hellip;]<\/p>\n","protected":false},"author":2,"featured_media":0,"parent":0,"menu_order":0,"comment_status":"closed","ping_status":"closed","template":"","meta":{"_acf_changed":false,"_et_pb_use_builder":"on","_et_pb_old_content":"<!-- wp:divi\/placeholder \/-->","_et_gb_content_width":"","footnotes":""},"class_list":["post-1716","page","type-page","status-publish","hentry"],"acf":[],"yoast_head":"<!-- This site is optimized with the Yoast SEO plugin v27.3 - https:\/\/yoast.com\/product\/yoast-seo-wordpress\/ -->\n<title>Riktlinjer f\u00f6r Finska Vetenskaps-Societetens stipendier (pdf) - Suomen Tiedeseura<\/title>\n<meta name=\"robots\" content=\"index, follow, max-snippet:-1, max-image-preview:large, max-video-preview:-1\" \/>\n<link rel=\"canonical\" href=\"https:\/\/scientiarum.fi\/riktlinjer-for-finska-vetenskaps-societetens-stipendier-pdf\/\" \/>\n<meta property=\"og:locale\" content=\"fi_FI\" \/>\n<meta property=\"og:type\" content=\"article\" \/>\n<meta property=\"og:title\" content=\"Riktlinjer f\u00f6r Finska Vetenskaps-Societetens stipendier (pdf) - Suomen Tiedeseura\" \/>\n<meta property=\"og:description\" content=\"Riktlinjer f\u00f6r Finska Vetenskaps-Societetens stipendier Godk\u00e4nda p\u00e5 Societetens m\u00f6te den 21 december 2020 Finska Vetenskaps-Societeten ledigansl\u00e5r \u00e5rligen i b\u00f6rjan av januari stipendier att s\u00f6kas f\u00f6r forskning och forskningsrelaterade \u00e4ndam\u00e5l. Stipendieans\u00f6kan inl\u00e4mnas elektroniskt via Vetenskaps-Societetens hemsida i enlighet med d\u00e4r givna anvisningar och ans\u00f6kningstiden utg\u00e5r den 31 januari. Stipendier kan beviljas till: 1) Doktorander f\u00f6r slutf\u00f6rande [&hellip;]\" \/>\n<meta property=\"og:url\" content=\"https:\/\/scientiarum.fi\/riktlinjer-for-finska-vetenskaps-societetens-stipendier-pdf\/\" \/>\n<meta property=\"og:site_name\" content=\"Suomen Tiedeseura\" \/>\n<meta property=\"article:publisher\" content=\"https:\/\/www.facebook.com\/societas.scientiarum\" \/>\n<meta property=\"article:modified_time\" content=\"2024-08-01T11:27:00+00:00\" \/>\n<meta name=\"twitter:card\" content=\"summary_large_image\" \/>\n<meta name=\"twitter:site\" content=\"@tiedeseura\" \/>\n<meta name=\"twitter:label1\" content=\"Arvioitu lukuaika\" \/>\n\t<meta name=\"twitter:data1\" content=\"3 minuuttia\" \/>\n<script type=\"application\/ld+json\" class=\"yoast-schema-graph\">{\"@context\":\"https:\\\/\\\/schema.org\",\"@graph\":[{\"@type\":\"WebPage\",\"@id\":\"https:\\\/\\\/scientiarum.fi\\\/riktlinjer-for-finska-vetenskaps-societetens-stipendier-pdf\\\/\",\"url\":\"https:\\\/\\\/scientiarum.fi\\\/riktlinjer-for-finska-vetenskaps-societetens-stipendier-pdf\\\/\",\"name\":\"Riktlinjer f\u00f6r Finska Vetenskaps-Societetens stipendier (pdf) - Suomen Tiedeseura\",\"isPartOf\":{\"@id\":\"https:\\\/\\\/scientiarum.fi\\\/#website\"},\"datePublished\":\"2023-07-05T09:39:38+00:00\",\"dateModified\":\"2024-08-01T11:27:00+00:00\",\"breadcrumb\":{\"@id\":\"https:\\\/\\\/scientiarum.fi\\\/riktlinjer-for-finska-vetenskaps-societetens-stipendier-pdf\\\/#breadcrumb\"},\"inLanguage\":\"fi\",\"potentialAction\":[{\"@type\":\"ReadAction\",\"target\":[\"https:\\\/\\\/scientiarum.fi\\\/riktlinjer-for-finska-vetenskaps-societetens-stipendier-pdf\\\/\"]}]},{\"@type\":\"BreadcrumbList\",\"@id\":\"https:\\\/\\\/scientiarum.fi\\\/riktlinjer-for-finska-vetenskaps-societetens-stipendier-pdf\\\/#breadcrumb\",\"itemListElement\":[{\"@type\":\"ListItem\",\"position\":1,\"name\":\"Home\",\"item\":\"https:\\\/\\\/scientiarum.fi\\\/\"},{\"@type\":\"ListItem\",\"position\":2,\"name\":\"Riktlinjer f\u00f6r Finska Vetenskaps-Societetens stipendier (pdf)\"}]},{\"@type\":\"WebSite\",\"@id\":\"https:\\\/\\\/scientiarum.fi\\\/#website\",\"url\":\"https:\\\/\\\/scientiarum.fi\\\/\",\"name\":\"Finska Vetenskaps-Societeten\",\"description\":\"\",\"publisher\":{\"@id\":\"https:\\\/\\\/scientiarum.fi\\\/#organization\"},\"potentialAction\":[{\"@type\":\"SearchAction\",\"target\":{\"@type\":\"EntryPoint\",\"urlTemplate\":\"https:\\\/\\\/scientiarum.fi\\\/?s={search_term_string}\"},\"query-input\":{\"@type\":\"PropertyValueSpecification\",\"valueRequired\":true,\"valueName\":\"search_term_string\"}}],\"inLanguage\":\"fi\"},{\"@type\":\"Organization\",\"@id\":\"https:\\\/\\\/scientiarum.fi\\\/#organization\",\"name\":\"Finska Vetenskaps-Societeten\",\"url\":\"https:\\\/\\\/scientiarum.fi\\\/\",\"logo\":{\"@type\":\"ImageObject\",\"inLanguage\":\"fi\",\"@id\":\"https:\\\/\\\/scientiarum.fi\\\/#\\\/schema\\\/logo\\\/image\\\/\",\"url\":\"\",\"contentUrl\":\"\",\"caption\":\"Finska Vetenskaps-Societeten\"},\"image\":{\"@id\":\"https:\\\/\\\/scientiarum.fi\\\/#\\\/schema\\\/logo\\\/image\\\/\"},\"sameAs\":[\"https:\\\/\\\/www.facebook.com\\\/societas.scientiarum\",\"https:\\\/\\\/x.com\\\/tiedeseura\",\"https:\\\/\\\/www.linkedin.com\\\/company\\\/finska-vetenskaps-societeten-the-finnish-society-of-sciences-and-letters\\\/\"]}]}<\/script>\n<!-- \/ Yoast SEO plugin. -->","yoast_head_json":{"title":"Riktlinjer f\u00f6r Finska Vetenskaps-Societetens stipendier (pdf) - Suomen Tiedeseura","robots":{"index":"index","follow":"follow","max-snippet":"max-snippet:-1","max-image-preview":"max-image-preview:large","max-video-preview":"max-video-preview:-1"},"canonical":"https:\/\/scientiarum.fi\/riktlinjer-for-finska-vetenskaps-societetens-stipendier-pdf\/","og_locale":"fi_FI","og_type":"article","og_title":"Riktlinjer f\u00f6r Finska Vetenskaps-Societetens stipendier (pdf) - Suomen Tiedeseura","og_description":"Riktlinjer f\u00f6r Finska Vetenskaps-Societetens stipendier Godk\u00e4nda p\u00e5 Societetens m\u00f6te den 21 december 2020 Finska Vetenskaps-Societeten ledigansl\u00e5r \u00e5rligen i b\u00f6rjan av januari stipendier att s\u00f6kas f\u00f6r forskning och forskningsrelaterade \u00e4ndam\u00e5l. Stipendieans\u00f6kan inl\u00e4mnas elektroniskt via Vetenskaps-Societetens hemsida i enlighet med d\u00e4r givna anvisningar och ans\u00f6kningstiden utg\u00e5r den 31 januari. Stipendier kan beviljas till: 1) Doktorander f\u00f6r slutf\u00f6rande [&hellip;]","og_url":"https:\/\/scientiarum.fi\/riktlinjer-for-finska-vetenskaps-societetens-stipendier-pdf\/","og_site_name":"Suomen Tiedeseura","article_publisher":"https:\/\/www.facebook.com\/societas.scientiarum","article_modified_time":"2024-08-01T11:27:00+00:00","twitter_card":"summary_large_image","twitter_site":"@tiedeseura","twitter_misc":{"Arvioitu lukuaika":"3 minuuttia"},"schema":{"@context":"https:\/\/schema.org","@graph":[{"@type":"WebPage","@id":"https:\/\/scientiarum.fi\/riktlinjer-for-finska-vetenskaps-societetens-stipendier-pdf\/","url":"https:\/\/scientiarum.fi\/riktlinjer-for-finska-vetenskaps-societetens-stipendier-pdf\/","name":"Riktlinjer f\u00f6r Finska Vetenskaps-Societetens stipendier (pdf) - Suomen Tiedeseura","isPartOf":{"@id":"https:\/\/scientiarum.fi\/#website"},"datePublished":"2023-07-05T09:39:38+00:00","dateModified":"2024-08-01T11:27:00+00:00","breadcrumb":{"@id":"https:\/\/scientiarum.fi\/riktlinjer-for-finska-vetenskaps-societetens-stipendier-pdf\/#breadcrumb"},"inLanguage":"fi","potentialAction":[{"@type":"ReadAction","target":["https:\/\/scientiarum.fi\/riktlinjer-for-finska-vetenskaps-societetens-stipendier-pdf\/"]}]},{"@type":"BreadcrumbList","@id":"https:\/\/scientiarum.fi\/riktlinjer-for-finska-vetenskaps-societetens-stipendier-pdf\/#breadcrumb","itemListElement":[{"@type":"ListItem","position":1,"name":"Home","item":"https:\/\/scientiarum.fi\/"},{"@type":"ListItem","position":2,"name":"Riktlinjer f\u00f6r Finska Vetenskaps-Societetens stipendier (pdf)"}]},{"@type":"WebSite","@id":"https:\/\/scientiarum.fi\/#website","url":"https:\/\/scientiarum.fi\/","name":"Finska Vetenskaps-Societeten","description":"","publisher":{"@id":"https:\/\/scientiarum.fi\/#organization"},"potentialAction":[{"@type":"SearchAction","target":{"@type":"EntryPoint","urlTemplate":"https:\/\/scientiarum.fi\/?s={search_term_string}"},"query-input":{"@type":"PropertyValueSpecification","valueRequired":true,"valueName":"search_term_string"}}],"inLanguage":"fi"},{"@type":"Organization","@id":"https:\/\/scientiarum.fi\/#organization","name":"Finska Vetenskaps-Societeten","url":"https:\/\/scientiarum.fi\/","logo":{"@type":"ImageObject","inLanguage":"fi","@id":"https:\/\/scientiarum.fi\/#\/schema\/logo\/image\/","url":"","contentUrl":"","caption":"Finska Vetenskaps-Societeten"},"image":{"@id":"https:\/\/scientiarum.fi\/#\/schema\/logo\/image\/"},"sameAs":["https:\/\/www.facebook.com\/societas.scientiarum","https:\/\/x.com\/tiedeseura","https:\/\/www.linkedin.com\/company\/finska-vetenskaps-societeten-the-finnish-society-of-sciences-and-letters\/"]}]}},"_links":{"self":[{"href":"https:\/\/scientiarum.fi\/fi\/wp-json\/wp\/v2\/pages\/1716","targetHints":{"allow":["GET"]}}],"collection":[{"href":"https:\/\/scientiarum.fi\/fi\/wp-json\/wp\/v2\/pages"}],"about":[{"href":"https:\/\/scientiarum.fi\/fi\/wp-json\/wp\/v2\/types\/page"}],"author":[{"embeddable":true,"href":"https:\/\/scientiarum.fi\/fi\/wp-json\/wp\/v2\/users\/2"}],"replies":[{"embeddable":true,"href":"https:\/\/scientiarum.fi\/fi\/wp-json\/wp\/v2\/comments?post=1716"}],"version-history":[{"count":6,"href":"https:\/\/scientiarum.fi\/fi\/wp-json\/wp\/v2\/pages\/1716\/revisions"}],"predecessor-version":[{"id":5436,"href":"https:\/\/scientiarum.fi\/fi\/wp-json\/wp\/v2\/pages\/1716\/revisions\/5436"}],"wp:attachment":[{"href":"https:\/\/scientiarum.fi\/fi\/wp-json\/wp\/v2\/media?parent=1716"}],"curies":[{"name":"wp","href":"https:\/\/api.w.org\/{rel}","templated":true}]}}