{"id":1374,"date":"2023-05-15T14:26:24","date_gmt":"2023-05-15T11:26:24","guid":{"rendered":"https:\/\/scientiarum.fi\/bidrag\/"},"modified":"2026-01-22T12:10:43","modified_gmt":"2026-01-22T09:10:43","slug":"bidrag","status":"publish","type":"page","link":"https:\/\/scientiarum.fi\/fi\/bidrag\/","title":{"rendered":"Bidrag till k\u00e4nnedom av Finlands natur och folk"},"content":{"rendered":"<p>[et_pb_section fb_built=&#8221;1&#8243; _builder_version=&#8221;4.21.0&#8243; _module_preset=&#8221;default&#8221; global_colors_info=&#8221;{}&#8221;][et_pb_row _builder_version=&#8221;4.21.0&#8243; _module_preset=&#8221;default&#8221; custom_margin=&#8221;0px||0px||false|false&#8221; custom_padding=&#8221;0px||0px||false|false&#8221; global_colors_info=&#8221;{}&#8221;][et_pb_column type=&#8221;4_4&#8243; _builder_version=&#8221;4.21.0&#8243; _module_preset=&#8221;default&#8221; global_colors_info=&#8221;{}&#8221;][et_pb_image src=&#8221;https:\/\/scientiarum.fi\/wp-content\/uploads\/2023\/06\/publikationer-ban.jpg&#8221; title_text=&#8221;publikationer-ban&#8221; _builder_version=&#8221;4.21.0&#8243; _module_preset=&#8221;default&#8221; global_colors_info=&#8221;{}&#8221;][\/et_pb_image][\/et_pb_column][\/et_pb_row][et_pb_row column_structure=&#8221;1_5,3_5,1_5&#8243; _builder_version=&#8221;4.21.0&#8243; _module_preset=&#8221;default&#8221; custom_margin=&#8221;50px||0px||false|false&#8221; custom_padding=&#8221;0px||0px||false|false&#8221; global_colors_info=&#8221;{}&#8221;][et_pb_column type=&#8221;1_5&#8243; _builder_version=&#8221;4.21.0&#8243; _module_preset=&#8221;default&#8221; global_colors_info=&#8221;{}&#8221;][\/et_pb_column][et_pb_column type=&#8221;3_5&#8243; _builder_version=&#8221;4.21.0&#8243; _module_preset=&#8221;default&#8221; global_colors_info=&#8221;{}&#8221;][et_pb_text module_class=&#8221;defwp&#8221; _builder_version=&#8221;4.27.4&#8243; _module_preset=&#8221;1b686adf-681b-484a-9fee-595f92a65ad5&#8243; hover_enabled=&#8221;0&#8243; global_colors_info=&#8221;{}&#8221; sticky_enabled=&#8221;0&#8243;]<\/p>\n<h1>Bidrag till k\u00e4nnedom av Finlands natur och folk<\/h1>\n<p><\/p>\n<p>Toimittaja Stig-Olof Londen, <a href=\"mailto:ext-stig-olof.londen@aalto.fi\">ext-stig-olof.londen@aalto.fi<\/a><\/p>\n<p><\/p>\n<p>(pdf) <a href=\"https:\/\/scientiarum.fi\/wp-content\/uploads\/2026\/01\/Bidrag-till-kannedom-om-Finlands-natur-och-Folk-21.1.2026-1.pdf\">Julkaisuluettelo<\/a><\/p>\n<p><\/p>\n<p>(pdf) <a href=\"https:\/\/edition.fi\/societasscientiarum\/catalog\/view\/1158\/1589\/5788\">Bidrag till k\u00e4nnedom av Finlands natur och folk 227 | Ren\u00e9 Gothoni | Mitt forskarliv. 2025. 401 s.<\/a><\/p>\n<p><\/p>\n<p>(pdf) <a href=\"https:\/\/edition.fi\/societasscientiarum\/catalog\/view\/990\/1044\/3904-1\">Bidrag till k\u00e4nnedom av Finlands natur och folk 226 | Hannu Riikonen | Kiistelty klassikko. V. A. Koskenniemen tuotannon ja toiminnan uudelleenarviointi . 2024. 362 s. <\/a><\/p>\n<p><\/p>\n<p>(pdf) <a href=\"https:\/\/edition.fi\/societasscientiarum\/catalog\/view\/943\/968\/3495-1\">Bidrag till k\u00e4nnedom av Finlands natur och folk 225 | Lars Westerlund | Vem var spritsmugglarna? D\u00e5 sm\u00e5folket blev f\u00f6retagare. 2024. 243 s.<\/a><\/p>\n<p><\/p>\n<p>(pdf) <a href=\"https:\/\/edition.fi\/societasscientiarum\/catalog\/view\/939\/950\/3477-1\">Bidrag till k\u00e4nnedom av Finlands natur och folk 224, toinen korjattu painos | Netta B\u00f6\u00f6k | Talot pysyv\u00e4t, ihmiset vaihtuvat. Sosialistisen yhteiskunnan rakentaminen entisess\u00e4 suomalaisessa Kurkijoen kirkonkyl\u00e4ss\u00e4 Neuvostoliitossa. 2024. 446 s.<\/a><\/p>\n<p><\/p>\n<p>(pdf)<a href=\"https:\/\/edition.fi\/societasscientiarum\/catalog\/view\/767\/789\/3291-3\"> Bidrag till k\u00e4nnedom av Finlands natur och folk 224 | Netta B\u00f6\u00f6k | Talot pysyv\u00e4t, ihmiset vaihtuvat. Sosialistisen yhteiskunnan rakentaminen entisess\u00e4 suomalaisessa Kurkijoen kirkonkyl\u00e4ss\u00e4 Neuvostoliitossa. 2023. 446 s.<\/a><\/p>\n<p><\/p>\n<p>(pdf) <a href=\"https:\/\/edition.fi\/societasscientiarum\/catalog\/view\/755\/786\/3263-1\">Bidrag till k\u00e4nnedom av Finlands natur och folk 223 | Petra Hakala | Att minnas eller gl\u00f6mma: Tillkomsten av Svenska litteraturs\u00e4llskapets arkiv och dess roll i skapandet av identitet 1885\u22121920. 2023. 292 s.<\/a><\/p>\n<p><\/p>\n<p>(pdf) <a href=\"https:\/\/edition.fi\/societasscientiarum\/catalog\/view\/571\/561\/2751-1\">Bidrag till k\u00e4nnedom av Finlands natur och folk 222 | Timo Sironen, Erkki Sironen, Teivas Oksala, H. K. Riikonen | Olof Hermelin. Hecatompol is Svionum. Ruotsalaisten sata kaupunkia: Suomen, Karjalan ja Inkerinmaan kaupungit sek\u00e4 muita runoja It\u00e4meren piirist\u00e4. 2023. 268 s.<\/a><\/p>\n<p><\/p>\n<p>(pdf) <a href=\"https:\/\/edition.fi\/societasscientiarum\/catalog\/view\/236\/179\/958-1\" target=\"_blank\" rel=\"noopener\">Bidrag till k\u00e4nnedom av Finlands natur och folk 221 | Heikki Nevanlinna | Neovius-Nevanlinna \u2013 er\u00e4\u00e4n suvun kronikka. 2022. 201 s.<\/a><\/p>\n<p><\/p>\n<p>(pdf) <a href=\"https:\/\/edition.fi\/societasscientiarum\/catalog\/view\/179\/136\/956-1\" target=\"_blank\" rel=\"noopener\">Bidrag till k\u00e4nnedom av Finlands natur och folk 220 | Jani Marjanen | Ekonomisk patriotism och civilsamh\u00e4lle. Finska hush\u00e5llningss\u00e4llskapets politiska spr\u00e5kbruk i europeisk kontext 1720\u20131840. 2022. 331 s.<\/a><\/p>\n<p><\/p>\n<p>(pdf) <a href=\"https:\/\/edition.fi\/societasscientiarum\/catalog\/view\/173\/131\/738-1\" target=\"_blank\" rel=\"noopener\">Bidrag till k\u00e4nnedom av Finlands natur och folk 219 | Markus Ahlskog | Katsaus Suomen varhaiseen atomihistoriaan. 2022. 266 s.<\/a><\/p>\n<p><\/p>\n<p><a href=\"https:\/\/www.youtube.com\/watch?v=XFxMZE6r6YU\" target=\"_blank\" rel=\"noopener\">Professor Markus Ahlskog intervjuas av professor Stig-Olof Londen ang\u00e5ende boken \u201dKatsaus Suomen varhaiseen atomihistoriaan\u201d<\/a><\/p>\n<p><\/p>\n<p>(pdf) <a href=\"https:\/\/edition.fi\/societasscientiarum\/catalog\/view\/119\/65\/245-1\" target=\"_blank\" rel=\"noopener\">Bidrag till k\u00e4nnedom av Finlands natur och folk 218 | H.K. Riikonen | Suomesta ja maailmalta. Yrj\u00f6 Niiniluoto ja h\u00e4nen kirjallinen tuotantonsa. 2021. 329 s.<\/a><\/p>\n<p><\/p>\n<p><a href=\"https:\/\/www.youtube.com\/watch?v=2oZI3QV6v5w&amp;t=3s\" target=\"_blank\" rel=\"noopener\">Professor Hannu K. Riikonen intervjuas av professor Stig-Olof Londen ang\u00e5ende boken \u201dSuomesta ja maailmalta. Yrj\u00f6 Niiniluoto ja h\u00e4nen kirjallinen tuotantonsa\u201d<\/a><\/p>\n<p><\/p>\n<p>(pdf) <a href=\"https:\/\/edition.fi\/societasscientiarum\/catalog\/view\/83\/31\/246-1\" target=\"_blank\" rel=\"noopener\">Bidrag till k\u00e4nnedom av Finlands natur och folk 217| Topi Artukka | Tanssiva kaupunki. Turun seurapiiri sosiaalisena n\u00e4ytt\u00e4m\u00f6n\u00e4 1810-luvulla. 2021. 344 s.<\/a><\/p>\n<p><\/p>\n<p><a href=\"https:\/\/scientiarum.fi\/wp-content\/uploads\/2023\/06\/Tanssiva-kaupunki.mp3\">Sk\u00e5despelaren Sanna Majuri l\u00e4ser ett stycke ur boken \u201dTanssiva kaupunki. Turun seurapiiri sosiaalisena n\u00e4ytt\u00e4m\u00f6n\u00e4 1810-luvulla\u201d<\/a><\/p>\n<p><\/p>\n<p>(pdf) <a href=\"https:\/\/edition.fi\/societasscientiarum\/catalog\/view\/117\/63\/247-1\" target=\"_blank\" rel=\"noopener\">Bidrag till k\u00e4nnedom av Finlands natur och folk 215 | Heikki Nevanlinna | Ilmatieteiden vaiheita ja vaikuttajia Suomessa. 2021.341 s.<\/a><\/p>\n<p><\/p>\n<p>(pdf) <a href=\"https:\/\/edition.fi\/societasscientiarum\/catalog\/view\/118\/64\/249-1\" target=\"_blank\" rel=\"noopener\">Bidrag till k\u00e4nnedom av Finlands natur och folk 214 | Ville Kajanne | Suomen puolesta, Euroopan edest\u00e4, Ven\u00e4j\u00e4\u00e4 vastaan? Kansainv\u00e4linen vuorovaikutus ja yhteisty\u00f6 vuoden 1899 kulttuuriadressissa. 2020.348 s.<\/a><\/p>\n<p><\/p>\n<p>(pdf) <a href=\"https:\/\/edition.fi\/societasscientiarum\/catalog\/view\/120\/66\/250\">Bidrag till k\u00e4nnedom av Finlands natur och folk 213 | Jens Grandell | Fr\u00e5n ett \u00e5rtionde i Finland. August Schauman, republikanism och liberalism 1855-1865. 2020. 267 s.<\/a><\/p>\n<p><\/p>\n<p>(pdf) <a href=\"https:\/\/edition.fi\/societasscientiarum\/catalog\/view\/122\/67\/248-1\" target=\"_blank\" rel=\"noopener\">Bidrag till k\u00e4nnedom av Finlands natur och folk 212 | Mardy Lindqvist | Uusi maksa, uusi el\u00e4m\u00e4. Kirurgi Krister H\u00f6ckerstedt keskustelee el\u00e4m\u00e4nvalinnoistaan Mardy Lindqvistin kanssa. 2020. 341 s.<\/a><\/p>\n<p><\/p>\n<p>(pdf) <a href=\"https:\/\/edition.fi\/societasscientiarum\/catalog\/view\/123\/69\/251-1\" target=\"_blank\" rel=\"noopener\">Bidrag till k\u00e4nnedom av Finlands natur och folk 211 | Peter Holmberg &amp; Johan St\u00e9n | Att observera, m\u00e4ta och r\u00e4kna. Blickar p\u00e5 den matematisk-naturvetenskapliga forskningens historia i Finland. 2020. 541 s.<\/a><\/p>\n<p><\/p>\n<p>(pdf) <a href=\"https:\/\/edition.fi\/societasscientiarum\/catalog\/view\/125\/70\/244-1\" target=\"_blank\" rel=\"noopener\">Bidrag till k\u00e4nnedom av Finlands natur och folk 210 | Sophie Holm | Diplomatins ideal och praktik. Utl\u00e4ndska s\u00e4ndebud i Stockholm 1746\u20131748. 2020. 225 s.<\/a><\/p>\n<p><\/p>\n<p>(pdf) <a href=\"https:\/\/edition.fi\/societasscientiarum\/catalog\/view\/138\/80\/290-2\" target=\"_blank\" rel=\"noopener\">Bidrag till k\u00e4nnedom av Finlands natur och folk 209 | Franciska Sundholm | Wilhelm Ramsay. Livsl\u00e5ng vandring i Fennoskandia. 2020. 163 s.<\/a><\/p>\n<p><\/p>\n<p>(pdf) <a href=\"http:\/\/urn.fi\/URN:ISBN:978-951-39-9962-9\">Bidrag till k\u00e4nnedom av Finlands natur och folk 154 | Juha-Antti Lamberg | Taloudelliset eturyhm\u00e4t neuvotteluprosesseissa. Suomen kauppasopimuspolitiikka 1920-1930-luvulla. 1999. 241 s.<\/a><\/p>\n<p>[\/et_pb_text][\/et_pb_column][et_pb_column type=&#8221;1_5&#8243; _builder_version=&#8221;4.21.0&#8243; _module_preset=&#8221;default&#8221; global_colors_info=&#8221;{}&#8221;][\/et_pb_column][\/et_pb_row][\/et_pb_section]<\/p>\n","protected":false},"excerpt":{"rendered":"<p>Bidrag till k\u00e4nnedom av Finlands natur och folkToimittaja Stig-Olof Londen, ext-stig-olof.londen@aalto.fi(pdf) Julkaisuluettelo(pdf) Bidrag till k\u00e4nnedom av Finlands natur och folk 227 | Ren\u00e9 Gothoni | Mitt forskarliv. 2025. 401 s.(pdf) Bidrag till k\u00e4nnedom av Finlands natur och folk 226 | Hannu Riikonen | Kiistelty klassikko. V. A. Koskenniemen tuotannon ja toiminnan uudelleenarviointi . 2024. 362 [&hellip;]<\/p>\n","protected":false},"author":2,"featured_media":0,"parent":0,"menu_order":0,"comment_status":"closed","ping_status":"closed","template":"","meta":{"_acf_changed":false,"_et_pb_use_builder":"on","_et_pb_old_content":"","_et_gb_content_width":"","footnotes":""},"class_list":["post-1374","page","type-page","status-publish","hentry"],"acf":[],"yoast_head":"<!-- This site is optimized with the Yoast SEO plugin v27.3 - https:\/\/yoast.com\/product\/yoast-seo-wordpress\/ -->\n<title>Bidrag till k\u00e4nnedom av Finlands natur och folk - Suomen Tiedeseura<\/title>\n<meta name=\"robots\" content=\"index, follow, max-snippet:-1, max-image-preview:large, max-video-preview:-1\" \/>\n<link rel=\"canonical\" href=\"https:\/\/scientiarum.fi\/publikationer\/bidrag\/\" \/>\n<meta property=\"og:locale\" content=\"fi_FI\" \/>\n<meta property=\"og:type\" content=\"article\" \/>\n<meta property=\"og:title\" content=\"Bidrag till k\u00e4nnedom av Finlands natur och folk - Suomen Tiedeseura\" \/>\n<meta property=\"og:description\" content=\"Bidrag till k\u00e4nnedom av Finlands natur och folkToimittaja Stig-Olof Londen, ext-stig-olof.londen@aalto.fi(pdf) Julkaisuluettelo(pdf) Bidrag till k\u00e4nnedom av Finlands natur och folk 227 | Ren\u00e9 Gothoni | Mitt forskarliv. 2025. 401 s.(pdf) Bidrag till k\u00e4nnedom av Finlands natur och folk 226 | Hannu Riikonen | Kiistelty klassikko. V. A. Koskenniemen tuotannon ja toiminnan uudelleenarviointi . 2024. 362 [&hellip;]\" \/>\n<meta property=\"og:url\" content=\"https:\/\/scientiarum.fi\/publikationer\/bidrag\/\" \/>\n<meta property=\"og:site_name\" content=\"Suomen Tiedeseura\" \/>\n<meta property=\"article:publisher\" content=\"https:\/\/www.facebook.com\/societas.scientiarum\" \/>\n<meta property=\"article:modified_time\" content=\"2026-01-22T09:10:43+00:00\" \/>\n<meta name=\"twitter:card\" content=\"summary_large_image\" \/>\n<meta name=\"twitter:site\" content=\"@tiedeseura\" \/>\n<meta name=\"twitter:label1\" content=\"Arvioitu lukuaika\" \/>\n\t<meta name=\"twitter:data1\" content=\"4 minuuttia\" \/>\n<script type=\"application\/ld+json\" class=\"yoast-schema-graph\">{\"@context\":\"https:\\\/\\\/schema.org\",\"@graph\":[{\"@type\":\"WebPage\",\"@id\":\"https:\\\/\\\/scientiarum.fi\\\/publikationer\\\/bidrag\\\/\",\"url\":\"https:\\\/\\\/scientiarum.fi\\\/publikationer\\\/bidrag\\\/\",\"name\":\"Bidrag till k\u00e4nnedom av Finlands natur och folk - Suomen Tiedeseura\",\"isPartOf\":{\"@id\":\"https:\\\/\\\/scientiarum.fi\\\/#website\"},\"datePublished\":\"2023-05-15T11:26:24+00:00\",\"dateModified\":\"2026-01-22T09:10:43+00:00\",\"breadcrumb\":{\"@id\":\"https:\\\/\\\/scientiarum.fi\\\/publikationer\\\/bidrag\\\/#breadcrumb\"},\"inLanguage\":\"fi\",\"potentialAction\":[{\"@type\":\"ReadAction\",\"target\":[\"https:\\\/\\\/scientiarum.fi\\\/publikationer\\\/bidrag\\\/\"]}]},{\"@type\":\"BreadcrumbList\",\"@id\":\"https:\\\/\\\/scientiarum.fi\\\/publikationer\\\/bidrag\\\/#breadcrumb\",\"itemListElement\":[{\"@type\":\"ListItem\",\"position\":1,\"name\":\"Home\",\"item\":\"https:\\\/\\\/scientiarum.fi\\\/\"},{\"@type\":\"ListItem\",\"position\":2,\"name\":\"Bidrag till k\u00e4nnedom av Finlands natur och folk\"}]},{\"@type\":\"WebSite\",\"@id\":\"https:\\\/\\\/scientiarum.fi\\\/#website\",\"url\":\"https:\\\/\\\/scientiarum.fi\\\/\",\"name\":\"Finska Vetenskaps-Societeten\",\"description\":\"\",\"publisher\":{\"@id\":\"https:\\\/\\\/scientiarum.fi\\\/#organization\"},\"potentialAction\":[{\"@type\":\"SearchAction\",\"target\":{\"@type\":\"EntryPoint\",\"urlTemplate\":\"https:\\\/\\\/scientiarum.fi\\\/?s={search_term_string}\"},\"query-input\":{\"@type\":\"PropertyValueSpecification\",\"valueRequired\":true,\"valueName\":\"search_term_string\"}}],\"inLanguage\":\"fi\"},{\"@type\":\"Organization\",\"@id\":\"https:\\\/\\\/scientiarum.fi\\\/#organization\",\"name\":\"Finska Vetenskaps-Societeten\",\"url\":\"https:\\\/\\\/scientiarum.fi\\\/\",\"logo\":{\"@type\":\"ImageObject\",\"inLanguage\":\"fi\",\"@id\":\"https:\\\/\\\/scientiarum.fi\\\/#\\\/schema\\\/logo\\\/image\\\/\",\"url\":\"\",\"contentUrl\":\"\",\"caption\":\"Finska Vetenskaps-Societeten\"},\"image\":{\"@id\":\"https:\\\/\\\/scientiarum.fi\\\/#\\\/schema\\\/logo\\\/image\\\/\"},\"sameAs\":[\"https:\\\/\\\/www.facebook.com\\\/societas.scientiarum\",\"https:\\\/\\\/x.com\\\/tiedeseura\",\"https:\\\/\\\/www.linkedin.com\\\/company\\\/finska-vetenskaps-societeten-the-finnish-society-of-sciences-and-letters\\\/\"]}]}<\/script>\n<!-- \/ Yoast SEO plugin. -->","yoast_head_json":{"title":"Bidrag till k\u00e4nnedom av Finlands natur och folk - Suomen Tiedeseura","robots":{"index":"index","follow":"follow","max-snippet":"max-snippet:-1","max-image-preview":"max-image-preview:large","max-video-preview":"max-video-preview:-1"},"canonical":"https:\/\/scientiarum.fi\/publikationer\/bidrag\/","og_locale":"fi_FI","og_type":"article","og_title":"Bidrag till k\u00e4nnedom av Finlands natur och folk - Suomen Tiedeseura","og_description":"Bidrag till k\u00e4nnedom av Finlands natur och folkToimittaja Stig-Olof Londen, ext-stig-olof.londen@aalto.fi(pdf) Julkaisuluettelo(pdf) Bidrag till k\u00e4nnedom av Finlands natur och folk 227 | Ren\u00e9 Gothoni | Mitt forskarliv. 2025. 401 s.(pdf) Bidrag till k\u00e4nnedom av Finlands natur och folk 226 | Hannu Riikonen | Kiistelty klassikko. V. A. Koskenniemen tuotannon ja toiminnan uudelleenarviointi . 2024. 362 [&hellip;]","og_url":"https:\/\/scientiarum.fi\/publikationer\/bidrag\/","og_site_name":"Suomen Tiedeseura","article_publisher":"https:\/\/www.facebook.com\/societas.scientiarum","article_modified_time":"2026-01-22T09:10:43+00:00","twitter_card":"summary_large_image","twitter_site":"@tiedeseura","twitter_misc":{"Arvioitu lukuaika":"4 minuuttia"},"schema":{"@context":"https:\/\/schema.org","@graph":[{"@type":"WebPage","@id":"https:\/\/scientiarum.fi\/publikationer\/bidrag\/","url":"https:\/\/scientiarum.fi\/publikationer\/bidrag\/","name":"Bidrag till k\u00e4nnedom av Finlands natur och folk - Suomen Tiedeseura","isPartOf":{"@id":"https:\/\/scientiarum.fi\/#website"},"datePublished":"2023-05-15T11:26:24+00:00","dateModified":"2026-01-22T09:10:43+00:00","breadcrumb":{"@id":"https:\/\/scientiarum.fi\/publikationer\/bidrag\/#breadcrumb"},"inLanguage":"fi","potentialAction":[{"@type":"ReadAction","target":["https:\/\/scientiarum.fi\/publikationer\/bidrag\/"]}]},{"@type":"BreadcrumbList","@id":"https:\/\/scientiarum.fi\/publikationer\/bidrag\/#breadcrumb","itemListElement":[{"@type":"ListItem","position":1,"name":"Home","item":"https:\/\/scientiarum.fi\/"},{"@type":"ListItem","position":2,"name":"Bidrag till k\u00e4nnedom av Finlands natur och folk"}]},{"@type":"WebSite","@id":"https:\/\/scientiarum.fi\/#website","url":"https:\/\/scientiarum.fi\/","name":"Finska Vetenskaps-Societeten","description":"","publisher":{"@id":"https:\/\/scientiarum.fi\/#organization"},"potentialAction":[{"@type":"SearchAction","target":{"@type":"EntryPoint","urlTemplate":"https:\/\/scientiarum.fi\/?s={search_term_string}"},"query-input":{"@type":"PropertyValueSpecification","valueRequired":true,"valueName":"search_term_string"}}],"inLanguage":"fi"},{"@type":"Organization","@id":"https:\/\/scientiarum.fi\/#organization","name":"Finska Vetenskaps-Societeten","url":"https:\/\/scientiarum.fi\/","logo":{"@type":"ImageObject","inLanguage":"fi","@id":"https:\/\/scientiarum.fi\/#\/schema\/logo\/image\/","url":"","contentUrl":"","caption":"Finska Vetenskaps-Societeten"},"image":{"@id":"https:\/\/scientiarum.fi\/#\/schema\/logo\/image\/"},"sameAs":["https:\/\/www.facebook.com\/societas.scientiarum","https:\/\/x.com\/tiedeseura","https:\/\/www.linkedin.com\/company\/finska-vetenskaps-societeten-the-finnish-society-of-sciences-and-letters\/"]}]}},"_links":{"self":[{"href":"https:\/\/scientiarum.fi\/fi\/wp-json\/wp\/v2\/pages\/1374","targetHints":{"allow":["GET"]}}],"collection":[{"href":"https:\/\/scientiarum.fi\/fi\/wp-json\/wp\/v2\/pages"}],"about":[{"href":"https:\/\/scientiarum.fi\/fi\/wp-json\/wp\/v2\/types\/page"}],"author":[{"embeddable":true,"href":"https:\/\/scientiarum.fi\/fi\/wp-json\/wp\/v2\/users\/2"}],"replies":[{"embeddable":true,"href":"https:\/\/scientiarum.fi\/fi\/wp-json\/wp\/v2\/comments?post=1374"}],"version-history":[{"count":19,"href":"https:\/\/scientiarum.fi\/fi\/wp-json\/wp\/v2\/pages\/1374\/revisions"}],"predecessor-version":[{"id":8855,"href":"https:\/\/scientiarum.fi\/fi\/wp-json\/wp\/v2\/pages\/1374\/revisions\/8855"}],"wp:attachment":[{"href":"https:\/\/scientiarum.fi\/fi\/wp-json\/wp\/v2\/media?parent=1374"}],"curies":[{"name":"wp","href":"https:\/\/api.w.org\/{rel}","templated":true}]}}