{"id":1335,"date":"2023-05-15T14:24:11","date_gmt":"2023-05-15T11:24:11","guid":{"rendered":"https:\/\/scientiarum.fi\/biotieteellinen-osasto\/"},"modified":"2025-09-09T11:40:18","modified_gmt":"2025-09-09T08:40:18","slug":"biotieteellinen-osasto","status":"publish","type":"page","link":"https:\/\/scientiarum.fi\/fi\/biotieteellinen-osasto\/","title":{"rendered":"Biotieteellinen osasto"},"content":{"rendered":"<p>[et_pb_section fb_built=&#8221;1&#8243; _builder_version=&#8221;4.21.0&#8243; _module_preset=&#8221;default&#8221; background_color=&#8221;#7E8EA4&#8243; background_image=&#8221;https:\/\/scientiarum.fi\/wp-content\/uploads\/2023\/05\/bio-ban.png&#8221; background_size=&#8221;contain&#8221; min_height=&#8221;300px&#8221; custom_padding=&#8221;26vw||||false|false&#8221; animation_style=&#8221;fade&#8221; global_colors_info=&#8221;{}&#8221;][\/et_pb_section][et_pb_section fb_built=&#8221;1&#8243; _builder_version=&#8221;4.21.0&#8243; _module_preset=&#8221;default&#8221; custom_padding=&#8221;30px||30px||false|false&#8221; global_colors_info=&#8221;{}&#8221;][et_pb_row _builder_version=&#8221;4.21.0&#8243; _module_preset=&#8221;default&#8221; global_colors_info=&#8221;{}&#8221;][et_pb_column type=&#8221;4_4&#8243; _builder_version=&#8221;4.21.0&#8243; _module_preset=&#8221;default&#8221; global_colors_info=&#8221;{}&#8221;][et_pb_text module_class=&#8221;defwp&#8221; _builder_version=&#8221;4.27.0&#8243; _module_preset=&#8221;4e383309-b084-4f1a-86bb-b39ea5e11bb7&#8243; text_font=&#8221;||||||||&#8221; text_font_size=&#8221;26px&#8221; text_line_height=&#8221;1.3em&#8221; global_colors_info=&#8221;{}&#8221;]<\/p>\n<h1 style=\"text-align: center;\">Biotieteellinen osasto<\/h1>\n<p>[\/et_pb_text][\/et_pb_column][\/et_pb_row][et_pb_row column_structure=&#8221;1_5,3_5,1_5&#8243; _builder_version=&#8221;4.21.0&#8243; _module_preset=&#8221;default&#8221; custom_padding=&#8221;0px||||false|false&#8221; global_colors_info=&#8221;{}&#8221;][et_pb_column type=&#8221;1_5&#8243; _builder_version=&#8221;4.21.0&#8243; _module_preset=&#8221;default&#8221; global_colors_info=&#8221;{}&#8221;][\/et_pb_column][et_pb_column type=&#8221;3_5&#8243; _builder_version=&#8221;4.21.0&#8243; _module_preset=&#8221;default&#8221; global_colors_info=&#8221;{}&#8221;][et_pb_text module_class=&#8221;defwp&#8221; _builder_version=&#8221;4.21.0&#8243; _module_preset=&#8221;4e383309-b084-4f1a-86bb-b39ea5e11bb7&#8243; global_colors_info=&#8221;{}&#8221;]<\/p>\n<p style=\"text-align: left;\"><strong>Puheenjohtaja:<\/strong> Dan Lindholm<br \/><strong>Varapuheenjohtaja:<\/strong> Ulrika Candolin<\/p>\n<p>Biotieteellinen osasto kattaa laajan spektrin oppiaineita ekologiasta, paleontologiasta ja mikrobiologiasta aina biol\u00e4\u00e4ketieteeseen ja kliinisiin tieteenaloihin.<\/p>\n<p>Osastosta valitaan vuosittain apurahatoimikunta Tiedeseuran apurahojen jakamiseksi, palkintojen nime\u00e4mistoimikunta valmistelemaan ehdotuksia kansainv\u00e4lisiksi palkinnoiksi, sek\u00e4 j\u00e4seni\u00e4 Tiedeseuran muihin palkintolautakuntiin.<\/p>\n<p>Syyskuussa osaston t\u00e4rke\u00e4n\u00e4 teht\u00e4v\u00e4n\u00e4 on laatia luettelo ehdotettavista uusista j\u00e4senist\u00e4, jonka j\u00e4lkeen vuosittain valittava valintalautakunta priorisoi ehdotukset. Vuosittain nimet\u00e4\u00e4n kaksi j\u00e4sent\u00e4 Tiedeseuran hallitukseen, kun taas osaston puheenjohtaja ja varapuheenjohtaja valitaan kolmeksi vuodeksi.<\/p>\n<p>N\u00e4iden m\u00e4\u00e4r\u00e4ttyjen teht\u00e4vien lis\u00e4ksi osasto voi j\u00e4rjest\u00e4\u00e4 seminaareja ajankohtaisista asioista.<\/p>\n<p>Aktivoitukaa! Kaikki osaston j\u00e4senet voivat vaikuttaa toimintaamme. L\u00e4hett\u00e4k\u00e4\u00e4 ehdotuksia, ideoita ja kysymyksi\u00e4 puheenjohtajalle, varapuheenjohtajalle tai kansliaan. Erityisen tervetulleita ovat aloitteet seminaareihin tai vastaaviin tapahtumiin.<\/p>\n<p>[\/et_pb_text][et_pb_button button_url=&#8221;https:\/\/scientiarum.fi\/biovetenskapliga-sektionen-pdf\/&#8221; url_new_window=&#8221;on&#8221; button_text=&#8221;Luettelo biotieteellisen osaston varsinaisista j\u00e4senist\u00e4&#8221; button_alignment=&#8221;center&#8221; _builder_version=&#8221;4.21.0&#8243; _module_preset=&#8221;default&#8221; global_colors_info=&#8221;{}&#8221;][\/et_pb_button][\/et_pb_column][et_pb_column type=&#8221;1_5&#8243; _builder_version=&#8221;4.21.0&#8243; _module_preset=&#8221;default&#8221; global_colors_info=&#8221;{}&#8221;][\/et_pb_column][\/et_pb_row][\/et_pb_section]<\/p>\n","protected":false},"excerpt":{"rendered":"<p>Biotieteellinen osastoPuheenjohtaja: Dan LindholmVarapuheenjohtaja: Ulrika Candolin Biotieteellinen osasto kattaa laajan spektrin oppiaineita ekologiasta, paleontologiasta ja mikrobiologiasta aina biol\u00e4\u00e4ketieteeseen ja kliinisiin tieteenaloihin. Osastosta valitaan vuosittain apurahatoimikunta Tiedeseuran apurahojen jakamiseksi, palkintojen nime\u00e4mistoimikunta valmistelemaan ehdotuksia kansainv\u00e4lisiksi palkinnoiksi, sek\u00e4 j\u00e4seni\u00e4 Tiedeseuran muihin palkintolautakuntiin. Syyskuussa osaston t\u00e4rke\u00e4n\u00e4 teht\u00e4v\u00e4n\u00e4 on laatia luettelo ehdotettavista uusista j\u00e4senist\u00e4, jonka j\u00e4lkeen vuosittain valittava valintalautakunta priorisoi [&hellip;]<\/p>\n","protected":false},"author":2,"featured_media":0,"parent":0,"menu_order":0,"comment_status":"closed","ping_status":"closed","template":"","meta":{"_acf_changed":false,"_et_pb_use_builder":"on","_et_pb_old_content":"","_et_gb_content_width":"","footnotes":""},"class_list":["post-1335","page","type-page","status-publish","hentry"],"acf":[],"yoast_head":"<!-- This site is optimized with the Yoast SEO plugin v27.3 - https:\/\/yoast.com\/product\/yoast-seo-wordpress\/ -->\n<title>Biotieteellinen osasto - Suomen Tiedeseura<\/title>\n<meta name=\"robots\" content=\"index, follow, max-snippet:-1, max-image-preview:large, max-video-preview:-1\" \/>\n<link rel=\"canonical\" href=\"https:\/\/scientiarum.fi\/fi\/biotieteellinen-osasto\/\" \/>\n<meta property=\"og:locale\" content=\"fi_FI\" \/>\n<meta property=\"og:type\" content=\"article\" \/>\n<meta property=\"og:title\" content=\"Biotieteellinen osasto - Suomen Tiedeseura\" \/>\n<meta property=\"og:description\" content=\"Biotieteellinen osastoPuheenjohtaja: Dan LindholmVarapuheenjohtaja: Ulrika Candolin Biotieteellinen osasto kattaa laajan spektrin oppiaineita ekologiasta, paleontologiasta ja mikrobiologiasta aina biol\u00e4\u00e4ketieteeseen ja kliinisiin tieteenaloihin. Osastosta valitaan vuosittain apurahatoimikunta Tiedeseuran apurahojen jakamiseksi, palkintojen nime\u00e4mistoimikunta valmistelemaan ehdotuksia kansainv\u00e4lisiksi palkinnoiksi, sek\u00e4 j\u00e4seni\u00e4 Tiedeseuran muihin palkintolautakuntiin. Syyskuussa osaston t\u00e4rke\u00e4n\u00e4 teht\u00e4v\u00e4n\u00e4 on laatia luettelo ehdotettavista uusista j\u00e4senist\u00e4, jonka j\u00e4lkeen vuosittain valittava valintalautakunta priorisoi [&hellip;]\" \/>\n<meta property=\"og:url\" content=\"https:\/\/scientiarum.fi\/fi\/biotieteellinen-osasto\/\" \/>\n<meta property=\"og:site_name\" content=\"Suomen Tiedeseura\" \/>\n<meta property=\"article:publisher\" content=\"https:\/\/www.facebook.com\/societas.scientiarum\" \/>\n<meta property=\"article:modified_time\" content=\"2025-09-09T08:40:18+00:00\" \/>\n<meta name=\"twitter:card\" content=\"summary_large_image\" \/>\n<meta name=\"twitter:site\" content=\"@tiedeseura\" \/>\n<meta name=\"twitter:label1\" content=\"Arvioitu lukuaika\" \/>\n\t<meta name=\"twitter:data1\" content=\"2 minuuttia\" \/>\n<script type=\"application\/ld+json\" class=\"yoast-schema-graph\">{\"@context\":\"https:\\\/\\\/schema.org\",\"@graph\":[{\"@type\":\"WebPage\",\"@id\":\"https:\\\/\\\/scientiarum.fi\\\/fi\\\/biotieteellinen-osasto\\\/\",\"url\":\"https:\\\/\\\/scientiarum.fi\\\/fi\\\/biotieteellinen-osasto\\\/\",\"name\":\"Biotieteellinen osasto - Suomen Tiedeseura\",\"isPartOf\":{\"@id\":\"https:\\\/\\\/scientiarum.fi\\\/#website\"},\"datePublished\":\"2023-05-15T11:24:11+00:00\",\"dateModified\":\"2025-09-09T08:40:18+00:00\",\"breadcrumb\":{\"@id\":\"https:\\\/\\\/scientiarum.fi\\\/fi\\\/biotieteellinen-osasto\\\/#breadcrumb\"},\"inLanguage\":\"fi\",\"potentialAction\":[{\"@type\":\"ReadAction\",\"target\":[\"https:\\\/\\\/scientiarum.fi\\\/fi\\\/biotieteellinen-osasto\\\/\"]}]},{\"@type\":\"BreadcrumbList\",\"@id\":\"https:\\\/\\\/scientiarum.fi\\\/fi\\\/biotieteellinen-osasto\\\/#breadcrumb\",\"itemListElement\":[{\"@type\":\"ListItem\",\"position\":1,\"name\":\"Home\",\"item\":\"https:\\\/\\\/scientiarum.fi\\\/\"},{\"@type\":\"ListItem\",\"position\":2,\"name\":\"Biotieteellinen osasto\"}]},{\"@type\":\"WebSite\",\"@id\":\"https:\\\/\\\/scientiarum.fi\\\/#website\",\"url\":\"https:\\\/\\\/scientiarum.fi\\\/\",\"name\":\"Finska Vetenskaps-Societeten\",\"description\":\"\",\"publisher\":{\"@id\":\"https:\\\/\\\/scientiarum.fi\\\/#organization\"},\"potentialAction\":[{\"@type\":\"SearchAction\",\"target\":{\"@type\":\"EntryPoint\",\"urlTemplate\":\"https:\\\/\\\/scientiarum.fi\\\/?s={search_term_string}\"},\"query-input\":{\"@type\":\"PropertyValueSpecification\",\"valueRequired\":true,\"valueName\":\"search_term_string\"}}],\"inLanguage\":\"fi\"},{\"@type\":\"Organization\",\"@id\":\"https:\\\/\\\/scientiarum.fi\\\/#organization\",\"name\":\"Finska Vetenskaps-Societeten\",\"url\":\"https:\\\/\\\/scientiarum.fi\\\/\",\"logo\":{\"@type\":\"ImageObject\",\"inLanguage\":\"fi\",\"@id\":\"https:\\\/\\\/scientiarum.fi\\\/#\\\/schema\\\/logo\\\/image\\\/\",\"url\":\"\",\"contentUrl\":\"\",\"caption\":\"Finska Vetenskaps-Societeten\"},\"image\":{\"@id\":\"https:\\\/\\\/scientiarum.fi\\\/#\\\/schema\\\/logo\\\/image\\\/\"},\"sameAs\":[\"https:\\\/\\\/www.facebook.com\\\/societas.scientiarum\",\"https:\\\/\\\/x.com\\\/tiedeseura\",\"https:\\\/\\\/www.linkedin.com\\\/company\\\/finska-vetenskaps-societeten-the-finnish-society-of-sciences-and-letters\\\/\"]}]}<\/script>\n<!-- \/ Yoast SEO plugin. -->","yoast_head_json":{"title":"Biotieteellinen osasto - Suomen Tiedeseura","robots":{"index":"index","follow":"follow","max-snippet":"max-snippet:-1","max-image-preview":"max-image-preview:large","max-video-preview":"max-video-preview:-1"},"canonical":"https:\/\/scientiarum.fi\/fi\/biotieteellinen-osasto\/","og_locale":"fi_FI","og_type":"article","og_title":"Biotieteellinen osasto - Suomen Tiedeseura","og_description":"Biotieteellinen osastoPuheenjohtaja: Dan LindholmVarapuheenjohtaja: Ulrika Candolin Biotieteellinen osasto kattaa laajan spektrin oppiaineita ekologiasta, paleontologiasta ja mikrobiologiasta aina biol\u00e4\u00e4ketieteeseen ja kliinisiin tieteenaloihin. Osastosta valitaan vuosittain apurahatoimikunta Tiedeseuran apurahojen jakamiseksi, palkintojen nime\u00e4mistoimikunta valmistelemaan ehdotuksia kansainv\u00e4lisiksi palkinnoiksi, sek\u00e4 j\u00e4seni\u00e4 Tiedeseuran muihin palkintolautakuntiin. Syyskuussa osaston t\u00e4rke\u00e4n\u00e4 teht\u00e4v\u00e4n\u00e4 on laatia luettelo ehdotettavista uusista j\u00e4senist\u00e4, jonka j\u00e4lkeen vuosittain valittava valintalautakunta priorisoi [&hellip;]","og_url":"https:\/\/scientiarum.fi\/fi\/biotieteellinen-osasto\/","og_site_name":"Suomen Tiedeseura","article_publisher":"https:\/\/www.facebook.com\/societas.scientiarum","article_modified_time":"2025-09-09T08:40:18+00:00","twitter_card":"summary_large_image","twitter_site":"@tiedeseura","twitter_misc":{"Arvioitu lukuaika":"2 minuuttia"},"schema":{"@context":"https:\/\/schema.org","@graph":[{"@type":"WebPage","@id":"https:\/\/scientiarum.fi\/fi\/biotieteellinen-osasto\/","url":"https:\/\/scientiarum.fi\/fi\/biotieteellinen-osasto\/","name":"Biotieteellinen osasto - Suomen Tiedeseura","isPartOf":{"@id":"https:\/\/scientiarum.fi\/#website"},"datePublished":"2023-05-15T11:24:11+00:00","dateModified":"2025-09-09T08:40:18+00:00","breadcrumb":{"@id":"https:\/\/scientiarum.fi\/fi\/biotieteellinen-osasto\/#breadcrumb"},"inLanguage":"fi","potentialAction":[{"@type":"ReadAction","target":["https:\/\/scientiarum.fi\/fi\/biotieteellinen-osasto\/"]}]},{"@type":"BreadcrumbList","@id":"https:\/\/scientiarum.fi\/fi\/biotieteellinen-osasto\/#breadcrumb","itemListElement":[{"@type":"ListItem","position":1,"name":"Home","item":"https:\/\/scientiarum.fi\/"},{"@type":"ListItem","position":2,"name":"Biotieteellinen osasto"}]},{"@type":"WebSite","@id":"https:\/\/scientiarum.fi\/#website","url":"https:\/\/scientiarum.fi\/","name":"Finska Vetenskaps-Societeten","description":"","publisher":{"@id":"https:\/\/scientiarum.fi\/#organization"},"potentialAction":[{"@type":"SearchAction","target":{"@type":"EntryPoint","urlTemplate":"https:\/\/scientiarum.fi\/?s={search_term_string}"},"query-input":{"@type":"PropertyValueSpecification","valueRequired":true,"valueName":"search_term_string"}}],"inLanguage":"fi"},{"@type":"Organization","@id":"https:\/\/scientiarum.fi\/#organization","name":"Finska Vetenskaps-Societeten","url":"https:\/\/scientiarum.fi\/","logo":{"@type":"ImageObject","inLanguage":"fi","@id":"https:\/\/scientiarum.fi\/#\/schema\/logo\/image\/","url":"","contentUrl":"","caption":"Finska Vetenskaps-Societeten"},"image":{"@id":"https:\/\/scientiarum.fi\/#\/schema\/logo\/image\/"},"sameAs":["https:\/\/www.facebook.com\/societas.scientiarum","https:\/\/x.com\/tiedeseura","https:\/\/www.linkedin.com\/company\/finska-vetenskaps-societeten-the-finnish-society-of-sciences-and-letters\/"]}]}},"_links":{"self":[{"href":"https:\/\/scientiarum.fi\/fi\/wp-json\/wp\/v2\/pages\/1335","targetHints":{"allow":["GET"]}}],"collection":[{"href":"https:\/\/scientiarum.fi\/fi\/wp-json\/wp\/v2\/pages"}],"about":[{"href":"https:\/\/scientiarum.fi\/fi\/wp-json\/wp\/v2\/types\/page"}],"author":[{"embeddable":true,"href":"https:\/\/scientiarum.fi\/fi\/wp-json\/wp\/v2\/users\/2"}],"replies":[{"embeddable":true,"href":"https:\/\/scientiarum.fi\/fi\/wp-json\/wp\/v2\/comments?post=1335"}],"version-history":[{"count":7,"href":"https:\/\/scientiarum.fi\/fi\/wp-json\/wp\/v2\/pages\/1335\/revisions"}],"predecessor-version":[{"id":7898,"href":"https:\/\/scientiarum.fi\/fi\/wp-json\/wp\/v2\/pages\/1335\/revisions\/7898"}],"wp:attachment":[{"href":"https:\/\/scientiarum.fi\/fi\/wp-json\/wp\/v2\/media?parent=1335"}],"curies":[{"name":"wp","href":"https:\/\/api.w.org\/{rel}","templated":true}]}}