{"id":1329,"date":"2023-05-15T14:23:35","date_gmt":"2023-05-15T11:23:35","guid":{"rendered":"https:\/\/scientiarum.fi\/matemaattis-fysikaalinen-osasto\/"},"modified":"2024-08-01T15:11:07","modified_gmt":"2024-08-01T12:11:07","slug":"matemaattis-fysikaalinen-osasto","status":"publish","type":"page","link":"https:\/\/scientiarum.fi\/fi\/matemaattis-fysikaalinen-osasto\/","title":{"rendered":"Matemaattis-fysikaalinen osasto"},"content":{"rendered":"<p>[et_pb_section fb_built=&#8221;1&#8243; _builder_version=&#8221;4.21.0&#8243; _module_preset=&#8221;default&#8221; background_color=&#8221;#7E8EA4&#8243; background_image=&#8221;https:\/\/scientiarum.fi\/wp-content\/uploads\/2023\/05\/mat-ban.png&#8221; background_size=&#8221;contain&#8221; min_height=&#8221;300px&#8221; custom_padding=&#8221;26vw||||false|false&#8221; animation_style=&#8221;fade&#8221; global_colors_info=&#8221;{}&#8221;][\/et_pb_section][et_pb_section fb_built=&#8221;1&#8243; _builder_version=&#8221;4.21.0&#8243; _module_preset=&#8221;default&#8221; custom_padding=&#8221;30px||30px||false|false&#8221; global_colors_info=&#8221;{}&#8221;][et_pb_row _builder_version=&#8221;4.21.0&#8243; _module_preset=&#8221;default&#8221; global_colors_info=&#8221;{}&#8221;][et_pb_column type=&#8221;4_4&#8243; _builder_version=&#8221;4.21.0&#8243; _module_preset=&#8221;default&#8221; global_colors_info=&#8221;{}&#8221;][et_pb_text _builder_version=&#8221;4.27.0&#8243; _module_preset=&#8221;default&#8221; text_font=&#8221;||||||||&#8221; header_font=&#8221;||||||||&#8221; hover_enabled=&#8221;0&#8243; global_colors_info=&#8221;{}&#8221; sticky_enabled=&#8221;0&#8243;]<\/p>\n<h1 style=\"text-align: center;\">Matemaattis-fysikaalinen osasto<\/h1>\n<p>[\/et_pb_text][\/et_pb_column][\/et_pb_row][et_pb_row column_structure=&#8221;1_5,3_5,1_5&#8243; _builder_version=&#8221;4.21.0&#8243; _module_preset=&#8221;default&#8221; global_colors_info=&#8221;{}&#8221;][et_pb_column type=&#8221;1_5&#8243; _builder_version=&#8221;4.21.0&#8243; _module_preset=&#8221;default&#8221; global_colors_info=&#8221;{}&#8221;][\/et_pb_column][et_pb_column type=&#8221;3_5&#8243; _builder_version=&#8221;4.21.0&#8243; _module_preset=&#8221;default&#8221; global_colors_info=&#8221;{}&#8221;][et_pb_text module_class=&#8221;defwp&#8221; _builder_version=&#8221;4.21.0&#8243; _module_preset=&#8221;4e383309-b084-4f1a-86bb-b39ea5e11bb7&#8243; global_colors_info=&#8221;{}&#8221;]<\/p>\n<p style=\"text-align: left;\"><strong>Puheenjohtaja:<\/strong> Susanne Wiedmer<br \/><strong>Varapuheenjohtaja:<\/strong> Peter Johansson<\/p>\n<p>Matemaattis-fysikaalinen osasto kattaa kaikki keskeiset fysikaalisten tieteiden alueet kuten fysiikan, kemian, matematiikan, astronomian ja tietojenk\u00e4sittelytieteen. N\u00e4iden alojen merkitt\u00e4vimm\u00e4t tieteentekij\u00e4t kautta koko maan ovat osaston j\u00e4seni\u00e4. Monitieteisyyden lis\u00e4\u00e4ntyess\u00e4 j\u00e4senist\u00f6\u00e4 valittaessa rajank\u00e4ynti\u00e4 on my\u00f6s biotieteisiin ja teknisiin tieteisiin. Osaston toiminnassa otetaan tasapuolisesti huomioon, ett\u00e4 kaikki alat tulevat kuulluksi.<\/p>\n<p>Osasto j\u00e4rjest\u00e4\u00e4 symposiumeja edustamiltaan aloilta. Tavoitteenamme on j\u00e4rjest\u00e4\u00e4 vuorotellen erialaisia tapahtumia tai symposiumeja. Osastosta valitut edustajat (3-5) toimivat Magnus Ehrnroothin s\u00e4\u00e4ti\u00f6n asiantuntijoina. Osastossa on apurahatoimikunta, Theodor Hom\u00e9nin fysiikan palkintotoimikunta sek\u00e4 toimikunta, joka tekee pyydett\u00e4ess\u00e4 ehdotuksia eri palkintoihin. Osaston j\u00e4senet toimivat aktiivisesti omien alojensa tieteellisiss\u00e4 seuroissa, s\u00e4\u00e4ti\u00f6iss\u00e4, kansainv\u00e4lisiss\u00e4 tieteellisiss\u00e4 organisaatioissa ja toimikunnissa.<\/p>\n<p>[\/et_pb_text][et_pb_button button_url=&#8221;https:\/\/scientiarum.fi\/matematisk-fysiska-sektionen-pdf\/&#8221; url_new_window=&#8221;on&#8221; button_text=&#8221;Luettelo matemaattis-fysikaalisen osaston varsinaisista j\u00e4senist\u00e4&#8221; button_alignment=&#8221;center&#8221; _builder_version=&#8221;4.22.1&#8243; _module_preset=&#8221;default&#8221; global_colors_info=&#8221;{}&#8221;][\/et_pb_button][\/et_pb_column][et_pb_column type=&#8221;1_5&#8243; _builder_version=&#8221;4.21.0&#8243; _module_preset=&#8221;default&#8221; global_colors_info=&#8221;{}&#8221;][\/et_pb_column][\/et_pb_row][\/et_pb_section]<\/p>\n","protected":false},"excerpt":{"rendered":"<p>Matemaattis-fysikaalinen osastoPuheenjohtaja: Susanne WiedmerVarapuheenjohtaja: Peter Johansson Matemaattis-fysikaalinen osasto kattaa kaikki keskeiset fysikaalisten tieteiden alueet kuten fysiikan, kemian, matematiikan, astronomian ja tietojenk\u00e4sittelytieteen. N\u00e4iden alojen merkitt\u00e4vimm\u00e4t tieteentekij\u00e4t kautta koko maan ovat osaston j\u00e4seni\u00e4. Monitieteisyyden lis\u00e4\u00e4ntyess\u00e4 j\u00e4senist\u00f6\u00e4 valittaessa rajank\u00e4ynti\u00e4 on my\u00f6s biotieteisiin ja teknisiin tieteisiin. Osaston toiminnassa otetaan tasapuolisesti huomioon, ett\u00e4 kaikki alat tulevat kuulluksi. Osasto j\u00e4rjest\u00e4\u00e4 symposiumeja [&hellip;]<\/p>\n","protected":false},"author":2,"featured_media":0,"parent":0,"menu_order":0,"comment_status":"closed","ping_status":"closed","template":"","meta":{"_acf_changed":false,"_et_pb_use_builder":"on","_et_pb_old_content":"","_et_gb_content_width":"","footnotes":""},"class_list":["post-1329","page","type-page","status-publish","hentry"],"acf":[],"yoast_head":"<!-- This site is optimized with the Yoast SEO plugin v27.3 - https:\/\/yoast.com\/product\/yoast-seo-wordpress\/ -->\n<title>Matemaattis-fysikaalinen osasto - Suomen Tiedeseura<\/title>\n<meta name=\"robots\" content=\"index, follow, max-snippet:-1, max-image-preview:large, max-video-preview:-1\" \/>\n<link rel=\"canonical\" href=\"https:\/\/scientiarum.fi\/sektioner\/matematisk-fysiska-sektionen\/\" \/>\n<meta property=\"og:locale\" content=\"fi_FI\" \/>\n<meta property=\"og:type\" content=\"article\" \/>\n<meta property=\"og:title\" content=\"Matemaattis-fysikaalinen osasto - Suomen Tiedeseura\" \/>\n<meta property=\"og:description\" content=\"Matemaattis-fysikaalinen osastoPuheenjohtaja: Susanne WiedmerVarapuheenjohtaja: Peter Johansson Matemaattis-fysikaalinen osasto kattaa kaikki keskeiset fysikaalisten tieteiden alueet kuten fysiikan, kemian, matematiikan, astronomian ja tietojenk\u00e4sittelytieteen. N\u00e4iden alojen merkitt\u00e4vimm\u00e4t tieteentekij\u00e4t kautta koko maan ovat osaston j\u00e4seni\u00e4. Monitieteisyyden lis\u00e4\u00e4ntyess\u00e4 j\u00e4senist\u00f6\u00e4 valittaessa rajank\u00e4ynti\u00e4 on my\u00f6s biotieteisiin ja teknisiin tieteisiin. Osaston toiminnassa otetaan tasapuolisesti huomioon, ett\u00e4 kaikki alat tulevat kuulluksi. Osasto j\u00e4rjest\u00e4\u00e4 symposiumeja [&hellip;]\" \/>\n<meta property=\"og:url\" content=\"https:\/\/scientiarum.fi\/sektioner\/matematisk-fysiska-sektionen\/\" \/>\n<meta property=\"og:site_name\" content=\"Suomen Tiedeseura\" \/>\n<meta property=\"article:publisher\" content=\"https:\/\/www.facebook.com\/societas.scientiarum\" \/>\n<meta property=\"article:modified_time\" content=\"2024-08-01T12:11:07+00:00\" \/>\n<meta name=\"twitter:card\" content=\"summary_large_image\" \/>\n<meta name=\"twitter:site\" content=\"@tiedeseura\" \/>\n<meta name=\"twitter:label1\" content=\"Arvioitu lukuaika\" \/>\n\t<meta name=\"twitter:data1\" content=\"2 minuuttia\" \/>\n<script type=\"application\/ld+json\" class=\"yoast-schema-graph\">{\"@context\":\"https:\\\/\\\/schema.org\",\"@graph\":[{\"@type\":\"WebPage\",\"@id\":\"https:\\\/\\\/scientiarum.fi\\\/sektioner\\\/matematisk-fysiska-sektionen\\\/\",\"url\":\"https:\\\/\\\/scientiarum.fi\\\/sektioner\\\/matematisk-fysiska-sektionen\\\/\",\"name\":\"Matemaattis-fysikaalinen osasto - Suomen Tiedeseura\",\"isPartOf\":{\"@id\":\"https:\\\/\\\/scientiarum.fi\\\/#website\"},\"datePublished\":\"2023-05-15T11:23:35+00:00\",\"dateModified\":\"2024-08-01T12:11:07+00:00\",\"breadcrumb\":{\"@id\":\"https:\\\/\\\/scientiarum.fi\\\/sektioner\\\/matematisk-fysiska-sektionen\\\/#breadcrumb\"},\"inLanguage\":\"fi\",\"potentialAction\":[{\"@type\":\"ReadAction\",\"target\":[\"https:\\\/\\\/scientiarum.fi\\\/sektioner\\\/matematisk-fysiska-sektionen\\\/\"]}]},{\"@type\":\"BreadcrumbList\",\"@id\":\"https:\\\/\\\/scientiarum.fi\\\/sektioner\\\/matematisk-fysiska-sektionen\\\/#breadcrumb\",\"itemListElement\":[{\"@type\":\"ListItem\",\"position\":1,\"name\":\"Home\",\"item\":\"https:\\\/\\\/scientiarum.fi\\\/\"},{\"@type\":\"ListItem\",\"position\":2,\"name\":\"Matemaattis-fysikaalinen osasto\"}]},{\"@type\":\"WebSite\",\"@id\":\"https:\\\/\\\/scientiarum.fi\\\/#website\",\"url\":\"https:\\\/\\\/scientiarum.fi\\\/\",\"name\":\"Finska Vetenskaps-Societeten\",\"description\":\"\",\"publisher\":{\"@id\":\"https:\\\/\\\/scientiarum.fi\\\/#organization\"},\"potentialAction\":[{\"@type\":\"SearchAction\",\"target\":{\"@type\":\"EntryPoint\",\"urlTemplate\":\"https:\\\/\\\/scientiarum.fi\\\/?s={search_term_string}\"},\"query-input\":{\"@type\":\"PropertyValueSpecification\",\"valueRequired\":true,\"valueName\":\"search_term_string\"}}],\"inLanguage\":\"fi\"},{\"@type\":\"Organization\",\"@id\":\"https:\\\/\\\/scientiarum.fi\\\/#organization\",\"name\":\"Finska Vetenskaps-Societeten\",\"url\":\"https:\\\/\\\/scientiarum.fi\\\/\",\"logo\":{\"@type\":\"ImageObject\",\"inLanguage\":\"fi\",\"@id\":\"https:\\\/\\\/scientiarum.fi\\\/#\\\/schema\\\/logo\\\/image\\\/\",\"url\":\"\",\"contentUrl\":\"\",\"caption\":\"Finska Vetenskaps-Societeten\"},\"image\":{\"@id\":\"https:\\\/\\\/scientiarum.fi\\\/#\\\/schema\\\/logo\\\/image\\\/\"},\"sameAs\":[\"https:\\\/\\\/www.facebook.com\\\/societas.scientiarum\",\"https:\\\/\\\/x.com\\\/tiedeseura\",\"https:\\\/\\\/www.linkedin.com\\\/company\\\/finska-vetenskaps-societeten-the-finnish-society-of-sciences-and-letters\\\/\"]}]}<\/script>\n<!-- \/ Yoast SEO plugin. -->","yoast_head_json":{"title":"Matemaattis-fysikaalinen osasto - Suomen Tiedeseura","robots":{"index":"index","follow":"follow","max-snippet":"max-snippet:-1","max-image-preview":"max-image-preview:large","max-video-preview":"max-video-preview:-1"},"canonical":"https:\/\/scientiarum.fi\/sektioner\/matematisk-fysiska-sektionen\/","og_locale":"fi_FI","og_type":"article","og_title":"Matemaattis-fysikaalinen osasto - Suomen Tiedeseura","og_description":"Matemaattis-fysikaalinen osastoPuheenjohtaja: Susanne WiedmerVarapuheenjohtaja: Peter Johansson Matemaattis-fysikaalinen osasto kattaa kaikki keskeiset fysikaalisten tieteiden alueet kuten fysiikan, kemian, matematiikan, astronomian ja tietojenk\u00e4sittelytieteen. N\u00e4iden alojen merkitt\u00e4vimm\u00e4t tieteentekij\u00e4t kautta koko maan ovat osaston j\u00e4seni\u00e4. Monitieteisyyden lis\u00e4\u00e4ntyess\u00e4 j\u00e4senist\u00f6\u00e4 valittaessa rajank\u00e4ynti\u00e4 on my\u00f6s biotieteisiin ja teknisiin tieteisiin. Osaston toiminnassa otetaan tasapuolisesti huomioon, ett\u00e4 kaikki alat tulevat kuulluksi. Osasto j\u00e4rjest\u00e4\u00e4 symposiumeja [&hellip;]","og_url":"https:\/\/scientiarum.fi\/sektioner\/matematisk-fysiska-sektionen\/","og_site_name":"Suomen Tiedeseura","article_publisher":"https:\/\/www.facebook.com\/societas.scientiarum","article_modified_time":"2024-08-01T12:11:07+00:00","twitter_card":"summary_large_image","twitter_site":"@tiedeseura","twitter_misc":{"Arvioitu lukuaika":"2 minuuttia"},"schema":{"@context":"https:\/\/schema.org","@graph":[{"@type":"WebPage","@id":"https:\/\/scientiarum.fi\/sektioner\/matematisk-fysiska-sektionen\/","url":"https:\/\/scientiarum.fi\/sektioner\/matematisk-fysiska-sektionen\/","name":"Matemaattis-fysikaalinen osasto - Suomen Tiedeseura","isPartOf":{"@id":"https:\/\/scientiarum.fi\/#website"},"datePublished":"2023-05-15T11:23:35+00:00","dateModified":"2024-08-01T12:11:07+00:00","breadcrumb":{"@id":"https:\/\/scientiarum.fi\/sektioner\/matematisk-fysiska-sektionen\/#breadcrumb"},"inLanguage":"fi","potentialAction":[{"@type":"ReadAction","target":["https:\/\/scientiarum.fi\/sektioner\/matematisk-fysiska-sektionen\/"]}]},{"@type":"BreadcrumbList","@id":"https:\/\/scientiarum.fi\/sektioner\/matematisk-fysiska-sektionen\/#breadcrumb","itemListElement":[{"@type":"ListItem","position":1,"name":"Home","item":"https:\/\/scientiarum.fi\/"},{"@type":"ListItem","position":2,"name":"Matemaattis-fysikaalinen osasto"}]},{"@type":"WebSite","@id":"https:\/\/scientiarum.fi\/#website","url":"https:\/\/scientiarum.fi\/","name":"Finska Vetenskaps-Societeten","description":"","publisher":{"@id":"https:\/\/scientiarum.fi\/#organization"},"potentialAction":[{"@type":"SearchAction","target":{"@type":"EntryPoint","urlTemplate":"https:\/\/scientiarum.fi\/?s={search_term_string}"},"query-input":{"@type":"PropertyValueSpecification","valueRequired":true,"valueName":"search_term_string"}}],"inLanguage":"fi"},{"@type":"Organization","@id":"https:\/\/scientiarum.fi\/#organization","name":"Finska Vetenskaps-Societeten","url":"https:\/\/scientiarum.fi\/","logo":{"@type":"ImageObject","inLanguage":"fi","@id":"https:\/\/scientiarum.fi\/#\/schema\/logo\/image\/","url":"","contentUrl":"","caption":"Finska Vetenskaps-Societeten"},"image":{"@id":"https:\/\/scientiarum.fi\/#\/schema\/logo\/image\/"},"sameAs":["https:\/\/www.facebook.com\/societas.scientiarum","https:\/\/x.com\/tiedeseura","https:\/\/www.linkedin.com\/company\/finska-vetenskaps-societeten-the-finnish-society-of-sciences-and-letters\/"]}]}},"_links":{"self":[{"href":"https:\/\/scientiarum.fi\/fi\/wp-json\/wp\/v2\/pages\/1329","targetHints":{"allow":["GET"]}}],"collection":[{"href":"https:\/\/scientiarum.fi\/fi\/wp-json\/wp\/v2\/pages"}],"about":[{"href":"https:\/\/scientiarum.fi\/fi\/wp-json\/wp\/v2\/types\/page"}],"author":[{"embeddable":true,"href":"https:\/\/scientiarum.fi\/fi\/wp-json\/wp\/v2\/users\/2"}],"replies":[{"embeddable":true,"href":"https:\/\/scientiarum.fi\/fi\/wp-json\/wp\/v2\/comments?post=1329"}],"version-history":[{"count":6,"href":"https:\/\/scientiarum.fi\/fi\/wp-json\/wp\/v2\/pages\/1329\/revisions"}],"predecessor-version":[{"id":5447,"href":"https:\/\/scientiarum.fi\/fi\/wp-json\/wp\/v2\/pages\/1329\/revisions\/5447"}],"wp:attachment":[{"href":"https:\/\/scientiarum.fi\/fi\/wp-json\/wp\/v2\/media?parent=1329"}],"curies":[{"name":"wp","href":"https:\/\/api.w.org\/{rel}","templated":true}]}}