{"id":1317,"date":"2023-05-15T14:09:01","date_gmt":"2023-05-15T11:09:01","guid":{"rendered":"https:\/\/scientiarum.fi\/jasenet\/"},"modified":"2026-03-11T13:35:47","modified_gmt":"2026-03-11T10:35:47","slug":"jasenet","status":"publish","type":"page","link":"https:\/\/scientiarum.fi\/fi\/jasenet\/","title":{"rendered":"Tilastot"},"content":{"rendered":"<p>[et_pb_section fb_built=&#8221;1&#8243; _builder_version=&#8221;4.21.0&#8243; _module_preset=&#8221;default&#8221; global_colors_info=&#8221;{}&#8221;][et_pb_row _builder_version=&#8221;4.21.0&#8243; _module_preset=&#8221;default&#8221; custom_margin=&#8221;0px||0px||false|false&#8221; custom_padding=&#8221;0px||0px||false|false&#8221; global_colors_info=&#8221;{}&#8221;][et_pb_column type=&#8221;4_4&#8243; _builder_version=&#8221;4.21.0&#8243; _module_preset=&#8221;default&#8221; global_colors_info=&#8221;{}&#8221;][et_pb_image src=&#8221;https:\/\/scientiarum.fi\/wp-content\/uploads\/2023\/06\/ledamoter-ban.jpg&#8221; title_text=&#8221;ledamoter-ban&#8221; _builder_version=&#8221;4.21.0&#8243; _module_preset=&#8221;default&#8221; global_colors_info=&#8221;{}&#8221;][\/et_pb_image][\/et_pb_column][\/et_pb_row][et_pb_row _builder_version=&#8221;4.21.0&#8243; _module_preset=&#8221;default&#8221; custom_margin=&#8221;||||false|false&#8221; custom_padding=&#8221;||||false|false&#8221; global_colors_info=&#8221;{}&#8221;][et_pb_column type=&#8221;4_4&#8243; _builder_version=&#8221;4.21.0&#8243; _module_preset=&#8221;default&#8221; global_colors_info=&#8221;{}&#8221;][et_pb_text module_class=&#8221;defwp&#8221; _builder_version=&#8221;4.27.4&#8243; _module_preset=&#8221;1b686adf-681b-484a-9fee-595f92a65ad5&#8243; custom_padding=&#8221;4px|||||&#8221; text_font_size_tablet=&#8221;&#8221; text_font_size_phone=&#8221;&#8221; text_font_size_last_edited=&#8221;on|desktop&#8221; global_colors_info=&#8221;{}&#8221;]<\/p>\n<h1>J\u00e4senet<\/h1>\n<p>Suomen Tiedeseuralla on t\u00e4ll\u00e4 hetkell\u00e4 405 j\u00e4sent\u00e4, joista 5 on kunniaj\u00e4seni\u00e4, 290 varsinaisia j\u00e4seni\u00e4 ja 110 ulkomaisia j\u00e4seni\u00e4.<\/p>\n\n<table id=\"tablepress-35\" class=\"tablepress tablepress-id-35\">\n<thead>\n<tr class=\"row-1\">\n\t<th class=\"column-1\">Osasto<\/th><th class=\"column-2\">Kunniaj\u00e4senet<\/th><th colspan=\"2\" class=\"column-3\">Varsinaiset j\u00e4senet<\/th><th class=\"column-5\">Ulkomaiset j\u00e4senet<\/th><th class=\"column-6\">Yhteens\u00e4<\/th>\n<\/tr>\n<\/thead>\n<tbody class=\"row-striping row-hover\">\n<tr class=\"row-2\">\n\t<td class=\"column-1\"><\/td><td class=\"column-2\"><\/td><td class=\"column-3\">yli 67 vuotta<\/td><td class=\"column-4\">korkeintaan 67 \u00e5r<\/td><td class=\"column-5\"><\/td><td class=\"column-6\"><\/td>\n<\/tr>\n<tr class=\"row-3\">\n\t<td class=\"column-1\">Mat.fys.<\/td><td class=\"column-2\">2<\/td><td class=\"column-3\">40<\/td><td class=\"column-4\">30<\/td><td class=\"column-5\">33<\/td><td class=\"column-6\">105<\/td>\n<\/tr>\n<tr class=\"row-4\">\n\t<td class=\"column-1\">Biotieteell.<\/td><td class=\"column-2\">0<\/td><td class=\"column-3\">49<\/td><td class=\"column-4\">31<\/td><td class=\"column-5\">23<\/td><td class=\"column-6\">103<\/td>\n<\/tr>\n<tr class=\"row-5\">\n\t<td class=\"column-1\">Hum.<\/td><td class=\"column-2\">1<\/td><td class=\"column-3\">40<\/td><td class=\"column-4\">30<\/td><td class=\"column-5\">34<\/td><td class=\"column-6\">105<\/td>\n<\/tr>\n<tr class=\"row-6\">\n\t<td class=\"column-1\">Yhteisk.<\/td><td class=\"column-2\">2<\/td><td class=\"column-3\">40<\/td><td class=\"column-4\">30<\/td><td class=\"column-5\">20<\/td><td class=\"column-6\">92<\/td>\n<\/tr>\n<tr class=\"row-7\">\n\t<td class=\"column-1\">Yhteens\u00e4<\/td><td class=\"column-2\">5<\/td><td class=\"column-3\">169<\/td><td class=\"column-4\">121<\/td><td class=\"column-5\">110<\/td><td class=\"column-6\">405<\/td>\n<\/tr>\n<\/tbody>\n<\/table>\n\n<p>[\/et_pb_text][\/et_pb_column][\/et_pb_row][\/et_pb_section]<\/p>\n","protected":false},"excerpt":{"rendered":"<p>J\u00e4senet Suomen Tiedeseuralla on t\u00e4ll\u00e4 hetkell\u00e4 405 j\u00e4sent\u00e4, joista 5 on kunniaj\u00e4seni\u00e4, 290 varsinaisia j\u00e4seni\u00e4 ja 110 ulkomaisia j\u00e4seni\u00e4. \n<table id=\"tablepress-35-no-2\" class=\"tablepress tablepress-id-35\">\n<thead>\n<tr class=\"row-1\">\n\t<th class=\"column-1\">Osasto<\/th><th class=\"column-2\">Kunniaj\u00e4senet<\/th><th colspan=\"2\" class=\"column-3\">Varsinaiset j\u00e4senet<\/th><th class=\"column-5\">Ulkomaiset j\u00e4senet<\/th><th class=\"column-6\">Yhteens\u00e4<\/th>\n<\/tr>\n<\/thead>\n<tbody class=\"row-striping row-hover\">\n<tr class=\"row-2\">\n\t<td class=\"column-1\"><\/td><td class=\"column-2\"><\/td><td class=\"column-3\">yli 67 vuotta<\/td><td class=\"column-4\">korkeintaan 67 \u00e5r<\/td><td class=\"column-5\"><\/td><td class=\"column-6\"><\/td>\n<\/tr>\n<tr class=\"row-3\">\n\t<td class=\"column-1\">Mat.fys.<\/td><td class=\"column-2\">2<\/td><td class=\"column-3\">40<\/td><td class=\"column-4\">30<\/td><td class=\"column-5\">33<\/td><td class=\"column-6\">105<\/td>\n<\/tr>\n<tr class=\"row-4\">\n\t<td class=\"column-1\">Biotieteell.<\/td><td class=\"column-2\">0<\/td><td class=\"column-3\">49<\/td><td class=\"column-4\">31<\/td><td class=\"column-5\">23<\/td><td class=\"column-6\">103<\/td>\n<\/tr>\n<tr class=\"row-5\">\n\t<td class=\"column-1\">Hum.<\/td><td class=\"column-2\">1<\/td><td class=\"column-3\">40<\/td><td class=\"column-4\">30<\/td><td class=\"column-5\">34<\/td><td class=\"column-6\">105<\/td>\n<\/tr>\n<tr class=\"row-6\">\n\t<td class=\"column-1\">Yhteisk.<\/td><td class=\"column-2\">2<\/td><td class=\"column-3\">40<\/td><td class=\"column-4\">30<\/td><td class=\"column-5\">20<\/td><td class=\"column-6\">92<\/td>\n<\/tr>\n<tr class=\"row-7\">\n\t<td class=\"column-1\">Yhteens\u00e4<\/td><td class=\"column-2\">5<\/td><td class=\"column-3\">169<\/td><td class=\"column-4\">121<\/td><td class=\"column-5\">110<\/td><td class=\"column-6\">405<\/td>\n<\/tr>\n<\/tbody>\n<\/table>\n<\/p>\n","protected":false},"author":2,"featured_media":0,"parent":0,"menu_order":0,"comment_status":"closed","ping_status":"closed","template":"","meta":{"_acf_changed":false,"_et_pb_use_builder":"on","_et_pb_old_content":"","_et_gb_content_width":"","footnotes":""},"class_list":["post-1317","page","type-page","status-publish","hentry"],"acf":[],"yoast_head":"<!-- This site is optimized with the Yoast SEO plugin v27.3 - https:\/\/yoast.com\/product\/yoast-seo-wordpress\/ -->\n<title>Tilastot - Suomen Tiedeseura<\/title>\n<meta name=\"robots\" content=\"index, follow, max-snippet:-1, max-image-preview:large, max-video-preview:-1\" \/>\n<link rel=\"canonical\" href=\"https:\/\/scientiarum.fi\/statistik\/\" \/>\n<meta property=\"og:locale\" content=\"fi_FI\" \/>\n<meta property=\"og:type\" content=\"article\" \/>\n<meta property=\"og:title\" content=\"Tilastot - Suomen Tiedeseura\" \/>\n<meta property=\"og:description\" content=\"J\u00e4senet Suomen Tiedeseuralla on t\u00e4ll\u00e4 hetkell\u00e4 405 j\u00e4sent\u00e4, joista 5 on kunniaj\u00e4seni\u00e4, 290 varsinaisia j\u00e4seni\u00e4 ja 110 ulkomaisia j\u00e4seni\u00e4.\" \/>\n<meta property=\"og:url\" content=\"https:\/\/scientiarum.fi\/statistik\/\" \/>\n<meta property=\"og:site_name\" content=\"Suomen Tiedeseura\" \/>\n<meta property=\"article:publisher\" content=\"https:\/\/www.facebook.com\/societas.scientiarum\" \/>\n<meta property=\"article:modified_time\" content=\"2026-03-11T10:35:47+00:00\" \/>\n<meta name=\"twitter:card\" content=\"summary_large_image\" \/>\n<meta name=\"twitter:site\" content=\"@tiedeseura\" \/>\n<meta name=\"twitter:label1\" content=\"Arvioitu lukuaika\" \/>\n\t<meta name=\"twitter:data1\" content=\"1 minuutti\" \/>\n<script type=\"application\/ld+json\" class=\"yoast-schema-graph\">{\"@context\":\"https:\\\/\\\/schema.org\",\"@graph\":[{\"@type\":\"WebPage\",\"@id\":\"https:\\\/\\\/scientiarum.fi\\\/statistik\\\/\",\"url\":\"https:\\\/\\\/scientiarum.fi\\\/statistik\\\/\",\"name\":\"Tilastot - Suomen Tiedeseura\",\"isPartOf\":{\"@id\":\"https:\\\/\\\/scientiarum.fi\\\/#website\"},\"datePublished\":\"2023-05-15T11:09:01+00:00\",\"dateModified\":\"2026-03-11T10:35:47+00:00\",\"breadcrumb\":{\"@id\":\"https:\\\/\\\/scientiarum.fi\\\/statistik\\\/#breadcrumb\"},\"inLanguage\":\"fi\",\"potentialAction\":[{\"@type\":\"ReadAction\",\"target\":[\"https:\\\/\\\/scientiarum.fi\\\/statistik\\\/\"]}]},{\"@type\":\"BreadcrumbList\",\"@id\":\"https:\\\/\\\/scientiarum.fi\\\/statistik\\\/#breadcrumb\",\"itemListElement\":[{\"@type\":\"ListItem\",\"position\":1,\"name\":\"Home\",\"item\":\"https:\\\/\\\/scientiarum.fi\\\/\"},{\"@type\":\"ListItem\",\"position\":2,\"name\":\"Tilastot\"}]},{\"@type\":\"WebSite\",\"@id\":\"https:\\\/\\\/scientiarum.fi\\\/#website\",\"url\":\"https:\\\/\\\/scientiarum.fi\\\/\",\"name\":\"Finska Vetenskaps-Societeten\",\"description\":\"\",\"publisher\":{\"@id\":\"https:\\\/\\\/scientiarum.fi\\\/#organization\"},\"potentialAction\":[{\"@type\":\"SearchAction\",\"target\":{\"@type\":\"EntryPoint\",\"urlTemplate\":\"https:\\\/\\\/scientiarum.fi\\\/?s={search_term_string}\"},\"query-input\":{\"@type\":\"PropertyValueSpecification\",\"valueRequired\":true,\"valueName\":\"search_term_string\"}}],\"inLanguage\":\"fi\"},{\"@type\":\"Organization\",\"@id\":\"https:\\\/\\\/scientiarum.fi\\\/#organization\",\"name\":\"Finska Vetenskaps-Societeten\",\"url\":\"https:\\\/\\\/scientiarum.fi\\\/\",\"logo\":{\"@type\":\"ImageObject\",\"inLanguage\":\"fi\",\"@id\":\"https:\\\/\\\/scientiarum.fi\\\/#\\\/schema\\\/logo\\\/image\\\/\",\"url\":\"\",\"contentUrl\":\"\",\"caption\":\"Finska Vetenskaps-Societeten\"},\"image\":{\"@id\":\"https:\\\/\\\/scientiarum.fi\\\/#\\\/schema\\\/logo\\\/image\\\/\"},\"sameAs\":[\"https:\\\/\\\/www.facebook.com\\\/societas.scientiarum\",\"https:\\\/\\\/x.com\\\/tiedeseura\",\"https:\\\/\\\/www.linkedin.com\\\/company\\\/finska-vetenskaps-societeten-the-finnish-society-of-sciences-and-letters\\\/\"]}]}<\/script>\n<!-- \/ Yoast SEO plugin. -->","yoast_head_json":{"title":"Tilastot - Suomen Tiedeseura","robots":{"index":"index","follow":"follow","max-snippet":"max-snippet:-1","max-image-preview":"max-image-preview:large","max-video-preview":"max-video-preview:-1"},"canonical":"https:\/\/scientiarum.fi\/statistik\/","og_locale":"fi_FI","og_type":"article","og_title":"Tilastot - Suomen Tiedeseura","og_description":"J\u00e4senet Suomen Tiedeseuralla on t\u00e4ll\u00e4 hetkell\u00e4 405 j\u00e4sent\u00e4, joista 5 on kunniaj\u00e4seni\u00e4, 290 varsinaisia j\u00e4seni\u00e4 ja 110 ulkomaisia j\u00e4seni\u00e4.","og_url":"https:\/\/scientiarum.fi\/statistik\/","og_site_name":"Suomen Tiedeseura","article_publisher":"https:\/\/www.facebook.com\/societas.scientiarum","article_modified_time":"2026-03-11T10:35:47+00:00","twitter_card":"summary_large_image","twitter_site":"@tiedeseura","twitter_misc":{"Arvioitu lukuaika":"1 minuutti"},"schema":{"@context":"https:\/\/schema.org","@graph":[{"@type":"WebPage","@id":"https:\/\/scientiarum.fi\/statistik\/","url":"https:\/\/scientiarum.fi\/statistik\/","name":"Tilastot - Suomen Tiedeseura","isPartOf":{"@id":"https:\/\/scientiarum.fi\/#website"},"datePublished":"2023-05-15T11:09:01+00:00","dateModified":"2026-03-11T10:35:47+00:00","breadcrumb":{"@id":"https:\/\/scientiarum.fi\/statistik\/#breadcrumb"},"inLanguage":"fi","potentialAction":[{"@type":"ReadAction","target":["https:\/\/scientiarum.fi\/statistik\/"]}]},{"@type":"BreadcrumbList","@id":"https:\/\/scientiarum.fi\/statistik\/#breadcrumb","itemListElement":[{"@type":"ListItem","position":1,"name":"Home","item":"https:\/\/scientiarum.fi\/"},{"@type":"ListItem","position":2,"name":"Tilastot"}]},{"@type":"WebSite","@id":"https:\/\/scientiarum.fi\/#website","url":"https:\/\/scientiarum.fi\/","name":"Finska Vetenskaps-Societeten","description":"","publisher":{"@id":"https:\/\/scientiarum.fi\/#organization"},"potentialAction":[{"@type":"SearchAction","target":{"@type":"EntryPoint","urlTemplate":"https:\/\/scientiarum.fi\/?s={search_term_string}"},"query-input":{"@type":"PropertyValueSpecification","valueRequired":true,"valueName":"search_term_string"}}],"inLanguage":"fi"},{"@type":"Organization","@id":"https:\/\/scientiarum.fi\/#organization","name":"Finska Vetenskaps-Societeten","url":"https:\/\/scientiarum.fi\/","logo":{"@type":"ImageObject","inLanguage":"fi","@id":"https:\/\/scientiarum.fi\/#\/schema\/logo\/image\/","url":"","contentUrl":"","caption":"Finska Vetenskaps-Societeten"},"image":{"@id":"https:\/\/scientiarum.fi\/#\/schema\/logo\/image\/"},"sameAs":["https:\/\/www.facebook.com\/societas.scientiarum","https:\/\/x.com\/tiedeseura","https:\/\/www.linkedin.com\/company\/finska-vetenskaps-societeten-the-finnish-society-of-sciences-and-letters\/"]}]}},"_links":{"self":[{"href":"https:\/\/scientiarum.fi\/fi\/wp-json\/wp\/v2\/pages\/1317","targetHints":{"allow":["GET"]}}],"collection":[{"href":"https:\/\/scientiarum.fi\/fi\/wp-json\/wp\/v2\/pages"}],"about":[{"href":"https:\/\/scientiarum.fi\/fi\/wp-json\/wp\/v2\/types\/page"}],"author":[{"embeddable":true,"href":"https:\/\/scientiarum.fi\/fi\/wp-json\/wp\/v2\/users\/2"}],"replies":[{"embeddable":true,"href":"https:\/\/scientiarum.fi\/fi\/wp-json\/wp\/v2\/comments?post=1317"}],"version-history":[{"count":21,"href":"https:\/\/scientiarum.fi\/fi\/wp-json\/wp\/v2\/pages\/1317\/revisions"}],"predecessor-version":[{"id":9015,"href":"https:\/\/scientiarum.fi\/fi\/wp-json\/wp\/v2\/pages\/1317\/revisions\/9015"}],"wp:attachment":[{"href":"https:\/\/scientiarum.fi\/fi\/wp-json\/wp\/v2\/media?parent=1317"}],"curies":[{"name":"wp","href":"https:\/\/api.w.org\/{rel}","templated":true}]}}