{"id":1305,"date":"2023-05-15T14:16:18","date_gmt":"2023-05-15T11:16:18","guid":{"rendered":"https:\/\/scientiarum.fi\/tietoa-meista\/fanfaari\/"},"modified":"2024-08-01T13:11:09","modified_gmt":"2024-08-01T10:11:09","slug":"fanfaari","status":"publish","type":"page","link":"https:\/\/scientiarum.fi\/fi\/tietoa-meista\/fanfaari\/","title":{"rendered":"Fanfaari"},"content":{"rendered":"<p>[et_pb_section fb_built=&#8221;1&#8243; _builder_version=&#8221;4.21.0&#8243; _module_preset=&#8221;default&#8221; global_colors_info=&#8221;{}&#8221;][et_pb_row column_structure=&#8221;1_3,2_3&#8243; _builder_version=&#8221;4.21.0&#8243; _module_preset=&#8221;default&#8221; custom_padding=&#8221;||0px||false|false&#8221; global_colors_info=&#8221;{}&#8221;][et_pb_column type=&#8221;1_3&#8243; _builder_version=&#8221;4.21.0&#8243; _module_preset=&#8221;default&#8221; global_colors_info=&#8221;{}&#8221;][et_pb_image src=&#8221;https:\/\/scientiarum.fi\/wp-content\/uploads\/2023\/06\/Eero_Tarasti.jpg&#8221; title_text=&#8221;Eero_Tarasti&#8221; _builder_version=&#8221;4.21.0&#8243; _module_preset=&#8221;default&#8221; global_colors_info=&#8221;{}&#8221;][\/et_pb_image][et_pb_image src=&#8221;https:\/\/scientiarum.fi\/wp-content\/uploads\/2023\/06\/Trumpetist.jpg&#8221; title_text=&#8221;Trumpetist&#8221; _builder_version=&#8221;4.21.0&#8243; _module_preset=&#8221;default&#8221; global_colors_info=&#8221;{}&#8221;][\/et_pb_image][\/et_pb_column][et_pb_column type=&#8221;2_3&#8243; _builder_version=&#8221;4.21.0&#8243; _module_preset=&#8221;default&#8221; global_colors_info=&#8221;{}&#8221;][et_pb_text module_class=&#8221;defwp&#8221; _builder_version=&#8221;4.27.0&#8243; _module_preset=&#8221;4e383309-b084-4f1a-86bb-b39ea5e11bb7&#8243; header_font=&#8221;||||||||&#8221; hover_enabled=&#8221;0&#8243; global_colors_info=&#8221;{}&#8221; header_font_size_last_edited=&#8221;on|desktop&#8221; sticky_enabled=&#8221;0&#8243;]<\/p>\n<h1>FANFAARI<\/h1>\n<p>Kantaesitys<\/p>\n<p>Tiedeseuran j\u00e4senen Eero Tarastin Tiedeseuralle s\u00e4velt\u00e4m\u00e4 fanfaari kantaesitettiin 18. huhtikuuta 2019, jolloin Arttu Sipil\u00e4 soitti fanfaarin \u201dFanfare, quasi improvisando\u201d Tiedeseuran kokouksessa.<\/p>\n<p>Kuuntele fanfaari \u201dFanfare, quasi improvisando\u201d <a href=\"https:\/\/scientiarum.fi\/wp-content\/uploads\/2023\/06\/Fanfaari_2.mp3\" target=\"_blank\" rel=\"noopener\">t\u00e4st\u00e4<\/a><\/p>\n<p>N\u00e4e nuotit <a href=\"https:\/\/scientiarum.fi\/wp-content\/uploads\/2023\/06\/Fanfaari-scaled.jpg\" target=\"_blank\" rel=\"noopener\">t\u00e4st\u00e4<\/a><\/p>\n<p>[\/et_pb_text][\/et_pb_column][\/et_pb_row][\/et_pb_section]<\/p>\n","protected":false},"excerpt":{"rendered":"<p>FANFAARI Kantaesitys Tiedeseuran j\u00e4senen Eero Tarastin Tiedeseuralle s\u00e4velt\u00e4m\u00e4 fanfaari kantaesitettiin 18. huhtikuuta 2019, jolloin Arttu Sipil\u00e4 soitti fanfaarin \u201dFanfare, quasi improvisando\u201d Tiedeseuran kokouksessa. Kuuntele fanfaari \u201dFanfare, quasi improvisando\u201d t\u00e4st\u00e4 N\u00e4e nuotit t\u00e4st\u00e4<\/p>\n","protected":false},"author":2,"featured_media":0,"parent":1266,"menu_order":0,"comment_status":"closed","ping_status":"closed","template":"","meta":{"_acf_changed":false,"_et_pb_use_builder":"on","_et_pb_old_content":"","_et_gb_content_width":"","footnotes":""},"class_list":["post-1305","page","type-page","status-publish","hentry"],"acf":[],"yoast_head":"<!-- This site is optimized with the Yoast SEO plugin v27.3 - https:\/\/yoast.com\/product\/yoast-seo-wordpress\/ -->\n<title>Fanfaari - Suomen Tiedeseura<\/title>\n<meta name=\"robots\" content=\"index, follow, max-snippet:-1, max-image-preview:large, max-video-preview:-1\" \/>\n<link rel=\"canonical\" href=\"https:\/\/scientiarum.fi\/om-oss\/fanfar\/\" \/>\n<meta property=\"og:locale\" content=\"fi_FI\" \/>\n<meta property=\"og:type\" content=\"article\" \/>\n<meta property=\"og:title\" content=\"Fanfaari - Suomen Tiedeseura\" \/>\n<meta property=\"og:description\" content=\"FANFAARI Kantaesitys Tiedeseuran j\u00e4senen Eero Tarastin Tiedeseuralle s\u00e4velt\u00e4m\u00e4 fanfaari kantaesitettiin 18. huhtikuuta 2019, jolloin Arttu Sipil\u00e4 soitti fanfaarin \u201dFanfare, quasi improvisando\u201d Tiedeseuran kokouksessa. Kuuntele fanfaari \u201dFanfare, quasi improvisando\u201d t\u00e4st\u00e4 N\u00e4e nuotit t\u00e4st\u00e4\" \/>\n<meta property=\"og:url\" content=\"https:\/\/scientiarum.fi\/om-oss\/fanfar\/\" \/>\n<meta property=\"og:site_name\" content=\"Suomen Tiedeseura\" \/>\n<meta property=\"article:publisher\" content=\"https:\/\/www.facebook.com\/societas.scientiarum\" \/>\n<meta property=\"article:modified_time\" content=\"2024-08-01T10:11:09+00:00\" \/>\n<meta name=\"twitter:card\" content=\"summary_large_image\" \/>\n<meta name=\"twitter:site\" content=\"@tiedeseura\" \/>\n<meta name=\"twitter:label1\" content=\"Arvioitu lukuaika\" \/>\n\t<meta name=\"twitter:data1\" content=\"1 minuutti\" \/>\n<script type=\"application\/ld+json\" class=\"yoast-schema-graph\">{\"@context\":\"https:\\\/\\\/schema.org\",\"@graph\":[{\"@type\":\"WebPage\",\"@id\":\"https:\\\/\\\/scientiarum.fi\\\/om-oss\\\/fanfar\\\/\",\"url\":\"https:\\\/\\\/scientiarum.fi\\\/om-oss\\\/fanfar\\\/\",\"name\":\"Fanfaari - Suomen Tiedeseura\",\"isPartOf\":{\"@id\":\"https:\\\/\\\/scientiarum.fi\\\/#website\"},\"datePublished\":\"2023-05-15T11:16:18+00:00\",\"dateModified\":\"2024-08-01T10:11:09+00:00\",\"breadcrumb\":{\"@id\":\"https:\\\/\\\/scientiarum.fi\\\/om-oss\\\/fanfar\\\/#breadcrumb\"},\"inLanguage\":\"fi\",\"potentialAction\":[{\"@type\":\"ReadAction\",\"target\":[\"https:\\\/\\\/scientiarum.fi\\\/om-oss\\\/fanfar\\\/\"]}]},{\"@type\":\"BreadcrumbList\",\"@id\":\"https:\\\/\\\/scientiarum.fi\\\/om-oss\\\/fanfar\\\/#breadcrumb\",\"itemListElement\":[{\"@type\":\"ListItem\",\"position\":1,\"name\":\"Home\",\"item\":\"https:\\\/\\\/scientiarum.fi\\\/\"},{\"@type\":\"ListItem\",\"position\":2,\"name\":\"Tietoa meist\u00e4\",\"item\":\"https:\\\/\\\/scientiarum.fi\\\/fi\\\/tietoa-meista\\\/\"},{\"@type\":\"ListItem\",\"position\":3,\"name\":\"Fanfaari\"}]},{\"@type\":\"WebSite\",\"@id\":\"https:\\\/\\\/scientiarum.fi\\\/#website\",\"url\":\"https:\\\/\\\/scientiarum.fi\\\/\",\"name\":\"Finska Vetenskaps-Societeten\",\"description\":\"\",\"publisher\":{\"@id\":\"https:\\\/\\\/scientiarum.fi\\\/#organization\"},\"potentialAction\":[{\"@type\":\"SearchAction\",\"target\":{\"@type\":\"EntryPoint\",\"urlTemplate\":\"https:\\\/\\\/scientiarum.fi\\\/?s={search_term_string}\"},\"query-input\":{\"@type\":\"PropertyValueSpecification\",\"valueRequired\":true,\"valueName\":\"search_term_string\"}}],\"inLanguage\":\"fi\"},{\"@type\":\"Organization\",\"@id\":\"https:\\\/\\\/scientiarum.fi\\\/#organization\",\"name\":\"Finska Vetenskaps-Societeten\",\"url\":\"https:\\\/\\\/scientiarum.fi\\\/\",\"logo\":{\"@type\":\"ImageObject\",\"inLanguage\":\"fi\",\"@id\":\"https:\\\/\\\/scientiarum.fi\\\/#\\\/schema\\\/logo\\\/image\\\/\",\"url\":\"\",\"contentUrl\":\"\",\"caption\":\"Finska Vetenskaps-Societeten\"},\"image\":{\"@id\":\"https:\\\/\\\/scientiarum.fi\\\/#\\\/schema\\\/logo\\\/image\\\/\"},\"sameAs\":[\"https:\\\/\\\/www.facebook.com\\\/societas.scientiarum\",\"https:\\\/\\\/x.com\\\/tiedeseura\",\"https:\\\/\\\/www.linkedin.com\\\/company\\\/finska-vetenskaps-societeten-the-finnish-society-of-sciences-and-letters\\\/\"]}]}<\/script>\n<!-- \/ Yoast SEO plugin. -->","yoast_head_json":{"title":"Fanfaari - Suomen Tiedeseura","robots":{"index":"index","follow":"follow","max-snippet":"max-snippet:-1","max-image-preview":"max-image-preview:large","max-video-preview":"max-video-preview:-1"},"canonical":"https:\/\/scientiarum.fi\/om-oss\/fanfar\/","og_locale":"fi_FI","og_type":"article","og_title":"Fanfaari - Suomen Tiedeseura","og_description":"FANFAARI Kantaesitys Tiedeseuran j\u00e4senen Eero Tarastin Tiedeseuralle s\u00e4velt\u00e4m\u00e4 fanfaari kantaesitettiin 18. huhtikuuta 2019, jolloin Arttu Sipil\u00e4 soitti fanfaarin \u201dFanfare, quasi improvisando\u201d Tiedeseuran kokouksessa. Kuuntele fanfaari \u201dFanfare, quasi improvisando\u201d t\u00e4st\u00e4 N\u00e4e nuotit t\u00e4st\u00e4","og_url":"https:\/\/scientiarum.fi\/om-oss\/fanfar\/","og_site_name":"Suomen Tiedeseura","article_publisher":"https:\/\/www.facebook.com\/societas.scientiarum","article_modified_time":"2024-08-01T10:11:09+00:00","twitter_card":"summary_large_image","twitter_site":"@tiedeseura","twitter_misc":{"Arvioitu lukuaika":"1 minuutti"},"schema":{"@context":"https:\/\/schema.org","@graph":[{"@type":"WebPage","@id":"https:\/\/scientiarum.fi\/om-oss\/fanfar\/","url":"https:\/\/scientiarum.fi\/om-oss\/fanfar\/","name":"Fanfaari - Suomen Tiedeseura","isPartOf":{"@id":"https:\/\/scientiarum.fi\/#website"},"datePublished":"2023-05-15T11:16:18+00:00","dateModified":"2024-08-01T10:11:09+00:00","breadcrumb":{"@id":"https:\/\/scientiarum.fi\/om-oss\/fanfar\/#breadcrumb"},"inLanguage":"fi","potentialAction":[{"@type":"ReadAction","target":["https:\/\/scientiarum.fi\/om-oss\/fanfar\/"]}]},{"@type":"BreadcrumbList","@id":"https:\/\/scientiarum.fi\/om-oss\/fanfar\/#breadcrumb","itemListElement":[{"@type":"ListItem","position":1,"name":"Home","item":"https:\/\/scientiarum.fi\/"},{"@type":"ListItem","position":2,"name":"Tietoa meist\u00e4","item":"https:\/\/scientiarum.fi\/fi\/tietoa-meista\/"},{"@type":"ListItem","position":3,"name":"Fanfaari"}]},{"@type":"WebSite","@id":"https:\/\/scientiarum.fi\/#website","url":"https:\/\/scientiarum.fi\/","name":"Finska Vetenskaps-Societeten","description":"","publisher":{"@id":"https:\/\/scientiarum.fi\/#organization"},"potentialAction":[{"@type":"SearchAction","target":{"@type":"EntryPoint","urlTemplate":"https:\/\/scientiarum.fi\/?s={search_term_string}"},"query-input":{"@type":"PropertyValueSpecification","valueRequired":true,"valueName":"search_term_string"}}],"inLanguage":"fi"},{"@type":"Organization","@id":"https:\/\/scientiarum.fi\/#organization","name":"Finska Vetenskaps-Societeten","url":"https:\/\/scientiarum.fi\/","logo":{"@type":"ImageObject","inLanguage":"fi","@id":"https:\/\/scientiarum.fi\/#\/schema\/logo\/image\/","url":"","contentUrl":"","caption":"Finska Vetenskaps-Societeten"},"image":{"@id":"https:\/\/scientiarum.fi\/#\/schema\/logo\/image\/"},"sameAs":["https:\/\/www.facebook.com\/societas.scientiarum","https:\/\/x.com\/tiedeseura","https:\/\/www.linkedin.com\/company\/finska-vetenskaps-societeten-the-finnish-society-of-sciences-and-letters\/"]}]}},"_links":{"self":[{"href":"https:\/\/scientiarum.fi\/fi\/wp-json\/wp\/v2\/pages\/1305","targetHints":{"allow":["GET"]}}],"collection":[{"href":"https:\/\/scientiarum.fi\/fi\/wp-json\/wp\/v2\/pages"}],"about":[{"href":"https:\/\/scientiarum.fi\/fi\/wp-json\/wp\/v2\/types\/page"}],"author":[{"embeddable":true,"href":"https:\/\/scientiarum.fi\/fi\/wp-json\/wp\/v2\/users\/2"}],"replies":[{"embeddable":true,"href":"https:\/\/scientiarum.fi\/fi\/wp-json\/wp\/v2\/comments?post=1305"}],"version-history":[{"count":4,"href":"https:\/\/scientiarum.fi\/fi\/wp-json\/wp\/v2\/pages\/1305\/revisions"}],"predecessor-version":[{"id":5390,"href":"https:\/\/scientiarum.fi\/fi\/wp-json\/wp\/v2\/pages\/1305\/revisions\/5390"}],"up":[{"embeddable":true,"href":"https:\/\/scientiarum.fi\/fi\/wp-json\/wp\/v2\/pages\/1266"}],"wp:attachment":[{"href":"https:\/\/scientiarum.fi\/fi\/wp-json\/wp\/v2\/media?parent=1305"}],"curies":[{"name":"wp","href":"https:\/\/api.w.org\/{rel}","templated":true}]}}