{"id":1290,"date":"2023-05-15T14:15:23","date_gmt":"2023-05-15T11:15:23","guid":{"rendered":"https:\/\/scientiarum.fi\/tietoa-meista\/lahjoitukset\/"},"modified":"2024-08-01T13:06:04","modified_gmt":"2024-08-01T10:06:04","slug":"lahjoitukset","status":"publish","type":"page","link":"https:\/\/scientiarum.fi\/fi\/tietoa-meista\/lahjoitukset\/","title":{"rendered":"Lahjoitukset"},"content":{"rendered":"<p>[et_pb_section fb_built=&#8221;1&#8243; _builder_version=&#8221;4.21.0&#8243; _module_preset=&#8221;default&#8221; global_colors_info=&#8221;{}&#8221;][et_pb_row _builder_version=&#8221;4.21.0&#8243; _module_preset=&#8221;default&#8221; custom_margin=&#8221;0px||0px||false|false&#8221; custom_padding=&#8221;0px||0px||false|false&#8221; global_colors_info=&#8221;{}&#8221;][et_pb_column type=&#8221;4_4&#8243; _builder_version=&#8221;4.21.0&#8243; _module_preset=&#8221;default&#8221; global_colors_info=&#8221;{}&#8221;][et_pb_image src=&#8221;https:\/\/scientiarum.fi\/wp-content\/uploads\/2023\/06\/banner-small.jpg&#8221; title_text=&#8221;banner-small&#8221; _builder_version=&#8221;4.21.0&#8243; _module_preset=&#8221;default&#8221; global_colors_info=&#8221;{}&#8221;][\/et_pb_image][\/et_pb_column][\/et_pb_row][et_pb_row column_structure=&#8221;1_5,3_5,1_5&#8243; _builder_version=&#8221;4.21.0&#8243; _module_preset=&#8221;default&#8221; custom_margin=&#8221;50px||0px||false|false&#8221; custom_padding=&#8221;0px||0px||false|false&#8221; global_colors_info=&#8221;{}&#8221;][et_pb_column type=&#8221;1_5&#8243; _builder_version=&#8221;4.21.0&#8243; _module_preset=&#8221;default&#8221; global_colors_info=&#8221;{}&#8221;][\/et_pb_column][et_pb_column type=&#8221;3_5&#8243; _builder_version=&#8221;4.21.0&#8243; _module_preset=&#8221;default&#8221; global_colors_info=&#8221;{}&#8221;][et_pb_text module_class=&#8221;defwp&#8221; _builder_version=&#8221;4.27.0&#8243; _module_preset=&#8221;4e383309-b084-4f1a-86bb-b39ea5e11bb7&#8243; hover_enabled=&#8221;0&#8243; global_colors_info=&#8221;{}&#8221; sticky_enabled=&#8221;0&#8243;]<\/p>\n<h1>Lahjoitukset ja testamentit<\/h1>\n<p>Suomen Tiedeseuran toiminta perustuu valtaosin lahjoituksin tai testamenteilla saatuun varallisuuteen. N\u00e4it\u00e4 lahjoituksia on saatu seuran historian eri aikoina. Korkeatasoista tiedett\u00e4 voidaan viel\u00e4 nyky\u00e4\u00e4n tehokkaasti edist\u00e4\u00e4 tukemalla Tiedeseuraa. Alempana on ohjeita ja neuvoja niille, jotka haluavat tarkempia tietoja Tiedeseuran tukemisesta.<\/p>\n<h2>Lahjoitus ja testamentti<\/h2>\n<p>Yksityishenkil\u00f6t ja yritykset voivat tehd\u00e4 lahjoituksen tai testamentata omaisuutta Suomen Tiedeseuralle.<\/p>\n<p>Lahjoitusten ja testamenttisaantojen avulla voit tukea Suomen Tiedeseuran tarkoitusta edist\u00e4\u00e4 tieteit\u00e4 muun muassa julkaisutoiminnalla, jakamalla palkintoja ja tutkimusapurahoja sek\u00e4 j\u00e4rjest\u00e4m\u00e4ll\u00e4 esitelm\u00e4tilaisuuksia ja kokouksia.<\/p>\n<p>Jokainen lahjoitus tai Suomen Tiedeseuran hyv\u00e4ksi laadittu testamentti on yhdistyksellemme t\u00e4rke\u00e4. Lahjoittaja ja testamentin tekij\u00e4 voi itse valita lahjoitettavan tai testamentattavan summan sek\u00e4 k\u00e4ytt\u00f6tarkoituksen, johon lahjoitetut tai testamentatut varat halutaan yhdistyksess\u00e4mme ohjattavaksi. Tarkempia tietoja tutkimusapurahoista ja niiden my\u00f6nt\u00e4misest\u00e4 l\u00f6ytyy oheisen <a href=\"https:\/\/scientiarum.fi\/fi\/apurahat-ja-palkinnot\/palkinto\/\">linkin<\/a> kautta.<\/p>\n<p>Lahjoitettava tai testamentattava omaisuus voi olla rahavaroja tai esim. asunto- tai muita osakkeita tai kiinte\u00e4\u00e4 omaisuutta.<\/p>\n<p>Yli 100.000 euron lahjoituksista tai testamenttisaannoista voidaan perustaa nimikkorahasto. Nimikkorahaston avulla rahat voidaan ohjata tiettyyn lahjoittajan tai testamentin tekij\u00e4n toivomaan tarkoitukseen. Nimikkorahasto voidaan nimet\u00e4 lahjoittajan tai testamentin tekij\u00e4n mukaan.<\/p>\n<p>Lis\u00e4tietoja lahjoituksiin ja testamentteihin liittyen antaa yhdistyksen varainhoitaja professori Niklas Bruun (puh. 050 599 6801, s\u00e4hk\u00f6posti <a href=\"mailto:bruun@scientiarum.fi\">bruun@scientiarum.fi)<\/a>.<\/p>\n<p>Testamentin tekemisess\u00e4 kannattaa huomioida, ett\u00e4 testamentti edellytt\u00e4\u00e4 tiettyjen muotom\u00e4\u00e4r\u00e4ysten noudattamista. Suomen Tiedeseura suosittelee k\u00e4\u00e4ntym\u00e4\u00e4n perint\u00f6oikeudellisiin asioihin erikoistuneen asianajajan tai lakimiehen puoleen, jotta testamentti tulee oikein tehty\u00e4 ja johtaa testamentin tekij\u00e4n haluamaan lopputulokseen. Suomen Tiedeseura voi tarvittaessa avustaa asianajajan hankkimisessa. Suomen Tiedeseuran hyv\u00e4ksi teht\u00e4viss\u00e4 testamenteissa yhdistys voi korvata testamentin laatimisesta aiheutuvat kulut.<\/p>\n<h2>Verotus<\/h2>\n<p>Suomen Tiedeseura ei ole perint\u00f6- tai lahjaverovelvollinen, jolloin lahjoitetut ja testamentatut varat voidaan k\u00e4ytt\u00e4\u00e4 kokonaan tieteen edist\u00e4miseen.<\/p>\n<p>Suomen Tiedeseuralle lahjoituksen tehnyt yritys on verohallinnon p\u00e4\u00e4t\u00f6ksell\u00e4 oikeutettu v\u00e4hent\u00e4m\u00e4\u00e4n verotuksessaan v\u00e4hint\u00e4\u00e4n 850 euron ja enint\u00e4\u00e4n 50.000 euron suuruisen rahalahjoituksen. P\u00e4\u00e4t\u00f6s on voimassa vuosina 2022-2026.<\/p>\n<p>[\/et_pb_text][\/et_pb_column][et_pb_column type=&#8221;1_5&#8243; _builder_version=&#8221;4.21.0&#8243; _module_preset=&#8221;default&#8221; global_colors_info=&#8221;{}&#8221;][\/et_pb_column][\/et_pb_row][\/et_pb_section]<\/p>\n","protected":false},"excerpt":{"rendered":"<p>Lahjoitukset ja testamentit Suomen Tiedeseuran toiminta perustuu valtaosin lahjoituksin tai testamenteilla saatuun varallisuuteen. N\u00e4it\u00e4 lahjoituksia on saatu seuran historian eri aikoina. Korkeatasoista tiedett\u00e4 voidaan viel\u00e4 nyky\u00e4\u00e4n tehokkaasti edist\u00e4\u00e4 tukemalla Tiedeseuraa. Alempana on ohjeita ja neuvoja niille, jotka haluavat tarkempia tietoja Tiedeseuran tukemisesta. Lahjoitus ja testamentti Yksityishenkil\u00f6t ja yritykset voivat tehd\u00e4 lahjoituksen tai testamentata omaisuutta Suomen [&hellip;]<\/p>\n","protected":false},"author":2,"featured_media":0,"parent":1266,"menu_order":0,"comment_status":"closed","ping_status":"closed","template":"","meta":{"_acf_changed":false,"_et_pb_use_builder":"on","_et_pb_old_content":"","_et_gb_content_width":"","footnotes":""},"class_list":["post-1290","page","type-page","status-publish","hentry"],"acf":[],"yoast_head":"<!-- This site is optimized with the Yoast SEO plugin v27.4 - https:\/\/yoast.com\/product\/yoast-seo-wordpress\/ -->\n<title>Lahjoitukset - Suomen Tiedeseura<\/title>\n<meta name=\"robots\" content=\"index, follow, max-snippet:-1, max-image-preview:large, max-video-preview:-1\" \/>\n<link rel=\"canonical\" href=\"https:\/\/scientiarum.fi\/om-oss\/donationer\/\" \/>\n<meta property=\"og:locale\" content=\"fi_FI\" \/>\n<meta property=\"og:type\" content=\"article\" \/>\n<meta property=\"og:title\" content=\"Lahjoitukset - Suomen Tiedeseura\" \/>\n<meta property=\"og:description\" content=\"Lahjoitukset ja testamentit Suomen Tiedeseuran toiminta perustuu valtaosin lahjoituksin tai testamenteilla saatuun varallisuuteen. N\u00e4it\u00e4 lahjoituksia on saatu seuran historian eri aikoina. Korkeatasoista tiedett\u00e4 voidaan viel\u00e4 nyky\u00e4\u00e4n tehokkaasti edist\u00e4\u00e4 tukemalla Tiedeseuraa. Alempana on ohjeita ja neuvoja niille, jotka haluavat tarkempia tietoja Tiedeseuran tukemisesta. Lahjoitus ja testamentti Yksityishenkil\u00f6t ja yritykset voivat tehd\u00e4 lahjoituksen tai testamentata omaisuutta Suomen [&hellip;]\" \/>\n<meta property=\"og:url\" content=\"https:\/\/scientiarum.fi\/om-oss\/donationer\/\" \/>\n<meta property=\"og:site_name\" content=\"Suomen Tiedeseura\" \/>\n<meta property=\"article:publisher\" content=\"https:\/\/www.facebook.com\/societas.scientiarum\" \/>\n<meta property=\"article:modified_time\" content=\"2024-08-01T10:06:04+00:00\" \/>\n<meta name=\"twitter:card\" content=\"summary_large_image\" \/>\n<meta name=\"twitter:site\" content=\"@tiedeseura\" \/>\n<meta name=\"twitter:label1\" content=\"Arvioitu lukuaika\" \/>\n\t<meta name=\"twitter:data1\" content=\"2 minuuttia\" \/>\n<script type=\"application\/ld+json\" class=\"yoast-schema-graph\">{\"@context\":\"https:\\\/\\\/schema.org\",\"@graph\":[{\"@type\":\"WebPage\",\"@id\":\"https:\\\/\\\/scientiarum.fi\\\/om-oss\\\/donationer\\\/\",\"url\":\"https:\\\/\\\/scientiarum.fi\\\/om-oss\\\/donationer\\\/\",\"name\":\"Lahjoitukset - Suomen Tiedeseura\",\"isPartOf\":{\"@id\":\"https:\\\/\\\/scientiarum.fi\\\/#website\"},\"datePublished\":\"2023-05-15T11:15:23+00:00\",\"dateModified\":\"2024-08-01T10:06:04+00:00\",\"breadcrumb\":{\"@id\":\"https:\\\/\\\/scientiarum.fi\\\/om-oss\\\/donationer\\\/#breadcrumb\"},\"inLanguage\":\"fi\",\"potentialAction\":[{\"@type\":\"ReadAction\",\"target\":[\"https:\\\/\\\/scientiarum.fi\\\/om-oss\\\/donationer\\\/\"]}]},{\"@type\":\"BreadcrumbList\",\"@id\":\"https:\\\/\\\/scientiarum.fi\\\/om-oss\\\/donationer\\\/#breadcrumb\",\"itemListElement\":[{\"@type\":\"ListItem\",\"position\":1,\"name\":\"Home\",\"item\":\"https:\\\/\\\/scientiarum.fi\\\/\"},{\"@type\":\"ListItem\",\"position\":2,\"name\":\"Tietoa meist\u00e4\",\"item\":\"https:\\\/\\\/scientiarum.fi\\\/fi\\\/tietoa-meista\\\/\"},{\"@type\":\"ListItem\",\"position\":3,\"name\":\"Lahjoitukset\"}]},{\"@type\":\"WebSite\",\"@id\":\"https:\\\/\\\/scientiarum.fi\\\/#website\",\"url\":\"https:\\\/\\\/scientiarum.fi\\\/\",\"name\":\"Finska Vetenskaps-Societeten\",\"description\":\"\",\"publisher\":{\"@id\":\"https:\\\/\\\/scientiarum.fi\\\/#organization\"},\"potentialAction\":[{\"@type\":\"SearchAction\",\"target\":{\"@type\":\"EntryPoint\",\"urlTemplate\":\"https:\\\/\\\/scientiarum.fi\\\/?s={search_term_string}\"},\"query-input\":{\"@type\":\"PropertyValueSpecification\",\"valueRequired\":true,\"valueName\":\"search_term_string\"}}],\"inLanguage\":\"fi\"},{\"@type\":\"Organization\",\"@id\":\"https:\\\/\\\/scientiarum.fi\\\/#organization\",\"name\":\"Finska Vetenskaps-Societeten\",\"url\":\"https:\\\/\\\/scientiarum.fi\\\/\",\"logo\":{\"@type\":\"ImageObject\",\"inLanguage\":\"fi\",\"@id\":\"https:\\\/\\\/scientiarum.fi\\\/#\\\/schema\\\/logo\\\/image\\\/\",\"url\":\"\",\"contentUrl\":\"\",\"caption\":\"Finska Vetenskaps-Societeten\"},\"image\":{\"@id\":\"https:\\\/\\\/scientiarum.fi\\\/#\\\/schema\\\/logo\\\/image\\\/\"},\"sameAs\":[\"https:\\\/\\\/www.facebook.com\\\/societas.scientiarum\",\"https:\\\/\\\/x.com\\\/tiedeseura\",\"https:\\\/\\\/www.linkedin.com\\\/company\\\/finska-vetenskaps-societeten-the-finnish-society-of-sciences-and-letters\\\/\"]}]}<\/script>\n<!-- \/ Yoast SEO plugin. -->","yoast_head_json":{"title":"Lahjoitukset - Suomen Tiedeseura","robots":{"index":"index","follow":"follow","max-snippet":"max-snippet:-1","max-image-preview":"max-image-preview:large","max-video-preview":"max-video-preview:-1"},"canonical":"https:\/\/scientiarum.fi\/om-oss\/donationer\/","og_locale":"fi_FI","og_type":"article","og_title":"Lahjoitukset - Suomen Tiedeseura","og_description":"Lahjoitukset ja testamentit Suomen Tiedeseuran toiminta perustuu valtaosin lahjoituksin tai testamenteilla saatuun varallisuuteen. N\u00e4it\u00e4 lahjoituksia on saatu seuran historian eri aikoina. Korkeatasoista tiedett\u00e4 voidaan viel\u00e4 nyky\u00e4\u00e4n tehokkaasti edist\u00e4\u00e4 tukemalla Tiedeseuraa. Alempana on ohjeita ja neuvoja niille, jotka haluavat tarkempia tietoja Tiedeseuran tukemisesta. Lahjoitus ja testamentti Yksityishenkil\u00f6t ja yritykset voivat tehd\u00e4 lahjoituksen tai testamentata omaisuutta Suomen [&hellip;]","og_url":"https:\/\/scientiarum.fi\/om-oss\/donationer\/","og_site_name":"Suomen Tiedeseura","article_publisher":"https:\/\/www.facebook.com\/societas.scientiarum","article_modified_time":"2024-08-01T10:06:04+00:00","twitter_card":"summary_large_image","twitter_site":"@tiedeseura","twitter_misc":{"Arvioitu lukuaika":"2 minuuttia"},"schema":{"@context":"https:\/\/schema.org","@graph":[{"@type":"WebPage","@id":"https:\/\/scientiarum.fi\/om-oss\/donationer\/","url":"https:\/\/scientiarum.fi\/om-oss\/donationer\/","name":"Lahjoitukset - Suomen Tiedeseura","isPartOf":{"@id":"https:\/\/scientiarum.fi\/#website"},"datePublished":"2023-05-15T11:15:23+00:00","dateModified":"2024-08-01T10:06:04+00:00","breadcrumb":{"@id":"https:\/\/scientiarum.fi\/om-oss\/donationer\/#breadcrumb"},"inLanguage":"fi","potentialAction":[{"@type":"ReadAction","target":["https:\/\/scientiarum.fi\/om-oss\/donationer\/"]}]},{"@type":"BreadcrumbList","@id":"https:\/\/scientiarum.fi\/om-oss\/donationer\/#breadcrumb","itemListElement":[{"@type":"ListItem","position":1,"name":"Home","item":"https:\/\/scientiarum.fi\/"},{"@type":"ListItem","position":2,"name":"Tietoa meist\u00e4","item":"https:\/\/scientiarum.fi\/fi\/tietoa-meista\/"},{"@type":"ListItem","position":3,"name":"Lahjoitukset"}]},{"@type":"WebSite","@id":"https:\/\/scientiarum.fi\/#website","url":"https:\/\/scientiarum.fi\/","name":"Finska Vetenskaps-Societeten","description":"","publisher":{"@id":"https:\/\/scientiarum.fi\/#organization"},"potentialAction":[{"@type":"SearchAction","target":{"@type":"EntryPoint","urlTemplate":"https:\/\/scientiarum.fi\/?s={search_term_string}"},"query-input":{"@type":"PropertyValueSpecification","valueRequired":true,"valueName":"search_term_string"}}],"inLanguage":"fi"},{"@type":"Organization","@id":"https:\/\/scientiarum.fi\/#organization","name":"Finska Vetenskaps-Societeten","url":"https:\/\/scientiarum.fi\/","logo":{"@type":"ImageObject","inLanguage":"fi","@id":"https:\/\/scientiarum.fi\/#\/schema\/logo\/image\/","url":"","contentUrl":"","caption":"Finska Vetenskaps-Societeten"},"image":{"@id":"https:\/\/scientiarum.fi\/#\/schema\/logo\/image\/"},"sameAs":["https:\/\/www.facebook.com\/societas.scientiarum","https:\/\/x.com\/tiedeseura","https:\/\/www.linkedin.com\/company\/finska-vetenskaps-societeten-the-finnish-society-of-sciences-and-letters\/"]}]}},"_links":{"self":[{"href":"https:\/\/scientiarum.fi\/fi\/wp-json\/wp\/v2\/pages\/1290","targetHints":{"allow":["GET"]}}],"collection":[{"href":"https:\/\/scientiarum.fi\/fi\/wp-json\/wp\/v2\/pages"}],"about":[{"href":"https:\/\/scientiarum.fi\/fi\/wp-json\/wp\/v2\/types\/page"}],"author":[{"embeddable":true,"href":"https:\/\/scientiarum.fi\/fi\/wp-json\/wp\/v2\/users\/2"}],"replies":[{"embeddable":true,"href":"https:\/\/scientiarum.fi\/fi\/wp-json\/wp\/v2\/comments?post=1290"}],"version-history":[{"count":3,"href":"https:\/\/scientiarum.fi\/fi\/wp-json\/wp\/v2\/pages\/1290\/revisions"}],"predecessor-version":[{"id":5388,"href":"https:\/\/scientiarum.fi\/fi\/wp-json\/wp\/v2\/pages\/1290\/revisions\/5388"}],"up":[{"embeddable":true,"href":"https:\/\/scientiarum.fi\/fi\/wp-json\/wp\/v2\/pages\/1266"}],"wp:attachment":[{"href":"https:\/\/scientiarum.fi\/fi\/wp-json\/wp\/v2\/media?parent=1290"}],"curies":[{"name":"wp","href":"https:\/\/api.w.org\/{rel}","templated":true}]}}