{"id":1266,"date":"2023-05-15T14:08:47","date_gmt":"2023-05-15T11:08:47","guid":{"rendered":"https:\/\/scientiarum.fi\/tietoa-meista\/"},"modified":"2024-08-01T12:41:36","modified_gmt":"2024-08-01T09:41:36","slug":"tietoa-meista","status":"publish","type":"page","link":"https:\/\/scientiarum.fi\/fi\/tietoa-meista\/","title":{"rendered":"Tietoa meist\u00e4"},"content":{"rendered":"<p>[et_pb_section fb_built=&#8221;1&#8243; _builder_version=&#8221;4.21.0&#8243; _module_preset=&#8221;default&#8221; global_colors_info=&#8221;{}&#8221;][et_pb_row _builder_version=&#8221;4.21.0&#8243; _module_preset=&#8221;default&#8221; custom_margin=&#8221;0px||0px||false|false&#8221; custom_padding=&#8221;0px||0px||false|false&#8221; global_colors_info=&#8221;{}&#8221;][et_pb_column type=&#8221;4_4&#8243; _builder_version=&#8221;4.21.0&#8243; _module_preset=&#8221;default&#8221; global_colors_info=&#8221;{}&#8221;][et_pb_image src=&#8221;https:\/\/scientiarum.fi\/wp-content\/uploads\/2023\/06\/post-pic31.jpg&#8221; title_text=&#8221;post-pic31&#8243; _builder_version=&#8221;4.21.0&#8243; _module_preset=&#8221;default&#8221; global_colors_info=&#8221;{}&#8221;][\/et_pb_image][\/et_pb_column][\/et_pb_row][et_pb_row column_structure=&#8221;1_5,3_5,1_5&#8243; _builder_version=&#8221;4.21.0&#8243; _module_preset=&#8221;default&#8221; custom_padding=&#8221;||0px||false|false&#8221; global_colors_info=&#8221;{}&#8221;][et_pb_column type=&#8221;1_5&#8243; _builder_version=&#8221;4.21.0&#8243; _module_preset=&#8221;default&#8221; global_colors_info=&#8221;{}&#8221;][\/et_pb_column][et_pb_column type=&#8221;3_5&#8243; _builder_version=&#8221;4.21.0&#8243; _module_preset=&#8221;default&#8221; global_colors_info=&#8221;{}&#8221;][et_pb_text module_id=&#8221;about-us-txt&#8221; module_class=&#8221;defwp&#8221; _builder_version=&#8221;4.27.0&#8243; _module_preset=&#8221;4e383309-b084-4f1a-86bb-b39ea5e11bb7&#8243; header_2_font=&#8221;||on||||||&#8221; header_2_text_align=&#8221;left&#8221; hover_enabled=&#8221;0&#8243; global_colors_info=&#8221;{}&#8221; header_font_size_last_edited=&#8221;on|tablet&#8221; sticky_enabled=&#8221;0&#8243;]<\/p>\n<h1>Tietoa meist\u00e4<\/h1>\n<p><strong>Suomen Tiedeseura<\/strong> on vuonna 1838 perustettu kaikkien tieteenalojen tiedeakatemia. Sen tavoitteena on edist\u00e4\u00e4 tieteellist\u00e4 keskustelua ja julkaista erityisesti luonnontieteellist\u00e4 ja humanistista kirjallisuutta. Tiedeseura:<\/p>\n<ul>\n<li>j\u00e4rjest\u00e4\u00e4 julkisia esitelm\u00e4tilaisuuksia, seminaareja ja symposiumeja,<\/li>\n<li>julkaisee tieteellist\u00e4 kirjallisuutta,<\/li>\n<li>my\u00f6nt\u00e4\u00e4 apurahoja ja palkintoja,<\/li>\n<li>edist\u00e4\u00e4 tiedeyhteis\u00f6jen yhteyksi\u00e4 sek\u00e4 Suomessa ett\u00e4 ulkomailla ja<\/li>\n<li>tarjoaa j\u00e4senille monia mahdollisuuksia poikkitieteelliseen yhteisty\u00f6h\u00f6n.<\/li>\n<\/ul>\n<h2>Tiedeseuran j\u00e4senet ja osastot<\/h2>\n<p>Suomen Tiedeseuran j\u00e4seniksi kutsutaan kotimaisia ja ulkomaisia tutkijoita tieteellisten ansioiden perusteella. Kuhunkin osastoon kuuluu 30 elini\u00e4ksi valittua varsinaista j\u00e4sent\u00e4. J\u00e4senen t\u00e4ytetty\u00e4 67 vuotta h\u00e4n siirtyy seniorij\u00e4seneksi t\u00e4ysin valtuuksin ja paikka vapautuu nuoremmalle.<\/p>\n<p>Seurassa on:<\/p>\n<p>I matemaattis-fysikaalinen,<br \/>II biotieteellinen,<br \/>III humanistinen,<br \/>IV yhteiskuntatieteellinen osasto.<\/p>\n<p>[\/et_pb_text][\/et_pb_column][et_pb_column type=&#8221;1_5&#8243; _builder_version=&#8221;4.21.0&#8243; _module_preset=&#8221;default&#8221; global_colors_info=&#8221;{}&#8221;][\/et_pb_column][\/et_pb_row][\/et_pb_section]<\/p>\n","protected":false},"excerpt":{"rendered":"<p>Tietoa meist\u00e4 Suomen Tiedeseura on vuonna 1838 perustettu kaikkien tieteenalojen tiedeakatemia. Sen tavoitteena on edist\u00e4\u00e4 tieteellist\u00e4 keskustelua ja julkaista erityisesti luonnontieteellist\u00e4 ja humanistista kirjallisuutta. Tiedeseura: j\u00e4rjest\u00e4\u00e4 julkisia esitelm\u00e4tilaisuuksia, seminaareja ja symposiumeja, julkaisee tieteellist\u00e4 kirjallisuutta, my\u00f6nt\u00e4\u00e4 apurahoja ja palkintoja, edist\u00e4\u00e4 tiedeyhteis\u00f6jen yhteyksi\u00e4 sek\u00e4 Suomessa ett\u00e4 ulkomailla ja tarjoaa j\u00e4senille monia mahdollisuuksia poikkitieteelliseen yhteisty\u00f6h\u00f6n. Tiedeseuran j\u00e4senet ja [&hellip;]<\/p>\n","protected":false},"author":2,"featured_media":0,"parent":0,"menu_order":0,"comment_status":"closed","ping_status":"closed","template":"","meta":{"_acf_changed":false,"_et_pb_use_builder":"on","_et_pb_old_content":"","_et_gb_content_width":"","footnotes":""},"class_list":["post-1266","page","type-page","status-publish","hentry"],"acf":[],"yoast_head":"<!-- This site is optimized with the Yoast SEO plugin v27.3 - https:\/\/yoast.com\/product\/yoast-seo-wordpress\/ -->\n<title>Tietoa meist\u00e4 - Suomen Tiedeseura<\/title>\n<meta name=\"robots\" content=\"index, follow, max-snippet:-1, max-image-preview:large, max-video-preview:-1\" \/>\n<link rel=\"canonical\" href=\"https:\/\/scientiarum.fi\/fi\/tietoa-meista\/\" \/>\n<meta property=\"og:locale\" content=\"fi_FI\" \/>\n<meta property=\"og:type\" content=\"article\" \/>\n<meta property=\"og:title\" content=\"Tietoa meist\u00e4 - Suomen Tiedeseura\" \/>\n<meta property=\"og:description\" content=\"Tietoa meist\u00e4 Suomen Tiedeseura on vuonna 1838 perustettu kaikkien tieteenalojen tiedeakatemia. Sen tavoitteena on edist\u00e4\u00e4 tieteellist\u00e4 keskustelua ja julkaista erityisesti luonnontieteellist\u00e4 ja humanistista kirjallisuutta. Tiedeseura: j\u00e4rjest\u00e4\u00e4 julkisia esitelm\u00e4tilaisuuksia, seminaareja ja symposiumeja, julkaisee tieteellist\u00e4 kirjallisuutta, my\u00f6nt\u00e4\u00e4 apurahoja ja palkintoja, edist\u00e4\u00e4 tiedeyhteis\u00f6jen yhteyksi\u00e4 sek\u00e4 Suomessa ett\u00e4 ulkomailla ja tarjoaa j\u00e4senille monia mahdollisuuksia poikkitieteelliseen yhteisty\u00f6h\u00f6n. Tiedeseuran j\u00e4senet ja [&hellip;]\" \/>\n<meta property=\"og:url\" content=\"https:\/\/scientiarum.fi\/fi\/tietoa-meista\/\" \/>\n<meta property=\"og:site_name\" content=\"Suomen Tiedeseura\" \/>\n<meta property=\"article:publisher\" content=\"https:\/\/www.facebook.com\/societas.scientiarum\" \/>\n<meta property=\"article:modified_time\" content=\"2024-08-01T09:41:36+00:00\" \/>\n<meta name=\"twitter:card\" content=\"summary_large_image\" \/>\n<meta name=\"twitter:site\" content=\"@tiedeseura\" \/>\n<meta name=\"twitter:label1\" content=\"Arvioitu lukuaika\" \/>\n\t<meta name=\"twitter:data1\" content=\"2 minuuttia\" \/>\n<script type=\"application\/ld+json\" class=\"yoast-schema-graph\">{\"@context\":\"https:\\\/\\\/schema.org\",\"@graph\":[{\"@type\":\"WebPage\",\"@id\":\"https:\\\/\\\/scientiarum.fi\\\/fi\\\/tietoa-meista\\\/\",\"url\":\"https:\\\/\\\/scientiarum.fi\\\/fi\\\/tietoa-meista\\\/\",\"name\":\"Tietoa meist\u00e4 - Suomen Tiedeseura\",\"isPartOf\":{\"@id\":\"https:\\\/\\\/scientiarum.fi\\\/#website\"},\"datePublished\":\"2023-05-15T11:08:47+00:00\",\"dateModified\":\"2024-08-01T09:41:36+00:00\",\"breadcrumb\":{\"@id\":\"https:\\\/\\\/scientiarum.fi\\\/fi\\\/tietoa-meista\\\/#breadcrumb\"},\"inLanguage\":\"fi\",\"potentialAction\":[{\"@type\":\"ReadAction\",\"target\":[\"https:\\\/\\\/scientiarum.fi\\\/fi\\\/tietoa-meista\\\/\"]}]},{\"@type\":\"BreadcrumbList\",\"@id\":\"https:\\\/\\\/scientiarum.fi\\\/fi\\\/tietoa-meista\\\/#breadcrumb\",\"itemListElement\":[{\"@type\":\"ListItem\",\"position\":1,\"name\":\"Home\",\"item\":\"https:\\\/\\\/scientiarum.fi\\\/\"},{\"@type\":\"ListItem\",\"position\":2,\"name\":\"Tietoa meist\u00e4\"}]},{\"@type\":\"WebSite\",\"@id\":\"https:\\\/\\\/scientiarum.fi\\\/#website\",\"url\":\"https:\\\/\\\/scientiarum.fi\\\/\",\"name\":\"Finska Vetenskaps-Societeten\",\"description\":\"\",\"publisher\":{\"@id\":\"https:\\\/\\\/scientiarum.fi\\\/#organization\"},\"potentialAction\":[{\"@type\":\"SearchAction\",\"target\":{\"@type\":\"EntryPoint\",\"urlTemplate\":\"https:\\\/\\\/scientiarum.fi\\\/?s={search_term_string}\"},\"query-input\":{\"@type\":\"PropertyValueSpecification\",\"valueRequired\":true,\"valueName\":\"search_term_string\"}}],\"inLanguage\":\"fi\"},{\"@type\":\"Organization\",\"@id\":\"https:\\\/\\\/scientiarum.fi\\\/#organization\",\"name\":\"Finska Vetenskaps-Societeten\",\"url\":\"https:\\\/\\\/scientiarum.fi\\\/\",\"logo\":{\"@type\":\"ImageObject\",\"inLanguage\":\"fi\",\"@id\":\"https:\\\/\\\/scientiarum.fi\\\/#\\\/schema\\\/logo\\\/image\\\/\",\"url\":\"\",\"contentUrl\":\"\",\"caption\":\"Finska Vetenskaps-Societeten\"},\"image\":{\"@id\":\"https:\\\/\\\/scientiarum.fi\\\/#\\\/schema\\\/logo\\\/image\\\/\"},\"sameAs\":[\"https:\\\/\\\/www.facebook.com\\\/societas.scientiarum\",\"https:\\\/\\\/x.com\\\/tiedeseura\",\"https:\\\/\\\/www.linkedin.com\\\/company\\\/finska-vetenskaps-societeten-the-finnish-society-of-sciences-and-letters\\\/\"]}]}<\/script>\n<!-- \/ Yoast SEO plugin. -->","yoast_head_json":{"title":"Tietoa meist\u00e4 - Suomen Tiedeseura","robots":{"index":"index","follow":"follow","max-snippet":"max-snippet:-1","max-image-preview":"max-image-preview:large","max-video-preview":"max-video-preview:-1"},"canonical":"https:\/\/scientiarum.fi\/fi\/tietoa-meista\/","og_locale":"fi_FI","og_type":"article","og_title":"Tietoa meist\u00e4 - Suomen Tiedeseura","og_description":"Tietoa meist\u00e4 Suomen Tiedeseura on vuonna 1838 perustettu kaikkien tieteenalojen tiedeakatemia. Sen tavoitteena on edist\u00e4\u00e4 tieteellist\u00e4 keskustelua ja julkaista erityisesti luonnontieteellist\u00e4 ja humanistista kirjallisuutta. Tiedeseura: j\u00e4rjest\u00e4\u00e4 julkisia esitelm\u00e4tilaisuuksia, seminaareja ja symposiumeja, julkaisee tieteellist\u00e4 kirjallisuutta, my\u00f6nt\u00e4\u00e4 apurahoja ja palkintoja, edist\u00e4\u00e4 tiedeyhteis\u00f6jen yhteyksi\u00e4 sek\u00e4 Suomessa ett\u00e4 ulkomailla ja tarjoaa j\u00e4senille monia mahdollisuuksia poikkitieteelliseen yhteisty\u00f6h\u00f6n. Tiedeseuran j\u00e4senet ja [&hellip;]","og_url":"https:\/\/scientiarum.fi\/fi\/tietoa-meista\/","og_site_name":"Suomen Tiedeseura","article_publisher":"https:\/\/www.facebook.com\/societas.scientiarum","article_modified_time":"2024-08-01T09:41:36+00:00","twitter_card":"summary_large_image","twitter_site":"@tiedeseura","twitter_misc":{"Arvioitu lukuaika":"2 minuuttia"},"schema":{"@context":"https:\/\/schema.org","@graph":[{"@type":"WebPage","@id":"https:\/\/scientiarum.fi\/fi\/tietoa-meista\/","url":"https:\/\/scientiarum.fi\/fi\/tietoa-meista\/","name":"Tietoa meist\u00e4 - Suomen Tiedeseura","isPartOf":{"@id":"https:\/\/scientiarum.fi\/#website"},"datePublished":"2023-05-15T11:08:47+00:00","dateModified":"2024-08-01T09:41:36+00:00","breadcrumb":{"@id":"https:\/\/scientiarum.fi\/fi\/tietoa-meista\/#breadcrumb"},"inLanguage":"fi","potentialAction":[{"@type":"ReadAction","target":["https:\/\/scientiarum.fi\/fi\/tietoa-meista\/"]}]},{"@type":"BreadcrumbList","@id":"https:\/\/scientiarum.fi\/fi\/tietoa-meista\/#breadcrumb","itemListElement":[{"@type":"ListItem","position":1,"name":"Home","item":"https:\/\/scientiarum.fi\/"},{"@type":"ListItem","position":2,"name":"Tietoa meist\u00e4"}]},{"@type":"WebSite","@id":"https:\/\/scientiarum.fi\/#website","url":"https:\/\/scientiarum.fi\/","name":"Finska Vetenskaps-Societeten","description":"","publisher":{"@id":"https:\/\/scientiarum.fi\/#organization"},"potentialAction":[{"@type":"SearchAction","target":{"@type":"EntryPoint","urlTemplate":"https:\/\/scientiarum.fi\/?s={search_term_string}"},"query-input":{"@type":"PropertyValueSpecification","valueRequired":true,"valueName":"search_term_string"}}],"inLanguage":"fi"},{"@type":"Organization","@id":"https:\/\/scientiarum.fi\/#organization","name":"Finska Vetenskaps-Societeten","url":"https:\/\/scientiarum.fi\/","logo":{"@type":"ImageObject","inLanguage":"fi","@id":"https:\/\/scientiarum.fi\/#\/schema\/logo\/image\/","url":"","contentUrl":"","caption":"Finska Vetenskaps-Societeten"},"image":{"@id":"https:\/\/scientiarum.fi\/#\/schema\/logo\/image\/"},"sameAs":["https:\/\/www.facebook.com\/societas.scientiarum","https:\/\/x.com\/tiedeseura","https:\/\/www.linkedin.com\/company\/finska-vetenskaps-societeten-the-finnish-society-of-sciences-and-letters\/"]}]}},"_links":{"self":[{"href":"https:\/\/scientiarum.fi\/fi\/wp-json\/wp\/v2\/pages\/1266","targetHints":{"allow":["GET"]}}],"collection":[{"href":"https:\/\/scientiarum.fi\/fi\/wp-json\/wp\/v2\/pages"}],"about":[{"href":"https:\/\/scientiarum.fi\/fi\/wp-json\/wp\/v2\/types\/page"}],"author":[{"embeddable":true,"href":"https:\/\/scientiarum.fi\/fi\/wp-json\/wp\/v2\/users\/2"}],"replies":[{"embeddable":true,"href":"https:\/\/scientiarum.fi\/fi\/wp-json\/wp\/v2\/comments?post=1266"}],"version-history":[{"count":3,"href":"https:\/\/scientiarum.fi\/fi\/wp-json\/wp\/v2\/pages\/1266\/revisions"}],"predecessor-version":[{"id":5378,"href":"https:\/\/scientiarum.fi\/fi\/wp-json\/wp\/v2\/pages\/1266\/revisions\/5378"}],"wp:attachment":[{"href":"https:\/\/scientiarum.fi\/fi\/wp-json\/wp\/v2\/media?parent=1266"}],"curies":[{"name":"wp","href":"https:\/\/api.w.org\/{rel}","templated":true}]}}