{"id":1219,"date":"2023-05-15T14:13:06","date_gmt":"2023-05-15T11:13:06","guid":{"rendered":"https:\/\/scientiarum.fi\/tilaisuudet\/"},"modified":"2024-08-01T13:24:18","modified_gmt":"2024-08-01T10:24:18","slug":"kuukausikokoukset","status":"publish","type":"page","link":"https:\/\/scientiarum.fi\/fi\/tietoa-meista\/kuukausikokoukset\/","title":{"rendered":"Kuukausikokoukset"},"content":{"rendered":"<p>[et_pb_section fb_built=&#8221;1&#8243; _builder_version=&#8221;4.21.0&#8243; _module_preset=&#8221;default&#8221; global_colors_info=&#8221;{}&#8221;][et_pb_row _builder_version=&#8221;4.21.0&#8243; _module_preset=&#8221;default&#8221; custom_margin=&#8221;0px||0px||false|false&#8221; custom_padding=&#8221;0px||0px||false|false&#8221; global_colors_info=&#8221;{}&#8221;][et_pb_column type=&#8221;4_4&#8243; _builder_version=&#8221;4.21.0&#8243; _module_preset=&#8221;default&#8221; global_colors_info=&#8221;{}&#8221;][et_pb_image src=&#8221;https:\/\/scientiarum.fi\/wp-content\/uploads\/2023\/06\/page-pic1.jpg&#8221; title_text=&#8221;page-pic1&#8243; _builder_version=&#8221;4.21.0&#8243; _module_preset=&#8221;default&#8221; global_colors_info=&#8221;{}&#8221;][\/et_pb_image][\/et_pb_column][\/et_pb_row][et_pb_row column_structure=&#8221;1_3,2_3&#8243; _builder_version=&#8221;4.21.0&#8243; _module_preset=&#8221;default&#8221; custom_padding=&#8221;||0px||false|false&#8221; global_colors_info=&#8221;{}&#8221;][et_pb_column type=&#8221;1_3&#8243; _builder_version=&#8221;4.21.0&#8243; _module_preset=&#8221;default&#8221; global_colors_info=&#8221;{}&#8221;][et_pb_image src=&#8221;https:\/\/scientiarum.fi\/wp-content\/uploads\/2023\/06\/page-pic37.jpg&#8221; title_text=&#8221;page-pic37&#8243; _builder_version=&#8221;4.21.0&#8243; _module_preset=&#8221;default&#8221; global_colors_info=&#8221;{}&#8221;][\/et_pb_image][et_pb_image src=&#8221;https:\/\/scientiarum.fi\/wp-content\/uploads\/2023\/06\/page-pic2.jpg&#8221; title_text=&#8221;page-pic2&#8243; _builder_version=&#8221;4.21.0&#8243; _module_preset=&#8221;default&#8221; global_colors_info=&#8221;{}&#8221;][\/et_pb_image][et_pb_image src=&#8221;https:\/\/scientiarum.fi\/wp-content\/uploads\/2023\/06\/page-pic3.jpg&#8221; title_text=&#8221;page-pic3&#8243; _builder_version=&#8221;4.21.0&#8243; _module_preset=&#8221;default&#8221; global_colors_info=&#8221;{}&#8221;][\/et_pb_image][\/et_pb_column][et_pb_column type=&#8221;2_3&#8243; _builder_version=&#8221;4.21.0&#8243; _module_preset=&#8221;default&#8221; global_colors_info=&#8221;{}&#8221;][et_pb_text module_class=&#8221;defwp&#8221; _builder_version=&#8221;4.27.0&#8243; _module_preset=&#8221;4e383309-b084-4f1a-86bb-b39ea5e11bb7&#8243; header_font=&#8221;||on||||||&#8221; hover_enabled=&#8221;0&#8243; global_colors_info=&#8221;{}&#8221; header_font_size_last_edited=&#8221;on|tablet&#8221; sticky_enabled=&#8221;0&#8243;]<\/p>\n<h1>Kuukausikokoukset<\/h1>\n<p>Suomen Tiedeseura kokoontuu kerran kuussa, yleens\u00e4 kunkin kuukauden kolmantena maanantaina, klo 17 S\u00e4\u00e4tytalon salissa 15, Snellmaninkatu 9-11, Helsingin Kruununhaassa.<\/p>\n<p><strong>Huom! 18.9.2023 l\u00e4htien Tiedeseura kokoontuu Tieteiden talossa, Kirkkokatu 6, Helsinki (kunnes S\u00e4\u00e4tytalon remontti on valmis).<\/strong><\/p>\n<p>Kokouksen alussa Tiedeseuran j\u00e4senet pit\u00e4v\u00e4t yleis\u00f6lle avoimia esitelmi\u00e4. Osallistuminen vaatii kuitenkin ilmoittautumisen (societas@scientiarum.fi) viimeist\u00e4\u00e4n kokousta edelt\u00e4v\u00e4n\u00e4 keskiviikkona. Sen j\u00e4lkeen Tiedeseura pit\u00e4\u00e4 vain j\u00e4senilleen tarkoitetun kokouksen.<\/p>\n<p>[\/et_pb_text][\/et_pb_column][\/et_pb_row][\/et_pb_section]<\/p>\n","protected":false},"excerpt":{"rendered":"<p>Kuukausikokoukset Suomen Tiedeseura kokoontuu kerran kuussa, yleens\u00e4 kunkin kuukauden kolmantena maanantaina, klo 17 S\u00e4\u00e4tytalon salissa 15, Snellmaninkatu 9-11, Helsingin Kruununhaassa. Huom! 18.9.2023 l\u00e4htien Tiedeseura kokoontuu Tieteiden talossa, Kirkkokatu 6, Helsinki (kunnes S\u00e4\u00e4tytalon remontti on valmis). Kokouksen alussa Tiedeseuran j\u00e4senet pit\u00e4v\u00e4t yleis\u00f6lle avoimia esitelmi\u00e4. Osallistuminen vaatii kuitenkin ilmoittautumisen (societas@scientiarum.fi) viimeist\u00e4\u00e4n kokousta edelt\u00e4v\u00e4n\u00e4 keskiviikkona. Sen j\u00e4lkeen Tiedeseura [&hellip;]<\/p>\n","protected":false},"author":2,"featured_media":0,"parent":1266,"menu_order":0,"comment_status":"closed","ping_status":"closed","template":"","meta":{"_acf_changed":false,"_et_pb_use_builder":"on","_et_pb_old_content":"","_et_gb_content_width":"","footnotes":""},"class_list":["post-1219","page","type-page","status-publish","hentry"],"acf":[],"yoast_head":"<!-- This site is optimized with the Yoast SEO plugin v27.3 - https:\/\/yoast.com\/product\/yoast-seo-wordpress\/ -->\n<title>Kuukausikokoukset - Suomen Tiedeseura<\/title>\n<meta name=\"robots\" content=\"index, follow, max-snippet:-1, max-image-preview:large, max-video-preview:-1\" \/>\n<link rel=\"canonical\" href=\"https:\/\/scientiarum.fi\/om-oss\/ordinarie-motesprogram\/\" \/>\n<meta property=\"og:locale\" content=\"fi_FI\" \/>\n<meta property=\"og:type\" content=\"article\" \/>\n<meta property=\"og:title\" content=\"Kuukausikokoukset - Suomen Tiedeseura\" \/>\n<meta property=\"og:description\" content=\"Kuukausikokoukset Suomen Tiedeseura kokoontuu kerran kuussa, yleens\u00e4 kunkin kuukauden kolmantena maanantaina, klo 17 S\u00e4\u00e4tytalon salissa 15, Snellmaninkatu 9-11, Helsingin Kruununhaassa. Huom! 18.9.2023 l\u00e4htien Tiedeseura kokoontuu Tieteiden talossa, Kirkkokatu 6, Helsinki (kunnes S\u00e4\u00e4tytalon remontti on valmis). Kokouksen alussa Tiedeseuran j\u00e4senet pit\u00e4v\u00e4t yleis\u00f6lle avoimia esitelmi\u00e4. Osallistuminen vaatii kuitenkin ilmoittautumisen (societas@scientiarum.fi) viimeist\u00e4\u00e4n kokousta edelt\u00e4v\u00e4n\u00e4 keskiviikkona. Sen j\u00e4lkeen Tiedeseura [&hellip;]\" \/>\n<meta property=\"og:url\" content=\"https:\/\/scientiarum.fi\/om-oss\/ordinarie-motesprogram\/\" \/>\n<meta property=\"og:site_name\" content=\"Suomen Tiedeseura\" \/>\n<meta property=\"article:publisher\" content=\"https:\/\/www.facebook.com\/societas.scientiarum\" \/>\n<meta property=\"article:modified_time\" content=\"2024-08-01T10:24:18+00:00\" \/>\n<meta name=\"twitter:card\" content=\"summary_large_image\" \/>\n<meta name=\"twitter:site\" content=\"@tiedeseura\" \/>\n<meta name=\"twitter:label1\" content=\"Arvioitu lukuaika\" \/>\n\t<meta name=\"twitter:data1\" content=\"2 minuuttia\" \/>\n<script type=\"application\/ld+json\" class=\"yoast-schema-graph\">{\"@context\":\"https:\\\/\\\/schema.org\",\"@graph\":[{\"@type\":\"WebPage\",\"@id\":\"https:\\\/\\\/scientiarum.fi\\\/om-oss\\\/ordinarie-motesprogram\\\/\",\"url\":\"https:\\\/\\\/scientiarum.fi\\\/om-oss\\\/ordinarie-motesprogram\\\/\",\"name\":\"Kuukausikokoukset - Suomen Tiedeseura\",\"isPartOf\":{\"@id\":\"https:\\\/\\\/scientiarum.fi\\\/#website\"},\"datePublished\":\"2023-05-15T11:13:06+00:00\",\"dateModified\":\"2024-08-01T10:24:18+00:00\",\"breadcrumb\":{\"@id\":\"https:\\\/\\\/scientiarum.fi\\\/om-oss\\\/ordinarie-motesprogram\\\/#breadcrumb\"},\"inLanguage\":\"fi\",\"potentialAction\":[{\"@type\":\"ReadAction\",\"target\":[\"https:\\\/\\\/scientiarum.fi\\\/om-oss\\\/ordinarie-motesprogram\\\/\"]}]},{\"@type\":\"BreadcrumbList\",\"@id\":\"https:\\\/\\\/scientiarum.fi\\\/om-oss\\\/ordinarie-motesprogram\\\/#breadcrumb\",\"itemListElement\":[{\"@type\":\"ListItem\",\"position\":1,\"name\":\"Home\",\"item\":\"https:\\\/\\\/scientiarum.fi\\\/\"},{\"@type\":\"ListItem\",\"position\":2,\"name\":\"Tietoa meist\u00e4\",\"item\":\"https:\\\/\\\/scientiarum.fi\\\/fi\\\/tietoa-meista\\\/\"},{\"@type\":\"ListItem\",\"position\":3,\"name\":\"Kuukausikokoukset\"}]},{\"@type\":\"WebSite\",\"@id\":\"https:\\\/\\\/scientiarum.fi\\\/#website\",\"url\":\"https:\\\/\\\/scientiarum.fi\\\/\",\"name\":\"Finska Vetenskaps-Societeten\",\"description\":\"\",\"publisher\":{\"@id\":\"https:\\\/\\\/scientiarum.fi\\\/#organization\"},\"potentialAction\":[{\"@type\":\"SearchAction\",\"target\":{\"@type\":\"EntryPoint\",\"urlTemplate\":\"https:\\\/\\\/scientiarum.fi\\\/?s={search_term_string}\"},\"query-input\":{\"@type\":\"PropertyValueSpecification\",\"valueRequired\":true,\"valueName\":\"search_term_string\"}}],\"inLanguage\":\"fi\"},{\"@type\":\"Organization\",\"@id\":\"https:\\\/\\\/scientiarum.fi\\\/#organization\",\"name\":\"Finska Vetenskaps-Societeten\",\"url\":\"https:\\\/\\\/scientiarum.fi\\\/\",\"logo\":{\"@type\":\"ImageObject\",\"inLanguage\":\"fi\",\"@id\":\"https:\\\/\\\/scientiarum.fi\\\/#\\\/schema\\\/logo\\\/image\\\/\",\"url\":\"\",\"contentUrl\":\"\",\"caption\":\"Finska Vetenskaps-Societeten\"},\"image\":{\"@id\":\"https:\\\/\\\/scientiarum.fi\\\/#\\\/schema\\\/logo\\\/image\\\/\"},\"sameAs\":[\"https:\\\/\\\/www.facebook.com\\\/societas.scientiarum\",\"https:\\\/\\\/x.com\\\/tiedeseura\",\"https:\\\/\\\/www.linkedin.com\\\/company\\\/finska-vetenskaps-societeten-the-finnish-society-of-sciences-and-letters\\\/\"]}]}<\/script>\n<!-- \/ Yoast SEO plugin. -->","yoast_head_json":{"title":"Kuukausikokoukset - Suomen Tiedeseura","robots":{"index":"index","follow":"follow","max-snippet":"max-snippet:-1","max-image-preview":"max-image-preview:large","max-video-preview":"max-video-preview:-1"},"canonical":"https:\/\/scientiarum.fi\/om-oss\/ordinarie-motesprogram\/","og_locale":"fi_FI","og_type":"article","og_title":"Kuukausikokoukset - Suomen Tiedeseura","og_description":"Kuukausikokoukset Suomen Tiedeseura kokoontuu kerran kuussa, yleens\u00e4 kunkin kuukauden kolmantena maanantaina, klo 17 S\u00e4\u00e4tytalon salissa 15, Snellmaninkatu 9-11, Helsingin Kruununhaassa. Huom! 18.9.2023 l\u00e4htien Tiedeseura kokoontuu Tieteiden talossa, Kirkkokatu 6, Helsinki (kunnes S\u00e4\u00e4tytalon remontti on valmis). Kokouksen alussa Tiedeseuran j\u00e4senet pit\u00e4v\u00e4t yleis\u00f6lle avoimia esitelmi\u00e4. Osallistuminen vaatii kuitenkin ilmoittautumisen (societas@scientiarum.fi) viimeist\u00e4\u00e4n kokousta edelt\u00e4v\u00e4n\u00e4 keskiviikkona. Sen j\u00e4lkeen Tiedeseura [&hellip;]","og_url":"https:\/\/scientiarum.fi\/om-oss\/ordinarie-motesprogram\/","og_site_name":"Suomen Tiedeseura","article_publisher":"https:\/\/www.facebook.com\/societas.scientiarum","article_modified_time":"2024-08-01T10:24:18+00:00","twitter_card":"summary_large_image","twitter_site":"@tiedeseura","twitter_misc":{"Arvioitu lukuaika":"2 minuuttia"},"schema":{"@context":"https:\/\/schema.org","@graph":[{"@type":"WebPage","@id":"https:\/\/scientiarum.fi\/om-oss\/ordinarie-motesprogram\/","url":"https:\/\/scientiarum.fi\/om-oss\/ordinarie-motesprogram\/","name":"Kuukausikokoukset - Suomen Tiedeseura","isPartOf":{"@id":"https:\/\/scientiarum.fi\/#website"},"datePublished":"2023-05-15T11:13:06+00:00","dateModified":"2024-08-01T10:24:18+00:00","breadcrumb":{"@id":"https:\/\/scientiarum.fi\/om-oss\/ordinarie-motesprogram\/#breadcrumb"},"inLanguage":"fi","potentialAction":[{"@type":"ReadAction","target":["https:\/\/scientiarum.fi\/om-oss\/ordinarie-motesprogram\/"]}]},{"@type":"BreadcrumbList","@id":"https:\/\/scientiarum.fi\/om-oss\/ordinarie-motesprogram\/#breadcrumb","itemListElement":[{"@type":"ListItem","position":1,"name":"Home","item":"https:\/\/scientiarum.fi\/"},{"@type":"ListItem","position":2,"name":"Tietoa meist\u00e4","item":"https:\/\/scientiarum.fi\/fi\/tietoa-meista\/"},{"@type":"ListItem","position":3,"name":"Kuukausikokoukset"}]},{"@type":"WebSite","@id":"https:\/\/scientiarum.fi\/#website","url":"https:\/\/scientiarum.fi\/","name":"Finska Vetenskaps-Societeten","description":"","publisher":{"@id":"https:\/\/scientiarum.fi\/#organization"},"potentialAction":[{"@type":"SearchAction","target":{"@type":"EntryPoint","urlTemplate":"https:\/\/scientiarum.fi\/?s={search_term_string}"},"query-input":{"@type":"PropertyValueSpecification","valueRequired":true,"valueName":"search_term_string"}}],"inLanguage":"fi"},{"@type":"Organization","@id":"https:\/\/scientiarum.fi\/#organization","name":"Finska Vetenskaps-Societeten","url":"https:\/\/scientiarum.fi\/","logo":{"@type":"ImageObject","inLanguage":"fi","@id":"https:\/\/scientiarum.fi\/#\/schema\/logo\/image\/","url":"","contentUrl":"","caption":"Finska Vetenskaps-Societeten"},"image":{"@id":"https:\/\/scientiarum.fi\/#\/schema\/logo\/image\/"},"sameAs":["https:\/\/www.facebook.com\/societas.scientiarum","https:\/\/x.com\/tiedeseura","https:\/\/www.linkedin.com\/company\/finska-vetenskaps-societeten-the-finnish-society-of-sciences-and-letters\/"]}]}},"_links":{"self":[{"href":"https:\/\/scientiarum.fi\/fi\/wp-json\/wp\/v2\/pages\/1219","targetHints":{"allow":["GET"]}}],"collection":[{"href":"https:\/\/scientiarum.fi\/fi\/wp-json\/wp\/v2\/pages"}],"about":[{"href":"https:\/\/scientiarum.fi\/fi\/wp-json\/wp\/v2\/types\/page"}],"author":[{"embeddable":true,"href":"https:\/\/scientiarum.fi\/fi\/wp-json\/wp\/v2\/users\/2"}],"replies":[{"embeddable":true,"href":"https:\/\/scientiarum.fi\/fi\/wp-json\/wp\/v2\/comments?post=1219"}],"version-history":[{"count":6,"href":"https:\/\/scientiarum.fi\/fi\/wp-json\/wp\/v2\/pages\/1219\/revisions"}],"predecessor-version":[{"id":5397,"href":"https:\/\/scientiarum.fi\/fi\/wp-json\/wp\/v2\/pages\/1219\/revisions\/5397"}],"up":[{"embeddable":true,"href":"https:\/\/scientiarum.fi\/fi\/wp-json\/wp\/v2\/pages\/1266"}],"wp:attachment":[{"href":"https:\/\/scientiarum.fi\/fi\/wp-json\/wp\/v2\/media?parent=1219"}],"curies":[{"name":"wp","href":"https:\/\/api.w.org\/{rel}","templated":true}]}}