{"id":9023,"date":"2026-03-17T13:44:04","date_gmt":"2026-03-17T10:44:04","guid":{"rendered":"https:\/\/scientiarum.fi\/?page_id=9023"},"modified":"2026-03-17T14:35:13","modified_gmt":"2026-03-17T11:35:13","slug":"beviljade-forskningsbidrag-2026-pdf","status":"publish","type":"page","link":"https:\/\/scientiarum.fi\/en\/beviljade-forskningsbidrag-2026-pdf\/","title":{"rendered":"Beviljade forskningsbidrag 2026 (pdf)"},"content":{"rendered":"<p>[et_pb_section fb_built=&#8221;1&#8243; _builder_version=&#8221;4.21.0&#8243; _module_preset=&#8221;default&#8221; global_colors_info=&#8221;{}&#8221;][et_pb_row _builder_version=&#8221;4.21.0&#8243; _module_preset=&#8221;default&#8221; custom_margin=&#8221;0px||0px||false|false&#8221; custom_padding=&#8221;0px||0px||false|false&#8221; global_colors_info=&#8221;{}&#8221;][et_pb_column type=&#8221;4_4&#8243; _builder_version=&#8221;4.21.0&#8243; _module_preset=&#8221;default&#8221; global_colors_info=&#8221;{}&#8221;][et_pb_text _builder_version=&#8221;4.27.3&#8243; _module_preset=&#8221;8c033052-d206-480a-8281-e4ae30e208b2&#8243; header_3_font_size_tablet=&#8221;22px&#8221; header_3_font_size_phone=&#8221;18px&#8221; header_3_font_size_last_edited=&#8221;on|desktop&#8221; global_colors_info=&#8221;{}&#8221;]<\/p>\n<h1 style=\"text-align: center;\"><strong>F<\/strong>INSKA VETENSKAPS-SOCIETETEN \u2013 SUOMEN TIEDESEURA \u2013 THE FINNISH SOCIETY OF SCIENCES AND LETTERS<\/h1>\n<h2 style=\"text-align: center;\">Forskningsbidrag 2026 \u2013 Tutkimusrahoitus 2026 \u2013 Research grants awarded 2026<\/h2>\n<h3><\/h3>\n<h3><\/h3>\n<h3><\/h3>\n<h3>Matematisk-fysiska sektionen &#8211; Matemaattis-fysikaalinen osasto &#8211; Section of Mathematics and Physics &#8211;\u00a0 3 kpl st, 65.000 \u20ac<\/h3>\n\n<table id=\"tablepress-52\" class=\"tablepress tablepress-id-52\">\n<tbody class=\"row-striping row-hover\">\n<tr class=\"row-1\">\n\t<td class=\"column-1\"><strong>Peter Johansson<\/strong><br \/>\nGravitational waves from the first black holes<br \/>\nGravitationsv\u00e5gor fr\u00e5n de f\u00f6rsta svarta h\u00e5len<\/td><td class=\"column-2\">20.000<\/td>\n<\/tr>\n<tr class=\"row-2\">\n\t<td class=\"column-1\"><strong>Susanne Wiedmer<\/strong><br \/>\nIn vitro unders\u00f6kning av v\u00e4xelverkningar mellan en intraven\u00f6s fettemulsion och alfa-PVP<br \/>\n<\/td><td class=\"column-2\">27.000<\/td>\n<\/tr>\n<tr class=\"row-3\">\n\t<td class=\"column-1\"><strong>Ronald \u00d6sterbacka<\/strong><br \/>\nSelektiva kontakter i tunnfilmssolceller<br \/>\n<\/td><td class=\"column-2\">18.000<\/td>\n<\/tr>\n<\/tbody>\n<\/table>\n\n<h3>Biovetenskapliga sektionen &#8211; Biotieteellinen osasto &#8211; Section of Biosciences &#8211; 12 kpl st, <strong>240.000<\/strong>\u20ac<\/h3>\n\n<table id=\"tablepress-53\" class=\"tablepress tablepress-id-53\">\n<tbody class=\"row-striping row-hover\">\n<tr class=\"row-1\">\n\t<td class=\"column-1\"><strong>Kari Alitalo<\/strong><br \/>\nVEGF-C-induced lymphangiogenesis for the treatment of cardiovascular disease<br \/>\n<\/td><td class=\"column-2\">25.000<\/td>\n<\/tr>\n<tr class=\"row-2\">\n\t<td class=\"column-1\"><strong>John Eriksson<\/strong><br \/>\nVimentin\u2013YAP mechanotransduction in directional migration and tissue repair<br \/>\n<\/td><td class=\"column-2\">20.000<\/td>\n<\/tr>\n<tr class=\"row-3\">\n\t<td class=\"column-1\"><strong>Ville Kaila<\/strong><br \/>\nAns\u00f6kan f\u00f6r finansiellt underst\u00f6d f\u00f6r deltagandet av FVS ledam\u00f6ter i konferensen \"The European Bioenergetics Conference 2026\u201d (EBEC-2026), Stockholm, Sverige<br \/>\n<\/td><td class=\"column-2\">5.000<\/td>\n<\/tr>\n<tr class=\"row-4\">\n\t<td class=\"column-1\"><strong>Dan Lindholm<\/strong><br \/>\nEN-RAGE has a modulatory role on dendritic spines in neurons and is increased in acute psychiatric disorders<\/td><td class=\"column-2\">25.000<\/td>\n<\/tr>\n<tr class=\"row-5\">\n\t<td class=\"column-1\"><strong>Hannes Lohi<\/strong><br \/>\nDecoding Epilepsy and Inherited Cardiac Arrhythmia Using Canine Patient-Derived iPSCs<br \/>\n<\/td><td class=\"column-2\">20.000<\/td>\n<\/tr>\n<tr class=\"row-6\">\n\t<td class=\"column-1\"><strong>Johanna Mappes<\/strong><br \/>\nGlobal patterns in adaptive melanism of Arctiid moth species in the face of climate change <br \/>\nAitosiilikk\u00e4iden adaptiivinen melanismi globaalissa ilmastonmuutoksessa<br \/>\n<\/td><td class=\"column-2\">20.000<\/td>\n<\/tr>\n<tr class=\"row-7\">\n\t<td class=\"column-1\"><strong>Vesa Olkkonen<\/strong><br \/>\nAdipocyt\u2013endotelcell-kommunikation vid obesitas: funktionella defekter och effekter av inkretinreceptoragonism<br \/>\n<\/td><td class=\"column-2\">20.000<\/td>\n<\/tr>\n<tr class=\"row-8\">\n\t<td class=\"column-1\"><strong>Antti Sajantila<\/strong><br \/>\nAncient virus proteomics: Hepatocellular carcinoma -related HBx as a proof of concept<br \/>\n<\/td><td class=\"column-2\">20.000<\/td>\n<\/tr>\n<tr class=\"row-9\">\n\t<td class=\"column-1\"><strong>Lea Sistonen<\/strong><br \/>\nRole of Heat Shock Transcription Factor 2 (HSF2) in Epithelial-Mesenchymal Plasticity (EMP)<br \/>\n<\/td><td class=\"column-2\">25.000<\/td>\n<\/tr>\n<tr class=\"row-10\">\n\t<td class=\"column-1\"><strong>Maria S\u00f6derlund-Venermo<\/strong><br \/>\nRole of Cutavirus in Cutaneous T-Cell Lymphoma (CTCL)<br \/>\n<\/td><td class=\"column-2\">20.000<\/td>\n<\/tr>\n<tr class=\"row-11\">\n\t<td class=\"column-1\"><strong>Markku Varjonsalo<\/strong><br \/>\nTranskriptiotekij\u00e4-onkofuusiot: molekulaariset mekanismit ja terapeuttiset kohteet<br \/>\n<\/td><td class=\"column-2\">20.000<\/td>\n<\/tr>\n<tr class=\"row-12\">\n\t<td class=\"column-1\"><strong>Jukka Westermarck<\/strong><br \/>\nHuman cell transformation by convergence of RAS and PP2A activities<br \/>\n<\/td><td class=\"column-2\">20.000<\/td>\n<\/tr>\n<\/tbody>\n<\/table>\n\n<h3>Humanistiska sektionen &#8211; Humanistinen osasto &#8211; Section of Humanities &#8211; 15 kpl st, <strong>179.840 <\/strong>\u20ac<\/h3>\n\n<table id=\"tablepress-54\" class=\"tablepress tablepress-id-54\">\n<tbody class=\"row-striping row-hover\">\n<tr class=\"row-1\">\n\t<td class=\"column-1\"><strong>Maija Butters<\/strong><br \/>\nBuddhalainen kuolema ja hautaus Suomessa<br \/>\n<\/td><td class=\"column-2\">5.980<\/td>\n<\/tr>\n<tr class=\"row-2\">\n\t<td class=\"column-1\"><strong>Mitra Marketta H\u00e4rk\u00f6nen<\/strong><br \/>\nNegotiating Buddhism in Finnish-Thai homes. Family, migration and religion<br \/>\n<\/td><td class=\"column-2\">2.500<\/td>\n<\/tr>\n<tr class=\"row-3\">\n\t<td class=\"column-1\"><strong>Ruth Illman<\/strong><br \/>\nContested Constructions of Sense of Safety in Religious Spaces<br \/>\n<\/td><td class=\"column-2\">10.000<\/td>\n<\/tr>\n<tr class=\"row-4\">\n\t<td class=\"column-1\"><strong>Jouni-Matti  Kuukkanen<\/strong><br \/>\nMethodologism: Historical Foundations and Contemporary Applications<br \/>\n<\/td><td class=\"column-2\">6.590<\/td>\n<\/tr>\n<tr class=\"row-5\">\n\t<td class=\"column-1\"><strong>Jan-Ivar Lind\u00e9n<\/strong><br \/>\nUnderstanding Through First and Second Nature. Aristotelian Reflections on What it Means to be Human<br \/>\n<\/td><td class=\"column-2\">26.670<\/td>\n<\/tr>\n<tr class=\"row-6\">\n\t<td class=\"column-1\"><strong>Tia Nakagawa<\/strong><br \/>\nLife in an Early Modern Finnish Town: Archaeological and Historical Research on Turku\u2019s Market Square Area Before 1827<br \/>\n<\/td><td class=\"column-2\">13.600<\/td>\n<\/tr>\n<tr class=\"row-7\">\n\t<td class=\"column-1\"><strong>Stefan Norrg\u00e5rd<\/strong><br \/>\nDe meteorologiska observationernas historia i Finland. Finska Vetenskaps-Societetens klimatologiska och meteorologiska insamlingsprojekt 1846\u20131880<br \/>\n<\/td><td class=\"column-2\">23.100<\/td>\n<\/tr>\n<tr class=\"row-8\">\n\t<td class=\"column-1\"><strong>Pirjo Ovaskainen<\/strong><br \/>\n\"Kaupunki voisi k\u00e4ynnist\u00e4\u00e4 omalta osaltaan elvytystoimenpiteet\" - Kunnallinen elinkeinopolitiikka 1990-luvulla Jyv\u00e4skyl\u00e4ss\u00e4, Joensuussa, Salossa ja Muoniossa<br \/>\n<\/td><td class=\"column-2\">23.250<\/td>\n<\/tr>\n<tr class=\"row-9\">\n\t<td class=\"column-1\"><strong>Jussi Pakkasvirta<\/strong><br \/>\nMatka-apurahakemus NOLAN 2026 -konferenssiin osallistumiseen Tukholmassa, 10.\u201312. kes\u00e4kuuta 2026.<br \/>\n<\/td><td class=\"column-2\">1.180<\/td>\n<\/tr>\n<tr class=\"row-10\">\n\t<td class=\"column-1\"><strong>Oula Seitsonen<\/strong><br \/>\nExpeditions to the Frozen Shores: Rediscovering Nordenski\u00f6ld\u2019s Arctic Journeys in Svalbard<br \/>\nRetki\u00e4 j\u00e4isille rannoille \u2013 Nordenski\u00f6ldin Huippuvuorten arktisten tutkimusmatkojen uudelleenl\u00f6yt\u00e4minen<br \/>\n<\/td><td class=\"column-2\">24.000<\/td>\n<\/tr>\n<tr class=\"row-11\">\n\t<td class=\"column-1\"><strong>Johan Carl-Erik St\u00e9n<\/strong><br \/>\nF\u00f6rfattandet av en biografi \u00f6ver Gustaf Gabriel H\u00e4llstr\u00f6m<br \/>\n<\/td><td class=\"column-2\">8.000<\/td>\n<\/tr>\n<tr class=\"row-12\">\n\t<td class=\"column-1\"><strong>Yanai Toister<\/strong><br \/>\nImage Agnosticism: Visual Literacy in the Age of Generative Photorealism<br \/>\n<\/td><td class=\"column-2\">16.932<\/td>\n<\/tr>\n<tr class=\"row-13\">\n\t<td class=\"column-1\"><strong>Jamie Vesterinen<\/strong><br \/>\nDreams in ancient Greece and Rome: cultural-historical approaches<br \/>\n<\/td><td class=\"column-2\">6.748<\/td>\n<\/tr>\n<tr class=\"row-14\">\n\t<td class=\"column-1\"><strong>Isa V\u00e4lim\u00e4ki<\/strong><br \/>\nV\u00e4it\u00f6skirja: El\u00e4imet ja inhimillinen identiteetti 2000-luvun englanninkielisiss\u00e4 kanadalaisissa Bildungsromaneissa<br \/>\n<\/td><td class=\"column-2\">20.250<\/td>\n<\/tr>\n<tr class=\"row-15\">\n\t<td class=\"column-1\"><strong>Holger Weiss<\/strong><br \/>\nBokprojekt Kompaniets tidevarv (fas 3) samt publicering av samlingsverket Handbok i globalhistoria<br \/>\n<\/td><td class=\"column-2\">9.040<\/td>\n<\/tr>\n<\/tbody>\n<\/table>\n\n<h3>Samh\u00e4llsvetenskapliga sektionen &#8211; Yhteiskuntatieteellinen osasto &#8211; Section of Social Sciences &#8211;\u00a0 9 kpl st, <strong>108.041 <\/strong>\u20ac<\/h3>\n\n<table id=\"tablepress-55\" class=\"tablepress tablepress-id-55\">\n<tbody class=\"row-striping row-hover\">\n<tr class=\"row-1\">\n\t<td class=\"column-1\"><strong>Johanna Airaksinen<\/strong><br \/>\nComplexity-theoretical analysis of teachers' transformative agency and the development of school systems<br \/>\n<\/td><td class=\"column-2\">17.057<\/td>\n<\/tr>\n<tr class=\"row-2\">\n\t<td class=\"column-1\"><strong>Richard Eveli<\/strong><br \/>\nSurvivability of territorial autonomy: a study of factors that explain the occurrence of separatism in autonomous territories <br \/>\n<\/td><td class=\"column-2\">20.000<\/td>\n<\/tr>\n<tr class=\"row-3\">\n\t<td class=\"column-1\"><strong>Andreas Fagerholm<\/strong><br \/>\nGlobala maktskiften: Medier, makthavare och medborgare i ett nytt geopolitiskt landskap<br \/>\n<\/td><td class=\"column-2\">27.852<\/td>\n<\/tr>\n<tr class=\"row-4\">\n\t<td class=\"column-1\"><strong>Rose Ingutia<\/strong><br \/>\nStudents\u2019 perspectives on contextual and system\u2011level challenges in educational environments<br \/>\n<\/td><td class=\"column-2\">3.487<\/td>\n<\/tr>\n<tr class=\"row-5\">\n\t<td class=\"column-1\"><strong>Pekka Kauppi<\/strong><br \/>\nGlobal Forest Carbon Update<br \/>\n<\/td><td class=\"column-2\">3.000<\/td>\n<\/tr>\n<tr class=\"row-6\">\n\t<td class=\"column-1\"><strong>Erika L\u00f6fstr\u00f6m<\/strong><br \/>\nPhysiological foundations of ethical behaviour in research: An impetus for developing researcher training and pedagogy. Equipment for a pilot study<br \/>\n<\/td><td class=\"column-2\">1.800<\/td>\n<\/tr>\n<tr class=\"row-7\">\n\t<td class=\"column-1\"><strong>Miika M\u00e4ki<\/strong><br \/>\nRelationship Histories - Determinants, Dynamics, and Outcomes.<br \/>\n<\/td><td class=\"column-2\">26.400<\/td>\n<\/tr>\n<tr class=\"row-8\">\n\t<td class=\"column-1\"><strong>Marko Mikael Pihl<\/strong><br \/>\nKiinan puoluediplomatia Afrikassa: strategiset narratiivit ja poliittinen vaikuttaminen<br \/>\n<\/td><td class=\"column-2\">7.500<\/td>\n<\/tr>\n<tr class=\"row-9\">\n\t<td class=\"column-1\"><strong>Bodo Steiner<\/strong><br \/>\nEnvironmental sustainability, networks and competitiveness in international agri-food supply chains<br \/>\n<\/td><td class=\"column-2\">945<\/td>\n<\/tr>\n<\/tbody>\n<\/table>\n\n<h3>Sohlbergs fond &#8211; Sohlbergin rahasto &#8211;\u00a0 Sohlberg fund &#8211; 5 kpl st, <strong>52.290 <\/strong>\u20ac<\/h3>\n\n<table id=\"tablepress-56\" class=\"tablepress tablepress-id-56\">\n<tbody class=\"row-striping row-hover\">\n<tr class=\"row-1\">\n\t<td class=\"column-1\"><strong>Esa Heilimo<\/strong><br \/>\nGraniittisen Kallioper\u00e4n Evoluutio Etel\u00e4-Suomessa: Uusi L\u00e4hestymistapa Migmatiittien Synnyn Tutkimiselle<br \/>\n<\/td><td class=\"column-2\">7.000<\/td>\n<\/tr>\n<tr class=\"row-2\">\n\t<td class=\"column-1\"><strong>Jenni Hultman<\/strong><br \/>\nBiogeography of high latitude microbes: linkages to environmental variation<br \/>\n<\/td><td class=\"column-2\">13.970<\/td>\n<\/tr>\n<tr class=\"row-3\">\n\t<td class=\"column-1\"><strong>Anu Kaakinen<\/strong><br \/>\nUncovering Earliest Human Occupation in Eurasia - Geological, Palaeontological and Archaeological Fieldwork and Research in Orozmani, Georgia<br \/>\n<\/td><td class=\"column-2\">20.000<\/td>\n<\/tr>\n<tr class=\"row-4\">\n\t<td class=\"column-1\"><strong>Hanna Kaasalainen<\/strong><br \/>\nF\u00e4ltkampanj f\u00f6r avancerad milj\u00f6geokemi och riktad kompetensutveckling inom gruvavfallshantering<br \/>\n<\/td><td class=\"column-2\">5.470<\/td>\n<\/tr>\n<tr class=\"row-5\">\n\t<td class=\"column-1\"><strong>Heidi Mod<\/strong><br \/>\nPohjoisten ekosysteemien muutosten tarkat alueelliset ennusteet: Kentt\u00e4ty\u00f6t<br \/>\n<\/td><td class=\"column-2\">5.850<\/td>\n<\/tr>\n<\/tbody>\n<\/table>\n\n<h3>Yhteens\u00e4 &#8211; Totalt 44 kpl st, 663.171 \u20ac<\/h3>\n<p>[\/et_pb_text][\/et_pb_column][\/et_pb_row][\/et_pb_section]<\/p>\n","protected":false},"excerpt":{"rendered":"<p>FINSKA VETENSKAPS-SOCIETETEN \u2013 SUOMEN TIEDESEURA \u2013 THE FINNISH SOCIETY OF SCIENCES AND LETTERS Forskningsbidrag 2026 \u2013 Tutkimusrahoitus 2026 \u2013 Research grants awarded 2026 Matematisk-fysiska sektionen &#8211; Matemaattis-fysikaalinen osasto &#8211; Section of Mathematics and Physics &#8211;\u00a0 3 kpl st, 65.000 \u20ac \n<table id=\"tablepress-52-no-2\" class=\"tablepress tablepress-id-52\">\n<tbody class=\"row-striping row-hover\">\n<tr class=\"row-1\">\n\t<td class=\"column-1\"><strong>Peter Johansson<\/strong><br \/>\nGravitational waves from the first black holes<br \/>\nGravitationsv\u00e5gor fr\u00e5n de f\u00f6rsta svarta h\u00e5len<\/td><td class=\"column-2\">20.000<\/td>\n<\/tr>\n<tr class=\"row-2\">\n\t<td class=\"column-1\"><strong>Susanne Wiedmer<\/strong><br \/>\nIn vitro unders\u00f6kning av v\u00e4xelverkningar mellan en intraven\u00f6s fettemulsion och alfa-PVP<br \/>\n<\/td><td class=\"column-2\">27.000<\/td>\n<\/tr>\n<tr class=\"row-3\">\n\t<td class=\"column-1\"><strong>Ronald \u00d6sterbacka<\/strong><br \/>\nSelektiva kontakter i tunnfilmssolceller<br \/>\n<\/td><td class=\"column-2\">18.000<\/td>\n<\/tr>\n<\/tbody>\n<\/table>\n\u00a0 Biovetenskapliga sektionen &#8211; Biotieteellinen osasto &#8211; Section of Biosciences &#8211; 12 kpl [&hellip;]<\/p>\n","protected":false},"author":2,"featured_media":0,"parent":0,"menu_order":0,"comment_status":"closed","ping_status":"closed","template":"","meta":{"_acf_changed":false,"_et_pb_use_builder":"on","_et_pb_old_content":"","_et_gb_content_width":"","footnotes":""},"class_list":["post-9023","page","type-page","status-publish","hentry"],"acf":[],"yoast_head":"<!-- This site is optimized with the Yoast SEO plugin v27.3 - https:\/\/yoast.com\/product\/yoast-seo-wordpress\/ -->\n<title>Beviljade forskningsbidrag 2026 (pdf) - The Finnish Society of Sciences And Letters<\/title>\n<meta name=\"robots\" content=\"index, follow, max-snippet:-1, max-image-preview:large, max-video-preview:-1\" \/>\n<link rel=\"canonical\" href=\"https:\/\/scientiarum.fi\/beviljade-forskningsbidrag-2026-pdf\/\" \/>\n<meta property=\"og:locale\" content=\"en_US\" \/>\n<meta property=\"og:type\" content=\"article\" \/>\n<meta property=\"og:title\" content=\"Beviljade forskningsbidrag 2026 (pdf) - The Finnish Society of Sciences And Letters\" \/>\n<meta property=\"og:description\" content=\"FINSKA VETENSKAPS-SOCIETETEN \u2013 SUOMEN TIEDESEURA \u2013 THE FINNISH SOCIETY OF SCIENCES AND LETTERS Forskningsbidrag 2026 \u2013 Tutkimusrahoitus 2026 \u2013 Research grants awarded 2026 Matematisk-fysiska sektionen - Matemaattis-fysikaalinen osasto - Section of Mathematics and Physics -\u00a0 3 kpl st, 65.000 \u20ac \u00a0 Biovetenskapliga sektionen - Biotieteellinen osasto - Section of Biosciences - 12 kpl [&hellip;]\" \/>\n<meta property=\"og:url\" content=\"https:\/\/scientiarum.fi\/beviljade-forskningsbidrag-2026-pdf\/\" \/>\n<meta property=\"og:site_name\" content=\"The Finnish Society of Sciences And Letters\" \/>\n<meta property=\"article:publisher\" content=\"https:\/\/www.facebook.com\/societas.scientiarum\" \/>\n<meta property=\"article:modified_time\" content=\"2026-03-17T11:35:13+00:00\" \/>\n<meta name=\"twitter:card\" content=\"summary_large_image\" \/>\n<meta name=\"twitter:site\" content=\"@tiedeseura\" \/>\n<meta name=\"twitter:label1\" content=\"Est. reading time\" \/>\n\t<meta name=\"twitter:data1\" content=\"4 minutes\" \/>\n<script type=\"application\/ld+json\" class=\"yoast-schema-graph\">{\"@context\":\"https:\\\/\\\/schema.org\",\"@graph\":[{\"@type\":\"WebPage\",\"@id\":\"https:\\\/\\\/scientiarum.fi\\\/beviljade-forskningsbidrag-2026-pdf\\\/\",\"url\":\"https:\\\/\\\/scientiarum.fi\\\/beviljade-forskningsbidrag-2026-pdf\\\/\",\"name\":\"Beviljade forskningsbidrag 2026 (pdf) - The Finnish Society of Sciences And Letters\",\"isPartOf\":{\"@id\":\"https:\\\/\\\/scientiarum.fi\\\/#website\"},\"datePublished\":\"2026-03-17T10:44:04+00:00\",\"dateModified\":\"2026-03-17T11:35:13+00:00\",\"breadcrumb\":{\"@id\":\"https:\\\/\\\/scientiarum.fi\\\/beviljade-forskningsbidrag-2026-pdf\\\/#breadcrumb\"},\"inLanguage\":\"en-US\",\"potentialAction\":[{\"@type\":\"ReadAction\",\"target\":[\"https:\\\/\\\/scientiarum.fi\\\/beviljade-forskningsbidrag-2026-pdf\\\/\"]}]},{\"@type\":\"BreadcrumbList\",\"@id\":\"https:\\\/\\\/scientiarum.fi\\\/beviljade-forskningsbidrag-2026-pdf\\\/#breadcrumb\",\"itemListElement\":[{\"@type\":\"ListItem\",\"position\":1,\"name\":\"Home\",\"item\":\"https:\\\/\\\/scientiarum.fi\\\/\"},{\"@type\":\"ListItem\",\"position\":2,\"name\":\"Beviljade forskningsbidrag 2026 (pdf)\"}]},{\"@type\":\"WebSite\",\"@id\":\"https:\\\/\\\/scientiarum.fi\\\/#website\",\"url\":\"https:\\\/\\\/scientiarum.fi\\\/\",\"name\":\"Finska Vetenskaps-Societeten\",\"description\":\"\",\"publisher\":{\"@id\":\"https:\\\/\\\/scientiarum.fi\\\/#organization\"},\"potentialAction\":[{\"@type\":\"SearchAction\",\"target\":{\"@type\":\"EntryPoint\",\"urlTemplate\":\"https:\\\/\\\/scientiarum.fi\\\/?s={search_term_string}\"},\"query-input\":{\"@type\":\"PropertyValueSpecification\",\"valueRequired\":true,\"valueName\":\"search_term_string\"}}],\"inLanguage\":\"en-US\"},{\"@type\":\"Organization\",\"@id\":\"https:\\\/\\\/scientiarum.fi\\\/#organization\",\"name\":\"Finska Vetenskaps-Societeten\",\"url\":\"https:\\\/\\\/scientiarum.fi\\\/\",\"logo\":{\"@type\":\"ImageObject\",\"inLanguage\":\"en-US\",\"@id\":\"https:\\\/\\\/scientiarum.fi\\\/#\\\/schema\\\/logo\\\/image\\\/\",\"url\":\"\",\"contentUrl\":\"\",\"caption\":\"Finska Vetenskaps-Societeten\"},\"image\":{\"@id\":\"https:\\\/\\\/scientiarum.fi\\\/#\\\/schema\\\/logo\\\/image\\\/\"},\"sameAs\":[\"https:\\\/\\\/www.facebook.com\\\/societas.scientiarum\",\"https:\\\/\\\/x.com\\\/tiedeseura\",\"https:\\\/\\\/www.linkedin.com\\\/company\\\/finska-vetenskaps-societeten-the-finnish-society-of-sciences-and-letters\\\/\"]}]}<\/script>\n<!-- \/ Yoast SEO plugin. -->","yoast_head_json":{"title":"Beviljade forskningsbidrag 2026 (pdf) - The Finnish Society of Sciences And Letters","robots":{"index":"index","follow":"follow","max-snippet":"max-snippet:-1","max-image-preview":"max-image-preview:large","max-video-preview":"max-video-preview:-1"},"canonical":"https:\/\/scientiarum.fi\/beviljade-forskningsbidrag-2026-pdf\/","og_locale":"en_US","og_type":"article","og_title":"Beviljade forskningsbidrag 2026 (pdf) - The Finnish Society of Sciences And Letters","og_description":"FINSKA VETENSKAPS-SOCIETETEN \u2013 SUOMEN TIEDESEURA \u2013 THE FINNISH SOCIETY OF SCIENCES AND LETTERS Forskningsbidrag 2026 \u2013 Tutkimusrahoitus 2026 \u2013 Research grants awarded 2026 Matematisk-fysiska sektionen - Matemaattis-fysikaalinen osasto - Section of Mathematics and Physics -\u00a0 3 kpl st, 65.000 \u20ac \u00a0 Biovetenskapliga sektionen - Biotieteellinen osasto - Section of Biosciences - 12 kpl [&hellip;]","og_url":"https:\/\/scientiarum.fi\/beviljade-forskningsbidrag-2026-pdf\/","og_site_name":"The Finnish Society of Sciences And Letters","article_publisher":"https:\/\/www.facebook.com\/societas.scientiarum","article_modified_time":"2026-03-17T11:35:13+00:00","twitter_card":"summary_large_image","twitter_site":"@tiedeseura","twitter_misc":{"Est. reading time":"4 minutes"},"schema":{"@context":"https:\/\/schema.org","@graph":[{"@type":"WebPage","@id":"https:\/\/scientiarum.fi\/beviljade-forskningsbidrag-2026-pdf\/","url":"https:\/\/scientiarum.fi\/beviljade-forskningsbidrag-2026-pdf\/","name":"Beviljade forskningsbidrag 2026 (pdf) - The Finnish Society of Sciences And Letters","isPartOf":{"@id":"https:\/\/scientiarum.fi\/#website"},"datePublished":"2026-03-17T10:44:04+00:00","dateModified":"2026-03-17T11:35:13+00:00","breadcrumb":{"@id":"https:\/\/scientiarum.fi\/beviljade-forskningsbidrag-2026-pdf\/#breadcrumb"},"inLanguage":"en-US","potentialAction":[{"@type":"ReadAction","target":["https:\/\/scientiarum.fi\/beviljade-forskningsbidrag-2026-pdf\/"]}]},{"@type":"BreadcrumbList","@id":"https:\/\/scientiarum.fi\/beviljade-forskningsbidrag-2026-pdf\/#breadcrumb","itemListElement":[{"@type":"ListItem","position":1,"name":"Home","item":"https:\/\/scientiarum.fi\/"},{"@type":"ListItem","position":2,"name":"Beviljade forskningsbidrag 2026 (pdf)"}]},{"@type":"WebSite","@id":"https:\/\/scientiarum.fi\/#website","url":"https:\/\/scientiarum.fi\/","name":"Finska Vetenskaps-Societeten","description":"","publisher":{"@id":"https:\/\/scientiarum.fi\/#organization"},"potentialAction":[{"@type":"SearchAction","target":{"@type":"EntryPoint","urlTemplate":"https:\/\/scientiarum.fi\/?s={search_term_string}"},"query-input":{"@type":"PropertyValueSpecification","valueRequired":true,"valueName":"search_term_string"}}],"inLanguage":"en-US"},{"@type":"Organization","@id":"https:\/\/scientiarum.fi\/#organization","name":"Finska Vetenskaps-Societeten","url":"https:\/\/scientiarum.fi\/","logo":{"@type":"ImageObject","inLanguage":"en-US","@id":"https:\/\/scientiarum.fi\/#\/schema\/logo\/image\/","url":"","contentUrl":"","caption":"Finska Vetenskaps-Societeten"},"image":{"@id":"https:\/\/scientiarum.fi\/#\/schema\/logo\/image\/"},"sameAs":["https:\/\/www.facebook.com\/societas.scientiarum","https:\/\/x.com\/tiedeseura","https:\/\/www.linkedin.com\/company\/finska-vetenskaps-societeten-the-finnish-society-of-sciences-and-letters\/"]}]}},"_links":{"self":[{"href":"https:\/\/scientiarum.fi\/en\/wp-json\/wp\/v2\/pages\/9023","targetHints":{"allow":["GET"]}}],"collection":[{"href":"https:\/\/scientiarum.fi\/en\/wp-json\/wp\/v2\/pages"}],"about":[{"href":"https:\/\/scientiarum.fi\/en\/wp-json\/wp\/v2\/types\/page"}],"author":[{"embeddable":true,"href":"https:\/\/scientiarum.fi\/en\/wp-json\/wp\/v2\/users\/2"}],"replies":[{"embeddable":true,"href":"https:\/\/scientiarum.fi\/en\/wp-json\/wp\/v2\/comments?post=9023"}],"version-history":[{"count":10,"href":"https:\/\/scientiarum.fi\/en\/wp-json\/wp\/v2\/pages\/9023\/revisions"}],"predecessor-version":[{"id":9052,"href":"https:\/\/scientiarum.fi\/en\/wp-json\/wp\/v2\/pages\/9023\/revisions\/9052"}],"wp:attachment":[{"href":"https:\/\/scientiarum.fi\/en\/wp-json\/wp\/v2\/media?parent=9023"}],"curies":[{"name":"wp","href":"https:\/\/api.w.org\/{rel}","templated":true}]}}