{"id":7735,"date":"2024-11-28T15:45:15","date_gmt":"2024-11-28T12:45:15","guid":{"rendered":"https:\/\/scientiarum.fi\/lorem-ipsum-dolor\/"},"modified":"2025-12-05T16:21:13","modified_gmt":"2025-12-05T13:21:13","slug":"travel-grants-for-members-2","status":"publish","type":"page","link":"https:\/\/scientiarum.fi\/en\/travel-grants-for-members-2\/","title":{"rendered":"Travel grants for members"},"content":{"rendered":"<p>[et_pb_section fb_built=&#8221;1&#8243; admin_label=&#8221;section&#8221; _builder_version=&#8221;4.16&#8243; global_colors_info=&#8221;{}&#8221;][et_pb_row admin_label=&#8221;row&#8221; _builder_version=&#8221;4.16&#8243; background_size=&#8221;initial&#8221; background_position=&#8221;top_left&#8221; background_repeat=&#8221;repeat&#8221; global_colors_info=&#8221;{}&#8221;][et_pb_column type=&#8221;4_4&#8243; _builder_version=&#8221;4.16&#8243; custom_padding=&#8221;|||&#8221; global_colors_info=&#8221;{}&#8221; custom_padding__hover=&#8221;|||&#8221;][et_pb_text admin_label=&#8221;Text&#8221; _builder_version=&#8221;4.27.3&#8243; background_size=&#8221;initial&#8221; background_position=&#8221;top_left&#8221; background_repeat=&#8221;repeat&#8221; global_colors_info=&#8221;{}&#8221;]<\/p>\n<div>\n<div>\n<p>Members of the Finnish Society of Sciences and Letters may apply for grants for conference travel and short research visits continuously throughout the year. Travel grants may be awarded for travel tickets, accommodation, conference fees, and daily allowances in accordance with the governments travel regulation (Valtion matkustuss\u00e4\u00e4nt\u00f6). A freely formulated application should be submitted via the electronic application system well in advance of the trip. Log in to your personal applicant profile (not an organisation profile). If you do not have one, you should create it first. You also need an application code, which has been sent to the members but can also be obtained from the office.<\/p>\n<p>The Board of the Finnish Society of Sciences and Letters will review the application at its next meeting, which takes place on the third Monday of each month except in April, June, and July. Grants are not awarded retroactively.<\/p>\n<p>After the meeting, the decision will be sent to you by email. For the travel grant to be paid, you must log in to your applicant profile and complete a requisition for the payment of the grant.<\/p>\n<p>A report on the use of the grant must be submitted no later than three months after the end date specified in the application, via the same applicant profile. The report may be freely formulated.<\/p>\n<p>If a member applies for a grant or research funding during the general application period in January, they should include all travel expenses in that application and not apply separately for a travel grant. Grants for longer research stays must always be applied for during the general application period in January.<\/p>\n<p><a href=\"https:\/\/scientiarum.rimbert.fi\/\"><b>Link to the online application service<\/b><\/a><\/p>\n<\/div>\n<p>&nbsp;<\/p>\n<\/div>\n<p>[\/et_pb_text][\/et_pb_column][\/et_pb_row][\/et_pb_section]<\/p>\n","protected":false},"excerpt":{"rendered":"<p>Members of the Finnish Society of Sciences and Letters may apply for grants for conference travel and short research visits continuously throughout the year. Travel grants may be awarded for travel tickets, accommodation, conference fees, and daily allowances in accordance with the governments travel regulation (Valtion matkustuss\u00e4\u00e4nt\u00f6). A freely formulated application should be submitted via [&hellip;]<\/p>\n","protected":false},"author":4,"featured_media":0,"parent":0,"menu_order":0,"comment_status":"closed","ping_status":"closed","template":"","meta":{"_acf_changed":false,"_et_pb_use_builder":"on","_et_pb_old_content":"","_et_gb_content_width":"","footnotes":""},"class_list":["post-7735","page","type-page","status-publish","hentry"],"acf":[],"yoast_head":"<!-- This site is optimized with the Yoast SEO plugin v27.3 - https:\/\/yoast.com\/product\/yoast-seo-wordpress\/ -->\n<title>Travel grants for members - The Finnish Society of Sciences And Letters<\/title>\n<meta name=\"robots\" content=\"index, follow, max-snippet:-1, max-image-preview:large, max-video-preview:-1\" \/>\n<link rel=\"canonical\" href=\"https:\/\/scientiarum.fi\/en\/travel-grants-for-members-2\/\" \/>\n<meta property=\"og:locale\" content=\"en_US\" \/>\n<meta property=\"og:type\" content=\"article\" \/>\n<meta property=\"og:title\" content=\"Travel grants for members - The Finnish Society of Sciences And Letters\" \/>\n<meta property=\"og:description\" content=\"Members of the Finnish Society of Sciences and Letters may apply for grants for conference travel and short research visits continuously throughout the year. Travel grants may be awarded for travel tickets, accommodation, conference fees, and daily allowances in accordance with the governments travel regulation (Valtion matkustuss\u00e4\u00e4nt\u00f6). A freely formulated application should be submitted via [&hellip;]\" \/>\n<meta property=\"og:url\" content=\"https:\/\/scientiarum.fi\/en\/travel-grants-for-members-2\/\" \/>\n<meta property=\"og:site_name\" content=\"The Finnish Society of Sciences And Letters\" \/>\n<meta property=\"article:publisher\" content=\"https:\/\/www.facebook.com\/societas.scientiarum\" \/>\n<meta property=\"article:modified_time\" content=\"2025-12-05T13:21:13+00:00\" \/>\n<meta name=\"twitter:card\" content=\"summary_large_image\" \/>\n<meta name=\"twitter:site\" content=\"@tiedeseura\" \/>\n<meta name=\"twitter:label1\" content=\"Est. reading time\" \/>\n\t<meta name=\"twitter:data1\" content=\"1 minute\" \/>\n<script type=\"application\/ld+json\" class=\"yoast-schema-graph\">{\"@context\":\"https:\\\/\\\/schema.org\",\"@graph\":[{\"@type\":\"WebPage\",\"@id\":\"https:\\\/\\\/scientiarum.fi\\\/en\\\/travel-grants-for-members-2\\\/\",\"url\":\"https:\\\/\\\/scientiarum.fi\\\/en\\\/travel-grants-for-members-2\\\/\",\"name\":\"Travel grants for members - The Finnish Society of Sciences And Letters\",\"isPartOf\":{\"@id\":\"https:\\\/\\\/scientiarum.fi\\\/#website\"},\"datePublished\":\"2024-11-28T12:45:15+00:00\",\"dateModified\":\"2025-12-05T13:21:13+00:00\",\"breadcrumb\":{\"@id\":\"https:\\\/\\\/scientiarum.fi\\\/en\\\/travel-grants-for-members-2\\\/#breadcrumb\"},\"inLanguage\":\"en-US\",\"potentialAction\":[{\"@type\":\"ReadAction\",\"target\":[\"https:\\\/\\\/scientiarum.fi\\\/en\\\/travel-grants-for-members-2\\\/\"]}]},{\"@type\":\"BreadcrumbList\",\"@id\":\"https:\\\/\\\/scientiarum.fi\\\/en\\\/travel-grants-for-members-2\\\/#breadcrumb\",\"itemListElement\":[{\"@type\":\"ListItem\",\"position\":1,\"name\":\"Home\",\"item\":\"https:\\\/\\\/scientiarum.fi\\\/\"},{\"@type\":\"ListItem\",\"position\":2,\"name\":\"Travel grants for members\"}]},{\"@type\":\"WebSite\",\"@id\":\"https:\\\/\\\/scientiarum.fi\\\/#website\",\"url\":\"https:\\\/\\\/scientiarum.fi\\\/\",\"name\":\"Finska Vetenskaps-Societeten\",\"description\":\"\",\"publisher\":{\"@id\":\"https:\\\/\\\/scientiarum.fi\\\/#organization\"},\"potentialAction\":[{\"@type\":\"SearchAction\",\"target\":{\"@type\":\"EntryPoint\",\"urlTemplate\":\"https:\\\/\\\/scientiarum.fi\\\/?s={search_term_string}\"},\"query-input\":{\"@type\":\"PropertyValueSpecification\",\"valueRequired\":true,\"valueName\":\"search_term_string\"}}],\"inLanguage\":\"en-US\"},{\"@type\":\"Organization\",\"@id\":\"https:\\\/\\\/scientiarum.fi\\\/#organization\",\"name\":\"Finska Vetenskaps-Societeten\",\"url\":\"https:\\\/\\\/scientiarum.fi\\\/\",\"logo\":{\"@type\":\"ImageObject\",\"inLanguage\":\"en-US\",\"@id\":\"https:\\\/\\\/scientiarum.fi\\\/#\\\/schema\\\/logo\\\/image\\\/\",\"url\":\"\",\"contentUrl\":\"\",\"caption\":\"Finska Vetenskaps-Societeten\"},\"image\":{\"@id\":\"https:\\\/\\\/scientiarum.fi\\\/#\\\/schema\\\/logo\\\/image\\\/\"},\"sameAs\":[\"https:\\\/\\\/www.facebook.com\\\/societas.scientiarum\",\"https:\\\/\\\/x.com\\\/tiedeseura\",\"https:\\\/\\\/www.linkedin.com\\\/company\\\/finska-vetenskaps-societeten-the-finnish-society-of-sciences-and-letters\\\/\"]}]}<\/script>\n<!-- \/ Yoast SEO plugin. -->","yoast_head_json":{"title":"Travel grants for members - The Finnish Society of Sciences And Letters","robots":{"index":"index","follow":"follow","max-snippet":"max-snippet:-1","max-image-preview":"max-image-preview:large","max-video-preview":"max-video-preview:-1"},"canonical":"https:\/\/scientiarum.fi\/en\/travel-grants-for-members-2\/","og_locale":"en_US","og_type":"article","og_title":"Travel grants for members - The Finnish Society of Sciences And Letters","og_description":"Members of the Finnish Society of Sciences and Letters may apply for grants for conference travel and short research visits continuously throughout the year. Travel grants may be awarded for travel tickets, accommodation, conference fees, and daily allowances in accordance with the governments travel regulation (Valtion matkustuss\u00e4\u00e4nt\u00f6). A freely formulated application should be submitted via [&hellip;]","og_url":"https:\/\/scientiarum.fi\/en\/travel-grants-for-members-2\/","og_site_name":"The Finnish Society of Sciences And Letters","article_publisher":"https:\/\/www.facebook.com\/societas.scientiarum","article_modified_time":"2025-12-05T13:21:13+00:00","twitter_card":"summary_large_image","twitter_site":"@tiedeseura","twitter_misc":{"Est. reading time":"1 minute"},"schema":{"@context":"https:\/\/schema.org","@graph":[{"@type":"WebPage","@id":"https:\/\/scientiarum.fi\/en\/travel-grants-for-members-2\/","url":"https:\/\/scientiarum.fi\/en\/travel-grants-for-members-2\/","name":"Travel grants for members - The Finnish Society of Sciences And Letters","isPartOf":{"@id":"https:\/\/scientiarum.fi\/#website"},"datePublished":"2024-11-28T12:45:15+00:00","dateModified":"2025-12-05T13:21:13+00:00","breadcrumb":{"@id":"https:\/\/scientiarum.fi\/en\/travel-grants-for-members-2\/#breadcrumb"},"inLanguage":"en-US","potentialAction":[{"@type":"ReadAction","target":["https:\/\/scientiarum.fi\/en\/travel-grants-for-members-2\/"]}]},{"@type":"BreadcrumbList","@id":"https:\/\/scientiarum.fi\/en\/travel-grants-for-members-2\/#breadcrumb","itemListElement":[{"@type":"ListItem","position":1,"name":"Home","item":"https:\/\/scientiarum.fi\/"},{"@type":"ListItem","position":2,"name":"Travel grants for members"}]},{"@type":"WebSite","@id":"https:\/\/scientiarum.fi\/#website","url":"https:\/\/scientiarum.fi\/","name":"Finska Vetenskaps-Societeten","description":"","publisher":{"@id":"https:\/\/scientiarum.fi\/#organization"},"potentialAction":[{"@type":"SearchAction","target":{"@type":"EntryPoint","urlTemplate":"https:\/\/scientiarum.fi\/?s={search_term_string}"},"query-input":{"@type":"PropertyValueSpecification","valueRequired":true,"valueName":"search_term_string"}}],"inLanguage":"en-US"},{"@type":"Organization","@id":"https:\/\/scientiarum.fi\/#organization","name":"Finska Vetenskaps-Societeten","url":"https:\/\/scientiarum.fi\/","logo":{"@type":"ImageObject","inLanguage":"en-US","@id":"https:\/\/scientiarum.fi\/#\/schema\/logo\/image\/","url":"","contentUrl":"","caption":"Finska Vetenskaps-Societeten"},"image":{"@id":"https:\/\/scientiarum.fi\/#\/schema\/logo\/image\/"},"sameAs":["https:\/\/www.facebook.com\/societas.scientiarum","https:\/\/x.com\/tiedeseura","https:\/\/www.linkedin.com\/company\/finska-vetenskaps-societeten-the-finnish-society-of-sciences-and-letters\/"]}]}},"_links":{"self":[{"href":"https:\/\/scientiarum.fi\/en\/wp-json\/wp\/v2\/pages\/7735","targetHints":{"allow":["GET"]}}],"collection":[{"href":"https:\/\/scientiarum.fi\/en\/wp-json\/wp\/v2\/pages"}],"about":[{"href":"https:\/\/scientiarum.fi\/en\/wp-json\/wp\/v2\/types\/page"}],"author":[{"embeddable":true,"href":"https:\/\/scientiarum.fi\/en\/wp-json\/wp\/v2\/users\/4"}],"replies":[{"embeddable":true,"href":"https:\/\/scientiarum.fi\/en\/wp-json\/wp\/v2\/comments?post=7735"}],"version-history":[{"count":19,"href":"https:\/\/scientiarum.fi\/en\/wp-json\/wp\/v2\/pages\/7735\/revisions"}],"predecessor-version":[{"id":8445,"href":"https:\/\/scientiarum.fi\/en\/wp-json\/wp\/v2\/pages\/7735\/revisions\/8445"}],"wp:attachment":[{"href":"https:\/\/scientiarum.fi\/en\/wp-json\/wp\/v2\/media?parent=7735"}],"curies":[{"name":"wp","href":"https:\/\/api.w.org\/{rel}","templated":true}]}}