{"id":7342,"date":"2023-06-19T10:51:44","date_gmt":"2023-06-19T07:51:44","guid":{"rendered":"https:\/\/scientiarum.fi\/the-magnus-ehrnrooth-prize\/"},"modified":"2025-05-21T15:04:09","modified_gmt":"2025-05-21T12:04:09","slug":"the-magnus-ehrnrooth-prize","status":"publish","type":"page","link":"https:\/\/scientiarum.fi\/en\/the-magnus-ehrnrooth-prize\/","title":{"rendered":"The Magnus Ehrnrooth Prize"},"content":{"rendered":"<p>[et_pb_section fb_built=&#8221;1&#8243; _builder_version=&#8221;4.21.0&#8243; _module_preset=&#8221;default&#8221; global_colors_info=&#8221;{}&#8221;][et_pb_row _builder_version=&#8221;4.21.0&#8243; _module_preset=&#8221;default&#8221; custom_margin=&#8221;0px||0px||false|false&#8221; custom_padding=&#8221;0px||0px||false|false&#8221; global_colors_info=&#8221;{}&#8221;][et_pb_column type=&#8221;4_4&#8243; _builder_version=&#8221;4.21.0&#8243; _module_preset=&#8221;default&#8221; global_colors_info=&#8221;{}&#8221;][et_pb_image src=&#8221;https:\/\/scientiarum.fi\/wp-content\/uploads\/2023\/06\/banner-small.jpg&#8221; title_text=&#8221;banner-small&#8221; _builder_version=&#8221;4.21.0&#8243; _module_preset=&#8221;default&#8221; global_colors_info=&#8221;{}&#8221;][\/et_pb_image][\/et_pb_column][\/et_pb_row][et_pb_row _builder_version=&#8221;4.21.0&#8243; _module_preset=&#8221;default&#8221; custom_margin=&#8221;50px||0px||false|false&#8221; custom_padding=&#8221;0px||0px||false|false&#8221; global_colors_info=&#8221;{}&#8221;][et_pb_column type=&#8221;4_4&#8243; _builder_version=&#8221;4.21.0&#8243; _module_preset=&#8221;default&#8221; global_colors_info=&#8221;{}&#8221;][et_pb_text module_class=&#8221;defwp&#8221; _builder_version=&#8221;4.27.3&#8243; _module_preset=&#8221;1b686adf-681b-484a-9fee-595f92a65ad5&#8243; text_orientation=&#8221;center&#8221; global_colors_info=&#8221;{}&#8221;]<\/p>\n<h1>The Magnus Ehrnrooth Prize<\/h1>\n<p>[\/et_pb_text][\/et_pb_column][\/et_pb_row][et_pb_row column_structure=&#8221;1_3,1_3,1_3&#8243; _builder_version=&#8221;4.27.3&#8243; _module_preset=&#8221;default&#8221; global_colors_info=&#8221;{}&#8221;][et_pb_column type=&#8221;1_3&#8243; _builder_version=&#8221;4.27.3&#8243; _module_preset=&#8221;default&#8221; global_colors_info=&#8221;{}&#8221;][\/et_pb_column][et_pb_column type=&#8221;1_3&#8243; _builder_version=&#8221;4.27.3&#8243; _module_preset=&#8221;default&#8221; global_colors_info=&#8221;{}&#8221;][et_pb_text _builder_version=&#8221;4.27.3&#8243; _module_preset=&#8221;default&#8221; hover_enabled=&#8221;0&#8243; global_colors_info=&#8221;{}&#8221; sticky_enabled=&#8221;0&#8243;]<\/p>\n<div>\n<div><span>1986 Lehto Olli, mathematics<\/span><\/div>\n<div><span>1989 Nieminen Risto, physics<\/span><\/div>\n<div><span>1990 Lounasmaa Mauri, chemistry<\/span><\/div>\n<div><span>1991 Salomaa Arto, mathematics<\/span><\/div>\n<div><span>1992 Hautoj\u00e4rvi Pekka, physics<\/span><\/div>\n<div><span>1993 T\u00f6rm\u00e4l\u00e4 Pentti, chemistry<\/span><\/div>\n<div><span>1994 Rickman Seppo, mathematics<\/span><\/div>\n<div><span>1995 Manninen Matti, physics<\/span><\/div>\n<div><span>1996 Pakkanen Tapani, chemistry<\/span><\/div>\n<div><span>1997 Illman S\u00f6ren, mathematics<\/span><\/div>\n<div><span>1998 Enqvist Kari, physics<\/span><\/div>\n<div><span>1999 Stenius Per, chemistry<\/span><\/div>\n<div><span>2000 Mattila Pertti, mathematics<\/span><\/div>\n<div><span>2001 Suominen Kalle-Antti, physics<\/span><\/div>\n<div><span>2002 Leskel\u00e4 Markku, chemistry<\/span><\/div>\n<div><span>2003 Astala Kari, mathematics<\/span><\/div>\n<div><span>2004 Saarinen Kimmo, physics<\/span><\/div>\n<div><span>2005 Rissanen Kari, chemistry<\/span><\/div>\n<div><span>2006 P\u00e4iv\u00e4rinta Lassi, mathematics<\/span><\/div>\n<div><span>2007 Nordlund Kai, physics<\/span><\/div>\n<div><span>2008 Riekkola Marja-Liisa, chemistry<\/span><\/div>\n<div><span>2009 Kupiainen Antti, mathematics<\/span><\/div>\n<div><span>2010 Vehkam\u00e4ki Hanna, physics<\/span><\/div>\n<div><span>2011 Salmi Tapio, chemistry<\/span><\/div>\n<div><span>2012 Koskela Pekka, mathematics<\/span><\/div>\n<div><span>2013 Vattulainen Ilpo, physics<\/span><\/div>\n<div><span>2014 Slotte Peter, chemistry<\/span><\/div>\n<div><span>2015 Nyberg Kaisa, mathematics<\/span><\/div>\n<div><span>2016 Kainulainen Kimmo, physics<\/span><\/div>\n<div><span>2017 Johansson Peter, grand scholarship<\/span><\/div>\n<div><span>2018 Saksman Eero, mathematics<\/span><\/div>\n<div><span>2019 T\u00f6rm\u00e4 P\u00e4ivi, physics<\/span><\/div>\n<div><span>2020 Ritala Mikko, chemistry<\/span><\/div>\n<div><span>2021 Kari Jarkko, mathematics<\/span><\/div>\n<div><span>2022 Vuorinen Aleksi, physics<\/span><\/div>\n<div><span>2023 Kostiainen Mauri, chemistry<\/span><\/div>\n<div><span>2024 V\u00e4\u00e4n\u00e4nen Jouko, mathematics<\/span><\/div>\n<div><span>2025 Pekola Jukka, physics<\/span><\/div>\n<\/div>\n<p>[\/et_pb_text][\/et_pb_column][et_pb_column type=&#8221;1_3&#8243; _builder_version=&#8221;4.27.3&#8243; _module_preset=&#8221;default&#8221; global_colors_info=&#8221;{}&#8221;][\/et_pb_column][\/et_pb_row][\/et_pb_section]<\/p>\n","protected":false},"excerpt":{"rendered":"<p>The Magnus Ehrnrooth Prize 1986 Lehto Olli, mathematics 1989 Nieminen Risto, physics 1990 Lounasmaa Mauri, chemistry 1991 Salomaa Arto, mathematics 1992 Hautoj\u00e4rvi Pekka, physics 1993 T\u00f6rm\u00e4l\u00e4 Pentti, chemistry 1994 Rickman Seppo, mathematics 1995 Manninen Matti, physics 1996 Pakkanen Tapani, chemistry 1997 Illman S\u00f6ren, mathematics 1998 Enqvist Kari, physics 1999 Stenius Per, chemistry 2000 Mattila Pertti, [&hellip;]<\/p>\n","protected":false},"author":2,"featured_media":0,"parent":0,"menu_order":0,"comment_status":"closed","ping_status":"closed","template":"","meta":{"_acf_changed":false,"_et_pb_use_builder":"on","_et_pb_old_content":"","_et_gb_content_width":"","footnotes":""},"class_list":["post-7342","page","type-page","status-publish","hentry"],"acf":[],"yoast_head":"<!-- This site is optimized with the Yoast SEO plugin v27.3 - https:\/\/yoast.com\/product\/yoast-seo-wordpress\/ -->\n<title>The Magnus Ehrnrooth Prize - The Finnish Society of Sciences And Letters<\/title>\n<meta name=\"robots\" content=\"index, follow, max-snippet:-1, max-image-preview:large, max-video-preview:-1\" \/>\n<link rel=\"canonical\" href=\"https:\/\/scientiarum.fi\/en\/the-magnus-ehrnrooth-prize\/\" \/>\n<meta property=\"og:locale\" content=\"en_US\" \/>\n<meta property=\"og:type\" content=\"article\" \/>\n<meta property=\"og:title\" content=\"The Magnus Ehrnrooth Prize - The Finnish Society of Sciences And Letters\" \/>\n<meta property=\"og:description\" content=\"The Magnus Ehrnrooth Prize 1986 Lehto Olli, mathematics 1989 Nieminen Risto, physics 1990 Lounasmaa Mauri, chemistry 1991 Salomaa Arto, mathematics 1992 Hautoj\u00e4rvi Pekka, physics 1993 T\u00f6rm\u00e4l\u00e4 Pentti, chemistry 1994 Rickman Seppo, mathematics 1995 Manninen Matti, physics 1996 Pakkanen Tapani, chemistry 1997 Illman S\u00f6ren, mathematics 1998 Enqvist Kari, physics 1999 Stenius Per, chemistry 2000 Mattila Pertti, [&hellip;]\" \/>\n<meta property=\"og:url\" content=\"https:\/\/scientiarum.fi\/en\/the-magnus-ehrnrooth-prize\/\" \/>\n<meta property=\"og:site_name\" content=\"The Finnish Society of Sciences And Letters\" \/>\n<meta property=\"article:publisher\" content=\"https:\/\/www.facebook.com\/societas.scientiarum\" \/>\n<meta property=\"article:modified_time\" content=\"2025-05-21T12:04:09+00:00\" \/>\n<meta name=\"twitter:card\" content=\"summary_large_image\" \/>\n<meta name=\"twitter:site\" content=\"@tiedeseura\" \/>\n<meta name=\"twitter:label1\" content=\"Est. reading time\" \/>\n\t<meta name=\"twitter:data1\" content=\"2 minutes\" \/>\n<script type=\"application\/ld+json\" class=\"yoast-schema-graph\">{\"@context\":\"https:\\\/\\\/schema.org\",\"@graph\":[{\"@type\":\"WebPage\",\"@id\":\"https:\\\/\\\/scientiarum.fi\\\/en\\\/the-magnus-ehrnrooth-prize\\\/\",\"url\":\"https:\\\/\\\/scientiarum.fi\\\/en\\\/the-magnus-ehrnrooth-prize\\\/\",\"name\":\"The Magnus Ehrnrooth Prize - The Finnish Society of Sciences And Letters\",\"isPartOf\":{\"@id\":\"https:\\\/\\\/scientiarum.fi\\\/#website\"},\"datePublished\":\"2023-06-19T07:51:44+00:00\",\"dateModified\":\"2025-05-21T12:04:09+00:00\",\"breadcrumb\":{\"@id\":\"https:\\\/\\\/scientiarum.fi\\\/en\\\/the-magnus-ehrnrooth-prize\\\/#breadcrumb\"},\"inLanguage\":\"en-US\",\"potentialAction\":[{\"@type\":\"ReadAction\",\"target\":[\"https:\\\/\\\/scientiarum.fi\\\/en\\\/the-magnus-ehrnrooth-prize\\\/\"]}]},{\"@type\":\"BreadcrumbList\",\"@id\":\"https:\\\/\\\/scientiarum.fi\\\/en\\\/the-magnus-ehrnrooth-prize\\\/#breadcrumb\",\"itemListElement\":[{\"@type\":\"ListItem\",\"position\":1,\"name\":\"Home\",\"item\":\"https:\\\/\\\/scientiarum.fi\\\/\"},{\"@type\":\"ListItem\",\"position\":2,\"name\":\"The Magnus Ehrnrooth Prize\"}]},{\"@type\":\"WebSite\",\"@id\":\"https:\\\/\\\/scientiarum.fi\\\/#website\",\"url\":\"https:\\\/\\\/scientiarum.fi\\\/\",\"name\":\"Finska Vetenskaps-Societeten\",\"description\":\"\",\"publisher\":{\"@id\":\"https:\\\/\\\/scientiarum.fi\\\/#organization\"},\"potentialAction\":[{\"@type\":\"SearchAction\",\"target\":{\"@type\":\"EntryPoint\",\"urlTemplate\":\"https:\\\/\\\/scientiarum.fi\\\/?s={search_term_string}\"},\"query-input\":{\"@type\":\"PropertyValueSpecification\",\"valueRequired\":true,\"valueName\":\"search_term_string\"}}],\"inLanguage\":\"en-US\"},{\"@type\":\"Organization\",\"@id\":\"https:\\\/\\\/scientiarum.fi\\\/#organization\",\"name\":\"Finska Vetenskaps-Societeten\",\"url\":\"https:\\\/\\\/scientiarum.fi\\\/\",\"logo\":{\"@type\":\"ImageObject\",\"inLanguage\":\"en-US\",\"@id\":\"https:\\\/\\\/scientiarum.fi\\\/#\\\/schema\\\/logo\\\/image\\\/\",\"url\":\"\",\"contentUrl\":\"\",\"caption\":\"Finska Vetenskaps-Societeten\"},\"image\":{\"@id\":\"https:\\\/\\\/scientiarum.fi\\\/#\\\/schema\\\/logo\\\/image\\\/\"},\"sameAs\":[\"https:\\\/\\\/www.facebook.com\\\/societas.scientiarum\",\"https:\\\/\\\/x.com\\\/tiedeseura\",\"https:\\\/\\\/www.linkedin.com\\\/company\\\/finska-vetenskaps-societeten-the-finnish-society-of-sciences-and-letters\\\/\"]}]}<\/script>\n<!-- \/ Yoast SEO plugin. -->","yoast_head_json":{"title":"The Magnus Ehrnrooth Prize - The Finnish Society of Sciences And Letters","robots":{"index":"index","follow":"follow","max-snippet":"max-snippet:-1","max-image-preview":"max-image-preview:large","max-video-preview":"max-video-preview:-1"},"canonical":"https:\/\/scientiarum.fi\/en\/the-magnus-ehrnrooth-prize\/","og_locale":"en_US","og_type":"article","og_title":"The Magnus Ehrnrooth Prize - The Finnish Society of Sciences And Letters","og_description":"The Magnus Ehrnrooth Prize 1986 Lehto Olli, mathematics 1989 Nieminen Risto, physics 1990 Lounasmaa Mauri, chemistry 1991 Salomaa Arto, mathematics 1992 Hautoj\u00e4rvi Pekka, physics 1993 T\u00f6rm\u00e4l\u00e4 Pentti, chemistry 1994 Rickman Seppo, mathematics 1995 Manninen Matti, physics 1996 Pakkanen Tapani, chemistry 1997 Illman S\u00f6ren, mathematics 1998 Enqvist Kari, physics 1999 Stenius Per, chemistry 2000 Mattila Pertti, [&hellip;]","og_url":"https:\/\/scientiarum.fi\/en\/the-magnus-ehrnrooth-prize\/","og_site_name":"The Finnish Society of Sciences And Letters","article_publisher":"https:\/\/www.facebook.com\/societas.scientiarum","article_modified_time":"2025-05-21T12:04:09+00:00","twitter_card":"summary_large_image","twitter_site":"@tiedeseura","twitter_misc":{"Est. reading time":"2 minutes"},"schema":{"@context":"https:\/\/schema.org","@graph":[{"@type":"WebPage","@id":"https:\/\/scientiarum.fi\/en\/the-magnus-ehrnrooth-prize\/","url":"https:\/\/scientiarum.fi\/en\/the-magnus-ehrnrooth-prize\/","name":"The Magnus Ehrnrooth Prize - The Finnish Society of Sciences And Letters","isPartOf":{"@id":"https:\/\/scientiarum.fi\/#website"},"datePublished":"2023-06-19T07:51:44+00:00","dateModified":"2025-05-21T12:04:09+00:00","breadcrumb":{"@id":"https:\/\/scientiarum.fi\/en\/the-magnus-ehrnrooth-prize\/#breadcrumb"},"inLanguage":"en-US","potentialAction":[{"@type":"ReadAction","target":["https:\/\/scientiarum.fi\/en\/the-magnus-ehrnrooth-prize\/"]}]},{"@type":"BreadcrumbList","@id":"https:\/\/scientiarum.fi\/en\/the-magnus-ehrnrooth-prize\/#breadcrumb","itemListElement":[{"@type":"ListItem","position":1,"name":"Home","item":"https:\/\/scientiarum.fi\/"},{"@type":"ListItem","position":2,"name":"The Magnus Ehrnrooth Prize"}]},{"@type":"WebSite","@id":"https:\/\/scientiarum.fi\/#website","url":"https:\/\/scientiarum.fi\/","name":"Finska Vetenskaps-Societeten","description":"","publisher":{"@id":"https:\/\/scientiarum.fi\/#organization"},"potentialAction":[{"@type":"SearchAction","target":{"@type":"EntryPoint","urlTemplate":"https:\/\/scientiarum.fi\/?s={search_term_string}"},"query-input":{"@type":"PropertyValueSpecification","valueRequired":true,"valueName":"search_term_string"}}],"inLanguage":"en-US"},{"@type":"Organization","@id":"https:\/\/scientiarum.fi\/#organization","name":"Finska Vetenskaps-Societeten","url":"https:\/\/scientiarum.fi\/","logo":{"@type":"ImageObject","inLanguage":"en-US","@id":"https:\/\/scientiarum.fi\/#\/schema\/logo\/image\/","url":"","contentUrl":"","caption":"Finska Vetenskaps-Societeten"},"image":{"@id":"https:\/\/scientiarum.fi\/#\/schema\/logo\/image\/"},"sameAs":["https:\/\/www.facebook.com\/societas.scientiarum","https:\/\/x.com\/tiedeseura","https:\/\/www.linkedin.com\/company\/finska-vetenskaps-societeten-the-finnish-society-of-sciences-and-letters\/"]}]}},"_links":{"self":[{"href":"https:\/\/scientiarum.fi\/en\/wp-json\/wp\/v2\/pages\/7342","targetHints":{"allow":["GET"]}}],"collection":[{"href":"https:\/\/scientiarum.fi\/en\/wp-json\/wp\/v2\/pages"}],"about":[{"href":"https:\/\/scientiarum.fi\/en\/wp-json\/wp\/v2\/types\/page"}],"author":[{"embeddable":true,"href":"https:\/\/scientiarum.fi\/en\/wp-json\/wp\/v2\/users\/2"}],"replies":[{"embeddable":true,"href":"https:\/\/scientiarum.fi\/en\/wp-json\/wp\/v2\/comments?post=7342"}],"version-history":[{"count":5,"href":"https:\/\/scientiarum.fi\/en\/wp-json\/wp\/v2\/pages\/7342\/revisions"}],"predecessor-version":[{"id":7451,"href":"https:\/\/scientiarum.fi\/en\/wp-json\/wp\/v2\/pages\/7342\/revisions\/7451"}],"wp:attachment":[{"href":"https:\/\/scientiarum.fi\/en\/wp-json\/wp\/v2\/media?parent=7342"}],"curies":[{"name":"wp","href":"https:\/\/api.w.org\/{rel}","templated":true}]}}