{"id":7337,"date":"2023-06-19T10:35:28","date_gmt":"2023-06-19T07:35:28","guid":{"rendered":"https:\/\/scientiarum.fi\/the-prize-of-the-phd-mikael-bjornberg-memorial-fund\/"},"modified":"2025-05-21T14:35:17","modified_gmt":"2025-05-21T11:35:17","slug":"the-prize-of-the-phd-mikael-bjornberg-memorial-fund","status":"publish","type":"page","link":"https:\/\/scientiarum.fi\/en\/the-prize-of-the-phd-mikael-bjornberg-memorial-fund\/","title":{"rendered":"The Prize of the PhD Mikael Bj\u00f6rnberg Memorial Fund"},"content":{"rendered":"<p>[et_pb_section fb_built=&#8221;1&#8243; _builder_version=&#8221;4.21.0&#8243; _module_preset=&#8221;default&#8221; global_colors_info=&#8221;{}&#8221;][et_pb_row _builder_version=&#8221;4.21.0&#8243; _module_preset=&#8221;default&#8221; custom_margin=&#8221;0px||0px||false|false&#8221; custom_padding=&#8221;0px||0px||false|false&#8221; global_colors_info=&#8221;{}&#8221;][et_pb_column type=&#8221;4_4&#8243; _builder_version=&#8221;4.21.0&#8243; _module_preset=&#8221;default&#8221; global_colors_info=&#8221;{}&#8221;][et_pb_image src=&#8221;https:\/\/scientiarum.fi\/wp-content\/uploads\/2023\/06\/banner-small.jpg&#8221; title_text=&#8221;banner-small&#8221; _builder_version=&#8221;4.21.0&#8243; _module_preset=&#8221;default&#8221; global_colors_info=&#8221;{}&#8221;][\/et_pb_image][\/et_pb_column][\/et_pb_row][et_pb_row _builder_version=&#8221;4.27.3&#8243; _module_preset=&#8221;default&#8221; min_height=&#8221;116px&#8221; custom_margin=&#8221;30px||0px||false|false&#8221; custom_padding=&#8221;0px||0px||false|false&#8221; global_colors_info=&#8221;{}&#8221;][et_pb_column type=&#8221;4_4&#8243; _builder_version=&#8221;4.27.3&#8243; _module_preset=&#8221;default&#8221; custom_padding=&#8221;0px||0px||false|false&#8221; global_colors_info=&#8221;{}&#8221;][et_pb_text module_class=&#8221;defwp&#8221; _builder_version=&#8221;4.27.3&#8243; _module_preset=&#8221;1b686adf-681b-484a-9fee-595f92a65ad5&#8243; text_orientation=&#8221;center&#8221; custom_margin=&#8221;0px||0px||false|false&#8221; custom_padding=&#8221;0px||0px||false|false&#8221; global_colors_info=&#8221;{}&#8221;]<\/p>\n<h1>The Prize of the PhD Mikael Bj\u00f6rnberg Memorial Fund<\/h1>\n<p>[\/et_pb_text][\/et_pb_column][\/et_pb_row][et_pb_row column_structure=&#8221;1_3,1_3,1_3&#8243; _builder_version=&#8221;4.27.3&#8243; _module_preset=&#8221;default&#8221; custom_margin=&#8221;-30px||0px||false|false&#8221; custom_padding=&#8221;0px||0px||false|false&#8221; global_colors_info=&#8221;{}&#8221;][et_pb_column type=&#8221;1_3&#8243; _builder_version=&#8221;4.27.3&#8243; _module_preset=&#8221;default&#8221; global_colors_info=&#8221;{}&#8221;][\/et_pb_column][et_pb_column type=&#8221;1_3&#8243; _builder_version=&#8221;4.27.3&#8243; _module_preset=&#8221;default&#8221; global_colors_info=&#8221;{}&#8221;][et_pb_text _builder_version=&#8221;4.27.3&#8243; _module_preset=&#8221;default&#8221; custom_margin=&#8221;0px||0px||false|false&#8221; custom_padding=&#8221;0px||0px||false|false&#8221; hover_enabled=&#8221;0&#8243; global_colors_info=&#8221;{}&#8221; sticky_enabled=&#8221;0&#8243;]<\/p>\n<p>2004 L\u00e4hde Timo<br \/>2006 Mether Lotta<br \/>2013 L\u00e5ngvik Mikael<br \/>2014 Markkanen Tommi<br \/>2015 Suur-Uski Anna-Stina<br \/>2016 Tenkanen Tommi<br \/>2017 Granberg Fredrik<br \/>2018 M\u00e4ntysaari Heikki<br \/>2019 K\u00e4rkk\u00e4inen Timo<br \/>2020 Mannerkoski Matias<br \/>2021 N\u00e4ttil\u00e4 Joonas<br \/>2022 Penttala Jani<br \/>2023 S\u00e4ppi Saga<br \/>2024 Huhtinen Kukka-Emilia<br \/>2025 Hirvonen Joonas<\/p>\n<p>[\/et_pb_text][\/et_pb_column][et_pb_column type=&#8221;1_3&#8243; _builder_version=&#8221;4.27.3&#8243; _module_preset=&#8221;default&#8221; global_colors_info=&#8221;{}&#8221;][\/et_pb_column][\/et_pb_row][\/et_pb_section]<\/p>\n","protected":false},"excerpt":{"rendered":"<p>The Prize of the PhD Mikael Bj\u00f6rnberg Memorial Fund2004 L\u00e4hde Timo2006 Mether Lotta2013 L\u00e5ngvik Mikael2014 Markkanen Tommi2015 Suur-Uski Anna-Stina2016 Tenkanen Tommi2017 Granberg Fredrik2018 M\u00e4ntysaari Heikki2019 K\u00e4rkk\u00e4inen Timo2020 Mannerkoski Matias2021 N\u00e4ttil\u00e4 Joonas2022 Penttala Jani2023 S\u00e4ppi Saga2024 Huhtinen Kukka-Emilia2025 Hirvonen Joonas<\/p>\n","protected":false},"author":2,"featured_media":0,"parent":0,"menu_order":0,"comment_status":"closed","ping_status":"closed","template":"","meta":{"_acf_changed":false,"_et_pb_use_builder":"on","_et_pb_old_content":"","_et_gb_content_width":"","footnotes":""},"class_list":["post-7337","page","type-page","status-publish","hentry"],"acf":[],"yoast_head":"<!-- This site is optimized with the Yoast SEO plugin v27.3 - https:\/\/yoast.com\/product\/yoast-seo-wordpress\/ -->\n<title>The Prize of the PhD Mikael Bj\u00f6rnberg Memorial Fund - The Finnish Society of Sciences And Letters<\/title>\n<meta name=\"robots\" content=\"index, follow, max-snippet:-1, max-image-preview:large, max-video-preview:-1\" \/>\n<link rel=\"canonical\" href=\"https:\/\/scientiarum.fi\/en\/the-prize-of-the-phd-mikael-bjornberg-memorial-fund\/\" \/>\n<meta property=\"og:locale\" content=\"en_US\" \/>\n<meta property=\"og:type\" content=\"article\" \/>\n<meta property=\"og:title\" content=\"The Prize of the PhD Mikael Bj\u00f6rnberg Memorial Fund - The Finnish Society of Sciences And Letters\" \/>\n<meta property=\"og:description\" content=\"The Prize of the PhD Mikael Bj\u00f6rnberg Memorial Fund2004 L\u00e4hde Timo2006 Mether Lotta2013 L\u00e5ngvik Mikael2014 Markkanen Tommi2015 Suur-Uski Anna-Stina2016 Tenkanen Tommi2017 Granberg Fredrik2018 M\u00e4ntysaari Heikki2019 K\u00e4rkk\u00e4inen Timo2020 Mannerkoski Matias2021 N\u00e4ttil\u00e4 Joonas2022 Penttala Jani2023 S\u00e4ppi Saga2024 Huhtinen Kukka-Emilia2025 Hirvonen Joonas\" \/>\n<meta property=\"og:url\" content=\"https:\/\/scientiarum.fi\/en\/the-prize-of-the-phd-mikael-bjornberg-memorial-fund\/\" \/>\n<meta property=\"og:site_name\" content=\"The Finnish Society of Sciences And Letters\" \/>\n<meta property=\"article:publisher\" content=\"https:\/\/www.facebook.com\/societas.scientiarum\" \/>\n<meta property=\"article:modified_time\" content=\"2025-05-21T11:35:17+00:00\" \/>\n<meta name=\"twitter:card\" content=\"summary_large_image\" \/>\n<meta name=\"twitter:site\" content=\"@tiedeseura\" \/>\n<meta name=\"twitter:label1\" content=\"Est. reading time\" \/>\n\t<meta name=\"twitter:data1\" content=\"2 minutes\" \/>\n<script type=\"application\/ld+json\" class=\"yoast-schema-graph\">{\"@context\":\"https:\\\/\\\/schema.org\",\"@graph\":[{\"@type\":\"WebPage\",\"@id\":\"https:\\\/\\\/scientiarum.fi\\\/en\\\/the-prize-of-the-phd-mikael-bjornberg-memorial-fund\\\/\",\"url\":\"https:\\\/\\\/scientiarum.fi\\\/en\\\/the-prize-of-the-phd-mikael-bjornberg-memorial-fund\\\/\",\"name\":\"The Prize of the PhD Mikael Bj\u00f6rnberg Memorial Fund - The Finnish Society of Sciences And Letters\",\"isPartOf\":{\"@id\":\"https:\\\/\\\/scientiarum.fi\\\/#website\"},\"datePublished\":\"2023-06-19T07:35:28+00:00\",\"dateModified\":\"2025-05-21T11:35:17+00:00\",\"breadcrumb\":{\"@id\":\"https:\\\/\\\/scientiarum.fi\\\/en\\\/the-prize-of-the-phd-mikael-bjornberg-memorial-fund\\\/#breadcrumb\"},\"inLanguage\":\"en-US\",\"potentialAction\":[{\"@type\":\"ReadAction\",\"target\":[\"https:\\\/\\\/scientiarum.fi\\\/en\\\/the-prize-of-the-phd-mikael-bjornberg-memorial-fund\\\/\"]}]},{\"@type\":\"BreadcrumbList\",\"@id\":\"https:\\\/\\\/scientiarum.fi\\\/en\\\/the-prize-of-the-phd-mikael-bjornberg-memorial-fund\\\/#breadcrumb\",\"itemListElement\":[{\"@type\":\"ListItem\",\"position\":1,\"name\":\"Home\",\"item\":\"https:\\\/\\\/scientiarum.fi\\\/\"},{\"@type\":\"ListItem\",\"position\":2,\"name\":\"The Prize of the PhD Mikael Bj\u00f6rnberg Memorial Fund\"}]},{\"@type\":\"WebSite\",\"@id\":\"https:\\\/\\\/scientiarum.fi\\\/#website\",\"url\":\"https:\\\/\\\/scientiarum.fi\\\/\",\"name\":\"Finska Vetenskaps-Societeten\",\"description\":\"\",\"publisher\":{\"@id\":\"https:\\\/\\\/scientiarum.fi\\\/#organization\"},\"potentialAction\":[{\"@type\":\"SearchAction\",\"target\":{\"@type\":\"EntryPoint\",\"urlTemplate\":\"https:\\\/\\\/scientiarum.fi\\\/?s={search_term_string}\"},\"query-input\":{\"@type\":\"PropertyValueSpecification\",\"valueRequired\":true,\"valueName\":\"search_term_string\"}}],\"inLanguage\":\"en-US\"},{\"@type\":\"Organization\",\"@id\":\"https:\\\/\\\/scientiarum.fi\\\/#organization\",\"name\":\"Finska Vetenskaps-Societeten\",\"url\":\"https:\\\/\\\/scientiarum.fi\\\/\",\"logo\":{\"@type\":\"ImageObject\",\"inLanguage\":\"en-US\",\"@id\":\"https:\\\/\\\/scientiarum.fi\\\/#\\\/schema\\\/logo\\\/image\\\/\",\"url\":\"\",\"contentUrl\":\"\",\"caption\":\"Finska Vetenskaps-Societeten\"},\"image\":{\"@id\":\"https:\\\/\\\/scientiarum.fi\\\/#\\\/schema\\\/logo\\\/image\\\/\"},\"sameAs\":[\"https:\\\/\\\/www.facebook.com\\\/societas.scientiarum\",\"https:\\\/\\\/x.com\\\/tiedeseura\",\"https:\\\/\\\/www.linkedin.com\\\/company\\\/finska-vetenskaps-societeten-the-finnish-society-of-sciences-and-letters\\\/\"]}]}<\/script>\n<!-- \/ Yoast SEO plugin. -->","yoast_head_json":{"title":"The Prize of the PhD Mikael Bj\u00f6rnberg Memorial Fund - The Finnish Society of Sciences And Letters","robots":{"index":"index","follow":"follow","max-snippet":"max-snippet:-1","max-image-preview":"max-image-preview:large","max-video-preview":"max-video-preview:-1"},"canonical":"https:\/\/scientiarum.fi\/en\/the-prize-of-the-phd-mikael-bjornberg-memorial-fund\/","og_locale":"en_US","og_type":"article","og_title":"The Prize of the PhD Mikael Bj\u00f6rnberg Memorial Fund - The Finnish Society of Sciences And Letters","og_description":"The Prize of the PhD Mikael Bj\u00f6rnberg Memorial Fund2004 L\u00e4hde Timo2006 Mether Lotta2013 L\u00e5ngvik Mikael2014 Markkanen Tommi2015 Suur-Uski Anna-Stina2016 Tenkanen Tommi2017 Granberg Fredrik2018 M\u00e4ntysaari Heikki2019 K\u00e4rkk\u00e4inen Timo2020 Mannerkoski Matias2021 N\u00e4ttil\u00e4 Joonas2022 Penttala Jani2023 S\u00e4ppi Saga2024 Huhtinen Kukka-Emilia2025 Hirvonen Joonas","og_url":"https:\/\/scientiarum.fi\/en\/the-prize-of-the-phd-mikael-bjornberg-memorial-fund\/","og_site_name":"The Finnish Society of Sciences And Letters","article_publisher":"https:\/\/www.facebook.com\/societas.scientiarum","article_modified_time":"2025-05-21T11:35:17+00:00","twitter_card":"summary_large_image","twitter_site":"@tiedeseura","twitter_misc":{"Est. reading time":"2 minutes"},"schema":{"@context":"https:\/\/schema.org","@graph":[{"@type":"WebPage","@id":"https:\/\/scientiarum.fi\/en\/the-prize-of-the-phd-mikael-bjornberg-memorial-fund\/","url":"https:\/\/scientiarum.fi\/en\/the-prize-of-the-phd-mikael-bjornberg-memorial-fund\/","name":"The Prize of the PhD Mikael Bj\u00f6rnberg Memorial Fund - The Finnish Society of Sciences And Letters","isPartOf":{"@id":"https:\/\/scientiarum.fi\/#website"},"datePublished":"2023-06-19T07:35:28+00:00","dateModified":"2025-05-21T11:35:17+00:00","breadcrumb":{"@id":"https:\/\/scientiarum.fi\/en\/the-prize-of-the-phd-mikael-bjornberg-memorial-fund\/#breadcrumb"},"inLanguage":"en-US","potentialAction":[{"@type":"ReadAction","target":["https:\/\/scientiarum.fi\/en\/the-prize-of-the-phd-mikael-bjornberg-memorial-fund\/"]}]},{"@type":"BreadcrumbList","@id":"https:\/\/scientiarum.fi\/en\/the-prize-of-the-phd-mikael-bjornberg-memorial-fund\/#breadcrumb","itemListElement":[{"@type":"ListItem","position":1,"name":"Home","item":"https:\/\/scientiarum.fi\/"},{"@type":"ListItem","position":2,"name":"The Prize of the PhD Mikael Bj\u00f6rnberg Memorial Fund"}]},{"@type":"WebSite","@id":"https:\/\/scientiarum.fi\/#website","url":"https:\/\/scientiarum.fi\/","name":"Finska Vetenskaps-Societeten","description":"","publisher":{"@id":"https:\/\/scientiarum.fi\/#organization"},"potentialAction":[{"@type":"SearchAction","target":{"@type":"EntryPoint","urlTemplate":"https:\/\/scientiarum.fi\/?s={search_term_string}"},"query-input":{"@type":"PropertyValueSpecification","valueRequired":true,"valueName":"search_term_string"}}],"inLanguage":"en-US"},{"@type":"Organization","@id":"https:\/\/scientiarum.fi\/#organization","name":"Finska Vetenskaps-Societeten","url":"https:\/\/scientiarum.fi\/","logo":{"@type":"ImageObject","inLanguage":"en-US","@id":"https:\/\/scientiarum.fi\/#\/schema\/logo\/image\/","url":"","contentUrl":"","caption":"Finska Vetenskaps-Societeten"},"image":{"@id":"https:\/\/scientiarum.fi\/#\/schema\/logo\/image\/"},"sameAs":["https:\/\/www.facebook.com\/societas.scientiarum","https:\/\/x.com\/tiedeseura","https:\/\/www.linkedin.com\/company\/finska-vetenskaps-societeten-the-finnish-society-of-sciences-and-letters\/"]}]}},"_links":{"self":[{"href":"https:\/\/scientiarum.fi\/en\/wp-json\/wp\/v2\/pages\/7337","targetHints":{"allow":["GET"]}}],"collection":[{"href":"https:\/\/scientiarum.fi\/en\/wp-json\/wp\/v2\/pages"}],"about":[{"href":"https:\/\/scientiarum.fi\/en\/wp-json\/wp\/v2\/types\/page"}],"author":[{"embeddable":true,"href":"https:\/\/scientiarum.fi\/en\/wp-json\/wp\/v2\/users\/2"}],"replies":[{"embeddable":true,"href":"https:\/\/scientiarum.fi\/en\/wp-json\/wp\/v2\/comments?post=7337"}],"version-history":[{"count":3,"href":"https:\/\/scientiarum.fi\/en\/wp-json\/wp\/v2\/pages\/7337\/revisions"}],"predecessor-version":[{"id":7443,"href":"https:\/\/scientiarum.fi\/en\/wp-json\/wp\/v2\/pages\/7337\/revisions\/7443"}],"wp:attachment":[{"href":"https:\/\/scientiarum.fi\/en\/wp-json\/wp\/v2\/media?parent=7337"}],"curies":[{"name":"wp","href":"https:\/\/api.w.org\/{rel}","templated":true}]}}