{"id":7307,"date":"2023-06-19T10:45:57","date_gmt":"2023-06-19T07:45:57","guid":{"rendered":"https:\/\/scientiarum.fi\/professor-theodor-homens-prize\/"},"modified":"2026-02-23T10:25:10","modified_gmt":"2026-02-23T07:25:10","slug":"professor-theodor-homens-prize","status":"publish","type":"page","link":"https:\/\/scientiarum.fi\/en\/professor-theodor-homens-prize\/","title":{"rendered":"Professor Theodor Hom\u00e9n\u2019s Prize"},"content":{"rendered":"<p>[et_pb_section fb_built=&#8221;1&#8243; _builder_version=&#8221;4.21.0&#8243; _module_preset=&#8221;default&#8221; global_colors_info=&#8221;{}&#8221;][et_pb_row _builder_version=&#8221;4.21.0&#8243; _module_preset=&#8221;default&#8221; custom_margin=&#8221;0px||0px||false|false&#8221; custom_padding=&#8221;0px||0px||false|false&#8221; global_colors_info=&#8221;{}&#8221;][et_pb_column type=&#8221;4_4&#8243; _builder_version=&#8221;4.21.0&#8243; _module_preset=&#8221;default&#8221; global_colors_info=&#8221;{}&#8221;][et_pb_image src=&#8221;https:\/\/scientiarum.fi\/wp-content\/uploads\/2023\/06\/banner-small.jpg&#8221; title_text=&#8221;banner-small&#8221; _builder_version=&#8221;4.21.0&#8243; _module_preset=&#8221;default&#8221; global_colors_info=&#8221;{}&#8221;][\/et_pb_image][\/et_pb_column][\/et_pb_row][et_pb_row _builder_version=&#8221;4.27.3&#8243; _module_preset=&#8221;default&#8221; custom_margin=&#8221;||||false|false&#8221; custom_padding=&#8221;||0px||false|false&#8221; global_colors_info=&#8221;{}&#8221;][et_pb_column type=&#8221;4_4&#8243; _builder_version=&#8221;4.27.3&#8243; _module_preset=&#8221;default&#8221; global_colors_info=&#8221;{}&#8221;][et_pb_text module_class=&#8221;defwp&#8221; _builder_version=&#8221;4.27.3&#8243; _module_preset=&#8221;1b686adf-681b-484a-9fee-595f92a65ad5&#8243; text_orientation=&#8221;center&#8221; text_font_size_tablet=&#8221;&#8221; text_font_size_phone=&#8221;&#8221; text_font_size_last_edited=&#8221;on|desktop&#8221; header_font_size_tablet=&#8221;&#8221; header_font_size_phone=&#8221;&#8221; header_font_size_last_edited=&#8221;on|tablet&#8221; global_colors_info=&#8221;{}&#8221;]<\/p>\n<h1>Professor Theodor Hom\u00e9n\u2019s Prize<\/h1>\n<p>[\/et_pb_text][\/et_pb_column][\/et_pb_row][et_pb_row column_structure=&#8221;1_3,1_3,1_3&#8243; _builder_version=&#8221;4.27.3&#8243; _module_preset=&#8221;default&#8221; custom_margin=&#8221;0px||0px||false|false&#8221; custom_padding=&#8221;0px||0px||false|false&#8221; hover_enabled=&#8221;0&#8243; global_colors_info=&#8221;{}&#8221; sticky_enabled=&#8221;0&#8243;][et_pb_column type=&#8221;1_3&#8243; _builder_version=&#8221;4.21.0&#8243; _module_preset=&#8221;default&#8221; global_colors_info=&#8221;{}&#8221;][\/et_pb_column][et_pb_column type=&#8221;1_3&#8243; _builder_version=&#8221;4.21.0&#8243; _module_preset=&#8221;default&#8221; global_colors_info=&#8221;{}&#8221;][et_pb_text module_class=&#8221;defwp&#8221; _builder_version=&#8221;4.27.4&#8243; _module_preset=&#8221;1b686adf-681b-484a-9fee-595f92a65ad5&#8243; hover_enabled=&#8221;0&#8243; text_font_size_tablet=&#8221;&#8221; text_font_size_phone=&#8221;&#8221; text_font_size_last_edited=&#8221;on|desktop&#8221; header_font_size_tablet=&#8221;&#8221; header_font_size_phone=&#8221;&#8221; header_font_size_last_edited=&#8221;on|tablet&#8221; global_colors_info=&#8221;{}&#8221; custom_padding=&#8221;||0px|||&#8221; sticky_enabled=&#8221;0&#8243;]<\/p>\n<p>1963 Simons Lennart, physics<br \/>1966 Rommi Pirkko, physics<br \/>1969 Lounasmaa Olli, physics<br \/>1972 Paavolainen Jaakko, History of Finland<br \/>1975 Holopainen Eero, physics<br \/>1978 Suvanto Seppo, physics<br \/>1981 Kantele Juhani, physics<br \/>1984 Vahtola Jouko, physics<br \/>1987 Stenholm Stig, physics<br \/>1990 Stenius Henrik, physics<br \/>1993 Krusius Matti, physics<br \/>1996 Jussila Osmo, physics<br \/>1999 Kajantie Keijo, physics<br \/>2002 Tarkiainen Kari, physics<br \/>2004 Ruuskanen Vesa, physics<br \/>2005 Engman Max, physics<br \/>2006 \u00c4yst\u00f6 Juha, physics<br \/>2007 Tuominiemi Jorma, physics<br \/>2007 Lilius Henrik, physics<br \/>2008 Paalanen Mikko, physics<br \/>2009 Kuisma Markku, physics<br \/>2010 Koskinen Hannu, physics<br \/>2011 Villstrand Nils Erik, physics<br \/>2012 Roos Matts, physics<br \/>2013 Hietala Marjatta, physics<br \/>2014 Nordlund Kaj, physics<br \/>2015 Kolbe Laura, physics<br \/>2016 Pekola Jukka, physics<br \/>2017 Riikonen Hannu, physics<br \/>2018 H\u00e4kkinen Hannu, physics<br \/>2018 Salmi Hannu, physics<br \/>2019 Aksela Helena, physics<br \/>2020 Vainio-Korhonen Kirsi, History of Finland<br \/>2021 Vesala Timo, physics<br \/>2021 Meinander Henrik, History of Finland<br \/>2022 Sillanp\u00e4\u00e4 Mika, physics<br \/>2022 Karonen Petri, History of Finland<br \/>2023 \u00d6sterbacka Ronald, physics<br \/>2024 Varpio Yrj\u00f6, History of Finland<br \/>2025 T\u00f6rm\u00e4 P\u00e4ivi, physics<\/p>\n<p>[\/et_pb_text][\/et_pb_column][et_pb_column type=&#8221;1_3&#8243; _builder_version=&#8221;4.21.0&#8243; _module_preset=&#8221;default&#8221; global_colors_info=&#8221;{}&#8221;][\/et_pb_column][\/et_pb_row][\/et_pb_section]<\/p>\n","protected":false},"excerpt":{"rendered":"<p>Professor Theodor Hom\u00e9n\u2019s Prize1963 Simons Lennart, physics1966 Rommi Pirkko, physics1969 Lounasmaa Olli, physics1972 Paavolainen Jaakko, History of Finland1975 Holopainen Eero, physics1978 Suvanto Seppo, physics1981 Kantele Juhani, physics1984 Vahtola Jouko, physics1987 Stenholm Stig, physics1990 Stenius Henrik, physics1993 Krusius Matti, physics1996 Jussila Osmo, physics1999 Kajantie Keijo, physics2002 Tarkiainen Kari, physics2004 Ruuskanen Vesa, physics2005 Engman Max, physics2006 \u00c4yst\u00f6 [&hellip;]<\/p>\n","protected":false},"author":2,"featured_media":0,"parent":0,"menu_order":0,"comment_status":"closed","ping_status":"closed","template":"","meta":{"_acf_changed":false,"_et_pb_use_builder":"on","_et_pb_old_content":"","_et_gb_content_width":"","footnotes":""},"class_list":["post-7307","page","type-page","status-publish","hentry"],"acf":[],"yoast_head":"<!-- This site is optimized with the Yoast SEO plugin v27.3 - https:\/\/yoast.com\/product\/yoast-seo-wordpress\/ -->\n<title>Professor Theodor Hom\u00e9n\u2019s Prize - The Finnish Society of Sciences And Letters<\/title>\n<meta name=\"robots\" content=\"index, follow, max-snippet:-1, max-image-preview:large, max-video-preview:-1\" \/>\n<link rel=\"canonical\" href=\"https:\/\/scientiarum.fi\/en\/professor-theodor-homens-prize\/\" \/>\n<meta property=\"og:locale\" content=\"en_US\" \/>\n<meta property=\"og:type\" content=\"article\" \/>\n<meta property=\"og:title\" content=\"Professor Theodor Hom\u00e9n\u2019s Prize - The Finnish Society of Sciences And Letters\" \/>\n<meta property=\"og:description\" content=\"Professor Theodor Hom\u00e9n\u2019s Prize1963 Simons Lennart, physics1966 Rommi Pirkko, physics1969 Lounasmaa Olli, physics1972 Paavolainen Jaakko, History of Finland1975 Holopainen Eero, physics1978 Suvanto Seppo, physics1981 Kantele Juhani, physics1984 Vahtola Jouko, physics1987 Stenholm Stig, physics1990 Stenius Henrik, physics1993 Krusius Matti, physics1996 Jussila Osmo, physics1999 Kajantie Keijo, physics2002 Tarkiainen Kari, physics2004 Ruuskanen Vesa, physics2005 Engman Max, physics2006 \u00c4yst\u00f6 [&hellip;]\" \/>\n<meta property=\"og:url\" content=\"https:\/\/scientiarum.fi\/en\/professor-theodor-homens-prize\/\" \/>\n<meta property=\"og:site_name\" content=\"The Finnish Society of Sciences And Letters\" \/>\n<meta property=\"article:publisher\" content=\"https:\/\/www.facebook.com\/societas.scientiarum\" \/>\n<meta property=\"article:modified_time\" content=\"2026-02-23T07:25:10+00:00\" \/>\n<meta name=\"twitter:card\" content=\"summary_large_image\" \/>\n<meta name=\"twitter:site\" content=\"@tiedeseura\" \/>\n<meta name=\"twitter:label1\" content=\"Est. reading time\" \/>\n\t<meta name=\"twitter:data1\" content=\"2 minutes\" \/>\n<script type=\"application\/ld+json\" class=\"yoast-schema-graph\">{\"@context\":\"https:\\\/\\\/schema.org\",\"@graph\":[{\"@type\":\"WebPage\",\"@id\":\"https:\\\/\\\/scientiarum.fi\\\/en\\\/professor-theodor-homens-prize\\\/\",\"url\":\"https:\\\/\\\/scientiarum.fi\\\/en\\\/professor-theodor-homens-prize\\\/\",\"name\":\"Professor Theodor Hom\u00e9n\u2019s Prize - The Finnish Society of Sciences And Letters\",\"isPartOf\":{\"@id\":\"https:\\\/\\\/scientiarum.fi\\\/#website\"},\"datePublished\":\"2023-06-19T07:45:57+00:00\",\"dateModified\":\"2026-02-23T07:25:10+00:00\",\"breadcrumb\":{\"@id\":\"https:\\\/\\\/scientiarum.fi\\\/en\\\/professor-theodor-homens-prize\\\/#breadcrumb\"},\"inLanguage\":\"en-US\",\"potentialAction\":[{\"@type\":\"ReadAction\",\"target\":[\"https:\\\/\\\/scientiarum.fi\\\/en\\\/professor-theodor-homens-prize\\\/\"]}]},{\"@type\":\"BreadcrumbList\",\"@id\":\"https:\\\/\\\/scientiarum.fi\\\/en\\\/professor-theodor-homens-prize\\\/#breadcrumb\",\"itemListElement\":[{\"@type\":\"ListItem\",\"position\":1,\"name\":\"Home\",\"item\":\"https:\\\/\\\/scientiarum.fi\\\/\"},{\"@type\":\"ListItem\",\"position\":2,\"name\":\"Professor Theodor Hom\u00e9n\u2019s Prize\"}]},{\"@type\":\"WebSite\",\"@id\":\"https:\\\/\\\/scientiarum.fi\\\/#website\",\"url\":\"https:\\\/\\\/scientiarum.fi\\\/\",\"name\":\"Finska Vetenskaps-Societeten\",\"description\":\"\",\"publisher\":{\"@id\":\"https:\\\/\\\/scientiarum.fi\\\/#organization\"},\"potentialAction\":[{\"@type\":\"SearchAction\",\"target\":{\"@type\":\"EntryPoint\",\"urlTemplate\":\"https:\\\/\\\/scientiarum.fi\\\/?s={search_term_string}\"},\"query-input\":{\"@type\":\"PropertyValueSpecification\",\"valueRequired\":true,\"valueName\":\"search_term_string\"}}],\"inLanguage\":\"en-US\"},{\"@type\":\"Organization\",\"@id\":\"https:\\\/\\\/scientiarum.fi\\\/#organization\",\"name\":\"Finska Vetenskaps-Societeten\",\"url\":\"https:\\\/\\\/scientiarum.fi\\\/\",\"logo\":{\"@type\":\"ImageObject\",\"inLanguage\":\"en-US\",\"@id\":\"https:\\\/\\\/scientiarum.fi\\\/#\\\/schema\\\/logo\\\/image\\\/\",\"url\":\"\",\"contentUrl\":\"\",\"caption\":\"Finska Vetenskaps-Societeten\"},\"image\":{\"@id\":\"https:\\\/\\\/scientiarum.fi\\\/#\\\/schema\\\/logo\\\/image\\\/\"},\"sameAs\":[\"https:\\\/\\\/www.facebook.com\\\/societas.scientiarum\",\"https:\\\/\\\/x.com\\\/tiedeseura\",\"https:\\\/\\\/www.linkedin.com\\\/company\\\/finska-vetenskaps-societeten-the-finnish-society-of-sciences-and-letters\\\/\"]}]}<\/script>\n<!-- \/ Yoast SEO plugin. -->","yoast_head_json":{"title":"Professor Theodor Hom\u00e9n\u2019s Prize - The Finnish Society of Sciences And Letters","robots":{"index":"index","follow":"follow","max-snippet":"max-snippet:-1","max-image-preview":"max-image-preview:large","max-video-preview":"max-video-preview:-1"},"canonical":"https:\/\/scientiarum.fi\/en\/professor-theodor-homens-prize\/","og_locale":"en_US","og_type":"article","og_title":"Professor Theodor Hom\u00e9n\u2019s Prize - The Finnish Society of Sciences And Letters","og_description":"Professor Theodor Hom\u00e9n\u2019s Prize1963 Simons Lennart, physics1966 Rommi Pirkko, physics1969 Lounasmaa Olli, physics1972 Paavolainen Jaakko, History of Finland1975 Holopainen Eero, physics1978 Suvanto Seppo, physics1981 Kantele Juhani, physics1984 Vahtola Jouko, physics1987 Stenholm Stig, physics1990 Stenius Henrik, physics1993 Krusius Matti, physics1996 Jussila Osmo, physics1999 Kajantie Keijo, physics2002 Tarkiainen Kari, physics2004 Ruuskanen Vesa, physics2005 Engman Max, physics2006 \u00c4yst\u00f6 [&hellip;]","og_url":"https:\/\/scientiarum.fi\/en\/professor-theodor-homens-prize\/","og_site_name":"The Finnish Society of Sciences And Letters","article_publisher":"https:\/\/www.facebook.com\/societas.scientiarum","article_modified_time":"2026-02-23T07:25:10+00:00","twitter_card":"summary_large_image","twitter_site":"@tiedeseura","twitter_misc":{"Est. reading time":"2 minutes"},"schema":{"@context":"https:\/\/schema.org","@graph":[{"@type":"WebPage","@id":"https:\/\/scientiarum.fi\/en\/professor-theodor-homens-prize\/","url":"https:\/\/scientiarum.fi\/en\/professor-theodor-homens-prize\/","name":"Professor Theodor Hom\u00e9n\u2019s Prize - The Finnish Society of Sciences And Letters","isPartOf":{"@id":"https:\/\/scientiarum.fi\/#website"},"datePublished":"2023-06-19T07:45:57+00:00","dateModified":"2026-02-23T07:25:10+00:00","breadcrumb":{"@id":"https:\/\/scientiarum.fi\/en\/professor-theodor-homens-prize\/#breadcrumb"},"inLanguage":"en-US","potentialAction":[{"@type":"ReadAction","target":["https:\/\/scientiarum.fi\/en\/professor-theodor-homens-prize\/"]}]},{"@type":"BreadcrumbList","@id":"https:\/\/scientiarum.fi\/en\/professor-theodor-homens-prize\/#breadcrumb","itemListElement":[{"@type":"ListItem","position":1,"name":"Home","item":"https:\/\/scientiarum.fi\/"},{"@type":"ListItem","position":2,"name":"Professor Theodor Hom\u00e9n\u2019s Prize"}]},{"@type":"WebSite","@id":"https:\/\/scientiarum.fi\/#website","url":"https:\/\/scientiarum.fi\/","name":"Finska Vetenskaps-Societeten","description":"","publisher":{"@id":"https:\/\/scientiarum.fi\/#organization"},"potentialAction":[{"@type":"SearchAction","target":{"@type":"EntryPoint","urlTemplate":"https:\/\/scientiarum.fi\/?s={search_term_string}"},"query-input":{"@type":"PropertyValueSpecification","valueRequired":true,"valueName":"search_term_string"}}],"inLanguage":"en-US"},{"@type":"Organization","@id":"https:\/\/scientiarum.fi\/#organization","name":"Finska Vetenskaps-Societeten","url":"https:\/\/scientiarum.fi\/","logo":{"@type":"ImageObject","inLanguage":"en-US","@id":"https:\/\/scientiarum.fi\/#\/schema\/logo\/image\/","url":"","contentUrl":"","caption":"Finska Vetenskaps-Societeten"},"image":{"@id":"https:\/\/scientiarum.fi\/#\/schema\/logo\/image\/"},"sameAs":["https:\/\/www.facebook.com\/societas.scientiarum","https:\/\/x.com\/tiedeseura","https:\/\/www.linkedin.com\/company\/finska-vetenskaps-societeten-the-finnish-society-of-sciences-and-letters\/"]}]}},"_links":{"self":[{"href":"https:\/\/scientiarum.fi\/en\/wp-json\/wp\/v2\/pages\/7307","targetHints":{"allow":["GET"]}}],"collection":[{"href":"https:\/\/scientiarum.fi\/en\/wp-json\/wp\/v2\/pages"}],"about":[{"href":"https:\/\/scientiarum.fi\/en\/wp-json\/wp\/v2\/types\/page"}],"author":[{"embeddable":true,"href":"https:\/\/scientiarum.fi\/en\/wp-json\/wp\/v2\/users\/2"}],"replies":[{"embeddable":true,"href":"https:\/\/scientiarum.fi\/en\/wp-json\/wp\/v2\/comments?post=7307"}],"version-history":[{"count":4,"href":"https:\/\/scientiarum.fi\/en\/wp-json\/wp\/v2\/pages\/7307\/revisions"}],"predecessor-version":[{"id":8961,"href":"https:\/\/scientiarum.fi\/en\/wp-json\/wp\/v2\/pages\/7307\/revisions\/8961"}],"wp:attachment":[{"href":"https:\/\/scientiarum.fi\/en\/wp-json\/wp\/v2\/media?parent=7307"}],"curies":[{"name":"wp","href":"https:\/\/api.w.org\/{rel}","templated":true}]}}