{"id":6425,"date":"2024-12-13T12:01:32","date_gmt":"2024-12-13T09:01:32","guid":{"rendered":"https:\/\/scientiarum.fi\/?page_id=6425"},"modified":"2026-02-07T01:00:21","modified_gmt":"2026-02-06T22:00:21","slug":"lararpris-nomineringar","status":"publish","type":"page","link":"https:\/\/scientiarum.fi\/en\/lararpris-nomineringar\/","title":{"rendered":"Nominera en l\u00e4rare"},"content":{"rendered":"\n<p>\u00c5r 2026 ges priset till en l\u00e4rare i ett svenskspr\u00e5kigt gymnasium i f\u00f6ljande humanistiska eller samh\u00e4llsvetenskapliga \u00e4mnen: modersm\u00e5l, inhemska och utl\u00e4ndska spr\u00e5k, filosofi, psykologi, religion, livs\u00e5sk\u00e5dningskunskap, musik, bildkonst, idrott, historia och samh\u00e4llskunskap.<\/p>\n\n\n\n<p>F\u00f6rslaget b\u00f6r inneh\u00e5lla \u00e5tminstone f\u00f6ljande uppgifter:<strong>&nbsp;namn p\u00e5 f\u00f6rslagsst\u00e4llaren, namn, titel, skola och kontaktuppgifter&nbsp;<\/strong>till den f\u00f6reslagna samt en&nbsp;<strong>ca en sida l\u00e5ng motivering<\/strong>&nbsp;till varf\u00f6r den f\u00f6reslagna l\u00e4raren \u00e4r v\u00e4rd priset.<\/p>\n\n\n\n<p>F\u00f6rslagstiden har g\u00e5tt ut 6.2.2026<\/p>\n","protected":false},"excerpt":{"rendered":"<p>\u00c5r 2026 ges priset till en l\u00e4rare i ett svenskspr\u00e5kigt gymnasium i f\u00f6ljande humanistiska eller samh\u00e4llsvetenskapliga \u00e4mnen: modersm\u00e5l, inhemska och utl\u00e4ndska spr\u00e5k, filosofi, psykologi, religion, livs\u00e5sk\u00e5dningskunskap, musik, bildkonst, idrott, historia och samh\u00e4llskunskap. F\u00f6rslaget b\u00f6r inneh\u00e5lla \u00e5tminstone f\u00f6ljande uppgifter:&nbsp;namn p\u00e5 f\u00f6rslagsst\u00e4llaren, namn, titel, skola och kontaktuppgifter&nbsp;till den f\u00f6reslagna samt en&nbsp;ca en sida l\u00e5ng motivering&nbsp;till varf\u00f6r den [&hellip;]<\/p>\n","protected":false},"author":2,"featured_media":0,"parent":0,"menu_order":0,"comment_status":"closed","ping_status":"closed","template":"","meta":{"_acf_changed":false,"_et_pb_use_builder":"off","_et_pb_old_content":"<!-- wp:paragraph -->\n<p>\u00c5r 2025 ges priset till en l\u00e4rare i ett svenskspr\u00e5kigt gymnasium i f\u00f6ljande \u00e4mnen: matematik, fysik, kemi, biologi, geografi.<\/p>\n<!-- \/wp:paragraph -->\n\n<!-- wp:paragraph -->\n<p>F\u00f6rslaget b\u00f6r inneh\u00e5lla \u00e5tminstone f\u00f6ljande uppgifter:<strong>&nbsp;namn p\u00e5 f\u00f6rslagsst\u00e4llaren, namn, titel, skola och kontaktuppgifter&nbsp;<\/strong>till den f\u00f6reslagna samt en&nbsp;<strong>ca en sida l\u00e5ng motivering<\/strong>&nbsp;till varf\u00f6r den f\u00f6reslagna l\u00e4raren \u00e4r v\u00e4rd priset.<\/p>\n<!-- \/wp:paragraph -->\n\n<!-- wp:paragraph -->\n<p>F\u00f6rslaget skickas via detta formul\u00e4r senast den 6 februari 2025.<\/p>\n<!-- \/wp:paragraph -->","_et_gb_content_width":"1080","footnotes":""},"class_list":["post-6425","page","type-page","status-publish","hentry"],"acf":[],"yoast_head":"<!-- This site is optimized with the Yoast SEO plugin v27.4 - https:\/\/yoast.com\/product\/yoast-seo-wordpress\/ -->\n<title>Nominera en l\u00e4rare - The Finnish Society of Sciences And Letters<\/title>\n<meta name=\"robots\" content=\"index, follow, max-snippet:-1, max-image-preview:large, max-video-preview:-1\" \/>\n<link rel=\"canonical\" href=\"https:\/\/scientiarum.fi\/lararpris-nomineringar\/\" \/>\n<meta property=\"og:locale\" content=\"en_US\" \/>\n<meta property=\"og:type\" content=\"article\" \/>\n<meta property=\"og:title\" content=\"Nominera en l\u00e4rare - The Finnish Society of Sciences And Letters\" \/>\n<meta property=\"og:description\" content=\"\u00c5r 2026 ges priset till en l\u00e4rare i ett svenskspr\u00e5kigt gymnasium i f\u00f6ljande humanistiska eller samh\u00e4llsvetenskapliga \u00e4mnen: modersm\u00e5l, inhemska och utl\u00e4ndska spr\u00e5k, filosofi, psykologi, religion, livs\u00e5sk\u00e5dningskunskap, musik, bildkonst, idrott, historia och samh\u00e4llskunskap. F\u00f6rslaget b\u00f6r inneh\u00e5lla \u00e5tminstone f\u00f6ljande uppgifter:&nbsp;namn p\u00e5 f\u00f6rslagsst\u00e4llaren, namn, titel, skola och kontaktuppgifter&nbsp;till den f\u00f6reslagna samt en&nbsp;ca en sida l\u00e5ng motivering&nbsp;till varf\u00f6r den [&hellip;]\" \/>\n<meta property=\"og:url\" content=\"https:\/\/scientiarum.fi\/lararpris-nomineringar\/\" \/>\n<meta property=\"og:site_name\" content=\"The Finnish Society of Sciences And Letters\" \/>\n<meta property=\"article:publisher\" content=\"https:\/\/www.facebook.com\/societas.scientiarum\" \/>\n<meta property=\"article:modified_time\" content=\"2026-02-06T22:00:21+00:00\" \/>\n<meta name=\"twitter:card\" content=\"summary_large_image\" \/>\n<meta name=\"twitter:site\" content=\"@tiedeseura\" \/>\n<meta name=\"twitter:label1\" content=\"Est. reading time\" \/>\n\t<meta name=\"twitter:data1\" content=\"1 minute\" \/>\n<script type=\"application\/ld+json\" class=\"yoast-schema-graph\">{\"@context\":\"https:\\\/\\\/schema.org\",\"@graph\":[{\"@type\":\"WebPage\",\"@id\":\"https:\\\/\\\/scientiarum.fi\\\/lararpris-nomineringar\\\/\",\"url\":\"https:\\\/\\\/scientiarum.fi\\\/lararpris-nomineringar\\\/\",\"name\":\"Nominera en l\u00e4rare - The Finnish Society of Sciences And Letters\",\"isPartOf\":{\"@id\":\"https:\\\/\\\/scientiarum.fi\\\/#website\"},\"datePublished\":\"2024-12-13T09:01:32+00:00\",\"dateModified\":\"2026-02-06T22:00:21+00:00\",\"breadcrumb\":{\"@id\":\"https:\\\/\\\/scientiarum.fi\\\/lararpris-nomineringar\\\/#breadcrumb\"},\"inLanguage\":\"en-US\",\"potentialAction\":[{\"@type\":\"ReadAction\",\"target\":[\"https:\\\/\\\/scientiarum.fi\\\/lararpris-nomineringar\\\/\"]}]},{\"@type\":\"BreadcrumbList\",\"@id\":\"https:\\\/\\\/scientiarum.fi\\\/lararpris-nomineringar\\\/#breadcrumb\",\"itemListElement\":[{\"@type\":\"ListItem\",\"position\":1,\"name\":\"Home\",\"item\":\"https:\\\/\\\/scientiarum.fi\\\/\"},{\"@type\":\"ListItem\",\"position\":2,\"name\":\"Nominera en l\u00e4rare\"}]},{\"@type\":\"WebSite\",\"@id\":\"https:\\\/\\\/scientiarum.fi\\\/#website\",\"url\":\"https:\\\/\\\/scientiarum.fi\\\/\",\"name\":\"Finska Vetenskaps-Societeten\",\"description\":\"\",\"publisher\":{\"@id\":\"https:\\\/\\\/scientiarum.fi\\\/#organization\"},\"potentialAction\":[{\"@type\":\"SearchAction\",\"target\":{\"@type\":\"EntryPoint\",\"urlTemplate\":\"https:\\\/\\\/scientiarum.fi\\\/?s={search_term_string}\"},\"query-input\":{\"@type\":\"PropertyValueSpecification\",\"valueRequired\":true,\"valueName\":\"search_term_string\"}}],\"inLanguage\":\"en-US\"},{\"@type\":\"Organization\",\"@id\":\"https:\\\/\\\/scientiarum.fi\\\/#organization\",\"name\":\"Finska Vetenskaps-Societeten\",\"url\":\"https:\\\/\\\/scientiarum.fi\\\/\",\"logo\":{\"@type\":\"ImageObject\",\"inLanguage\":\"en-US\",\"@id\":\"https:\\\/\\\/scientiarum.fi\\\/#\\\/schema\\\/logo\\\/image\\\/\",\"url\":\"\",\"contentUrl\":\"\",\"caption\":\"Finska Vetenskaps-Societeten\"},\"image\":{\"@id\":\"https:\\\/\\\/scientiarum.fi\\\/#\\\/schema\\\/logo\\\/image\\\/\"},\"sameAs\":[\"https:\\\/\\\/www.facebook.com\\\/societas.scientiarum\",\"https:\\\/\\\/x.com\\\/tiedeseura\",\"https:\\\/\\\/www.linkedin.com\\\/company\\\/finska-vetenskaps-societeten-the-finnish-society-of-sciences-and-letters\\\/\"]}]}<\/script>\n<!-- \/ Yoast SEO plugin. -->","yoast_head_json":{"title":"Nominera en l\u00e4rare - The Finnish Society of Sciences And Letters","robots":{"index":"index","follow":"follow","max-snippet":"max-snippet:-1","max-image-preview":"max-image-preview:large","max-video-preview":"max-video-preview:-1"},"canonical":"https:\/\/scientiarum.fi\/lararpris-nomineringar\/","og_locale":"en_US","og_type":"article","og_title":"Nominera en l\u00e4rare - The Finnish Society of Sciences And Letters","og_description":"\u00c5r 2026 ges priset till en l\u00e4rare i ett svenskspr\u00e5kigt gymnasium i f\u00f6ljande humanistiska eller samh\u00e4llsvetenskapliga \u00e4mnen: modersm\u00e5l, inhemska och utl\u00e4ndska spr\u00e5k, filosofi, psykologi, religion, livs\u00e5sk\u00e5dningskunskap, musik, bildkonst, idrott, historia och samh\u00e4llskunskap. F\u00f6rslaget b\u00f6r inneh\u00e5lla \u00e5tminstone f\u00f6ljande uppgifter:&nbsp;namn p\u00e5 f\u00f6rslagsst\u00e4llaren, namn, titel, skola och kontaktuppgifter&nbsp;till den f\u00f6reslagna samt en&nbsp;ca en sida l\u00e5ng motivering&nbsp;till varf\u00f6r den [&hellip;]","og_url":"https:\/\/scientiarum.fi\/lararpris-nomineringar\/","og_site_name":"The Finnish Society of Sciences And Letters","article_publisher":"https:\/\/www.facebook.com\/societas.scientiarum","article_modified_time":"2026-02-06T22:00:21+00:00","twitter_card":"summary_large_image","twitter_site":"@tiedeseura","twitter_misc":{"Est. reading time":"1 minute"},"schema":{"@context":"https:\/\/schema.org","@graph":[{"@type":"WebPage","@id":"https:\/\/scientiarum.fi\/lararpris-nomineringar\/","url":"https:\/\/scientiarum.fi\/lararpris-nomineringar\/","name":"Nominera en l\u00e4rare - The Finnish Society of Sciences And Letters","isPartOf":{"@id":"https:\/\/scientiarum.fi\/#website"},"datePublished":"2024-12-13T09:01:32+00:00","dateModified":"2026-02-06T22:00:21+00:00","breadcrumb":{"@id":"https:\/\/scientiarum.fi\/lararpris-nomineringar\/#breadcrumb"},"inLanguage":"en-US","potentialAction":[{"@type":"ReadAction","target":["https:\/\/scientiarum.fi\/lararpris-nomineringar\/"]}]},{"@type":"BreadcrumbList","@id":"https:\/\/scientiarum.fi\/lararpris-nomineringar\/#breadcrumb","itemListElement":[{"@type":"ListItem","position":1,"name":"Home","item":"https:\/\/scientiarum.fi\/"},{"@type":"ListItem","position":2,"name":"Nominera en l\u00e4rare"}]},{"@type":"WebSite","@id":"https:\/\/scientiarum.fi\/#website","url":"https:\/\/scientiarum.fi\/","name":"Finska Vetenskaps-Societeten","description":"","publisher":{"@id":"https:\/\/scientiarum.fi\/#organization"},"potentialAction":[{"@type":"SearchAction","target":{"@type":"EntryPoint","urlTemplate":"https:\/\/scientiarum.fi\/?s={search_term_string}"},"query-input":{"@type":"PropertyValueSpecification","valueRequired":true,"valueName":"search_term_string"}}],"inLanguage":"en-US"},{"@type":"Organization","@id":"https:\/\/scientiarum.fi\/#organization","name":"Finska Vetenskaps-Societeten","url":"https:\/\/scientiarum.fi\/","logo":{"@type":"ImageObject","inLanguage":"en-US","@id":"https:\/\/scientiarum.fi\/#\/schema\/logo\/image\/","url":"","contentUrl":"","caption":"Finska Vetenskaps-Societeten"},"image":{"@id":"https:\/\/scientiarum.fi\/#\/schema\/logo\/image\/"},"sameAs":["https:\/\/www.facebook.com\/societas.scientiarum","https:\/\/x.com\/tiedeseura","https:\/\/www.linkedin.com\/company\/finska-vetenskaps-societeten-the-finnish-society-of-sciences-and-letters\/"]}]}},"_links":{"self":[{"href":"https:\/\/scientiarum.fi\/en\/wp-json\/wp\/v2\/pages\/6425","targetHints":{"allow":["GET"]}}],"collection":[{"href":"https:\/\/scientiarum.fi\/en\/wp-json\/wp\/v2\/pages"}],"about":[{"href":"https:\/\/scientiarum.fi\/en\/wp-json\/wp\/v2\/types\/page"}],"author":[{"embeddable":true,"href":"https:\/\/scientiarum.fi\/en\/wp-json\/wp\/v2\/users\/2"}],"replies":[{"embeddable":true,"href":"https:\/\/scientiarum.fi\/en\/wp-json\/wp\/v2\/comments?post=6425"}],"version-history":[{"count":19,"href":"https:\/\/scientiarum.fi\/en\/wp-json\/wp\/v2\/pages\/6425\/revisions"}],"predecessor-version":[{"id":8922,"href":"https:\/\/scientiarum.fi\/en\/wp-json\/wp\/v2\/pages\/6425\/revisions\/8922"}],"wp:attachment":[{"href":"https:\/\/scientiarum.fi\/en\/wp-json\/wp\/v2\/media?parent=6425"}],"curies":[{"name":"wp","href":"https:\/\/api.w.org\/{rel}","templated":true}]}}