{"id":3935,"date":"2024-01-05T13:59:03","date_gmt":"2024-01-05T11:59:03","guid":{"rendered":"https:\/\/scientiarum.fi\/?page_id=3935"},"modified":"2024-08-01T12:23:32","modified_gmt":"2024-08-01T09:23:32","slug":"magnus-ehrnroothin-saation-apurahastrategia-pdf","status":"publish","type":"page","link":"https:\/\/scientiarum.fi\/en\/magnus-ehrnroothin-saation-apurahastrategia-pdf\/","title":{"rendered":"Magnus Ehrnroothin s\u00e4\u00e4ti\u00f6n apurahastrategia (pdf)"},"content":{"rendered":"<p>[et_pb_section fb_built=&#8221;1&#8243; _builder_version=&#8221;4.21.0&#8243; _module_preset=&#8221;default&#8221; global_colors_info=&#8221;{}&#8221;][et_pb_row column_structure=&#8221;1_5,3_5,1_5&#8243; _builder_version=&#8221;4.21.0&#8243; _module_preset=&#8221;default&#8221; custom_margin=&#8221;0px||0px||false|false&#8221; custom_padding=&#8221;0px||0px||false|false&#8221; global_colors_info=&#8221;{}&#8221;][et_pb_column type=&#8221;1_5&#8243; _builder_version=&#8221;4.21.0&#8243; _module_preset=&#8221;default&#8221; global_colors_info=&#8221;{}&#8221;][\/et_pb_column][et_pb_column type=&#8221;3_5&#8243; _builder_version=&#8221;4.21.0&#8243; _module_preset=&#8221;default&#8221; global_colors_info=&#8221;{}&#8221;][et_pb_text module_class=&#8221;defwp3&#8243; _builder_version=&#8221;4.27.0&#8243; _module_preset=&#8221;1b686adf-681b-484a-9fee-595f92a65ad5&#8243; hover_enabled=&#8221;0&#8243; header_font_size_last_edited=&#8221;on|desktop&#8221; header_3_font_size_last_edited=&#8221;on|desktop&#8221; global_colors_info=&#8221;{}&#8221; sticky_enabled=&#8221;0&#8243; text_font_size_last_edited=&#8221;on|desktop&#8221;]<\/p>\n<h2>Magnus Ehrnroothin s\u00e4\u00e4ti\u00f6n apurahastrategia<\/h2>\n<h3>YLEISET PERIAATTEET<\/h3>\n<p>S\u00e4\u00e4ti\u00f6n tarkoitus on m\u00e4\u00e4ritelty s\u00e4\u00e4nn\u00f6iss\u00e4 seuraavasti:<\/p>\n<p>\u201dS\u00e4\u00e4ti\u00f6n tarkoituksena on edist\u00e4\u00e4 ja tukea tieteellist\u00e4 perustutkimusta ja syvent\u00e4\u00e4 tiet\u00e4myst\u00e4 matematiikan, t\u00e4htitieteen, fysiikan ja kemian aloilla l\u00e4\u00e4ketieteellinen kemia mukaan lukien. S\u00e4\u00e4ti\u00f6 toteuttaa tarkoitustaan jakamalla taloudellista tukea ja apurahoja Suomen tiedeseura ry:n j\u00e4senille henkil\u00f6kohtaiseen tutkimusty\u00f6h\u00f6n tai j\u00e4senten johtamille tutkimusryhmille tai &#8211; laitoksille tai s\u00e4\u00e4ti\u00f6n ulkopuolisille tutkijoille [&#8230;]. S\u00e4\u00e4ti\u00f6 voi my\u00f6s harjoittaa muuta laillista toimintaa, joka edist\u00e4\u00e4 ja tukee s\u00e4\u00e4ti\u00f6n pyrkimyksi\u00e4.\u201d<\/p>\n<p>\u201dSuomen tiedeseuran ry:n hallitus tai sen nimitt\u00e4m\u00e4 lautakunta arvioi vuosittain j\u00e4tetyt hakemukset, esitt\u00e4\u00e4 s\u00e4\u00e4ti\u00f6n hallitukselle ehdotuksen apurahojen jaosta, ottaa vastaan selvityksi\u00e4 my\u00f6nnettyjen apurahojen k\u00e4yt\u00f6st\u00e4 sek\u00e4 raportoi jatkuvasti s\u00e4\u00e4ti\u00f6n hallitukselle saamistaan selvityksist\u00e4.\u201d<\/p>\n<p>S\u00e4\u00e4ti\u00f6 tukee tieteellist\u00e4 perustutkimusta matematiikan, t\u00e4htitieteen, fysiikan ja kemian aloilla l\u00e4\u00e4ketieteellinen kemia mukaan lukien. Tuki suunnataan suoraan tutkijoille apurahojen muodossa. Nyky\u00e4\u00e4n tieteellist\u00e4 tutkimusta harjoitetaan usein yhteisty\u00f6ss\u00e4 muiden tutkijoiden kanssa, ja siksi my\u00f6s tuki suunnataan aiempaa laajemmille tutkimusyksik\u00f6ille ja -hankkeilla s\u00e4\u00e4ti\u00f6n tukemilla tieteenaloilla, jotta tieteellisen perustutkimuksen edellytyksi\u00e4 voidaan vaalia mahdollisimman tehokkaasti.<\/p>\n<p>S\u00e4\u00e4ti\u00f6 my\u00f6nt\u00e4\u00e4 my\u00f6s palkintoja tukemillaan tieteenaloilla ansioituneille tutkijoille.<\/p>\n<p>S\u00e4\u00e4ti\u00f6 tukee ensisijaisesti suomalaisia tai suomalaisissa yliopistoissa tai tutkimuslaitoksissa toimivia tutkijoita.<\/p>\n<p>Rahoitettavien hankkeiden valinta perustuu hakemusten laatuun.<\/p>\n<p>S\u00e4\u00e4ti\u00f6 vaalii tieteen vapauttaa tukemalla tieteenalojen sis\u00e4ist\u00e4 uudistumista, joten se ei aseta rahoitettaville hankkeille niiden sis\u00e4lt\u00f6\u00e4 koskevia vaatimuksia.<\/p>\n<h3>APURAHOJEN MY\u00d6NT\u00c4MINEN<\/h3>\n<p>S\u00e4\u00e4ti\u00f6n apurahat jakautuvat kolmeen ryhm\u00e4\u00e4n seuraavasti:<\/p>\n<p>I) Vuosiapurahat<\/p>\n<p>II) Walter ja Lisi Wahlin rahaston apurahat<\/p>\n<p>III) Strategiset panostukset (apurahat, lahjoitukset tai muu toiminta)<\/p>\n<h3>VUOSIAPURAHAT<\/h3>\n<p>S\u00e4\u00e4ti\u00f6n hallitus vahvistaa apurahoihin ja palkintoihin k\u00e4ytett\u00e4v\u00e4n raham\u00e4\u00e4r\u00e4n vuosittain. Suomen tiedeseura vastaa j\u00e4tettyjen hakemusten tieteellisest\u00e4 arvioinnista ja esitt\u00e4\u00e4 s\u00e4\u00e4ti\u00f6n hallitukselle my\u00f6nt\u00f6ehdotuksen. S\u00e4\u00e4ti\u00f6n hallitus p\u00e4\u00e4tt\u00e4 apurahojen my\u00f6nt\u00e4misest\u00e4 ehdotuksen pohjalta.<\/p>\n<p>Apurahojen jakautumisen s\u00e4\u00e4ti\u00f6n tukemien tieteenalojen kesken ratkaisee hakemusten laatu. Laadun arvioinnissa painottuu toisaalta hakijan aiempien tutkimustulosten vastaanotto ja vaikuttavuus ja toisaalta ehdotetun tutkimushankkeen innovatiivisuus ja uutuusarvo. Muita asiaan vaikuttavia seikkoja ovat tutkimusymp\u00e4rist\u00f6, hakijan kumppanuusverkosto ja kansainv\u00e4linen liikkuvuus sek\u00e4 tutkimuksen laatutaso. Postdocapurahoja my\u00f6nnet\u00e4\u00e4n ainoastaan tutkijoille, joilla on ilmeisi\u00e4 edellytyksi\u00e4 jatkaa tutkijanuraansa menestyksekk\u00e4\u00e4sti.<\/p>\n<p>Eri tukimuodoista etusija annetaan henkil\u00f6kohtaiseen ty\u00f6skentelyyn tarkoitetuille apurahoille. V\u00e4it\u00f6skirja- ja postdoc-tutkijoille my\u00f6nnet\u00e4\u00e4n p\u00e4\u00e4s\u00e4\u00e4nt\u00f6isesti tukea koko silt\u00e4 ajalta, jota ty\u00f6n loppuunsaattaminen edellytt\u00e4\u00e4. Siten v\u00e4it\u00f6skirjatutkijoille voidaan my\u00f6nt\u00e4\u00e4 apurahaa jopa nelj\u00e4ksi vuodeksi ja tutkijatohtoreille kahdeksi tai kolmeksi vuodeksi. Apurahoja voidaan tarkoituksenmukaisuussyist\u00e4 my\u00f6nt\u00e4\u00e4 my\u00f6s t\u00e4t\u00e4 lyhyemm\u00e4ksi ajaksi. Esimerkkein\u00e4 lyhytaikaisista tukikohteista voidaan mainita v\u00e4ist\u00f6kirjan viimeistely ja v\u00e4it\u00f6skirjajakson ja postdoc-tutkimuksen v\u00e4linen ylimenokausi tai ulkomailta palaava nuori tutkija.Monivuotisen apurahan saajan on raportoitava hankkeen etenemisest\u00e4 vuosittain.<\/p>\n<p>Apurahoja voidaan my\u00f6nt\u00e4\u00e4 my\u00f6s osa-aikaiseen tutkimukseen.<\/p>\n<p>Matka-apurahoja my\u00f6nnet\u00e4\u00e4n p\u00e4\u00e4s\u00e4\u00e4nt\u00f6isesti ulkomaisessa yliopistossa tai tutkimuslaitoksessa tapahtuvaa pidempiaikaista ty\u00f6skentely\u00e4 varten. Kongressimatkat eiv\u00e4t ole etusijalla.<\/p>\n<p>S\u00e4\u00e4ti\u00f6 jakaa vuosittain yhden suurehkon palkinnon etev\u00e4lle tutkijalle. Palkittava tieteenala on vuorovuosin matematiikka, fysiikka ja t\u00e4htitiede sek\u00e4 kemia ja l\u00e4\u00e4ketieteellinen kemia.<\/p>\n<h3>WALTER JA LISI WAHLIN RAHASTO<\/h3>\n<p>Walter ja Lisi Wahlin rahastosta my\u00f6nnet\u00e4\u00e4n apurahoja ensisijaisesti laitehankintoihin.<\/p>\n<p>Hakemusten tieteellisess\u00e4 arvioinnissa ja p\u00e4\u00e4t\u00f6ksenteossa noudatetaan samoja periaatteita kuin vuosiapurahojen my\u00f6nt\u00e4misess\u00e4.<\/p>\n<p>Apurahoja jaetaan vuosittain 0\u20132. Jos apurahoja ei jonakin vuonna my\u00f6nnet\u00e4, niit\u00e4 saatetaan seuraavana vuonna jakaa enemm\u00e4n tai suurempia summia.<\/p>\n<h3>STRATEGISET PANOSTUKSET<\/h3>\n<p>S\u00e4\u00e4ti\u00f6 voi tavanomaisten apurahojen lis\u00e4ksi tehd\u00e4 merkitt\u00e4vi\u00e4 strategisia panostuksia.<\/p>\n<p>Esimerkkein\u00e4 t\u00e4llaisista strategisista panostuksista voidaan mainita yliopistojen p\u00e4\u00e4omittaminen, lis\u00e4panostukset johonkin s\u00e4\u00e4ti\u00f6n tukemaan tieteenalaan sek\u00e4 muiden Ehrnrooth-s\u00e4\u00e4ti\u00f6iden kanssa teht\u00e4v\u00e4t yhteiset satsaukset.<\/p>\n<p>Lis\u00e4ksi kyseeseen voi tulla tavanomaista mittavampi rahoitus k\u00e4rkihankkeisiin tai alan huippututkimukseen, jolloin korostuu kansainv\u00e4linen toiminta ja monialainen tutkimus.<\/p>\n<p>Strategisten panostusten on liitytt\u00e4v\u00e4 s\u00e4\u00e4ti\u00f6n tukemiin tieteenaloihin.<\/p>\n<p>Ehdotuksia strategisista panostuksista voivat tehd\u00e4 s\u00e4\u00e4ti\u00f6n hallitus tai Suomen tiedeseura, joka my\u00f6s vastaa ehdotusten tieteellisest\u00e4 arvioinnista.<\/p>\n<p>Suomen tiedeseuran hallitus on hyv\u00e4ksynyt t\u00e4m\u00e4n strategian 23. elokuuta 2021 ja Magnus Ehrnroothin s\u00e4\u00e4ti\u00f6n hallitus 25. elokuuta 2021.<\/p>\n<p>[\/et_pb_text][\/et_pb_column][et_pb_column type=&#8221;1_5&#8243; _builder_version=&#8221;4.21.0&#8243; _module_preset=&#8221;default&#8221; global_colors_info=&#8221;{}&#8221;][\/et_pb_column][\/et_pb_row][\/et_pb_section]<\/p>\n","protected":false},"excerpt":{"rendered":"<p>Magnus Ehrnroothin s\u00e4\u00e4ti\u00f6n apurahastrategia YLEISET PERIAATTEET S\u00e4\u00e4ti\u00f6n tarkoitus on m\u00e4\u00e4ritelty s\u00e4\u00e4nn\u00f6iss\u00e4 seuraavasti: \u201dS\u00e4\u00e4ti\u00f6n tarkoituksena on edist\u00e4\u00e4 ja tukea tieteellist\u00e4 perustutkimusta ja syvent\u00e4\u00e4 tiet\u00e4myst\u00e4 matematiikan, t\u00e4htitieteen, fysiikan ja kemian aloilla l\u00e4\u00e4ketieteellinen kemia mukaan lukien. S\u00e4\u00e4ti\u00f6 toteuttaa tarkoitustaan jakamalla taloudellista tukea ja apurahoja Suomen tiedeseura ry:n j\u00e4senille henkil\u00f6kohtaiseen tutkimusty\u00f6h\u00f6n tai j\u00e4senten johtamille tutkimusryhmille tai &#8211; laitoksille tai [&hellip;]<\/p>\n","protected":false},"author":2,"featured_media":0,"parent":0,"menu_order":0,"comment_status":"closed","ping_status":"closed","template":"","meta":{"_acf_changed":false,"_et_pb_use_builder":"on","_et_pb_old_content":"","_et_gb_content_width":"","footnotes":""},"class_list":["post-3935","page","type-page","status-publish","hentry"],"acf":[],"yoast_head":"<!-- This site is optimized with the Yoast SEO plugin v27.3 - https:\/\/yoast.com\/product\/yoast-seo-wordpress\/ -->\n<title>Magnus Ehrnroothin s\u00e4\u00e4ti\u00f6n apurahastrategia (pdf) - The Finnish Society of Sciences And Letters<\/title>\n<meta name=\"robots\" content=\"index, follow, max-snippet:-1, max-image-preview:large, max-video-preview:-1\" \/>\n<link rel=\"canonical\" href=\"https:\/\/scientiarum.fi\/magnus-ehrnroothin-saation-apurahastrategia-pdf\/\" \/>\n<meta property=\"og:locale\" content=\"en_US\" \/>\n<meta property=\"og:type\" content=\"article\" \/>\n<meta property=\"og:title\" content=\"Magnus Ehrnroothin s\u00e4\u00e4ti\u00f6n apurahastrategia (pdf) - The Finnish Society of Sciences And Letters\" \/>\n<meta property=\"og:description\" content=\"Magnus Ehrnroothin s\u00e4\u00e4ti\u00f6n apurahastrategia YLEISET PERIAATTEET S\u00e4\u00e4ti\u00f6n tarkoitus on m\u00e4\u00e4ritelty s\u00e4\u00e4nn\u00f6iss\u00e4 seuraavasti: \u201dS\u00e4\u00e4ti\u00f6n tarkoituksena on edist\u00e4\u00e4 ja tukea tieteellist\u00e4 perustutkimusta ja syvent\u00e4\u00e4 tiet\u00e4myst\u00e4 matematiikan, t\u00e4htitieteen, fysiikan ja kemian aloilla l\u00e4\u00e4ketieteellinen kemia mukaan lukien. S\u00e4\u00e4ti\u00f6 toteuttaa tarkoitustaan jakamalla taloudellista tukea ja apurahoja Suomen tiedeseura ry:n j\u00e4senille henkil\u00f6kohtaiseen tutkimusty\u00f6h\u00f6n tai j\u00e4senten johtamille tutkimusryhmille tai - laitoksille tai [&hellip;]\" \/>\n<meta property=\"og:url\" content=\"https:\/\/scientiarum.fi\/magnus-ehrnroothin-saation-apurahastrategia-pdf\/\" \/>\n<meta property=\"og:site_name\" content=\"The Finnish Society of Sciences And Letters\" \/>\n<meta property=\"article:publisher\" content=\"https:\/\/www.facebook.com\/societas.scientiarum\" \/>\n<meta property=\"article:modified_time\" content=\"2024-08-01T09:23:32+00:00\" \/>\n<meta name=\"twitter:card\" content=\"summary_large_image\" \/>\n<meta name=\"twitter:site\" content=\"@tiedeseura\" \/>\n<script type=\"application\/ld+json\" class=\"yoast-schema-graph\">{\"@context\":\"https:\\\/\\\/schema.org\",\"@graph\":[{\"@type\":\"WebPage\",\"@id\":\"https:\\\/\\\/scientiarum.fi\\\/magnus-ehrnroothin-saation-apurahastrategia-pdf\\\/\",\"url\":\"https:\\\/\\\/scientiarum.fi\\\/magnus-ehrnroothin-saation-apurahastrategia-pdf\\\/\",\"name\":\"Magnus Ehrnroothin s\u00e4\u00e4ti\u00f6n apurahastrategia (pdf) - The Finnish Society of Sciences And Letters\",\"isPartOf\":{\"@id\":\"https:\\\/\\\/scientiarum.fi\\\/#website\"},\"datePublished\":\"2024-01-05T11:59:03+00:00\",\"dateModified\":\"2024-08-01T09:23:32+00:00\",\"breadcrumb\":{\"@id\":\"https:\\\/\\\/scientiarum.fi\\\/magnus-ehrnroothin-saation-apurahastrategia-pdf\\\/#breadcrumb\"},\"inLanguage\":\"en-US\",\"potentialAction\":[{\"@type\":\"ReadAction\",\"target\":[\"https:\\\/\\\/scientiarum.fi\\\/magnus-ehrnroothin-saation-apurahastrategia-pdf\\\/\"]}]},{\"@type\":\"BreadcrumbList\",\"@id\":\"https:\\\/\\\/scientiarum.fi\\\/magnus-ehrnroothin-saation-apurahastrategia-pdf\\\/#breadcrumb\",\"itemListElement\":[{\"@type\":\"ListItem\",\"position\":1,\"name\":\"Home\",\"item\":\"https:\\\/\\\/scientiarum.fi\\\/\"},{\"@type\":\"ListItem\",\"position\":2,\"name\":\"Magnus Ehrnroothin s\u00e4\u00e4ti\u00f6n apurahastrategia (pdf)\"}]},{\"@type\":\"WebSite\",\"@id\":\"https:\\\/\\\/scientiarum.fi\\\/#website\",\"url\":\"https:\\\/\\\/scientiarum.fi\\\/\",\"name\":\"Finska Vetenskaps-Societeten\",\"description\":\"\",\"publisher\":{\"@id\":\"https:\\\/\\\/scientiarum.fi\\\/#organization\"},\"potentialAction\":[{\"@type\":\"SearchAction\",\"target\":{\"@type\":\"EntryPoint\",\"urlTemplate\":\"https:\\\/\\\/scientiarum.fi\\\/?s={search_term_string}\"},\"query-input\":{\"@type\":\"PropertyValueSpecification\",\"valueRequired\":true,\"valueName\":\"search_term_string\"}}],\"inLanguage\":\"en-US\"},{\"@type\":\"Organization\",\"@id\":\"https:\\\/\\\/scientiarum.fi\\\/#organization\",\"name\":\"Finska Vetenskaps-Societeten\",\"url\":\"https:\\\/\\\/scientiarum.fi\\\/\",\"logo\":{\"@type\":\"ImageObject\",\"inLanguage\":\"en-US\",\"@id\":\"https:\\\/\\\/scientiarum.fi\\\/#\\\/schema\\\/logo\\\/image\\\/\",\"url\":\"\",\"contentUrl\":\"\",\"caption\":\"Finska Vetenskaps-Societeten\"},\"image\":{\"@id\":\"https:\\\/\\\/scientiarum.fi\\\/#\\\/schema\\\/logo\\\/image\\\/\"},\"sameAs\":[\"https:\\\/\\\/www.facebook.com\\\/societas.scientiarum\",\"https:\\\/\\\/x.com\\\/tiedeseura\",\"https:\\\/\\\/www.linkedin.com\\\/company\\\/finska-vetenskaps-societeten-the-finnish-society-of-sciences-and-letters\\\/\"]}]}<\/script>\n<!-- \/ Yoast SEO plugin. -->","yoast_head_json":{"title":"Magnus Ehrnroothin s\u00e4\u00e4ti\u00f6n apurahastrategia (pdf) - The Finnish Society of Sciences And Letters","robots":{"index":"index","follow":"follow","max-snippet":"max-snippet:-1","max-image-preview":"max-image-preview:large","max-video-preview":"max-video-preview:-1"},"canonical":"https:\/\/scientiarum.fi\/magnus-ehrnroothin-saation-apurahastrategia-pdf\/","og_locale":"en_US","og_type":"article","og_title":"Magnus Ehrnroothin s\u00e4\u00e4ti\u00f6n apurahastrategia (pdf) - The Finnish Society of Sciences And Letters","og_description":"Magnus Ehrnroothin s\u00e4\u00e4ti\u00f6n apurahastrategia YLEISET PERIAATTEET S\u00e4\u00e4ti\u00f6n tarkoitus on m\u00e4\u00e4ritelty s\u00e4\u00e4nn\u00f6iss\u00e4 seuraavasti: \u201dS\u00e4\u00e4ti\u00f6n tarkoituksena on edist\u00e4\u00e4 ja tukea tieteellist\u00e4 perustutkimusta ja syvent\u00e4\u00e4 tiet\u00e4myst\u00e4 matematiikan, t\u00e4htitieteen, fysiikan ja kemian aloilla l\u00e4\u00e4ketieteellinen kemia mukaan lukien. S\u00e4\u00e4ti\u00f6 toteuttaa tarkoitustaan jakamalla taloudellista tukea ja apurahoja Suomen tiedeseura ry:n j\u00e4senille henkil\u00f6kohtaiseen tutkimusty\u00f6h\u00f6n tai j\u00e4senten johtamille tutkimusryhmille tai - laitoksille tai [&hellip;]","og_url":"https:\/\/scientiarum.fi\/magnus-ehrnroothin-saation-apurahastrategia-pdf\/","og_site_name":"The Finnish Society of Sciences And Letters","article_publisher":"https:\/\/www.facebook.com\/societas.scientiarum","article_modified_time":"2024-08-01T09:23:32+00:00","twitter_card":"summary_large_image","twitter_site":"@tiedeseura","schema":{"@context":"https:\/\/schema.org","@graph":[{"@type":"WebPage","@id":"https:\/\/scientiarum.fi\/magnus-ehrnroothin-saation-apurahastrategia-pdf\/","url":"https:\/\/scientiarum.fi\/magnus-ehrnroothin-saation-apurahastrategia-pdf\/","name":"Magnus Ehrnroothin s\u00e4\u00e4ti\u00f6n apurahastrategia (pdf) - The Finnish Society of Sciences And Letters","isPartOf":{"@id":"https:\/\/scientiarum.fi\/#website"},"datePublished":"2024-01-05T11:59:03+00:00","dateModified":"2024-08-01T09:23:32+00:00","breadcrumb":{"@id":"https:\/\/scientiarum.fi\/magnus-ehrnroothin-saation-apurahastrategia-pdf\/#breadcrumb"},"inLanguage":"en-US","potentialAction":[{"@type":"ReadAction","target":["https:\/\/scientiarum.fi\/magnus-ehrnroothin-saation-apurahastrategia-pdf\/"]}]},{"@type":"BreadcrumbList","@id":"https:\/\/scientiarum.fi\/magnus-ehrnroothin-saation-apurahastrategia-pdf\/#breadcrumb","itemListElement":[{"@type":"ListItem","position":1,"name":"Home","item":"https:\/\/scientiarum.fi\/"},{"@type":"ListItem","position":2,"name":"Magnus Ehrnroothin s\u00e4\u00e4ti\u00f6n apurahastrategia (pdf)"}]},{"@type":"WebSite","@id":"https:\/\/scientiarum.fi\/#website","url":"https:\/\/scientiarum.fi\/","name":"Finska Vetenskaps-Societeten","description":"","publisher":{"@id":"https:\/\/scientiarum.fi\/#organization"},"potentialAction":[{"@type":"SearchAction","target":{"@type":"EntryPoint","urlTemplate":"https:\/\/scientiarum.fi\/?s={search_term_string}"},"query-input":{"@type":"PropertyValueSpecification","valueRequired":true,"valueName":"search_term_string"}}],"inLanguage":"en-US"},{"@type":"Organization","@id":"https:\/\/scientiarum.fi\/#organization","name":"Finska Vetenskaps-Societeten","url":"https:\/\/scientiarum.fi\/","logo":{"@type":"ImageObject","inLanguage":"en-US","@id":"https:\/\/scientiarum.fi\/#\/schema\/logo\/image\/","url":"","contentUrl":"","caption":"Finska Vetenskaps-Societeten"},"image":{"@id":"https:\/\/scientiarum.fi\/#\/schema\/logo\/image\/"},"sameAs":["https:\/\/www.facebook.com\/societas.scientiarum","https:\/\/x.com\/tiedeseura","https:\/\/www.linkedin.com\/company\/finska-vetenskaps-societeten-the-finnish-society-of-sciences-and-letters\/"]}]}},"_links":{"self":[{"href":"https:\/\/scientiarum.fi\/en\/wp-json\/wp\/v2\/pages\/3935","targetHints":{"allow":["GET"]}}],"collection":[{"href":"https:\/\/scientiarum.fi\/en\/wp-json\/wp\/v2\/pages"}],"about":[{"href":"https:\/\/scientiarum.fi\/en\/wp-json\/wp\/v2\/types\/page"}],"author":[{"embeddable":true,"href":"https:\/\/scientiarum.fi\/en\/wp-json\/wp\/v2\/users\/2"}],"replies":[{"embeddable":true,"href":"https:\/\/scientiarum.fi\/en\/wp-json\/wp\/v2\/comments?post=3935"}],"version-history":[{"count":6,"href":"https:\/\/scientiarum.fi\/en\/wp-json\/wp\/v2\/pages\/3935\/revisions"}],"predecessor-version":[{"id":5370,"href":"https:\/\/scientiarum.fi\/en\/wp-json\/wp\/v2\/pages\/3935\/revisions\/5370"}],"wp:attachment":[{"href":"https:\/\/scientiarum.fi\/en\/wp-json\/wp\/v2\/media?parent=3935"}],"curies":[{"name":"wp","href":"https:\/\/api.w.org\/{rel}","templated":true}]}}