{"id":3925,"date":"2024-01-05T13:17:49","date_gmt":"2024-01-05T11:17:49","guid":{"rendered":"https:\/\/scientiarum.fi\/?page_id=3925"},"modified":"2024-08-01T16:04:36","modified_gmt":"2024-08-01T13:04:36","slug":"tietosuojaseloste-apuraharekisteri-pdf","status":"publish","type":"page","link":"https:\/\/scientiarum.fi\/en\/tietosuojaseloste-apuraharekisteri-pdf\/","title":{"rendered":"Tietosuojaseloste (apuraharekisteri) (pdf)"},"content":{"rendered":"<p>[et_pb_section fb_built=&#8221;1&#8243; _builder_version=&#8221;4.21.0&#8243; _module_preset=&#8221;default&#8221; global_colors_info=&#8221;{}&#8221;][et_pb_row column_structure=&#8221;1_5,3_5,1_5&#8243; _builder_version=&#8221;4.21.0&#8243; _module_preset=&#8221;default&#8221; custom_margin=&#8221;0px||0px||false|false&#8221; custom_padding=&#8221;0px||0px||false|false&#8221; global_colors_info=&#8221;{}&#8221;][et_pb_column type=&#8221;1_5&#8243; _builder_version=&#8221;4.21.0&#8243; _module_preset=&#8221;default&#8221; global_colors_info=&#8221;{}&#8221;][\/et_pb_column][et_pb_column type=&#8221;3_5&#8243; _builder_version=&#8221;4.21.0&#8243; _module_preset=&#8221;default&#8221; global_colors_info=&#8221;{}&#8221;][et_pb_text module_class=&#8221;defwp3&#8243; _builder_version=&#8221;4.27.0&#8243; _module_preset=&#8221;1b686adf-681b-484a-9fee-595f92a65ad5&#8243; header_font=&#8221;Source Serif Pro||||||||&#8221; hover_enabled=&#8221;0&#8243; global_colors_info=&#8221;{}&#8221; sticky_enabled=&#8221;0&#8243;]<\/p>\n<h2>Tietosuojaseloste (apuraharekisteri)<\/h2>\n<h3><strong>Henkil\u00f6tietolaki (523\/1999) 10 \u00a7 ja 24\u00a7<\/strong><br \/><strong>EU:n tietosuoja-asetus 2016\/679, voimaan 25.5.2018<\/strong><br \/><strong>Laatimisp\u00e4iv\u00e4 21.5.2018<\/strong><\/h3>\n<h3>1. Rekisterinpit\u00e4j\u00e4n nimi sek\u00e4 yhteystiedot<\/h3>\n<p>Suomen Tiedeseura ry<br \/>Pohjoinen Makasiinikatu 7 A 6<br \/>00130 Helsinki<br \/>Puh. 09-633 005<br \/><a href=\"mailto:societas@scientiarum.fi\">societas@scientiarum.fi<\/a><br \/>Y-tunnus: 0201172-3<br \/>Yhteyshenkil\u00f6: Ann-Christin Geust<\/p>\n<h3>2. Rekisterin nimi<\/h3>\n<p>Suomen Tiedeseuran apurahojen hakemusj\u00e4rjestelm\u00e4 ja k\u00e4sittelyj\u00e4rjestelm\u00e4.<\/p>\n<h3>3. Henkil\u00f6tietojen k\u00e4sittelyn tarkoitus ja rekisterin k\u00e4ytt\u00f6tarkoitus<\/h3>\n<p>Henkil\u00f6tietoja k\u00e4sitell\u00e4\u00e4n Suomen Tiedeseuran rahastojen ja s\u00e4\u00e4ti\u00f6iden toiminnan tarkoituksen mahdollistamiseksi. Tietojen k\u00e4sittely perustuu oikeutettuun etuun.<\/p>\n<p>Henkil\u00f6tietojen k\u00e4sittelyn tarkoituksena on mahdollistaa apurahahakemusten vastaanottaminen ja k\u00e4sittely sek\u00e4<br \/>my\u00f6nnettyjen apurahojen maksatus ja seuranta.<\/p>\n<h3>4. Rekisterin tietosis\u00e4lt\u00f6<\/h3>\n<p>Rekisteriin on tallennettu s\u00e4hk\u00f6isesti seuraavat hakijaa koskevat, p\u00e4\u00e4s\u00e4\u00e4nt\u00f6isesti hakijan itse luovuttamat tiedot, kuten:<\/p>\n<p>Nimi<br \/>Yhteystiedot (osoite, puhelin, s\u00e4hk\u00f6posti)<br \/>Syntym\u00e4aika<br \/>Asiointikieli<br \/>Oppiarvo<br \/>Toimi<br \/>Toimipaikka<br \/>Suomen Tiedeseuran j\u00e4senyys (kyll\u00e4\/ei)<br \/>Vastuunalainen tutkimuksen johtaja<br \/>Ty\u00f6ryhm\u00e4n j\u00e4senet<br \/>Otsikko tai lyhyt kuvaus tutkimuksesta<br \/>Hakemustyyppi (tutkimusapuraha \/ matka-apuraha \/ hakemus Hambergin rahastolle)<br \/>Haetun apurahan m\u00e4\u00e4r\u00e4 sek\u00e4 erittely<br \/>Tiedeseuran osasto tai rahasto jolta apurahaa haetaan<br \/>Suorituspaikka<br \/>Suoritusajanjakso<br \/>Ty\u00f6skentelyn kesto t\u00e4ll\u00e4 apurahalla kuukausina<br \/>Tutkimus p\u00e4\u00e4ttymisajankohta<br \/>Matka-apurahansaaja (henkil\u00f6kohtaisesti hakijalle \/ ty\u00f6ryhm\u00e4n j\u00e4senelle)<br \/>Suosittelijat<br \/>Aikaisemmat Suomen Tiedeseuralta saadut apurahat<br \/>Vireill\u00e4 olevat hakemukset t\u00e4t\u00e4 tarkoitusta varten<br \/>Muualta saadut apurahat<br \/>Hakemuksen liitteet kuten ansio- ja julkaisuluettelot sek\u00e4 tutkimussuunnitelma<br \/>Suostumus s\u00e4hk\u00f6postilla l\u00e4hetett\u00e4viin k\u00e4sittely\u00e4 koskeviin ilmoituksiin<\/p>\n<p>Edell\u00e4 mainittujen tietojen lis\u00e4ksi mahdolliset muut tiedot, joita hakija on hakemuksessaan maininnut.<\/p>\n<p>Jos apuraha my\u00f6nnet\u00e4\u00e4n, tallennetaan rekisteriin s\u00e4hk\u00f6isesti hakijatietojen lis\u00e4ksi seuraavat apurahansaajaa<br \/>koskevat tiedot:<\/p>\n<p>Henkil\u00f6tunnus*<br \/>Tilinumero<br \/>Maksatusta koskevat tiedot ja maksutapahtumat<br \/>Rahasto, josta apuraha my\u00f6nnet\u00e4\u00e4n<br \/>P\u00e4\u00e4t\u00f6ksenteon ajankohtaa koskevat tiedot<br \/>Apurahaa koskevat peruutukset ja muutokset<br \/>Apurahan k\u00e4ytt\u00f6selvityksen er\u00e4p\u00e4iv\u00e4<br \/>Apurahansaajan selvitys apurahan k\u00e4yt\u00f6st\u00e4<\/p>\n<p>*Henkil\u00f6tunnus rekister\u00f6id\u00e4\u00e4n apurahanhakijan ja apurahanmy\u00f6nt\u00e4j\u00e4n oikeusturvan varmistamiseksi. Apurahan my\u00f6nt\u00e4j\u00e4ll\u00e4 on lakis\u00e4\u00e4teinen velvollisuus ilmoittaa apurahoista Verohallinnolle maksettujen apurahojen vuosiilmoitusaineistossa ja Maatalousyritt\u00e4jien el\u00e4kelaitokselle (my\u00f6hemmin Mela) my\u00f6nt\u00e4j\u00e4n ilmoituksessa, jossa vaaditaan mm. henkil\u00f6tunnuksen ilmoittaminen.<\/p>\n<h3>5. S\u00e4\u00e4nn\u00f6nmukaiset tietol\u00e4hteet<\/h3>\n<p>Hakijan ja hakemuksen tiedot saadaan hakijalta. K\u00e4sittelyj\u00e4rjestelm\u00e4\u00e4n kirjataan lis\u00e4tietoihin tietoa<br \/>apurahansaajan kanssa k\u00e4ydyst\u00e4 keskustelusta, kuten keskeytyksist\u00e4, palautuksista, muutoksista<br \/>suunnitelmaan ja lis\u00e4tietoja ty\u00f6skentelyajasta.<\/p>\n<p>Rekister\u00f6it\u00e4v\u00e4n henkil\u00f6tietojen luovuttaminen rekisterinpit\u00e4j\u00e4lle on apurahahakemuksen vastaanottamisen ja k\u00e4sittelyn edellytys.<\/p>\n<h3>6. Tietojen s\u00e4\u00e4nn\u00f6nmukaiset luovutukset<\/h3>\n<p>Tieto maksetuista apurahoista ja palkinnoista luovutetaan Verohallinnolle koneellisesti. Tieto my\u00f6nnetyist\u00e4<br \/>apurahoista luovutetaan Melalle koneellisesti apurahansaajien sosiaalivakuutusten valvontaa varten (MYEL 141 b \u00a7). Luovutukset perustuvat lakis\u00e4\u00e4teiseen velvollisuuteen.<\/p>\n<p>Tietoja ja asiakirjoja luovutetaan hakemuksia arvioivien asiantuntijoiden, Suomen Tiedeseuran hallituksen ja<br \/>Suomen Tiedeseuran henkil\u00f6kunnan k\u00e4ytt\u00f6\u00f6n, lis\u00e4ksi henkil\u00f6tietoja k\u00e4sittelev\u00e4t teknist\u00e4 tukea antavat henkil\u00f6t.<br \/>Apurahojen maksatusta varten tarvittavat tiedot luovutetaan Nordea Bank Oyj:n erikseen nime\u00e4mille henkil\u00f6ille.<br \/>K\u00e4ytt\u00f6oikeus edellytt\u00e4\u00e4 henkil\u00f6kohtaista salasanaa ja kaikilla henkil\u00f6tietoja k\u00e4sittelevill\u00e4 henkil\u00f6ill\u00e4 on<br \/>vaitiolovelvollisuus.<\/p>\n<p>My\u00f6nnettyjen apurahojen ja palkintojen tiedot julkaistaan Suomen Tiedeseuran kotisivuilla sek\u00e4 vuosikertomuksessa ja vuosikirja Sphinxiss\u00e4. Saajista ilmoitetaan seuraavat tiedot:<\/p>\n<p>Nimi<br \/>Oppiarvo<br \/>Apurahan m\u00e4\u00e4r\u00e4<br \/>Hakemuksen aihe<\/p>\n<p>Tietoja ei luovuteta eik\u00e4 siirret\u00e4 EU:n tai Euroopan talousalueen ulkopuolelle<\/p>\n<h3>7. Rekisterin suojauksen periaatteet<\/h3>\n<p>Rekisterin k\u00e4ytt\u00f6oikeus on vain nimetyill\u00e4 henkil\u00f6ill\u00e4 ty\u00f6teht\u00e4viens\u00e4 suorittamiseksi. P\u00e4\u00e4sy rekisteriin edellytt\u00e4\u00e4<br \/>k\u00e4ytt\u00e4j\u00e4tunnusta ja salasanaa. Suomen Tiedeseuran tietoverkko ja laitteisto, jolla rekisteri sijaitsee, on suojattu<br \/>palomuurilla sek\u00e4 muilla turvallisuustason takaavilla teknisill\u00e4 toimenpiteill\u00e4.<\/p>\n<p>Henkil\u00f6tietoja k\u00e4sittelevill\u00e4 henkil\u00f6ill\u00e4 on vaitiolovelvollisuus.<\/p>\n<p>Hakijoiden yhteys hakemusten verkkopalveluun on suojattu SSL-salauksella.<\/p>\n<h3>8. Tietojen s\u00e4ilytys<\/h3>\n<p>Apurahahakemukset, my\u00f6nn\u00f6t ja k\u00e4ytt\u00f6selvitykset s\u00e4ilytet\u00e4\u00e4n 15 vuotta s\u00e4hk\u00f6isess\u00e4 k\u00e4ytt\u00f6arkistossa, jonne<br \/>p\u00e4\u00e4sy on vain nimetyill\u00e4 henkil\u00f6ill\u00e4 Suomen Tiedeseuran kansliassa. T\u00e4m\u00e4n j\u00e4lkeen materiaali arkistoidaan<br \/>Suomen Tiedeseuran arkiston yhteyteen ja s\u00e4ilytet\u00e4\u00e4n toistaiseksi.<\/p>\n<p>Arkaluonteisia henkil\u00f6tietoja, henkil\u00f6tunnusta ja tilinumeroa, s\u00e4ilytet\u00e4\u00e4n vain niin kauan kuin apuraha-asioiden hoitamiseksi on tarpeellista. Tiedot poistetaan viimeist\u00e4\u00e4n 13 kuukautta siit\u00e4 ett\u00e4 apurahansaajan k\u00e4ytt\u00f6selvitys on hyv\u00e4ksytty, kuitenkin siten ett\u00e4 lains\u00e4\u00e4d\u00e4nn\u00f6n asettamat m\u00e4\u00e4r\u00e4ajat kirjanpitoaineiston s\u00e4ilytt\u00e4miselle t\u00e4yttyv\u00e4t.<\/p>\n<h3>9. Tarkastusoikeus<\/h3>\n<p>Rekister\u00f6idyll\u00e4 on oikeus saada tarkastaa itse\u00e4\u00e4n koskevat tiedot. Tarkastusoikeus on maksuton enint\u00e4\u00e4n kerran vuodessa (12 kk) toteutettuna.<\/p>\n<p>Tarkastuspyynt\u00f6 tulee tehd\u00e4 kirjallisesti omak\u00e4tisesti allekirjoitetulla kirjeell\u00e4 tai henkil\u00f6kohtaisesti<br \/>rekisterinpit\u00e4j\u00e4n luona. Tarkastuspyynt\u00f6 osoitetaan Suomen Tiedeseuralle ja l\u00e4hetet\u00e4\u00e4n kohdassa 1 mainittuun<br \/>osoitteeseen.<\/p>\n<p>Rekister\u00f6idyll\u00e4 ei ole oikeutta saada tietoa itse\u00e4\u00e4n koskevista lausunnoista tai niiden sis\u00e4ll\u00f6st\u00e4.<\/p>\n<h3>10. Tiedon korjaaminen<\/h3>\n<p>Rekister\u00f6idyll\u00e4 on oikeus vaatia rekisteriss\u00e4 olevan virheellisen tiedon korjaamista. Korjaamispyynt\u00f6 on syyt\u00e4<br \/>tehd\u00e4 kirjallisesti ja riitt\u00e4v\u00e4n yksil\u00f6idysti. Korjaamispyynt\u00f6 osoitetaan Suomen Tiedeseuralle ja l\u00e4hetet\u00e4\u00e4n<br \/>kohdassa 1 mainittuun osoitteeseen.<\/p>\n<p>Rekister\u00f6idyll\u00e4 on oikeus tehd\u00e4 valitus valvontaviranomaiselle, mik\u00e4li h\u00e4n katsoo, ett\u00e4 h\u00e4nt\u00e4 koskevien henkil\u00f6tietojen k\u00e4sittelyss\u00e4 rikotaan tietosuoja-asetusta.<\/p>\n<p>[\/et_pb_text][\/et_pb_column][et_pb_column type=&#8221;1_5&#8243; _builder_version=&#8221;4.21.0&#8243; _module_preset=&#8221;default&#8221; global_colors_info=&#8221;{}&#8221;][\/et_pb_column][\/et_pb_row][\/et_pb_section]<\/p>\n","protected":false},"excerpt":{"rendered":"<p>Tietosuojaseloste (apuraharekisteri) Henkil\u00f6tietolaki (523\/1999) 10 \u00a7 ja 24\u00a7EU:n tietosuoja-asetus 2016\/679, voimaan 25.5.2018Laatimisp\u00e4iv\u00e4 21.5.2018 1. Rekisterinpit\u00e4j\u00e4n nimi sek\u00e4 yhteystiedot Suomen Tiedeseura ryPohjoinen Makasiinikatu 7 A 600130 HelsinkiPuh. 09-633 005societas@scientiarum.fiY-tunnus: 0201172-3Yhteyshenkil\u00f6: Ann-Christin Geust 2. Rekisterin nimi Suomen Tiedeseuran apurahojen hakemusj\u00e4rjestelm\u00e4 ja k\u00e4sittelyj\u00e4rjestelm\u00e4. 3. Henkil\u00f6tietojen k\u00e4sittelyn tarkoitus ja rekisterin k\u00e4ytt\u00f6tarkoitus Henkil\u00f6tietoja k\u00e4sitell\u00e4\u00e4n Suomen Tiedeseuran rahastojen ja s\u00e4\u00e4ti\u00f6iden toiminnan [&hellip;]<\/p>\n","protected":false},"author":2,"featured_media":0,"parent":0,"menu_order":0,"comment_status":"closed","ping_status":"closed","template":"","meta":{"_acf_changed":false,"_et_pb_use_builder":"on","_et_pb_old_content":"<!-- wp:divi\/placeholder \/-->","_et_gb_content_width":"","footnotes":""},"class_list":["post-3925","page","type-page","status-publish","hentry"],"acf":[],"yoast_head":"<!-- This site is optimized with the Yoast SEO plugin v27.3 - https:\/\/yoast.com\/product\/yoast-seo-wordpress\/ -->\n<title>Tietosuojaseloste (apuraharekisteri) (pdf) - The Finnish Society of Sciences And Letters<\/title>\n<meta name=\"robots\" content=\"index, follow, max-snippet:-1, max-image-preview:large, max-video-preview:-1\" \/>\n<link rel=\"canonical\" href=\"https:\/\/scientiarum.fi\/tietosuojaseloste-apuraharekisteri-pdf\/\" \/>\n<meta property=\"og:locale\" content=\"en_US\" \/>\n<meta property=\"og:type\" content=\"article\" \/>\n<meta property=\"og:title\" content=\"Tietosuojaseloste (apuraharekisteri) (pdf) - The Finnish Society of Sciences And Letters\" \/>\n<meta property=\"og:description\" content=\"Tietosuojaseloste (apuraharekisteri) Henkil\u00f6tietolaki (523\/1999) 10 \u00a7 ja 24\u00a7EU:n tietosuoja-asetus 2016\/679, voimaan 25.5.2018Laatimisp\u00e4iv\u00e4 21.5.2018 1. Rekisterinpit\u00e4j\u00e4n nimi sek\u00e4 yhteystiedot Suomen Tiedeseura ryPohjoinen Makasiinikatu 7 A 600130 HelsinkiPuh. 09-633 005societas@scientiarum.fiY-tunnus: 0201172-3Yhteyshenkil\u00f6: Ann-Christin Geust 2. Rekisterin nimi Suomen Tiedeseuran apurahojen hakemusj\u00e4rjestelm\u00e4 ja k\u00e4sittelyj\u00e4rjestelm\u00e4. 3. Henkil\u00f6tietojen k\u00e4sittelyn tarkoitus ja rekisterin k\u00e4ytt\u00f6tarkoitus Henkil\u00f6tietoja k\u00e4sitell\u00e4\u00e4n Suomen Tiedeseuran rahastojen ja s\u00e4\u00e4ti\u00f6iden toiminnan [&hellip;]\" \/>\n<meta property=\"og:url\" content=\"https:\/\/scientiarum.fi\/tietosuojaseloste-apuraharekisteri-pdf\/\" \/>\n<meta property=\"og:site_name\" content=\"The Finnish Society of Sciences And Letters\" \/>\n<meta property=\"article:publisher\" content=\"https:\/\/www.facebook.com\/societas.scientiarum\" \/>\n<meta property=\"article:modified_time\" content=\"2024-08-01T13:04:36+00:00\" \/>\n<meta name=\"twitter:card\" content=\"summary_large_image\" \/>\n<meta name=\"twitter:site\" content=\"@tiedeseura\" \/>\n<meta name=\"twitter:label1\" content=\"Est. reading time\" \/>\n\t<meta name=\"twitter:data1\" content=\"3 minutes\" \/>\n<script type=\"application\/ld+json\" class=\"yoast-schema-graph\">{\"@context\":\"https:\\\/\\\/schema.org\",\"@graph\":[{\"@type\":\"WebPage\",\"@id\":\"https:\\\/\\\/scientiarum.fi\\\/tietosuojaseloste-apuraharekisteri-pdf\\\/\",\"url\":\"https:\\\/\\\/scientiarum.fi\\\/tietosuojaseloste-apuraharekisteri-pdf\\\/\",\"name\":\"Tietosuojaseloste (apuraharekisteri) (pdf) - The Finnish Society of Sciences And Letters\",\"isPartOf\":{\"@id\":\"https:\\\/\\\/scientiarum.fi\\\/#website\"},\"datePublished\":\"2024-01-05T11:17:49+00:00\",\"dateModified\":\"2024-08-01T13:04:36+00:00\",\"breadcrumb\":{\"@id\":\"https:\\\/\\\/scientiarum.fi\\\/tietosuojaseloste-apuraharekisteri-pdf\\\/#breadcrumb\"},\"inLanguage\":\"en-US\",\"potentialAction\":[{\"@type\":\"ReadAction\",\"target\":[\"https:\\\/\\\/scientiarum.fi\\\/tietosuojaseloste-apuraharekisteri-pdf\\\/\"]}]},{\"@type\":\"BreadcrumbList\",\"@id\":\"https:\\\/\\\/scientiarum.fi\\\/tietosuojaseloste-apuraharekisteri-pdf\\\/#breadcrumb\",\"itemListElement\":[{\"@type\":\"ListItem\",\"position\":1,\"name\":\"Home\",\"item\":\"https:\\\/\\\/scientiarum.fi\\\/\"},{\"@type\":\"ListItem\",\"position\":2,\"name\":\"Tietosuojaseloste (apuraharekisteri) (pdf)\"}]},{\"@type\":\"WebSite\",\"@id\":\"https:\\\/\\\/scientiarum.fi\\\/#website\",\"url\":\"https:\\\/\\\/scientiarum.fi\\\/\",\"name\":\"Finska Vetenskaps-Societeten\",\"description\":\"\",\"publisher\":{\"@id\":\"https:\\\/\\\/scientiarum.fi\\\/#organization\"},\"potentialAction\":[{\"@type\":\"SearchAction\",\"target\":{\"@type\":\"EntryPoint\",\"urlTemplate\":\"https:\\\/\\\/scientiarum.fi\\\/?s={search_term_string}\"},\"query-input\":{\"@type\":\"PropertyValueSpecification\",\"valueRequired\":true,\"valueName\":\"search_term_string\"}}],\"inLanguage\":\"en-US\"},{\"@type\":\"Organization\",\"@id\":\"https:\\\/\\\/scientiarum.fi\\\/#organization\",\"name\":\"Finska Vetenskaps-Societeten\",\"url\":\"https:\\\/\\\/scientiarum.fi\\\/\",\"logo\":{\"@type\":\"ImageObject\",\"inLanguage\":\"en-US\",\"@id\":\"https:\\\/\\\/scientiarum.fi\\\/#\\\/schema\\\/logo\\\/image\\\/\",\"url\":\"\",\"contentUrl\":\"\",\"caption\":\"Finska Vetenskaps-Societeten\"},\"image\":{\"@id\":\"https:\\\/\\\/scientiarum.fi\\\/#\\\/schema\\\/logo\\\/image\\\/\"},\"sameAs\":[\"https:\\\/\\\/www.facebook.com\\\/societas.scientiarum\",\"https:\\\/\\\/x.com\\\/tiedeseura\",\"https:\\\/\\\/www.linkedin.com\\\/company\\\/finska-vetenskaps-societeten-the-finnish-society-of-sciences-and-letters\\\/\"]}]}<\/script>\n<!-- \/ Yoast SEO plugin. -->","yoast_head_json":{"title":"Tietosuojaseloste (apuraharekisteri) (pdf) - The Finnish Society of Sciences And Letters","robots":{"index":"index","follow":"follow","max-snippet":"max-snippet:-1","max-image-preview":"max-image-preview:large","max-video-preview":"max-video-preview:-1"},"canonical":"https:\/\/scientiarum.fi\/tietosuojaseloste-apuraharekisteri-pdf\/","og_locale":"en_US","og_type":"article","og_title":"Tietosuojaseloste (apuraharekisteri) (pdf) - The Finnish Society of Sciences And Letters","og_description":"Tietosuojaseloste (apuraharekisteri) Henkil\u00f6tietolaki (523\/1999) 10 \u00a7 ja 24\u00a7EU:n tietosuoja-asetus 2016\/679, voimaan 25.5.2018Laatimisp\u00e4iv\u00e4 21.5.2018 1. Rekisterinpit\u00e4j\u00e4n nimi sek\u00e4 yhteystiedot Suomen Tiedeseura ryPohjoinen Makasiinikatu 7 A 600130 HelsinkiPuh. 09-633 005societas@scientiarum.fiY-tunnus: 0201172-3Yhteyshenkil\u00f6: Ann-Christin Geust 2. Rekisterin nimi Suomen Tiedeseuran apurahojen hakemusj\u00e4rjestelm\u00e4 ja k\u00e4sittelyj\u00e4rjestelm\u00e4. 3. Henkil\u00f6tietojen k\u00e4sittelyn tarkoitus ja rekisterin k\u00e4ytt\u00f6tarkoitus Henkil\u00f6tietoja k\u00e4sitell\u00e4\u00e4n Suomen Tiedeseuran rahastojen ja s\u00e4\u00e4ti\u00f6iden toiminnan [&hellip;]","og_url":"https:\/\/scientiarum.fi\/tietosuojaseloste-apuraharekisteri-pdf\/","og_site_name":"The Finnish Society of Sciences And Letters","article_publisher":"https:\/\/www.facebook.com\/societas.scientiarum","article_modified_time":"2024-08-01T13:04:36+00:00","twitter_card":"summary_large_image","twitter_site":"@tiedeseura","twitter_misc":{"Est. reading time":"3 minutes"},"schema":{"@context":"https:\/\/schema.org","@graph":[{"@type":"WebPage","@id":"https:\/\/scientiarum.fi\/tietosuojaseloste-apuraharekisteri-pdf\/","url":"https:\/\/scientiarum.fi\/tietosuojaseloste-apuraharekisteri-pdf\/","name":"Tietosuojaseloste (apuraharekisteri) (pdf) - The Finnish Society of Sciences And Letters","isPartOf":{"@id":"https:\/\/scientiarum.fi\/#website"},"datePublished":"2024-01-05T11:17:49+00:00","dateModified":"2024-08-01T13:04:36+00:00","breadcrumb":{"@id":"https:\/\/scientiarum.fi\/tietosuojaseloste-apuraharekisteri-pdf\/#breadcrumb"},"inLanguage":"en-US","potentialAction":[{"@type":"ReadAction","target":["https:\/\/scientiarum.fi\/tietosuojaseloste-apuraharekisteri-pdf\/"]}]},{"@type":"BreadcrumbList","@id":"https:\/\/scientiarum.fi\/tietosuojaseloste-apuraharekisteri-pdf\/#breadcrumb","itemListElement":[{"@type":"ListItem","position":1,"name":"Home","item":"https:\/\/scientiarum.fi\/"},{"@type":"ListItem","position":2,"name":"Tietosuojaseloste (apuraharekisteri) (pdf)"}]},{"@type":"WebSite","@id":"https:\/\/scientiarum.fi\/#website","url":"https:\/\/scientiarum.fi\/","name":"Finska Vetenskaps-Societeten","description":"","publisher":{"@id":"https:\/\/scientiarum.fi\/#organization"},"potentialAction":[{"@type":"SearchAction","target":{"@type":"EntryPoint","urlTemplate":"https:\/\/scientiarum.fi\/?s={search_term_string}"},"query-input":{"@type":"PropertyValueSpecification","valueRequired":true,"valueName":"search_term_string"}}],"inLanguage":"en-US"},{"@type":"Organization","@id":"https:\/\/scientiarum.fi\/#organization","name":"Finska Vetenskaps-Societeten","url":"https:\/\/scientiarum.fi\/","logo":{"@type":"ImageObject","inLanguage":"en-US","@id":"https:\/\/scientiarum.fi\/#\/schema\/logo\/image\/","url":"","contentUrl":"","caption":"Finska Vetenskaps-Societeten"},"image":{"@id":"https:\/\/scientiarum.fi\/#\/schema\/logo\/image\/"},"sameAs":["https:\/\/www.facebook.com\/societas.scientiarum","https:\/\/x.com\/tiedeseura","https:\/\/www.linkedin.com\/company\/finska-vetenskaps-societeten-the-finnish-society-of-sciences-and-letters\/"]}]}},"_links":{"self":[{"href":"https:\/\/scientiarum.fi\/en\/wp-json\/wp\/v2\/pages\/3925","targetHints":{"allow":["GET"]}}],"collection":[{"href":"https:\/\/scientiarum.fi\/en\/wp-json\/wp\/v2\/pages"}],"about":[{"href":"https:\/\/scientiarum.fi\/en\/wp-json\/wp\/v2\/types\/page"}],"author":[{"embeddable":true,"href":"https:\/\/scientiarum.fi\/en\/wp-json\/wp\/v2\/users\/2"}],"replies":[{"embeddable":true,"href":"https:\/\/scientiarum.fi\/en\/wp-json\/wp\/v2\/comments?post=3925"}],"version-history":[{"count":7,"href":"https:\/\/scientiarum.fi\/en\/wp-json\/wp\/v2\/pages\/3925\/revisions"}],"predecessor-version":[{"id":5467,"href":"https:\/\/scientiarum.fi\/en\/wp-json\/wp\/v2\/pages\/3925\/revisions\/5467"}],"wp:attachment":[{"href":"https:\/\/scientiarum.fi\/en\/wp-json\/wp\/v2\/media?parent=3925"}],"curies":[{"name":"wp","href":"https:\/\/api.w.org\/{rel}","templated":true}]}}