{"id":3514,"date":"2023-11-24T13:54:44","date_gmt":"2023-11-24T11:54:44","guid":{"rendered":"https:\/\/scientiarum.fi\/?page_id=3514"},"modified":"2024-08-01T16:00:06","modified_gmt":"2024-08-01T13:00:06","slug":"suomen-tiedeseuran-apurahaohjeet-pdf","status":"publish","type":"page","link":"https:\/\/scientiarum.fi\/en\/suomen-tiedeseuran-apurahaohjeet-pdf\/","title":{"rendered":"Suomen Tiedeseuran apurahaohjeet (pdf)"},"content":{"rendered":"<p>[et_pb_section fb_built=&#8221;1&#8243; _builder_version=&#8221;4.21.0&#8243; _module_preset=&#8221;default&#8221; global_colors_info=&#8221;{}&#8221;][et_pb_row column_structure=&#8221;1_5,3_5,1_5&#8243; _builder_version=&#8221;4.21.0&#8243; _module_preset=&#8221;default&#8221; custom_margin=&#8221;0px||0px||false|false&#8221; custom_padding=&#8221;0px||0px||false|false&#8221; global_colors_info=&#8221;{}&#8221;][et_pb_column type=&#8221;1_5&#8243; _builder_version=&#8221;4.21.0&#8243; _module_preset=&#8221;default&#8221; global_colors_info=&#8221;{}&#8221;][\/et_pb_column][et_pb_column type=&#8221;3_5&#8243; _builder_version=&#8221;4.21.0&#8243; _module_preset=&#8221;default&#8221; global_colors_info=&#8221;{}&#8221;][et_pb_text _builder_version=&#8221;4.27.0&#8243; _module_preset=&#8221;d9d8ec01-5817-446e-8782-d7f3c4396783&#8243; header_font=&#8221;Source Serif Pro||||||||&#8221; header_3_font=&#8221;Source Sans Pro|600|||||||&#8221; header_3_font_size=&#8221;26px&#8221; hover_enabled=&#8221;0&#8243; header_font_size_last_edited=&#8221;on|desktop&#8221; header_3_font_size_tablet=&#8221;22px&#8221; header_3_font_size_phone=&#8221;18px&#8221; header_3_font_size_last_edited=&#8221;on|desktop&#8221; global_colors_info=&#8221;{}&#8221; sticky_enabled=&#8221;0&#8243; text_font_size_last_edited=&#8221;on|phone&#8221;]<\/p>\n<h1>Suomen Tiedeseuran apurahaohjeet<\/h1>\n<p><strong>Hyv\u00e4ksytty Tiedeseuran kokouksessa 21. joulukuuta 2020<\/strong><\/p>\n<p>Suomen Tiedeseura julistaa vuosittain tammikuun alussa haettavaksi apurahoja tieteelliseen tutkimukseen ja tutkimukseen liittyviin tarkoituksiin. Apurahahakemukset tehd\u00e4\u00e4n s\u00e4hk\u00f6isesti Tiedeseuran verkkopalvelussa siell\u00e4 olevien ohjeiden mukaisesti. Hakuaika p\u00e4\u00e4ttyy 31. tammikuuta.<\/p>\n<p>Apurahoja voidaan my\u00f6nt\u00e4\u00e4<\/p>\n<p>1) jatko-opiskelijoille v\u00e4it\u00f6skirjaty\u00f6n loppuunsaattamiseen. Apuraha my\u00f6nnet\u00e4\u00e4n henkil\u00f6kohtaisena verottomana tukena kokop\u00e4iv\u00e4iseen tieteelliseen toimintaan.<\/p>\n<p>2) tutkijalle tai tutkijaryhm\u00e4lle tieteellisiin hankkeisiin. Apurahaa voidaan k\u00e4ytt\u00e4\u00e4 my\u00f6s esimerkiksi apuhenkil\u00f6st\u00f6n palkkaamiseen, kentt\u00e4ty\u00f6h\u00f6n tai empiirisen materiaalin ker\u00e4\u00e4miseen. Palkkakuluihin k\u00e4ytetty osa apurahasta on veronalaista ansiotuloa. Rahaliikenteen hoitajana tulee yleens\u00e4 olla yliopisto tai vastaava laitos. Apurahat, joiden arvo on 10 000 euroa tai enemm\u00e4n, maksetaan aina t\u00e4llaiselle laitokselle. Suomen Tiedeseura voi erityisist\u00e4 syist\u00e4 rahoittaa tutkimushankkeita suoraan.<\/p>\n<p>3) matka-apurahoina tutkimus- tai kongressimatkoille.<\/p>\n<p>Apurahoja voidaan my\u00f6nt\u00e4\u00e4 Tiedeseuran j\u00e4senille tai muille tutkijoille. Jos hakija ei ole Tiedeseuran j\u00e4sen, hakemukseen tarvitaan suositus j\u00e4senelt\u00e4, joka toimii hakemuksesta ja sen k\u00e4sittelyst\u00e4 vastaavana takaajana. J\u00e4senen tulee paitsi puoltaa hakemusta kirjallisesti, my\u00f6s seurata hankkeen edistymist\u00e4 ja hyv\u00e4ksy\u00e4 hankeraportti. Hakemuksia, joilla ei ole takaajaa, ei huomioida.<\/p>\n<p>J\u00e4senill\u00e4 on etuoikeus matka-apurahoihin ei-j\u00e4seniin n\u00e4hden. Tutkijoiden tai tutkijaryhmien tapauksessa keskeinen kriteeri apurahan my\u00f6nt\u00e4miselle on tieteellinen laatu ja merkitys. Jos rahoituksesta kilpailee kaksi samantasoista hanketta, etusijalla on Tiedeseuran j\u00e4senen hakemus.<\/p>\n<p>Matka-apurahoja voidaan my\u00f6nt\u00e4\u00e4 j\u00e4senille hakemuksesta my\u00f6s vuoden mittaan.<\/p>\n<p>Apurahahakemuksia k\u00e4sittelev\u00e4t osastokohtaiset apurahatoimikunnat. Sohlbergin s\u00e4\u00e4ti\u00f6ll\u00e4 on lis\u00e4ksi oma toimikuntansa. Apurahatoimikunnat laativat ehdotukset my\u00f6nnett\u00e4vien apurahojen koosta ja ajanjaksosta.<\/p>\n<p>Hallitus p\u00e4\u00e4tt\u00e4\u00e4 apurahojen jakamisesta vahvistetun budjetin mukaisesti apurahatoimikuntien ehdotusten perusteella. Vuoden aikana haettavia matka-apurahoja ei k\u00e4sitell\u00e4 toimikunnissa, vaan niist\u00e4 p\u00e4\u00e4tt\u00e4\u00e4 suoraan hallitus.<\/p>\n<p>Vastaanotettujen apurahojen k\u00e4yt\u00f6st\u00e4 on toimitettava selvitys mahdollisimman pian ty\u00f6n p\u00e4\u00e4ttymisen j\u00e4lkeen, kuitenkin v\u00e4hint\u00e4\u00e4n kerran vuodessa 31. toukokuuta menness\u00e4. Selvityksen tarkistavat pysyv\u00e4 sihteeri ja varainhoitaja, ja sen hyv\u00e4ksyy hallitus.<\/p>\n<p>[\/et_pb_text][\/et_pb_column][et_pb_column type=&#8221;1_5&#8243; _builder_version=&#8221;4.21.0&#8243; _module_preset=&#8221;default&#8221; global_colors_info=&#8221;{}&#8221;][\/et_pb_column][\/et_pb_row][\/et_pb_section]<\/p>\n","protected":false},"excerpt":{"rendered":"<p>Suomen Tiedeseuran apurahaohjeet Hyv\u00e4ksytty Tiedeseuran kokouksessa 21. joulukuuta 2020 Suomen Tiedeseura julistaa vuosittain tammikuun alussa haettavaksi apurahoja tieteelliseen tutkimukseen ja tutkimukseen liittyviin tarkoituksiin. Apurahahakemukset tehd\u00e4\u00e4n s\u00e4hk\u00f6isesti Tiedeseuran verkkopalvelussa siell\u00e4 olevien ohjeiden mukaisesti. Hakuaika p\u00e4\u00e4ttyy 31. tammikuuta. Apurahoja voidaan my\u00f6nt\u00e4\u00e4 1) jatko-opiskelijoille v\u00e4it\u00f6skirjaty\u00f6n loppuunsaattamiseen. Apuraha my\u00f6nnet\u00e4\u00e4n henkil\u00f6kohtaisena verottomana tukena kokop\u00e4iv\u00e4iseen tieteelliseen toimintaan. 2) tutkijalle tai tutkijaryhm\u00e4lle [&hellip;]<\/p>\n","protected":false},"author":2,"featured_media":0,"parent":0,"menu_order":0,"comment_status":"closed","ping_status":"closed","template":"","meta":{"_acf_changed":false,"_et_pb_use_builder":"on","_et_pb_old_content":"","_et_gb_content_width":"","footnotes":""},"class_list":["post-3514","page","type-page","status-publish","hentry"],"acf":[],"yoast_head":"<!-- This site is optimized with the Yoast SEO plugin v27.3 - https:\/\/yoast.com\/product\/yoast-seo-wordpress\/ -->\n<title>Suomen Tiedeseuran apurahaohjeet (pdf) - The Finnish Society of Sciences And Letters<\/title>\n<meta name=\"robots\" content=\"index, follow, max-snippet:-1, max-image-preview:large, max-video-preview:-1\" \/>\n<link rel=\"canonical\" href=\"https:\/\/scientiarum.fi\/fi\/suomen-tiedeseuran-apurahaohjeet-pdf\/\" \/>\n<meta property=\"og:locale\" content=\"en_US\" \/>\n<meta property=\"og:type\" content=\"article\" \/>\n<meta property=\"og:title\" content=\"Suomen Tiedeseuran apurahaohjeet (pdf) - The Finnish Society of Sciences And Letters\" \/>\n<meta property=\"og:description\" content=\"Suomen Tiedeseuran apurahaohjeet Hyv\u00e4ksytty Tiedeseuran kokouksessa 21. joulukuuta 2020 Suomen Tiedeseura julistaa vuosittain tammikuun alussa haettavaksi apurahoja tieteelliseen tutkimukseen ja tutkimukseen liittyviin tarkoituksiin. Apurahahakemukset tehd\u00e4\u00e4n s\u00e4hk\u00f6isesti Tiedeseuran verkkopalvelussa siell\u00e4 olevien ohjeiden mukaisesti. Hakuaika p\u00e4\u00e4ttyy 31. tammikuuta. Apurahoja voidaan my\u00f6nt\u00e4\u00e4 1) jatko-opiskelijoille v\u00e4it\u00f6skirjaty\u00f6n loppuunsaattamiseen. Apuraha my\u00f6nnet\u00e4\u00e4n henkil\u00f6kohtaisena verottomana tukena kokop\u00e4iv\u00e4iseen tieteelliseen toimintaan. 2) tutkijalle tai tutkijaryhm\u00e4lle [&hellip;]\" \/>\n<meta property=\"og:url\" content=\"https:\/\/scientiarum.fi\/fi\/suomen-tiedeseuran-apurahaohjeet-pdf\/\" \/>\n<meta property=\"og:site_name\" content=\"The Finnish Society of Sciences And Letters\" \/>\n<meta property=\"article:publisher\" content=\"https:\/\/www.facebook.com\/societas.scientiarum\" \/>\n<meta property=\"article:modified_time\" content=\"2024-08-01T13:00:06+00:00\" \/>\n<meta name=\"twitter:card\" content=\"summary_large_image\" \/>\n<meta name=\"twitter:site\" content=\"@tiedeseura\" \/>\n<meta name=\"twitter:label1\" content=\"Est. reading time\" \/>\n\t<meta name=\"twitter:data1\" content=\"2 minutes\" \/>\n<script type=\"application\/ld+json\" class=\"yoast-schema-graph\">{\"@context\":\"https:\\\/\\\/schema.org\",\"@graph\":[{\"@type\":\"WebPage\",\"@id\":\"https:\\\/\\\/scientiarum.fi\\\/fi\\\/suomen-tiedeseuran-apurahaohjeet-pdf\\\/\",\"url\":\"https:\\\/\\\/scientiarum.fi\\\/fi\\\/suomen-tiedeseuran-apurahaohjeet-pdf\\\/\",\"name\":\"Suomen Tiedeseuran apurahaohjeet (pdf) - The Finnish Society of Sciences And Letters\",\"isPartOf\":{\"@id\":\"https:\\\/\\\/scientiarum.fi\\\/#website\"},\"datePublished\":\"2023-11-24T11:54:44+00:00\",\"dateModified\":\"2024-08-01T13:00:06+00:00\",\"breadcrumb\":{\"@id\":\"https:\\\/\\\/scientiarum.fi\\\/fi\\\/suomen-tiedeseuran-apurahaohjeet-pdf\\\/#breadcrumb\"},\"inLanguage\":\"en-US\",\"potentialAction\":[{\"@type\":\"ReadAction\",\"target\":[\"https:\\\/\\\/scientiarum.fi\\\/fi\\\/suomen-tiedeseuran-apurahaohjeet-pdf\\\/\"]}]},{\"@type\":\"BreadcrumbList\",\"@id\":\"https:\\\/\\\/scientiarum.fi\\\/fi\\\/suomen-tiedeseuran-apurahaohjeet-pdf\\\/#breadcrumb\",\"itemListElement\":[{\"@type\":\"ListItem\",\"position\":1,\"name\":\"Home\",\"item\":\"https:\\\/\\\/scientiarum.fi\\\/\"},{\"@type\":\"ListItem\",\"position\":2,\"name\":\"Suomen Tiedeseuran apurahaohjeet (pdf)\"}]},{\"@type\":\"WebSite\",\"@id\":\"https:\\\/\\\/scientiarum.fi\\\/#website\",\"url\":\"https:\\\/\\\/scientiarum.fi\\\/\",\"name\":\"Finska Vetenskaps-Societeten\",\"description\":\"\",\"publisher\":{\"@id\":\"https:\\\/\\\/scientiarum.fi\\\/#organization\"},\"potentialAction\":[{\"@type\":\"SearchAction\",\"target\":{\"@type\":\"EntryPoint\",\"urlTemplate\":\"https:\\\/\\\/scientiarum.fi\\\/?s={search_term_string}\"},\"query-input\":{\"@type\":\"PropertyValueSpecification\",\"valueRequired\":true,\"valueName\":\"search_term_string\"}}],\"inLanguage\":\"en-US\"},{\"@type\":\"Organization\",\"@id\":\"https:\\\/\\\/scientiarum.fi\\\/#organization\",\"name\":\"Finska Vetenskaps-Societeten\",\"url\":\"https:\\\/\\\/scientiarum.fi\\\/\",\"logo\":{\"@type\":\"ImageObject\",\"inLanguage\":\"en-US\",\"@id\":\"https:\\\/\\\/scientiarum.fi\\\/#\\\/schema\\\/logo\\\/image\\\/\",\"url\":\"\",\"contentUrl\":\"\",\"caption\":\"Finska Vetenskaps-Societeten\"},\"image\":{\"@id\":\"https:\\\/\\\/scientiarum.fi\\\/#\\\/schema\\\/logo\\\/image\\\/\"},\"sameAs\":[\"https:\\\/\\\/www.facebook.com\\\/societas.scientiarum\",\"https:\\\/\\\/x.com\\\/tiedeseura\",\"https:\\\/\\\/www.linkedin.com\\\/company\\\/finska-vetenskaps-societeten-the-finnish-society-of-sciences-and-letters\\\/\"]}]}<\/script>\n<!-- \/ Yoast SEO plugin. -->","yoast_head_json":{"title":"Suomen Tiedeseuran apurahaohjeet (pdf) - The Finnish Society of Sciences And Letters","robots":{"index":"index","follow":"follow","max-snippet":"max-snippet:-1","max-image-preview":"max-image-preview:large","max-video-preview":"max-video-preview:-1"},"canonical":"https:\/\/scientiarum.fi\/fi\/suomen-tiedeseuran-apurahaohjeet-pdf\/","og_locale":"en_US","og_type":"article","og_title":"Suomen Tiedeseuran apurahaohjeet (pdf) - The Finnish Society of Sciences And Letters","og_description":"Suomen Tiedeseuran apurahaohjeet Hyv\u00e4ksytty Tiedeseuran kokouksessa 21. joulukuuta 2020 Suomen Tiedeseura julistaa vuosittain tammikuun alussa haettavaksi apurahoja tieteelliseen tutkimukseen ja tutkimukseen liittyviin tarkoituksiin. Apurahahakemukset tehd\u00e4\u00e4n s\u00e4hk\u00f6isesti Tiedeseuran verkkopalvelussa siell\u00e4 olevien ohjeiden mukaisesti. Hakuaika p\u00e4\u00e4ttyy 31. tammikuuta. Apurahoja voidaan my\u00f6nt\u00e4\u00e4 1) jatko-opiskelijoille v\u00e4it\u00f6skirjaty\u00f6n loppuunsaattamiseen. Apuraha my\u00f6nnet\u00e4\u00e4n henkil\u00f6kohtaisena verottomana tukena kokop\u00e4iv\u00e4iseen tieteelliseen toimintaan. 2) tutkijalle tai tutkijaryhm\u00e4lle [&hellip;]","og_url":"https:\/\/scientiarum.fi\/fi\/suomen-tiedeseuran-apurahaohjeet-pdf\/","og_site_name":"The Finnish Society of Sciences And Letters","article_publisher":"https:\/\/www.facebook.com\/societas.scientiarum","article_modified_time":"2024-08-01T13:00:06+00:00","twitter_card":"summary_large_image","twitter_site":"@tiedeseura","twitter_misc":{"Est. reading time":"2 minutes"},"schema":{"@context":"https:\/\/schema.org","@graph":[{"@type":"WebPage","@id":"https:\/\/scientiarum.fi\/fi\/suomen-tiedeseuran-apurahaohjeet-pdf\/","url":"https:\/\/scientiarum.fi\/fi\/suomen-tiedeseuran-apurahaohjeet-pdf\/","name":"Suomen Tiedeseuran apurahaohjeet (pdf) - The Finnish Society of Sciences And Letters","isPartOf":{"@id":"https:\/\/scientiarum.fi\/#website"},"datePublished":"2023-11-24T11:54:44+00:00","dateModified":"2024-08-01T13:00:06+00:00","breadcrumb":{"@id":"https:\/\/scientiarum.fi\/fi\/suomen-tiedeseuran-apurahaohjeet-pdf\/#breadcrumb"},"inLanguage":"en-US","potentialAction":[{"@type":"ReadAction","target":["https:\/\/scientiarum.fi\/fi\/suomen-tiedeseuran-apurahaohjeet-pdf\/"]}]},{"@type":"BreadcrumbList","@id":"https:\/\/scientiarum.fi\/fi\/suomen-tiedeseuran-apurahaohjeet-pdf\/#breadcrumb","itemListElement":[{"@type":"ListItem","position":1,"name":"Home","item":"https:\/\/scientiarum.fi\/"},{"@type":"ListItem","position":2,"name":"Suomen Tiedeseuran apurahaohjeet (pdf)"}]},{"@type":"WebSite","@id":"https:\/\/scientiarum.fi\/#website","url":"https:\/\/scientiarum.fi\/","name":"Finska Vetenskaps-Societeten","description":"","publisher":{"@id":"https:\/\/scientiarum.fi\/#organization"},"potentialAction":[{"@type":"SearchAction","target":{"@type":"EntryPoint","urlTemplate":"https:\/\/scientiarum.fi\/?s={search_term_string}"},"query-input":{"@type":"PropertyValueSpecification","valueRequired":true,"valueName":"search_term_string"}}],"inLanguage":"en-US"},{"@type":"Organization","@id":"https:\/\/scientiarum.fi\/#organization","name":"Finska Vetenskaps-Societeten","url":"https:\/\/scientiarum.fi\/","logo":{"@type":"ImageObject","inLanguage":"en-US","@id":"https:\/\/scientiarum.fi\/#\/schema\/logo\/image\/","url":"","contentUrl":"","caption":"Finska Vetenskaps-Societeten"},"image":{"@id":"https:\/\/scientiarum.fi\/#\/schema\/logo\/image\/"},"sameAs":["https:\/\/www.facebook.com\/societas.scientiarum","https:\/\/x.com\/tiedeseura","https:\/\/www.linkedin.com\/company\/finska-vetenskaps-societeten-the-finnish-society-of-sciences-and-letters\/"]}]}},"_links":{"self":[{"href":"https:\/\/scientiarum.fi\/en\/wp-json\/wp\/v2\/pages\/3514","targetHints":{"allow":["GET"]}}],"collection":[{"href":"https:\/\/scientiarum.fi\/en\/wp-json\/wp\/v2\/pages"}],"about":[{"href":"https:\/\/scientiarum.fi\/en\/wp-json\/wp\/v2\/types\/page"}],"author":[{"embeddable":true,"href":"https:\/\/scientiarum.fi\/en\/wp-json\/wp\/v2\/users\/2"}],"replies":[{"embeddable":true,"href":"https:\/\/scientiarum.fi\/en\/wp-json\/wp\/v2\/comments?post=3514"}],"version-history":[{"count":6,"href":"https:\/\/scientiarum.fi\/en\/wp-json\/wp\/v2\/pages\/3514\/revisions"}],"predecessor-version":[{"id":5465,"href":"https:\/\/scientiarum.fi\/en\/wp-json\/wp\/v2\/pages\/3514\/revisions\/5465"}],"wp:attachment":[{"href":"https:\/\/scientiarum.fi\/en\/wp-json\/wp\/v2\/media?parent=3514"}],"curies":[{"name":"wp","href":"https:\/\/api.w.org\/{rel}","templated":true}]}}