{"id":1739,"date":"2023-07-05T10:44:29","date_gmt":"2023-07-05T10:44:29","guid":{"rendered":"https:\/\/scientiarum.fi\/?page_id=1739"},"modified":"2024-08-01T11:41:43","modified_gmt":"2024-08-01T08:41:43","slug":"dataskyddsbeskrivning-pdf","status":"publish","type":"page","link":"https:\/\/scientiarum.fi\/en\/dataskyddsbeskrivning-pdf\/","title":{"rendered":"Dataskyddsbeskrivning (pdf)"},"content":{"rendered":"<p>[et_pb_section fb_built=&#8221;1&#8243; _builder_version=&#8221;4.21.0&#8243; _module_preset=&#8221;default&#8221; global_colors_info=&#8221;{}&#8221;][et_pb_row column_structure=&#8221;1_5,3_5,1_5&#8243; _builder_version=&#8221;4.21.0&#8243; _module_preset=&#8221;default&#8221; custom_margin=&#8221;0px||0px||false|false&#8221; custom_padding=&#8221;0px||0px||false|false&#8221; global_colors_info=&#8221;{}&#8221;][et_pb_column type=&#8221;1_5&#8243; _builder_version=&#8221;4.21.0&#8243; _module_preset=&#8221;default&#8221; global_colors_info=&#8221;{}&#8221;][\/et_pb_column][et_pb_column type=&#8221;3_5&#8243; _builder_version=&#8221;4.21.0&#8243; _module_preset=&#8221;default&#8221; global_colors_info=&#8221;{}&#8221;][et_pb_text module_class=&#8221;defwp&#8221; _builder_version=&#8221;4.27.0&#8243; _module_preset=&#8221;11e175aa-f5e5-4c01-b0ff-93a4afe8c980&#8243; hover_enabled=&#8221;0&#8243; header_3_font_size_tablet=&#8221;22px&#8221; header_3_font_size_phone=&#8221;18px&#8221; header_3_font_size_last_edited=&#8221;on|desktop&#8221; global_colors_info=&#8221;{}&#8221; sticky_enabled=&#8221;0&#8243;]<\/p>\n<h2>Dataskyddsbeskrivning (stipendieregister)<br \/>Personuppgiftslagen (523\/1999) 10 \u00a7 och 24 \u00a7<br \/>EU:s dataskyddsf\u00f6rordning 2016\/679, fr.o.m. 25.5.2018<\/h2>\n<h3><strong>1. Den registeranvariges namn samt kontaktuppgifter<\/strong><\/h3>\n<p>Finska Vetenskaps-Societeten r.f.<br \/>Norra Magasinsgatan 7 A 6<br \/>00130 Helsingfors<br \/>Tel. 09-633 005<br \/>societas@scientiarum.fi<br \/>FO-nummer: 0201172-3<br \/>Kontaktperson: Ann-Christin Geust<\/p>\n<h3><strong>2. Registrets namn<\/strong><\/h3>\n<p>Finska Vetenskaps-Societetens register f\u00f6r stipendieans\u00f6kningar och behandling av dessa.<\/p>\n<h3><strong>3. \u00c4ndam\u00e5let med registret och behandlingen av personuppgifter<\/strong><\/h3>\n<p>Personuppgifter behandlas f\u00f6r att m\u00f6jligg\u00f6ra Finska Vetenskaps-Societetens verksamhet. Behandlingen av uppgifterna baserar sig p\u00e5 ber\u00e4ttigat intresse.<\/p>\n<p>\u00c4ndam\u00e5let med behandlingen av personuppgifter \u00e4r att m\u00f6jligg\u00f6ra mottagandet och behandlingen av stipendieans\u00f6kningar samt utbetalning och uppf\u00f6ljning av beviljade stipendier.<\/p>\n<h3><strong>4. Registrets datainneh\u00e5ll<\/strong><\/h3>\n<p>I registret sparas elektroniskt f\u00f6ljande uppgifter om den s\u00f6kande (fr\u00e4mst uppgifter som den s\u00f6kande sj\u00e4lv fyllt i):<\/p>\n<p>Namn<br \/>Kontaktuppgifter (adress, telefon, e-post)<br \/>F\u00f6delsedatum<br \/>Spr\u00e5k<br \/>Examen<br \/>Befattning<br \/>Universitet\/Organisation<br \/>S\u00f6kanden \u00e4r ledamot av Finska Vetenskaps-Societeten (ja\/nej)<br \/>Ansvarig ledare f\u00f6r forskningsarbetet<br \/>Medarbetare<br \/>Titel eller kort beskrivning av forskningen<br \/>Ans\u00f6kan g\u00e4ller (forskningsunderst\u00f6d \/ reseunderst\u00f6d \/ underst\u00f6d fr\u00e5n Hambergs fond)<br \/>Ans\u00f6kt belopp och specifikation<br \/>Sektion eller fond fr\u00e5n vilken stipendium anh\u00e5lls<br \/>Platsen d\u00e4r forskningsarbetet skall bedrivas<br \/>Datum f\u00f6r forskningsarbetet<br \/>Arbetets l\u00e4ngd i m\u00e5nader med detta underst\u00f6d<br \/>Forskningsarbetet ber\u00e4knas vara slutf\u00f6rt<br \/>Mottagare av reseunderst\u00f6d (personligt till den s\u00f6kande \/ till medlem i forskningsgrupp)<br \/>Rekommendationer<br \/>Av Finska Vetenskaps-Societeten under de tre senaste \u00e5ren erh\u00e5llna underst\u00f6d<br \/>Annan f\u00f6r detta \u00e4ndam\u00e5l ans\u00f6kt finansiering<br \/>Annan f\u00f6r detta \u00e4ndam\u00e5l erh\u00e5llen finansiering<br \/>Ans\u00f6kningens bilagor som merit- och publikationsf\u00f6rteckning samt forskningsplan<br \/>Samtycke till att meddelanden ang\u00e5ende behandlingen f\u00e5r ske per e-post<br \/>F\u00f6rutom ovanst\u00e5ende uppgifter eventuella andra uppgifter som som den s\u00f6kande n\u00e4mnt i sin ans\u00f6kan.<\/p>\n<p>Ifall stipendium beviljas sparas \u00e4ven f\u00f6ljande uppgifter om stipendiemottagaren i det elektroniska registret:<\/p>\n<p>Personsignum*<br \/>Kontonummer<br \/>Uppgifter om utbetalning och betalningstransaktioner<br \/>Fond fr\u00e5n vilken stipendiet beviljas<br \/>Tidpunkt f\u00f6r stipendiebeslutet<br \/>Uppgifter om annullering av och \u00e4ndringar i stipendiet<br \/>Datum f\u00f6r inl\u00e4mnande av stipendieredovisning<br \/>Stipendiemottagarens redovisning \u00f6ver anv\u00e4nt stipendium<\/p>\n<p>*Personsignumet registreras f\u00f6r att trygga stipendiemottagarens och -givaren r\u00e4ttsskydd. Stipendiegivaren har en lagstadgad skyldighet att rapportera till Skattef\u00f6rvaltningen och Lantbruksf\u00f6retagarnas pensionsanstalt (i forts\u00e4ttningen LPA) om beviljade stipendier. I dessa anm\u00e4lningar kr\u00e4vs personsignum.<\/p>\n<h3><strong>5. Regelm\u00e4ssiga k\u00e4llor<\/strong><\/h3>\n<p>Uppgifterna i ans\u00f6kningen fylls i av personen som ans\u00f6ker om stipendium. I systemet antecknas dessutom efter diskussion med stipendiemottagare till\u00e4ggsinformation t.ex. avbrott, \u00e5terbetalning, \u00e4ndringar i forskningsarbetets l\u00e4ngd eller andra \u00e4ndringar.<\/p>\n<p>Det \u00e4r n\u00f6dv\u00e4ndigt att registrera personuppgifterna f\u00f6r att ans\u00f6kan skall kunna mottas och behandlas.<\/p>\n<h3><strong>6. Regelm\u00e4ssigt utl\u00e4mnande av uppgifter<\/strong><\/h3>\n<p>Information om utbetalda stipendier och pris s\u00e4nds till Skattef\u00f6rvaltningen elektroniskt. Information om beviljade stipendier s\u00e4nds elektroniskt till LPA f\u00f6r \u00f6vervakning av socialf\u00f6rs\u00e4kringar (MYEL 141 b \u00a7). \u00d6verl\u00e5telsen baserar sig p\u00e5 lagstadgad skyldighet.<\/p>\n<p>Information och dokument \u00f6verl\u00e5ts till stipendien\u00e4mndernas sakkunniga, Finska Vetenskaps-Societetens styrelse och anst\u00e4llda. Personuppgifterna kan ocks\u00e5 ses av IT-st\u00f6dpersoner. De uppgifter som beh\u00f6vs f\u00f6r utbetalning av stipendier \u00f6verl\u00e5ts till en utn\u00e4mnd person p\u00e5 Nordea Bank Abp. \u00c5tkomsten kr\u00e4ver ett personligt l\u00f6senord och alla personer som behandlar uppgifterna har tystnadsplikt. F\u00f6ljande uppgifter om beviljade stipendier och pris publiceras p\u00e5 Finska Vetenskaps-Societetens hemsidor, i \u00e5rsber\u00e4ttelsen och i \u00e5rsboken Sphinx:<\/p>\n<p>Namn<br \/>Examen<br \/>Stipendiets belopp<br \/>Ans\u00f6kningens \u00e4mne<\/p>\n<p>Inga uppgifter fr\u00e5n f\u00f6reningens register l\u00e4mnas ut till stater utanf\u00f6r Europeiska unionen eller Europeiska ekonomiska samarbetsomr\u00e5det.<\/p>\n<h3><strong>7. Principerna f\u00f6r skyddet av registret<\/strong><\/h3>\n<p>Anv\u00e4ndarr\u00e4tt till registret har endast d\u00e4rtill utsedda personer f\u00f6r att utf\u00f6ra sina arbetsuppgifter. Tillg\u00e5ng till registret kr\u00e4ver anv\u00e4ndarnamn och l\u00f6senord. Finska Vetenskaps-Societetens datan\u00e4t och maskinvara d\u00e4r registret finns \u00e4r skyddade med brandmur och andra tekniska \u00e5tg\u00e4rder som tryggar s\u00e4kerheten. Endast befullm\u00e4ktigade personer har tillg\u00e5ng till databasen.<\/p>\n<p>Personerna som handhar registret har tystnadsplikt.<\/p>\n<p>De s\u00f6kandes kontakt till n\u00e4ttj\u00e4nsten \u00e4r skyddad med SSL-kryptering.<\/p>\n<h3><strong>8. Lagringsperioden<\/strong><\/h3>\n<p>Stipendieans\u00f6kningarna, beviljningarna och stipendieredovisningarna sparas 15 \u00e5r i det elektroniska registret, dit endast d\u00e4rtill utsedda personer p\u00e5 Finska Vetenskaps-societetens kansli har tillg\u00e5ng. Efter detta arkiveras materialet i samband med Vetenskaps-Societetens arkiv och f\u00f6rvaras d\u00e4r tillsvidare.<\/p>\n<p>K\u00e4nsliga personuppgifter som personsignum och kontonummer sparas endast s\u00e5 l\u00e4nge som de \u00e4r n\u00f6dv\u00e4ndiga f\u00f6r stipendieprocessen. Uppgifterna avl\u00e4gsnas senast 13 m\u00e5nader efter att stipendierapporten \u00e4r godk\u00e4nd, dock s\u00e5 att de lagstadgade reglerna f\u00f6r lagring av bokf\u00f6ringsmaterial uppfylls.<\/p>\n<h3><strong>9. R\u00e4ttigheter<\/strong><\/h3>\n<p>Personer som finns upptagna i registret har r\u00e4tt att beg\u00e4ra att f\u00e5 granska sina uppgifter. Detta \u00e4r avgiftsfritt h\u00f6gst en g\u00e5ng om \u00e5ret (12 m\u00e5nader).<\/p>\n<p>Beg\u00e4ran om granskning skall ske skriftligt med ett egenh\u00e4ndigt underskrivet brev eller genom personligt bes\u00f6k hos registerh\u00e5llaren. Beg\u00e4ran om granskning av uppgifter s\u00e4nds till Finska Vetenskaps-societeten till den adress som n\u00e4mns i punkt 1.<\/p>\n<h3><strong>10. Korrigering av uppgifter<\/strong><\/h3>\n<p>Personer som finns upptagna i medlemsregistret har r\u00e4tt att kr\u00e4va korrigering av felaktiga uppgifter. Beg\u00e4ran om korrigering g\u00f6rs skriftligt och v\u00e4l identifierat. Beg\u00e4ran s\u00e4nds till Finska Vetenskaps-societeten till den adress som n\u00e4mns i punkt 1.<\/p>\n<p>Personer som finns upptagna i registret har r\u00e4tt att inge klagom\u00e5l till \u00f6vervakningsmyndighet om hen anser att behandlingen av personuppgifterna strider mot dataskyddsbeskrivningen.<\/p>\n<p>[\/et_pb_text][\/et_pb_column][et_pb_column type=&#8221;1_5&#8243; _builder_version=&#8221;4.21.0&#8243; _module_preset=&#8221;default&#8221; global_colors_info=&#8221;{}&#8221;][\/et_pb_column][\/et_pb_row][\/et_pb_section]<\/p>\n","protected":false},"excerpt":{"rendered":"<p>Dataskyddsbeskrivning (stipendieregister)Personuppgiftslagen (523\/1999) 10 \u00a7 och 24 \u00a7EU:s dataskyddsf\u00f6rordning 2016\/679, fr.o.m. 25.5.2018 1. Den registeranvariges namn samt kontaktuppgifter Finska Vetenskaps-Societeten r.f.Norra Magasinsgatan 7 A 600130 HelsingforsTel. 09-633 005societas@scientiarum.fiFO-nummer: 0201172-3Kontaktperson: Ann-Christin Geust 2. Registrets namn Finska Vetenskaps-Societetens register f\u00f6r stipendieans\u00f6kningar och behandling av dessa. 3. \u00c4ndam\u00e5let med registret och behandlingen av personuppgifter Personuppgifter behandlas f\u00f6r att [&hellip;]<\/p>\n","protected":false},"author":2,"featured_media":0,"parent":0,"menu_order":0,"comment_status":"closed","ping_status":"closed","template":"","meta":{"_acf_changed":false,"_et_pb_use_builder":"on","_et_pb_old_content":"<!-- wp:divi\/placeholder \/-->","_et_gb_content_width":"","footnotes":""},"class_list":["post-1739","page","type-page","status-publish","hentry"],"acf":[],"yoast_head":"<!-- This site is optimized with the Yoast SEO plugin v27.3 - https:\/\/yoast.com\/product\/yoast-seo-wordpress\/ -->\n<title>Dataskyddsbeskrivning (pdf) - The Finnish Society of Sciences And Letters<\/title>\n<meta name=\"robots\" content=\"index, follow, max-snippet:-1, max-image-preview:large, max-video-preview:-1\" \/>\n<link rel=\"canonical\" href=\"https:\/\/scientiarum.fi\/dataskyddsbeskrivning-pdf\/\" \/>\n<meta property=\"og:locale\" content=\"en_US\" \/>\n<meta property=\"og:type\" content=\"article\" \/>\n<meta property=\"og:title\" content=\"Dataskyddsbeskrivning (pdf) - The Finnish Society of Sciences And Letters\" \/>\n<meta property=\"og:description\" content=\"Dataskyddsbeskrivning (stipendieregister)Personuppgiftslagen (523\/1999) 10 \u00a7 och 24 \u00a7EU:s dataskyddsf\u00f6rordning 2016\/679, fr.o.m. 25.5.2018 1. Den registeranvariges namn samt kontaktuppgifter Finska Vetenskaps-Societeten r.f.Norra Magasinsgatan 7 A 600130 HelsingforsTel. 09-633 005societas@scientiarum.fiFO-nummer: 0201172-3Kontaktperson: Ann-Christin Geust 2. Registrets namn Finska Vetenskaps-Societetens register f\u00f6r stipendieans\u00f6kningar och behandling av dessa. 3. \u00c4ndam\u00e5let med registret och behandlingen av personuppgifter Personuppgifter behandlas f\u00f6r att [&hellip;]\" \/>\n<meta property=\"og:url\" content=\"https:\/\/scientiarum.fi\/dataskyddsbeskrivning-pdf\/\" \/>\n<meta property=\"og:site_name\" content=\"The Finnish Society of Sciences And Letters\" \/>\n<meta property=\"article:publisher\" content=\"https:\/\/www.facebook.com\/societas.scientiarum\" \/>\n<meta property=\"article:modified_time\" content=\"2024-08-01T08:41:43+00:00\" \/>\n<meta name=\"twitter:card\" content=\"summary_large_image\" \/>\n<meta name=\"twitter:site\" content=\"@tiedeseura\" \/>\n<meta name=\"twitter:label1\" content=\"Est. reading time\" \/>\n\t<meta name=\"twitter:data1\" content=\"5 minutes\" \/>\n<script type=\"application\/ld+json\" class=\"yoast-schema-graph\">{\"@context\":\"https:\\\/\\\/schema.org\",\"@graph\":[{\"@type\":\"WebPage\",\"@id\":\"https:\\\/\\\/scientiarum.fi\\\/dataskyddsbeskrivning-pdf\\\/\",\"url\":\"https:\\\/\\\/scientiarum.fi\\\/dataskyddsbeskrivning-pdf\\\/\",\"name\":\"Dataskyddsbeskrivning (pdf) - The Finnish Society of Sciences And Letters\",\"isPartOf\":{\"@id\":\"https:\\\/\\\/scientiarum.fi\\\/#website\"},\"datePublished\":\"2023-07-05T10:44:29+00:00\",\"dateModified\":\"2024-08-01T08:41:43+00:00\",\"breadcrumb\":{\"@id\":\"https:\\\/\\\/scientiarum.fi\\\/dataskyddsbeskrivning-pdf\\\/#breadcrumb\"},\"inLanguage\":\"en-US\",\"potentialAction\":[{\"@type\":\"ReadAction\",\"target\":[\"https:\\\/\\\/scientiarum.fi\\\/dataskyddsbeskrivning-pdf\\\/\"]}]},{\"@type\":\"BreadcrumbList\",\"@id\":\"https:\\\/\\\/scientiarum.fi\\\/dataskyddsbeskrivning-pdf\\\/#breadcrumb\",\"itemListElement\":[{\"@type\":\"ListItem\",\"position\":1,\"name\":\"Home\",\"item\":\"https:\\\/\\\/scientiarum.fi\\\/\"},{\"@type\":\"ListItem\",\"position\":2,\"name\":\"Dataskyddsbeskrivning (pdf)\"}]},{\"@type\":\"WebSite\",\"@id\":\"https:\\\/\\\/scientiarum.fi\\\/#website\",\"url\":\"https:\\\/\\\/scientiarum.fi\\\/\",\"name\":\"Finska Vetenskaps-Societeten\",\"description\":\"\",\"publisher\":{\"@id\":\"https:\\\/\\\/scientiarum.fi\\\/#organization\"},\"potentialAction\":[{\"@type\":\"SearchAction\",\"target\":{\"@type\":\"EntryPoint\",\"urlTemplate\":\"https:\\\/\\\/scientiarum.fi\\\/?s={search_term_string}\"},\"query-input\":{\"@type\":\"PropertyValueSpecification\",\"valueRequired\":true,\"valueName\":\"search_term_string\"}}],\"inLanguage\":\"en-US\"},{\"@type\":\"Organization\",\"@id\":\"https:\\\/\\\/scientiarum.fi\\\/#organization\",\"name\":\"Finska Vetenskaps-Societeten\",\"url\":\"https:\\\/\\\/scientiarum.fi\\\/\",\"logo\":{\"@type\":\"ImageObject\",\"inLanguage\":\"en-US\",\"@id\":\"https:\\\/\\\/scientiarum.fi\\\/#\\\/schema\\\/logo\\\/image\\\/\",\"url\":\"\",\"contentUrl\":\"\",\"caption\":\"Finska Vetenskaps-Societeten\"},\"image\":{\"@id\":\"https:\\\/\\\/scientiarum.fi\\\/#\\\/schema\\\/logo\\\/image\\\/\"},\"sameAs\":[\"https:\\\/\\\/www.facebook.com\\\/societas.scientiarum\",\"https:\\\/\\\/x.com\\\/tiedeseura\",\"https:\\\/\\\/www.linkedin.com\\\/company\\\/finska-vetenskaps-societeten-the-finnish-society-of-sciences-and-letters\\\/\"]}]}<\/script>\n<!-- \/ Yoast SEO plugin. -->","yoast_head_json":{"title":"Dataskyddsbeskrivning (pdf) - The Finnish Society of Sciences And Letters","robots":{"index":"index","follow":"follow","max-snippet":"max-snippet:-1","max-image-preview":"max-image-preview:large","max-video-preview":"max-video-preview:-1"},"canonical":"https:\/\/scientiarum.fi\/dataskyddsbeskrivning-pdf\/","og_locale":"en_US","og_type":"article","og_title":"Dataskyddsbeskrivning (pdf) - The Finnish Society of Sciences And Letters","og_description":"Dataskyddsbeskrivning (stipendieregister)Personuppgiftslagen (523\/1999) 10 \u00a7 och 24 \u00a7EU:s dataskyddsf\u00f6rordning 2016\/679, fr.o.m. 25.5.2018 1. Den registeranvariges namn samt kontaktuppgifter Finska Vetenskaps-Societeten r.f.Norra Magasinsgatan 7 A 600130 HelsingforsTel. 09-633 005societas@scientiarum.fiFO-nummer: 0201172-3Kontaktperson: Ann-Christin Geust 2. Registrets namn Finska Vetenskaps-Societetens register f\u00f6r stipendieans\u00f6kningar och behandling av dessa. 3. \u00c4ndam\u00e5let med registret och behandlingen av personuppgifter Personuppgifter behandlas f\u00f6r att [&hellip;]","og_url":"https:\/\/scientiarum.fi\/dataskyddsbeskrivning-pdf\/","og_site_name":"The Finnish Society of Sciences And Letters","article_publisher":"https:\/\/www.facebook.com\/societas.scientiarum","article_modified_time":"2024-08-01T08:41:43+00:00","twitter_card":"summary_large_image","twitter_site":"@tiedeseura","twitter_misc":{"Est. reading time":"5 minutes"},"schema":{"@context":"https:\/\/schema.org","@graph":[{"@type":"WebPage","@id":"https:\/\/scientiarum.fi\/dataskyddsbeskrivning-pdf\/","url":"https:\/\/scientiarum.fi\/dataskyddsbeskrivning-pdf\/","name":"Dataskyddsbeskrivning (pdf) - The Finnish Society of Sciences And Letters","isPartOf":{"@id":"https:\/\/scientiarum.fi\/#website"},"datePublished":"2023-07-05T10:44:29+00:00","dateModified":"2024-08-01T08:41:43+00:00","breadcrumb":{"@id":"https:\/\/scientiarum.fi\/dataskyddsbeskrivning-pdf\/#breadcrumb"},"inLanguage":"en-US","potentialAction":[{"@type":"ReadAction","target":["https:\/\/scientiarum.fi\/dataskyddsbeskrivning-pdf\/"]}]},{"@type":"BreadcrumbList","@id":"https:\/\/scientiarum.fi\/dataskyddsbeskrivning-pdf\/#breadcrumb","itemListElement":[{"@type":"ListItem","position":1,"name":"Home","item":"https:\/\/scientiarum.fi\/"},{"@type":"ListItem","position":2,"name":"Dataskyddsbeskrivning (pdf)"}]},{"@type":"WebSite","@id":"https:\/\/scientiarum.fi\/#website","url":"https:\/\/scientiarum.fi\/","name":"Finska Vetenskaps-Societeten","description":"","publisher":{"@id":"https:\/\/scientiarum.fi\/#organization"},"potentialAction":[{"@type":"SearchAction","target":{"@type":"EntryPoint","urlTemplate":"https:\/\/scientiarum.fi\/?s={search_term_string}"},"query-input":{"@type":"PropertyValueSpecification","valueRequired":true,"valueName":"search_term_string"}}],"inLanguage":"en-US"},{"@type":"Organization","@id":"https:\/\/scientiarum.fi\/#organization","name":"Finska Vetenskaps-Societeten","url":"https:\/\/scientiarum.fi\/","logo":{"@type":"ImageObject","inLanguage":"en-US","@id":"https:\/\/scientiarum.fi\/#\/schema\/logo\/image\/","url":"","contentUrl":"","caption":"Finska Vetenskaps-Societeten"},"image":{"@id":"https:\/\/scientiarum.fi\/#\/schema\/logo\/image\/"},"sameAs":["https:\/\/www.facebook.com\/societas.scientiarum","https:\/\/x.com\/tiedeseura","https:\/\/www.linkedin.com\/company\/finska-vetenskaps-societeten-the-finnish-society-of-sciences-and-letters\/"]}]}},"_links":{"self":[{"href":"https:\/\/scientiarum.fi\/en\/wp-json\/wp\/v2\/pages\/1739","targetHints":{"allow":["GET"]}}],"collection":[{"href":"https:\/\/scientiarum.fi\/en\/wp-json\/wp\/v2\/pages"}],"about":[{"href":"https:\/\/scientiarum.fi\/en\/wp-json\/wp\/v2\/types\/page"}],"author":[{"embeddable":true,"href":"https:\/\/scientiarum.fi\/en\/wp-json\/wp\/v2\/users\/2"}],"replies":[{"embeddable":true,"href":"https:\/\/scientiarum.fi\/en\/wp-json\/wp\/v2\/comments?post=1739"}],"version-history":[{"count":11,"href":"https:\/\/scientiarum.fi\/en\/wp-json\/wp\/v2\/pages\/1739\/revisions"}],"predecessor-version":[{"id":5352,"href":"https:\/\/scientiarum.fi\/en\/wp-json\/wp\/v2\/pages\/1739\/revisions\/5352"}],"wp:attachment":[{"href":"https:\/\/scientiarum.fi\/en\/wp-json\/wp\/v2\/media?parent=1739"}],"curies":[{"name":"wp","href":"https:\/\/api.w.org\/{rel}","templated":true}]}}