{"id":1727,"date":"2023-07-05T10:23:13","date_gmt":"2023-07-05T10:23:13","guid":{"rendered":"https:\/\/scientiarum.fi\/?page_id=1727"},"modified":"2024-08-01T15:55:43","modified_gmt":"2024-08-01T12:55:43","slug":"stodforbindelsen-pdf","status":"publish","type":"page","link":"https:\/\/scientiarum.fi\/en\/stodforbindelsen-pdf\/","title":{"rendered":"St\u00f6df\u00f6rbindelsen (pdf)"},"content":{"rendered":"<p>[et_pb_section fb_built=&#8221;1&#8243; _builder_version=&#8221;4.21.0&#8243; _module_preset=&#8221;default&#8221; global_colors_info=&#8221;{}&#8221;][et_pb_row column_structure=&#8221;1_5,3_5,1_5&#8243; _builder_version=&#8221;4.21.0&#8243; _module_preset=&#8221;default&#8221; custom_margin=&#8221;0px||0px||false|false&#8221; custom_padding=&#8221;0px||0px||false|false&#8221; global_colors_info=&#8221;{}&#8221;][et_pb_column type=&#8221;1_5&#8243; _builder_version=&#8221;4.21.0&#8243; _module_preset=&#8221;default&#8221; global_colors_info=&#8221;{}&#8221;][\/et_pb_column][et_pb_column type=&#8221;3_5&#8243; _builder_version=&#8221;4.21.0&#8243; _module_preset=&#8221;default&#8221; global_colors_info=&#8221;{}&#8221;][et_pb_text _builder_version=&#8221;4.27.0&#8243; _module_preset=&#8221;14f5c20c-7281-4502-948b-4cb57bd565c5&#8243; header_3_font=&#8221;Source Sans Pro|600|||||||&#8221; header_3_font_size=&#8221;26px&#8221; hover_enabled=&#8221;0&#8243; header_font_size_last_edited=&#8221;on|desktop&#8221; header_3_font_size_tablet=&#8221;22px&#8221; header_3_font_size_phone=&#8221;18px&#8221; header_3_font_size_last_edited=&#8221;on|desktop&#8221; global_colors_info=&#8221;{}&#8221; sticky_enabled=&#8221;0&#8243; text_font_size_last_edited=&#8221;on|desktop&#8221;]<\/p>\n<h2 style=\"text-align: center;\">ST\u00d6DF\u00d6RBINDELSE<\/h2>\n<p>Undertecknad, som \u00e4r ledamot av Finska Vetenskaps-Societeten, intygar att jag tagit del av den stipendieans\u00f6kan med forskningsplan, som ____________________________________ avser att l\u00e4mna in till Societeten.<\/p>\n<p>Jag finner ans\u00f6kan v\u00e4rd att underst\u00f6das och \u00e5tar mig f\u00f6r det fall att ans\u00f6kan f\u00e5r bifall att fortg\u00e5ende f\u00f6lja projektets genomf\u00f6rande och att medverka vid projektredovisningen i enlighet med Societetens riktlinjer f\u00f6r stipendier.<\/p>\n<p>Datum: __________________________________<\/p>\n<p>Underskrift: __________________________________<\/p>\n<p>Namnf\u00f6rtydligande: __________________________________<\/p>\n<p>[\/et_pb_text][\/et_pb_column][et_pb_column type=&#8221;1_5&#8243; _builder_version=&#8221;4.21.0&#8243; _module_preset=&#8221;default&#8221; global_colors_info=&#8221;{}&#8221;][\/et_pb_column][\/et_pb_row][\/et_pb_section]<\/p>\n","protected":false},"excerpt":{"rendered":"<p>ST\u00d6DF\u00d6RBINDELSE Undertecknad, som \u00e4r ledamot av Finska Vetenskaps-Societeten, intygar att jag tagit del av den stipendieans\u00f6kan med forskningsplan, som ____________________________________ avser att l\u00e4mna in till Societeten. Jag finner ans\u00f6kan v\u00e4rd att underst\u00f6das och \u00e5tar mig f\u00f6r det fall att ans\u00f6kan f\u00e5r bifall att fortg\u00e5ende f\u00f6lja projektets genomf\u00f6rande och att medverka vid projektredovisningen i enlighet med [&hellip;]<\/p>\n","protected":false},"author":2,"featured_media":0,"parent":0,"menu_order":0,"comment_status":"closed","ping_status":"closed","template":"","meta":{"_acf_changed":false,"_et_pb_use_builder":"on","_et_pb_old_content":"<!-- wp:divi\/placeholder \/-->","_et_gb_content_width":"","footnotes":""},"class_list":["post-1727","page","type-page","status-publish","hentry"],"acf":[],"yoast_head":"<!-- This site is optimized with the Yoast SEO plugin v27.3 - https:\/\/yoast.com\/product\/yoast-seo-wordpress\/ -->\n<title>St\u00f6df\u00f6rbindelsen (pdf) - The Finnish Society of Sciences And Letters<\/title>\n<meta name=\"robots\" content=\"index, follow, max-snippet:-1, max-image-preview:large, max-video-preview:-1\" \/>\n<link rel=\"canonical\" href=\"https:\/\/scientiarum.fi\/stodforbindelsen-pdf\/\" \/>\n<meta property=\"og:locale\" content=\"en_US\" \/>\n<meta property=\"og:type\" content=\"article\" \/>\n<meta property=\"og:title\" content=\"St\u00f6df\u00f6rbindelsen (pdf) - The Finnish Society of Sciences And Letters\" \/>\n<meta property=\"og:description\" content=\"ST\u00d6DF\u00d6RBINDELSE Undertecknad, som \u00e4r ledamot av Finska Vetenskaps-Societeten, intygar att jag tagit del av den stipendieans\u00f6kan med forskningsplan, som ____________________________________ avser att l\u00e4mna in till Societeten. Jag finner ans\u00f6kan v\u00e4rd att underst\u00f6das och \u00e5tar mig f\u00f6r det fall att ans\u00f6kan f\u00e5r bifall att fortg\u00e5ende f\u00f6lja projektets genomf\u00f6rande och att medverka vid projektredovisningen i enlighet med [&hellip;]\" \/>\n<meta property=\"og:url\" content=\"https:\/\/scientiarum.fi\/stodforbindelsen-pdf\/\" \/>\n<meta property=\"og:site_name\" content=\"The Finnish Society of Sciences And Letters\" \/>\n<meta property=\"article:publisher\" content=\"https:\/\/www.facebook.com\/societas.scientiarum\" \/>\n<meta property=\"article:modified_time\" content=\"2024-08-01T12:55:43+00:00\" \/>\n<meta name=\"twitter:card\" content=\"summary_large_image\" \/>\n<meta name=\"twitter:site\" content=\"@tiedeseura\" \/>\n<meta name=\"twitter:label1\" content=\"Est. reading time\" \/>\n\t<meta name=\"twitter:data1\" content=\"1 minute\" \/>\n<script type=\"application\/ld+json\" class=\"yoast-schema-graph\">{\"@context\":\"https:\\\/\\\/schema.org\",\"@graph\":[{\"@type\":\"WebPage\",\"@id\":\"https:\\\/\\\/scientiarum.fi\\\/stodforbindelsen-pdf\\\/\",\"url\":\"https:\\\/\\\/scientiarum.fi\\\/stodforbindelsen-pdf\\\/\",\"name\":\"St\u00f6df\u00f6rbindelsen (pdf) - The Finnish Society of Sciences And Letters\",\"isPartOf\":{\"@id\":\"https:\\\/\\\/scientiarum.fi\\\/#website\"},\"datePublished\":\"2023-07-05T10:23:13+00:00\",\"dateModified\":\"2024-08-01T12:55:43+00:00\",\"breadcrumb\":{\"@id\":\"https:\\\/\\\/scientiarum.fi\\\/stodforbindelsen-pdf\\\/#breadcrumb\"},\"inLanguage\":\"en-US\",\"potentialAction\":[{\"@type\":\"ReadAction\",\"target\":[\"https:\\\/\\\/scientiarum.fi\\\/stodforbindelsen-pdf\\\/\"]}]},{\"@type\":\"BreadcrumbList\",\"@id\":\"https:\\\/\\\/scientiarum.fi\\\/stodforbindelsen-pdf\\\/#breadcrumb\",\"itemListElement\":[{\"@type\":\"ListItem\",\"position\":1,\"name\":\"Home\",\"item\":\"https:\\\/\\\/scientiarum.fi\\\/\"},{\"@type\":\"ListItem\",\"position\":2,\"name\":\"St\u00f6df\u00f6rbindelsen (pdf)\"}]},{\"@type\":\"WebSite\",\"@id\":\"https:\\\/\\\/scientiarum.fi\\\/#website\",\"url\":\"https:\\\/\\\/scientiarum.fi\\\/\",\"name\":\"Finska Vetenskaps-Societeten\",\"description\":\"\",\"publisher\":{\"@id\":\"https:\\\/\\\/scientiarum.fi\\\/#organization\"},\"potentialAction\":[{\"@type\":\"SearchAction\",\"target\":{\"@type\":\"EntryPoint\",\"urlTemplate\":\"https:\\\/\\\/scientiarum.fi\\\/?s={search_term_string}\"},\"query-input\":{\"@type\":\"PropertyValueSpecification\",\"valueRequired\":true,\"valueName\":\"search_term_string\"}}],\"inLanguage\":\"en-US\"},{\"@type\":\"Organization\",\"@id\":\"https:\\\/\\\/scientiarum.fi\\\/#organization\",\"name\":\"Finska Vetenskaps-Societeten\",\"url\":\"https:\\\/\\\/scientiarum.fi\\\/\",\"logo\":{\"@type\":\"ImageObject\",\"inLanguage\":\"en-US\",\"@id\":\"https:\\\/\\\/scientiarum.fi\\\/#\\\/schema\\\/logo\\\/image\\\/\",\"url\":\"\",\"contentUrl\":\"\",\"caption\":\"Finska Vetenskaps-Societeten\"},\"image\":{\"@id\":\"https:\\\/\\\/scientiarum.fi\\\/#\\\/schema\\\/logo\\\/image\\\/\"},\"sameAs\":[\"https:\\\/\\\/www.facebook.com\\\/societas.scientiarum\",\"https:\\\/\\\/x.com\\\/tiedeseura\",\"https:\\\/\\\/www.linkedin.com\\\/company\\\/finska-vetenskaps-societeten-the-finnish-society-of-sciences-and-letters\\\/\"]}]}<\/script>\n<!-- \/ Yoast SEO plugin. -->","yoast_head_json":{"title":"St\u00f6df\u00f6rbindelsen (pdf) - The Finnish Society of Sciences And Letters","robots":{"index":"index","follow":"follow","max-snippet":"max-snippet:-1","max-image-preview":"max-image-preview:large","max-video-preview":"max-video-preview:-1"},"canonical":"https:\/\/scientiarum.fi\/stodforbindelsen-pdf\/","og_locale":"en_US","og_type":"article","og_title":"St\u00f6df\u00f6rbindelsen (pdf) - The Finnish Society of Sciences And Letters","og_description":"ST\u00d6DF\u00d6RBINDELSE Undertecknad, som \u00e4r ledamot av Finska Vetenskaps-Societeten, intygar att jag tagit del av den stipendieans\u00f6kan med forskningsplan, som ____________________________________ avser att l\u00e4mna in till Societeten. Jag finner ans\u00f6kan v\u00e4rd att underst\u00f6das och \u00e5tar mig f\u00f6r det fall att ans\u00f6kan f\u00e5r bifall att fortg\u00e5ende f\u00f6lja projektets genomf\u00f6rande och att medverka vid projektredovisningen i enlighet med [&hellip;]","og_url":"https:\/\/scientiarum.fi\/stodforbindelsen-pdf\/","og_site_name":"The Finnish Society of Sciences And Letters","article_publisher":"https:\/\/www.facebook.com\/societas.scientiarum","article_modified_time":"2024-08-01T12:55:43+00:00","twitter_card":"summary_large_image","twitter_site":"@tiedeseura","twitter_misc":{"Est. reading time":"1 minute"},"schema":{"@context":"https:\/\/schema.org","@graph":[{"@type":"WebPage","@id":"https:\/\/scientiarum.fi\/stodforbindelsen-pdf\/","url":"https:\/\/scientiarum.fi\/stodforbindelsen-pdf\/","name":"St\u00f6df\u00f6rbindelsen (pdf) - The Finnish Society of Sciences And Letters","isPartOf":{"@id":"https:\/\/scientiarum.fi\/#website"},"datePublished":"2023-07-05T10:23:13+00:00","dateModified":"2024-08-01T12:55:43+00:00","breadcrumb":{"@id":"https:\/\/scientiarum.fi\/stodforbindelsen-pdf\/#breadcrumb"},"inLanguage":"en-US","potentialAction":[{"@type":"ReadAction","target":["https:\/\/scientiarum.fi\/stodforbindelsen-pdf\/"]}]},{"@type":"BreadcrumbList","@id":"https:\/\/scientiarum.fi\/stodforbindelsen-pdf\/#breadcrumb","itemListElement":[{"@type":"ListItem","position":1,"name":"Home","item":"https:\/\/scientiarum.fi\/"},{"@type":"ListItem","position":2,"name":"St\u00f6df\u00f6rbindelsen (pdf)"}]},{"@type":"WebSite","@id":"https:\/\/scientiarum.fi\/#website","url":"https:\/\/scientiarum.fi\/","name":"Finska Vetenskaps-Societeten","description":"","publisher":{"@id":"https:\/\/scientiarum.fi\/#organization"},"potentialAction":[{"@type":"SearchAction","target":{"@type":"EntryPoint","urlTemplate":"https:\/\/scientiarum.fi\/?s={search_term_string}"},"query-input":{"@type":"PropertyValueSpecification","valueRequired":true,"valueName":"search_term_string"}}],"inLanguage":"en-US"},{"@type":"Organization","@id":"https:\/\/scientiarum.fi\/#organization","name":"Finska Vetenskaps-Societeten","url":"https:\/\/scientiarum.fi\/","logo":{"@type":"ImageObject","inLanguage":"en-US","@id":"https:\/\/scientiarum.fi\/#\/schema\/logo\/image\/","url":"","contentUrl":"","caption":"Finska Vetenskaps-Societeten"},"image":{"@id":"https:\/\/scientiarum.fi\/#\/schema\/logo\/image\/"},"sameAs":["https:\/\/www.facebook.com\/societas.scientiarum","https:\/\/x.com\/tiedeseura","https:\/\/www.linkedin.com\/company\/finska-vetenskaps-societeten-the-finnish-society-of-sciences-and-letters\/"]}]}},"_links":{"self":[{"href":"https:\/\/scientiarum.fi\/en\/wp-json\/wp\/v2\/pages\/1727","targetHints":{"allow":["GET"]}}],"collection":[{"href":"https:\/\/scientiarum.fi\/en\/wp-json\/wp\/v2\/pages"}],"about":[{"href":"https:\/\/scientiarum.fi\/en\/wp-json\/wp\/v2\/types\/page"}],"author":[{"embeddable":true,"href":"https:\/\/scientiarum.fi\/en\/wp-json\/wp\/v2\/users\/2"}],"replies":[{"embeddable":true,"href":"https:\/\/scientiarum.fi\/en\/wp-json\/wp\/v2\/comments?post=1727"}],"version-history":[{"count":5,"href":"https:\/\/scientiarum.fi\/en\/wp-json\/wp\/v2\/pages\/1727\/revisions"}],"predecessor-version":[{"id":5463,"href":"https:\/\/scientiarum.fi\/en\/wp-json\/wp\/v2\/pages\/1727\/revisions\/5463"}],"wp:attachment":[{"href":"https:\/\/scientiarum.fi\/en\/wp-json\/wp\/v2\/media?parent=1727"}],"curies":[{"name":"wp","href":"https:\/\/api.w.org\/{rel}","templated":true}]}}