{"id":1464,"date":"2023-06-28T14:37:39","date_gmt":"2023-06-28T14:37:39","guid":{"rendered":"https:\/\/scientiarum.fi\/?page_id=1464"},"modified":"2024-08-01T12:30:35","modified_gmt":"2024-08-01T09:30:35","slug":"nya-ledamoter-2020-pdf","status":"publish","type":"page","link":"https:\/\/scientiarum.fi\/en\/nya-ledamoter-2020-pdf\/","title":{"rendered":"Nya ledam\u00f6ter 2020 (pdf)"},"content":{"rendered":"<p>[et_pb_section fb_built=&#8221;1&#8243; _builder_version=&#8221;4.21.0&#8243; _module_preset=&#8221;default&#8221; global_colors_info=&#8221;{}&#8221;][et_pb_row column_structure=&#8221;1_5,3_5,1_5&#8243; _builder_version=&#8221;4.21.0&#8243; _module_preset=&#8221;default&#8221; custom_margin=&#8221;0px||0px||false|false&#8221; custom_padding=&#8221;0px||0px||false|false&#8221; global_colors_info=&#8221;{}&#8221;][et_pb_column type=&#8221;1_5&#8243; _builder_version=&#8221;4.21.0&#8243; _module_preset=&#8221;default&#8221; global_colors_info=&#8221;{}&#8221;][\/et_pb_column][et_pb_column type=&#8221;3_5&#8243; _builder_version=&#8221;4.21.0&#8243; _module_preset=&#8221;default&#8221; global_colors_info=&#8221;{}&#8221;][et_pb_text _builder_version=&#8221;4.27.0&#8243; _module_preset=&#8221;1066e538-6dc4-4235-b758-839109ca2272&#8243; header_3_font=&#8221;Source Serif Pro||||||||&#8221; hover_enabled=&#8221;0&#8243; global_colors_info=&#8221;{}&#8221; sticky_enabled=&#8221;0&#8243; text_font_size_last_edited=&#8221;on|desktop&#8221;]<\/p>\n<h2>Pressmeddelande 22.12.2020<\/h2>\n<p>Finska Vetenskaps-Societeten kallade p\u00e5 sitt m\u00f6te 21.12.2020 f\u00f6ljande personer till ledam\u00f6ter: professor Eeva Furman (Finlands milj\u00f6central), professor Matti Lassas (Helsingfors universitet), professor Karl-Erik Michelsen (LUT-universitet), professor Vesa Olkkonen (Helsingfors universitet), professor Sami Pihlstr\u00f6m (Helsingfors universitet), universitetslektor Martina Reuter (Jyv\u00e4skyl\u00e4 universitet) och forskningsprofessor Johanna Tamminen (Meteorologiska institutet).<\/p>\n<p>Till utl\u00e4ndska ledam\u00f6ter kallades professor Ville Kaila (Stockholms universitet), professor Tomas Roslin (Sveriges lantbruksuniversitet), professor Susanna Lindberg (Leidens universitet) och professor Gunhild Vid\u00e9n (G\u00f6teborgs universitet).<\/p>\n<h2>Lehdist\u00f6tiedote 22.12.2020<\/h2>\n<p>Suomen Tiedeseura kutsui kokouksessaan 21.12.2020 seuraavat henkil\u00f6t j\u00e4senikseen: professori Eeva Furman (Suomen ymp\u00e4rist\u00f6keskus), professori Matti Lassas (Helsingin yliopisto), professori Karl-Erik Michelsen (LUT-yliopisto), professori Vesa Olkkonen (Helsingin yliopisto), professori Sami Pihlstr\u00f6m (Helsingin yliopisto), yliopistonlehtori Martina Reuter (Jyv\u00e4skyl\u00e4n yliopisto) ja tutkimisprofessori Johanna Tamminen (Ilmatieteen laitos).<\/p>\n<p>Ulkomaisiksi j\u00e4seniksi kutsuttiin professori Ville Kaila (Tukholman yliopisto), professori Tomas Roslin (Ruotsin maataloustieteellinen yliopisto), professori Susanna Lindberg (Leidenin yliopisto) ja professori Gunhild Vid\u00e9n (G\u00f6teborgin yliopisto).<\/p>\n<h2>Press Release 22.12.2020<\/h2>\n<p>The following scientists have been elected as members of The Finnish Society of Sciences and Letters on December 21, 2020: Professor Eeva Furman (Finnish Environment Institute), Professor Matti Lassas (University of Helsinki), Professor Karl-Erik Michelsen (LUT-University), Professor Vesa Olkkonen (University of Helsinki), Professor Sami Pihlstr\u00f6m (University of Helsinki), University Lecturer Martina Reuter (University of Jyv\u00e4skyl\u00e4) and Research Professor Johanna Tamminen (Finnish Meteorological Institute).<\/p>\n<p>The following scientists were elected as foreign members: Professor Ville Kaila (Stockholm University), Professor Tomas Roslin (Swedish University of Agricultural Sciences), Professor Susanna Lindberg (University of Leiden) and Professor Gunhild Vid\u00e9n (University of Gothenburg).<\/p>\n<p>[\/et_pb_text][\/et_pb_column][et_pb_column type=&#8221;1_5&#8243; _builder_version=&#8221;4.21.0&#8243; _module_preset=&#8221;default&#8221; global_colors_info=&#8221;{}&#8221;][\/et_pb_column][\/et_pb_row][\/et_pb_section]<\/p>\n","protected":false},"excerpt":{"rendered":"<p>Pressmeddelande 22.12.2020 Finska Vetenskaps-Societeten kallade p\u00e5 sitt m\u00f6te 21.12.2020 f\u00f6ljande personer till ledam\u00f6ter: professor Eeva Furman (Finlands milj\u00f6central), professor Matti Lassas (Helsingfors universitet), professor Karl-Erik Michelsen (LUT-universitet), professor Vesa Olkkonen (Helsingfors universitet), professor Sami Pihlstr\u00f6m (Helsingfors universitet), universitetslektor Martina Reuter (Jyv\u00e4skyl\u00e4 universitet) och forskningsprofessor Johanna Tamminen (Meteorologiska institutet). Till utl\u00e4ndska ledam\u00f6ter kallades professor Ville Kaila [&hellip;]<\/p>\n","protected":false},"author":2,"featured_media":0,"parent":0,"menu_order":0,"comment_status":"closed","ping_status":"closed","template":"","meta":{"_acf_changed":false,"_et_pb_use_builder":"on","_et_pb_old_content":"<!-- wp:divi\/placeholder \/-->","_et_gb_content_width":"","footnotes":""},"class_list":["post-1464","page","type-page","status-publish","hentry"],"acf":[],"yoast_head":"<!-- This site is optimized with the Yoast SEO plugin v27.3 - https:\/\/yoast.com\/product\/yoast-seo-wordpress\/ -->\n<title>Nya ledam\u00f6ter 2020 (pdf) - The Finnish Society of Sciences And Letters<\/title>\n<meta name=\"robots\" content=\"index, follow, max-snippet:-1, max-image-preview:large, max-video-preview:-1\" \/>\n<link rel=\"canonical\" href=\"https:\/\/scientiarum.fi\/en\/nya-ledamoter-2020-pdf\/\" \/>\n<meta property=\"og:locale\" content=\"en_US\" \/>\n<meta property=\"og:type\" content=\"article\" \/>\n<meta property=\"og:title\" content=\"Nya ledam\u00f6ter 2020 (pdf) - The Finnish Society of Sciences And Letters\" \/>\n<meta property=\"og:description\" content=\"Pressmeddelande 22.12.2020 Finska Vetenskaps-Societeten kallade p\u00e5 sitt m\u00f6te 21.12.2020 f\u00f6ljande personer till ledam\u00f6ter: professor Eeva Furman (Finlands milj\u00f6central), professor Matti Lassas (Helsingfors universitet), professor Karl-Erik Michelsen (LUT-universitet), professor Vesa Olkkonen (Helsingfors universitet), professor Sami Pihlstr\u00f6m (Helsingfors universitet), universitetslektor Martina Reuter (Jyv\u00e4skyl\u00e4 universitet) och forskningsprofessor Johanna Tamminen (Meteorologiska institutet). Till utl\u00e4ndska ledam\u00f6ter kallades professor Ville Kaila [&hellip;]\" \/>\n<meta property=\"og:url\" content=\"https:\/\/scientiarum.fi\/en\/nya-ledamoter-2020-pdf\/\" \/>\n<meta property=\"og:site_name\" content=\"The Finnish Society of Sciences And Letters\" \/>\n<meta property=\"article:publisher\" content=\"https:\/\/www.facebook.com\/societas.scientiarum\" \/>\n<meta property=\"article:modified_time\" content=\"2024-08-01T09:30:35+00:00\" \/>\n<meta name=\"twitter:card\" content=\"summary_large_image\" \/>\n<meta name=\"twitter:site\" content=\"@tiedeseura\" \/>\n<meta name=\"twitter:label1\" content=\"Est. reading time\" \/>\n\t<meta name=\"twitter:data1\" content=\"2 minutes\" \/>\n<script type=\"application\/ld+json\" class=\"yoast-schema-graph\">{\"@context\":\"https:\\\/\\\/schema.org\",\"@graph\":[{\"@type\":\"WebPage\",\"@id\":\"https:\\\/\\\/scientiarum.fi\\\/en\\\/nya-ledamoter-2020-pdf\\\/\",\"url\":\"https:\\\/\\\/scientiarum.fi\\\/en\\\/nya-ledamoter-2020-pdf\\\/\",\"name\":\"Nya ledam\u00f6ter 2020 (pdf) - The Finnish Society of Sciences And Letters\",\"isPartOf\":{\"@id\":\"https:\\\/\\\/scientiarum.fi\\\/#website\"},\"datePublished\":\"2023-06-28T14:37:39+00:00\",\"dateModified\":\"2024-08-01T09:30:35+00:00\",\"breadcrumb\":{\"@id\":\"https:\\\/\\\/scientiarum.fi\\\/en\\\/nya-ledamoter-2020-pdf\\\/#breadcrumb\"},\"inLanguage\":\"en-US\",\"potentialAction\":[{\"@type\":\"ReadAction\",\"target\":[\"https:\\\/\\\/scientiarum.fi\\\/en\\\/nya-ledamoter-2020-pdf\\\/\"]}]},{\"@type\":\"BreadcrumbList\",\"@id\":\"https:\\\/\\\/scientiarum.fi\\\/en\\\/nya-ledamoter-2020-pdf\\\/#breadcrumb\",\"itemListElement\":[{\"@type\":\"ListItem\",\"position\":1,\"name\":\"Home\",\"item\":\"https:\\\/\\\/scientiarum.fi\\\/\"},{\"@type\":\"ListItem\",\"position\":2,\"name\":\"Nya ledam\u00f6ter 2020 (pdf)\"}]},{\"@type\":\"WebSite\",\"@id\":\"https:\\\/\\\/scientiarum.fi\\\/#website\",\"url\":\"https:\\\/\\\/scientiarum.fi\\\/\",\"name\":\"Finska Vetenskaps-Societeten\",\"description\":\"\",\"publisher\":{\"@id\":\"https:\\\/\\\/scientiarum.fi\\\/#organization\"},\"potentialAction\":[{\"@type\":\"SearchAction\",\"target\":{\"@type\":\"EntryPoint\",\"urlTemplate\":\"https:\\\/\\\/scientiarum.fi\\\/?s={search_term_string}\"},\"query-input\":{\"@type\":\"PropertyValueSpecification\",\"valueRequired\":true,\"valueName\":\"search_term_string\"}}],\"inLanguage\":\"en-US\"},{\"@type\":\"Organization\",\"@id\":\"https:\\\/\\\/scientiarum.fi\\\/#organization\",\"name\":\"Finska Vetenskaps-Societeten\",\"url\":\"https:\\\/\\\/scientiarum.fi\\\/\",\"logo\":{\"@type\":\"ImageObject\",\"inLanguage\":\"en-US\",\"@id\":\"https:\\\/\\\/scientiarum.fi\\\/#\\\/schema\\\/logo\\\/image\\\/\",\"url\":\"\",\"contentUrl\":\"\",\"caption\":\"Finska Vetenskaps-Societeten\"},\"image\":{\"@id\":\"https:\\\/\\\/scientiarum.fi\\\/#\\\/schema\\\/logo\\\/image\\\/\"},\"sameAs\":[\"https:\\\/\\\/www.facebook.com\\\/societas.scientiarum\",\"https:\\\/\\\/x.com\\\/tiedeseura\",\"https:\\\/\\\/www.linkedin.com\\\/company\\\/finska-vetenskaps-societeten-the-finnish-society-of-sciences-and-letters\\\/\"]}]}<\/script>\n<!-- \/ Yoast SEO plugin. -->","yoast_head_json":{"title":"Nya ledam\u00f6ter 2020 (pdf) - The Finnish Society of Sciences And Letters","robots":{"index":"index","follow":"follow","max-snippet":"max-snippet:-1","max-image-preview":"max-image-preview:large","max-video-preview":"max-video-preview:-1"},"canonical":"https:\/\/scientiarum.fi\/en\/nya-ledamoter-2020-pdf\/","og_locale":"en_US","og_type":"article","og_title":"Nya ledam\u00f6ter 2020 (pdf) - The Finnish Society of Sciences And Letters","og_description":"Pressmeddelande 22.12.2020 Finska Vetenskaps-Societeten kallade p\u00e5 sitt m\u00f6te 21.12.2020 f\u00f6ljande personer till ledam\u00f6ter: professor Eeva Furman (Finlands milj\u00f6central), professor Matti Lassas (Helsingfors universitet), professor Karl-Erik Michelsen (LUT-universitet), professor Vesa Olkkonen (Helsingfors universitet), professor Sami Pihlstr\u00f6m (Helsingfors universitet), universitetslektor Martina Reuter (Jyv\u00e4skyl\u00e4 universitet) och forskningsprofessor Johanna Tamminen (Meteorologiska institutet). Till utl\u00e4ndska ledam\u00f6ter kallades professor Ville Kaila [&hellip;]","og_url":"https:\/\/scientiarum.fi\/en\/nya-ledamoter-2020-pdf\/","og_site_name":"The Finnish Society of Sciences And Letters","article_publisher":"https:\/\/www.facebook.com\/societas.scientiarum","article_modified_time":"2024-08-01T09:30:35+00:00","twitter_card":"summary_large_image","twitter_site":"@tiedeseura","twitter_misc":{"Est. reading time":"2 minutes"},"schema":{"@context":"https:\/\/schema.org","@graph":[{"@type":"WebPage","@id":"https:\/\/scientiarum.fi\/en\/nya-ledamoter-2020-pdf\/","url":"https:\/\/scientiarum.fi\/en\/nya-ledamoter-2020-pdf\/","name":"Nya ledam\u00f6ter 2020 (pdf) - The Finnish Society of Sciences And Letters","isPartOf":{"@id":"https:\/\/scientiarum.fi\/#website"},"datePublished":"2023-06-28T14:37:39+00:00","dateModified":"2024-08-01T09:30:35+00:00","breadcrumb":{"@id":"https:\/\/scientiarum.fi\/en\/nya-ledamoter-2020-pdf\/#breadcrumb"},"inLanguage":"en-US","potentialAction":[{"@type":"ReadAction","target":["https:\/\/scientiarum.fi\/en\/nya-ledamoter-2020-pdf\/"]}]},{"@type":"BreadcrumbList","@id":"https:\/\/scientiarum.fi\/en\/nya-ledamoter-2020-pdf\/#breadcrumb","itemListElement":[{"@type":"ListItem","position":1,"name":"Home","item":"https:\/\/scientiarum.fi\/"},{"@type":"ListItem","position":2,"name":"Nya ledam\u00f6ter 2020 (pdf)"}]},{"@type":"WebSite","@id":"https:\/\/scientiarum.fi\/#website","url":"https:\/\/scientiarum.fi\/","name":"Finska Vetenskaps-Societeten","description":"","publisher":{"@id":"https:\/\/scientiarum.fi\/#organization"},"potentialAction":[{"@type":"SearchAction","target":{"@type":"EntryPoint","urlTemplate":"https:\/\/scientiarum.fi\/?s={search_term_string}"},"query-input":{"@type":"PropertyValueSpecification","valueRequired":true,"valueName":"search_term_string"}}],"inLanguage":"en-US"},{"@type":"Organization","@id":"https:\/\/scientiarum.fi\/#organization","name":"Finska Vetenskaps-Societeten","url":"https:\/\/scientiarum.fi\/","logo":{"@type":"ImageObject","inLanguage":"en-US","@id":"https:\/\/scientiarum.fi\/#\/schema\/logo\/image\/","url":"","contentUrl":"","caption":"Finska Vetenskaps-Societeten"},"image":{"@id":"https:\/\/scientiarum.fi\/#\/schema\/logo\/image\/"},"sameAs":["https:\/\/www.facebook.com\/societas.scientiarum","https:\/\/x.com\/tiedeseura","https:\/\/www.linkedin.com\/company\/finska-vetenskaps-societeten-the-finnish-society-of-sciences-and-letters\/"]}]}},"_links":{"self":[{"href":"https:\/\/scientiarum.fi\/en\/wp-json\/wp\/v2\/pages\/1464","targetHints":{"allow":["GET"]}}],"collection":[{"href":"https:\/\/scientiarum.fi\/en\/wp-json\/wp\/v2\/pages"}],"about":[{"href":"https:\/\/scientiarum.fi\/en\/wp-json\/wp\/v2\/types\/page"}],"author":[{"embeddable":true,"href":"https:\/\/scientiarum.fi\/en\/wp-json\/wp\/v2\/users\/2"}],"replies":[{"embeddable":true,"href":"https:\/\/scientiarum.fi\/en\/wp-json\/wp\/v2\/comments?post=1464"}],"version-history":[{"count":6,"href":"https:\/\/scientiarum.fi\/en\/wp-json\/wp\/v2\/pages\/1464\/revisions"}],"predecessor-version":[{"id":5373,"href":"https:\/\/scientiarum.fi\/en\/wp-json\/wp\/v2\/pages\/1464\/revisions\/5373"}],"wp:attachment":[{"href":"https:\/\/scientiarum.fi\/en\/wp-json\/wp\/v2\/media?parent=1464"}],"curies":[{"name":"wp","href":"https:\/\/api.w.org\/{rel}","templated":true}]}}