{"id":1444,"date":"2023-06-28T13:37:17","date_gmt":"2023-06-28T13:37:17","guid":{"rendered":"https:\/\/scientiarum.fi\/?page_id=1444"},"modified":"2024-08-01T12:37:05","modified_gmt":"2024-08-01T09:37:05","slug":"nya-ledamoter-2022-pdf","status":"publish","type":"page","link":"https:\/\/scientiarum.fi\/en\/nya-ledamoter-2022-pdf\/","title":{"rendered":"Nya ledam\u00f6ter 2022 (pdf)"},"content":{"rendered":"<p>[et_pb_section fb_built=&#8221;1&#8243; _builder_version=&#8221;4.21.0&#8243; _module_preset=&#8221;default&#8221; global_colors_info=&#8221;{}&#8221;][et_pb_row column_structure=&#8221;1_5,3_5,1_5&#8243; _builder_version=&#8221;4.21.0&#8243; _module_preset=&#8221;default&#8221; custom_margin=&#8221;0px||0px||false|false&#8221; custom_padding=&#8221;0px||0px||false|false&#8221; global_colors_info=&#8221;{}&#8221;][et_pb_column type=&#8221;1_5&#8243; _builder_version=&#8221;4.21.0&#8243; _module_preset=&#8221;default&#8221; global_colors_info=&#8221;{}&#8221;][\/et_pb_column][et_pb_column type=&#8221;3_5&#8243; _builder_version=&#8221;4.21.0&#8243; _module_preset=&#8221;default&#8221; global_colors_info=&#8221;{}&#8221;][et_pb_text _builder_version=&#8221;4.27.0&#8243; _module_preset=&#8221;31e4f8ce-d788-40e5-acff-8104c0e10745&#8243; header_3_font=&#8221;Source Sans Pro|600|||||||&#8221; header_3_font_size=&#8221;26px&#8221; hover_enabled=&#8221;0&#8243; header_3_font_size_tablet=&#8221;22px&#8221; header_3_font_size_phone=&#8221;18px&#8221; header_3_font_size_last_edited=&#8221;on|desktop&#8221; global_colors_info=&#8221;{}&#8221; sticky_enabled=&#8221;0&#8243; text_font_size_last_edited=&#8221;on|desktop&#8221; header_font_size_last_edited=&#8221;on|desktop&#8221;]<\/p>\n<h2>Pressmeddelande 22.12.2022<\/h2>\n<p>Finska Vetenskaps-Societeten kallade p\u00e5 sitt m\u00f6te 19.12.2022 f\u00f6ljande personer till ledam\u00f6ter: professor Theo Kurt\u00e9n (Helsingfors universitet), professor Antti M\u00e4kitie (Helsingfors universitet), professor Craig Primmer (Helsingfors universitet) samt professor Kari Rummukainen (Helsingfors universitet).<\/p>\n<p>Till utl\u00e4ndska ledam\u00f6ter kallades professor Timo Koski (Kungliga Tekniska h\u00f6gskolan) samt professor Jyri-Pekka Mikkola (Ume\u00e5 universitet).<\/p>\n<h2>Lehdist\u00f6tiedote 22.12.2022<\/h2>\n<p>Suomen Tiedeseura kutsui kokouksessaan 19.12.2022 seuraavat henkil\u00f6t j\u00e4senikseen: professori Theo Kurt\u00e9n (Helsingin yliopisto), professori Antti M\u00e4kitie (Helsingin yliopisto), professori Craig Primmer (Helsingin yliopisto) sek\u00e4 professori Kari Rummukainen (Helsingin yliopisto).<\/p>\n<p>Ulkomaisiksi j\u00e4seniksi kutsuttiin professori Timo Koski (KTH Kuninkaallinen teknillinen korkeakoulu) sek\u00e4 professori Jyri-Pekka Mikkola (Uumajan yliopisto).<\/p>\n<h2>Press Release 22.12.2022<\/h2>\n<p>The following scientists have been elected as members of The Finnish Society of Sciences and Letters on December 19, 2022: Professor Theo Kurt\u00e9n (University of Helsinki), Professor Antti M\u00e4kitie (University of Helsinki), Professor Craig Primmer (University of Helsinki) and Professor Kari Rummukainen (University of Helsinki).<\/p>\n<p>The following scientists were elected as foreign members: Professor Timo Koski (KTH Royal Institute of Technology) and Professor Jyri-Pekka Mikkola (Ume\u00e5 University).<\/p>\n<p>Till\u00e4ggsuppgifter ges av Finska Vetenskaps-Societeten st\u00e4ndige sekreterare professor Mats Gyllenberg, tel. +358 50 433 2920.<\/p>\n<p>Lis\u00e4tietoja antaa Suomen Tiedeseuran pysyv\u00e4 sihteeri professori Mats Gyllenberg, puh. +358 50 433 2920.<\/p>\n<p>For more information, please contact the Permanent Secretary of The Finnish Society of Sciences and Letters, Professor Mats Gyllenberg, phone +358 50 433 2920.<\/p>\n<p>[\/et_pb_text][\/et_pb_column][et_pb_column type=&#8221;1_5&#8243; _builder_version=&#8221;4.21.0&#8243; _module_preset=&#8221;default&#8221; global_colors_info=&#8221;{}&#8221;][\/et_pb_column][\/et_pb_row][\/et_pb_section]<\/p>\n","protected":false},"excerpt":{"rendered":"<p>Pressmeddelande 22.12.2022 Finska Vetenskaps-Societeten kallade p\u00e5 sitt m\u00f6te 19.12.2022 f\u00f6ljande personer till ledam\u00f6ter: professor Theo Kurt\u00e9n (Helsingfors universitet), professor Antti M\u00e4kitie (Helsingfors universitet), professor Craig Primmer (Helsingfors universitet) samt professor Kari Rummukainen (Helsingfors universitet). Till utl\u00e4ndska ledam\u00f6ter kallades professor Timo Koski (Kungliga Tekniska h\u00f6gskolan) samt professor Jyri-Pekka Mikkola (Ume\u00e5 universitet). Lehdist\u00f6tiedote 22.12.2022 Suomen Tiedeseura kutsui [&hellip;]<\/p>\n","protected":false},"author":2,"featured_media":0,"parent":0,"menu_order":0,"comment_status":"closed","ping_status":"closed","template":"","meta":{"_acf_changed":false,"_et_pb_use_builder":"on","_et_pb_old_content":"","_et_gb_content_width":"","footnotes":""},"class_list":["post-1444","page","type-page","status-publish","hentry"],"acf":[],"yoast_head":"<!-- This site is optimized with the Yoast SEO plugin v27.3 - https:\/\/yoast.com\/product\/yoast-seo-wordpress\/ -->\n<title>Nya ledam\u00f6ter 2022 (pdf) - The Finnish Society of Sciences And Letters<\/title>\n<meta name=\"robots\" content=\"index, follow, max-snippet:-1, max-image-preview:large, max-video-preview:-1\" \/>\n<link rel=\"canonical\" href=\"https:\/\/scientiarum.fi\/nya-ledamoter-2022-pdf\/\" \/>\n<meta property=\"og:locale\" content=\"en_US\" \/>\n<meta property=\"og:type\" content=\"article\" \/>\n<meta property=\"og:title\" content=\"Nya ledam\u00f6ter 2022 (pdf) - The Finnish Society of Sciences And Letters\" \/>\n<meta property=\"og:description\" content=\"Pressmeddelande 22.12.2022 Finska Vetenskaps-Societeten kallade p\u00e5 sitt m\u00f6te 19.12.2022 f\u00f6ljande personer till ledam\u00f6ter: professor Theo Kurt\u00e9n (Helsingfors universitet), professor Antti M\u00e4kitie (Helsingfors universitet), professor Craig Primmer (Helsingfors universitet) samt professor Kari Rummukainen (Helsingfors universitet). Till utl\u00e4ndska ledam\u00f6ter kallades professor Timo Koski (Kungliga Tekniska h\u00f6gskolan) samt professor Jyri-Pekka Mikkola (Ume\u00e5 universitet). Lehdist\u00f6tiedote 22.12.2022 Suomen Tiedeseura kutsui [&hellip;]\" \/>\n<meta property=\"og:url\" content=\"https:\/\/scientiarum.fi\/nya-ledamoter-2022-pdf\/\" \/>\n<meta property=\"og:site_name\" content=\"The Finnish Society of Sciences And Letters\" \/>\n<meta property=\"article:publisher\" content=\"https:\/\/www.facebook.com\/societas.scientiarum\" \/>\n<meta property=\"article:modified_time\" content=\"2024-08-01T09:37:05+00:00\" \/>\n<meta name=\"twitter:card\" content=\"summary_large_image\" \/>\n<meta name=\"twitter:site\" content=\"@tiedeseura\" \/>\n<meta name=\"twitter:label1\" content=\"Est. reading time\" \/>\n\t<meta name=\"twitter:data1\" content=\"2 minutes\" \/>\n<script type=\"application\/ld+json\" class=\"yoast-schema-graph\">{\"@context\":\"https:\\\/\\\/schema.org\",\"@graph\":[{\"@type\":\"WebPage\",\"@id\":\"https:\\\/\\\/scientiarum.fi\\\/nya-ledamoter-2022-pdf\\\/\",\"url\":\"https:\\\/\\\/scientiarum.fi\\\/nya-ledamoter-2022-pdf\\\/\",\"name\":\"Nya ledam\u00f6ter 2022 (pdf) - The Finnish Society of Sciences And Letters\",\"isPartOf\":{\"@id\":\"https:\\\/\\\/scientiarum.fi\\\/#website\"},\"datePublished\":\"2023-06-28T13:37:17+00:00\",\"dateModified\":\"2024-08-01T09:37:05+00:00\",\"breadcrumb\":{\"@id\":\"https:\\\/\\\/scientiarum.fi\\\/nya-ledamoter-2022-pdf\\\/#breadcrumb\"},\"inLanguage\":\"en-US\",\"potentialAction\":[{\"@type\":\"ReadAction\",\"target\":[\"https:\\\/\\\/scientiarum.fi\\\/nya-ledamoter-2022-pdf\\\/\"]}]},{\"@type\":\"BreadcrumbList\",\"@id\":\"https:\\\/\\\/scientiarum.fi\\\/nya-ledamoter-2022-pdf\\\/#breadcrumb\",\"itemListElement\":[{\"@type\":\"ListItem\",\"position\":1,\"name\":\"Home\",\"item\":\"https:\\\/\\\/scientiarum.fi\\\/\"},{\"@type\":\"ListItem\",\"position\":2,\"name\":\"Nya ledam\u00f6ter 2022 (pdf)\"}]},{\"@type\":\"WebSite\",\"@id\":\"https:\\\/\\\/scientiarum.fi\\\/#website\",\"url\":\"https:\\\/\\\/scientiarum.fi\\\/\",\"name\":\"Finska Vetenskaps-Societeten\",\"description\":\"\",\"publisher\":{\"@id\":\"https:\\\/\\\/scientiarum.fi\\\/#organization\"},\"potentialAction\":[{\"@type\":\"SearchAction\",\"target\":{\"@type\":\"EntryPoint\",\"urlTemplate\":\"https:\\\/\\\/scientiarum.fi\\\/?s={search_term_string}\"},\"query-input\":{\"@type\":\"PropertyValueSpecification\",\"valueRequired\":true,\"valueName\":\"search_term_string\"}}],\"inLanguage\":\"en-US\"},{\"@type\":\"Organization\",\"@id\":\"https:\\\/\\\/scientiarum.fi\\\/#organization\",\"name\":\"Finska Vetenskaps-Societeten\",\"url\":\"https:\\\/\\\/scientiarum.fi\\\/\",\"logo\":{\"@type\":\"ImageObject\",\"inLanguage\":\"en-US\",\"@id\":\"https:\\\/\\\/scientiarum.fi\\\/#\\\/schema\\\/logo\\\/image\\\/\",\"url\":\"\",\"contentUrl\":\"\",\"caption\":\"Finska Vetenskaps-Societeten\"},\"image\":{\"@id\":\"https:\\\/\\\/scientiarum.fi\\\/#\\\/schema\\\/logo\\\/image\\\/\"},\"sameAs\":[\"https:\\\/\\\/www.facebook.com\\\/societas.scientiarum\",\"https:\\\/\\\/x.com\\\/tiedeseura\",\"https:\\\/\\\/www.linkedin.com\\\/company\\\/finska-vetenskaps-societeten-the-finnish-society-of-sciences-and-letters\\\/\"]}]}<\/script>\n<!-- \/ Yoast SEO plugin. -->","yoast_head_json":{"title":"Nya ledam\u00f6ter 2022 (pdf) - The Finnish Society of Sciences And Letters","robots":{"index":"index","follow":"follow","max-snippet":"max-snippet:-1","max-image-preview":"max-image-preview:large","max-video-preview":"max-video-preview:-1"},"canonical":"https:\/\/scientiarum.fi\/nya-ledamoter-2022-pdf\/","og_locale":"en_US","og_type":"article","og_title":"Nya ledam\u00f6ter 2022 (pdf) - The Finnish Society of Sciences And Letters","og_description":"Pressmeddelande 22.12.2022 Finska Vetenskaps-Societeten kallade p\u00e5 sitt m\u00f6te 19.12.2022 f\u00f6ljande personer till ledam\u00f6ter: professor Theo Kurt\u00e9n (Helsingfors universitet), professor Antti M\u00e4kitie (Helsingfors universitet), professor Craig Primmer (Helsingfors universitet) samt professor Kari Rummukainen (Helsingfors universitet). Till utl\u00e4ndska ledam\u00f6ter kallades professor Timo Koski (Kungliga Tekniska h\u00f6gskolan) samt professor Jyri-Pekka Mikkola (Ume\u00e5 universitet). Lehdist\u00f6tiedote 22.12.2022 Suomen Tiedeseura kutsui [&hellip;]","og_url":"https:\/\/scientiarum.fi\/nya-ledamoter-2022-pdf\/","og_site_name":"The Finnish Society of Sciences And Letters","article_publisher":"https:\/\/www.facebook.com\/societas.scientiarum","article_modified_time":"2024-08-01T09:37:05+00:00","twitter_card":"summary_large_image","twitter_site":"@tiedeseura","twitter_misc":{"Est. reading time":"2 minutes"},"schema":{"@context":"https:\/\/schema.org","@graph":[{"@type":"WebPage","@id":"https:\/\/scientiarum.fi\/nya-ledamoter-2022-pdf\/","url":"https:\/\/scientiarum.fi\/nya-ledamoter-2022-pdf\/","name":"Nya ledam\u00f6ter 2022 (pdf) - The Finnish Society of Sciences And Letters","isPartOf":{"@id":"https:\/\/scientiarum.fi\/#website"},"datePublished":"2023-06-28T13:37:17+00:00","dateModified":"2024-08-01T09:37:05+00:00","breadcrumb":{"@id":"https:\/\/scientiarum.fi\/nya-ledamoter-2022-pdf\/#breadcrumb"},"inLanguage":"en-US","potentialAction":[{"@type":"ReadAction","target":["https:\/\/scientiarum.fi\/nya-ledamoter-2022-pdf\/"]}]},{"@type":"BreadcrumbList","@id":"https:\/\/scientiarum.fi\/nya-ledamoter-2022-pdf\/#breadcrumb","itemListElement":[{"@type":"ListItem","position":1,"name":"Home","item":"https:\/\/scientiarum.fi\/"},{"@type":"ListItem","position":2,"name":"Nya ledam\u00f6ter 2022 (pdf)"}]},{"@type":"WebSite","@id":"https:\/\/scientiarum.fi\/#website","url":"https:\/\/scientiarum.fi\/","name":"Finska Vetenskaps-Societeten","description":"","publisher":{"@id":"https:\/\/scientiarum.fi\/#organization"},"potentialAction":[{"@type":"SearchAction","target":{"@type":"EntryPoint","urlTemplate":"https:\/\/scientiarum.fi\/?s={search_term_string}"},"query-input":{"@type":"PropertyValueSpecification","valueRequired":true,"valueName":"search_term_string"}}],"inLanguage":"en-US"},{"@type":"Organization","@id":"https:\/\/scientiarum.fi\/#organization","name":"Finska Vetenskaps-Societeten","url":"https:\/\/scientiarum.fi\/","logo":{"@type":"ImageObject","inLanguage":"en-US","@id":"https:\/\/scientiarum.fi\/#\/schema\/logo\/image\/","url":"","contentUrl":"","caption":"Finska Vetenskaps-Societeten"},"image":{"@id":"https:\/\/scientiarum.fi\/#\/schema\/logo\/image\/"},"sameAs":["https:\/\/www.facebook.com\/societas.scientiarum","https:\/\/x.com\/tiedeseura","https:\/\/www.linkedin.com\/company\/finska-vetenskaps-societeten-the-finnish-society-of-sciences-and-letters\/"]}]}},"_links":{"self":[{"href":"https:\/\/scientiarum.fi\/en\/wp-json\/wp\/v2\/pages\/1444","targetHints":{"allow":["GET"]}}],"collection":[{"href":"https:\/\/scientiarum.fi\/en\/wp-json\/wp\/v2\/pages"}],"about":[{"href":"https:\/\/scientiarum.fi\/en\/wp-json\/wp\/v2\/types\/page"}],"author":[{"embeddable":true,"href":"https:\/\/scientiarum.fi\/en\/wp-json\/wp\/v2\/users\/2"}],"replies":[{"embeddable":true,"href":"https:\/\/scientiarum.fi\/en\/wp-json\/wp\/v2\/comments?post=1444"}],"version-history":[{"count":6,"href":"https:\/\/scientiarum.fi\/en\/wp-json\/wp\/v2\/pages\/1444\/revisions"}],"predecessor-version":[{"id":5376,"href":"https:\/\/scientiarum.fi\/en\/wp-json\/wp\/v2\/pages\/1444\/revisions\/5376"}],"wp:attachment":[{"href":"https:\/\/scientiarum.fi\/en\/wp-json\/wp\/v2\/media?parent=1444"}],"curies":[{"name":"wp","href":"https:\/\/api.w.org\/{rel}","templated":true}]}}