{"id":1350,"date":"2023-05-15T14:25:18","date_gmt":"2023-05-15T11:25:18","guid":{"rendered":"https:\/\/scientiarum.fi\/commentationes-humanarum-litterarum\/"},"modified":"2026-01-21T16:44:26","modified_gmt":"2026-01-21T13:44:26","slug":"commentationes-humanarum-litterarum","status":"publish","type":"page","link":"https:\/\/scientiarum.fi\/en\/commentationes-humanarum-litterarum\/","title":{"rendered":"Commentationes Humanarum Litterarum"},"content":{"rendered":"<p>[et_pb_section fb_built=&#8221;1&#8243; _builder_version=&#8221;4.21.0&#8243; _module_preset=&#8221;default&#8221; global_colors_info=&#8221;{}&#8221;][et_pb_row _builder_version=&#8221;4.21.0&#8243; _module_preset=&#8221;default&#8221; custom_margin=&#8221;0px||0px||false|false&#8221; custom_padding=&#8221;0px||0px||false|false&#8221; global_colors_info=&#8221;{}&#8221;][et_pb_column type=&#8221;4_4&#8243; _builder_version=&#8221;4.21.0&#8243; _module_preset=&#8221;default&#8221; global_colors_info=&#8221;{}&#8221;][et_pb_image src=&#8221;https:\/\/scientiarum.fi\/wp-content\/uploads\/2023\/06\/publikationer-ban.jpg&#8221; title_text=&#8221;publikationer-ban&#8221; _builder_version=&#8221;4.21.0&#8243; _module_preset=&#8221;default&#8221; global_colors_info=&#8221;{}&#8221;][\/et_pb_image][\/et_pb_column][\/et_pb_row][et_pb_row column_structure=&#8221;1_5,3_5,1_5&#8243; _builder_version=&#8221;4.21.0&#8243; _module_preset=&#8221;default&#8221; custom_margin=&#8221;50px||0px||false|false&#8221; custom_padding=&#8221;0px||0px||false|false&#8221; global_colors_info=&#8221;{}&#8221;][et_pb_column type=&#8221;1_5&#8243; _builder_version=&#8221;4.21.0&#8243; _module_preset=&#8221;default&#8221; global_colors_info=&#8221;{}&#8221;][\/et_pb_column][et_pb_column type=&#8221;3_5&#8243; _builder_version=&#8221;4.21.0&#8243; _module_preset=&#8221;default&#8221; global_colors_info=&#8221;{}&#8221;][et_pb_text module_class=&#8221;defwp&#8221; _builder_version=&#8221;4.27.4&#8243; _module_preset=&#8221;1b686adf-681b-484a-9fee-595f92a65ad5&#8243; hover_enabled=&#8221;0&#8243; global_colors_info=&#8221;{}&#8221; sticky_enabled=&#8221;0&#8243;]<\/p>\n<h1>Commentationes Humanarum Litterarum<\/h1>\n<p><\/p>\n<p>Editor Mika Kajava, <a href=\"mailto:mika.kajava@helsinki.fi\">mika.kajava@helsinki.fi<\/a><\/p>\n<p><\/p>\n<p>(pdf) <a href=\"https:\/\/scientiarum.fi\/wp-content\/uploads\/2026\/01\/Commentationes-Humanarum-Litterarum-21.1.2026.pdf\">List of Publications<\/a><\/p>\n<p><\/p>\n<p><a href=\"https:\/\/edition.fi\/societasscientiarum\/catalog\/view\/1449\/1942\/7122\">(pdf) CHL 149 | Ilkka Kuivalainen, Leena Pietil\u00e4-Castr\u00e9n | Insula Pompeiana IX 3 The Wall Paintings, Mosaics, and Upper Floors. 2025. 348 s.<\/a><\/p>\n<p><\/p>\n<p><a href=\"https:\/\/edition.fi\/societasscientiarum\/catalog\/view\/1359\/1757\/6329-1\">(pdf) CHL 148 | Jan-Ivar Lind\u00e9n | Aristoteles Metafysik. 2025. 403 s.<\/a><\/p>\n<p><\/p>\n<p><a href=\"https:\/\/edition.fi\/societasscientiarum\/catalog\/view\/1029\/1021\/4214-2\">(pdf) CHL 147 | Sonja Dahlgren, Martti Leiwo, Marja Vierros | Scribes and Language Use in the Graeco-Roman World. 2024. 285 s.<\/a><\/p>\n<p><\/p>\n<p><a href=\"https:\/\/edition.fi\/societasscientiarum\/catalog\/view\/657\/798\/3339-1\">(pdf) CHL 146 | Tuomo Nuorluoto | Latin Female Cognomina. A Study on the Personal Names of Roman Women. 2023. 529 s.<\/a><\/p>\n<p><\/p>\n<p>(pdf) <a href=\"https:\/\/edition.fi\/societasscientiarum\/catalog\/view\/656\/708\/2624-1\">CHL 145 | Gianluca De Martino | The Cult of Poseidoniate Hera and the Lucanians in Poseidonia\/Paistom An Ancient Story of Religion and Multiculturalism. 2023. 329 s.<\/a><\/p>\n<p><\/p>\n<p>(pdf) <a href=\"https:\/\/edition.fi\/societasscientiarum\/catalog\/view\/235\/178\/1448-1\">CHL 144 | Mika Kajava | Naming Gods. An Onomastic Study of Divine Epithets Derived from Roman Anthroponyms. 2022. 159 s.<\/a><\/p>\n<p><\/p>\n<p>(pdf) <a href=\"https:\/\/edition.fi\/societasscientiarum\/catalog\/view\/234\/177\/1447-1\" target=\"_blank\" rel=\"noopener\">CHL 143 | Tua Korhonen | To the Glory that was Greece. Ideas, Ideals and Practices in Composing Humanist Greek during the Seventeenth Century. 2022 411 s.<\/a><\/p>\n<p><\/p>\n<p>(pdf) <a href=\"https:\/\/edition.fi\/societasscientiarum\/catalog\/view\/233\/176\/957-1\" target=\"_blank\" rel=\"noopener\">CHL 142 | Sari Kivist\u00f6 | Neo-Latin Verse Satire, ca. 1500\u20131800. An Ethical Approach. 2022. 293 s.<\/a><\/p>\n<p><\/p>\n<p>(pdf) <a href=\"https:\/\/edition.fi\/societasscientiarum\/catalog\/book\/188\" target=\"_blank\" rel=\"noopener\">CHL 141 | Heikki Solin | Da Rodolfo Pio ai Farnese. Storia di due collezioni epigrafiche urbane. 2021. 432 s.<\/a><\/p>\n<p><\/p>\n<p>(pdf) <a href=\"https:\/\/edition.fi\/societasscientiarum\/catalog\/book\/187\" target=\"_blank\" rel=\"noopener\">CHL 140 | Ilkka Kuivalainen | The Portrayal of Pompeian Bacchus. 2021. 285 s.<\/a><\/p>\n<p><\/p>\n<p>(pdf) <a href=\"https:\/\/edition.fi\/societasscientiarum\/catalog\/view\/139\/137\/502-1\" target=\"_blank\" rel=\"noopener\">CHL 139 | Martti Leiwo, Marja Vierros, Sonja Dahlgren (ed.) | Papers on Ancient Greek Linguistics. Proceedings of the Ninth International Colloquium on Ancient Greek Linguistics (ICAGL9) 30 August \u2013 1 September 2018. 2020. 356 pp.<\/a><\/p>\n<p><\/p>\n<p>(pdf) <a href=\"https:\/\/edition.fi\/societasscientiarum\/catalog\/view\/137\/77\/270-1\" target=\"_blank\" rel=\"noopener\">CHL 138 | Mika Kajava, Tua Korhonen, Jamie Vesterinen (ed.) | Meilicha D\u00f4ra. Poems and Prose in Greek from Renaissance and Early Modern Europe. 2020. 578 s.<\/a><\/p>\n<p><\/p>\n<p>(pdf) <a href=\"https:\/\/edition.fi\/societasscientiarum\/catalog\/view\/136\/76\/256-2\" target=\"_blank\" rel=\"noopener\">CHL 137 | Heikki Solin (ed.) | Studi storico-epigrafici sul Lazio antico II. 2019. 168 s.<\/a><\/p>\n<p><\/p>\n<p>(pdf) <a href=\"https:\/\/edition.fi\/societasscientiarum\/catalog\/view\/131\/75\/255-2\" target=\"_blank\" rel=\"noopener\">CHL 136 | Ria Berg, Ilkka Kuivalainen, Leena Pietil\u00e4-Castr\u00e9n (ed.) | Domus Pompeiana M. Lucretii IX 3, 5.24. The Inscriptions, Works of Art and Finds from the Old and New Excavations. 2019. 323 s.<\/a><\/p>\n<p><\/p>\n<p>(pdf) <a href=\"https:\/\/granqvist.sls.fi\/sv\/ebook\/pdf\/granqvist-muslim-death-and-burial\">CHL XXXIV 1 | Hilma Granqvist | Muslim death and burial. Arab Customs and Traditions Studied in a Village in Jordan. 1965. 287 s.<\/a><\/p>\n<p><\/p>\n<p>(pdf) <a href=\"https:\/\/granqvist.sls.fi\/sv\/ebook\/pdf\/granqvist-marriage-conditions-in-a-palestinian-village-2\">CHL VI 8 | Hilma Granqvist | Marriage conditions in a Palestinian Village II. 1935. 366 s.<\/a><\/p>\n<p><\/p>\n<p>(pdf) <a href=\"https:\/\/granqvist.sls.fi\/sv\/ebook\/pdf\/granqvist-marriage-conditions-in-a-palestinian-village-1\">CHL III 8 | Hilma Granqvist | Marriage Conditions in a Palestinian Village. 1931. 200 s.<\/a><\/p>\n<p>[\/et_pb_text][\/et_pb_column][et_pb_column type=&#8221;1_5&#8243; _builder_version=&#8221;4.21.0&#8243; _module_preset=&#8221;default&#8221; global_colors_info=&#8221;{}&#8221;][\/et_pb_column][\/et_pb_row][\/et_pb_section]<\/p>\n","protected":false},"excerpt":{"rendered":"<p>Commentationes Humanarum LitterarumEditor Mika Kajava, mika.kajava@helsinki.fi(pdf) List of Publications(pdf) CHL 149 | Ilkka Kuivalainen, Leena Pietil\u00e4-Castr\u00e9n | Insula Pompeiana IX 3 The Wall Paintings, Mosaics, and Upper Floors. 2025. 348 s.(pdf) CHL 148 | Jan-Ivar Lind\u00e9n | Aristoteles Metafysik. 2025. 403 s.(pdf) CHL 147 | Sonja Dahlgren, Martti Leiwo, Marja Vierros | Scribes and Language [&hellip;]<\/p>\n","protected":false},"author":2,"featured_media":0,"parent":0,"menu_order":0,"comment_status":"closed","ping_status":"closed","template":"","meta":{"_acf_changed":false,"_et_pb_use_builder":"on","_et_pb_old_content":"","_et_gb_content_width":"","footnotes":""},"class_list":["post-1350","page","type-page","status-publish","hentry"],"acf":[],"yoast_head":"<!-- This site is optimized with the Yoast SEO plugin v27.3 - https:\/\/yoast.com\/product\/yoast-seo-wordpress\/ -->\n<title>Commentationes Humanarum Litterarum - The Finnish Society of Sciences And Letters<\/title>\n<meta name=\"robots\" content=\"index, follow, max-snippet:-1, max-image-preview:large, max-video-preview:-1\" \/>\n<link rel=\"canonical\" href=\"https:\/\/scientiarum.fi\/publikationer\/commentationes-humanarum-litterarum\/\" \/>\n<meta property=\"og:locale\" content=\"en_US\" \/>\n<meta property=\"og:type\" content=\"article\" \/>\n<meta property=\"og:title\" content=\"Commentationes Humanarum Litterarum - The Finnish Society of Sciences And Letters\" \/>\n<meta property=\"og:description\" content=\"Commentationes Humanarum LitterarumEditor Mika Kajava, mika.kajava@helsinki.fi(pdf) List of Publications(pdf) CHL 149 | Ilkka Kuivalainen, Leena Pietil\u00e4-Castr\u00e9n | Insula Pompeiana IX 3 The Wall Paintings, Mosaics, and Upper Floors. 2025. 348 s.(pdf) CHL 148 | Jan-Ivar Lind\u00e9n | Aristoteles Metafysik. 2025. 403 s.(pdf) CHL 147 | Sonja Dahlgren, Martti Leiwo, Marja Vierros | Scribes and Language [&hellip;]\" \/>\n<meta property=\"og:url\" content=\"https:\/\/scientiarum.fi\/publikationer\/commentationes-humanarum-litterarum\/\" \/>\n<meta property=\"og:site_name\" content=\"The Finnish Society of Sciences And Letters\" \/>\n<meta property=\"article:publisher\" content=\"https:\/\/www.facebook.com\/societas.scientiarum\" \/>\n<meta property=\"article:modified_time\" content=\"2026-01-21T13:44:26+00:00\" \/>\n<meta name=\"twitter:card\" content=\"summary_large_image\" \/>\n<meta name=\"twitter:site\" content=\"@tiedeseura\" \/>\n<meta name=\"twitter:label1\" content=\"Est. reading time\" \/>\n\t<meta name=\"twitter:data1\" content=\"2 minutes\" \/>\n<script type=\"application\/ld+json\" class=\"yoast-schema-graph\">{\"@context\":\"https:\\\/\\\/schema.org\",\"@graph\":[{\"@type\":\"WebPage\",\"@id\":\"https:\\\/\\\/scientiarum.fi\\\/publikationer\\\/commentationes-humanarum-litterarum\\\/\",\"url\":\"https:\\\/\\\/scientiarum.fi\\\/publikationer\\\/commentationes-humanarum-litterarum\\\/\",\"name\":\"Commentationes Humanarum Litterarum - The Finnish Society of Sciences And Letters\",\"isPartOf\":{\"@id\":\"https:\\\/\\\/scientiarum.fi\\\/#website\"},\"datePublished\":\"2023-05-15T11:25:18+00:00\",\"dateModified\":\"2026-01-21T13:44:26+00:00\",\"breadcrumb\":{\"@id\":\"https:\\\/\\\/scientiarum.fi\\\/publikationer\\\/commentationes-humanarum-litterarum\\\/#breadcrumb\"},\"inLanguage\":\"en-US\",\"potentialAction\":[{\"@type\":\"ReadAction\",\"target\":[\"https:\\\/\\\/scientiarum.fi\\\/publikationer\\\/commentationes-humanarum-litterarum\\\/\"]}]},{\"@type\":\"BreadcrumbList\",\"@id\":\"https:\\\/\\\/scientiarum.fi\\\/publikationer\\\/commentationes-humanarum-litterarum\\\/#breadcrumb\",\"itemListElement\":[{\"@type\":\"ListItem\",\"position\":1,\"name\":\"Home\",\"item\":\"https:\\\/\\\/scientiarum.fi\\\/\"},{\"@type\":\"ListItem\",\"position\":2,\"name\":\"Commentationes Humanarum Litterarum\"}]},{\"@type\":\"WebSite\",\"@id\":\"https:\\\/\\\/scientiarum.fi\\\/#website\",\"url\":\"https:\\\/\\\/scientiarum.fi\\\/\",\"name\":\"Finska Vetenskaps-Societeten\",\"description\":\"\",\"publisher\":{\"@id\":\"https:\\\/\\\/scientiarum.fi\\\/#organization\"},\"potentialAction\":[{\"@type\":\"SearchAction\",\"target\":{\"@type\":\"EntryPoint\",\"urlTemplate\":\"https:\\\/\\\/scientiarum.fi\\\/?s={search_term_string}\"},\"query-input\":{\"@type\":\"PropertyValueSpecification\",\"valueRequired\":true,\"valueName\":\"search_term_string\"}}],\"inLanguage\":\"en-US\"},{\"@type\":\"Organization\",\"@id\":\"https:\\\/\\\/scientiarum.fi\\\/#organization\",\"name\":\"Finska Vetenskaps-Societeten\",\"url\":\"https:\\\/\\\/scientiarum.fi\\\/\",\"logo\":{\"@type\":\"ImageObject\",\"inLanguage\":\"en-US\",\"@id\":\"https:\\\/\\\/scientiarum.fi\\\/#\\\/schema\\\/logo\\\/image\\\/\",\"url\":\"\",\"contentUrl\":\"\",\"caption\":\"Finska Vetenskaps-Societeten\"},\"image\":{\"@id\":\"https:\\\/\\\/scientiarum.fi\\\/#\\\/schema\\\/logo\\\/image\\\/\"},\"sameAs\":[\"https:\\\/\\\/www.facebook.com\\\/societas.scientiarum\",\"https:\\\/\\\/x.com\\\/tiedeseura\",\"https:\\\/\\\/www.linkedin.com\\\/company\\\/finska-vetenskaps-societeten-the-finnish-society-of-sciences-and-letters\\\/\"]}]}<\/script>\n<!-- \/ Yoast SEO plugin. -->","yoast_head_json":{"title":"Commentationes Humanarum Litterarum - The Finnish Society of Sciences And Letters","robots":{"index":"index","follow":"follow","max-snippet":"max-snippet:-1","max-image-preview":"max-image-preview:large","max-video-preview":"max-video-preview:-1"},"canonical":"https:\/\/scientiarum.fi\/publikationer\/commentationes-humanarum-litterarum\/","og_locale":"en_US","og_type":"article","og_title":"Commentationes Humanarum Litterarum - The Finnish Society of Sciences And Letters","og_description":"Commentationes Humanarum LitterarumEditor Mika Kajava, mika.kajava@helsinki.fi(pdf) List of Publications(pdf) CHL 149 | Ilkka Kuivalainen, Leena Pietil\u00e4-Castr\u00e9n | Insula Pompeiana IX 3 The Wall Paintings, Mosaics, and Upper Floors. 2025. 348 s.(pdf) CHL 148 | Jan-Ivar Lind\u00e9n | Aristoteles Metafysik. 2025. 403 s.(pdf) CHL 147 | Sonja Dahlgren, Martti Leiwo, Marja Vierros | Scribes and Language [&hellip;]","og_url":"https:\/\/scientiarum.fi\/publikationer\/commentationes-humanarum-litterarum\/","og_site_name":"The Finnish Society of Sciences And Letters","article_publisher":"https:\/\/www.facebook.com\/societas.scientiarum","article_modified_time":"2026-01-21T13:44:26+00:00","twitter_card":"summary_large_image","twitter_site":"@tiedeseura","twitter_misc":{"Est. reading time":"2 minutes"},"schema":{"@context":"https:\/\/schema.org","@graph":[{"@type":"WebPage","@id":"https:\/\/scientiarum.fi\/publikationer\/commentationes-humanarum-litterarum\/","url":"https:\/\/scientiarum.fi\/publikationer\/commentationes-humanarum-litterarum\/","name":"Commentationes Humanarum Litterarum - The Finnish Society of Sciences And Letters","isPartOf":{"@id":"https:\/\/scientiarum.fi\/#website"},"datePublished":"2023-05-15T11:25:18+00:00","dateModified":"2026-01-21T13:44:26+00:00","breadcrumb":{"@id":"https:\/\/scientiarum.fi\/publikationer\/commentationes-humanarum-litterarum\/#breadcrumb"},"inLanguage":"en-US","potentialAction":[{"@type":"ReadAction","target":["https:\/\/scientiarum.fi\/publikationer\/commentationes-humanarum-litterarum\/"]}]},{"@type":"BreadcrumbList","@id":"https:\/\/scientiarum.fi\/publikationer\/commentationes-humanarum-litterarum\/#breadcrumb","itemListElement":[{"@type":"ListItem","position":1,"name":"Home","item":"https:\/\/scientiarum.fi\/"},{"@type":"ListItem","position":2,"name":"Commentationes Humanarum Litterarum"}]},{"@type":"WebSite","@id":"https:\/\/scientiarum.fi\/#website","url":"https:\/\/scientiarum.fi\/","name":"Finska Vetenskaps-Societeten","description":"","publisher":{"@id":"https:\/\/scientiarum.fi\/#organization"},"potentialAction":[{"@type":"SearchAction","target":{"@type":"EntryPoint","urlTemplate":"https:\/\/scientiarum.fi\/?s={search_term_string}"},"query-input":{"@type":"PropertyValueSpecification","valueRequired":true,"valueName":"search_term_string"}}],"inLanguage":"en-US"},{"@type":"Organization","@id":"https:\/\/scientiarum.fi\/#organization","name":"Finska Vetenskaps-Societeten","url":"https:\/\/scientiarum.fi\/","logo":{"@type":"ImageObject","inLanguage":"en-US","@id":"https:\/\/scientiarum.fi\/#\/schema\/logo\/image\/","url":"","contentUrl":"","caption":"Finska Vetenskaps-Societeten"},"image":{"@id":"https:\/\/scientiarum.fi\/#\/schema\/logo\/image\/"},"sameAs":["https:\/\/www.facebook.com\/societas.scientiarum","https:\/\/x.com\/tiedeseura","https:\/\/www.linkedin.com\/company\/finska-vetenskaps-societeten-the-finnish-society-of-sciences-and-letters\/"]}]}},"_links":{"self":[{"href":"https:\/\/scientiarum.fi\/en\/wp-json\/wp\/v2\/pages\/1350","targetHints":{"allow":["GET"]}}],"collection":[{"href":"https:\/\/scientiarum.fi\/en\/wp-json\/wp\/v2\/pages"}],"about":[{"href":"https:\/\/scientiarum.fi\/en\/wp-json\/wp\/v2\/types\/page"}],"author":[{"embeddable":true,"href":"https:\/\/scientiarum.fi\/en\/wp-json\/wp\/v2\/users\/2"}],"replies":[{"embeddable":true,"href":"https:\/\/scientiarum.fi\/en\/wp-json\/wp\/v2\/comments?post=1350"}],"version-history":[{"count":24,"href":"https:\/\/scientiarum.fi\/en\/wp-json\/wp\/v2\/pages\/1350\/revisions"}],"predecessor-version":[{"id":8839,"href":"https:\/\/scientiarum.fi\/en\/wp-json\/wp\/v2\/pages\/1350\/revisions\/8839"}],"wp:attachment":[{"href":"https:\/\/scientiarum.fi\/en\/wp-json\/wp\/v2\/media?parent=1350"}],"curies":[{"name":"wp","href":"https:\/\/api.w.org\/{rel}","templated":true}]}}