{"id":1320,"date":"2023-05-15T14:09:17","date_gmt":"2023-05-15T11:09:17","guid":{"rendered":"https:\/\/scientiarum.fi\/grants-and-prizes\/"},"modified":"2024-08-01T11:07:37","modified_gmt":"2024-08-01T08:07:37","slug":"grants-and-prizes","status":"publish","type":"page","link":"https:\/\/scientiarum.fi\/en\/grants-and-prizes\/","title":{"rendered":"Grants and prizes"},"content":{"rendered":"<p>[et_pb_section fb_built=&#8221;1&#8243; _builder_version=&#8221;4.21.0&#8243; _module_preset=&#8221;default&#8221; global_colors_info=&#8221;{}&#8221;][et_pb_row _builder_version=&#8221;4.21.0&#8243; _module_preset=&#8221;default&#8221; custom_margin=&#8221;0px||0px||false|false&#8221; custom_padding=&#8221;0px||0px||false|false&#8221; global_colors_info=&#8221;{}&#8221;][et_pb_column type=&#8221;4_4&#8243; _builder_version=&#8221;4.21.0&#8243; _module_preset=&#8221;default&#8221; global_colors_info=&#8221;{}&#8221;][et_pb_image src=&#8221;https:\/\/scientiarum.fi\/wp-content\/uploads\/2023\/06\/stipendier-pris-1.jpg&#8221; title_text=&#8221;stipendier-pris-1&#8243; _builder_version=&#8221;4.21.0&#8243; _module_preset=&#8221;default&#8221; global_colors_info=&#8221;{}&#8221;][\/et_pb_image][\/et_pb_column][\/et_pb_row][et_pb_row column_structure=&#8221;1_5,3_5,1_5&#8243; _builder_version=&#8221;4.21.0&#8243; _module_preset=&#8221;default&#8221; custom_margin=&#8221;50px||0px||false|false&#8221; custom_padding=&#8221;0px||0px||false|false&#8221; global_colors_info=&#8221;{}&#8221;][et_pb_column type=&#8221;1_5&#8243; _builder_version=&#8221;4.21.0&#8243; _module_preset=&#8221;default&#8221; global_colors_info=&#8221;{}&#8221;][\/et_pb_column][et_pb_column type=&#8221;3_5&#8243; _builder_version=&#8221;4.21.0&#8243; _module_preset=&#8221;default&#8221; global_colors_info=&#8221;{}&#8221;][et_pb_text module_class=&#8221;defwp&#8221; _builder_version=&#8221;4.21.0&#8243; _module_preset=&#8221;4e383309-b084-4f1a-86bb-b39ea5e11bb7&#8243; custom_padding=&#8221;|||29px||&#8221; global_colors_info=&#8221;{}&#8221;]<\/p>\n<h1>Forskningsunderst\u00f6d och pris<\/h1>\n<p><a href=\"https:\/\/tiedeseura.apurahat.fi\/haku\/UserLogin.aspx?kieli=ruotsi\" target=\"_blank\" rel=\"noopener\">L\u00e4nk till det elektroniska stipendiesystemet<\/a><\/p>\n<p>Under \u00e5rens lopp har Finska Vetenskaps-Societeten erh\u00e5llit betydande donationer vilket m\u00f6jligg\u00f6r en relativt h\u00f6g utdelning av forskningsunderst\u00f6d \u00e5rligen.<\/p>\n<h2>Forskingsunderst\u00f6d<\/h2>\n<p>Finska Vetenskaps-Societetens forskningsunderst\u00f6d kan s\u00f6kas inom naturvetenskapliga, biovetenskapliga, humanistiska och samh\u00e4llsvetenskapliga \u00e4mnen.<\/p>\n<p>Sohlbergska delegationen underst\u00f6der forskningsverksamhet inom geovetenskaperna (inkl. geografi) ang\u00e5ende naturf\u00f6rh\u00e5llandena i Finland och Norden. Delegationen beviljar underst\u00f6d f\u00f6r kongressresor, f\u00e4ltarbete och programanskaffningar (inte apparatanskaffningar).<\/p>\n<h3><a href=\"https:\/\/scientiarum.fi\/riktlinjer-for-finska-vetenskaps-societetens-stipendier-pdf\/\">Riktlinjer f\u00f6r Finska Vetenskaps-Societetens stipendier<\/a><\/h3>\n<p>F\u00f6ljande ans\u00f6kningsperiod f\u00f6r forskningsunderst\u00f6d \u00e4r i 1-31.1.2024. Ans\u00f6kan g\u00f6rs elektroniskt via denna l\u00e4nk.<\/p>\n<p>Beviljade forskningsunderst\u00f6d publiceras p\u00e5 denna hemsida f\u00f6re utg\u00e5ngen av mars m\u00e5nad. Ans\u00f6kan om forskningsunderst\u00f6d som inte n\u00e4mnts har inte beviljats. De som beviljas stipendium f\u00e5r \u00e4ven meddelande om detta per e-post. F\u00f6r att forskningsunderst\u00f6det skall kunna utbetalas b\u00f6r mottagaren komplettera sin ans\u00f6kan med personsignum, hemadress, e-postadress samt bankkontonummer.<\/p>\n<h3>St\u00f6df\u00f6rbindelse<\/h3>\n<p>Stipendier kan beviljas till Vetenskaps-Societetens ledam\u00f6ter eller annan forskare. D\u00e5 icke medlem s\u00f6ker stipendium b\u00f6r ans\u00f6kan st\u00f6das av en ledamot som verkar som medansvarig garant f\u00f6r ans\u00f6kan och dess genomf\u00f6rande. Blanketten f\u00f6r st\u00f6df\u00f6rbindelsen finns <a href=\"https:\/\/scientiarum.fi\/stodforbindelsen-pdf\/\">h\u00e4r<\/a>.<\/p>\n<h3>Rapportering om anv\u00e4ndning av forskningsunderst\u00f6d<\/h3>\n<p>Den som mottagit stipendium skall inl\u00e4mna en redog\u00f6relse \u00f6ver anv\u00e4ndning av stipendiemedlen snarast m\u00f6jligt efter avslutat arbete, eller minst en g\u00e5ng \u00e5rligen senast den 31 maj. Redog\u00f6relsen med vederb\u00f6rliga verifikat s\u00e4nds per e-post till adressen societas@scientiarum.fi. Redog\u00f6relsen granskas av st\u00e4ndige sekreteraren och skattm\u00e4staren och godk\u00e4nns av styrelsen.<\/p>\n<p>D\u00e5 icke medlem inl\u00e4mnar en redog\u00f6relse \u00f6ver anv\u00e4ndning av stipendiemedel b\u00f6r ett intyg av den ledamot som verkat som medansvarig garant f\u00f6r ans\u00f6kan och dess genomf\u00f6rande bifogas. Blanketten f\u00f6r garantens intyg finns <a href=\"https:\/\/scientiarum.fi\/garantens-intyg-pdf\/\">h\u00e4r<\/a>.<\/p>\n<h3>Dataskyddsbeskrivning<\/h3>\n<p>Dataskyddsbeskrivningen f\u00f6r stipendieregistret finns att l\u00e4sa <a href=\"https:\/\/scientiarum.fi\/dataskyddsbeskrivning-pdf\/\">h\u00e4r<\/a>.<\/p>\n<h2>\u00d6vriga forskningsunderst\u00f6d som hanteras av finska vetenskaps-societeten<\/h2>\n<p>FD Mikael Bj\u00f6rnbergs minnesfond utdelar forskningsunderst\u00f6d till framst\u00e5ende forskare fr\u00e4mst inom teoretisk fysik och n\u00e4rliggande omr\u00e5den. <a href=\"https:\/\/scientiarum.fi\/fd-mikael-bjornbergs-minnesfond-2004\/\">F\u00f6rteckning \u00f6ver tidigare mottagare.<\/a><\/p>\n<p><a href=\"https:\/\/stenbacksstiftelse.fi\/\" target=\"_blank\" rel=\"noopener\">Ruth och Nils-Erik Stenb\u00e4cks stiftelse<\/a> delar \u00e5rligen ut stipendier \u00e5t yngre finl\u00e4ndska och svenska forskare inom omr\u00e5dena matematik, fysik och kemi. Stipendief\u00f6rslaget g\u00f6rs i samarbete med Societeten och Kungliga Vetenskapsakademien i Sverige.<\/p>\n<p><a href=\"https:\/\/www.magnusehrnroothinsaatio.fi\/sv\/\" target=\"_blank\" rel=\"noopener\">Magnus Ehrnrooths stiftelse<\/a> delar ut stipendier och forskningsbidrag inom matematik, astronomi, fysik och kemi, inklusive medicinsk kemi. F\u00f6rslaget till den \u00e5rliga utdelningen g\u00f6rs av Societetens styrelse eller av denna utsedd n\u00e4mnd. <a href=\"https:\/\/scientiarum.fi\/strategi-for-utdelning-av-magnus-ehrnrooths-stiftelses-stipendier-pdf\/\">Strategi for utdelning av Magnus Ehrnrooths stiftelses stipendier.<\/a><\/p>\n<h2>Vetenskaps &#8211; och l\u00e4rarpris<\/h2>\n<p>Finska Vetenskaps-Societeten delar \u00e5rligen ut egna pris samt s\u00e5dana som den administrerar eller \u00e4r med att besluta om.<\/p>\n<p>Professor E.J. Nystr\u00f6ms pris delas ut f\u00f6r vetenskapliga f\u00f6rtj\u00e4nster och alternerar \u00e5rligen mellan de fyra sektionerna. <a href=\"https:\/\/scientiarum.fi\/professor-e-j-nystroms-pris-1962\/\">F\u00f6rteckning \u00f6ver tidigare pristagare.<\/a><\/p>\n<p>Professor Theodor Hom\u00e9ns pris delas ut \u00e5rligen och alternerar mellan fysik och fosterlandets historia. <a href=\"https:\/\/scientiarum.fi\/professor-theodor-homens-pris-1963\/\">F\u00f6rteckning \u00f6ver tidigare pristagare.<\/a><\/p>\n<p>Statsr\u00e5det Lorenz Lindel\u00f6fs pris delas ut vart tredje \u00e5r f\u00f6r vetenskapligt arbete i matematik. Priset instiftades \u00e5r 2013 och delades f\u00f6rsta g\u00e5ngen ut p\u00e5 175-\u00e5rs jubileet. <a href=\"https:\/\/scientiarum.fi\/statsradet-lorenz-lindelofs-pris-i-matematik-2013\/\">F\u00f6rteckning \u00f6ver tidigare pristagare.<\/a><\/p>\n<p>Magnus Ehrnrooths stiftelses pris utdelas \u00e5rligen och alternerar mellan matematik, kemi och fysik. <a href=\"https:\/\/scientiarum.fi\/magnus-ehrnrooths-stiftelses-pris-1986\/\">F\u00f6rteckning \u00f6ver tidigare pristagare.<\/a><\/p>\n<p>L\u00e4rarprisen delas ut till framst\u00e5ende gymnasiel\u00e4rare f\u00f6r undervisning i humanistiska och samh\u00e4llsvetenskapliga \u00e4mnen och i naturvetenskapliga \u00e4mnen. Ett viktigt kriterium f\u00f6r priset som instiftades \u00e5r 1998 \u00e4r att pristagarnas elever s\u00f6kt sig till universitet inom respektive omr\u00e5den. Motiverade f\u00f6rslag p\u00e5 pristagare skickas till Vetenskaps-Societeten per e-post (societas@scientiarum.fi) senast 15.2. F\u00f6rslag kan l\u00e4mnas av enskilda personer, skolor och andra organisationer. <a href=\"https:\/\/scientiarum.fi\/lararpris-1998\/\">F\u00f6rteckning \u00f6ver tidigare pristagare.<\/a><\/p>\n<p>Societetens medalj i brons eller silver, utformad av Alexander Baharev, utdelas p\u00e5 grund av speciella insatser f\u00f6r Societeten.<\/p>\n<h3>Beviljade stipendier<\/h3>\n<p><a href=\"https:\/\/scientiarum.fi\/beviljade-stipendier-2023-pdf\/\">Beviljade stipendier 2023<\/a><\/p>\n<p><a href=\"https:\/\/scientiarum.fi\/beviljade-stipendier-2022-pdf\/\">Beviljade stipendier 2022<\/a><\/p>\n<p><a href=\"https:\/\/scientiarum.fi\/beviljade-stipendier-2021-pdf\/\">Beviljade stipendier 2021<\/a><\/p>\n<p><a href=\"https:\/\/scientiarum.fi\/beviljade-stipendier-2020-pdf\/\">Beviljade stipendier 2020<\/a><\/p>\n<p>[\/et_pb_text][\/et_pb_column][et_pb_column type=&#8221;1_5&#8243; _builder_version=&#8221;4.21.0&#8243; _module_preset=&#8221;default&#8221; global_colors_info=&#8221;{}&#8221;][\/et_pb_column][\/et_pb_row][\/et_pb_section][et_pb_section fb_built=&#8221;1&#8243; module_id=&#8221;mfoot&#8221; _builder_version=&#8221;4.21.0&#8243; _module_preset=&#8221;default&#8221; background_color=&#8221;#813134&#8243; custom_padding=&#8221;50px||50px||true|false&#8221; border_width_top=&#8221;3px&#8221; border_color_top=&#8221;#C3D2E3&#8243; global_colors_info=&#8221;{}&#8221;][et_pb_row column_structure=&#8221;1_2,1_2&#8243; _builder_version=&#8221;4.21.0&#8243; _module_preset=&#8221;default&#8221; global_colors_info=&#8221;{}&#8221;][et_pb_column type=&#8221;1_2&#8243; _builder_version=&#8221;4.21.0&#8243; _module_preset=&#8221;default&#8221; global_colors_info=&#8221;{}&#8221;][et_pb_image src=&#8221;https:\/\/scientiarum.fi\/wp-content\/uploads\/2023\/11\/logo-eng.png&#8221; title_text=&#8221;logo-eng&#8221; _builder_version=&#8221;4.21.0&#8243; _module_preset=&#8221;default&#8221; global_colors_info=&#8221;{}&#8221;][\/et_pb_image][et_pb_text module_class=&#8221;foot-add&#8221; _builder_version=&#8221;4.21.0&#8243; _module_preset=&#8221;default&#8221; text_text_color=&#8221;#FFFFFF&#8221; text_font_size=&#8221;20px&#8221; text_line_height=&#8221;1.75em&#8221; global_colors_info=&#8221;{}&#8221;]<\/p>\n<p>Bes\u00f6ksadress:<br \/>Norra Magasinsgatan 7 A6,<br \/>00130 Helsingfors, 4. v\u00e5ningen<br \/>Telefot: +358 (0) 50 4355742<br \/>eller +358 (0) 9 633005<br \/>E-post: societas@scientiarum.fi<\/p>\n<p>[\/et_pb_text][\/et_pb_column][et_pb_column type=&#8221;1_2&#8243; _builder_version=&#8221;4.21.0&#8243; _module_preset=&#8221;default&#8221; global_colors_info=&#8221;{}&#8221;][et_pb_text module_class=&#8221;foot-soc-hd&#8221; _builder_version=&#8221;4.21.0&#8243; _module_preset=&#8221;default&#8221; text_text_color=&#8221;#FFFFFF&#8221; text_font_size=&#8221;20px&#8221; global_colors_info=&#8221;{}&#8221;]<\/p>\n<p><strong>Hitta oss p\u00e5 social medier<\/strong><\/p>\n<p><strong><\/strong><\/p>\n<p>[\/et_pb_text][et_pb_code _builder_version=&#8221;4.21.0&#8243; _module_preset=&#8221;default&#8221; global_colors_info=&#8221;{}&#8221;]<\/p>\n<div class=\"socwrp\"><!-- [et_pb_line_break_holder] -->\t<\/p>\n<ul><!-- [et_pb_line_break_holder] -->\t\t<\/p>\n<li><a href=\"#\"><span class=\"fb\"><\/span> Facebook<\/a><\/li>\n<p><!-- [et_pb_line_break_holder] -->\t\t<\/p>\n<li><a href=\"#\"><span class=\"twt\"><\/span> Twitter<\/a><\/li>\n<p><!-- [et_pb_line_break_holder] -->\t\t<\/p>\n<li><a href=\"#\"><span class=\"yt\"><\/span> Youtube<\/a><\/li>\n<p><!-- [et_pb_line_break_holder] -->\t\t<\/p>\n<li><a href=\"#\"><span class=\"lnd\"><\/span> Linkedin<\/a><\/li>\n<p><!-- [et_pb_line_break_holder] -->\t<\/ul>\n<p><!-- [et_pb_line_break_holder] --><\/div>\n<p>[\/et_pb_code][\/et_pb_column][\/et_pb_row][\/et_pb_section]<\/p>\n","protected":false},"excerpt":{"rendered":"<p>Forskningsunderst\u00f6d och pris L\u00e4nk till det elektroniska stipendiesystemet Under \u00e5rens lopp har Finska Vetenskaps-Societeten erh\u00e5llit betydande donationer vilket m\u00f6jligg\u00f6r en relativt h\u00f6g utdelning av forskningsunderst\u00f6d \u00e5rligen. Forskingsunderst\u00f6d Finska Vetenskaps-Societetens forskningsunderst\u00f6d kan s\u00f6kas inom naturvetenskapliga, biovetenskapliga, humanistiska och samh\u00e4llsvetenskapliga \u00e4mnen. Sohlbergska delegationen underst\u00f6der forskningsverksamhet inom geovetenskaperna (inkl. geografi) ang\u00e5ende naturf\u00f6rh\u00e5llandena i Finland och Norden. Delegationen beviljar [&hellip;]<\/p>\n","protected":false},"author":2,"featured_media":0,"parent":0,"menu_order":0,"comment_status":"closed","ping_status":"closed","template":"","meta":{"_acf_changed":false,"_et_pb_use_builder":"on","_et_pb_old_content":"","_et_gb_content_width":"","footnotes":""},"class_list":["post-1320","page","type-page","status-publish","hentry"],"acf":[],"yoast_head":"<!-- This site is optimized with the Yoast SEO plugin v27.3 - https:\/\/yoast.com\/product\/yoast-seo-wordpress\/ -->\n<title>Grants and prizes - The Finnish Society of Sciences And Letters<\/title>\n<meta name=\"robots\" content=\"index, follow, max-snippet:-1, max-image-preview:large, max-video-preview:-1\" \/>\n<link rel=\"canonical\" href=\"https:\/\/scientiarum.fi\/en\/grants-and-prizes\/\" \/>\n<meta property=\"og:locale\" content=\"en_US\" \/>\n<meta property=\"og:type\" content=\"article\" \/>\n<meta property=\"og:title\" content=\"Grants and prizes - The Finnish Society of Sciences And Letters\" \/>\n<meta property=\"og:description\" content=\"Forskningsunderst\u00f6d och pris L\u00e4nk till det elektroniska stipendiesystemet Under \u00e5rens lopp har Finska Vetenskaps-Societeten erh\u00e5llit betydande donationer vilket m\u00f6jligg\u00f6r en relativt h\u00f6g utdelning av forskningsunderst\u00f6d \u00e5rligen. Forskingsunderst\u00f6d Finska Vetenskaps-Societetens forskningsunderst\u00f6d kan s\u00f6kas inom naturvetenskapliga, biovetenskapliga, humanistiska och samh\u00e4llsvetenskapliga \u00e4mnen. Sohlbergska delegationen underst\u00f6der forskningsverksamhet inom geovetenskaperna (inkl. geografi) ang\u00e5ende naturf\u00f6rh\u00e5llandena i Finland och Norden. Delegationen beviljar [&hellip;]\" \/>\n<meta property=\"og:url\" content=\"https:\/\/scientiarum.fi\/en\/grants-and-prizes\/\" \/>\n<meta property=\"og:site_name\" content=\"The Finnish Society of Sciences And Letters\" \/>\n<meta property=\"article:publisher\" content=\"https:\/\/www.facebook.com\/societas.scientiarum\" \/>\n<meta property=\"article:modified_time\" content=\"2024-08-01T08:07:37+00:00\" \/>\n<meta name=\"twitter:card\" content=\"summary_large_image\" \/>\n<meta name=\"twitter:site\" content=\"@tiedeseura\" \/>\n<meta name=\"twitter:label1\" content=\"Est. reading time\" \/>\n\t<meta name=\"twitter:data1\" content=\"5 minutes\" \/>\n<script type=\"application\/ld+json\" class=\"yoast-schema-graph\">{\"@context\":\"https:\\\/\\\/schema.org\",\"@graph\":[{\"@type\":\"WebPage\",\"@id\":\"https:\\\/\\\/scientiarum.fi\\\/en\\\/grants-and-prizes\\\/\",\"url\":\"https:\\\/\\\/scientiarum.fi\\\/en\\\/grants-and-prizes\\\/\",\"name\":\"Grants and prizes - The Finnish Society of Sciences And Letters\",\"isPartOf\":{\"@id\":\"https:\\\/\\\/scientiarum.fi\\\/#website\"},\"datePublished\":\"2023-05-15T11:09:17+00:00\",\"dateModified\":\"2024-08-01T08:07:37+00:00\",\"breadcrumb\":{\"@id\":\"https:\\\/\\\/scientiarum.fi\\\/en\\\/grants-and-prizes\\\/#breadcrumb\"},\"inLanguage\":\"en-US\",\"potentialAction\":[{\"@type\":\"ReadAction\",\"target\":[\"https:\\\/\\\/scientiarum.fi\\\/en\\\/grants-and-prizes\\\/\"]}]},{\"@type\":\"BreadcrumbList\",\"@id\":\"https:\\\/\\\/scientiarum.fi\\\/en\\\/grants-and-prizes\\\/#breadcrumb\",\"itemListElement\":[{\"@type\":\"ListItem\",\"position\":1,\"name\":\"Home\",\"item\":\"https:\\\/\\\/scientiarum.fi\\\/\"},{\"@type\":\"ListItem\",\"position\":2,\"name\":\"Grants and prizes\"}]},{\"@type\":\"WebSite\",\"@id\":\"https:\\\/\\\/scientiarum.fi\\\/#website\",\"url\":\"https:\\\/\\\/scientiarum.fi\\\/\",\"name\":\"Finska Vetenskaps-Societeten\",\"description\":\"\",\"publisher\":{\"@id\":\"https:\\\/\\\/scientiarum.fi\\\/#organization\"},\"potentialAction\":[{\"@type\":\"SearchAction\",\"target\":{\"@type\":\"EntryPoint\",\"urlTemplate\":\"https:\\\/\\\/scientiarum.fi\\\/?s={search_term_string}\"},\"query-input\":{\"@type\":\"PropertyValueSpecification\",\"valueRequired\":true,\"valueName\":\"search_term_string\"}}],\"inLanguage\":\"en-US\"},{\"@type\":\"Organization\",\"@id\":\"https:\\\/\\\/scientiarum.fi\\\/#organization\",\"name\":\"Finska Vetenskaps-Societeten\",\"url\":\"https:\\\/\\\/scientiarum.fi\\\/\",\"logo\":{\"@type\":\"ImageObject\",\"inLanguage\":\"en-US\",\"@id\":\"https:\\\/\\\/scientiarum.fi\\\/#\\\/schema\\\/logo\\\/image\\\/\",\"url\":\"\",\"contentUrl\":\"\",\"caption\":\"Finska Vetenskaps-Societeten\"},\"image\":{\"@id\":\"https:\\\/\\\/scientiarum.fi\\\/#\\\/schema\\\/logo\\\/image\\\/\"},\"sameAs\":[\"https:\\\/\\\/www.facebook.com\\\/societas.scientiarum\",\"https:\\\/\\\/x.com\\\/tiedeseura\",\"https:\\\/\\\/www.linkedin.com\\\/company\\\/finska-vetenskaps-societeten-the-finnish-society-of-sciences-and-letters\\\/\"]}]}<\/script>\n<!-- \/ Yoast SEO plugin. -->","yoast_head_json":{"title":"Grants and prizes - The Finnish Society of Sciences And Letters","robots":{"index":"index","follow":"follow","max-snippet":"max-snippet:-1","max-image-preview":"max-image-preview:large","max-video-preview":"max-video-preview:-1"},"canonical":"https:\/\/scientiarum.fi\/en\/grants-and-prizes\/","og_locale":"en_US","og_type":"article","og_title":"Grants and prizes - The Finnish Society of Sciences And Letters","og_description":"Forskningsunderst\u00f6d och pris L\u00e4nk till det elektroniska stipendiesystemet Under \u00e5rens lopp har Finska Vetenskaps-Societeten erh\u00e5llit betydande donationer vilket m\u00f6jligg\u00f6r en relativt h\u00f6g utdelning av forskningsunderst\u00f6d \u00e5rligen. Forskingsunderst\u00f6d Finska Vetenskaps-Societetens forskningsunderst\u00f6d kan s\u00f6kas inom naturvetenskapliga, biovetenskapliga, humanistiska och samh\u00e4llsvetenskapliga \u00e4mnen. Sohlbergska delegationen underst\u00f6der forskningsverksamhet inom geovetenskaperna (inkl. geografi) ang\u00e5ende naturf\u00f6rh\u00e5llandena i Finland och Norden. Delegationen beviljar [&hellip;]","og_url":"https:\/\/scientiarum.fi\/en\/grants-and-prizes\/","og_site_name":"The Finnish Society of Sciences And Letters","article_publisher":"https:\/\/www.facebook.com\/societas.scientiarum","article_modified_time":"2024-08-01T08:07:37+00:00","twitter_card":"summary_large_image","twitter_site":"@tiedeseura","twitter_misc":{"Est. reading time":"5 minutes"},"schema":{"@context":"https:\/\/schema.org","@graph":[{"@type":"WebPage","@id":"https:\/\/scientiarum.fi\/en\/grants-and-prizes\/","url":"https:\/\/scientiarum.fi\/en\/grants-and-prizes\/","name":"Grants and prizes - The Finnish Society of Sciences And Letters","isPartOf":{"@id":"https:\/\/scientiarum.fi\/#website"},"datePublished":"2023-05-15T11:09:17+00:00","dateModified":"2024-08-01T08:07:37+00:00","breadcrumb":{"@id":"https:\/\/scientiarum.fi\/en\/grants-and-prizes\/#breadcrumb"},"inLanguage":"en-US","potentialAction":[{"@type":"ReadAction","target":["https:\/\/scientiarum.fi\/en\/grants-and-prizes\/"]}]},{"@type":"BreadcrumbList","@id":"https:\/\/scientiarum.fi\/en\/grants-and-prizes\/#breadcrumb","itemListElement":[{"@type":"ListItem","position":1,"name":"Home","item":"https:\/\/scientiarum.fi\/"},{"@type":"ListItem","position":2,"name":"Grants and prizes"}]},{"@type":"WebSite","@id":"https:\/\/scientiarum.fi\/#website","url":"https:\/\/scientiarum.fi\/","name":"Finska Vetenskaps-Societeten","description":"","publisher":{"@id":"https:\/\/scientiarum.fi\/#organization"},"potentialAction":[{"@type":"SearchAction","target":{"@type":"EntryPoint","urlTemplate":"https:\/\/scientiarum.fi\/?s={search_term_string}"},"query-input":{"@type":"PropertyValueSpecification","valueRequired":true,"valueName":"search_term_string"}}],"inLanguage":"en-US"},{"@type":"Organization","@id":"https:\/\/scientiarum.fi\/#organization","name":"Finska Vetenskaps-Societeten","url":"https:\/\/scientiarum.fi\/","logo":{"@type":"ImageObject","inLanguage":"en-US","@id":"https:\/\/scientiarum.fi\/#\/schema\/logo\/image\/","url":"","contentUrl":"","caption":"Finska Vetenskaps-Societeten"},"image":{"@id":"https:\/\/scientiarum.fi\/#\/schema\/logo\/image\/"},"sameAs":["https:\/\/www.facebook.com\/societas.scientiarum","https:\/\/x.com\/tiedeseura","https:\/\/www.linkedin.com\/company\/finska-vetenskaps-societeten-the-finnish-society-of-sciences-and-letters\/"]}]}},"_links":{"self":[{"href":"https:\/\/scientiarum.fi\/en\/wp-json\/wp\/v2\/pages\/1320","targetHints":{"allow":["GET"]}}],"collection":[{"href":"https:\/\/scientiarum.fi\/en\/wp-json\/wp\/v2\/pages"}],"about":[{"href":"https:\/\/scientiarum.fi\/en\/wp-json\/wp\/v2\/types\/page"}],"author":[{"embeddable":true,"href":"https:\/\/scientiarum.fi\/en\/wp-json\/wp\/v2\/users\/2"}],"replies":[{"embeddable":true,"href":"https:\/\/scientiarum.fi\/en\/wp-json\/wp\/v2\/comments?post=1320"}],"version-history":[{"count":6,"href":"https:\/\/scientiarum.fi\/en\/wp-json\/wp\/v2\/pages\/1320\/revisions"}],"predecessor-version":[{"id":5338,"href":"https:\/\/scientiarum.fi\/en\/wp-json\/wp\/v2\/pages\/1320\/revisions\/5338"}],"wp:attachment":[{"href":"https:\/\/scientiarum.fi\/en\/wp-json\/wp\/v2\/media?parent=1320"}],"curies":[{"name":"wp","href":"https:\/\/api.w.org\/{rel}","templated":true}]}}